{"id":303339,"date":"2018-09-28T11:55:50","date_gmt":"2018-09-28T10:55:50","guid":{"rendered":"https:\/\/www.purejewels.com\/?post_type=product&#038;p=303339"},"modified":"2026-01-10T16:15:29","modified_gmt":"2026-01-10T16:15:29","slug":"22-ayar-altin-kada-fantezi-modern-bileklik-2","status":"publish","type":"product","link":"https:\/\/www.purejewels.com\/tr\/product\/22ct-gold-kada-fancy-modern-bangle-2\/","title":{"rendered":"\u00c7ift Kaplamal\u0131 22 Ayar Alt\u0131n A\u00e7\u0131k Desenli Bilezikler"},"content":{"rendered":"<p><strong>Tasar\u0131m:<\/strong><\/p>\n<p>Bu bilezikler, modern a\u00e7\u0131k k\u0131vr\u0131ml\u0131 bir tasar\u0131ma sahiptir ve ak\u0131c\u0131 ve zarif bir siluet i\u00e7in s\u00fcrekli dalga benzeri halkalar olu\u015fturur. A\u00e7\u0131k yap\u0131, g\u00f6ze \u00e7arpan bir \u00e7ekicilik sa\u011flarken g\u00f6rsel hafifli\u011fi de art\u0131r\u0131r.<\/p>\n<p><strong>\u0130\u015f\u00e7ilik:<\/strong><\/p>\n<p>El yap\u0131m\u0131 <a href=\"https:\/\/www.purejewels.com\/tr\/product\/22ct-gold-jali-filigree-ring-jali-collection-31926\/\">22ct<\/a> Sar\u0131 alt\u0131n bilezikler, \u0131\u015f\u0131lt\u0131 i\u00e7in elmas kesim kaplamaya ve kontrast ve sofistike bir g\u00f6r\u00fcn\u00fcm i\u00e7in rodyum kaplamaya sahiptir. Parlak alt\u0131n ve mat g\u00fcm\u00fc\u015f tonlar\u0131n\u0131n kombinasyonu, l\u00fcks bir \u00e7ift tonlu g\u00f6r\u00fcn\u00fcm yarat\u0131r.<\/p>\n<p><strong>Stil:<\/strong><\/p>\n<p>Y\u0131\u011f\u0131nlamak veya tek ba\u015f\u0131na takmak i\u00e7in ideal olan bu bilezikler, \u015fenlikli giysiler ve \u00e7a\u011fda\u015f stil i\u00e7in yeterince \u00e7ok y\u00f6nl\u00fcd\u00fcr. A\u00e7\u0131k desen, g\u00fcnl\u00fck zarafete veya \u00f6zel g\u00fcnlerin ihti\u015fam\u0131na \u00e7ok yak\u0131\u015f\u0131r. Geleneksel teknik ve modern minimalizmin m\u00fckemmel bir birle\u015fimi.<\/p>","protected":false},"excerpt":{"rendered":"<p>Ak\u0131c\u0131 a\u00e7\u0131k k\u0131vr\u0131m desenli ve g\u00f6z al\u0131c\u0131 \u00e7ift tonlu rodyum detayl\u0131 zarif 22 ayar alt\u0131n bilezikler.<\/p>\n<ul>\n<li>22 Ayar Alt\u0131n Kada Fantezi Modern Bileklik<\/li>\n<li>Londra Tahlil Ofisi Taraf\u0131ndan Damgalanm\u0131\u015f 22 Ayar Alt\u0131n<\/li>\n<li>G\u00fcl alt\u0131n kaplama, rodyum kaplama, siyah rodyum ile<\/li>\n<li>SKU. 28155, A\u011f\u0131rl\u0131k 23,4 g<\/li>\n<li>Bileklik boyutu 2,6 in\u00e7<\/li>\n<li>Her boyutta sipari\u015f \u00fczerine yap\u0131labilir<\/li>\n<li>Sunum Kutusu ile Birlikte Gelir<\/li>\n<li>Teslimat Dahil<\/li>\n<li>T\u00fcm fiyatlara KDV dahildir<\/li>\n<li>\u00dcr\u00fcn\u00fcn canl\u0131 videosu i\u00e7in bize ula\u015f\u0131n \/ bizimle sohbet edin<\/li>\n<\/ul>","protected":false},"featured_media":303340,"comment_status":"closed","ping_status":"closed","template":"","meta":{"_eb_attr":"","_crsspst_to_jayantr4sg-hostcom":false},"product_brand":[],"product_cat":[1657],"product_tag":[],"class_list":{"0":"post-303339","1":"product","2":"type-product","3":"status-publish","4":"has-post-thumbnail","6":"product_cat-single-bangle","8":"first","9":"outofstock","10":"taxable","11":"shipping-taxable","12":"product-type-simple","13":"add-to-wishlist-before_image"},"yoast_head":"<!-- This site is optimized with the Yoast SEO plugin v27.3 - https:\/\/yoast.com\/product\/yoast-seo-wordpress\/ -->\n<title>22ct Gold Designer Bangles with Rhodium Accents | PureJewels<\/title>\n<meta name=\"description\" content=\"Shop these stylish 22ct gold bangles featuring an open scroll design with rhodium and diamond-cut detailing. Exclusive design at PureJewels UK.\" \/>\n<meta name=\"robots\" content=\"index, follow, max-snippet:-1, max-image-preview:large, max-video-preview:-1\" \/>\n<link rel=\"canonical\" href=\"https:\/\/www.purejewels.com\/tr\/urun\/22-ayar-altin-kada-fantezi-modern-bileklik-2\/\" \/>\n<meta property=\"og:locale\" content=\"tr_TR\" \/>\n<meta property=\"og:type\" content=\"article\" \/>\n<meta property=\"og:title\" content=\"22ct Gold Designer Bangles with Rhodium Accents | PureJewels\" \/>\n<meta property=\"og:description\" content=\"Shop these stylish 22ct gold bangles featuring an open scroll design with rhodium and diamond-cut detailing. Exclusive design at PureJewels UK.\" \/>\n<meta property=\"og:url\" content=\"https:\/\/www.purejewels.com\/tr\/urun\/22-ayar-altin-kada-fantezi-modern-bileklik-2\/\" \/>\n<meta property=\"og:site_name\" content=\"PureJewels UK\" \/>\n<meta property=\"article:modified_time\" content=\"2026-01-10T16:15:29+00:00\" \/>\n<meta property=\"og:image\" content=\"https:\/\/static.purejewels.com\/wp-content\/uploads\/2018\/09\/28155.png\" \/>\n\t<meta property=\"og:image:width\" content=\"1000\" \/>\n\t<meta property=\"og:image:height\" content=\"1000\" \/>\n\t<meta property=\"og:image:type\" content=\"image\/png\" \/>\n<meta name=\"twitter:card\" content=\"summary_large_image\" \/>\n<meta name=\"twitter:label1\" content=\"Tahmini okuma s\u00fcresi\" \/>\n\t<meta name=\"twitter:data1\" content=\"1 dakika\" \/>\n<script type=\"application\/ld+json\" class=\"yoast-schema-graph\">{\"@context\":\"https:\\\/\\\/schema.org\",\"@graph\":[{\"@type\":[\"WebPage\",\"ItemPage\"],\"@id\":\"https:\\\/\\\/www.purejewels.com\\\/product\\\/22ct-gold-kada-fancy-modern-bangle-2\\\/\",\"url\":\"https:\\\/\\\/www.purejewels.com\\\/product\\\/22ct-gold-kada-fancy-modern-bangle-2\\\/\",\"name\":\"22ct Gold Designer Bangles with Rhodium Accents | PureJewels\",\"isPartOf\":{\"@id\":\"https:\\\/\\\/www.purejewels.com\\\/#website\"},\"primaryImageOfPage\":{\"@id\":\"https:\\\/\\\/www.purejewels.com\\\/product\\\/22ct-gold-kada-fancy-modern-bangle-2\\\/#primaryimage\"},\"image\":{\"@id\":\"https:\\\/\\\/www.purejewels.com\\\/product\\\/22ct-gold-kada-fancy-modern-bangle-2\\\/#primaryimage\"},\"thumbnailUrl\":\"https:\\\/\\\/static.purejewels.com\\\/wp-content\\\/uploads\\\/2018\\\/09\\\/28155.png\",\"datePublished\":\"2018-09-28T10:55:50+00:00\",\"dateModified\":\"2026-01-10T16:15:29+00:00\",\"description\":\"Shop these stylish 22ct gold bangles featuring an open scroll design with rhodium and diamond-cut detailing. Exclusive design at PureJewels UK.\",\"breadcrumb\":{\"@id\":\"https:\\\/\\\/www.purejewels.com\\\/product\\\/22ct-gold-kada-fancy-modern-bangle-2\\\/#breadcrumb\"},\"inLanguage\":\"tr\",\"potentialAction\":[{\"@type\":\"ReadAction\",\"target\":[\"https:\\\/\\\/www.purejewels.com\\\/product\\\/22ct-gold-kada-fancy-modern-bangle-2\\\/\"]}]},{\"@type\":\"ImageObject\",\"inLanguage\":\"tr\",\"@id\":\"https:\\\/\\\/www.purejewels.com\\\/product\\\/22ct-gold-kada-fancy-modern-bangle-2\\\/#primaryimage\",\"url\":\"https:\\\/\\\/static.purejewels.com\\\/wp-content\\\/uploads\\\/2018\\\/09\\\/28155.png\",\"contentUrl\":\"https:\\\/\\\/static.purejewels.com\\\/wp-content\\\/uploads\\\/2018\\\/09\\\/28155.png\",\"width\":1000,\"height\":1000,\"caption\":\"28155\"},{\"@type\":\"BreadcrumbList\",\"@id\":\"https:\\\/\\\/www.purejewels.com\\\/product\\\/22ct-gold-kada-fancy-modern-bangle-2\\\/#breadcrumb\",\"itemListElement\":[{\"@type\":\"ListItem\",\"position\":1,\"name\":\"Home\",\"item\":\"https:\\\/\\\/www.purejewels.com\\\/\"},{\"@type\":\"ListItem\",\"position\":2,\"name\":\"Shop\",\"item\":\"https:\\\/\\\/www.purejewels.com\\\/shop\\\/\"},{\"@type\":\"ListItem\",\"position\":3,\"name\":\"22ct Gold Open Pattern Bangles with Dual Finish\"}]},{\"@type\":\"WebSite\",\"@id\":\"https:\\\/\\\/www.purejewels.com\\\/#website\",\"url\":\"https:\\\/\\\/www.purejewels.com\\\/\",\"name\":\"PureJewels UK\",\"description\":\"Share the Love\",\"publisher\":{\"@id\":\"https:\\\/\\\/www.purejewels.com\\\/#organization\"},\"potentialAction\":[{\"@type\":\"SearchAction\",\"target\":{\"@type\":\"EntryPoint\",\"urlTemplate\":\"https:\\\/\\\/www.purejewels.com\\\/?s={search_term_string}\"},\"query-input\":{\"@type\":\"PropertyValueSpecification\",\"valueRequired\":true,\"valueName\":\"search_term_string\"}}],\"inLanguage\":\"tr\"},{\"@type\":\"Organization\",\"@id\":\"https:\\\/\\\/www.purejewels.com\\\/#organization\",\"name\":\"PureJewels UK\",\"url\":\"https:\\\/\\\/www.purejewels.com\\\/\",\"logo\":{\"@type\":\"ImageObject\",\"inLanguage\":\"tr\",\"@id\":\"https:\\\/\\\/www.purejewels.com\\\/#\\\/schema\\\/logo\\\/image\\\/\",\"url\":\"https:\\\/\\\/static.purejewels.com\\\/wp-content\\\/uploads\\\/2020\\\/11\\\/Logo-PJ-New-1.png\",\"contentUrl\":\"https:\\\/\\\/static.purejewels.com\\\/wp-content\\\/uploads\\\/2020\\\/11\\\/Logo-PJ-New-1.png\",\"width\":150,\"height\":80,\"caption\":\"PureJewels UK\"},\"image\":{\"@id\":\"https:\\\/\\\/www.purejewels.com\\\/#\\\/schema\\\/logo\\\/image\\\/\"}}]}<\/script>\n<!-- \/ Yoast SEO plugin. -->","yoast_head_json":{"title":"Rodyum Detayl\u0131 22 Ayar Alt\u0131n Tasar\u0131mc\u0131 Bilezikler | PureJewels","description":"Rodyum ve elmas kesim detaylara sahip a\u00e7\u0131k k\u0131vr\u0131ml\u0131 tasar\u0131ma sahip bu \u015f\u0131k 22 ayar alt\u0131n bilezikleri sat\u0131n al\u0131n. PureJewels UK'ye \u00f6zel tasar\u0131m.","robots":{"index":"index","follow":"follow","max-snippet":"max-snippet:-1","max-image-preview":"max-image-preview:large","max-video-preview":"max-video-preview:-1"},"canonical":"https:\/\/www.purejewels.com\/tr\/urun\/22-ayar-altin-kada-fantezi-modern-bileklik-2\/","og_locale":"tr_TR","og_type":"article","og_title":"22ct Gold Designer Bangles with Rhodium Accents | PureJewels","og_description":"Shop these stylish 22ct gold bangles featuring an open scroll design with rhodium and diamond-cut detailing. Exclusive design at PureJewels UK.","og_url":"https:\/\/www.purejewels.com\/tr\/urun\/22-ayar-altin-kada-fantezi-modern-bileklik-2\/","og_site_name":"PureJewels UK","article_modified_time":"2026-01-10T16:15:29+00:00","og_image":[{"width":1000,"height":1000,"url":"https:\/\/static.purejewels.com\/wp-content\/uploads\/2018\/09\/28155.png","type":"image\/png"}],"twitter_card":"summary_large_image","twitter_misc":{"Tahmini okuma s\u00fcresi":"1 dakika"},"schema":{"@context":"https:\/\/schema.org","@graph":[{"@type":["WebPage","ItemPage"],"@id":"https:\/\/www.purejewels.com\/product\/22ct-gold-kada-fancy-modern-bangle-2\/","url":"https:\/\/www.purejewels.com\/product\/22ct-gold-kada-fancy-modern-bangle-2\/","name":"Rodyum Detayl\u0131 22 Ayar Alt\u0131n Tasar\u0131mc\u0131 Bilezikler | PureJewels","isPartOf":{"@id":"https:\/\/www.purejewels.com\/#website"},"primaryImageOfPage":{"@id":"https:\/\/www.purejewels.com\/product\/22ct-gold-kada-fancy-modern-bangle-2\/#primaryimage"},"image":{"@id":"https:\/\/www.purejewels.com\/product\/22ct-gold-kada-fancy-modern-bangle-2\/#primaryimage"},"thumbnailUrl":"https:\/\/static.purejewels.com\/wp-content\/uploads\/2018\/09\/28155.png","datePublished":"2018-09-28T10:55:50+00:00","dateModified":"2026-01-10T16:15:29+00:00","description":"Rodyum ve elmas kesim detaylara sahip a\u00e7\u0131k k\u0131vr\u0131ml\u0131 tasar\u0131ma sahip bu \u015f\u0131k 22 ayar alt\u0131n bilezikleri sat\u0131n al\u0131n. PureJewels UK'ye \u00f6zel tasar\u0131m.","breadcrumb":{"@id":"https:\/\/www.purejewels.com\/product\/22ct-gold-kada-fancy-modern-bangle-2\/#breadcrumb"},"inLanguage":"tr","potentialAction":[{"@type":"ReadAction","target":["https:\/\/www.purejewels.com\/product\/22ct-gold-kada-fancy-modern-bangle-2\/"]}]},{"@type":"ImageObject","inLanguage":"tr","@id":"https:\/\/www.purejewels.com\/product\/22ct-gold-kada-fancy-modern-bangle-2\/#primaryimage","url":"https:\/\/static.purejewels.com\/wp-content\/uploads\/2018\/09\/28155.png","contentUrl":"https:\/\/static.purejewels.com\/wp-content\/uploads\/2018\/09\/28155.png","width":1000,"height":1000,"caption":"28155"},{"@type":"BreadcrumbList","@id":"https:\/\/www.purejewels.com\/product\/22ct-gold-kada-fancy-modern-bangle-2\/#breadcrumb","itemListElement":[{"@type":"ListItem","position":1,"name":"Home","item":"https:\/\/www.purejewels.com\/"},{"@type":"ListItem","position":2,"name":"Shop","item":"https:\/\/www.purejewels.com\/shop\/"},{"@type":"ListItem","position":3,"name":"22ct Gold Open Pattern Bangles with Dual Finish"}]},{"@type":"WebSite","@id":"https:\/\/www.purejewels.com\/#website","url":"https:\/\/www.purejewels.com\/","name":"PureJewels \u0130ngiltere","description":"Sevgiyi Payla\u015f\u0131n","publisher":{"@id":"https:\/\/www.purejewels.com\/#organization"},"potentialAction":[{"@type":"SearchAction","target":{"@type":"EntryPoint","urlTemplate":"https:\/\/www.purejewels.com\/?s={search_term_string}"},"query-input":{"@type":"PropertyValueSpecification","valueRequired":true,"valueName":"search_term_string"}}],"inLanguage":"tr"},{"@type":"Organization","@id":"https:\/\/www.purejewels.com\/#organization","name":"PureJewels \u0130ngiltere","url":"https:\/\/www.purejewels.com\/","logo":{"@type":"ImageObject","inLanguage":"tr","@id":"https:\/\/www.purejewels.com\/#\/schema\/logo\/image\/","url":"https:\/\/static.purejewels.com\/wp-content\/uploads\/2020\/11\/Logo-PJ-New-1.png","contentUrl":"https:\/\/static.purejewels.com\/wp-content\/uploads\/2020\/11\/Logo-PJ-New-1.png","width":150,"height":80,"caption":"PureJewels UK"},"image":{"@id":"https:\/\/www.purejewels.com\/#\/schema\/logo\/image\/"}}]}},"_links":{"self":[{"href":"https:\/\/www.purejewels.com\/tr\/wp-json\/wp\/v2\/product\/303339","targetHints":{"allow":["GET"]}}],"collection":[{"href":"https:\/\/www.purejewels.com\/tr\/wp-json\/wp\/v2\/product"}],"about":[{"href":"https:\/\/www.purejewels.com\/tr\/wp-json\/wp\/v2\/types\/product"}],"replies":[{"embeddable":true,"href":"https:\/\/www.purejewels.com\/tr\/wp-json\/wp\/v2\/comments?post=303339"}],"version-history":[{"count":2,"href":"https:\/\/www.purejewels.com\/tr\/wp-json\/wp\/v2\/product\/303339\/revisions"}],"predecessor-version":[{"id":423870,"href":"https:\/\/www.purejewels.com\/tr\/wp-json\/wp\/v2\/product\/303339\/revisions\/423870"}],"wp:featuredmedia":[{"embeddable":true,"href":"https:\/\/www.purejewels.com\/tr\/wp-json\/wp\/v2\/media\/303340"}],"wp:attachment":[{"href":"https:\/\/www.purejewels.com\/tr\/wp-json\/wp\/v2\/media?parent=303339"}],"wp:term":[{"taxonomy":"product_brand","embeddable":true,"href":"https:\/\/www.purejewels.com\/tr\/wp-json\/wp\/v2\/product_brand?post=303339"},{"taxonomy":"product_cat","embeddable":true,"href":"https:\/\/www.purejewels.com\/tr\/wp-json\/wp\/v2\/product_cat?post=303339"},{"taxonomy":"product_tag","embeddable":true,"href":"https:\/\/www.purejewels.com\/tr\/wp-json\/wp\/v2\/product_tag?post=303339"}],"curies":[{"name":"wp","href":"https:\/\/api.w.org\/{rel}","templated":true}]}}