{"id":303343,"date":"2018-09-28T12:03:06","date_gmt":"2018-09-28T11:03:06","guid":{"rendered":"https:\/\/www.purejewels.com\/?post_type=product&#038;p=303343"},"modified":"2026-04-08T05:20:52","modified_gmt":"2026-04-08T04:20:52","slug":"22-ayar-altin-bileklik-13","status":"publish","type":"product","link":"https:\/\/www.purejewels.com\/tr\/product\/22ct-gold-bangle-13\/","title":{"rendered":"22 Ayar Alt\u0131n Desenli Kenar Bileklik \u00c7ift Kad\u0131n | 2.6 Beden"},"content":{"rendered":"<p><strong>Tasar\u0131m Konsepti<\/strong><\/p>\n<p>Desenli Kenar Bileklik \u00c7ifti, ritmik simetri ve modern geometriden esinlenmi\u015ftir. Dokulu kenarlar\u0131n ve yontulmu\u015f formlar\u0131n etkile\u015fimi, ince bir cesaret ve zarif bir zarafet aras\u0131nda uyumlu bir denge yarat\u0131r. I\u015f\u0131\u011f\u0131 nazik hareketlerle yans\u0131tacak \u015fekilde tasarlanan bu bileklikler, zamans\u0131z bir siluete \u00e7a\u011fda\u015f bir hava kat\u0131yor.<\/p>\n<p><strong>Zanaatkarl\u0131k<\/strong><\/p>\n<p>22 ayar alt\u0131ndan titizlikle \u00fcretilen her bir bileklik, ince dokular ve kontrast y\u00fczeylerle zenginle\u015ftirilmi\u015f kenarlar\u0131 boyunca hassas detaylar sergiler. Karma\u015f\u0131k desen \u00e7al\u0131\u015fmas\u0131, derinlik ve boyut yaratmak i\u00e7in \u00f6zenle uygulan\u0131rken konfor i\u00e7in p\u00fcr\u00fczs\u00fcz bir i\u00e7 y\u00fczey sa\u011flar. Safl\u0131k damgal\u0131 bu bilezikler PureJewels'in kaliteye ve kal\u0131c\u0131 i\u015f\u00e7ili\u011fe olan ba\u011fl\u0131l\u0131\u011f\u0131n\u0131 somutla\u015ft\u0131rmaktad\u0131r.<\/p>\n<p><strong>Stil Fikirleri<\/strong><\/p>\n<p>\u00c7ok y\u00f6nl\u00fc ve zahmetsizce zarif olan bu \u00e7ift, farkl\u0131 ortamlarda sorunsuzca ge\u00e7i\u015f yapar:<\/p>\n<ul>\n<li>Temiz ve g\u00f6steri\u015fli bir g\u00fcnl\u00fck g\u00f6r\u00fcn\u00fcm i\u00e7in tek ba\u015f\u0131na kullan\u0131n<\/li>\n<li>Daha fazla doku ve boyut i\u00e7in d\u00fcz alt\u0131n bileziklerle istifleyin<\/li>\n<li>Dengeli, modern bir \u00e7ekicilik i\u00e7in hem \u00e7a\u011fda\u015f hem de geleneksel k\u0131yafetlerle e\u015fle\u015ftirin<\/li>\n<li>Hediye etmek i\u00e7in veya her m\u00fccevher koleksiyonunu tamamlayan ki\u015fisel bir temel olarak idealdir<\/li>\n<\/ul>","protected":false},"excerpt":{"rendered":"<p>Parlak 22 ayar alt\u0131ndan \u00fcretilen bu desenli kenar bileklik \u00e7ifti, ince geometrik vurgularla ince dokulu detaylara sahiptir. Zarif ve \u00e7ok y\u00f6nl\u00fc olan bu bileklikler, g\u00fcnl\u00fck giyime zarif bir dokunu\u015f katmak i\u00e7in m\u00fckemmeldir.<\/p>\n<ul>\n<li style=\"list-style-type: none;\">\n<ul>\n<li>22 Ayar Alt\u0131n G\u00fcnl\u00fck Giyim Bileklik<\/li>\n<li>Londra Tahlil Ofisi Taraf\u0131ndan Damgalanm\u0131\u015f 22 Ayar Alt\u0131n<\/li>\n<li>Siyah rodyum kaplama ile<\/li>\n<li>SKU. 28158 A\u011f\u0131rl\u0131k. 13,3 gms<\/li>\n<li>SKU. 28159 A\u011f\u0131rl\u0131k. 13,4 gms<\/li>\n<li>Bileklik boyutu 2,6 in\u00e7<\/li>\n<li>Her boyutta sipari\u015f \u00fczerine yap\u0131labilir<\/li>\n<\/ul>\n<\/li>\n<\/ul>\n<p>&nbsp;<\/p>\n<p>&nbsp;<\/p>","protected":false},"featured_media":303344,"comment_status":"closed","ping_status":"closed","template":"","meta":{"_eb_attr":"","_crsspst_to_jayantr4sg-hostcom":false},"product_brand":[],"product_cat":[1658],"product_tag":[],"class_list":{"0":"post-303343","1":"product","2":"type-product","3":"status-publish","4":"has-post-thumbnail","6":"product_cat-bangle-sets","8":"first","9":"outofstock","10":"taxable","11":"shipping-taxable","12":"product-type-simple","13":"add-to-wishlist-before_image"},"yoast_head":"<!-- This site is optimized with the Yoast SEO plugin v27.3 - https:\/\/yoast.com\/product\/yoast-seo-wordpress\/ -->\n<title>22ct Gold Designer Bangle Pair Pattern Size 2.6 | PureJewels UK<\/title>\n<meta name=\"description\" content=\"Shop a pair of 22ct gold bangles featuring engraved patterns and geometric accents. Handcrafted and UK hallmarked for purity.\" \/>\n<meta name=\"robots\" content=\"index, follow, max-snippet:-1, max-image-preview:large, max-video-preview:-1\" \/>\n<link rel=\"canonical\" href=\"https:\/\/www.purejewels.com\/tr\/urun\/22-ayar-altin-bileklik-13\/\" \/>\n<meta property=\"og:locale\" content=\"tr_TR\" \/>\n<meta property=\"og:type\" content=\"article\" \/>\n<meta property=\"og:title\" content=\"22ct Gold Designer Bangle Pair Pattern Size 2.6 | PureJewels UK\" \/>\n<meta property=\"og:description\" content=\"Shop a pair of 22ct gold bangles featuring engraved patterns and geometric accents. Handcrafted and UK hallmarked for purity.\" \/>\n<meta property=\"og:url\" content=\"https:\/\/www.purejewels.com\/tr\/urun\/22-ayar-altin-bileklik-13\/\" \/>\n<meta property=\"og:site_name\" content=\"PureJewels UK\" \/>\n<meta property=\"article:modified_time\" content=\"2026-04-08T04:20:52+00:00\" \/>\n<meta property=\"og:image\" content=\"https:\/\/static.purejewels.com\/wp-content\/uploads\/2018\/09\/28158-28159.png\" \/>\n\t<meta property=\"og:image:width\" content=\"1000\" \/>\n\t<meta property=\"og:image:height\" content=\"1000\" \/>\n\t<meta property=\"og:image:type\" content=\"image\/png\" \/>\n<meta name=\"twitter:card\" content=\"summary_large_image\" \/>\n<meta name=\"twitter:label1\" content=\"Tahmini okuma s\u00fcresi\" \/>\n\t<meta name=\"twitter:data1\" content=\"1 dakika\" \/>\n<script type=\"application\/ld+json\" class=\"yoast-schema-graph\">{\"@context\":\"https:\\\/\\\/schema.org\",\"@graph\":[{\"@type\":[\"WebPage\",\"ItemPage\"],\"@id\":\"https:\\\/\\\/www.purejewels.com\\\/product\\\/22ct-gold-bangle-13\\\/\",\"url\":\"https:\\\/\\\/www.purejewels.com\\\/product\\\/22ct-gold-bangle-13\\\/\",\"name\":\"22ct Gold Designer Bangle Pair Pattern Size 2.6 | PureJewels UK\",\"isPartOf\":{\"@id\":\"https:\\\/\\\/www.purejewels.com\\\/#website\"},\"primaryImageOfPage\":{\"@id\":\"https:\\\/\\\/www.purejewels.com\\\/product\\\/22ct-gold-bangle-13\\\/#primaryimage\"},\"image\":{\"@id\":\"https:\\\/\\\/www.purejewels.com\\\/product\\\/22ct-gold-bangle-13\\\/#primaryimage\"},\"thumbnailUrl\":\"https:\\\/\\\/static.purejewels.com\\\/wp-content\\\/uploads\\\/2018\\\/09\\\/28158-28159.png\",\"datePublished\":\"2018-09-28T11:03:06+00:00\",\"dateModified\":\"2026-04-08T04:20:52+00:00\",\"description\":\"Shop a pair of 22ct gold bangles featuring engraved patterns and geometric accents. Handcrafted and UK hallmarked for purity.\",\"breadcrumb\":{\"@id\":\"https:\\\/\\\/www.purejewels.com\\\/product\\\/22ct-gold-bangle-13\\\/#breadcrumb\"},\"inLanguage\":\"tr\",\"potentialAction\":[{\"@type\":\"ReadAction\",\"target\":[\"https:\\\/\\\/www.purejewels.com\\\/product\\\/22ct-gold-bangle-13\\\/\"]}]},{\"@type\":\"ImageObject\",\"inLanguage\":\"tr\",\"@id\":\"https:\\\/\\\/www.purejewels.com\\\/product\\\/22ct-gold-bangle-13\\\/#primaryimage\",\"url\":\"https:\\\/\\\/static.purejewels.com\\\/wp-content\\\/uploads\\\/2018\\\/09\\\/28158-28159.png\",\"contentUrl\":\"https:\\\/\\\/static.purejewels.com\\\/wp-content\\\/uploads\\\/2018\\\/09\\\/28158-28159.png\",\"width\":1000,\"height\":1000,\"caption\":\"22ct Gold Bangle set 28158-28159\"},{\"@type\":\"BreadcrumbList\",\"@id\":\"https:\\\/\\\/www.purejewels.com\\\/product\\\/22ct-gold-bangle-13\\\/#breadcrumb\",\"itemListElement\":[{\"@type\":\"ListItem\",\"position\":1,\"name\":\"Home\",\"item\":\"https:\\\/\\\/www.purejewels.com\\\/\"},{\"@type\":\"ListItem\",\"position\":2,\"name\":\"Shop\",\"item\":\"https:\\\/\\\/www.purejewels.com\\\/shop\\\/\"},{\"@type\":\"ListItem\",\"position\":3,\"name\":\"22ct Gold Patterned Edge Bangle Pair for Women&#8217;s | Size 2.6\"}]},{\"@type\":\"WebSite\",\"@id\":\"https:\\\/\\\/www.purejewels.com\\\/#website\",\"url\":\"https:\\\/\\\/www.purejewels.com\\\/\",\"name\":\"PureJewels UK\",\"description\":\"Share the Love\",\"publisher\":{\"@id\":\"https:\\\/\\\/www.purejewels.com\\\/#organization\"},\"potentialAction\":[{\"@type\":\"SearchAction\",\"target\":{\"@type\":\"EntryPoint\",\"urlTemplate\":\"https:\\\/\\\/www.purejewels.com\\\/?s={search_term_string}\"},\"query-input\":{\"@type\":\"PropertyValueSpecification\",\"valueRequired\":true,\"valueName\":\"search_term_string\"}}],\"inLanguage\":\"tr\"},{\"@type\":\"Organization\",\"@id\":\"https:\\\/\\\/www.purejewels.com\\\/#organization\",\"name\":\"PureJewels UK\",\"url\":\"https:\\\/\\\/www.purejewels.com\\\/\",\"logo\":{\"@type\":\"ImageObject\",\"inLanguage\":\"tr\",\"@id\":\"https:\\\/\\\/www.purejewels.com\\\/#\\\/schema\\\/logo\\\/image\\\/\",\"url\":\"https:\\\/\\\/static.purejewels.com\\\/wp-content\\\/uploads\\\/2020\\\/11\\\/Logo-PJ-New-1.png\",\"contentUrl\":\"https:\\\/\\\/static.purejewels.com\\\/wp-content\\\/uploads\\\/2020\\\/11\\\/Logo-PJ-New-1.png\",\"width\":150,\"height\":80,\"caption\":\"PureJewels UK\"},\"image\":{\"@id\":\"https:\\\/\\\/www.purejewels.com\\\/#\\\/schema\\\/logo\\\/image\\\/\"}}]}<\/script>\n<!-- \/ Yoast SEO plugin. -->","yoast_head_json":{"title":"22 Ayar Alt\u0131n Tasar\u0131mc\u0131 Bileklik \u00c7ift Desen Beden 2.6 | PureJewels UK","description":"Oymal\u0131 desenlere ve geometrik vurgulara sahip bir \u00e7ift 22 ayar alt\u0131n bilezik sat\u0131n al\u0131n. El yap\u0131m\u0131 ve safl\u0131k i\u00e7in \u0130ngiltere damgal\u0131.","robots":{"index":"index","follow":"follow","max-snippet":"max-snippet:-1","max-image-preview":"max-image-preview:large","max-video-preview":"max-video-preview:-1"},"canonical":"https:\/\/www.purejewels.com\/tr\/urun\/22-ayar-altin-bileklik-13\/","og_locale":"tr_TR","og_type":"article","og_title":"22ct Gold Designer Bangle Pair Pattern Size 2.6 | PureJewels UK","og_description":"Shop a pair of 22ct gold bangles featuring engraved patterns and geometric accents. Handcrafted and UK hallmarked for purity.","og_url":"https:\/\/www.purejewels.com\/tr\/urun\/22-ayar-altin-bileklik-13\/","og_site_name":"PureJewels UK","article_modified_time":"2026-04-08T04:20:52+00:00","og_image":[{"width":1000,"height":1000,"url":"https:\/\/static.purejewels.com\/wp-content\/uploads\/2018\/09\/28158-28159.png","type":"image\/png"}],"twitter_card":"summary_large_image","twitter_misc":{"Tahmini okuma s\u00fcresi":"1 dakika"},"schema":{"@context":"https:\/\/schema.org","@graph":[{"@type":["WebPage","ItemPage"],"@id":"https:\/\/www.purejewels.com\/product\/22ct-gold-bangle-13\/","url":"https:\/\/www.purejewels.com\/product\/22ct-gold-bangle-13\/","name":"22 Ayar Alt\u0131n Tasar\u0131mc\u0131 Bileklik \u00c7ift Desen Beden 2.6 | PureJewels UK","isPartOf":{"@id":"https:\/\/www.purejewels.com\/#website"},"primaryImageOfPage":{"@id":"https:\/\/www.purejewels.com\/product\/22ct-gold-bangle-13\/#primaryimage"},"image":{"@id":"https:\/\/www.purejewels.com\/product\/22ct-gold-bangle-13\/#primaryimage"},"thumbnailUrl":"https:\/\/static.purejewels.com\/wp-content\/uploads\/2018\/09\/28158-28159.png","datePublished":"2018-09-28T11:03:06+00:00","dateModified":"2026-04-08T04:20:52+00:00","description":"Oymal\u0131 desenlere ve geometrik vurgulara sahip bir \u00e7ift 22 ayar alt\u0131n bilezik sat\u0131n al\u0131n. El yap\u0131m\u0131 ve safl\u0131k i\u00e7in \u0130ngiltere damgal\u0131.","breadcrumb":{"@id":"https:\/\/www.purejewels.com\/product\/22ct-gold-bangle-13\/#breadcrumb"},"inLanguage":"tr","potentialAction":[{"@type":"ReadAction","target":["https:\/\/www.purejewels.com\/product\/22ct-gold-bangle-13\/"]}]},{"@type":"ImageObject","inLanguage":"tr","@id":"https:\/\/www.purejewels.com\/product\/22ct-gold-bangle-13\/#primaryimage","url":"https:\/\/static.purejewels.com\/wp-content\/uploads\/2018\/09\/28158-28159.png","contentUrl":"https:\/\/static.purejewels.com\/wp-content\/uploads\/2018\/09\/28158-28159.png","width":1000,"height":1000,"caption":"22ct Gold Bangle set 28158-28159"},{"@type":"BreadcrumbList","@id":"https:\/\/www.purejewels.com\/product\/22ct-gold-bangle-13\/#breadcrumb","itemListElement":[{"@type":"ListItem","position":1,"name":"Home","item":"https:\/\/www.purejewels.com\/"},{"@type":"ListItem","position":2,"name":"Shop","item":"https:\/\/www.purejewels.com\/shop\/"},{"@type":"ListItem","position":3,"name":"22ct Gold Patterned Edge Bangle Pair for Women&#8217;s | Size 2.6"}]},{"@type":"WebSite","@id":"https:\/\/www.purejewels.com\/#website","url":"https:\/\/www.purejewels.com\/","name":"PureJewels \u0130ngiltere","description":"Sevgiyi Payla\u015f\u0131n","publisher":{"@id":"https:\/\/www.purejewels.com\/#organization"},"potentialAction":[{"@type":"SearchAction","target":{"@type":"EntryPoint","urlTemplate":"https:\/\/www.purejewels.com\/?s={search_term_string}"},"query-input":{"@type":"PropertyValueSpecification","valueRequired":true,"valueName":"search_term_string"}}],"inLanguage":"tr"},{"@type":"Organization","@id":"https:\/\/www.purejewels.com\/#organization","name":"PureJewels \u0130ngiltere","url":"https:\/\/www.purejewels.com\/","logo":{"@type":"ImageObject","inLanguage":"tr","@id":"https:\/\/www.purejewels.com\/#\/schema\/logo\/image\/","url":"https:\/\/static.purejewels.com\/wp-content\/uploads\/2020\/11\/Logo-PJ-New-1.png","contentUrl":"https:\/\/static.purejewels.com\/wp-content\/uploads\/2020\/11\/Logo-PJ-New-1.png","width":150,"height":80,"caption":"PureJewels UK"},"image":{"@id":"https:\/\/www.purejewels.com\/#\/schema\/logo\/image\/"}}]}},"_links":{"self":[{"href":"https:\/\/www.purejewels.com\/tr\/wp-json\/wp\/v2\/product\/303343","targetHints":{"allow":["GET"]}}],"collection":[{"href":"https:\/\/www.purejewels.com\/tr\/wp-json\/wp\/v2\/product"}],"about":[{"href":"https:\/\/www.purejewels.com\/tr\/wp-json\/wp\/v2\/types\/product"}],"replies":[{"embeddable":true,"href":"https:\/\/www.purejewels.com\/tr\/wp-json\/wp\/v2\/comments?post=303343"}],"version-history":[{"count":4,"href":"https:\/\/www.purejewels.com\/tr\/wp-json\/wp\/v2\/product\/303343\/revisions"}],"predecessor-version":[{"id":428180,"href":"https:\/\/www.purejewels.com\/tr\/wp-json\/wp\/v2\/product\/303343\/revisions\/428180"}],"wp:featuredmedia":[{"embeddable":true,"href":"https:\/\/www.purejewels.com\/tr\/wp-json\/wp\/v2\/media\/303344"}],"wp:attachment":[{"href":"https:\/\/www.purejewels.com\/tr\/wp-json\/wp\/v2\/media?parent=303343"}],"wp:term":[{"taxonomy":"product_brand","embeddable":true,"href":"https:\/\/www.purejewels.com\/tr\/wp-json\/wp\/v2\/product_brand?post=303343"},{"taxonomy":"product_cat","embeddable":true,"href":"https:\/\/www.purejewels.com\/tr\/wp-json\/wp\/v2\/product_cat?post=303343"},{"taxonomy":"product_tag","embeddable":true,"href":"https:\/\/www.purejewels.com\/tr\/wp-json\/wp\/v2\/product_tag?post=303343"}],"curies":[{"name":"wp","href":"https:\/\/api.w.org\/{rel}","templated":true}]}}