{"id":303352,"date":"2018-10-03T07:38:31","date_gmt":"2018-10-03T06:38:31","guid":{"rendered":"https:\/\/www.purejewels.com\/?post_type=product&#038;p=303352"},"modified":"2024-09-11T05:43:38","modified_gmt":"2024-09-11T04:43:38","slug":"anusha-22-ayar-altin-zincir","status":"publish","type":"product","link":"https:\/\/www.purejewels.com\/tr\/product\/anusha-22ct-gold-chain\/","title":{"rendered":"Alt\u0131n Boncuk Tasar\u0131ml\u0131 Anusha 22 Ayar Alt\u0131n Gelin Zinciri 16 \u0130n\u00e7"},"content":{"rendered":"<p>Karma\u015f\u0131k bir \u015fekilde detayland\u0131r\u0131lm\u0131\u015f metal boncuklar, bu kolyedeki gibi g\u00fczel bir siluet veya bir \"mala\" olu\u015fturmak \u00fczere \u00f6r\u00fcld\u00fc\u011f\u00fcnde veya birbirine ba\u011fland\u0131\u011f\u0131nda, Hindistan'da geleneksel olarak \"matar mala\" olarak bilinir. Matar Malalar s\u00fcsl\u00fc boncuklu <a href=\"https:\/\/www.purejewels.com\/tr\/product-category\/22ct-gold-jewellery\/gold-chains\/\">Zincirler<\/a> G\u00f6r\u00fcn\u00fcm\u00fc hafif tutmak ama yine de bir a\u00e7\u0131klama yapmak i\u00e7in ba\u011f\u0131ms\u0131z olarak giyilen ve di\u011ferleriyle katmanlar halinde giyilen <a href=\"https:\/\/www.purejewels.com\/tr\/product-category\/22ct-gold-jewellery\/gold-necklaces\/\">KOLYELER<\/a> a\u011f\u0131r ve abart\u0131l\u0131 g\u00f6r\u00fcn\u00fcmler yaratmak i\u00e7in.<\/p>\n<p>Bu \u00f6zel <a href=\"https:\/\/www.purejewels.com\/tr\/product\/22ct-gold-pretty-ladies-bracelet-7-inches-42354\/\">alt\u0131n boncuklar<\/a> Purejewels'in zincir tasar\u0131m\u0131, Hindistan'daki Karigarlar\u0131m\u0131z taraf\u0131ndan s\u0131f\u0131rdan elle g\u00fczelce i\u015flenmi\u015ftir. Zincirdeki her bir s\u00fcsl\u00fc boncuk saf 22K alt\u0131ndan oyulmu\u015f ve etraflar\u0131nda geleneksel lotus g\u00f6r\u00fcn\u00fcml\u00fc desenler olu\u015fturmak i\u00e7in elle yontulmu\u015f ve bu g\u00fczel kolyeyi olu\u015fturmak i\u00e7in elle d\u00f6v\u00fclm\u00fc\u015f tellerle daha da hassas bir \u015fekilde ba\u011flanm\u0131\u015ft\u0131r. Bu gelin zincirini bayram g\u00fcnlerinde westernleriniz, kurtalar\u0131n\u0131z veya sarilerinizle rahat\u00e7a stilize edin ya da geleneksel k\u0131yafetlerinizle g\u00fczelce giyinirken geleneksel a\u011f\u0131r kolyelerle katmanlay\u0131n. Ayr\u0131ca birden fazla Anusha 22 ayar alt\u0131n kolyeyi katlamay\u0131 ve dramatik bir g\u00f6r\u00fcn\u00fcm yaratmay\u0131 da tercih edebilirsiniz.<br \/>\nKendin bak.<\/p>","protected":false},"excerpt":{"rendered":"<ul>\n<li>Alt\u0131n Boncuk Tasar\u0131ml\u0131 Anusha 22 Ayar Alt\u0131n Gelin Zinciri<\/li>\n<li>G\u00fcl alt\u0131n kaplama ile<\/li>\n<li>A\u011f\u0131rl\u0131k 11.5 g<\/li>\n<li>Uzunluk. 16 in\u00e7<\/li>\n<li>SKU. 23580<\/li>\n<li>T\u00fcm fiyatlara KDV dahildir<\/li>\n<li>T\u00fcm \u00fcr\u00fcnlerimiz London Assay Office taraf\u0131ndan damgalanm\u0131\u015ft\u0131r<\/li>\n<li>T\u00fcm Setler Sunum Kutusu ile Birlikte Gelir<\/li>\n<li>Teslimat Dahil<\/li>\n<li>T\u00fcm 22 ayar Alt\u0131n Kolye \u00e7e\u015fitlerini g\u00f6rmek i\u00e7in bize ula\u015f\u0131n \/ bizimle sohbet edin<\/li>\n<\/ul>","protected":false},"featured_media":314150,"comment_status":"closed","ping_status":"closed","template":"","meta":{"_eb_attr":"","_crsspst_to_jayantr4sg-hostcom":false},"product_brand":[],"product_cat":[256,1617,1559,1475,1779,1574],"product_tag":[],"class_list":{"0":"post-303352","1":"product","2":"type-product","3":"status-publish","4":"has-post-thumbnail","6":"product_cat-anusha-collections","7":"product_cat-fancy-mala-chains","8":"product_cat-birthday-gifts","9":"product_cat-gold-chains","10":"product_cat-mala-style-necklaces","11":"product_cat-womens-jewellery","13":"first","14":"outofstock","15":"taxable","16":"shipping-taxable","17":"product-type-simple","18":"add-to-wishlist-before_image"},"yoast_head":"<!-- This site is optimized with the Yoast SEO plugin v27.3 - https:\/\/yoast.com\/product\/yoast-seo-wordpress\/ -->\n<title>Anusha 22ct Gold Bridal Chain with gold beads Design in 16 Inches<\/title>\n<meta name=\"description\" content=\"Browse our 22 carat Real Gold Bridal Chain with gold beads Design in 16 Inches from Anusha Collection. Shop Online Today from purejewels.com\" \/>\n<meta name=\"robots\" content=\"index, follow, max-snippet:-1, max-image-preview:large, max-video-preview:-1\" \/>\n<link rel=\"canonical\" href=\"https:\/\/www.purejewels.com\/tr\/urun\/anusha-22-ayar-altin-zincir\/\" \/>\n<meta property=\"og:locale\" content=\"tr_TR\" \/>\n<meta property=\"og:type\" content=\"article\" \/>\n<meta property=\"og:title\" content=\"Anusha 22ct Gold Bridal Chain with gold beads Design in 16 Inches\" \/>\n<meta property=\"og:description\" content=\"Browse our 22 carat Real Gold Bridal Chain with gold beads Design in 16 Inches from Anusha Collection. Shop Online Today from purejewels.com\" \/>\n<meta property=\"og:url\" content=\"https:\/\/www.purejewels.com\/tr\/urun\/anusha-22-ayar-altin-zincir\/\" \/>\n<meta property=\"og:site_name\" content=\"PureJewels UK\" \/>\n<meta property=\"article:modified_time\" content=\"2024-09-11T04:43:38+00:00\" \/>\n<meta property=\"og:image\" content=\"https:\/\/www.purejewels.com\/wp-content\/uploads\/2020\/05\/133373809.png\" \/>\n\t<meta property=\"og:image:width\" content=\"1000\" \/>\n\t<meta property=\"og:image:height\" content=\"1000\" \/>\n\t<meta property=\"og:image:type\" content=\"image\/png\" \/>\n<meta name=\"twitter:card\" content=\"summary_large_image\" \/>\n<meta name=\"twitter:label1\" content=\"Tahmini okuma s\u00fcresi\" \/>\n\t<meta name=\"twitter:data1\" content=\"1 dakika\" \/>\n<script type=\"application\/ld+json\" class=\"yoast-schema-graph\">{\"@context\":\"https:\\\/\\\/schema.org\",\"@graph\":[{\"@type\":[\"WebPage\",\"ItemPage\"],\"@id\":\"https:\\\/\\\/www.purejewels.com\\\/product\\\/anusha-22ct-gold-chain\\\/\",\"url\":\"https:\\\/\\\/www.purejewels.com\\\/product\\\/anusha-22ct-gold-chain\\\/\",\"name\":\"Anusha 22ct Gold Bridal Chain with gold beads Design in 16 Inches\",\"isPartOf\":{\"@id\":\"https:\\\/\\\/www.purejewels.com\\\/#website\"},\"primaryImageOfPage\":{\"@id\":\"https:\\\/\\\/www.purejewels.com\\\/product\\\/anusha-22ct-gold-chain\\\/#primaryimage\"},\"image\":{\"@id\":\"https:\\\/\\\/www.purejewels.com\\\/product\\\/anusha-22ct-gold-chain\\\/#primaryimage\"},\"thumbnailUrl\":\"https:\\\/\\\/static.purejewels.com\\\/wp-content\\\/uploads\\\/2020\\\/05\\\/133373809.png\",\"datePublished\":\"2018-10-03T06:38:31+00:00\",\"dateModified\":\"2024-09-11T04:43:38+00:00\",\"description\":\"Browse our 22 carat Real Gold Bridal Chain with gold beads Design in 16 Inches from Anusha Collection. Shop Online Today from purejewels.com\",\"breadcrumb\":{\"@id\":\"https:\\\/\\\/www.purejewels.com\\\/product\\\/anusha-22ct-gold-chain\\\/#breadcrumb\"},\"inLanguage\":\"tr\",\"potentialAction\":[{\"@type\":\"ReadAction\",\"target\":[\"https:\\\/\\\/www.purejewels.com\\\/product\\\/anusha-22ct-gold-chain\\\/\"]}]},{\"@type\":\"ImageObject\",\"inLanguage\":\"tr\",\"@id\":\"https:\\\/\\\/www.purejewels.com\\\/product\\\/anusha-22ct-gold-chain\\\/#primaryimage\",\"url\":\"https:\\\/\\\/static.purejewels.com\\\/wp-content\\\/uploads\\\/2020\\\/05\\\/133373809.png\",\"contentUrl\":\"https:\\\/\\\/static.purejewels.com\\\/wp-content\\\/uploads\\\/2020\\\/05\\\/133373809.png\",\"width\":1000,\"height\":1000,\"caption\":\"Anusha 22 carat Gold Bridal Chain with gold beads DesignWith Rose gold finishWt. 11.5 gLength. 16\\\"inchesSKU. 23580All prices include VATAll our products are hallmarked by London Assay OfficeAll Sets Comes With Presentation BoxDelivery IncludedContact us \\\/ chat with us to see entire range of 22 carat Gold Necklace\"},{\"@type\":\"BreadcrumbList\",\"@id\":\"https:\\\/\\\/www.purejewels.com\\\/product\\\/anusha-22ct-gold-chain\\\/#breadcrumb\",\"itemListElement\":[{\"@type\":\"ListItem\",\"position\":1,\"name\":\"Home\",\"item\":\"https:\\\/\\\/www.purejewels.com\\\/\"},{\"@type\":\"ListItem\",\"position\":2,\"name\":\"Shop\",\"item\":\"https:\\\/\\\/www.purejewels.com\\\/shop\\\/\"},{\"@type\":\"ListItem\",\"position\":3,\"name\":\"Anusha 22 carat Gold Bridal Chain with gold beads Design in 16 Inches\"}]},{\"@type\":\"WebSite\",\"@id\":\"https:\\\/\\\/www.purejewels.com\\\/#website\",\"url\":\"https:\\\/\\\/www.purejewels.com\\\/\",\"name\":\"PureJewels UK\",\"description\":\"Share the Love\",\"publisher\":{\"@id\":\"https:\\\/\\\/www.purejewels.com\\\/#organization\"},\"potentialAction\":[{\"@type\":\"SearchAction\",\"target\":{\"@type\":\"EntryPoint\",\"urlTemplate\":\"https:\\\/\\\/www.purejewels.com\\\/?s={search_term_string}\"},\"query-input\":{\"@type\":\"PropertyValueSpecification\",\"valueRequired\":true,\"valueName\":\"search_term_string\"}}],\"inLanguage\":\"tr\"},{\"@type\":\"Organization\",\"@id\":\"https:\\\/\\\/www.purejewels.com\\\/#organization\",\"name\":\"PureJewels UK\",\"url\":\"https:\\\/\\\/www.purejewels.com\\\/\",\"logo\":{\"@type\":\"ImageObject\",\"inLanguage\":\"tr\",\"@id\":\"https:\\\/\\\/www.purejewels.com\\\/#\\\/schema\\\/logo\\\/image\\\/\",\"url\":\"https:\\\/\\\/static.purejewels.com\\\/wp-content\\\/uploads\\\/2020\\\/11\\\/Logo-PJ-New-1.png\",\"contentUrl\":\"https:\\\/\\\/static.purejewels.com\\\/wp-content\\\/uploads\\\/2020\\\/11\\\/Logo-PJ-New-1.png\",\"width\":150,\"height\":80,\"caption\":\"PureJewels UK\"},\"image\":{\"@id\":\"https:\\\/\\\/www.purejewels.com\\\/#\\\/schema\\\/logo\\\/image\\\/\"}}]}<\/script>\n<!-- \/ Yoast SEO plugin. -->","yoast_head_json":{"title":"Alt\u0131n Boncuk Tasar\u0131ml\u0131 Anusha 22 Ayar Alt\u0131n Gelin Zinciri 16 \u0130n\u00e7","description":"Anusha Koleksiyonundan 16 \u0130n\u00e7 Alt\u0131n Boncuk Tasar\u0131ml\u0131 22 Ayar Ger\u00e7ek Alt\u0131n Gelin Zincirimize g\u00f6z at\u0131n. purejewels.com'dan Bug\u00fcn Online Al\u0131\u015fveri\u015f Yap\u0131n","robots":{"index":"index","follow":"follow","max-snippet":"max-snippet:-1","max-image-preview":"max-image-preview:large","max-video-preview":"max-video-preview:-1"},"canonical":"https:\/\/www.purejewels.com\/tr\/urun\/anusha-22-ayar-altin-zincir\/","og_locale":"tr_TR","og_type":"article","og_title":"Anusha 22ct Gold Bridal Chain with gold beads Design in 16 Inches","og_description":"Browse our 22 carat Real Gold Bridal Chain with gold beads Design in 16 Inches from Anusha Collection. Shop Online Today from purejewels.com","og_url":"https:\/\/www.purejewels.com\/tr\/urun\/anusha-22-ayar-altin-zincir\/","og_site_name":"PureJewels UK","article_modified_time":"2024-09-11T04:43:38+00:00","og_image":[{"width":1000,"height":1000,"url":"https:\/\/www.purejewels.com\/wp-content\/uploads\/2020\/05\/133373809.png","type":"image\/png"}],"twitter_card":"summary_large_image","twitter_misc":{"Tahmini okuma s\u00fcresi":"1 dakika"},"schema":{"@context":"https:\/\/schema.org","@graph":[{"@type":["WebPage","ItemPage"],"@id":"https:\/\/www.purejewels.com\/product\/anusha-22ct-gold-chain\/","url":"https:\/\/www.purejewels.com\/product\/anusha-22ct-gold-chain\/","name":"Alt\u0131n Boncuk Tasar\u0131ml\u0131 Anusha 22 Ayar Alt\u0131n Gelin Zinciri 16 \u0130n\u00e7","isPartOf":{"@id":"https:\/\/www.purejewels.com\/#website"},"primaryImageOfPage":{"@id":"https:\/\/www.purejewels.com\/product\/anusha-22ct-gold-chain\/#primaryimage"},"image":{"@id":"https:\/\/www.purejewels.com\/product\/anusha-22ct-gold-chain\/#primaryimage"},"thumbnailUrl":"https:\/\/static.purejewels.com\/wp-content\/uploads\/2020\/05\/133373809.png","datePublished":"2018-10-03T06:38:31+00:00","dateModified":"2024-09-11T04:43:38+00:00","description":"Anusha Koleksiyonundan 16 \u0130n\u00e7 Alt\u0131n Boncuk Tasar\u0131ml\u0131 22 Ayar Ger\u00e7ek Alt\u0131n Gelin Zincirimize g\u00f6z at\u0131n. purejewels.com'dan Bug\u00fcn Online Al\u0131\u015fveri\u015f Yap\u0131n","breadcrumb":{"@id":"https:\/\/www.purejewels.com\/product\/anusha-22ct-gold-chain\/#breadcrumb"},"inLanguage":"tr","potentialAction":[{"@type":"ReadAction","target":["https:\/\/www.purejewels.com\/product\/anusha-22ct-gold-chain\/"]}]},{"@type":"ImageObject","inLanguage":"tr","@id":"https:\/\/www.purejewels.com\/product\/anusha-22ct-gold-chain\/#primaryimage","url":"https:\/\/static.purejewels.com\/wp-content\/uploads\/2020\/05\/133373809.png","contentUrl":"https:\/\/static.purejewels.com\/wp-content\/uploads\/2020\/05\/133373809.png","width":1000,"height":1000,"caption":"Anusha 22 carat Gold Bridal Chain with gold beads DesignWith Rose gold finishWt. 11.5 gLength. 16\"inchesSKU. 23580All prices include VATAll our products are hallmarked by London Assay OfficeAll Sets Comes With Presentation BoxDelivery IncludedContact us \/ chat with us to see entire range of 22 carat Gold Necklace"},{"@type":"BreadcrumbList","@id":"https:\/\/www.purejewels.com\/product\/anusha-22ct-gold-chain\/#breadcrumb","itemListElement":[{"@type":"ListItem","position":1,"name":"Home","item":"https:\/\/www.purejewels.com\/"},{"@type":"ListItem","position":2,"name":"Shop","item":"https:\/\/www.purejewels.com\/shop\/"},{"@type":"ListItem","position":3,"name":"Anusha 22 carat Gold Bridal Chain with gold beads Design in 16 Inches"}]},{"@type":"WebSite","@id":"https:\/\/www.purejewels.com\/#website","url":"https:\/\/www.purejewels.com\/","name":"PureJewels \u0130ngiltere","description":"Sevgiyi Payla\u015f\u0131n","publisher":{"@id":"https:\/\/www.purejewels.com\/#organization"},"potentialAction":[{"@type":"SearchAction","target":{"@type":"EntryPoint","urlTemplate":"https:\/\/www.purejewels.com\/?s={search_term_string}"},"query-input":{"@type":"PropertyValueSpecification","valueRequired":true,"valueName":"search_term_string"}}],"inLanguage":"tr"},{"@type":"Organization","@id":"https:\/\/www.purejewels.com\/#organization","name":"PureJewels \u0130ngiltere","url":"https:\/\/www.purejewels.com\/","logo":{"@type":"ImageObject","inLanguage":"tr","@id":"https:\/\/www.purejewels.com\/#\/schema\/logo\/image\/","url":"https:\/\/static.purejewels.com\/wp-content\/uploads\/2020\/11\/Logo-PJ-New-1.png","contentUrl":"https:\/\/static.purejewels.com\/wp-content\/uploads\/2020\/11\/Logo-PJ-New-1.png","width":150,"height":80,"caption":"PureJewels UK"},"image":{"@id":"https:\/\/www.purejewels.com\/#\/schema\/logo\/image\/"}}]}},"_links":{"self":[{"href":"https:\/\/www.purejewels.com\/tr\/wp-json\/wp\/v2\/product\/303352","targetHints":{"allow":["GET"]}}],"collection":[{"href":"https:\/\/www.purejewels.com\/tr\/wp-json\/wp\/v2\/product"}],"about":[{"href":"https:\/\/www.purejewels.com\/tr\/wp-json\/wp\/v2\/types\/product"}],"replies":[{"embeddable":true,"href":"https:\/\/www.purejewels.com\/tr\/wp-json\/wp\/v2\/comments?post=303352"}],"version-history":[{"count":1,"href":"https:\/\/www.purejewels.com\/tr\/wp-json\/wp\/v2\/product\/303352\/revisions"}],"predecessor-version":[{"id":370987,"href":"https:\/\/www.purejewels.com\/tr\/wp-json\/wp\/v2\/product\/303352\/revisions\/370987"}],"wp:featuredmedia":[{"embeddable":true,"href":"https:\/\/www.purejewels.com\/tr\/wp-json\/wp\/v2\/media\/314150"}],"wp:attachment":[{"href":"https:\/\/www.purejewels.com\/tr\/wp-json\/wp\/v2\/media?parent=303352"}],"wp:term":[{"taxonomy":"product_brand","embeddable":true,"href":"https:\/\/www.purejewels.com\/tr\/wp-json\/wp\/v2\/product_brand?post=303352"},{"taxonomy":"product_cat","embeddable":true,"href":"https:\/\/www.purejewels.com\/tr\/wp-json\/wp\/v2\/product_cat?post=303352"},{"taxonomy":"product_tag","embeddable":true,"href":"https:\/\/www.purejewels.com\/tr\/wp-json\/wp\/v2\/product_tag?post=303352"}],"curies":[{"name":"wp","href":"https:\/\/api.w.org\/{rel}","templated":true}]}}