{"id":303372,"date":"2018-10-03T09:08:02","date_gmt":"2018-10-03T08:08:02","guid":{"rendered":"https:\/\/www.purejewels.com\/?post_type=product&#038;p=303372"},"modified":"2026-01-23T10:27:53","modified_gmt":"2026-01-23T10:27:53","slug":"anusha-22-ayar-altin-kupe-2","status":"publish","type":"product","link":"https:\/\/www.purejewels.com\/tr\/product\/anusha-22ct-gold-earring-2\/","title":{"rendered":"Anusha 22 Ayar Alt\u0131n Polki &amp; \u0130nci Damla K\u00fcpe"},"content":{"rendered":"<p>Tasar\u0131m<\/p>\n<p>Bu damla k\u00fcpeler, Polki ta\u015fl\u0131 \u00e7i\u00e7ekli bir saplamayla ba\u015flayan ve basamakl\u0131 alt\u0131n zincirlerle \u00e7er\u00e7evelenen yumu\u015fak inci damlalar\u0131na do\u011fru a\u00e7\u0131lan zarif dikey ak\u0131\u015flar\u0131yla tan\u0131mlan\u0131r. Polki ta\u015flar\u0131 ve \u0131\u015f\u0131lt\u0131l\u0131 incilerin etkile\u015fimi derinlik, doku ve yumu\u015fak bir hareket yarat\u0131yor. Pembe alt\u0131n vurgular s\u0131cakl\u0131k ve kontrast katarak tasar\u0131ma zarif bir gelinlik karakteri kazand\u0131r\u0131yor.<\/p>\n<p>Zanaatkarl\u0131k<\/p>\n<p>22 ayar alt\u0131ndan el i\u015f\u00e7ili\u011fiyle \u00fcretilen bu k\u00fcpeler, geleneksel ta\u015f dizme tekniklerini ince zincir i\u015f\u00e7ili\u011fiyle bir araya getiriyor. Polki ta\u015flar\u0131 do\u011fal parlakl\u0131klar\u0131n\u0131 artt\u0131rmak i\u00e7in \u00f6zenle ayarlan\u0131rken, inciler yumu\u015fak parlakl\u0131klar\u0131 i\u00e7in ayr\u0131 ayr\u0131 se\u00e7ilmi\u015ftir. Pembe alt\u0131n detaylarla tamamlanan ve safl\u0131k sertifikas\u0131 i\u00e7in \u0130ngiltere'de damgalanan her bir \u00e7ift, PureJewels'in i\u015f\u00e7ilik ve detaylara olan ba\u011fl\u0131l\u0131\u011f\u0131n\u0131 yans\u0131tmaktad\u0131r.<\/p>\n<p>\u015eekillendirme &amp; Hediyele\u015fme<\/p>\n<p>Gelin k\u0131yafetleri, d\u00fc\u011f\u00fcn \u015fenlikleri ve \u00f6zel kutlamalar i\u00e7in m\u00fckemmel olan bu k\u00fcpeler lehengalar, sariler ve \u00e7a\u011fda\u015f Hint k\u0131yafetleri ile g\u00fczel bir uyum sa\u011flar. Zarif uzunluklar\u0131 ve yumu\u015fak hareketleri onlar\u0131 ak\u015fam etkinlikleri i\u00e7in \u00e7arp\u0131c\u0131 bir se\u00e7im haline getirir. D\u00fc\u011f\u00fcnler, y\u0131l d\u00f6n\u00fcmleri veya d\u00f6n\u00fcm noktas\u0131 anlar\u0131 i\u00e7in d\u00fc\u015f\u00fcn\u00fclm\u00fc\u015f bir hediye olan bu k\u00fcpeler, k\u00fclt\u00fcrel zenginlikle zamans\u0131z bir \u00e7ekicilik sunar.<\/p>","protected":false},"excerpt":{"rendered":"<ul>\n<li>G\u00fcl Alt\u0131n Kaplamal\u0131 22 Ayar Alt\u0131n K\u00fcpe<\/li>\n<li>Polki ve inci ta\u015fl\u0131.<\/li>\n<li>A\u011f\u0131rl\u0131k 9.7 g<\/li>\n<li>London Assay Office taraf\u0131ndan damgalanm\u0131\u015ft\u0131r<\/li>\n<li>Sunum Kutusu ile Birlikte Gelir<\/li>\n<li>Teslimat Dahil<\/li>\n<li>T\u00fcm fiyatlara KDV dahildir<\/li>\n<li>Koleksiyonumuzu ke\u015ffedin\u00a0<strong>geli\u0307n ve d\u00fc\u011f\u00fcn k\u00fcpeleri\u0307<\/strong><\/li>\n<li>Stok durumu ve stokta bulunan benzer tasar\u0131mlar\u0131n daha fazla g\u00f6r\u00fcnt\u00fcs\u00fc i\u00e7in bizimle canl\u0131 sohbet edin<\/li>\n<\/ul>","protected":false},"featured_media":303374,"comment_status":"closed","ping_status":"closed","template":"","meta":{"_eb_attr":"","_crsspst_to_jayantr4sg-hostcom":false},"product_brand":[],"product_cat":[256,1625,1685,1229,1574],"product_tag":[],"class_list":{"0":"post-303372","1":"product","2":"type-product","3":"status-publish","4":"has-post-thumbnail","6":"product_cat-anusha-collections","7":"product_cat-bridal-set","8":"product_cat-drop-earrings","9":"product_cat-22ct-gold-jewellery","10":"product_cat-womens-jewellery","12":"first","13":"outofstock","14":"taxable","15":"shipping-taxable","16":"product-type-simple","17":"add-to-wishlist-before_image"},"yoast_head":"<!-- This site is optimized with the Yoast SEO plugin v27.3 - https:\/\/yoast.com\/product\/yoast-seo-wordpress\/ -->\n<title>22ct Gold Polki &amp; Pearl Drop Earrings | Online at PureJewels UK<\/title>\n<meta name=\"description\" content=\"Shop 22ct Gold Polki &amp; Pearl Drop Earrings from PureJewels UK. Featuring rose gold accents and cascading pearl chains, these handcrafted earrings bring traditional elegance to bridal and festive looks.\" \/>\n<meta name=\"robots\" content=\"index, follow, max-snippet:-1, max-image-preview:large, max-video-preview:-1\" \/>\n<link rel=\"canonical\" href=\"https:\/\/www.purejewels.com\/tr\/urun\/anusha-22-ayar-altin-kupe-2\/\" \/>\n<meta property=\"og:locale\" content=\"tr_TR\" \/>\n<meta property=\"og:type\" content=\"article\" \/>\n<meta property=\"og:title\" content=\"22ct Gold Polki &amp; Pearl Drop Earrings | Online at PureJewels UK\" \/>\n<meta property=\"og:description\" content=\"Shop 22ct Gold Polki &amp; Pearl Drop Earrings from PureJewels UK. Featuring rose gold accents and cascading pearl chains, these handcrafted earrings bring traditional elegance to bridal and festive looks.\" \/>\n<meta property=\"og:url\" content=\"https:\/\/www.purejewels.com\/tr\/urun\/anusha-22-ayar-altin-kupe-2\/\" \/>\n<meta property=\"og:site_name\" content=\"PureJewels UK\" \/>\n<meta property=\"article:modified_time\" content=\"2026-01-23T10:27:53+00:00\" \/>\n<meta property=\"og:image\" content=\"https:\/\/static.purejewels.com\/wp-content\/uploads\/2018\/10\/27199_1.png\" \/>\n\t<meta property=\"og:image:width\" content=\"1000\" \/>\n\t<meta property=\"og:image:height\" content=\"1000\" \/>\n\t<meta property=\"og:image:type\" content=\"image\/png\" \/>\n<meta name=\"twitter:card\" content=\"summary_large_image\" \/>\n<meta name=\"twitter:label1\" content=\"Tahmini okuma s\u00fcresi\" \/>\n\t<meta name=\"twitter:data1\" content=\"1 dakika\" \/>\n<script type=\"application\/ld+json\" class=\"yoast-schema-graph\">{\"@context\":\"https:\\\/\\\/schema.org\",\"@graph\":[{\"@type\":[\"WebPage\",\"ItemPage\"],\"@id\":\"https:\\\/\\\/www.purejewels.com\\\/product\\\/anusha-22ct-gold-earring-2\\\/\",\"url\":\"https:\\\/\\\/www.purejewels.com\\\/product\\\/anusha-22ct-gold-earring-2\\\/\",\"name\":\"22ct Gold Polki & Pearl Drop Earrings | Online at PureJewels UK\",\"isPartOf\":{\"@id\":\"https:\\\/\\\/www.purejewels.com\\\/#website\"},\"primaryImageOfPage\":{\"@id\":\"https:\\\/\\\/www.purejewels.com\\\/product\\\/anusha-22ct-gold-earring-2\\\/#primaryimage\"},\"image\":{\"@id\":\"https:\\\/\\\/www.purejewels.com\\\/product\\\/anusha-22ct-gold-earring-2\\\/#primaryimage\"},\"thumbnailUrl\":\"https:\\\/\\\/static.purejewels.com\\\/wp-content\\\/uploads\\\/2018\\\/10\\\/27199_1.png\",\"datePublished\":\"2018-10-03T08:08:02+00:00\",\"dateModified\":\"2026-01-23T10:27:53+00:00\",\"description\":\"Shop 22ct Gold Polki & Pearl Drop Earrings from PureJewels UK. Featuring rose gold accents and cascading pearl chains, these handcrafted earrings bring traditional elegance to bridal and festive looks.\",\"breadcrumb\":{\"@id\":\"https:\\\/\\\/www.purejewels.com\\\/product\\\/anusha-22ct-gold-earring-2\\\/#breadcrumb\"},\"inLanguage\":\"tr\",\"potentialAction\":[{\"@type\":\"ReadAction\",\"target\":[\"https:\\\/\\\/www.purejewels.com\\\/product\\\/anusha-22ct-gold-earring-2\\\/\"]}]},{\"@type\":\"ImageObject\",\"inLanguage\":\"tr\",\"@id\":\"https:\\\/\\\/www.purejewels.com\\\/product\\\/anusha-22ct-gold-earring-2\\\/#primaryimage\",\"url\":\"https:\\\/\\\/static.purejewels.com\\\/wp-content\\\/uploads\\\/2018\\\/10\\\/27199_1.png\",\"contentUrl\":\"https:\\\/\\\/static.purejewels.com\\\/wp-content\\\/uploads\\\/2018\\\/10\\\/27199_1.png\",\"width\":1000,\"height\":1000,\"caption\":\"27199_1\"},{\"@type\":\"BreadcrumbList\",\"@id\":\"https:\\\/\\\/www.purejewels.com\\\/product\\\/anusha-22ct-gold-earring-2\\\/#breadcrumb\",\"itemListElement\":[{\"@type\":\"ListItem\",\"position\":1,\"name\":\"Home\",\"item\":\"https:\\\/\\\/www.purejewels.com\\\/\"},{\"@type\":\"ListItem\",\"position\":2,\"name\":\"Shop\",\"item\":\"https:\\\/\\\/www.purejewels.com\\\/shop\\\/\"},{\"@type\":\"ListItem\",\"position\":3,\"name\":\"Anusha 22ct Gold Polki &#038; Pearl Drop Earrings with Rose Gold\"}]},{\"@type\":\"WebSite\",\"@id\":\"https:\\\/\\\/www.purejewels.com\\\/#website\",\"url\":\"https:\\\/\\\/www.purejewels.com\\\/\",\"name\":\"PureJewels UK\",\"description\":\"Share the Love\",\"publisher\":{\"@id\":\"https:\\\/\\\/www.purejewels.com\\\/#organization\"},\"potentialAction\":[{\"@type\":\"SearchAction\",\"target\":{\"@type\":\"EntryPoint\",\"urlTemplate\":\"https:\\\/\\\/www.purejewels.com\\\/?s={search_term_string}\"},\"query-input\":{\"@type\":\"PropertyValueSpecification\",\"valueRequired\":true,\"valueName\":\"search_term_string\"}}],\"inLanguage\":\"tr\"},{\"@type\":\"Organization\",\"@id\":\"https:\\\/\\\/www.purejewels.com\\\/#organization\",\"name\":\"PureJewels UK\",\"url\":\"https:\\\/\\\/www.purejewels.com\\\/\",\"logo\":{\"@type\":\"ImageObject\",\"inLanguage\":\"tr\",\"@id\":\"https:\\\/\\\/www.purejewels.com\\\/#\\\/schema\\\/logo\\\/image\\\/\",\"url\":\"https:\\\/\\\/static.purejewels.com\\\/wp-content\\\/uploads\\\/2020\\\/11\\\/Logo-PJ-New-1.png\",\"contentUrl\":\"https:\\\/\\\/static.purejewels.com\\\/wp-content\\\/uploads\\\/2020\\\/11\\\/Logo-PJ-New-1.png\",\"width\":150,\"height\":80,\"caption\":\"PureJewels UK\"},\"image\":{\"@id\":\"https:\\\/\\\/www.purejewels.com\\\/#\\\/schema\\\/logo\\\/image\\\/\"}}]}<\/script>\n<!-- \/ Yoast SEO plugin. -->","yoast_head_json":{"title":"22 Ayar Alt\u0131n Polki &amp; \u0130nci Damla K\u00fcpe | PureJewels UK'de Online","description":"PureJewels UK'den 22 Ayar Alt\u0131n Polki &amp; \u0130nci Damla K\u00fcpe sat\u0131n al\u0131n. Pembe alt\u0131n vurgulara ve basamakl\u0131 inci zincirlere sahip bu el yap\u0131m\u0131 k\u00fcpeler, gelin ve bayram g\u00f6r\u00fcn\u00fcmlerine geleneksel zarafet kat\u0131yor.","robots":{"index":"index","follow":"follow","max-snippet":"max-snippet:-1","max-image-preview":"max-image-preview:large","max-video-preview":"max-video-preview:-1"},"canonical":"https:\/\/www.purejewels.com\/tr\/urun\/anusha-22-ayar-altin-kupe-2\/","og_locale":"tr_TR","og_type":"article","og_title":"22ct Gold Polki & Pearl Drop Earrings | Online at PureJewels UK","og_description":"Shop 22ct Gold Polki & Pearl Drop Earrings from PureJewels UK. Featuring rose gold accents and cascading pearl chains, these handcrafted earrings bring traditional elegance to bridal and festive looks.","og_url":"https:\/\/www.purejewels.com\/tr\/urun\/anusha-22-ayar-altin-kupe-2\/","og_site_name":"PureJewels UK","article_modified_time":"2026-01-23T10:27:53+00:00","og_image":[{"width":1000,"height":1000,"url":"https:\/\/static.purejewels.com\/wp-content\/uploads\/2018\/10\/27199_1.png","type":"image\/png"}],"twitter_card":"summary_large_image","twitter_misc":{"Tahmini okuma s\u00fcresi":"1 dakika"},"schema":{"@context":"https:\/\/schema.org","@graph":[{"@type":["WebPage","ItemPage"],"@id":"https:\/\/www.purejewels.com\/product\/anusha-22ct-gold-earring-2\/","url":"https:\/\/www.purejewels.com\/product\/anusha-22ct-gold-earring-2\/","name":"22 Ayar Alt\u0131n Polki &amp; \u0130nci Damla K\u00fcpe | PureJewels UK'de Online","isPartOf":{"@id":"https:\/\/www.purejewels.com\/#website"},"primaryImageOfPage":{"@id":"https:\/\/www.purejewels.com\/product\/anusha-22ct-gold-earring-2\/#primaryimage"},"image":{"@id":"https:\/\/www.purejewels.com\/product\/anusha-22ct-gold-earring-2\/#primaryimage"},"thumbnailUrl":"https:\/\/static.purejewels.com\/wp-content\/uploads\/2018\/10\/27199_1.png","datePublished":"2018-10-03T08:08:02+00:00","dateModified":"2026-01-23T10:27:53+00:00","description":"PureJewels UK'den 22 Ayar Alt\u0131n Polki &amp; \u0130nci Damla K\u00fcpe sat\u0131n al\u0131n. Pembe alt\u0131n vurgulara ve basamakl\u0131 inci zincirlere sahip bu el yap\u0131m\u0131 k\u00fcpeler, gelin ve bayram g\u00f6r\u00fcn\u00fcmlerine geleneksel zarafet kat\u0131yor.","breadcrumb":{"@id":"https:\/\/www.purejewels.com\/product\/anusha-22ct-gold-earring-2\/#breadcrumb"},"inLanguage":"tr","potentialAction":[{"@type":"ReadAction","target":["https:\/\/www.purejewels.com\/product\/anusha-22ct-gold-earring-2\/"]}]},{"@type":"ImageObject","inLanguage":"tr","@id":"https:\/\/www.purejewels.com\/product\/anusha-22ct-gold-earring-2\/#primaryimage","url":"https:\/\/static.purejewels.com\/wp-content\/uploads\/2018\/10\/27199_1.png","contentUrl":"https:\/\/static.purejewels.com\/wp-content\/uploads\/2018\/10\/27199_1.png","width":1000,"height":1000,"caption":"27199_1"},{"@type":"BreadcrumbList","@id":"https:\/\/www.purejewels.com\/product\/anusha-22ct-gold-earring-2\/#breadcrumb","itemListElement":[{"@type":"ListItem","position":1,"name":"Home","item":"https:\/\/www.purejewels.com\/"},{"@type":"ListItem","position":2,"name":"Shop","item":"https:\/\/www.purejewels.com\/shop\/"},{"@type":"ListItem","position":3,"name":"Anusha 22ct Gold Polki &#038; Pearl Drop Earrings with Rose Gold"}]},{"@type":"WebSite","@id":"https:\/\/www.purejewels.com\/#website","url":"https:\/\/www.purejewels.com\/","name":"PureJewels \u0130ngiltere","description":"Sevgiyi Payla\u015f\u0131n","publisher":{"@id":"https:\/\/www.purejewels.com\/#organization"},"potentialAction":[{"@type":"SearchAction","target":{"@type":"EntryPoint","urlTemplate":"https:\/\/www.purejewels.com\/?s={search_term_string}"},"query-input":{"@type":"PropertyValueSpecification","valueRequired":true,"valueName":"search_term_string"}}],"inLanguage":"tr"},{"@type":"Organization","@id":"https:\/\/www.purejewels.com\/#organization","name":"PureJewels \u0130ngiltere","url":"https:\/\/www.purejewels.com\/","logo":{"@type":"ImageObject","inLanguage":"tr","@id":"https:\/\/www.purejewels.com\/#\/schema\/logo\/image\/","url":"https:\/\/static.purejewels.com\/wp-content\/uploads\/2020\/11\/Logo-PJ-New-1.png","contentUrl":"https:\/\/static.purejewels.com\/wp-content\/uploads\/2020\/11\/Logo-PJ-New-1.png","width":150,"height":80,"caption":"PureJewels UK"},"image":{"@id":"https:\/\/www.purejewels.com\/#\/schema\/logo\/image\/"}}]}},"_links":{"self":[{"href":"https:\/\/www.purejewels.com\/tr\/wp-json\/wp\/v2\/product\/303372","targetHints":{"allow":["GET"]}}],"collection":[{"href":"https:\/\/www.purejewels.com\/tr\/wp-json\/wp\/v2\/product"}],"about":[{"href":"https:\/\/www.purejewels.com\/tr\/wp-json\/wp\/v2\/types\/product"}],"replies":[{"embeddable":true,"href":"https:\/\/www.purejewels.com\/tr\/wp-json\/wp\/v2\/comments?post=303372"}],"version-history":[{"count":4,"href":"https:\/\/www.purejewels.com\/tr\/wp-json\/wp\/v2\/product\/303372\/revisions"}],"predecessor-version":[{"id":425177,"href":"https:\/\/www.purejewels.com\/tr\/wp-json\/wp\/v2\/product\/303372\/revisions\/425177"}],"wp:featuredmedia":[{"embeddable":true,"href":"https:\/\/www.purejewels.com\/tr\/wp-json\/wp\/v2\/media\/303374"}],"wp:attachment":[{"href":"https:\/\/www.purejewels.com\/tr\/wp-json\/wp\/v2\/media?parent=303372"}],"wp:term":[{"taxonomy":"product_brand","embeddable":true,"href":"https:\/\/www.purejewels.com\/tr\/wp-json\/wp\/v2\/product_brand?post=303372"},{"taxonomy":"product_cat","embeddable":true,"href":"https:\/\/www.purejewels.com\/tr\/wp-json\/wp\/v2\/product_cat?post=303372"},{"taxonomy":"product_tag","embeddable":true,"href":"https:\/\/www.purejewels.com\/tr\/wp-json\/wp\/v2\/product_tag?post=303372"}],"curies":[{"name":"wp","href":"https:\/\/api.w.org\/{rel}","templated":true}]}}