{"id":303889,"date":"2018-10-22T07:20:24","date_gmt":"2018-10-22T06:20:24","guid":{"rendered":"https:\/\/www.purejewels.com\/?post_type=product&#038;p=303889"},"modified":"2026-01-06T09:55:45","modified_gmt":"2026-01-06T09:55:45","slug":"22-ayar-altin-erkek-bilezik-2","status":"publish","type":"product","link":"https:\/\/www.purejewels.com\/tr\/product\/22ct-gold-mens-bracelet-2\/","title":{"rendered":"22 ayar alt\u0131n d\u00fcz zincir bilezik \u2013 Erkekler i\u00e7in"},"content":{"rendered":"<p><strong>Tasar\u0131m:<\/strong><br \/>\nBu <a href=\"https:\/\/www.purejewels.com\/tr\/product-category\/22ct-gold-jewellery\/gold-bracelet\/\">Bilezik<\/a> geleneksel d\u00fcz zincir tasar\u0131m\u0131na sahiptir \u2014 sade, cesur ve zamans\u0131z. Birbirine kenetlenen halkalar bile\u011fe d\u00fcz bir \u015fekilde oturarak \u015f\u0131k ve zarif bir g\u00f6r\u00fcn\u00fcm sa\u011flar, hem esneklik hem de dayan\u0131kl\u0131l\u0131k sunar. Minimalist ancak g\u00fc\u00e7l\u00fc tak\u0131lar\u0131 seven erkekler i\u00e7in m\u00fckemmeldir.<\/p>\n<p><strong>\u0130\u015f\u00e7ilik:<\/strong><br \/>\n22 ayar sar\u0131 alt\u0131ndan titizlikle i\u015flenmi\u015f her bir halka, p\u00fcr\u00fczs\u00fcz bir y\u00fczey elde etmek i\u00e7in hassas bir \u015fekilde kesilmi\u015f ve maksimum parlakl\u0131k i\u00e7in cilalanm\u0131\u015ft\u0131r. Sa\u011flam toka, \u015f\u0131kl\u0131\u011f\u0131 korurken g\u00fcvenlik sa\u011flar. Zanaatkarlar\u0131m\u0131z, her detay\u0131n en y\u00fcksek kuyumculuk standartlar\u0131n\u0131 kar\u015f\u0131lad\u0131\u011f\u0131ndan emin olurlar.<\/p>\n<p><strong>Stil:<\/strong><br \/>\n\u00c7ok y\u00f6nl\u00fc ve erkeksi olan bu bileklik, g\u00fcnl\u00fck kullan\u0131m veya \u00f6zel g\u00fcnler i\u00e7in uygundur. Tak\u0131m elbise veya geleneksel k\u0131yafetlerle birlikte giyildi\u011finde, stilinizi zahmetsizce zenginle\u015ftirir. Modern beyefendiler i\u00e7in olmazsa olmaz bir aksesuard\u0131r.<\/p>","protected":false},"excerpt":{"rendered":"<p>Erkekler i\u00e7in klasik d\u00fcz kenarl\u0131 zincir bileklik, 22 ayar alt\u0131n ile el i\u015f\u00e7ili\u011fi. G\u00fc\u00e7l\u00fc, \u015f\u0131k ve g\u00fcnl\u00fck veya resmi giyim i\u00e7in ideal.<\/p>\n<ul>\n<li>22 Ayar Alt\u0131n Erkek Bileklik<\/li>\n<li>A\u011f\u0131rl\u0131k 35,5 gms<\/li>\n<li>SKU. 25519<\/li>\n<li>T\u00fcm fiyatlara KDV dahildir<\/li>\n<li>Londra Tahlil Ofisi Taraf\u0131ndan Damgalanm\u0131\u015f 22 Ayar Alt\u0131n<\/li>\n<li>Sunum Kutusu ile Birlikte Gelir<\/li>\n<li>Teslimat Dahil<\/li>\n<li>Stok durumu ve stokta bulunan benzer tasar\u0131mlar\u0131n daha fazla g\u00f6r\u00fcnt\u00fcs\u00fc i\u00e7in bizimle canl\u0131 sohbet edin<\/li>\n<\/ul>","protected":false},"featured_media":303890,"comment_status":"closed","ping_status":"closed","template":"","meta":{"_eb_attr":"","_crsspst_to_jayantr4sg-hostcom":false},"product_brand":[],"product_cat":[1559,1572,1628],"product_tag":[],"class_list":{"0":"post-303889","1":"product","2":"type-product","3":"status-publish","4":"has-post-thumbnail","6":"product_cat-birthday-gifts","7":"product_cat-mens-jewellery","8":"product_cat-mens-bracelet","10":"first","11":"outofstock","12":"taxable","13":"shipping-taxable","14":"product-type-simple","15":"add-to-wishlist-before_image"},"yoast_head":"<!-- This site is optimized with the Yoast SEO plugin v27.6 - https:\/\/yoast.com\/product\/yoast-seo-wordpress\/ -->\n<title>22ct Gold Men&#039;s Flat Curb Chain Bracelet | Elegant &amp; Durable<\/title>\n<meta name=\"description\" content=\"Explore timeless style with our 22ct Gold Men&#039;s Flat Curb Chain Bracelet. Crafted for strength and elegance, it&#039;s the perfect blend of bold design and comfort.\" \/>\n<meta name=\"robots\" content=\"index, follow, max-snippet:-1, max-image-preview:large, max-video-preview:-1\" \/>\n<link rel=\"canonical\" href=\"https:\/\/www.purejewels.com\/tr\/urun\/22-ayar-altin-erkek-bilezik-2\/\" \/>\n<meta property=\"og:locale\" content=\"tr_TR\" \/>\n<meta property=\"og:type\" content=\"article\" \/>\n<meta property=\"og:title\" content=\"22ct Gold Men&#039;s Flat Curb Chain Bracelet | Elegant &amp; Durable\" \/>\n<meta property=\"og:description\" content=\"Explore timeless style with our 22ct Gold Men&#039;s Flat Curb Chain Bracelet. Crafted for strength and elegance, it&#039;s the perfect blend of bold design and comfort.\" \/>\n<meta property=\"og:url\" content=\"https:\/\/www.purejewels.com\/tr\/urun\/22-ayar-altin-erkek-bilezik-2\/\" \/>\n<meta property=\"og:site_name\" content=\"PureJewels UK\" \/>\n<meta property=\"article:modified_time\" content=\"2026-01-06T09:55:45+00:00\" \/>\n<meta property=\"og:image\" content=\"https:\/\/static.purejewels.com\/wp-content\/uploads\/2018\/10\/25519_1.png\" \/>\n\t<meta property=\"og:image:width\" content=\"1000\" \/>\n\t<meta property=\"og:image:height\" content=\"1000\" \/>\n\t<meta property=\"og:image:type\" content=\"image\/png\" \/>\n<meta name=\"twitter:card\" content=\"summary_large_image\" \/>\n<meta name=\"twitter:label1\" content=\"Tahmini okuma s\u00fcresi\" \/>\n\t<meta name=\"twitter:data1\" content=\"1 dakika\" \/>\n<script type=\"application\/ld+json\" class=\"yoast-schema-graph\">{\"@context\":\"https:\\\/\\\/schema.org\",\"@graph\":[{\"@type\":[\"WebPage\",\"ItemPage\"],\"@id\":\"https:\\\/\\\/www.purejewels.com\\\/product\\\/22ct-gold-mens-bracelet-2\\\/\",\"url\":\"https:\\\/\\\/www.purejewels.com\\\/product\\\/22ct-gold-mens-bracelet-2\\\/\",\"name\":\"22ct Gold Men's Flat Curb Chain Bracelet | Elegant & Durable\",\"isPartOf\":{\"@id\":\"https:\\\/\\\/www.purejewels.com\\\/#website\"},\"primaryImageOfPage\":{\"@id\":\"https:\\\/\\\/www.purejewels.com\\\/product\\\/22ct-gold-mens-bracelet-2\\\/#primaryimage\"},\"image\":{\"@id\":\"https:\\\/\\\/www.purejewels.com\\\/product\\\/22ct-gold-mens-bracelet-2\\\/#primaryimage\"},\"thumbnailUrl\":\"https:\\\/\\\/static.purejewels.com\\\/wp-content\\\/uploads\\\/2018\\\/10\\\/25519_1.png\",\"datePublished\":\"2018-10-22T06:20:24+00:00\",\"dateModified\":\"2026-01-06T09:55:45+00:00\",\"description\":\"Explore timeless style with our 22ct Gold Men's Flat Curb Chain Bracelet. Crafted for strength and elegance, it's the perfect blend of bold design and comfort.\",\"breadcrumb\":{\"@id\":\"https:\\\/\\\/www.purejewels.com\\\/product\\\/22ct-gold-mens-bracelet-2\\\/#breadcrumb\"},\"inLanguage\":\"tr\",\"potentialAction\":[{\"@type\":\"ReadAction\",\"target\":[\"https:\\\/\\\/www.purejewels.com\\\/product\\\/22ct-gold-mens-bracelet-2\\\/\"]}]},{\"@type\":\"ImageObject\",\"inLanguage\":\"tr\",\"@id\":\"https:\\\/\\\/www.purejewels.com\\\/product\\\/22ct-gold-mens-bracelet-2\\\/#primaryimage\",\"url\":\"https:\\\/\\\/static.purejewels.com\\\/wp-content\\\/uploads\\\/2018\\\/10\\\/25519_1.png\",\"contentUrl\":\"https:\\\/\\\/static.purejewels.com\\\/wp-content\\\/uploads\\\/2018\\\/10\\\/25519_1.png\",\"width\":1000,\"height\":1000,\"caption\":\"25519_1\"},{\"@type\":\"BreadcrumbList\",\"@id\":\"https:\\\/\\\/www.purejewels.com\\\/product\\\/22ct-gold-mens-bracelet-2\\\/#breadcrumb\",\"itemListElement\":[{\"@type\":\"ListItem\",\"position\":1,\"name\":\"Home\",\"item\":\"https:\\\/\\\/www.purejewels.com\\\/\"},{\"@type\":\"ListItem\",\"position\":2,\"name\":\"Shop\",\"item\":\"https:\\\/\\\/www.purejewels.com\\\/shop\\\/\"},{\"@type\":\"ListItem\",\"position\":3,\"name\":\"22ct Gold Flat Curb Chain Bracelet \u2013 Men\u2019s\"}]},{\"@type\":\"WebSite\",\"@id\":\"https:\\\/\\\/www.purejewels.com\\\/#website\",\"url\":\"https:\\\/\\\/www.purejewels.com\\\/\",\"name\":\"PureJewels UK\",\"description\":\"Share the Love\",\"publisher\":{\"@id\":\"https:\\\/\\\/www.purejewels.com\\\/#organization\"},\"potentialAction\":[{\"@type\":\"SearchAction\",\"target\":{\"@type\":\"EntryPoint\",\"urlTemplate\":\"https:\\\/\\\/www.purejewels.com\\\/?s={search_term_string}\"},\"query-input\":{\"@type\":\"PropertyValueSpecification\",\"valueRequired\":true,\"valueName\":\"search_term_string\"}}],\"inLanguage\":\"tr\"},{\"@type\":\"Organization\",\"@id\":\"https:\\\/\\\/www.purejewels.com\\\/#organization\",\"name\":\"PureJewels UK\",\"url\":\"https:\\\/\\\/www.purejewels.com\\\/\",\"logo\":{\"@type\":\"ImageObject\",\"inLanguage\":\"tr\",\"@id\":\"https:\\\/\\\/www.purejewels.com\\\/#\\\/schema\\\/logo\\\/image\\\/\",\"url\":\"https:\\\/\\\/static.purejewels.com\\\/wp-content\\\/uploads\\\/2020\\\/11\\\/Logo-PJ-New-1.png\",\"contentUrl\":\"https:\\\/\\\/static.purejewels.com\\\/wp-content\\\/uploads\\\/2020\\\/11\\\/Logo-PJ-New-1.png\",\"width\":150,\"height\":80,\"caption\":\"PureJewels UK\"},\"image\":{\"@id\":\"https:\\\/\\\/www.purejewels.com\\\/#\\\/schema\\\/logo\\\/image\\\/\"}}]}<\/script>\n<!-- \/ Yoast SEO plugin. -->","yoast_head_json":{"title":"22 ayar alt\u0131n erkek d\u00fcz zincir bileklik | Zarif ve dayan\u0131kl\u0131","description":"22 ayar alt\u0131n erkek d\u00fcz zincir bilezi\u011fimizle zamans\u0131z stili ke\u015ffedin. G\u00fc\u00e7 ve zarafet i\u00e7in tasarlanan bu bilezik, cesur tasar\u0131m ve konforun m\u00fckemmel birle\u015fimidir.","robots":{"index":"index","follow":"follow","max-snippet":"max-snippet:-1","max-image-preview":"max-image-preview:large","max-video-preview":"max-video-preview:-1"},"canonical":"https:\/\/www.purejewels.com\/tr\/urun\/22-ayar-altin-erkek-bilezik-2\/","og_locale":"tr_TR","og_type":"article","og_title":"22ct Gold Men's Flat Curb Chain Bracelet | Elegant & Durable","og_description":"Explore timeless style with our 22ct Gold Men's Flat Curb Chain Bracelet. Crafted for strength and elegance, it's the perfect blend of bold design and comfort.","og_url":"https:\/\/www.purejewels.com\/tr\/urun\/22-ayar-altin-erkek-bilezik-2\/","og_site_name":"PureJewels UK","article_modified_time":"2026-01-06T09:55:45+00:00","og_image":[{"width":1000,"height":1000,"url":"https:\/\/static.purejewels.com\/wp-content\/uploads\/2018\/10\/25519_1.png","type":"image\/png"}],"twitter_card":"summary_large_image","twitter_misc":{"Tahmini okuma s\u00fcresi":"1 dakika"},"schema":{"@context":"https:\/\/schema.org","@graph":[{"@type":["WebPage","ItemPage"],"@id":"https:\/\/www.purejewels.com\/product\/22ct-gold-mens-bracelet-2\/","url":"https:\/\/www.purejewels.com\/product\/22ct-gold-mens-bracelet-2\/","name":"22 ayar alt\u0131n erkek d\u00fcz zincir bileklik | Zarif ve dayan\u0131kl\u0131","isPartOf":{"@id":"https:\/\/www.purejewels.com\/#website"},"primaryImageOfPage":{"@id":"https:\/\/www.purejewels.com\/product\/22ct-gold-mens-bracelet-2\/#primaryimage"},"image":{"@id":"https:\/\/www.purejewels.com\/product\/22ct-gold-mens-bracelet-2\/#primaryimage"},"thumbnailUrl":"https:\/\/static.purejewels.com\/wp-content\/uploads\/2018\/10\/25519_1.png","datePublished":"2018-10-22T06:20:24+00:00","dateModified":"2026-01-06T09:55:45+00:00","description":"22 ayar alt\u0131n erkek d\u00fcz zincir bilezi\u011fimizle zamans\u0131z stili ke\u015ffedin. G\u00fc\u00e7 ve zarafet i\u00e7in tasarlanan bu bilezik, cesur tasar\u0131m ve konforun m\u00fckemmel birle\u015fimidir.","breadcrumb":{"@id":"https:\/\/www.purejewels.com\/product\/22ct-gold-mens-bracelet-2\/#breadcrumb"},"inLanguage":"tr","potentialAction":[{"@type":"ReadAction","target":["https:\/\/www.purejewels.com\/product\/22ct-gold-mens-bracelet-2\/"]}]},{"@type":"ImageObject","inLanguage":"tr","@id":"https:\/\/www.purejewels.com\/product\/22ct-gold-mens-bracelet-2\/#primaryimage","url":"https:\/\/static.purejewels.com\/wp-content\/uploads\/2018\/10\/25519_1.png","contentUrl":"https:\/\/static.purejewels.com\/wp-content\/uploads\/2018\/10\/25519_1.png","width":1000,"height":1000,"caption":"25519_1"},{"@type":"BreadcrumbList","@id":"https:\/\/www.purejewels.com\/product\/22ct-gold-mens-bracelet-2\/#breadcrumb","itemListElement":[{"@type":"ListItem","position":1,"name":"Home","item":"https:\/\/www.purejewels.com\/"},{"@type":"ListItem","position":2,"name":"Shop","item":"https:\/\/www.purejewels.com\/shop\/"},{"@type":"ListItem","position":3,"name":"22ct Gold Flat Curb Chain Bracelet \u2013 Men\u2019s"}]},{"@type":"WebSite","@id":"https:\/\/www.purejewels.com\/#website","url":"https:\/\/www.purejewels.com\/","name":"PureJewels \u0130ngiltere","description":"Sevgiyi Payla\u015f\u0131n","publisher":{"@id":"https:\/\/www.purejewels.com\/#organization"},"potentialAction":[{"@type":"SearchAction","target":{"@type":"EntryPoint","urlTemplate":"https:\/\/www.purejewels.com\/?s={search_term_string}"},"query-input":{"@type":"PropertyValueSpecification","valueRequired":true,"valueName":"search_term_string"}}],"inLanguage":"tr"},{"@type":"Organization","@id":"https:\/\/www.purejewels.com\/#organization","name":"PureJewels \u0130ngiltere","url":"https:\/\/www.purejewels.com\/","logo":{"@type":"ImageObject","inLanguage":"tr","@id":"https:\/\/www.purejewels.com\/#\/schema\/logo\/image\/","url":"https:\/\/static.purejewels.com\/wp-content\/uploads\/2020\/11\/Logo-PJ-New-1.png","contentUrl":"https:\/\/static.purejewels.com\/wp-content\/uploads\/2020\/11\/Logo-PJ-New-1.png","width":150,"height":80,"caption":"PureJewels UK"},"image":{"@id":"https:\/\/www.purejewels.com\/#\/schema\/logo\/image\/"}}]}},"_links":{"self":[{"href":"https:\/\/www.purejewels.com\/tr\/wp-json\/wp\/v2\/product\/303889","targetHints":{"allow":["GET"]}}],"collection":[{"href":"https:\/\/www.purejewels.com\/tr\/wp-json\/wp\/v2\/product"}],"about":[{"href":"https:\/\/www.purejewels.com\/tr\/wp-json\/wp\/v2\/types\/product"}],"replies":[{"embeddable":true,"href":"https:\/\/www.purejewels.com\/tr\/wp-json\/wp\/v2\/comments?post=303889"}],"version-history":[{"count":2,"href":"https:\/\/www.purejewels.com\/tr\/wp-json\/wp\/v2\/product\/303889\/revisions"}],"predecessor-version":[{"id":424031,"href":"https:\/\/www.purejewels.com\/tr\/wp-json\/wp\/v2\/product\/303889\/revisions\/424031"}],"wp:featuredmedia":[{"embeddable":true,"href":"https:\/\/www.purejewels.com\/tr\/wp-json\/wp\/v2\/media\/303890"}],"wp:attachment":[{"href":"https:\/\/www.purejewels.com\/tr\/wp-json\/wp\/v2\/media?parent=303889"}],"wp:term":[{"taxonomy":"product_brand","embeddable":true,"href":"https:\/\/www.purejewels.com\/tr\/wp-json\/wp\/v2\/product_brand?post=303889"},{"taxonomy":"product_cat","embeddable":true,"href":"https:\/\/www.purejewels.com\/tr\/wp-json\/wp\/v2\/product_cat?post=303889"},{"taxonomy":"product_tag","embeddable":true,"href":"https:\/\/www.purejewels.com\/tr\/wp-json\/wp\/v2\/product_tag?post=303889"}],"curies":[{"name":"wp","href":"https:\/\/api.w.org\/{rel}","templated":true}]}}