{"id":303893,"date":"2018-10-22T07:11:10","date_gmt":"2018-10-22T06:11:10","guid":{"rendered":"https:\/\/www.purejewels.com\/?post_type=product&#038;p=303893"},"modified":"2026-01-06T09:55:46","modified_gmt":"2026-01-06T09:55:46","slug":"18-ayar-altin-erkek-bilezik-3","status":"publish","type":"product","link":"https:\/\/www.purejewels.com\/tr\/product\/18ct-gold-mens-bracelet-3\/","title":{"rendered":"18 ayar sar\u0131 alt\u0131n erkek bilezi\u011fi"},"content":{"rendered":"<p>Enfes \u00fcr\u00fcnlerimizle tan\u0131\u015f\u0131n <a href=\"https:\/\/www.purejewels.com\/tr\/product\/18ct-white-gold-khanda-sikh-religious-pendant-6226\/\">18ct<\/a> alt\u0131n erkekler <a href=\"https:\/\/www.purejewels.com\/tr\/product-category\/22ct-gold-jewellery\/gold-bracelet\/\">Bilezik<\/a>, sofistike ve stil sahibi l\u00fcks bir aksesuard\u0131r. Hassasiyet ve detaylara g\u00f6sterilen \u00f6zenle el yap\u0131m\u0131 olarak \u00fcretilen bu \u00e7arp\u0131c\u0131 bilezik, her erke\u011fin gard\u0131robuna m\u00fckemmel bir ektir. Y\u00fcksek kaliteli 18 ayar alt\u0131ndan \u00fcretilen bu bilezik, sadece bir ifade par\u00e7as\u0131 de\u011fil, ayn\u0131 zamanda \u00f6m\u00fcr boyu s\u00fcrecek zamans\u0131z bir yat\u0131r\u0131md\u0131r.<\/p>\n<p>18 ayar alt\u0131n erkek bilekli\u011fimiz, ince i\u015f\u00e7ili\u011fi ve kaliteli malzemeleri takdir eden modern erkekler i\u00e7in tasarlanm\u0131\u015ft\u0131r. \u0130ster \u00f6zel bir g\u00fcn i\u00e7in giyiniyor olun, ister g\u00fcnl\u00fck g\u00f6r\u00fcn\u00fcm\u00fcn\u00fcz\u00fc g\u00fczelle\u015ftirmek istiyor olun, bu bileklik dikkatleri \u00fczerinize \u00e7ekecek ve kal\u0131c\u0131 bir etki b\u0131rakacakt\u0131r.<\/p>\n<p>PureJewels UK'de, hem \u015f\u0131k hem de dayan\u0131kl\u0131 en iyi m\u00fccevher par\u00e7alar\u0131n\u0131 sunmaktan gurur duyuyoruz. \u00dccretsiz takipli teslimat\u0131m\u0131z, g\u00fcvenli online \u00f6demelerimiz ve 30 g\u00fcnl\u00fck para iade garantimizle, memnuniyetinizin en \u00f6nemli \u00f6nceli\u011fimiz oldu\u011funu bilerek g\u00fcvenle al\u0131\u015fveri\u015f yapabilirsiniz. Bu olmazsa olmaz aksesuar\u0131 ka\u00e7\u0131rmay\u0131n - 18 ayar alt\u0131n erkek bilekli\u011finizi bug\u00fcn sipari\u015f edin ve tarz\u0131n\u0131z\u0131 bir \u00fcst seviyeye ta\u015f\u0131y\u0131n.<\/p>","protected":false},"excerpt":{"rendered":"<p>Londra'da ustal\u0131kla i\u015flenmi\u015f, g\u00fc\u00e7l\u00fc ve zarif bir 18 ayar alt\u0131n erkek bilezi\u011fi. Klasik kimlik \u00e7ubu\u011fu tasar\u0131m\u0131 ve karma\u015f\u0131k \u00f6rg\u00fcl\u00fc ba\u011flant\u0131lar\u0131 ile ki\u015fisel bir d\u00f6n\u00fcm noktas\u0131n\u0131 kaz\u0131mak veya i\u015faretlemek i\u00e7in m\u00fckemmeldir.<\/p>\n<ul>\n<li>18 Ayar Alt\u0131n Erkek Bileklik A\u011f\u0131rl\u0131k. 46,1 gms<\/li>\n<li>SKU. 19387<\/li>\n<li>T\u00fcm fiyatlara KDV dahildir<\/li>\n<li>Londra Tahlil Ofisi Taraf\u0131ndan Damgalanm\u0131\u015f 18 Ayar Alt\u0131n<\/li>\n<li>Sunum Kutusu ile Birlikte Gelir<\/li>\n<li>Teslimat Dahil<\/li>\n<li>Stok durumu ve stokta bulunan benzer tasar\u0131mlar\u0131n daha fazla g\u00f6r\u00fcnt\u00fcs\u00fc i\u00e7in bizimle canl\u0131 sohbet edin<\/li>\n<\/ul>","protected":false},"featured_media":315702,"comment_status":"closed","ping_status":"closed","template":"","meta":{"_eb_attr":"","_crsspst_to_jayantr4sg-hostcom":false},"product_brand":[],"product_cat":[1324,1229,1628],"product_tag":[],"class_list":{"0":"post-303893","1":"product","2":"type-product","3":"status-publish","4":"has-post-thumbnail","6":"product_cat-gold-bracelet","7":"product_cat-22ct-gold-jewellery","8":"product_cat-mens-bracelet","10":"first","11":"outofstock","12":"taxable","13":"shipping-taxable","14":"product-type-simple","15":"add-to-wishlist-before_image"},"yoast_head":"<!-- This site is optimized with the Yoast SEO plugin v27.6 - https:\/\/yoast.com\/product\/yoast-seo-wordpress\/ -->\n<title>18ct Gold Men\u2019s Bracelet | Heritage Craftsmanship | PureJewels<\/title>\n<meta name=\"description\" content=\"Discover our handcrafted 18ct Gold Men\u2019s Bracelet \u2013 a bold fusion of timeless design and fine craftsmanship. Hallmarked in London and made to honour your journey.\" \/>\n<meta name=\"robots\" content=\"index, follow, max-snippet:-1, max-image-preview:large, max-video-preview:-1\" \/>\n<link rel=\"canonical\" href=\"https:\/\/www.purejewels.com\/tr\/urun\/18-ayar-altin-erkek-bilezik-3\/\" \/>\n<meta property=\"og:locale\" content=\"tr_TR\" \/>\n<meta property=\"og:type\" content=\"article\" \/>\n<meta property=\"og:title\" content=\"18ct Gold Men\u2019s Bracelet | Heritage Craftsmanship | PureJewels\" \/>\n<meta property=\"og:description\" content=\"Discover our handcrafted 18ct Gold Men\u2019s Bracelet \u2013 a bold fusion of timeless design and fine craftsmanship. Hallmarked in London and made to honour your journey.\" \/>\n<meta property=\"og:url\" content=\"https:\/\/www.purejewels.com\/tr\/urun\/18-ayar-altin-erkek-bilezik-3\/\" \/>\n<meta property=\"og:site_name\" content=\"PureJewels UK\" \/>\n<meta property=\"article:modified_time\" content=\"2026-01-06T09:55:46+00:00\" \/>\n<meta property=\"og:image\" content=\"https:\/\/static.purejewels.com\/wp-content\/uploads\/2020\/07\/175663974.jpg\" \/>\n\t<meta property=\"og:image:width\" content=\"1000\" \/>\n\t<meta property=\"og:image:height\" content=\"1000\" \/>\n\t<meta property=\"og:image:type\" content=\"image\/jpeg\" \/>\n<meta name=\"twitter:card\" content=\"summary_large_image\" \/>\n<meta name=\"twitter:label1\" content=\"Tahmini okuma s\u00fcresi\" \/>\n\t<meta name=\"twitter:data1\" content=\"1 dakika\" \/>\n<script type=\"application\/ld+json\" class=\"yoast-schema-graph\">{\"@context\":\"https:\\\/\\\/schema.org\",\"@graph\":[{\"@type\":[\"WebPage\",\"ItemPage\"],\"@id\":\"https:\\\/\\\/www.purejewels.com\\\/product\\\/18ct-gold-mens-bracelet-3\\\/\",\"url\":\"https:\\\/\\\/www.purejewels.com\\\/product\\\/18ct-gold-mens-bracelet-3\\\/\",\"name\":\"18ct Gold Men\u2019s Bracelet | Heritage Craftsmanship | PureJewels\",\"isPartOf\":{\"@id\":\"https:\\\/\\\/www.purejewels.com\\\/#website\"},\"primaryImageOfPage\":{\"@id\":\"https:\\\/\\\/www.purejewels.com\\\/product\\\/18ct-gold-mens-bracelet-3\\\/#primaryimage\"},\"image\":{\"@id\":\"https:\\\/\\\/www.purejewels.com\\\/product\\\/18ct-gold-mens-bracelet-3\\\/#primaryimage\"},\"thumbnailUrl\":\"https:\\\/\\\/static.purejewels.com\\\/wp-content\\\/uploads\\\/2020\\\/07\\\/175663974.jpg\",\"datePublished\":\"2018-10-22T06:11:10+00:00\",\"dateModified\":\"2026-01-06T09:55:46+00:00\",\"description\":\"Discover our handcrafted 18ct Gold Men\u2019s Bracelet \u2013 a bold fusion of timeless design and fine craftsmanship. Hallmarked in London and made to honour your journey.\",\"breadcrumb\":{\"@id\":\"https:\\\/\\\/www.purejewels.com\\\/product\\\/18ct-gold-mens-bracelet-3\\\/#breadcrumb\"},\"inLanguage\":\"tr\",\"potentialAction\":[{\"@type\":\"ReadAction\",\"target\":[\"https:\\\/\\\/www.purejewels.com\\\/product\\\/18ct-gold-mens-bracelet-3\\\/\"]}]},{\"@type\":\"ImageObject\",\"inLanguage\":\"tr\",\"@id\":\"https:\\\/\\\/www.purejewels.com\\\/product\\\/18ct-gold-mens-bracelet-3\\\/#primaryimage\",\"url\":\"https:\\\/\\\/static.purejewels.com\\\/wp-content\\\/uploads\\\/2020\\\/07\\\/175663974.jpg\",\"contentUrl\":\"https:\\\/\\\/static.purejewels.com\\\/wp-content\\\/uploads\\\/2020\\\/07\\\/175663974.jpg\",\"width\":1000,\"height\":1000},{\"@type\":\"BreadcrumbList\",\"@id\":\"https:\\\/\\\/www.purejewels.com\\\/product\\\/18ct-gold-mens-bracelet-3\\\/#breadcrumb\",\"itemListElement\":[{\"@type\":\"ListItem\",\"position\":1,\"name\":\"Home\",\"item\":\"https:\\\/\\\/www.purejewels.com\\\/\"},{\"@type\":\"ListItem\",\"position\":2,\"name\":\"Shop\",\"item\":\"https:\\\/\\\/www.purejewels.com\\\/shop\\\/\"},{\"@type\":\"ListItem\",\"position\":3,\"name\":\"18ct Yellow Gold Men&#8217;s Bracelet\"}]},{\"@type\":\"WebSite\",\"@id\":\"https:\\\/\\\/www.purejewels.com\\\/#website\",\"url\":\"https:\\\/\\\/www.purejewels.com\\\/\",\"name\":\"PureJewels UK\",\"description\":\"Share the Love\",\"publisher\":{\"@id\":\"https:\\\/\\\/www.purejewels.com\\\/#organization\"},\"potentialAction\":[{\"@type\":\"SearchAction\",\"target\":{\"@type\":\"EntryPoint\",\"urlTemplate\":\"https:\\\/\\\/www.purejewels.com\\\/?s={search_term_string}\"},\"query-input\":{\"@type\":\"PropertyValueSpecification\",\"valueRequired\":true,\"valueName\":\"search_term_string\"}}],\"inLanguage\":\"tr\"},{\"@type\":\"Organization\",\"@id\":\"https:\\\/\\\/www.purejewels.com\\\/#organization\",\"name\":\"PureJewels UK\",\"url\":\"https:\\\/\\\/www.purejewels.com\\\/\",\"logo\":{\"@type\":\"ImageObject\",\"inLanguage\":\"tr\",\"@id\":\"https:\\\/\\\/www.purejewels.com\\\/#\\\/schema\\\/logo\\\/image\\\/\",\"url\":\"https:\\\/\\\/static.purejewels.com\\\/wp-content\\\/uploads\\\/2020\\\/11\\\/Logo-PJ-New-1.png\",\"contentUrl\":\"https:\\\/\\\/static.purejewels.com\\\/wp-content\\\/uploads\\\/2020\\\/11\\\/Logo-PJ-New-1.png\",\"width\":150,\"height\":80,\"caption\":\"PureJewels UK\"},\"image\":{\"@id\":\"https:\\\/\\\/www.purejewels.com\\\/#\\\/schema\\\/logo\\\/image\\\/\"}}]}<\/script>\n<!-- \/ Yoast SEO plugin. -->","yoast_head_json":{"title":"18 ayar alt\u0131n erkek bilezik | Geleneksel zanaatkarl\u0131k | PureJewels","description":"Zamans\u0131z tasar\u0131m ve ince i\u015f\u00e7ili\u011fin cesur bir birle\u015fimi olan el yap\u0131m\u0131 18 ayar alt\u0131n erkek bilezi\u011fimizi ke\u015ffedin. Londra'da damgalanm\u0131\u015f ve yolculu\u011funuzu onurland\u0131rmak i\u00e7in \u00fcretilmi\u015ftir.","robots":{"index":"index","follow":"follow","max-snippet":"max-snippet:-1","max-image-preview":"max-image-preview:large","max-video-preview":"max-video-preview:-1"},"canonical":"https:\/\/www.purejewels.com\/tr\/urun\/18-ayar-altin-erkek-bilezik-3\/","og_locale":"tr_TR","og_type":"article","og_title":"18ct Gold Men\u2019s Bracelet | Heritage Craftsmanship | PureJewels","og_description":"Discover our handcrafted 18ct Gold Men\u2019s Bracelet \u2013 a bold fusion of timeless design and fine craftsmanship. Hallmarked in London and made to honour your journey.","og_url":"https:\/\/www.purejewels.com\/tr\/urun\/18-ayar-altin-erkek-bilezik-3\/","og_site_name":"PureJewels UK","article_modified_time":"2026-01-06T09:55:46+00:00","og_image":[{"width":1000,"height":1000,"url":"https:\/\/static.purejewels.com\/wp-content\/uploads\/2020\/07\/175663974.jpg","type":"image\/jpeg"}],"twitter_card":"summary_large_image","twitter_misc":{"Tahmini okuma s\u00fcresi":"1 dakika"},"schema":{"@context":"https:\/\/schema.org","@graph":[{"@type":["WebPage","ItemPage"],"@id":"https:\/\/www.purejewels.com\/product\/18ct-gold-mens-bracelet-3\/","url":"https:\/\/www.purejewels.com\/product\/18ct-gold-mens-bracelet-3\/","name":"18 ayar alt\u0131n erkek bilezik | Geleneksel zanaatkarl\u0131k | PureJewels","isPartOf":{"@id":"https:\/\/www.purejewels.com\/#website"},"primaryImageOfPage":{"@id":"https:\/\/www.purejewels.com\/product\/18ct-gold-mens-bracelet-3\/#primaryimage"},"image":{"@id":"https:\/\/www.purejewels.com\/product\/18ct-gold-mens-bracelet-3\/#primaryimage"},"thumbnailUrl":"https:\/\/static.purejewels.com\/wp-content\/uploads\/2020\/07\/175663974.jpg","datePublished":"2018-10-22T06:11:10+00:00","dateModified":"2026-01-06T09:55:46+00:00","description":"Zamans\u0131z tasar\u0131m ve ince i\u015f\u00e7ili\u011fin cesur bir birle\u015fimi olan el yap\u0131m\u0131 18 ayar alt\u0131n erkek bilezi\u011fimizi ke\u015ffedin. Londra'da damgalanm\u0131\u015f ve yolculu\u011funuzu onurland\u0131rmak i\u00e7in \u00fcretilmi\u015ftir.","breadcrumb":{"@id":"https:\/\/www.purejewels.com\/product\/18ct-gold-mens-bracelet-3\/#breadcrumb"},"inLanguage":"tr","potentialAction":[{"@type":"ReadAction","target":["https:\/\/www.purejewels.com\/product\/18ct-gold-mens-bracelet-3\/"]}]},{"@type":"ImageObject","inLanguage":"tr","@id":"https:\/\/www.purejewels.com\/product\/18ct-gold-mens-bracelet-3\/#primaryimage","url":"https:\/\/static.purejewels.com\/wp-content\/uploads\/2020\/07\/175663974.jpg","contentUrl":"https:\/\/static.purejewels.com\/wp-content\/uploads\/2020\/07\/175663974.jpg","width":1000,"height":1000},{"@type":"BreadcrumbList","@id":"https:\/\/www.purejewels.com\/product\/18ct-gold-mens-bracelet-3\/#breadcrumb","itemListElement":[{"@type":"ListItem","position":1,"name":"Home","item":"https:\/\/www.purejewels.com\/"},{"@type":"ListItem","position":2,"name":"Shop","item":"https:\/\/www.purejewels.com\/shop\/"},{"@type":"ListItem","position":3,"name":"18ct Yellow Gold Men&#8217;s Bracelet"}]},{"@type":"WebSite","@id":"https:\/\/www.purejewels.com\/#website","url":"https:\/\/www.purejewels.com\/","name":"PureJewels \u0130ngiltere","description":"Sevgiyi Payla\u015f\u0131n","publisher":{"@id":"https:\/\/www.purejewels.com\/#organization"},"potentialAction":[{"@type":"SearchAction","target":{"@type":"EntryPoint","urlTemplate":"https:\/\/www.purejewels.com\/?s={search_term_string}"},"query-input":{"@type":"PropertyValueSpecification","valueRequired":true,"valueName":"search_term_string"}}],"inLanguage":"tr"},{"@type":"Organization","@id":"https:\/\/www.purejewels.com\/#organization","name":"PureJewels \u0130ngiltere","url":"https:\/\/www.purejewels.com\/","logo":{"@type":"ImageObject","inLanguage":"tr","@id":"https:\/\/www.purejewels.com\/#\/schema\/logo\/image\/","url":"https:\/\/static.purejewels.com\/wp-content\/uploads\/2020\/11\/Logo-PJ-New-1.png","contentUrl":"https:\/\/static.purejewels.com\/wp-content\/uploads\/2020\/11\/Logo-PJ-New-1.png","width":150,"height":80,"caption":"PureJewels UK"},"image":{"@id":"https:\/\/www.purejewels.com\/#\/schema\/logo\/image\/"}}]}},"_links":{"self":[{"href":"https:\/\/www.purejewels.com\/tr\/wp-json\/wp\/v2\/product\/303893","targetHints":{"allow":["GET"]}}],"collection":[{"href":"https:\/\/www.purejewels.com\/tr\/wp-json\/wp\/v2\/product"}],"about":[{"href":"https:\/\/www.purejewels.com\/tr\/wp-json\/wp\/v2\/types\/product"}],"replies":[{"embeddable":true,"href":"https:\/\/www.purejewels.com\/tr\/wp-json\/wp\/v2\/comments?post=303893"}],"version-history":[{"count":4,"href":"https:\/\/www.purejewels.com\/tr\/wp-json\/wp\/v2\/product\/303893\/revisions"}],"predecessor-version":[{"id":423215,"href":"https:\/\/www.purejewels.com\/tr\/wp-json\/wp\/v2\/product\/303893\/revisions\/423215"}],"wp:featuredmedia":[{"embeddable":true,"href":"https:\/\/www.purejewels.com\/tr\/wp-json\/wp\/v2\/media\/315702"}],"wp:attachment":[{"href":"https:\/\/www.purejewels.com\/tr\/wp-json\/wp\/v2\/media?parent=303893"}],"wp:term":[{"taxonomy":"product_brand","embeddable":true,"href":"https:\/\/www.purejewels.com\/tr\/wp-json\/wp\/v2\/product_brand?post=303893"},{"taxonomy":"product_cat","embeddable":true,"href":"https:\/\/www.purejewels.com\/tr\/wp-json\/wp\/v2\/product_cat?post=303893"},{"taxonomy":"product_tag","embeddable":true,"href":"https:\/\/www.purejewels.com\/tr\/wp-json\/wp\/v2\/product_tag?post=303893"}],"curies":[{"name":"wp","href":"https:\/\/api.w.org\/{rel}","templated":true}]}}