{"id":303899,"date":"2018-10-22T06:49:07","date_gmt":"2018-10-22T05:49:07","guid":{"rendered":"https:\/\/www.purejewels.com\/?post_type=product&#038;p=303899"},"modified":"2025-12-22T06:24:37","modified_gmt":"2025-12-22T06:24:37","slug":"22-ayar-altin-bant-yuzuk-9","status":"publish","type":"product","link":"https:\/\/www.purejewels.com\/tr\/product\/22ct-gold-band-ring-9\/","title":{"rendered":"22 ayar alt\u0131n bant y\u00fcz\u00fck, oyulmu\u015f yay grav\u00fcr"},"content":{"rendered":"<p><strong>Tasar\u0131m<\/strong><\/p>\n<p>Heykelsi ve zarif olan bu geni\u015f 22 ayar alt\u0131n y\u00fcz\u00fck, b\u00fcy\u00fcleyici bir yay \u015feklinde oyulmu\u015f desenle dikkat \u00e7ekiyor. Bu desen, d\u00f6ng\u00fcleri, hareketi ve birli\u011fi yans\u0131tan tekrarlanan bir motif. Tasar\u0131m\u0131n temiz simetrisi, geni\u015fli\u011fi sayesinde daha da vurgulan\u0131yor ve y\u00fcz\u00fc\u011fe sofistike bir hava katarken daha cesur bir g\u00f6r\u00fcn\u00fcm kazand\u0131r\u0131yor.<\/p>\n<p>Zamans\u0131z bir \u00f6zg\u00fcvenin simgesi olan bu tasar\u0131m, detaylar\u0131n derinli\u011fini takdir edenler i\u00e7in m\u00fckemmeldir.<\/p>\n<p><strong>Zanaatkarl\u0131k<\/strong><\/p>\n<p>Zengin 22 ayar alt\u0131nla el i\u015f\u00e7ili\u011fi ile tamamlanan bu par\u00e7a, keskin ve kal\u0131c\u0131 detaylar i\u00e7in geleneksel kal\u0131p bask\u0131 teknikleri kullan\u0131larak yarat\u0131lm\u0131\u015ft\u0131r. Y\u00fcz\u00fck, safl\u0131k ve orijinalli\u011fi garanti eden Londra Assay Office taraf\u0131ndan damgalanm\u0131\u015ft\u0131r.<\/p>\n<p>P\u00fcr\u00fczs\u00fcz i\u00e7 k\u0131sm\u0131, g\u00fcn boyu rahatl\u0131k sa\u011flar ve g\u00fcnl\u00fck \u015f\u0131kl\u0131k veya \u00f6zel g\u00fcnler i\u00e7in m\u00fckemmel bir se\u00e7imdir.<\/p>\n<p><strong>Stil<\/strong><\/p>\n<p>Bu y\u00fcz\u00fck, farkl\u0131l\u0131k arayan modern damatlar veya ki\u015fisel bir ba\u015far\u0131y\u0131 ya da d\u00f6n\u00fcm noktas\u0131n\u0131 kutlamak isteyenler i\u00e7in ideal bir se\u00e7imdir. Temiz geometrisi ve zengin alt\u0131n rengi, onu nesiller, cinsiyetler ve gelenekler aras\u0131nda evrensel bir \u015f\u0131kl\u0131k kazand\u0131r\u0131r.<\/p>","protected":false},"excerpt":{"rendered":"<p>Devaml\u0131l\u0131\u011f\u0131 ve g\u00fcc\u00fc simgeleyen ritmik yay grav\u00fcrlerle s\u00fcslenmi\u015f, cesur ve geni\u015f bir 22 ayar alt\u0131n y\u00fcz\u00fck. Londra'da hassas bir i\u015f\u00e7ilikle \u00fcretilmi\u015f ve damgal\u0131d\u0131r.<\/p>\n<ul>\n<li>22 Ayar Alt\u0131n Y\u00fcz\u00fck Band\u0131<\/li>\n<li>Y\u00fcz\u00fck a\u011f\u0131rl\u0131\u011f\u0131 6,7 g<\/li>\n<li>Bant Boyutu. P 1\/2<\/li>\n<li>Parmak \u00f6l\u00e7\u00fcn\u00fcze g\u00f6re sipari\u015f edilebilir<\/li>\n<li>SKU. 28226<\/li>\n<li>T\u00fcm \u00fcr\u00fcnlerimiz London Assay Office taraf\u0131ndan damgalanm\u0131\u015ft\u0131r<\/li>\n<li>Sunum kutusu ile birlikte gelir<\/li>\n<li>Teslimat Dahil<\/li>\n<li>T\u00fcm fiyatlara KDV dahildir<\/li>\n<li>Bizimle ileti\u015fime ge\u00e7in \/ 22 Ayar Alt\u0131n Y\u00fcz\u00fckler i\u00e7in bizimle sohbet edin<\/li>\n<\/ul>","protected":false},"featured_media":315785,"comment_status":"closed","ping_status":"closed","template":"","meta":{"_eb_attr":"","_crsspst_to_jayantr4sg-hostcom":true},"product_brand":[],"product_cat":[1229,229,1573],"product_tag":[],"class_list":{"0":"post-303899","1":"product","2":"type-product","3":"status-publish","4":"has-post-thumbnail","6":"product_cat-22ct-gold-jewellery","7":"product_cat-wedding-bands","8":"product_cat-wedding-gifts","10":"first","11":"outofstock","12":"featured","13":"taxable","14":"shipping-taxable","15":"product-type-simple","16":"add-to-wishlist-before_image"},"yoast_head":"<!-- This site is optimized with the Yoast SEO plugin v27.6 - https:\/\/yoast.com\/product\/yoast-seo-wordpress\/ -->\n<title>Wide 22ct Gold Ring | Arc Engraved Statement Band | PureJewels<\/title>\n<meta name=\"description\" content=\"Make a statement with this wide 22ct gold ring featuring sculpted arc engravings. A bold interpretation of traditional craftsmanship by PureJewels.\" \/>\n<meta name=\"robots\" content=\"index, follow, max-snippet:-1, max-image-preview:large, max-video-preview:-1\" \/>\n<link rel=\"canonical\" href=\"https:\/\/www.purejewels.com\/tr\/urun\/22-ayar-altin-bant-yuzuk-9\/\" \/>\n<meta property=\"og:locale\" content=\"tr_TR\" \/>\n<meta property=\"og:type\" content=\"article\" \/>\n<meta property=\"og:title\" content=\"Wide 22ct Gold Ring | Arc Engraved Statement Band | PureJewels\" \/>\n<meta property=\"og:description\" content=\"Make a statement with this wide 22ct gold ring featuring sculpted arc engravings. A bold interpretation of traditional craftsmanship by PureJewels.\" \/>\n<meta property=\"og:url\" content=\"https:\/\/www.purejewels.com\/tr\/urun\/22-ayar-altin-bant-yuzuk-9\/\" \/>\n<meta property=\"og:site_name\" content=\"PureJewels UK\" \/>\n<meta property=\"article:modified_time\" content=\"2025-12-22T06:24:37+00:00\" \/>\n<meta property=\"og:image\" content=\"https:\/\/static.purejewels.com\/wp-content\/uploads\/2020\/07\/175586996-1.jpg\" \/>\n\t<meta property=\"og:image:width\" content=\"1000\" \/>\n\t<meta property=\"og:image:height\" content=\"1000\" \/>\n\t<meta property=\"og:image:type\" content=\"image\/jpeg\" \/>\n<meta name=\"twitter:card\" content=\"summary_large_image\" \/>\n<meta name=\"twitter:label1\" content=\"Tahmini okuma s\u00fcresi\" \/>\n\t<meta name=\"twitter:data1\" content=\"1 dakika\" \/>\n<script type=\"application\/ld+json\" class=\"yoast-schema-graph\">{\"@context\":\"https:\\\/\\\/schema.org\",\"@graph\":[{\"@type\":[\"WebPage\",\"ItemPage\"],\"@id\":\"https:\\\/\\\/www.purejewels.com\\\/product\\\/22ct-gold-band-ring-9\\\/\",\"url\":\"https:\\\/\\\/www.purejewels.com\\\/product\\\/22ct-gold-band-ring-9\\\/\",\"name\":\"Wide 22ct Gold Ring | Arc Engraved Statement Band | PureJewels\",\"isPartOf\":{\"@id\":\"https:\\\/\\\/www.purejewels.com\\\/#website\"},\"primaryImageOfPage\":{\"@id\":\"https:\\\/\\\/www.purejewels.com\\\/product\\\/22ct-gold-band-ring-9\\\/#primaryimage\"},\"image\":{\"@id\":\"https:\\\/\\\/www.purejewels.com\\\/product\\\/22ct-gold-band-ring-9\\\/#primaryimage\"},\"thumbnailUrl\":\"https:\\\/\\\/static.purejewels.com\\\/wp-content\\\/uploads\\\/2020\\\/07\\\/175586996-1.jpg\",\"datePublished\":\"2018-10-22T05:49:07+00:00\",\"dateModified\":\"2025-12-22T06:24:37+00:00\",\"description\":\"Make a statement with this wide 22ct gold ring featuring sculpted arc engravings. A bold interpretation of traditional craftsmanship by PureJewels.\",\"breadcrumb\":{\"@id\":\"https:\\\/\\\/www.purejewels.com\\\/product\\\/22ct-gold-band-ring-9\\\/#breadcrumb\"},\"inLanguage\":\"tr\",\"potentialAction\":[{\"@type\":\"ReadAction\",\"target\":[\"https:\\\/\\\/www.purejewels.com\\\/product\\\/22ct-gold-band-ring-9\\\/\"]}]},{\"@type\":\"ImageObject\",\"inLanguage\":\"tr\",\"@id\":\"https:\\\/\\\/www.purejewels.com\\\/product\\\/22ct-gold-band-ring-9\\\/#primaryimage\",\"url\":\"https:\\\/\\\/static.purejewels.com\\\/wp-content\\\/uploads\\\/2020\\\/07\\\/175586996-1.jpg\",\"contentUrl\":\"https:\\\/\\\/static.purejewels.com\\\/wp-content\\\/uploads\\\/2020\\\/07\\\/175586996-1.jpg\",\"width\":1000,\"height\":1000},{\"@type\":\"BreadcrumbList\",\"@id\":\"https:\\\/\\\/www.purejewels.com\\\/product\\\/22ct-gold-band-ring-9\\\/#breadcrumb\",\"itemListElement\":[{\"@type\":\"ListItem\",\"position\":1,\"name\":\"Home\",\"item\":\"https:\\\/\\\/www.purejewels.com\\\/\"},{\"@type\":\"ListItem\",\"position\":2,\"name\":\"Shop\",\"item\":\"https:\\\/\\\/www.purejewels.com\\\/shop\\\/\"},{\"@type\":\"ListItem\",\"position\":3,\"name\":\"22ct Gold Band Ring with Sculpted Arc Engraving\"}]},{\"@type\":\"WebSite\",\"@id\":\"https:\\\/\\\/www.purejewels.com\\\/#website\",\"url\":\"https:\\\/\\\/www.purejewels.com\\\/\",\"name\":\"PureJewels UK\",\"description\":\"Share the Love\",\"publisher\":{\"@id\":\"https:\\\/\\\/www.purejewels.com\\\/#organization\"},\"potentialAction\":[{\"@type\":\"SearchAction\",\"target\":{\"@type\":\"EntryPoint\",\"urlTemplate\":\"https:\\\/\\\/www.purejewels.com\\\/?s={search_term_string}\"},\"query-input\":{\"@type\":\"PropertyValueSpecification\",\"valueRequired\":true,\"valueName\":\"search_term_string\"}}],\"inLanguage\":\"tr\"},{\"@type\":\"Organization\",\"@id\":\"https:\\\/\\\/www.purejewels.com\\\/#organization\",\"name\":\"PureJewels UK\",\"url\":\"https:\\\/\\\/www.purejewels.com\\\/\",\"logo\":{\"@type\":\"ImageObject\",\"inLanguage\":\"tr\",\"@id\":\"https:\\\/\\\/www.purejewels.com\\\/#\\\/schema\\\/logo\\\/image\\\/\",\"url\":\"https:\\\/\\\/static.purejewels.com\\\/wp-content\\\/uploads\\\/2020\\\/11\\\/Logo-PJ-New-1.png\",\"contentUrl\":\"https:\\\/\\\/static.purejewels.com\\\/wp-content\\\/uploads\\\/2020\\\/11\\\/Logo-PJ-New-1.png\",\"width\":150,\"height\":80,\"caption\":\"PureJewels UK\"},\"image\":{\"@id\":\"https:\\\/\\\/www.purejewels.com\\\/#\\\/schema\\\/logo\\\/image\\\/\"}}]}<\/script>\n<!-- \/ Yoast SEO plugin. -->","yoast_head_json":{"title":"Geni\u015f 22 ayar alt\u0131n y\u00fcz\u00fck | Arkal\u0131 oyma tasar\u0131ml\u0131 y\u00fcz\u00fck | PureJewels","description":"Heykelsi yay grav\u00fcrleri ile s\u00fcslenmi\u015f bu geni\u015f 22 ayar alt\u0131n y\u00fcz\u00fckle dikkatleri \u00fczerinize \u00e7ekin. PureJewels'\u0131n geleneksel zanaatkarl\u0131\u011f\u0131n cesur bir yorumu.","robots":{"index":"index","follow":"follow","max-snippet":"max-snippet:-1","max-image-preview":"max-image-preview:large","max-video-preview":"max-video-preview:-1"},"canonical":"https:\/\/www.purejewels.com\/tr\/urun\/22-ayar-altin-bant-yuzuk-9\/","og_locale":"tr_TR","og_type":"article","og_title":"Wide 22ct Gold Ring | Arc Engraved Statement Band | PureJewels","og_description":"Make a statement with this wide 22ct gold ring featuring sculpted arc engravings. A bold interpretation of traditional craftsmanship by PureJewels.","og_url":"https:\/\/www.purejewels.com\/tr\/urun\/22-ayar-altin-bant-yuzuk-9\/","og_site_name":"PureJewels UK","article_modified_time":"2025-12-22T06:24:37+00:00","og_image":[{"width":1000,"height":1000,"url":"https:\/\/static.purejewels.com\/wp-content\/uploads\/2020\/07\/175586996-1.jpg","type":"image\/jpeg"}],"twitter_card":"summary_large_image","twitter_misc":{"Tahmini okuma s\u00fcresi":"1 dakika"},"schema":{"@context":"https:\/\/schema.org","@graph":[{"@type":["WebPage","ItemPage"],"@id":"https:\/\/www.purejewels.com\/product\/22ct-gold-band-ring-9\/","url":"https:\/\/www.purejewels.com\/product\/22ct-gold-band-ring-9\/","name":"Geni\u015f 22 ayar alt\u0131n y\u00fcz\u00fck | Arkal\u0131 oyma tasar\u0131ml\u0131 y\u00fcz\u00fck | PureJewels","isPartOf":{"@id":"https:\/\/www.purejewels.com\/#website"},"primaryImageOfPage":{"@id":"https:\/\/www.purejewels.com\/product\/22ct-gold-band-ring-9\/#primaryimage"},"image":{"@id":"https:\/\/www.purejewels.com\/product\/22ct-gold-band-ring-9\/#primaryimage"},"thumbnailUrl":"https:\/\/static.purejewels.com\/wp-content\/uploads\/2020\/07\/175586996-1.jpg","datePublished":"2018-10-22T05:49:07+00:00","dateModified":"2025-12-22T06:24:37+00:00","description":"Heykelsi yay grav\u00fcrleri ile s\u00fcslenmi\u015f bu geni\u015f 22 ayar alt\u0131n y\u00fcz\u00fckle dikkatleri \u00fczerinize \u00e7ekin. PureJewels'\u0131n geleneksel zanaatkarl\u0131\u011f\u0131n cesur bir yorumu.","breadcrumb":{"@id":"https:\/\/www.purejewels.com\/product\/22ct-gold-band-ring-9\/#breadcrumb"},"inLanguage":"tr","potentialAction":[{"@type":"ReadAction","target":["https:\/\/www.purejewels.com\/product\/22ct-gold-band-ring-9\/"]}]},{"@type":"ImageObject","inLanguage":"tr","@id":"https:\/\/www.purejewels.com\/product\/22ct-gold-band-ring-9\/#primaryimage","url":"https:\/\/static.purejewels.com\/wp-content\/uploads\/2020\/07\/175586996-1.jpg","contentUrl":"https:\/\/static.purejewels.com\/wp-content\/uploads\/2020\/07\/175586996-1.jpg","width":1000,"height":1000},{"@type":"BreadcrumbList","@id":"https:\/\/www.purejewels.com\/product\/22ct-gold-band-ring-9\/#breadcrumb","itemListElement":[{"@type":"ListItem","position":1,"name":"Home","item":"https:\/\/www.purejewels.com\/"},{"@type":"ListItem","position":2,"name":"Shop","item":"https:\/\/www.purejewels.com\/shop\/"},{"@type":"ListItem","position":3,"name":"22ct Gold Band Ring with Sculpted Arc Engraving"}]},{"@type":"WebSite","@id":"https:\/\/www.purejewels.com\/#website","url":"https:\/\/www.purejewels.com\/","name":"PureJewels \u0130ngiltere","description":"Sevgiyi Payla\u015f\u0131n","publisher":{"@id":"https:\/\/www.purejewels.com\/#organization"},"potentialAction":[{"@type":"SearchAction","target":{"@type":"EntryPoint","urlTemplate":"https:\/\/www.purejewels.com\/?s={search_term_string}"},"query-input":{"@type":"PropertyValueSpecification","valueRequired":true,"valueName":"search_term_string"}}],"inLanguage":"tr"},{"@type":"Organization","@id":"https:\/\/www.purejewels.com\/#organization","name":"PureJewels \u0130ngiltere","url":"https:\/\/www.purejewels.com\/","logo":{"@type":"ImageObject","inLanguage":"tr","@id":"https:\/\/www.purejewels.com\/#\/schema\/logo\/image\/","url":"https:\/\/static.purejewels.com\/wp-content\/uploads\/2020\/11\/Logo-PJ-New-1.png","contentUrl":"https:\/\/static.purejewels.com\/wp-content\/uploads\/2020\/11\/Logo-PJ-New-1.png","width":150,"height":80,"caption":"PureJewels UK"},"image":{"@id":"https:\/\/www.purejewels.com\/#\/schema\/logo\/image\/"}}]}},"_links":{"self":[{"href":"https:\/\/www.purejewels.com\/tr\/wp-json\/wp\/v2\/product\/303899","targetHints":{"allow":["GET"]}}],"collection":[{"href":"https:\/\/www.purejewels.com\/tr\/wp-json\/wp\/v2\/product"}],"about":[{"href":"https:\/\/www.purejewels.com\/tr\/wp-json\/wp\/v2\/types\/product"}],"replies":[{"embeddable":true,"href":"https:\/\/www.purejewels.com\/tr\/wp-json\/wp\/v2\/comments?post=303899"}],"version-history":[{"count":3,"href":"https:\/\/www.purejewels.com\/tr\/wp-json\/wp\/v2\/product\/303899\/revisions"}],"predecessor-version":[{"id":423606,"href":"https:\/\/www.purejewels.com\/tr\/wp-json\/wp\/v2\/product\/303899\/revisions\/423606"}],"wp:featuredmedia":[{"embeddable":true,"href":"https:\/\/www.purejewels.com\/tr\/wp-json\/wp\/v2\/media\/315785"}],"wp:attachment":[{"href":"https:\/\/www.purejewels.com\/tr\/wp-json\/wp\/v2\/media?parent=303899"}],"wp:term":[{"taxonomy":"product_brand","embeddable":true,"href":"https:\/\/www.purejewels.com\/tr\/wp-json\/wp\/v2\/product_brand?post=303899"},{"taxonomy":"product_cat","embeddable":true,"href":"https:\/\/www.purejewels.com\/tr\/wp-json\/wp\/v2\/product_cat?post=303899"},{"taxonomy":"product_tag","embeddable":true,"href":"https:\/\/www.purejewels.com\/tr\/wp-json\/wp\/v2\/product_tag?post=303899"}],"curies":[{"name":"wp","href":"https:\/\/api.w.org\/{rel}","templated":true}]}}