{"id":303904,"date":"2018-10-22T06:46:00","date_gmt":"2018-10-22T05:46:00","guid":{"rendered":"https:\/\/www.purejewels.com\/?post_type=product&#038;p=303904"},"modified":"2025-12-22T05:44:03","modified_gmt":"2025-12-22T05:44:03","slug":"22-ayar-altin-bant-yuzuk-7","status":"publish","type":"product","link":"https:\/\/www.purejewels.com\/tr\/product\/22ct-gold-band-ring-7\/","title":{"rendered":"22 ayar alt\u0131n ark grav\u00fcrl\u00fc y\u00fcz\u00fck"},"content":{"rendered":"<p><strong>Tasar\u0131m<\/strong><\/p>\n<p>\u00c7arp\u0131c\u0131 oyma yay serisiyle, bu <a href=\"https:\/\/www.purejewels.com\/tr\/product\/22-carat-gold-wedding-band-40899\/\">22 ayar alt\u0131n kordon<\/a> Halka, ritim ve tekrar\u0131n g\u00fczelli\u011fini yakalar. Yar\u0131m daire \u015feklindeki desenler, ay\u0131n evrelerini veya mimari s\u00fctun s\u0131ralar\u0131n\u0131 \u00e7a\u011fr\u0131\u015ft\u0131rarak denge, sonsuzluk ve b\u00fct\u00fcnl\u00fck kavramlar\u0131na dayanan bir sembolizm sunar.<\/p>\n<p>Zarif ve \u00e7ok y\u00f6nl\u00fc olan tasar\u0131m, zamans\u0131z ancak belirgin bir \u015fekilde modern olup, hem yap\u0131y\u0131 hem de duyguyu takdir edenler i\u00e7in m\u00fckemmeldir.<\/p>\n<p><strong>Zanaatkarl\u0131k<\/strong><\/p>\n<p>Bu y\u00fcz\u00fck, net ve dayan\u0131kl\u0131 grav\u00fcrler sa\u011flayan geleneksel kal\u0131p damgalama teknikleri kullan\u0131larak \u00fcretilmi\u015ftir. Titizlikle elle i\u015flenmi\u015f ve Londra Assay Office taraf\u0131ndan damgalanm\u0131\u015f olan bu y\u00fcz\u00fck, PureJewels kalite ve orijinallik m\u00fchr\u00fcn\u00fc ta\u015f\u0131maktad\u0131r.<\/p>\n<p>\u0130\u00e7 bant p\u00fcr\u00fczs\u00fcz ve konturlu olup ola\u011fan\u00fcst\u00fc rahatl\u0131k sa\u011flar, bu da onu d\u00fczenli kullan\u0131m i\u00e7in ideal hale getirir.<\/p>\n<p><strong>Stil<\/strong><\/p>\n<p>D\u00fc\u011f\u00fcn y\u00fcz\u00fc\u011f\u00fc, ki\u015fisel bir d\u00f6n\u00fcm noktas\u0131 ya da anlaml\u0131 bir hediye olarak se\u00e7ilsin, bu y\u00fcz\u00fck detaylar\u0131yla \u00e7ok \u015fey anlat\u0131yor. Her koleksiyona g\u00fczelce uyum sa\u011flayan unisex bir tasar\u0131md\u0131r \u2014 derin bir varl\u0131\u011f\u0131 olan sade bir l\u00fcks.<\/p>","protected":false},"excerpt":{"rendered":"<p>22 ayar alt\u0131ndan \u00fcretilen bu zarif y\u00fcz\u00fck, s\u00fcreklili\u011fi ve uyumu simgeleyen tekrarlanan yay \u015feklinde oyma deseniyle modern d\u00f6n\u00fcm noktalar\u0131n\u0131z i\u00e7in zarif bir se\u00e7imdir.<\/p>\n<ul>\n<li>22 ayar alt\u0131n y\u00fcz\u00fck<\/li>\n<li>Y\u00fcz\u00fck a\u011f\u0131rl\u0131\u011f\u0131 5,1 g<\/li>\n<li>Y\u00fcz\u00fck \u00d6l\u00e7\u00fcs\u00fc. L<\/li>\n<li>Parmak \u00f6l\u00e7\u00fcn\u00fcze g\u00f6re sipari\u015f edilebilir<\/li>\n<li>SKU. 28230<\/li>\n<li>T\u00fcm \u00fcr\u00fcnlerimiz London Assay Office taraf\u0131ndan damgalanm\u0131\u015ft\u0131r<\/li>\n<li>Sunum Kutusu ile Birlikte Gelir<\/li>\n<li>Teslimat Dahil<\/li>\n<li>T\u00fcm fiyatlara KDV dahildir<\/li>\n<li>Geni\u015f Hint d\u00fc\u011f\u00fcn y\u00fcz\u00fckleri yelpazemizi g\u00f6rmek i\u00e7in bizimle ileti\u015fime ge\u00e7in \/ bizimle sohbet edin.<\/li>\n<\/ul>","protected":false},"featured_media":315791,"comment_status":"closed","ping_status":"closed","template":"","meta":{"_eb_attr":"","_crsspst_to_jayantr4sg-hostcom":true},"product_brand":[],"product_cat":[1229,229,1573],"product_tag":[],"class_list":{"0":"post-303904","1":"product","2":"type-product","3":"status-publish","4":"has-post-thumbnail","6":"product_cat-22ct-gold-jewellery","7":"product_cat-wedding-bands","8":"product_cat-wedding-gifts","10":"first","11":"outofstock","12":"featured","13":"taxable","14":"shipping-taxable","15":"product-type-simple","16":"add-to-wishlist-before_image"},"yoast_head":"<!-- This site is optimized with the Yoast SEO plugin v27.6 - https:\/\/yoast.com\/product\/yoast-seo-wordpress\/ -->\n<title>22ct Gold Ring | Half-Moon Arc Engraved Band | PureJewels<\/title>\n<meta name=\"description\" content=\"Shop our engraved 22ct gold band ring featuring rhythmic arc patterns. A modern classic from PureJewels, crafted with heritage precision.\" \/>\n<meta name=\"robots\" content=\"index, follow, max-snippet:-1, max-image-preview:large, max-video-preview:-1\" \/>\n<link rel=\"canonical\" href=\"https:\/\/www.purejewels.com\/tr\/urun\/22-ayar-altin-bant-yuzuk-7\/\" \/>\n<meta property=\"og:locale\" content=\"tr_TR\" \/>\n<meta property=\"og:type\" content=\"article\" \/>\n<meta property=\"og:title\" content=\"22ct Gold Ring | Half-Moon Arc Engraved Band | PureJewels\" \/>\n<meta property=\"og:description\" content=\"Shop our engraved 22ct gold band ring featuring rhythmic arc patterns. A modern classic from PureJewels, crafted with heritage precision.\" \/>\n<meta property=\"og:url\" content=\"https:\/\/www.purejewels.com\/tr\/urun\/22-ayar-altin-bant-yuzuk-7\/\" \/>\n<meta property=\"og:site_name\" content=\"PureJewels UK\" \/>\n<meta property=\"article:modified_time\" content=\"2025-12-22T05:44:03+00:00\" \/>\n<meta property=\"og:image\" content=\"https:\/\/static.purejewels.com\/wp-content\/uploads\/2020\/07\/175587112-1.jpg\" \/>\n\t<meta property=\"og:image:width\" content=\"1000\" \/>\n\t<meta property=\"og:image:height\" content=\"1000\" \/>\n\t<meta property=\"og:image:type\" content=\"image\/jpeg\" \/>\n<meta name=\"twitter:card\" content=\"summary_large_image\" \/>\n<meta name=\"twitter:label1\" content=\"Tahmini okuma s\u00fcresi\" \/>\n\t<meta name=\"twitter:data1\" content=\"1 dakika\" \/>\n<script type=\"application\/ld+json\" class=\"yoast-schema-graph\">{\"@context\":\"https:\\\/\\\/schema.org\",\"@graph\":[{\"@type\":[\"WebPage\",\"ItemPage\"],\"@id\":\"https:\\\/\\\/www.purejewels.com\\\/product\\\/22ct-gold-band-ring-7\\\/\",\"url\":\"https:\\\/\\\/www.purejewels.com\\\/product\\\/22ct-gold-band-ring-7\\\/\",\"name\":\"22ct Gold Ring | Half-Moon Arc Engraved Band | PureJewels\",\"isPartOf\":{\"@id\":\"https:\\\/\\\/www.purejewels.com\\\/#website\"},\"primaryImageOfPage\":{\"@id\":\"https:\\\/\\\/www.purejewels.com\\\/product\\\/22ct-gold-band-ring-7\\\/#primaryimage\"},\"image\":{\"@id\":\"https:\\\/\\\/www.purejewels.com\\\/product\\\/22ct-gold-band-ring-7\\\/#primaryimage\"},\"thumbnailUrl\":\"https:\\\/\\\/static.purejewels.com\\\/wp-content\\\/uploads\\\/2020\\\/07\\\/175587112-1.jpg\",\"datePublished\":\"2018-10-22T05:46:00+00:00\",\"dateModified\":\"2025-12-22T05:44:03+00:00\",\"description\":\"Shop our engraved 22ct gold band ring featuring rhythmic arc patterns. A modern classic from PureJewels, crafted with heritage precision.\",\"breadcrumb\":{\"@id\":\"https:\\\/\\\/www.purejewels.com\\\/product\\\/22ct-gold-band-ring-7\\\/#breadcrumb\"},\"inLanguage\":\"tr\",\"potentialAction\":[{\"@type\":\"ReadAction\",\"target\":[\"https:\\\/\\\/www.purejewels.com\\\/product\\\/22ct-gold-band-ring-7\\\/\"]}]},{\"@type\":\"ImageObject\",\"inLanguage\":\"tr\",\"@id\":\"https:\\\/\\\/www.purejewels.com\\\/product\\\/22ct-gold-band-ring-7\\\/#primaryimage\",\"url\":\"https:\\\/\\\/static.purejewels.com\\\/wp-content\\\/uploads\\\/2020\\\/07\\\/175587112-1.jpg\",\"contentUrl\":\"https:\\\/\\\/static.purejewels.com\\\/wp-content\\\/uploads\\\/2020\\\/07\\\/175587112-1.jpg\",\"width\":1000,\"height\":1000},{\"@type\":\"BreadcrumbList\",\"@id\":\"https:\\\/\\\/www.purejewels.com\\\/product\\\/22ct-gold-band-ring-7\\\/#breadcrumb\",\"itemListElement\":[{\"@type\":\"ListItem\",\"position\":1,\"name\":\"Home\",\"item\":\"https:\\\/\\\/www.purejewels.com\\\/\"},{\"@type\":\"ListItem\",\"position\":2,\"name\":\"Shop\",\"item\":\"https:\\\/\\\/www.purejewels.com\\\/shop\\\/\"},{\"@type\":\"ListItem\",\"position\":3,\"name\":\"22ct Gold Arc-Engraved Band Ring\"}]},{\"@type\":\"WebSite\",\"@id\":\"https:\\\/\\\/www.purejewels.com\\\/#website\",\"url\":\"https:\\\/\\\/www.purejewels.com\\\/\",\"name\":\"PureJewels UK\",\"description\":\"Share the Love\",\"publisher\":{\"@id\":\"https:\\\/\\\/www.purejewels.com\\\/#organization\"},\"potentialAction\":[{\"@type\":\"SearchAction\",\"target\":{\"@type\":\"EntryPoint\",\"urlTemplate\":\"https:\\\/\\\/www.purejewels.com\\\/?s={search_term_string}\"},\"query-input\":{\"@type\":\"PropertyValueSpecification\",\"valueRequired\":true,\"valueName\":\"search_term_string\"}}],\"inLanguage\":\"tr\"},{\"@type\":\"Organization\",\"@id\":\"https:\\\/\\\/www.purejewels.com\\\/#organization\",\"name\":\"PureJewels UK\",\"url\":\"https:\\\/\\\/www.purejewels.com\\\/\",\"logo\":{\"@type\":\"ImageObject\",\"inLanguage\":\"tr\",\"@id\":\"https:\\\/\\\/www.purejewels.com\\\/#\\\/schema\\\/logo\\\/image\\\/\",\"url\":\"https:\\\/\\\/static.purejewels.com\\\/wp-content\\\/uploads\\\/2020\\\/11\\\/Logo-PJ-New-1.png\",\"contentUrl\":\"https:\\\/\\\/static.purejewels.com\\\/wp-content\\\/uploads\\\/2020\\\/11\\\/Logo-PJ-New-1.png\",\"width\":150,\"height\":80,\"caption\":\"PureJewels UK\"},\"image\":{\"@id\":\"https:\\\/\\\/www.purejewels.com\\\/#\\\/schema\\\/logo\\\/image\\\/\"}}]}<\/script>\n<!-- \/ Yoast SEO plugin. -->","yoast_head_json":{"title":"22 ayar alt\u0131n y\u00fcz\u00fck | Yar\u0131m ay \u015feklinde oyulmu\u015f bant | PureJewels","description":"Ritmik yay desenleri ile s\u00fcslenmi\u015f, oyulmu\u015f 22 ayar alt\u0131n y\u00fcz\u00fck\u00fcm\u00fcz\u00fc sat\u0131n al\u0131n. PureJewels'\u0131n geleneksel hassasiyetle \u00fcretilmi\u015f modern bir klasi\u011fi.","robots":{"index":"index","follow":"follow","max-snippet":"max-snippet:-1","max-image-preview":"max-image-preview:large","max-video-preview":"max-video-preview:-1"},"canonical":"https:\/\/www.purejewels.com\/tr\/urun\/22-ayar-altin-bant-yuzuk-7\/","og_locale":"tr_TR","og_type":"article","og_title":"22ct Gold Ring | Half-Moon Arc Engraved Band | PureJewels","og_description":"Shop our engraved 22ct gold band ring featuring rhythmic arc patterns. A modern classic from PureJewels, crafted with heritage precision.","og_url":"https:\/\/www.purejewels.com\/tr\/urun\/22-ayar-altin-bant-yuzuk-7\/","og_site_name":"PureJewels UK","article_modified_time":"2025-12-22T05:44:03+00:00","og_image":[{"width":1000,"height":1000,"url":"https:\/\/static.purejewels.com\/wp-content\/uploads\/2020\/07\/175587112-1.jpg","type":"image\/jpeg"}],"twitter_card":"summary_large_image","twitter_misc":{"Tahmini okuma s\u00fcresi":"1 dakika"},"schema":{"@context":"https:\/\/schema.org","@graph":[{"@type":["WebPage","ItemPage"],"@id":"https:\/\/www.purejewels.com\/product\/22ct-gold-band-ring-7\/","url":"https:\/\/www.purejewels.com\/product\/22ct-gold-band-ring-7\/","name":"22 ayar alt\u0131n y\u00fcz\u00fck | Yar\u0131m ay \u015feklinde oyulmu\u015f bant | PureJewels","isPartOf":{"@id":"https:\/\/www.purejewels.com\/#website"},"primaryImageOfPage":{"@id":"https:\/\/www.purejewels.com\/product\/22ct-gold-band-ring-7\/#primaryimage"},"image":{"@id":"https:\/\/www.purejewels.com\/product\/22ct-gold-band-ring-7\/#primaryimage"},"thumbnailUrl":"https:\/\/static.purejewels.com\/wp-content\/uploads\/2020\/07\/175587112-1.jpg","datePublished":"2018-10-22T05:46:00+00:00","dateModified":"2025-12-22T05:44:03+00:00","description":"Ritmik yay desenleri ile s\u00fcslenmi\u015f, oyulmu\u015f 22 ayar alt\u0131n y\u00fcz\u00fck\u00fcm\u00fcz\u00fc sat\u0131n al\u0131n. PureJewels'\u0131n geleneksel hassasiyetle \u00fcretilmi\u015f modern bir klasi\u011fi.","breadcrumb":{"@id":"https:\/\/www.purejewels.com\/product\/22ct-gold-band-ring-7\/#breadcrumb"},"inLanguage":"tr","potentialAction":[{"@type":"ReadAction","target":["https:\/\/www.purejewels.com\/product\/22ct-gold-band-ring-7\/"]}]},{"@type":"ImageObject","inLanguage":"tr","@id":"https:\/\/www.purejewels.com\/product\/22ct-gold-band-ring-7\/#primaryimage","url":"https:\/\/static.purejewels.com\/wp-content\/uploads\/2020\/07\/175587112-1.jpg","contentUrl":"https:\/\/static.purejewels.com\/wp-content\/uploads\/2020\/07\/175587112-1.jpg","width":1000,"height":1000},{"@type":"BreadcrumbList","@id":"https:\/\/www.purejewels.com\/product\/22ct-gold-band-ring-7\/#breadcrumb","itemListElement":[{"@type":"ListItem","position":1,"name":"Home","item":"https:\/\/www.purejewels.com\/"},{"@type":"ListItem","position":2,"name":"Shop","item":"https:\/\/www.purejewels.com\/shop\/"},{"@type":"ListItem","position":3,"name":"22ct Gold Arc-Engraved Band Ring"}]},{"@type":"WebSite","@id":"https:\/\/www.purejewels.com\/#website","url":"https:\/\/www.purejewels.com\/","name":"PureJewels \u0130ngiltere","description":"Sevgiyi Payla\u015f\u0131n","publisher":{"@id":"https:\/\/www.purejewels.com\/#organization"},"potentialAction":[{"@type":"SearchAction","target":{"@type":"EntryPoint","urlTemplate":"https:\/\/www.purejewels.com\/?s={search_term_string}"},"query-input":{"@type":"PropertyValueSpecification","valueRequired":true,"valueName":"search_term_string"}}],"inLanguage":"tr"},{"@type":"Organization","@id":"https:\/\/www.purejewels.com\/#organization","name":"PureJewels \u0130ngiltere","url":"https:\/\/www.purejewels.com\/","logo":{"@type":"ImageObject","inLanguage":"tr","@id":"https:\/\/www.purejewels.com\/#\/schema\/logo\/image\/","url":"https:\/\/static.purejewels.com\/wp-content\/uploads\/2020\/11\/Logo-PJ-New-1.png","contentUrl":"https:\/\/static.purejewels.com\/wp-content\/uploads\/2020\/11\/Logo-PJ-New-1.png","width":150,"height":80,"caption":"PureJewels UK"},"image":{"@id":"https:\/\/www.purejewels.com\/#\/schema\/logo\/image\/"}}]}},"_links":{"self":[{"href":"https:\/\/www.purejewels.com\/tr\/wp-json\/wp\/v2\/product\/303904","targetHints":{"allow":["GET"]}}],"collection":[{"href":"https:\/\/www.purejewels.com\/tr\/wp-json\/wp\/v2\/product"}],"about":[{"href":"https:\/\/www.purejewels.com\/tr\/wp-json\/wp\/v2\/types\/product"}],"replies":[{"embeddable":true,"href":"https:\/\/www.purejewels.com\/tr\/wp-json\/wp\/v2\/comments?post=303904"}],"version-history":[{"count":3,"href":"https:\/\/www.purejewels.com\/tr\/wp-json\/wp\/v2\/product\/303904\/revisions"}],"predecessor-version":[{"id":423603,"href":"https:\/\/www.purejewels.com\/tr\/wp-json\/wp\/v2\/product\/303904\/revisions\/423603"}],"wp:featuredmedia":[{"embeddable":true,"href":"https:\/\/www.purejewels.com\/tr\/wp-json\/wp\/v2\/media\/315791"}],"wp:attachment":[{"href":"https:\/\/www.purejewels.com\/tr\/wp-json\/wp\/v2\/media?parent=303904"}],"wp:term":[{"taxonomy":"product_brand","embeddable":true,"href":"https:\/\/www.purejewels.com\/tr\/wp-json\/wp\/v2\/product_brand?post=303904"},{"taxonomy":"product_cat","embeddable":true,"href":"https:\/\/www.purejewels.com\/tr\/wp-json\/wp\/v2\/product_cat?post=303904"},{"taxonomy":"product_tag","embeddable":true,"href":"https:\/\/www.purejewels.com\/tr\/wp-json\/wp\/v2\/product_tag?post=303904"}],"curies":[{"name":"wp","href":"https:\/\/api.w.org\/{rel}","templated":true}]}}