{"id":304090,"date":"2018-10-23T12:28:30","date_gmt":"2018-10-23T11:28:30","guid":{"rendered":"https:\/\/www.purejewels.com\/?post_type=product&#038;p=304090"},"modified":"2025-11-25T07:52:00","modified_gmt":"2025-11-25T07:52:00","slug":"diya-22-ayar-altin-kesilmemis-polki-kupe","status":"publish","type":"product","link":"https:\/\/www.purejewels.com\/tr\/product\/diya-22ct-gold-uncut-polki-earrings\/","title":{"rendered":"Diya 22 ayar alt\u0131n Polki Blossom Cascade k\u00fcpeler"},"content":{"rendered":"<h3 data-start=\"272\" data-end=\"296\"><strong data-start=\"276\" data-end=\"294\">Tasar\u0131m Konsepti<\/strong><\/h3>\n<p data-start=\"297\" data-end=\"766\">Bu <em data-start=\"301\" data-end=\"348\">Diya <a href=\"https:\/\/www.purejewels.com\/tr\/product\/22ct-gold-jali-filigree-ring-jali-collection-31926\/\">22ct<\/a> Alt\u0131n Polki \u00c7i\u00e7ek \u015eelalesi K\u00fcpeler<\/em> parlakl\u0131\u011fa bir \u00f6vg\u00fc niteli\u011finde olup, miras ve g\u00fczelli\u011fi hassas bir \u015fekilde dengelemektedir. Diya lambas\u0131n\u0131n yumu\u015fak \u0131\u015f\u0131\u011f\u0131 ve \u00e7i\u00e7eklerin yapraklar\u0131 and\u0131ran geometrisinden ilham alan bu k\u00fcpeler, s\u0131cakl\u0131k, zarafet ve kutlama hissi uyand\u0131r\u0131r. Kesilmemi\u015f Polki elmaslar\u0131n her biri \u00e7i\u00e7ek desenli bir \u00e7er\u00e7eveye yerle\u015ftirilmi\u015f olup, nazik bir \u015felale olu\u015fturarak her d\u00f6n\u00fc\u015fte y\u00fcz\u00fc ayd\u0131nlat\u0131r. Formlar\u0131, modern ilham perisi i\u00e7in yeniden tasarlanan eski Hint tasar\u0131mlar\u0131n\u0131 yans\u0131tmaktad\u0131r.<\/p>\n<h3 data-start=\"773\" data-end=\"796\"><strong data-start=\"777\" data-end=\"794\">Zanaatkarl\u0131k<\/strong><\/h3>\n<p data-start=\"797\" data-end=\"1427\">Zengin 22 ayar alt\u0131nla el yap\u0131m\u0131, her biri <a href=\"https:\/\/www.purejewels.com\/tr\/product\/22ct-gold-ladies-stud-earring-with-rhodium-finish-46497\/\">K\u00fcpe<\/a> titizlikle yerle\u015ftirilmi\u015f <em data-start=\"877\" data-end=\"899\">kesilmemi\u015f Polki elmaslar<\/em>, do\u011fal parlakl\u0131\u011f\u0131yla de\u011fer verilen geleneksel bir Hint kesimi. \u00dcst k\u0131s\u0131mdaki \u00e7i\u00e7ek k\u00fcmesi, parlak bir \u00e7i\u00e7ek olu\u015fturarak par\u00e7aya zarafet katarken, kademeli \u00fc\u00e7gen damla yap\u0131s\u0131 ak\u0131c\u0131l\u0131k ve hareketlilik yarat\u0131r. Yetenekli zanaatkarlar\u0131m\u0131z, her bir Polki ta\u015f\u0131n\u0131n hassas bir \u015fekilde yerle\u015ftirilmesini sa\u011flamak i\u00e7in as\u0131rl\u0131k Kundan ayar tekniklerini kullan\u0131r ve b\u00f6ylece miras kalitesi bir sonu\u00e7 elde edilir. Her bir \u00e7ift, PureJewels'in tasar\u0131m miras\u0131n\u0131n \u00f6zg\u00fcnl\u00fc\u011f\u00fcn\u00fc ve b\u00fct\u00fcnl\u00fc\u011f\u00fcn\u00fc onurland\u0131rmak i\u00e7in damgalanm\u0131\u015f ve \u00f6zenle \u00fcretilmi\u015ftir.<\/p>\n<h3 data-start=\"1434\" data-end=\"1457\"><strong data-start=\"1438\" data-end=\"1455\">Stil Fikirleri<\/strong><\/h3>\n<p data-start=\"1458\" data-end=\"1969\">Zarif ve ayn\u0131 zamanda canl\u0131 olan bu k\u00fcpeler, gelinlik tak\u0131mlar\u0131, \u015fenlikli toplant\u0131lar veya miras\u0131n \u00f6n planda oldu\u011fu anlaml\u0131 etkinlikler i\u00e7in m\u00fckemmeldir. Klasik ipek sari, dalgal\u0131 lehenga veya hatta minimalist bir gece elbisesi ile kombinleyerek k\u00fcpelerin parlamas\u0131n\u0131 sa\u011flay\u0131n. Yumu\u015fak alt\u0131n rengi ve organik \u0131\u015f\u0131lt\u0131s\u0131, alt\u0131n bilezikler, Polki gerdanl\u0131klar veya cesur kokteyl y\u00fcz\u00fckleri gibi di\u011fer s\u0131cak tonlu tak\u0131larla g\u00fczel bir uyum sa\u011flar. Tam bir gelinlik seti i\u00e7in, <em data-start=\"1922\" data-end=\"1943\">Diya Polki Kolye<\/em> ayn\u0131 koleksiyondan.<\/p>","protected":false},"excerpt":{"rendered":"<ul>\n<li>Diya 22 ayar alt\u0131n Kesilmemi\u015f Polki Elmasl\u0131 K\u00fcpe<\/li>\n<li>A\u011f\u0131rl\u0131k 7,5 gms<\/li>\n<li>Polki P\u0131rlanta A\u011f\u0131rl\u0131\u011f\u0131 2,36 ct<\/li>\n<li>SKU. 27934<\/li>\n<li>T\u00fcm fiyatlara KDV dahildir<\/li>\n<li>Londra Tahlil Ofisi Taraf\u0131ndan Damgalanm\u0131\u015f 22 Ayar Alt\u0131n<\/li>\n<li>Sunum Kutusu ile Birlikte Gelir<\/li>\n<li>Teslimat Dahil<\/li>\n<li>Stok durumu ve stokta bulunan benzer tasar\u0131mlar\u0131n daha fazla g\u00f6r\u00fcnt\u00fcs\u00fc i\u00e7in bizimle canl\u0131 sohbet edin<\/li>\n<\/ul>","protected":false},"featured_media":309501,"comment_status":"closed","ping_status":"closed","template":"","meta":{"_eb_attr":"","_crsspst_to_jayantr4sg-hostcom":false},"product_brand":[],"product_cat":[254],"product_tag":[],"class_list":{"0":"post-304090","1":"product","2":"type-product","3":"status-publish","4":"has-post-thumbnail","6":"product_cat-diya-collections","8":"first","9":"outofstock","10":"taxable","11":"shipping-taxable","12":"product-type-simple","13":"add-to-wishlist-before_image"},"yoast_head":"<!-- This site is optimized with the Yoast SEO plugin v27.3 - https:\/\/yoast.com\/product\/yoast-seo-wordpress\/ -->\n<title>Diya 22ct Gold Polki Blossom Cascade Earrings | PureJewels UK<\/title>\n<meta name=\"description\" content=\"Handcrafted in 22ct gold with uncut Polki diamonds, the Diya Blossom Earrings radiate heritage charm\u2014ideal for weddings, gifting, or celebration.\" \/>\n<meta name=\"robots\" content=\"index, follow, max-snippet:-1, max-image-preview:large, max-video-preview:-1\" \/>\n<link rel=\"canonical\" href=\"https:\/\/www.purejewels.com\/tr\/urun\/diya-22-ayar-altin-kesilmemis-polki-kupe\/\" \/>\n<meta property=\"og:locale\" content=\"tr_TR\" \/>\n<meta property=\"og:type\" content=\"article\" \/>\n<meta property=\"og:title\" content=\"Diya 22ct Gold Polki Blossom Cascade Earrings | PureJewels UK\" \/>\n<meta property=\"og:description\" content=\"Handcrafted in 22ct gold with uncut Polki diamonds, the Diya Blossom Earrings radiate heritage charm\u2014ideal for weddings, gifting, or celebration.\" \/>\n<meta property=\"og:url\" content=\"https:\/\/www.purejewels.com\/tr\/urun\/diya-22-ayar-altin-kesilmemis-polki-kupe\/\" \/>\n<meta property=\"og:site_name\" content=\"PureJewels UK\" \/>\n<meta property=\"article:modified_time\" content=\"2025-11-25T07:52:00+00:00\" \/>\n<meta property=\"og:image\" content=\"https:\/\/www.purejewels.com\/wp-content\/uploads\/2018\/10\/27934_1-1.png\" \/>\n\t<meta property=\"og:image:width\" content=\"1000\" \/>\n\t<meta property=\"og:image:height\" content=\"1000\" \/>\n\t<meta property=\"og:image:type\" content=\"image\/png\" \/>\n<meta name=\"twitter:card\" content=\"summary_large_image\" \/>\n<meta name=\"twitter:label1\" content=\"Tahmini okuma s\u00fcresi\" \/>\n\t<meta name=\"twitter:data1\" content=\"2 dakika\" \/>\n<script type=\"application\/ld+json\" class=\"yoast-schema-graph\">{\"@context\":\"https:\\\/\\\/schema.org\",\"@graph\":[{\"@type\":[\"WebPage\",\"ItemPage\"],\"@id\":\"https:\\\/\\\/www.purejewels.com\\\/product\\\/diya-22ct-gold-uncut-polki-earrings\\\/\",\"url\":\"https:\\\/\\\/www.purejewels.com\\\/product\\\/diya-22ct-gold-uncut-polki-earrings\\\/\",\"name\":\"Diya 22ct Gold Polki Blossom Cascade Earrings | PureJewels UK\",\"isPartOf\":{\"@id\":\"https:\\\/\\\/www.purejewels.com\\\/#website\"},\"primaryImageOfPage\":{\"@id\":\"https:\\\/\\\/www.purejewels.com\\\/product\\\/diya-22ct-gold-uncut-polki-earrings\\\/#primaryimage\"},\"image\":{\"@id\":\"https:\\\/\\\/www.purejewels.com\\\/product\\\/diya-22ct-gold-uncut-polki-earrings\\\/#primaryimage\"},\"thumbnailUrl\":\"https:\\\/\\\/static.purejewels.com\\\/wp-content\\\/uploads\\\/2018\\\/10\\\/27934_1-1.png\",\"datePublished\":\"2018-10-23T11:28:30+00:00\",\"dateModified\":\"2025-11-25T07:52:00+00:00\",\"description\":\"Handcrafted in 22ct gold with uncut Polki diamonds, the Diya Blossom Earrings radiate heritage charm\u2014ideal for weddings, gifting, or celebration.\",\"breadcrumb\":{\"@id\":\"https:\\\/\\\/www.purejewels.com\\\/product\\\/diya-22ct-gold-uncut-polki-earrings\\\/#breadcrumb\"},\"inLanguage\":\"tr\",\"potentialAction\":[{\"@type\":\"ReadAction\",\"target\":[\"https:\\\/\\\/www.purejewels.com\\\/product\\\/diya-22ct-gold-uncut-polki-earrings\\\/\"]}]},{\"@type\":\"ImageObject\",\"inLanguage\":\"tr\",\"@id\":\"https:\\\/\\\/www.purejewels.com\\\/product\\\/diya-22ct-gold-uncut-polki-earrings\\\/#primaryimage\",\"url\":\"https:\\\/\\\/static.purejewels.com\\\/wp-content\\\/uploads\\\/2018\\\/10\\\/27934_1-1.png\",\"contentUrl\":\"https:\\\/\\\/static.purejewels.com\\\/wp-content\\\/uploads\\\/2018\\\/10\\\/27934_1-1.png\",\"width\":1000,\"height\":1000,\"caption\":\"27934_1-1\"},{\"@type\":\"BreadcrumbList\",\"@id\":\"https:\\\/\\\/www.purejewels.com\\\/product\\\/diya-22ct-gold-uncut-polki-earrings\\\/#breadcrumb\",\"itemListElement\":[{\"@type\":\"ListItem\",\"position\":1,\"name\":\"Home\",\"item\":\"https:\\\/\\\/www.purejewels.com\\\/\"},{\"@type\":\"ListItem\",\"position\":2,\"name\":\"Shop\",\"item\":\"https:\\\/\\\/www.purejewels.com\\\/shop\\\/\"},{\"@type\":\"ListItem\",\"position\":3,\"name\":\"Diya 22ct Gold Polki Blossom Cascade Earrings\"}]},{\"@type\":\"WebSite\",\"@id\":\"https:\\\/\\\/www.purejewels.com\\\/#website\",\"url\":\"https:\\\/\\\/www.purejewels.com\\\/\",\"name\":\"PureJewels UK\",\"description\":\"Share the Love\",\"publisher\":{\"@id\":\"https:\\\/\\\/www.purejewels.com\\\/#organization\"},\"potentialAction\":[{\"@type\":\"SearchAction\",\"target\":{\"@type\":\"EntryPoint\",\"urlTemplate\":\"https:\\\/\\\/www.purejewels.com\\\/?s={search_term_string}\"},\"query-input\":{\"@type\":\"PropertyValueSpecification\",\"valueRequired\":true,\"valueName\":\"search_term_string\"}}],\"inLanguage\":\"tr\"},{\"@type\":\"Organization\",\"@id\":\"https:\\\/\\\/www.purejewels.com\\\/#organization\",\"name\":\"PureJewels UK\",\"url\":\"https:\\\/\\\/www.purejewels.com\\\/\",\"logo\":{\"@type\":\"ImageObject\",\"inLanguage\":\"tr\",\"@id\":\"https:\\\/\\\/www.purejewels.com\\\/#\\\/schema\\\/logo\\\/image\\\/\",\"url\":\"https:\\\/\\\/static.purejewels.com\\\/wp-content\\\/uploads\\\/2020\\\/11\\\/Logo-PJ-New-1.png\",\"contentUrl\":\"https:\\\/\\\/static.purejewels.com\\\/wp-content\\\/uploads\\\/2020\\\/11\\\/Logo-PJ-New-1.png\",\"width\":150,\"height\":80,\"caption\":\"PureJewels UK\"},\"image\":{\"@id\":\"https:\\\/\\\/www.purejewels.com\\\/#\\\/schema\\\/logo\\\/image\\\/\"}}]}<\/script>\n<!-- \/ Yoast SEO plugin. -->","yoast_head_json":{"title":"Diya 22 ayar alt\u0131n Polki Blossom Cascade k\u00fcpeler | PureJewels UK","description":"22 ayar alt\u0131n ve kesilmemi\u015f Polki elmaslarla el yap\u0131m\u0131 olan Diya Blossom K\u00fcpeler, geleneksel bir cazibe yayar ve d\u00fc\u011f\u00fcnler, hediyeler veya kutlamalar i\u00e7in idealdir.","robots":{"index":"index","follow":"follow","max-snippet":"max-snippet:-1","max-image-preview":"max-image-preview:large","max-video-preview":"max-video-preview:-1"},"canonical":"https:\/\/www.purejewels.com\/tr\/urun\/diya-22-ayar-altin-kesilmemis-polki-kupe\/","og_locale":"tr_TR","og_type":"article","og_title":"Diya 22ct Gold Polki Blossom Cascade Earrings | PureJewels UK","og_description":"Handcrafted in 22ct gold with uncut Polki diamonds, the Diya Blossom Earrings radiate heritage charm\u2014ideal for weddings, gifting, or celebration.","og_url":"https:\/\/www.purejewels.com\/tr\/urun\/diya-22-ayar-altin-kesilmemis-polki-kupe\/","og_site_name":"PureJewels UK","article_modified_time":"2025-11-25T07:52:00+00:00","og_image":[{"width":1000,"height":1000,"url":"https:\/\/www.purejewels.com\/wp-content\/uploads\/2018\/10\/27934_1-1.png","type":"image\/png"}],"twitter_card":"summary_large_image","twitter_misc":{"Tahmini okuma s\u00fcresi":"2 dakika"},"schema":{"@context":"https:\/\/schema.org","@graph":[{"@type":["WebPage","ItemPage"],"@id":"https:\/\/www.purejewels.com\/product\/diya-22ct-gold-uncut-polki-earrings\/","url":"https:\/\/www.purejewels.com\/product\/diya-22ct-gold-uncut-polki-earrings\/","name":"Diya 22 ayar alt\u0131n Polki Blossom Cascade k\u00fcpeler | PureJewels UK","isPartOf":{"@id":"https:\/\/www.purejewels.com\/#website"},"primaryImageOfPage":{"@id":"https:\/\/www.purejewels.com\/product\/diya-22ct-gold-uncut-polki-earrings\/#primaryimage"},"image":{"@id":"https:\/\/www.purejewels.com\/product\/diya-22ct-gold-uncut-polki-earrings\/#primaryimage"},"thumbnailUrl":"https:\/\/static.purejewels.com\/wp-content\/uploads\/2018\/10\/27934_1-1.png","datePublished":"2018-10-23T11:28:30+00:00","dateModified":"2025-11-25T07:52:00+00:00","description":"22 ayar alt\u0131n ve kesilmemi\u015f Polki elmaslarla el yap\u0131m\u0131 olan Diya Blossom K\u00fcpeler, geleneksel bir cazibe yayar ve d\u00fc\u011f\u00fcnler, hediyeler veya kutlamalar i\u00e7in idealdir.","breadcrumb":{"@id":"https:\/\/www.purejewels.com\/product\/diya-22ct-gold-uncut-polki-earrings\/#breadcrumb"},"inLanguage":"tr","potentialAction":[{"@type":"ReadAction","target":["https:\/\/www.purejewels.com\/product\/diya-22ct-gold-uncut-polki-earrings\/"]}]},{"@type":"ImageObject","inLanguage":"tr","@id":"https:\/\/www.purejewels.com\/product\/diya-22ct-gold-uncut-polki-earrings\/#primaryimage","url":"https:\/\/static.purejewels.com\/wp-content\/uploads\/2018\/10\/27934_1-1.png","contentUrl":"https:\/\/static.purejewels.com\/wp-content\/uploads\/2018\/10\/27934_1-1.png","width":1000,"height":1000,"caption":"27934_1-1"},{"@type":"BreadcrumbList","@id":"https:\/\/www.purejewels.com\/product\/diya-22ct-gold-uncut-polki-earrings\/#breadcrumb","itemListElement":[{"@type":"ListItem","position":1,"name":"Home","item":"https:\/\/www.purejewels.com\/"},{"@type":"ListItem","position":2,"name":"Shop","item":"https:\/\/www.purejewels.com\/shop\/"},{"@type":"ListItem","position":3,"name":"Diya 22ct Gold Polki Blossom Cascade Earrings"}]},{"@type":"WebSite","@id":"https:\/\/www.purejewels.com\/#website","url":"https:\/\/www.purejewels.com\/","name":"PureJewels \u0130ngiltere","description":"Sevgiyi Payla\u015f\u0131n","publisher":{"@id":"https:\/\/www.purejewels.com\/#organization"},"potentialAction":[{"@type":"SearchAction","target":{"@type":"EntryPoint","urlTemplate":"https:\/\/www.purejewels.com\/?s={search_term_string}"},"query-input":{"@type":"PropertyValueSpecification","valueRequired":true,"valueName":"search_term_string"}}],"inLanguage":"tr"},{"@type":"Organization","@id":"https:\/\/www.purejewels.com\/#organization","name":"PureJewels \u0130ngiltere","url":"https:\/\/www.purejewels.com\/","logo":{"@type":"ImageObject","inLanguage":"tr","@id":"https:\/\/www.purejewels.com\/#\/schema\/logo\/image\/","url":"https:\/\/static.purejewels.com\/wp-content\/uploads\/2020\/11\/Logo-PJ-New-1.png","contentUrl":"https:\/\/static.purejewels.com\/wp-content\/uploads\/2020\/11\/Logo-PJ-New-1.png","width":150,"height":80,"caption":"PureJewels UK"},"image":{"@id":"https:\/\/www.purejewels.com\/#\/schema\/logo\/image\/"}}]}},"_links":{"self":[{"href":"https:\/\/www.purejewels.com\/tr\/wp-json\/wp\/v2\/product\/304090","targetHints":{"allow":["GET"]}}],"collection":[{"href":"https:\/\/www.purejewels.com\/tr\/wp-json\/wp\/v2\/product"}],"about":[{"href":"https:\/\/www.purejewels.com\/tr\/wp-json\/wp\/v2\/types\/product"}],"replies":[{"embeddable":true,"href":"https:\/\/www.purejewels.com\/tr\/wp-json\/wp\/v2\/comments?post=304090"}],"version-history":[{"count":2,"href":"https:\/\/www.purejewels.com\/tr\/wp-json\/wp\/v2\/product\/304090\/revisions"}],"predecessor-version":[{"id":421794,"href":"https:\/\/www.purejewels.com\/tr\/wp-json\/wp\/v2\/product\/304090\/revisions\/421794"}],"wp:featuredmedia":[{"embeddable":true,"href":"https:\/\/www.purejewels.com\/tr\/wp-json\/wp\/v2\/media\/309501"}],"wp:attachment":[{"href":"https:\/\/www.purejewels.com\/tr\/wp-json\/wp\/v2\/media?parent=304090"}],"wp:term":[{"taxonomy":"product_brand","embeddable":true,"href":"https:\/\/www.purejewels.com\/tr\/wp-json\/wp\/v2\/product_brand?post=304090"},{"taxonomy":"product_cat","embeddable":true,"href":"https:\/\/www.purejewels.com\/tr\/wp-json\/wp\/v2\/product_cat?post=304090"},{"taxonomy":"product_tag","embeddable":true,"href":"https:\/\/www.purejewels.com\/tr\/wp-json\/wp\/v2\/product_tag?post=304090"}],"curies":[{"name":"wp","href":"https:\/\/api.w.org\/{rel}","templated":true}]}}