{"id":304093,"date":"2018-10-23T12:25:00","date_gmt":"2018-10-23T11:25:00","guid":{"rendered":"https:\/\/www.purejewels.com\/?post_type=product&#038;p=304093"},"modified":"2026-01-10T16:15:56","modified_gmt":"2026-01-10T16:15:56","slug":"diya-22-ayar-altin-kesilmemis-polki-pirlanta-kada-bileklik-2","status":"publish","type":"product","link":"https:\/\/www.purejewels.com\/tr\/product\/diya-22ct-gold-uncut-polki-diamond-kada-bangle-2\/","title":{"rendered":"Diya 22 Ayar Alt\u0131n Kesilmemi\u015f Polki P\u0131rlanta Kada Bileklik"},"content":{"rendered":"<ul>\n<li>Diya 22 Ayar Alt\u0131n Kesilmemi\u015f Polki P\u0131rlanta Tekli Gelin Kada<\/li>\n<li>A\u011f\u0131rl\u0131k 26.8 g<\/li>\n<li>Polki Elmas a\u011f\u0131rl\u0131\u011f\u0131 6,04 karat<\/li>\n<li>SKU. 27927<\/li>\n<\/ul>","protected":false},"excerpt":{"rendered":"<ul>\n<li>Diya 22 Ayar Alt\u0131n Kesilmemi\u015f Polki P\u0131rlanta Gelin Kada Bileklik<\/li>\n<li>A\u011f\u0131rl\u0131k 26.8 g<\/li>\n<li>Polki Elmas a\u011f\u0131rl\u0131\u011f\u0131 6,04 karat<\/li>\n<li>SKU. 27927<\/li>\n<li>Her boyutta sipari\u015f \u00fczerine yap\u0131labilir<\/li>\n<li>T\u00fcm \u00fcr\u00fcnlerimiz London Assay Office taraf\u0131ndan damgalanm\u0131\u015ft\u0131r<\/li>\n<li>T\u00fcm Bilezikler Sunum Kutusuyla Birlikte Gelir<\/li>\n<li>Teslimat Dahil<\/li>\n<li>T\u00fcm fiyatlara KDV dahildir<\/li>\n<li>\u00dcr\u00fcn\u00fcn canl\u0131 videosu i\u00e7in bize ula\u015f\u0131n \/ bizimle sohbet edin<\/li>\n<\/ul>","protected":false},"featured_media":304096,"comment_status":"closed","ping_status":"closed","template":"","meta":{"_eb_attr":"","_crsspst_to_jayantr4sg-hostcom":false},"product_brand":[],"product_cat":[1659,1533,254,5271,1574],"product_tag":[],"class_list":{"0":"post-304093","1":"product","2":"type-product","3":"status-publish","4":"has-post-thumbnail","6":"product_cat-bridal-and-party-wear-gold-kada-bangle","7":"product_cat-diamond-jewellery-set","8":"product_cat-diya-collections","9":"product_cat-occasion-wear-bangles","10":"product_cat-womens-jewellery","12":"first","13":"outofstock","14":"featured","15":"taxable","16":"shipping-taxable","17":"product-type-simple","18":"add-to-wishlist-before_image"},"yoast_head":"<!-- This site is optimized with the Yoast SEO plugin v27.3 - https:\/\/yoast.com\/product\/yoast-seo-wordpress\/ -->\n<title>Diya 22ct Gold Uncut Polki Diamond Kada Bangle - PureJewels UK<\/title>\n<meta name=\"robots\" content=\"index, follow, max-snippet:-1, max-image-preview:large, max-video-preview:-1\" \/>\n<link rel=\"canonical\" href=\"https:\/\/www.purejewels.com\/tr\/urun\/diya-22-ayar-altin-kesilmemis-polki-pirlanta-kada-bileklik-2\/\" \/>\n<meta property=\"og:locale\" content=\"tr_TR\" \/>\n<meta property=\"og:type\" content=\"article\" \/>\n<meta property=\"og:title\" content=\"Diya 22ct Gold Uncut Polki Diamond Kada Bangle - PureJewels UK\" \/>\n<meta property=\"og:description\" content=\"Diya 22ct Gold Uncut Polki Diamond Bridal Kada Bangle  Wt. 26.8 g  Polki Diamond wt. 6.04 carat  SKU. 27927  Can be made to order in all sizes  All our products are hallmarked by London Assay Office  All Bangles Come With Presentation Box  Delivery Included  All prices include VAT  Contact us \/ chat with us for live video of product\" \/>\n<meta property=\"og:url\" content=\"https:\/\/www.purejewels.com\/tr\/urun\/diya-22-ayar-altin-kesilmemis-polki-pirlanta-kada-bileklik-2\/\" \/>\n<meta property=\"og:site_name\" content=\"PureJewels UK\" \/>\n<meta property=\"article:modified_time\" content=\"2026-01-10T16:15:56+00:00\" \/>\n<meta property=\"og:image\" content=\"https:\/\/www.purejewels.com\/wp-content\/uploads\/2018\/10\/27927_1.png\" \/>\n\t<meta property=\"og:image:width\" content=\"1000\" \/>\n\t<meta property=\"og:image:height\" content=\"1000\" \/>\n\t<meta property=\"og:image:type\" content=\"image\/png\" \/>\n<meta name=\"twitter:card\" content=\"summary_large_image\" \/>\n<script type=\"application\/ld+json\" class=\"yoast-schema-graph\">{\"@context\":\"https:\\\/\\\/schema.org\",\"@graph\":[{\"@type\":[\"WebPage\",\"ItemPage\"],\"@id\":\"https:\\\/\\\/www.purejewels.com\\\/product\\\/diya-22ct-gold-uncut-polki-diamond-kada-bangle-2\\\/\",\"url\":\"https:\\\/\\\/www.purejewels.com\\\/product\\\/diya-22ct-gold-uncut-polki-diamond-kada-bangle-2\\\/\",\"name\":\"Diya 22ct Gold Uncut Polki Diamond Kada Bangle - PureJewels UK\",\"isPartOf\":{\"@id\":\"https:\\\/\\\/www.purejewels.com\\\/#website\"},\"primaryImageOfPage\":{\"@id\":\"https:\\\/\\\/www.purejewels.com\\\/product\\\/diya-22ct-gold-uncut-polki-diamond-kada-bangle-2\\\/#primaryimage\"},\"image\":{\"@id\":\"https:\\\/\\\/www.purejewels.com\\\/product\\\/diya-22ct-gold-uncut-polki-diamond-kada-bangle-2\\\/#primaryimage\"},\"thumbnailUrl\":\"https:\\\/\\\/static.purejewels.com\\\/wp-content\\\/uploads\\\/2018\\\/10\\\/27927_1.png\",\"datePublished\":\"2018-10-23T11:25:00+00:00\",\"dateModified\":\"2026-01-10T16:15:56+00:00\",\"breadcrumb\":{\"@id\":\"https:\\\/\\\/www.purejewels.com\\\/product\\\/diya-22ct-gold-uncut-polki-diamond-kada-bangle-2\\\/#breadcrumb\"},\"inLanguage\":\"tr\",\"potentialAction\":[{\"@type\":\"ReadAction\",\"target\":[\"https:\\\/\\\/www.purejewels.com\\\/product\\\/diya-22ct-gold-uncut-polki-diamond-kada-bangle-2\\\/\"]}]},{\"@type\":\"ImageObject\",\"inLanguage\":\"tr\",\"@id\":\"https:\\\/\\\/www.purejewels.com\\\/product\\\/diya-22ct-gold-uncut-polki-diamond-kada-bangle-2\\\/#primaryimage\",\"url\":\"https:\\\/\\\/static.purejewels.com\\\/wp-content\\\/uploads\\\/2018\\\/10\\\/27927_1.png\",\"contentUrl\":\"https:\\\/\\\/static.purejewels.com\\\/wp-content\\\/uploads\\\/2018\\\/10\\\/27927_1.png\",\"width\":1000,\"height\":1000,\"caption\":\"27927_1\"},{\"@type\":\"BreadcrumbList\",\"@id\":\"https:\\\/\\\/www.purejewels.com\\\/product\\\/diya-22ct-gold-uncut-polki-diamond-kada-bangle-2\\\/#breadcrumb\",\"itemListElement\":[{\"@type\":\"ListItem\",\"position\":1,\"name\":\"Home\",\"item\":\"https:\\\/\\\/www.purejewels.com\\\/\"},{\"@type\":\"ListItem\",\"position\":2,\"name\":\"Shop\",\"item\":\"https:\\\/\\\/www.purejewels.com\\\/shop\\\/\"},{\"@type\":\"ListItem\",\"position\":3,\"name\":\"Diya 22ct Gold Uncut Polki Diamond Kada Bangle\"}]},{\"@type\":\"WebSite\",\"@id\":\"https:\\\/\\\/www.purejewels.com\\\/#website\",\"url\":\"https:\\\/\\\/www.purejewels.com\\\/\",\"name\":\"PureJewels UK\",\"description\":\"Share the Love\",\"publisher\":{\"@id\":\"https:\\\/\\\/www.purejewels.com\\\/#organization\"},\"potentialAction\":[{\"@type\":\"SearchAction\",\"target\":{\"@type\":\"EntryPoint\",\"urlTemplate\":\"https:\\\/\\\/www.purejewels.com\\\/?s={search_term_string}\"},\"query-input\":{\"@type\":\"PropertyValueSpecification\",\"valueRequired\":true,\"valueName\":\"search_term_string\"}}],\"inLanguage\":\"tr\"},{\"@type\":\"Organization\",\"@id\":\"https:\\\/\\\/www.purejewels.com\\\/#organization\",\"name\":\"PureJewels UK\",\"url\":\"https:\\\/\\\/www.purejewels.com\\\/\",\"logo\":{\"@type\":\"ImageObject\",\"inLanguage\":\"tr\",\"@id\":\"https:\\\/\\\/www.purejewels.com\\\/#\\\/schema\\\/logo\\\/image\\\/\",\"url\":\"https:\\\/\\\/static.purejewels.com\\\/wp-content\\\/uploads\\\/2020\\\/11\\\/Logo-PJ-New-1.png\",\"contentUrl\":\"https:\\\/\\\/static.purejewels.com\\\/wp-content\\\/uploads\\\/2020\\\/11\\\/Logo-PJ-New-1.png\",\"width\":150,\"height\":80,\"caption\":\"PureJewels UK\"},\"image\":{\"@id\":\"https:\\\/\\\/www.purejewels.com\\\/#\\\/schema\\\/logo\\\/image\\\/\"}}]}<\/script>\n<!-- \/ Yoast SEO plugin. -->","yoast_head_json":{"title":"Diya 22 Ayar Alt\u0131n Kesilmemi\u015f Polki P\u0131rlanta Kada Bileklik - PureJewels UK","robots":{"index":"index","follow":"follow","max-snippet":"max-snippet:-1","max-image-preview":"max-image-preview:large","max-video-preview":"max-video-preview:-1"},"canonical":"https:\/\/www.purejewels.com\/tr\/urun\/diya-22-ayar-altin-kesilmemis-polki-pirlanta-kada-bileklik-2\/","og_locale":"tr_TR","og_type":"article","og_title":"Diya 22ct Gold Uncut Polki Diamond Kada Bangle - PureJewels UK","og_description":"Diya 22ct Gold Uncut Polki Diamond Bridal Kada Bangle  Wt. 26.8 g  Polki Diamond wt. 6.04 carat  SKU. 27927  Can be made to order in all sizes  All our products are hallmarked by London Assay Office  All Bangles Come With Presentation Box  Delivery Included  All prices include VAT  Contact us \/ chat with us for live video of product","og_url":"https:\/\/www.purejewels.com\/tr\/urun\/diya-22-ayar-altin-kesilmemis-polki-pirlanta-kada-bileklik-2\/","og_site_name":"PureJewels UK","article_modified_time":"2026-01-10T16:15:56+00:00","og_image":[{"width":1000,"height":1000,"url":"https:\/\/www.purejewels.com\/wp-content\/uploads\/2018\/10\/27927_1.png","type":"image\/png"}],"twitter_card":"summary_large_image","schema":{"@context":"https:\/\/schema.org","@graph":[{"@type":["WebPage","ItemPage"],"@id":"https:\/\/www.purejewels.com\/product\/diya-22ct-gold-uncut-polki-diamond-kada-bangle-2\/","url":"https:\/\/www.purejewels.com\/product\/diya-22ct-gold-uncut-polki-diamond-kada-bangle-2\/","name":"Diya 22 Ayar Alt\u0131n Kesilmemi\u015f Polki P\u0131rlanta Kada Bileklik - PureJewels UK","isPartOf":{"@id":"https:\/\/www.purejewels.com\/#website"},"primaryImageOfPage":{"@id":"https:\/\/www.purejewels.com\/product\/diya-22ct-gold-uncut-polki-diamond-kada-bangle-2\/#primaryimage"},"image":{"@id":"https:\/\/www.purejewels.com\/product\/diya-22ct-gold-uncut-polki-diamond-kada-bangle-2\/#primaryimage"},"thumbnailUrl":"https:\/\/static.purejewels.com\/wp-content\/uploads\/2018\/10\/27927_1.png","datePublished":"2018-10-23T11:25:00+00:00","dateModified":"2026-01-10T16:15:56+00:00","breadcrumb":{"@id":"https:\/\/www.purejewels.com\/product\/diya-22ct-gold-uncut-polki-diamond-kada-bangle-2\/#breadcrumb"},"inLanguage":"tr","potentialAction":[{"@type":"ReadAction","target":["https:\/\/www.purejewels.com\/product\/diya-22ct-gold-uncut-polki-diamond-kada-bangle-2\/"]}]},{"@type":"ImageObject","inLanguage":"tr","@id":"https:\/\/www.purejewels.com\/product\/diya-22ct-gold-uncut-polki-diamond-kada-bangle-2\/#primaryimage","url":"https:\/\/static.purejewels.com\/wp-content\/uploads\/2018\/10\/27927_1.png","contentUrl":"https:\/\/static.purejewels.com\/wp-content\/uploads\/2018\/10\/27927_1.png","width":1000,"height":1000,"caption":"27927_1"},{"@type":"BreadcrumbList","@id":"https:\/\/www.purejewels.com\/product\/diya-22ct-gold-uncut-polki-diamond-kada-bangle-2\/#breadcrumb","itemListElement":[{"@type":"ListItem","position":1,"name":"Home","item":"https:\/\/www.purejewels.com\/"},{"@type":"ListItem","position":2,"name":"Shop","item":"https:\/\/www.purejewels.com\/shop\/"},{"@type":"ListItem","position":3,"name":"Diya 22ct Gold Uncut Polki Diamond Kada Bangle"}]},{"@type":"WebSite","@id":"https:\/\/www.purejewels.com\/#website","url":"https:\/\/www.purejewels.com\/","name":"PureJewels \u0130ngiltere","description":"Sevgiyi Payla\u015f\u0131n","publisher":{"@id":"https:\/\/www.purejewels.com\/#organization"},"potentialAction":[{"@type":"SearchAction","target":{"@type":"EntryPoint","urlTemplate":"https:\/\/www.purejewels.com\/?s={search_term_string}"},"query-input":{"@type":"PropertyValueSpecification","valueRequired":true,"valueName":"search_term_string"}}],"inLanguage":"tr"},{"@type":"Organization","@id":"https:\/\/www.purejewels.com\/#organization","name":"PureJewels \u0130ngiltere","url":"https:\/\/www.purejewels.com\/","logo":{"@type":"ImageObject","inLanguage":"tr","@id":"https:\/\/www.purejewels.com\/#\/schema\/logo\/image\/","url":"https:\/\/static.purejewels.com\/wp-content\/uploads\/2020\/11\/Logo-PJ-New-1.png","contentUrl":"https:\/\/static.purejewels.com\/wp-content\/uploads\/2020\/11\/Logo-PJ-New-1.png","width":150,"height":80,"caption":"PureJewels UK"},"image":{"@id":"https:\/\/www.purejewels.com\/#\/schema\/logo\/image\/"}}]}},"_links":{"self":[{"href":"https:\/\/www.purejewels.com\/tr\/wp-json\/wp\/v2\/product\/304093","targetHints":{"allow":["GET"]}}],"collection":[{"href":"https:\/\/www.purejewels.com\/tr\/wp-json\/wp\/v2\/product"}],"about":[{"href":"https:\/\/www.purejewels.com\/tr\/wp-json\/wp\/v2\/types\/product"}],"replies":[{"embeddable":true,"href":"https:\/\/www.purejewels.com\/tr\/wp-json\/wp\/v2\/comments?post=304093"}],"version-history":[{"count":0,"href":"https:\/\/www.purejewels.com\/tr\/wp-json\/wp\/v2\/product\/304093\/revisions"}],"wp:featuredmedia":[{"embeddable":true,"href":"https:\/\/www.purejewels.com\/tr\/wp-json\/wp\/v2\/media\/304096"}],"wp:attachment":[{"href":"https:\/\/www.purejewels.com\/tr\/wp-json\/wp\/v2\/media?parent=304093"}],"wp:term":[{"taxonomy":"product_brand","embeddable":true,"href":"https:\/\/www.purejewels.com\/tr\/wp-json\/wp\/v2\/product_brand?post=304093"},{"taxonomy":"product_cat","embeddable":true,"href":"https:\/\/www.purejewels.com\/tr\/wp-json\/wp\/v2\/product_cat?post=304093"},{"taxonomy":"product_tag","embeddable":true,"href":"https:\/\/www.purejewels.com\/tr\/wp-json\/wp\/v2\/product_tag?post=304093"}],"curies":[{"name":"wp","href":"https:\/\/api.w.org\/{rel}","templated":true}]}}