{"id":304109,"date":"2018-10-23T12:10:25","date_gmt":"2018-10-23T11:10:25","guid":{"rendered":"https:\/\/www.purejewels.com\/?post_type=product&#038;p=304109"},"modified":"2026-01-06T06:58:28","modified_gmt":"2026-01-06T06:58:28","slug":"diya-22-ayar-altin-kesilmemis-polki-pirlanta-gelin-kupesi-2","status":"publish","type":"product","link":"https:\/\/www.purejewels.com\/tr\/product\/diya-22ct-gold-uncut-polki-diamond-bridal-earrings\/","title":{"rendered":"Diya 22 Ayar Alt\u0131n Kesilmemi\u015f Polki P\u0131rlanta K\u00fcpe"},"content":{"rendered":"<ul>\n<li><a href=\"https:\/\/www.purejewels.com\/tr\/product\/22ct-gold-jali-filigree-ring-jali-collection-31926\/\">22ct<\/a> Kesilmemi\u015f Polki P\u0131rlantal\u0131 Diya alt\u0131n <a href=\"https:\/\/www.purejewels.com\/tr\/product\/22-ct-gold-jhumka-earring-uk\/\">Jhumka<\/a>\u00a0 <a href=\"https:\/\/www.purejewels.com\/tr\/product\/22ct-gold-ladies-stud-earring-with-rhodium-finish-46497\/\">K\u00fcpe<\/a><\/li>\n<li>A\u011f\u0131rl\u0131k 11 g<\/li>\n<li>Polki P\u0131rlanta A\u011f\u0131rl\u0131\u011f\u0131 2.181 Karat<\/li>\n<li>SKU. 31001<\/li>\n<li>T\u00fcm fiyatlara KDV dahildir<\/li>\n<li>Londra Tahlil Ofisi Taraf\u0131ndan Damgalanm\u0131\u015f 22 Ayar Alt\u0131n<\/li>\n<li>Sunum Kutusu ile Birlikte Gelir<\/li>\n<li>Teslimat Dahil<\/li>\n<li>Stok durumu ve stokta bulunan benzer tasar\u0131mlar\u0131n daha fazla g\u00f6r\u00fcnt\u00fcs\u00fc i\u00e7in bizimle canl\u0131 sohbet edin<\/li>\n<\/ul>","protected":false},"excerpt":{"rendered":"<ul>\n<li>22 ayar Diya alt\u0131n Kesilmemi\u015f Polki P\u0131rlantal\u0131 Jhumka K\u00fcpe<\/li>\n<li>A\u011f\u0131rl\u0131k 11 g<\/li>\n<li>Polki P\u0131rlanta A\u011f\u0131rl\u0131\u011f\u0131 2.181 Karat<\/li>\n<li>SKU. 31001<\/li>\n<li>T\u00fcm fiyatlara KDV dahildir<\/li>\n<li>Londra Tahlil Ofisi Taraf\u0131ndan Damgalanm\u0131\u015f 22 Ayar Alt\u0131n<\/li>\n<li>Sunum Kutusu ile Birlikte Gelir<\/li>\n<li>Teslimat Dahil<\/li>\n<li>Stok durumu ve stokta bulunan benzer tasar\u0131mlar\u0131n daha fazla g\u00f6r\u00fcnt\u00fcs\u00fc i\u00e7in bizimle canl\u0131 sohbet edin<\/li>\n<\/ul>","protected":false},"featured_media":304111,"comment_status":"closed","ping_status":"closed","template":"","meta":{"_eb_attr":"","_crsspst_to_jayantr4sg-hostcom":false},"product_brand":[],"product_cat":[1625,236,1533,254,1685,1229],"product_tag":[],"class_list":{"0":"post-304109","1":"product","2":"type-product","3":"status-publish","4":"has-post-thumbnail","6":"product_cat-bridal-set","7":"product_cat-collections","8":"product_cat-diamond-jewellery-set","9":"product_cat-diya-collections","10":"product_cat-drop-earrings","11":"product_cat-22ct-gold-jewellery","13":"first","14":"outofstock","15":"taxable","16":"shipping-taxable","17":"product-type-simple","18":"add-to-wishlist-before_image"},"yoast_head":"<!-- This site is optimized with the Yoast SEO plugin v27.3 - https:\/\/yoast.com\/product\/yoast-seo-wordpress\/ -->\n<title>Diya 22ct Gold Uncut Polki Diamond Bridal Earrings | PureJewels<\/title>\n<meta name=\"description\" content=\"Make your wedding unforgettable. Diya: 22ct gold uncut polki diamond earrings. Buy this earring online today. Free delivery across UK.\" \/>\n<meta name=\"robots\" content=\"index, follow, max-snippet:-1, max-image-preview:large, max-video-preview:-1\" \/>\n<link rel=\"canonical\" href=\"https:\/\/www.purejewels.com\/tr\/urun\/diya-22-ayar-altin-kesilmemis-polki-pirlanta-gelin-kupesi-2\/\" \/>\n<meta property=\"og:locale\" content=\"tr_TR\" \/>\n<meta property=\"og:type\" content=\"article\" \/>\n<meta property=\"og:title\" content=\"Diya 22ct Gold Uncut Polki Diamond Bridal Earrings | PureJewels\" \/>\n<meta property=\"og:description\" content=\"Make your wedding unforgettable. Diya: 22ct gold uncut polki diamond earrings. Buy this earring online today. Free delivery across UK.\" \/>\n<meta property=\"og:url\" content=\"https:\/\/www.purejewels.com\/tr\/urun\/diya-22-ayar-altin-kesilmemis-polki-pirlanta-gelin-kupesi-2\/\" \/>\n<meta property=\"og:site_name\" content=\"PureJewels UK\" \/>\n<meta property=\"article:modified_time\" content=\"2026-01-06T06:58:28+00:00\" \/>\n<meta property=\"og:image\" content=\"https:\/\/www.purejewels.com\/wp-content\/uploads\/2018\/10\/27932_1.png\" \/>\n\t<meta property=\"og:image:width\" content=\"1000\" \/>\n\t<meta property=\"og:image:height\" content=\"1000\" \/>\n\t<meta property=\"og:image:type\" content=\"image\/png\" \/>\n<meta name=\"twitter:card\" content=\"summary_large_image\" \/>\n<script type=\"application\/ld+json\" class=\"yoast-schema-graph\">{\"@context\":\"https:\\\/\\\/schema.org\",\"@graph\":[{\"@type\":[\"WebPage\",\"ItemPage\"],\"@id\":\"https:\\\/\\\/www.purejewels.com\\\/product\\\/diya-22ct-gold-uncut-polki-diamond-bridal-earrings\\\/\",\"url\":\"https:\\\/\\\/www.purejewels.com\\\/product\\\/diya-22ct-gold-uncut-polki-diamond-bridal-earrings\\\/\",\"name\":\"Diya 22ct Gold Uncut Polki Diamond Bridal Earrings | PureJewels\",\"isPartOf\":{\"@id\":\"https:\\\/\\\/www.purejewels.com\\\/#website\"},\"primaryImageOfPage\":{\"@id\":\"https:\\\/\\\/www.purejewels.com\\\/product\\\/diya-22ct-gold-uncut-polki-diamond-bridal-earrings\\\/#primaryimage\"},\"image\":{\"@id\":\"https:\\\/\\\/www.purejewels.com\\\/product\\\/diya-22ct-gold-uncut-polki-diamond-bridal-earrings\\\/#primaryimage\"},\"thumbnailUrl\":\"https:\\\/\\\/static.purejewels.com\\\/wp-content\\\/uploads\\\/2018\\\/10\\\/27932_1.png\",\"datePublished\":\"2018-10-23T11:10:25+00:00\",\"dateModified\":\"2026-01-06T06:58:28+00:00\",\"description\":\"Make your wedding unforgettable. Diya: 22ct gold uncut polki diamond earrings. Buy this earring online today. Free delivery across UK.\",\"breadcrumb\":{\"@id\":\"https:\\\/\\\/www.purejewels.com\\\/product\\\/diya-22ct-gold-uncut-polki-diamond-bridal-earrings\\\/#breadcrumb\"},\"inLanguage\":\"tr\",\"potentialAction\":[{\"@type\":\"ReadAction\",\"target\":[\"https:\\\/\\\/www.purejewels.com\\\/product\\\/diya-22ct-gold-uncut-polki-diamond-bridal-earrings\\\/\"]}]},{\"@type\":\"ImageObject\",\"inLanguage\":\"tr\",\"@id\":\"https:\\\/\\\/www.purejewels.com\\\/product\\\/diya-22ct-gold-uncut-polki-diamond-bridal-earrings\\\/#primaryimage\",\"url\":\"https:\\\/\\\/static.purejewels.com\\\/wp-content\\\/uploads\\\/2018\\\/10\\\/27932_1.png\",\"contentUrl\":\"https:\\\/\\\/static.purejewels.com\\\/wp-content\\\/uploads\\\/2018\\\/10\\\/27932_1.png\",\"width\":1000,\"height\":1000,\"caption\":\"27932_1\"},{\"@type\":\"BreadcrumbList\",\"@id\":\"https:\\\/\\\/www.purejewels.com\\\/product\\\/diya-22ct-gold-uncut-polki-diamond-bridal-earrings\\\/#breadcrumb\",\"itemListElement\":[{\"@type\":\"ListItem\",\"position\":1,\"name\":\"Home\",\"item\":\"https:\\\/\\\/www.purejewels.com\\\/\"},{\"@type\":\"ListItem\",\"position\":2,\"name\":\"Shop\",\"item\":\"https:\\\/\\\/www.purejewels.com\\\/shop\\\/\"},{\"@type\":\"ListItem\",\"position\":3,\"name\":\"Diya 22ct Gold Uncut Polki Diamond Earrings\"}]},{\"@type\":\"WebSite\",\"@id\":\"https:\\\/\\\/www.purejewels.com\\\/#website\",\"url\":\"https:\\\/\\\/www.purejewels.com\\\/\",\"name\":\"PureJewels UK\",\"description\":\"Share the Love\",\"publisher\":{\"@id\":\"https:\\\/\\\/www.purejewels.com\\\/#organization\"},\"potentialAction\":[{\"@type\":\"SearchAction\",\"target\":{\"@type\":\"EntryPoint\",\"urlTemplate\":\"https:\\\/\\\/www.purejewels.com\\\/?s={search_term_string}\"},\"query-input\":{\"@type\":\"PropertyValueSpecification\",\"valueRequired\":true,\"valueName\":\"search_term_string\"}}],\"inLanguage\":\"tr\"},{\"@type\":\"Organization\",\"@id\":\"https:\\\/\\\/www.purejewels.com\\\/#organization\",\"name\":\"PureJewels UK\",\"url\":\"https:\\\/\\\/www.purejewels.com\\\/\",\"logo\":{\"@type\":\"ImageObject\",\"inLanguage\":\"tr\",\"@id\":\"https:\\\/\\\/www.purejewels.com\\\/#\\\/schema\\\/logo\\\/image\\\/\",\"url\":\"https:\\\/\\\/static.purejewels.com\\\/wp-content\\\/uploads\\\/2020\\\/11\\\/Logo-PJ-New-1.png\",\"contentUrl\":\"https:\\\/\\\/static.purejewels.com\\\/wp-content\\\/uploads\\\/2020\\\/11\\\/Logo-PJ-New-1.png\",\"width\":150,\"height\":80,\"caption\":\"PureJewels UK\"},\"image\":{\"@id\":\"https:\\\/\\\/www.purejewels.com\\\/#\\\/schema\\\/logo\\\/image\\\/\"}}]}<\/script>\n<!-- \/ Yoast SEO plugin. -->","yoast_head_json":{"title":"Diya 22 Ayar Alt\u0131n Kesilmemi\u015f Polki P\u0131rlanta Gelin K\u00fcpesi | PureJewels","description":"D\u00fc\u011f\u00fcn\u00fcn\u00fcz\u00fc unutulmaz k\u0131l\u0131n. Diya: 22 ayar alt\u0131n kesilmemi\u015f polki p\u0131rlanta k\u00fcpe. Bu k\u00fcpeyi bug\u00fcn online sat\u0131n al\u0131n. \u0130ngiltere genelinde \u00fccretsiz teslimat.","robots":{"index":"index","follow":"follow","max-snippet":"max-snippet:-1","max-image-preview":"max-image-preview:large","max-video-preview":"max-video-preview:-1"},"canonical":"https:\/\/www.purejewels.com\/tr\/urun\/diya-22-ayar-altin-kesilmemis-polki-pirlanta-gelin-kupesi-2\/","og_locale":"tr_TR","og_type":"article","og_title":"Diya 22ct Gold Uncut Polki Diamond Bridal Earrings | PureJewels","og_description":"Make your wedding unforgettable. Diya: 22ct gold uncut polki diamond earrings. Buy this earring online today. Free delivery across UK.","og_url":"https:\/\/www.purejewels.com\/tr\/urun\/diya-22-ayar-altin-kesilmemis-polki-pirlanta-gelin-kupesi-2\/","og_site_name":"PureJewels UK","article_modified_time":"2026-01-06T06:58:28+00:00","og_image":[{"width":1000,"height":1000,"url":"https:\/\/www.purejewels.com\/wp-content\/uploads\/2018\/10\/27932_1.png","type":"image\/png"}],"twitter_card":"summary_large_image","schema":{"@context":"https:\/\/schema.org","@graph":[{"@type":["WebPage","ItemPage"],"@id":"https:\/\/www.purejewels.com\/product\/diya-22ct-gold-uncut-polki-diamond-bridal-earrings\/","url":"https:\/\/www.purejewels.com\/product\/diya-22ct-gold-uncut-polki-diamond-bridal-earrings\/","name":"Diya 22 Ayar Alt\u0131n Kesilmemi\u015f Polki P\u0131rlanta Gelin K\u00fcpesi | PureJewels","isPartOf":{"@id":"https:\/\/www.purejewels.com\/#website"},"primaryImageOfPage":{"@id":"https:\/\/www.purejewels.com\/product\/diya-22ct-gold-uncut-polki-diamond-bridal-earrings\/#primaryimage"},"image":{"@id":"https:\/\/www.purejewels.com\/product\/diya-22ct-gold-uncut-polki-diamond-bridal-earrings\/#primaryimage"},"thumbnailUrl":"https:\/\/static.purejewels.com\/wp-content\/uploads\/2018\/10\/27932_1.png","datePublished":"2018-10-23T11:10:25+00:00","dateModified":"2026-01-06T06:58:28+00:00","description":"D\u00fc\u011f\u00fcn\u00fcn\u00fcz\u00fc unutulmaz k\u0131l\u0131n. Diya: 22 ayar alt\u0131n kesilmemi\u015f polki p\u0131rlanta k\u00fcpe. Bu k\u00fcpeyi bug\u00fcn online sat\u0131n al\u0131n. \u0130ngiltere genelinde \u00fccretsiz teslimat.","breadcrumb":{"@id":"https:\/\/www.purejewels.com\/product\/diya-22ct-gold-uncut-polki-diamond-bridal-earrings\/#breadcrumb"},"inLanguage":"tr","potentialAction":[{"@type":"ReadAction","target":["https:\/\/www.purejewels.com\/product\/diya-22ct-gold-uncut-polki-diamond-bridal-earrings\/"]}]},{"@type":"ImageObject","inLanguage":"tr","@id":"https:\/\/www.purejewels.com\/product\/diya-22ct-gold-uncut-polki-diamond-bridal-earrings\/#primaryimage","url":"https:\/\/static.purejewels.com\/wp-content\/uploads\/2018\/10\/27932_1.png","contentUrl":"https:\/\/static.purejewels.com\/wp-content\/uploads\/2018\/10\/27932_1.png","width":1000,"height":1000,"caption":"27932_1"},{"@type":"BreadcrumbList","@id":"https:\/\/www.purejewels.com\/product\/diya-22ct-gold-uncut-polki-diamond-bridal-earrings\/#breadcrumb","itemListElement":[{"@type":"ListItem","position":1,"name":"Home","item":"https:\/\/www.purejewels.com\/"},{"@type":"ListItem","position":2,"name":"Shop","item":"https:\/\/www.purejewels.com\/shop\/"},{"@type":"ListItem","position":3,"name":"Diya 22ct Gold Uncut Polki Diamond Earrings"}]},{"@type":"WebSite","@id":"https:\/\/www.purejewels.com\/#website","url":"https:\/\/www.purejewels.com\/","name":"PureJewels \u0130ngiltere","description":"Sevgiyi Payla\u015f\u0131n","publisher":{"@id":"https:\/\/www.purejewels.com\/#organization"},"potentialAction":[{"@type":"SearchAction","target":{"@type":"EntryPoint","urlTemplate":"https:\/\/www.purejewels.com\/?s={search_term_string}"},"query-input":{"@type":"PropertyValueSpecification","valueRequired":true,"valueName":"search_term_string"}}],"inLanguage":"tr"},{"@type":"Organization","@id":"https:\/\/www.purejewels.com\/#organization","name":"PureJewels \u0130ngiltere","url":"https:\/\/www.purejewels.com\/","logo":{"@type":"ImageObject","inLanguage":"tr","@id":"https:\/\/www.purejewels.com\/#\/schema\/logo\/image\/","url":"https:\/\/static.purejewels.com\/wp-content\/uploads\/2020\/11\/Logo-PJ-New-1.png","contentUrl":"https:\/\/static.purejewels.com\/wp-content\/uploads\/2020\/11\/Logo-PJ-New-1.png","width":150,"height":80,"caption":"PureJewels UK"},"image":{"@id":"https:\/\/www.purejewels.com\/#\/schema\/logo\/image\/"}}]}},"_links":{"self":[{"href":"https:\/\/www.purejewels.com\/tr\/wp-json\/wp\/v2\/product\/304109","targetHints":{"allow":["GET"]}}],"collection":[{"href":"https:\/\/www.purejewels.com\/tr\/wp-json\/wp\/v2\/product"}],"about":[{"href":"https:\/\/www.purejewels.com\/tr\/wp-json\/wp\/v2\/types\/product"}],"replies":[{"embeddable":true,"href":"https:\/\/www.purejewels.com\/tr\/wp-json\/wp\/v2\/comments?post=304109"}],"version-history":[{"count":2,"href":"https:\/\/www.purejewels.com\/tr\/wp-json\/wp\/v2\/product\/304109\/revisions"}],"predecessor-version":[{"id":362118,"href":"https:\/\/www.purejewels.com\/tr\/wp-json\/wp\/v2\/product\/304109\/revisions\/362118"}],"wp:featuredmedia":[{"embeddable":true,"href":"https:\/\/www.purejewels.com\/tr\/wp-json\/wp\/v2\/media\/304111"}],"wp:attachment":[{"href":"https:\/\/www.purejewels.com\/tr\/wp-json\/wp\/v2\/media?parent=304109"}],"wp:term":[{"taxonomy":"product_brand","embeddable":true,"href":"https:\/\/www.purejewels.com\/tr\/wp-json\/wp\/v2\/product_brand?post=304109"},{"taxonomy":"product_cat","embeddable":true,"href":"https:\/\/www.purejewels.com\/tr\/wp-json\/wp\/v2\/product_cat?post=304109"},{"taxonomy":"product_tag","embeddable":true,"href":"https:\/\/www.purejewels.com\/tr\/wp-json\/wp\/v2\/product_tag?post=304109"}],"curies":[{"name":"wp","href":"https:\/\/api.w.org\/{rel}","templated":true}]}}