{"id":304116,"date":"2018-10-23T11:58:09","date_gmt":"2018-10-23T10:58:09","guid":{"rendered":"https:\/\/www.purejewels.com\/?post_type=product&#038;p=304116"},"modified":"2025-11-25T08:07:51","modified_gmt":"2025-11-25T08:07:51","slug":"diya-22-ayar-altin-saplama-kupe","status":"publish","type":"product","link":"https:\/\/www.purejewels.com\/tr\/product\/diya-22ct-gold-stud-earring\/","title":{"rendered":"Diya 22 ayar alt\u0131n Polki Dewdrop k\u00fcpe"},"content":{"rendered":"<h3 data-start=\"140\" data-end=\"164\"><strong data-start=\"144\" data-end=\"162\">Tasar\u0131m Konsepti<\/strong><\/h3>\n<p data-start=\"165\" data-end=\"545\">Bu <em data-start=\"169\" data-end=\"213\">Diya <a href=\"https:\/\/www.purejewels.com\/tr\/product\/22ct-gold-jali-filigree-ring-jali-collection-31926\/\">22ct<\/a> Alt\u0131n Polki Damla K\u00fcpe <a href=\"https:\/\/www.purejewels.com\/tr\/product-category\/22ct-gold-jewellery\/gold-earrings\/\">K\u00fcpeler<\/a><\/em> safl\u0131k ve \u0131\u015f\u0131\u011f\u0131n narin birer somutla\u015fm\u0131\u015f hali. Sil\u00fcetleri, sabah \u00e7iy damlalar\u0131n\u0131n nazik \u015fekillerinden esinlenerek tasarlanm\u0131\u015f; ge\u00e7ici, \u0131\u015f\u0131lt\u0131l\u0131 ve umut dolu. Diya koleksiyonunun ruhuyla tasarlanan bu k\u00fcpeler, gelene\u011fin sessiz parlakl\u0131\u011f\u0131n\u0131 yans\u0131t\u0131yor ve zamans\u0131z bir zarafetle par\u0131ldayan k\u00fcmelenmi\u015f damla motifleri olu\u015fturuyor.<\/p>\n<h3 data-start=\"552\" data-end=\"575\"><strong data-start=\"556\" data-end=\"573\">Zanaatkarl\u0131k<\/strong><\/h3>\n<p data-start=\"576\" data-end=\"1136\">Parlak 22 ayar alt\u0131nla el yap\u0131m\u0131 olan her bir k\u00fcpe, do\u011fal kesilmemi\u015f ta\u015flarla s\u00fcslenmi\u015ftir. <em data-start=\"653\" data-end=\"660\">Polki<\/em> simetrik bir k\u00fcme halinde \u00f6zenle d\u00fczenlenmi\u015f elmaslar. \u0130\u00e7 damla detay\u0131 a\u00e7\u0131k formun i\u00e7inde s\u00fcz\u00fclerek derinlik ve g\u00f6rsel bir ilgi yarat\u0131r. Usta zanaatkarlar\u0131m\u0131z, her bir Polki'yi geleneksel a\u00e7\u0131k arka teknikleri kullanarak yerle\u015ftirir, b\u00f6ylece \u0131\u015f\u0131k ge\u00e7erek ta\u015flar\u0131n do\u011fal \u0131\u015f\u0131lt\u0131s\u0131n\u0131 g\u00fc\u00e7lendirir. Bu karma\u015f\u0131k kompozisyon, geleneksel zanaatkarl\u0131\u011f\u0131 rafine ve modern bir estetikle dengeler \u2014 zanaatkarl\u0131\u011f\u0131n m\u00fckemmelli\u011fini koruma konusunda PureJewels miras\u0131na sad\u0131k kal\u0131r.<\/p>\n<h3 data-start=\"1143\" data-end=\"1166\"><strong data-start=\"1147\" data-end=\"1164\">Stil Fikirleri<\/strong><\/h3>\n<p data-start=\"1167\" data-end=\"1675\">Zarif ve sade olan bu k\u00fcpeler, nesiller boyu \u00e7ok y\u00f6nl\u00fc bir stil sunar. Nedimeler, d\u00fc\u011f\u00fcn konuklar\u0131 veya \u015fenlikli k\u0131yafetler i\u00e7in m\u00fckemmeldir ve g\u00fcnl\u00fck tak\u0131 olarak da g\u00fczel bir ge\u00e7i\u015f sa\u011flar. Narin bir alt\u0131n zincir veya katmanl\u0131 bileziklerle e\u015fle\u015ftirerek uyumlu bir g\u00f6r\u00fcn\u00fcm yaratabilirsiniz. Damla \u015feklindeki tasar\u0131mlar\u0131, ipek kurta'dan \u00f6zel dikim tuluma kadar hem geleneksel hem de \u00e7a\u011fda\u015f k\u0131yafetleri tamamlar. Kompakt boyutlu ancak detaylar\u0131 zengin olan bu k\u00fcpeler, d\u00fc\u015f\u00fcnceli bir hediye veya g\u00fczellik ve miras\u0131n ki\u015fisel bir hat\u0131ras\u0131 olabilir.<\/p>","protected":false},"excerpt":{"rendered":"<ul>\n<li>Diya 22 Ayar Alt\u0131n Saplama K\u00fcpe<\/li>\n<li>Kesilmemi\u015f Polki P\u0131rlantalar\u0131 ile<\/li>\n<li>A\u011f\u0131rl\u0131k 2.6 g<\/li>\n<li>P\u0131rlanta A\u011f\u0131rl\u0131\u011f\u0131 0.424ct<\/li>\n<li>SKU. 31002<\/li>\n<li>T\u00fcm fiyatlara KDV dahildir<\/li>\n<li>Londra Tahlil Ofisi Taraf\u0131ndan Damgalanm\u0131\u015f 22 Ayar Alt\u0131n<\/li>\n<li>Sunum Kutusu ile Birlikte Gelir<\/li>\n<li>Teslimat Dahil<\/li>\n<li>Stok durumu ve stokta bulunan benzer tasar\u0131mlar\u0131n daha fazla g\u00f6r\u00fcnt\u00fcs\u00fc i\u00e7in bizimle canl\u0131 sohbet edin<\/li>\n<\/ul>","protected":false},"featured_media":304117,"comment_status":"closed","ping_status":"closed","template":"","meta":{"_eb_attr":"","_crsspst_to_jayantr4sg-hostcom":false},"product_brand":[],"product_cat":[236,254,1229,1577],"product_tag":[],"class_list":{"0":"post-304116","1":"product","2":"type-product","3":"status-publish","4":"has-post-thumbnail","6":"product_cat-collections","7":"product_cat-diya-collections","8":"product_cat-22ct-gold-jewellery","9":"product_cat-stud-earrings","11":"first","12":"outofstock","13":"taxable","14":"shipping-taxable","15":"product-type-simple","16":"add-to-wishlist-before_image"},"yoast_head":"<!-- This site is optimized with the Yoast SEO plugin v27.3 - https:\/\/yoast.com\/product\/yoast-seo-wordpress\/ -->\n<title>Diya 22ct Gold Polki Dewdrop Stud Earrings - PureJewels UK<\/title>\n<meta name=\"robots\" content=\"index, follow, max-snippet:-1, max-image-preview:large, max-video-preview:-1\" \/>\n<link rel=\"canonical\" href=\"https:\/\/www.purejewels.com\/tr\/urun\/diya-22-ayar-altin-saplama-kupe\/\" \/>\n<meta property=\"og:locale\" content=\"tr_TR\" \/>\n<meta property=\"og:type\" content=\"article\" \/>\n<meta property=\"og:title\" content=\"Diya 22ct Gold Polki Dewdrop Stud Earrings - PureJewels UK\" \/>\n<meta property=\"og:description\" content=\"Diya 22ct Gold Stud Earrings  With Uncut Polki Diamonds  Wt. 2.6 g  Diamond Wt. 0.424ct  SKU. 31002  All prices include VAT  22ct Gold Hallmarked by London Assay Office  Comes With Presentation Box  Delivery Included  Live chat with us for availability and more images of similar designs currently in stock\" \/>\n<meta property=\"og:url\" content=\"https:\/\/www.purejewels.com\/tr\/urun\/diya-22-ayar-altin-saplama-kupe\/\" \/>\n<meta property=\"og:site_name\" content=\"PureJewels UK\" \/>\n<meta property=\"article:modified_time\" content=\"2025-11-25T08:07:51+00:00\" \/>\n<meta property=\"og:image\" content=\"https:\/\/www.purejewels.com\/wp-content\/uploads\/2018\/10\/27096_1.png\" \/>\n\t<meta property=\"og:image:width\" content=\"1000\" \/>\n\t<meta property=\"og:image:height\" content=\"1000\" \/>\n\t<meta property=\"og:image:type\" content=\"image\/png\" \/>\n<meta name=\"twitter:card\" content=\"summary_large_image\" \/>\n<meta name=\"twitter:label1\" content=\"Tahmini okuma s\u00fcresi\" \/>\n\t<meta name=\"twitter:data1\" content=\"2 dakika\" \/>\n<script type=\"application\/ld+json\" class=\"yoast-schema-graph\">{\"@context\":\"https:\\\/\\\/schema.org\",\"@graph\":[{\"@type\":[\"WebPage\",\"ItemPage\"],\"@id\":\"https:\\\/\\\/www.purejewels.com\\\/product\\\/diya-22ct-gold-stud-earring\\\/\",\"url\":\"https:\\\/\\\/www.purejewels.com\\\/product\\\/diya-22ct-gold-stud-earring\\\/\",\"name\":\"Diya 22ct Gold Polki Dewdrop Stud Earrings - PureJewels UK\",\"isPartOf\":{\"@id\":\"https:\\\/\\\/www.purejewels.com\\\/#website\"},\"primaryImageOfPage\":{\"@id\":\"https:\\\/\\\/www.purejewels.com\\\/product\\\/diya-22ct-gold-stud-earring\\\/#primaryimage\"},\"image\":{\"@id\":\"https:\\\/\\\/www.purejewels.com\\\/product\\\/diya-22ct-gold-stud-earring\\\/#primaryimage\"},\"thumbnailUrl\":\"https:\\\/\\\/static.purejewels.com\\\/wp-content\\\/uploads\\\/2018\\\/10\\\/27096_1.png\",\"datePublished\":\"2018-10-23T10:58:09+00:00\",\"dateModified\":\"2025-11-25T08:07:51+00:00\",\"breadcrumb\":{\"@id\":\"https:\\\/\\\/www.purejewels.com\\\/product\\\/diya-22ct-gold-stud-earring\\\/#breadcrumb\"},\"inLanguage\":\"tr\",\"potentialAction\":[{\"@type\":\"ReadAction\",\"target\":[\"https:\\\/\\\/www.purejewels.com\\\/product\\\/diya-22ct-gold-stud-earring\\\/\"]}]},{\"@type\":\"ImageObject\",\"inLanguage\":\"tr\",\"@id\":\"https:\\\/\\\/www.purejewels.com\\\/product\\\/diya-22ct-gold-stud-earring\\\/#primaryimage\",\"url\":\"https:\\\/\\\/static.purejewels.com\\\/wp-content\\\/uploads\\\/2018\\\/10\\\/27096_1.png\",\"contentUrl\":\"https:\\\/\\\/static.purejewels.com\\\/wp-content\\\/uploads\\\/2018\\\/10\\\/27096_1.png\",\"width\":1000,\"height\":1000,\"caption\":\"27096_1\"},{\"@type\":\"BreadcrumbList\",\"@id\":\"https:\\\/\\\/www.purejewels.com\\\/product\\\/diya-22ct-gold-stud-earring\\\/#breadcrumb\",\"itemListElement\":[{\"@type\":\"ListItem\",\"position\":1,\"name\":\"Home\",\"item\":\"https:\\\/\\\/www.purejewels.com\\\/\"},{\"@type\":\"ListItem\",\"position\":2,\"name\":\"Shop\",\"item\":\"https:\\\/\\\/www.purejewels.com\\\/shop\\\/\"},{\"@type\":\"ListItem\",\"position\":3,\"name\":\"Diya 22ct Gold Polki Dewdrop Stud Earrings\"}]},{\"@type\":\"WebSite\",\"@id\":\"https:\\\/\\\/www.purejewels.com\\\/#website\",\"url\":\"https:\\\/\\\/www.purejewels.com\\\/\",\"name\":\"PureJewels UK\",\"description\":\"Share the Love\",\"publisher\":{\"@id\":\"https:\\\/\\\/www.purejewels.com\\\/#organization\"},\"potentialAction\":[{\"@type\":\"SearchAction\",\"target\":{\"@type\":\"EntryPoint\",\"urlTemplate\":\"https:\\\/\\\/www.purejewels.com\\\/?s={search_term_string}\"},\"query-input\":{\"@type\":\"PropertyValueSpecification\",\"valueRequired\":true,\"valueName\":\"search_term_string\"}}],\"inLanguage\":\"tr\"},{\"@type\":\"Organization\",\"@id\":\"https:\\\/\\\/www.purejewels.com\\\/#organization\",\"name\":\"PureJewels UK\",\"url\":\"https:\\\/\\\/www.purejewels.com\\\/\",\"logo\":{\"@type\":\"ImageObject\",\"inLanguage\":\"tr\",\"@id\":\"https:\\\/\\\/www.purejewels.com\\\/#\\\/schema\\\/logo\\\/image\\\/\",\"url\":\"https:\\\/\\\/static.purejewels.com\\\/wp-content\\\/uploads\\\/2020\\\/11\\\/Logo-PJ-New-1.png\",\"contentUrl\":\"https:\\\/\\\/static.purejewels.com\\\/wp-content\\\/uploads\\\/2020\\\/11\\\/Logo-PJ-New-1.png\",\"width\":150,\"height\":80,\"caption\":\"PureJewels UK\"},\"image\":{\"@id\":\"https:\\\/\\\/www.purejewels.com\\\/#\\\/schema\\\/logo\\\/image\\\/\"}}]}<\/script>\n<!-- \/ Yoast SEO plugin. -->","yoast_head_json":{"title":"Diya 22 ayar alt\u0131n Polki Dewdrop k\u00fcpe - PureJewels UK","robots":{"index":"index","follow":"follow","max-snippet":"max-snippet:-1","max-image-preview":"max-image-preview:large","max-video-preview":"max-video-preview:-1"},"canonical":"https:\/\/www.purejewels.com\/tr\/urun\/diya-22-ayar-altin-saplama-kupe\/","og_locale":"tr_TR","og_type":"article","og_title":"Diya 22ct Gold Polki Dewdrop Stud Earrings - PureJewels UK","og_description":"Diya 22ct Gold Stud Earrings  With Uncut Polki Diamonds  Wt. 2.6 g  Diamond Wt. 0.424ct  SKU. 31002  All prices include VAT  22ct Gold Hallmarked by London Assay Office  Comes With Presentation Box  Delivery Included  Live chat with us for availability and more images of similar designs currently in stock","og_url":"https:\/\/www.purejewels.com\/tr\/urun\/diya-22-ayar-altin-saplama-kupe\/","og_site_name":"PureJewels UK","article_modified_time":"2025-11-25T08:07:51+00:00","og_image":[{"width":1000,"height":1000,"url":"https:\/\/www.purejewels.com\/wp-content\/uploads\/2018\/10\/27096_1.png","type":"image\/png"}],"twitter_card":"summary_large_image","twitter_misc":{"Tahmini okuma s\u00fcresi":"2 dakika"},"schema":{"@context":"https:\/\/schema.org","@graph":[{"@type":["WebPage","ItemPage"],"@id":"https:\/\/www.purejewels.com\/product\/diya-22ct-gold-stud-earring\/","url":"https:\/\/www.purejewels.com\/product\/diya-22ct-gold-stud-earring\/","name":"Diya 22 ayar alt\u0131n Polki Dewdrop k\u00fcpe - PureJewels UK","isPartOf":{"@id":"https:\/\/www.purejewels.com\/#website"},"primaryImageOfPage":{"@id":"https:\/\/www.purejewels.com\/product\/diya-22ct-gold-stud-earring\/#primaryimage"},"image":{"@id":"https:\/\/www.purejewels.com\/product\/diya-22ct-gold-stud-earring\/#primaryimage"},"thumbnailUrl":"https:\/\/static.purejewels.com\/wp-content\/uploads\/2018\/10\/27096_1.png","datePublished":"2018-10-23T10:58:09+00:00","dateModified":"2025-11-25T08:07:51+00:00","breadcrumb":{"@id":"https:\/\/www.purejewels.com\/product\/diya-22ct-gold-stud-earring\/#breadcrumb"},"inLanguage":"tr","potentialAction":[{"@type":"ReadAction","target":["https:\/\/www.purejewels.com\/product\/diya-22ct-gold-stud-earring\/"]}]},{"@type":"ImageObject","inLanguage":"tr","@id":"https:\/\/www.purejewels.com\/product\/diya-22ct-gold-stud-earring\/#primaryimage","url":"https:\/\/static.purejewels.com\/wp-content\/uploads\/2018\/10\/27096_1.png","contentUrl":"https:\/\/static.purejewels.com\/wp-content\/uploads\/2018\/10\/27096_1.png","width":1000,"height":1000,"caption":"27096_1"},{"@type":"BreadcrumbList","@id":"https:\/\/www.purejewels.com\/product\/diya-22ct-gold-stud-earring\/#breadcrumb","itemListElement":[{"@type":"ListItem","position":1,"name":"Home","item":"https:\/\/www.purejewels.com\/"},{"@type":"ListItem","position":2,"name":"Shop","item":"https:\/\/www.purejewels.com\/shop\/"},{"@type":"ListItem","position":3,"name":"Diya 22ct Gold Polki Dewdrop Stud Earrings"}]},{"@type":"WebSite","@id":"https:\/\/www.purejewels.com\/#website","url":"https:\/\/www.purejewels.com\/","name":"PureJewels \u0130ngiltere","description":"Sevgiyi Payla\u015f\u0131n","publisher":{"@id":"https:\/\/www.purejewels.com\/#organization"},"potentialAction":[{"@type":"SearchAction","target":{"@type":"EntryPoint","urlTemplate":"https:\/\/www.purejewels.com\/?s={search_term_string}"},"query-input":{"@type":"PropertyValueSpecification","valueRequired":true,"valueName":"search_term_string"}}],"inLanguage":"tr"},{"@type":"Organization","@id":"https:\/\/www.purejewels.com\/#organization","name":"PureJewels \u0130ngiltere","url":"https:\/\/www.purejewels.com\/","logo":{"@type":"ImageObject","inLanguage":"tr","@id":"https:\/\/www.purejewels.com\/#\/schema\/logo\/image\/","url":"https:\/\/static.purejewels.com\/wp-content\/uploads\/2020\/11\/Logo-PJ-New-1.png","contentUrl":"https:\/\/static.purejewels.com\/wp-content\/uploads\/2020\/11\/Logo-PJ-New-1.png","width":150,"height":80,"caption":"PureJewels UK"},"image":{"@id":"https:\/\/www.purejewels.com\/#\/schema\/logo\/image\/"}}]}},"_links":{"self":[{"href":"https:\/\/www.purejewels.com\/tr\/wp-json\/wp\/v2\/product\/304116","targetHints":{"allow":["GET"]}}],"collection":[{"href":"https:\/\/www.purejewels.com\/tr\/wp-json\/wp\/v2\/product"}],"about":[{"href":"https:\/\/www.purejewels.com\/tr\/wp-json\/wp\/v2\/types\/product"}],"replies":[{"embeddable":true,"href":"https:\/\/www.purejewels.com\/tr\/wp-json\/wp\/v2\/comments?post=304116"}],"version-history":[{"count":1,"href":"https:\/\/www.purejewels.com\/tr\/wp-json\/wp\/v2\/product\/304116\/revisions"}],"predecessor-version":[{"id":421800,"href":"https:\/\/www.purejewels.com\/tr\/wp-json\/wp\/v2\/product\/304116\/revisions\/421800"}],"wp:featuredmedia":[{"embeddable":true,"href":"https:\/\/www.purejewels.com\/tr\/wp-json\/wp\/v2\/media\/304117"}],"wp:attachment":[{"href":"https:\/\/www.purejewels.com\/tr\/wp-json\/wp\/v2\/media?parent=304116"}],"wp:term":[{"taxonomy":"product_brand","embeddable":true,"href":"https:\/\/www.purejewels.com\/tr\/wp-json\/wp\/v2\/product_brand?post=304116"},{"taxonomy":"product_cat","embeddable":true,"href":"https:\/\/www.purejewels.com\/tr\/wp-json\/wp\/v2\/product_cat?post=304116"},{"taxonomy":"product_tag","embeddable":true,"href":"https:\/\/www.purejewels.com\/tr\/wp-json\/wp\/v2\/product_tag?post=304116"}],"curies":[{"name":"wp","href":"https:\/\/api.w.org\/{rel}","templated":true}]}}