{"id":304188,"date":"2018-10-24T10:02:00","date_gmt":"2018-10-24T09:02:00","guid":{"rendered":"https:\/\/www.purejewels.com\/?post_type=product&#038;p=304188"},"modified":"2026-01-06T06:58:29","modified_gmt":"2026-01-06T06:58:29","slug":"22-ayar-altin-parti-kupesi-28379","status":"publish","type":"product","link":"https:\/\/www.purejewels.com\/tr\/product\/22ct-gold-party-earring-28379\/","title":{"rendered":"22 Ayar Alt\u0131n Parti K\u00fcpesi"},"content":{"rendered":"<h3><b>Tasar\u0131m<\/b><\/h3>\n<p><span style=\"font-weight: 400\">G\u00f6r\u00fcn\u00fcm\u00fcn\u00fcze an\u0131nda cazibe katmak i\u00e7in s\u00fcrekli m\u00fckemmel bir \u015fey mi ar\u0131yorsunuz? Bu i\u015fe yarayabilir! Bu bir \u00e7ift tek seferlik alt\u0131n parti <a href=\"https:\/\/www.purejewels.com\/tr\/product-category\/22ct-gold-jewellery\/gold-earrings\/\">K\u00fcpeler<\/a> bir a\u00e7\u0131klama yapmak i\u00e7in ihtiyac\u0131n\u0131z olan tek \u015fey. K\u00fcpelerin g\u00f6r\u00fcn\u00fcm\u00fcn\u00fcz\u00fc tam anlam\u0131yla de\u011fi\u015ftirebilecek ya da bozabilecek en g\u00fc\u00e7l\u00fc aksesuarlar oldu\u011funu s\u00f6ylerler. Bunlar\u0131n parti g\u00f6r\u00fcn\u00fcm\u00fcn\u00fcz\u00fc bir \u00fcst seviyeye ta\u015f\u0131yaca\u011f\u0131 kesin.\u00a0<\/span><\/p>\n<p><span style=\"font-weight: 400\">Purejewels'in bu cesur ve sanatsal g\u00f6r\u00fcn\u00fcml\u00fc par\u00e7alar\u0131, bir partinin hayat\u0131 gibi hissetmek i\u00e7in ihtiyac\u0131n\u0131z olan tek \u015fey.<\/span><\/p>\n<h3><b>\u0130lham kayna\u011f\u0131<\/b><\/h3>\n<p><span style=\"font-weight: 400\">Bu g\u00fczel uzun k\u00fcpeler karma\u015f\u0131k mimari yap\u0131lardan esinlenilerek saf 22 ayar alt\u0131ndan \u00fcretilmi\u015ftir. Bu \u00e7ift, karigarlar\u0131m\u0131z taraf\u0131ndan elle detayland\u0131r\u0131lm\u0131\u015f dairesel unsurlar\u0131n kusursuz bir \u015fekilde bir araya getirilmesiyle en karma\u015f\u0131k \u015fekilde haz\u0131rlanm\u0131\u015ft\u0131r. Ayr\u0131ca, m\u00fckemmel sarkan silueti elde etmek i\u00e7in bunlar birbirine lehimlenmi\u015f ve her taraf\u0131 mat alt\u0131n tonuyla tamamlanm\u0131\u015ft\u0131r. L\u00fcks mat alt\u0131n tonu, uzaktan bile g\u00f6ze \u00e7arpan rodyum kaplamal\u0131 unsurlar\u0131n detaylar\u0131yla b\u00fcy\u00fclenmi\u015ftir.<\/span><\/p>\n<h3><b>Stil<\/b><\/h3>\n<p><span style=\"font-weight: 400\">Bu sark\u0131tlar, t\u00fcm parti k\u0131yafetlerinizle uyum sa\u011flamak i\u00e7in m\u00fckemmeldir. M\u00fckemmel m\u00fccevherleri bulmak i\u00e7in bekledi\u011finiz o d\u00fc\u011f\u00fcn kokteyli gecesi i\u00e7in haz\u0131rlan\u0131n \u00e7\u00fcnk\u00fc aray\u0131\u015f\u0131n\u0131z kesinlikle sona erdi. Bunlar\u0131 aksesuar olarak kullan\u0131n <a href=\"https:\/\/www.purejewels.com\/tr\/elegance-of-sold-gold\/\">ger\u00e7ek alt\u0131n<\/a> \u00d6zel g\u00fcnlerde cesur g\u00f6r\u00fcn\u00fcrken ve kendinizi sofistike bir yetenekle ta\u015f\u0131rken sarkan k\u00fcpeler.<\/span><\/p>","protected":false},"excerpt":{"rendered":"<ul>\n<li>22 Ayar Alt\u0131n K\u00fcpe<\/li>\n<li>K\u0131smen rodyum kaplama<\/li>\n<li>A\u011f\u0131rl\u0131k: 4,8 g<\/li>\n<li>SKU. 28379<\/li>\n<li>T\u00fcm fiyatlara KDV dahildir<\/li>\n<li>Londra Tahlil Ofisi Taraf\u0131ndan Damgalanm\u0131\u015f 22 Ayar Alt\u0131n<\/li>\n<li>Sunum Kutusu ile Birlikte Gelir<\/li>\n<li>Teslimat Dahil<\/li>\n<li>Stok durumu ve stokta bulunan benzer tasar\u0131mlar\u0131n daha fazla g\u00f6r\u00fcnt\u00fcs\u00fc i\u00e7in bizimle canl\u0131 sohbet edin<\/li>\n<\/ul>","protected":false},"featured_media":304193,"comment_status":"closed","ping_status":"closed","template":"","meta":{"_eb_attr":"","_crsspst_to_jayantr4sg-hostcom":false},"product_brand":[],"product_cat":[1685,1254],"product_tag":[],"class_list":{"0":"post-304188","1":"product","2":"type-product","3":"status-publish","4":"has-post-thumbnail","6":"product_cat-drop-earrings","7":"product_cat-gold-earrings","9":"first","10":"outofstock","11":"taxable","12":"shipping-taxable","13":"product-type-simple","14":"add-to-wishlist-before_image"},"yoast_head":"<!-- This site is optimized with the Yoast SEO plugin v27.3 - https:\/\/yoast.com\/product\/yoast-seo-wordpress\/ -->\n<title>Shop these 22ct Rhodium plated Gold Earrings at PureJewels<\/title>\n<meta name=\"description\" content=\"Explore beautiful party style Earrings in UK London. Shop these Latest gold earrings at PureJewels. Fast delivery with easy returns.\" \/>\n<meta name=\"robots\" content=\"index, follow, max-snippet:-1, max-image-preview:large, max-video-preview:-1\" \/>\n<link rel=\"canonical\" href=\"https:\/\/www.purejewels.com\/tr\/urun\/22-ayar-altin-parti-kupesi-28379\/\" \/>\n<meta property=\"og:locale\" content=\"tr_TR\" \/>\n<meta property=\"og:type\" content=\"article\" \/>\n<meta property=\"og:title\" content=\"Shop these 22ct Rhodium plated Gold Earrings at PureJewels\" \/>\n<meta property=\"og:description\" content=\"Explore beautiful party style Earrings in UK London. Shop these Latest gold earrings at PureJewels. Fast delivery with easy returns.\" \/>\n<meta property=\"og:url\" content=\"https:\/\/www.purejewels.com\/tr\/urun\/22-ayar-altin-parti-kupesi-28379\/\" \/>\n<meta property=\"og:site_name\" content=\"PureJewels UK\" \/>\n<meta property=\"article:modified_time\" content=\"2026-01-06T06:58:29+00:00\" \/>\n<meta property=\"og:image\" content=\"https:\/\/www.purejewels.com\/wp-content\/uploads\/2018\/10\/28379_1.png\" \/>\n\t<meta property=\"og:image:width\" content=\"1000\" \/>\n\t<meta property=\"og:image:height\" content=\"1000\" \/>\n\t<meta property=\"og:image:type\" content=\"image\/png\" \/>\n<meta name=\"twitter:card\" content=\"summary_large_image\" \/>\n<meta name=\"twitter:label1\" content=\"Tahmini okuma s\u00fcresi\" \/>\n\t<meta name=\"twitter:data1\" content=\"1 dakika\" \/>\n<script type=\"application\/ld+json\" class=\"yoast-schema-graph\">{\"@context\":\"https:\\\/\\\/schema.org\",\"@graph\":[{\"@type\":[\"WebPage\",\"ItemPage\"],\"@id\":\"https:\\\/\\\/www.purejewels.com\\\/product\\\/22ct-gold-party-earring-28379\\\/\",\"url\":\"https:\\\/\\\/www.purejewels.com\\\/product\\\/22ct-gold-party-earring-28379\\\/\",\"name\":\"Shop these 22ct Rhodium plated Gold Earrings at PureJewels\",\"isPartOf\":{\"@id\":\"https:\\\/\\\/www.purejewels.com\\\/#website\"},\"primaryImageOfPage\":{\"@id\":\"https:\\\/\\\/www.purejewels.com\\\/product\\\/22ct-gold-party-earring-28379\\\/#primaryimage\"},\"image\":{\"@id\":\"https:\\\/\\\/www.purejewels.com\\\/product\\\/22ct-gold-party-earring-28379\\\/#primaryimage\"},\"thumbnailUrl\":\"https:\\\/\\\/static.purejewels.com\\\/wp-content\\\/uploads\\\/2018\\\/10\\\/28379_1.png\",\"datePublished\":\"2018-10-24T09:02:00+00:00\",\"dateModified\":\"2026-01-06T06:58:29+00:00\",\"description\":\"Explore beautiful party style Earrings in UK London. Shop these Latest gold earrings at PureJewels. Fast delivery with easy returns.\",\"breadcrumb\":{\"@id\":\"https:\\\/\\\/www.purejewels.com\\\/product\\\/22ct-gold-party-earring-28379\\\/#breadcrumb\"},\"inLanguage\":\"tr\",\"potentialAction\":[{\"@type\":\"ReadAction\",\"target\":[\"https:\\\/\\\/www.purejewels.com\\\/product\\\/22ct-gold-party-earring-28379\\\/\"]}]},{\"@type\":\"ImageObject\",\"inLanguage\":\"tr\",\"@id\":\"https:\\\/\\\/www.purejewels.com\\\/product\\\/22ct-gold-party-earring-28379\\\/#primaryimage\",\"url\":\"https:\\\/\\\/static.purejewels.com\\\/wp-content\\\/uploads\\\/2018\\\/10\\\/28379_1.png\",\"contentUrl\":\"https:\\\/\\\/static.purejewels.com\\\/wp-content\\\/uploads\\\/2018\\\/10\\\/28379_1.png\",\"width\":1000,\"height\":1000,\"caption\":\"28379_1\"},{\"@type\":\"BreadcrumbList\",\"@id\":\"https:\\\/\\\/www.purejewels.com\\\/product\\\/22ct-gold-party-earring-28379\\\/#breadcrumb\",\"itemListElement\":[{\"@type\":\"ListItem\",\"position\":1,\"name\":\"Home\",\"item\":\"https:\\\/\\\/www.purejewels.com\\\/\"},{\"@type\":\"ListItem\",\"position\":2,\"name\":\"Shop\",\"item\":\"https:\\\/\\\/www.purejewels.com\\\/shop\\\/\"},{\"@type\":\"ListItem\",\"position\":3,\"name\":\"22ct Gold Party Earring\"}]},{\"@type\":\"WebSite\",\"@id\":\"https:\\\/\\\/www.purejewels.com\\\/#website\",\"url\":\"https:\\\/\\\/www.purejewels.com\\\/\",\"name\":\"PureJewels UK\",\"description\":\"Share the Love\",\"publisher\":{\"@id\":\"https:\\\/\\\/www.purejewels.com\\\/#organization\"},\"potentialAction\":[{\"@type\":\"SearchAction\",\"target\":{\"@type\":\"EntryPoint\",\"urlTemplate\":\"https:\\\/\\\/www.purejewels.com\\\/?s={search_term_string}\"},\"query-input\":{\"@type\":\"PropertyValueSpecification\",\"valueRequired\":true,\"valueName\":\"search_term_string\"}}],\"inLanguage\":\"tr\"},{\"@type\":\"Organization\",\"@id\":\"https:\\\/\\\/www.purejewels.com\\\/#organization\",\"name\":\"PureJewels UK\",\"url\":\"https:\\\/\\\/www.purejewels.com\\\/\",\"logo\":{\"@type\":\"ImageObject\",\"inLanguage\":\"tr\",\"@id\":\"https:\\\/\\\/www.purejewels.com\\\/#\\\/schema\\\/logo\\\/image\\\/\",\"url\":\"https:\\\/\\\/static.purejewels.com\\\/wp-content\\\/uploads\\\/2020\\\/11\\\/Logo-PJ-New-1.png\",\"contentUrl\":\"https:\\\/\\\/static.purejewels.com\\\/wp-content\\\/uploads\\\/2020\\\/11\\\/Logo-PJ-New-1.png\",\"width\":150,\"height\":80,\"caption\":\"PureJewels UK\"},\"image\":{\"@id\":\"https:\\\/\\\/www.purejewels.com\\\/#\\\/schema\\\/logo\\\/image\\\/\"}}]}<\/script>\n<!-- \/ Yoast SEO plugin. -->","yoast_head_json":{"title":"PureJewels'te bu 22 ayar rodyum kaplama alt\u0131n k\u00fcpeleri sat\u0131n al\u0131n","description":"\u0130ngiltere Londra'daki g\u00fczel parti tarz\u0131 K\u00fcpeleri ke\u015ffedin. PureJewels'te bu son alt\u0131n k\u00fcpeleri sat\u0131n al\u0131n. Kolay iade ile h\u0131zl\u0131 teslimat.","robots":{"index":"index","follow":"follow","max-snippet":"max-snippet:-1","max-image-preview":"max-image-preview:large","max-video-preview":"max-video-preview:-1"},"canonical":"https:\/\/www.purejewels.com\/tr\/urun\/22-ayar-altin-parti-kupesi-28379\/","og_locale":"tr_TR","og_type":"article","og_title":"Shop these 22ct Rhodium plated Gold Earrings at PureJewels","og_description":"Explore beautiful party style Earrings in UK London. Shop these Latest gold earrings at PureJewels. Fast delivery with easy returns.","og_url":"https:\/\/www.purejewels.com\/tr\/urun\/22-ayar-altin-parti-kupesi-28379\/","og_site_name":"PureJewels UK","article_modified_time":"2026-01-06T06:58:29+00:00","og_image":[{"width":1000,"height":1000,"url":"https:\/\/www.purejewels.com\/wp-content\/uploads\/2018\/10\/28379_1.png","type":"image\/png"}],"twitter_card":"summary_large_image","twitter_misc":{"Tahmini okuma s\u00fcresi":"1 dakika"},"schema":{"@context":"https:\/\/schema.org","@graph":[{"@type":["WebPage","ItemPage"],"@id":"https:\/\/www.purejewels.com\/product\/22ct-gold-party-earring-28379\/","url":"https:\/\/www.purejewels.com\/product\/22ct-gold-party-earring-28379\/","name":"PureJewels'te bu 22 ayar rodyum kaplama alt\u0131n k\u00fcpeleri sat\u0131n al\u0131n","isPartOf":{"@id":"https:\/\/www.purejewels.com\/#website"},"primaryImageOfPage":{"@id":"https:\/\/www.purejewels.com\/product\/22ct-gold-party-earring-28379\/#primaryimage"},"image":{"@id":"https:\/\/www.purejewels.com\/product\/22ct-gold-party-earring-28379\/#primaryimage"},"thumbnailUrl":"https:\/\/static.purejewels.com\/wp-content\/uploads\/2018\/10\/28379_1.png","datePublished":"2018-10-24T09:02:00+00:00","dateModified":"2026-01-06T06:58:29+00:00","description":"\u0130ngiltere Londra'daki g\u00fczel parti tarz\u0131 K\u00fcpeleri ke\u015ffedin. PureJewels'te bu son alt\u0131n k\u00fcpeleri sat\u0131n al\u0131n. Kolay iade ile h\u0131zl\u0131 teslimat.","breadcrumb":{"@id":"https:\/\/www.purejewels.com\/product\/22ct-gold-party-earring-28379\/#breadcrumb"},"inLanguage":"tr","potentialAction":[{"@type":"ReadAction","target":["https:\/\/www.purejewels.com\/product\/22ct-gold-party-earring-28379\/"]}]},{"@type":"ImageObject","inLanguage":"tr","@id":"https:\/\/www.purejewels.com\/product\/22ct-gold-party-earring-28379\/#primaryimage","url":"https:\/\/static.purejewels.com\/wp-content\/uploads\/2018\/10\/28379_1.png","contentUrl":"https:\/\/static.purejewels.com\/wp-content\/uploads\/2018\/10\/28379_1.png","width":1000,"height":1000,"caption":"28379_1"},{"@type":"BreadcrumbList","@id":"https:\/\/www.purejewels.com\/product\/22ct-gold-party-earring-28379\/#breadcrumb","itemListElement":[{"@type":"ListItem","position":1,"name":"Home","item":"https:\/\/www.purejewels.com\/"},{"@type":"ListItem","position":2,"name":"Shop","item":"https:\/\/www.purejewels.com\/shop\/"},{"@type":"ListItem","position":3,"name":"22ct Gold Party Earring"}]},{"@type":"WebSite","@id":"https:\/\/www.purejewels.com\/#website","url":"https:\/\/www.purejewels.com\/","name":"PureJewels \u0130ngiltere","description":"Sevgiyi Payla\u015f\u0131n","publisher":{"@id":"https:\/\/www.purejewels.com\/#organization"},"potentialAction":[{"@type":"SearchAction","target":{"@type":"EntryPoint","urlTemplate":"https:\/\/www.purejewels.com\/?s={search_term_string}"},"query-input":{"@type":"PropertyValueSpecification","valueRequired":true,"valueName":"search_term_string"}}],"inLanguage":"tr"},{"@type":"Organization","@id":"https:\/\/www.purejewels.com\/#organization","name":"PureJewels \u0130ngiltere","url":"https:\/\/www.purejewels.com\/","logo":{"@type":"ImageObject","inLanguage":"tr","@id":"https:\/\/www.purejewels.com\/#\/schema\/logo\/image\/","url":"https:\/\/static.purejewels.com\/wp-content\/uploads\/2020\/11\/Logo-PJ-New-1.png","contentUrl":"https:\/\/static.purejewels.com\/wp-content\/uploads\/2020\/11\/Logo-PJ-New-1.png","width":150,"height":80,"caption":"PureJewels UK"},"image":{"@id":"https:\/\/www.purejewels.com\/#\/schema\/logo\/image\/"}}]}},"_links":{"self":[{"href":"https:\/\/www.purejewels.com\/tr\/wp-json\/wp\/v2\/product\/304188","targetHints":{"allow":["GET"]}}],"collection":[{"href":"https:\/\/www.purejewels.com\/tr\/wp-json\/wp\/v2\/product"}],"about":[{"href":"https:\/\/www.purejewels.com\/tr\/wp-json\/wp\/v2\/types\/product"}],"replies":[{"embeddable":true,"href":"https:\/\/www.purejewels.com\/tr\/wp-json\/wp\/v2\/comments?post=304188"}],"version-history":[{"count":0,"href":"https:\/\/www.purejewels.com\/tr\/wp-json\/wp\/v2\/product\/304188\/revisions"}],"wp:featuredmedia":[{"embeddable":true,"href":"https:\/\/www.purejewels.com\/tr\/wp-json\/wp\/v2\/media\/304193"}],"wp:attachment":[{"href":"https:\/\/www.purejewels.com\/tr\/wp-json\/wp\/v2\/media?parent=304188"}],"wp:term":[{"taxonomy":"product_brand","embeddable":true,"href":"https:\/\/www.purejewels.com\/tr\/wp-json\/wp\/v2\/product_brand?post=304188"},{"taxonomy":"product_cat","embeddable":true,"href":"https:\/\/www.purejewels.com\/tr\/wp-json\/wp\/v2\/product_cat?post=304188"},{"taxonomy":"product_tag","embeddable":true,"href":"https:\/\/www.purejewels.com\/tr\/wp-json\/wp\/v2\/product_tag?post=304188"}],"curies":[{"name":"wp","href":"https:\/\/api.w.org\/{rel}","templated":true}]}}