{"id":304246,"date":"2018-10-24T10:33:33","date_gmt":"2018-10-24T09:33:33","guid":{"rendered":"https:\/\/www.purejewels.com\/?post_type=product&#038;p=304246"},"modified":"2026-02-26T12:04:11","modified_gmt":"2026-02-26T12:04:11","slug":"22-ayar-altin-bant-yuzuk-23","status":"publish","type":"product","link":"https:\/\/www.purejewels.com\/tr\/product\/22ct-gold-band-ring-23\/","title":{"rendered":"22 Ayar Premium Alt\u0131n Y\u00fcz\u00fck"},"content":{"rendered":"<p data-start=\"339\" data-end=\"693\"><strong data-start=\"339\" data-end=\"357\">Tasar\u0131m Konsepti<\/strong><br data-start=\"357\" data-end=\"360\" \/>Abart\u0131s\u0131z ama zahmetsizce l\u00fcks olan bu 22 Ayar Alt\u0131n Bant Y\u00fcz\u00fck, zamans\u0131z zarafeti temsil eder. Sade ve klasik silueti sayesinde ister alyans, ister g\u00fcnl\u00fck aksesuar ya da ki\u015fisel stilin zarif bir ifadesi olarak tak\u0131ls\u0131n, \u00e7ok y\u00f6nl\u00fc bir par\u00e7ad\u0131r. Trendlere ve mevsimlere dayanacak \u015fekilde tasarlanan bu y\u00fcz\u00fck, g\u00fczel oldu\u011fu kadar anlaml\u0131d\u0131r da.<\/p>\n<p data-start=\"695\" data-end=\"1087\"><strong data-start=\"695\" data-end=\"712\">Zanaatkarl\u0131k<\/strong><br data-start=\"712\" data-end=\"715\" \/>Y\u00fcksek kaliteli 22 ayar alt\u0131ndan \u00fcretilen ve 6,4 gram a\u011f\u0131rl\u0131\u011f\u0131nda olan bu y\u00fcz\u00fck, \u00f6z\u00fc sofistike bir \u015fekilde dengeliyor. Her bir par\u00e7a Londra Tahlil Ofisi taraf\u0131ndan damgalanarak safl\u0131\u011f\u0131 ve \u00f6zg\u00fcnl\u00fc\u011f\u00fc konusunda sizi temin eder. J beden olarak mevcut olan bu y\u00fcz\u00fck, m\u00fckemmel bir ki\u015fisel uyum i\u00e7in \u00f6zel olarak da \u00fcretilebilir. P\u00fcr\u00fczs\u00fcz y\u00fczey ve yuvarlat\u0131lm\u0131\u015f kenarlar t\u00fcm g\u00fcn kullan\u0131m i\u00e7in rahatl\u0131k sa\u011flar.<\/p>\n<p data-start=\"1089\" data-end=\"1416\"><strong data-start=\"1089\" data-end=\"1106\">Stil Fikirleri<\/strong><br data-start=\"1106\" data-end=\"1109\" \/>Bu bant y\u00fcz\u00fck, resmi k\u0131yafetlerden rahat \u015f\u0131kl\u0131\u011fa kadar geni\u015f bir yelpazede g\u00f6r\u00fcn\u00fcm\u00fc tamamlar. Minimal, g\u00f6steri\u015fli bir dokunu\u015f i\u00e7in tek ba\u015f\u0131na tak\u0131n veya katmanl\u0131 bir etki i\u00e7in ince y\u00fcz\u00fcklerle istifleyin. Zamans\u0131z alt\u0131n parlakl\u0131\u011f\u0131 di\u011fer m\u00fccevherlerle g\u00fczel bir uyum sa\u011flar ve hem erkekler hem de kad\u0131nlar i\u00e7in gard\u0131robun vazge\u00e7ilmezi haline gelir.<\/p>","protected":false},"excerpt":{"rendered":"<ul>\n<li>22 Ayar Alt\u0131n Bant Y\u00fcz\u00fck<\/li>\n<li>Y\u00fcz\u00fck a\u011f\u0131rl\u0131\u011f\u0131 6,4 gms<\/li>\n<li>Bant \u00d6l\u00e7\u00fcs\u00fc. J<\/li>\n<li>SKU. 28187<\/li>\n<li>Parmak \u00f6l\u00e7\u00fcn\u00fcze g\u00f6re sipari\u015f edilebilir<\/li>\n<li>T\u00fcm \u00fcr\u00fcnlerimiz London Assay Office taraf\u0131ndan damgalanm\u0131\u015ft\u0131r<\/li>\n<li>Sunum Kutusu ile Birlikte Gelir<\/li>\n<li>Teslimat Dahil<\/li>\n<li>T\u00fcm fiyatlara KDV dahildir<\/li>\n<li>\u00dcr\u00fcn\u00fcn videosunu g\u00f6rmek i\u00e7in bize ula\u015f\u0131n \/ bizimle sohbet edin<\/li>\n<\/ul>","protected":false},"featured_media":315586,"comment_status":"closed","ping_status":"closed","template":"","meta":{"_eb_attr":"","_crsspst_to_jayantr4sg-hostcom":true},"product_brand":[],"product_cat":[1640,1784,1229,1235,5347,1786,229,226,5349],"product_tag":[],"class_list":{"0":"post-304246","1":"product","2":"type-product","3":"status-publish","4":"has-post-thumbnail","6":"product_cat-22ct-gold-bands","7":"product_cat-gents-rings","8":"product_cat-22ct-gold-jewellery","9":"product_cat-gold-rings","10":"product_cat-shop-by-metal","11":"product_cat-occasional-wear-rings","12":"product_cat-wedding-bands","13":"product_cat-wedding-rings-bands","14":"product_cat-yellow-gold-jewellery","16":"first","17":"instock","18":"sale","19":"featured","20":"taxable","21":"shipping-taxable","22":"purchasable","23":"product-type-simple","24":"add-to-wishlist-before_image"},"yoast_head":"<!-- This site is optimized with the Yoast SEO plugin v27.5 - https:\/\/yoast.com\/product\/yoast-seo-wordpress\/ -->\n<title>22 Carat Gold Band Ring | Premium Gold Ring in PureJewels UK<\/title>\n<meta name=\"description\" content=\"Discover this 22 Carat Gold Band Ring made with a polished design suitable for both men and women perfect for weddings and special occasions.\" \/>\n<meta name=\"robots\" content=\"index, follow, max-snippet:-1, max-image-preview:large, max-video-preview:-1\" \/>\n<link rel=\"canonical\" href=\"https:\/\/www.purejewels.com\/tr\/urun\/22-ayar-altin-bant-yuzuk-23\/\" \/>\n<meta property=\"og:locale\" content=\"tr_TR\" \/>\n<meta property=\"og:type\" content=\"article\" \/>\n<meta property=\"og:title\" content=\"22 Carat Gold Band Ring | Premium Gold Ring in PureJewels UK\" \/>\n<meta property=\"og:description\" content=\"Discover this 22 Carat Gold Band Ring made with a polished design suitable for both men and women perfect for weddings and special occasions.\" \/>\n<meta property=\"og:url\" content=\"https:\/\/www.purejewels.com\/tr\/urun\/22-ayar-altin-bant-yuzuk-23\/\" \/>\n<meta property=\"og:site_name\" content=\"PureJewels UK\" \/>\n<meta property=\"article:modified_time\" content=\"2026-02-26T12:04:11+00:00\" \/>\n<meta property=\"og:image\" content=\"https:\/\/static.purejewels.com\/wp-content\/uploads\/2020\/07\/175556993.jpg\" \/>\n\t<meta property=\"og:image:width\" content=\"1000\" \/>\n\t<meta property=\"og:image:height\" content=\"1000\" \/>\n\t<meta property=\"og:image:type\" content=\"image\/jpeg\" \/>\n<meta name=\"twitter:card\" content=\"summary_large_image\" \/>\n<meta name=\"twitter:label1\" content=\"Tahmini okuma s\u00fcresi\" \/>\n\t<meta name=\"twitter:data1\" content=\"1 dakika\" \/>\n<script type=\"application\/ld+json\" class=\"yoast-schema-graph\">{\"@context\":\"https:\\\/\\\/schema.org\",\"@graph\":[{\"@type\":[\"WebPage\",\"ItemPage\"],\"@id\":\"https:\\\/\\\/www.purejewels.com\\\/product\\\/22ct-gold-band-ring-23\\\/\",\"url\":\"https:\\\/\\\/www.purejewels.com\\\/product\\\/22ct-gold-band-ring-23\\\/\",\"name\":\"22 Carat Gold Band Ring | Premium Gold Ring in PureJewels UK\",\"isPartOf\":{\"@id\":\"https:\\\/\\\/www.purejewels.com\\\/#website\"},\"primaryImageOfPage\":{\"@id\":\"https:\\\/\\\/www.purejewels.com\\\/product\\\/22ct-gold-band-ring-23\\\/#primaryimage\"},\"image\":{\"@id\":\"https:\\\/\\\/www.purejewels.com\\\/product\\\/22ct-gold-band-ring-23\\\/#primaryimage\"},\"thumbnailUrl\":\"https:\\\/\\\/static.purejewels.com\\\/wp-content\\\/uploads\\\/2020\\\/07\\\/175556993.jpg\",\"datePublished\":\"2018-10-24T09:33:33+00:00\",\"dateModified\":\"2026-02-26T12:04:11+00:00\",\"description\":\"Discover this 22 Carat Gold Band Ring made with a polished design suitable for both men and women perfect for weddings and special occasions.\",\"breadcrumb\":{\"@id\":\"https:\\\/\\\/www.purejewels.com\\\/product\\\/22ct-gold-band-ring-23\\\/#breadcrumb\"},\"inLanguage\":\"tr\",\"potentialAction\":[{\"@type\":\"ReadAction\",\"target\":[\"https:\\\/\\\/www.purejewels.com\\\/product\\\/22ct-gold-band-ring-23\\\/\"]}]},{\"@type\":\"ImageObject\",\"inLanguage\":\"tr\",\"@id\":\"https:\\\/\\\/www.purejewels.com\\\/product\\\/22ct-gold-band-ring-23\\\/#primaryimage\",\"url\":\"https:\\\/\\\/static.purejewels.com\\\/wp-content\\\/uploads\\\/2020\\\/07\\\/175556993.jpg\",\"contentUrl\":\"https:\\\/\\\/static.purejewels.com\\\/wp-content\\\/uploads\\\/2020\\\/07\\\/175556993.jpg\",\"width\":1000,\"height\":1000},{\"@type\":\"BreadcrumbList\",\"@id\":\"https:\\\/\\\/www.purejewels.com\\\/product\\\/22ct-gold-band-ring-23\\\/#breadcrumb\",\"itemListElement\":[{\"@type\":\"ListItem\",\"position\":1,\"name\":\"Home\",\"item\":\"https:\\\/\\\/www.purejewels.com\\\/\"},{\"@type\":\"ListItem\",\"position\":2,\"name\":\"Shop\",\"item\":\"https:\\\/\\\/www.purejewels.com\\\/shop\\\/\"},{\"@type\":\"ListItem\",\"position\":3,\"name\":\"22 Carat Premium Gold Band Ring\"}]},{\"@type\":\"WebSite\",\"@id\":\"https:\\\/\\\/www.purejewels.com\\\/#website\",\"url\":\"https:\\\/\\\/www.purejewels.com\\\/\",\"name\":\"PureJewels UK\",\"description\":\"Share the Love\",\"publisher\":{\"@id\":\"https:\\\/\\\/www.purejewels.com\\\/#organization\"},\"potentialAction\":[{\"@type\":\"SearchAction\",\"target\":{\"@type\":\"EntryPoint\",\"urlTemplate\":\"https:\\\/\\\/www.purejewels.com\\\/?s={search_term_string}\"},\"query-input\":{\"@type\":\"PropertyValueSpecification\",\"valueRequired\":true,\"valueName\":\"search_term_string\"}}],\"inLanguage\":\"tr\"},{\"@type\":\"Organization\",\"@id\":\"https:\\\/\\\/www.purejewels.com\\\/#organization\",\"name\":\"PureJewels UK\",\"url\":\"https:\\\/\\\/www.purejewels.com\\\/\",\"logo\":{\"@type\":\"ImageObject\",\"inLanguage\":\"tr\",\"@id\":\"https:\\\/\\\/www.purejewels.com\\\/#\\\/schema\\\/logo\\\/image\\\/\",\"url\":\"https:\\\/\\\/static.purejewels.com\\\/wp-content\\\/uploads\\\/2020\\\/11\\\/Logo-PJ-New-1.png\",\"contentUrl\":\"https:\\\/\\\/static.purejewels.com\\\/wp-content\\\/uploads\\\/2020\\\/11\\\/Logo-PJ-New-1.png\",\"width\":150,\"height\":80,\"caption\":\"PureJewels UK\"},\"image\":{\"@id\":\"https:\\\/\\\/www.purejewels.com\\\/#\\\/schema\\\/logo\\\/image\\\/\"}}]}<\/script>\n<!-- \/ Yoast SEO plugin. -->","yoast_head_json":{"title":"22 Ayar Alt\u0131n Y\u00fcz\u00fck | PureJewels UK'de Premium Alt\u0131n Y\u00fcz\u00fck","description":"D\u00fc\u011f\u00fcnler ve \u00f6zel g\u00fcnler i\u00e7in m\u00fckemmel olan, hem erkekler hem de kad\u0131nlar i\u00e7in uygun cilal\u0131 bir tasar\u0131ma sahip bu 22 ayar alt\u0131n y\u00fcz\u00fc\u011f\u00fc ke\u015ffedin.","robots":{"index":"index","follow":"follow","max-snippet":"max-snippet:-1","max-image-preview":"max-image-preview:large","max-video-preview":"max-video-preview:-1"},"canonical":"https:\/\/www.purejewels.com\/tr\/urun\/22-ayar-altin-bant-yuzuk-23\/","og_locale":"tr_TR","og_type":"article","og_title":"22 Carat Gold Band Ring | Premium Gold Ring in PureJewels UK","og_description":"Discover this 22 Carat Gold Band Ring made with a polished design suitable for both men and women perfect for weddings and special occasions.","og_url":"https:\/\/www.purejewels.com\/tr\/urun\/22-ayar-altin-bant-yuzuk-23\/","og_site_name":"PureJewels UK","article_modified_time":"2026-02-26T12:04:11+00:00","og_image":[{"width":1000,"height":1000,"url":"https:\/\/static.purejewels.com\/wp-content\/uploads\/2020\/07\/175556993.jpg","type":"image\/jpeg"}],"twitter_card":"summary_large_image","twitter_misc":{"Tahmini okuma s\u00fcresi":"1 dakika"},"schema":{"@context":"https:\/\/schema.org","@graph":[{"@type":["WebPage","ItemPage"],"@id":"https:\/\/www.purejewels.com\/product\/22ct-gold-band-ring-23\/","url":"https:\/\/www.purejewels.com\/product\/22ct-gold-band-ring-23\/","name":"22 Ayar Alt\u0131n Y\u00fcz\u00fck | PureJewels UK'de Premium Alt\u0131n Y\u00fcz\u00fck","isPartOf":{"@id":"https:\/\/www.purejewels.com\/#website"},"primaryImageOfPage":{"@id":"https:\/\/www.purejewels.com\/product\/22ct-gold-band-ring-23\/#primaryimage"},"image":{"@id":"https:\/\/www.purejewels.com\/product\/22ct-gold-band-ring-23\/#primaryimage"},"thumbnailUrl":"https:\/\/static.purejewels.com\/wp-content\/uploads\/2020\/07\/175556993.jpg","datePublished":"2018-10-24T09:33:33+00:00","dateModified":"2026-02-26T12:04:11+00:00","description":"D\u00fc\u011f\u00fcnler ve \u00f6zel g\u00fcnler i\u00e7in m\u00fckemmel olan, hem erkekler hem de kad\u0131nlar i\u00e7in uygun cilal\u0131 bir tasar\u0131ma sahip bu 22 ayar alt\u0131n y\u00fcz\u00fc\u011f\u00fc ke\u015ffedin.","breadcrumb":{"@id":"https:\/\/www.purejewels.com\/product\/22ct-gold-band-ring-23\/#breadcrumb"},"inLanguage":"tr","potentialAction":[{"@type":"ReadAction","target":["https:\/\/www.purejewels.com\/product\/22ct-gold-band-ring-23\/"]}]},{"@type":"ImageObject","inLanguage":"tr","@id":"https:\/\/www.purejewels.com\/product\/22ct-gold-band-ring-23\/#primaryimage","url":"https:\/\/static.purejewels.com\/wp-content\/uploads\/2020\/07\/175556993.jpg","contentUrl":"https:\/\/static.purejewels.com\/wp-content\/uploads\/2020\/07\/175556993.jpg","width":1000,"height":1000},{"@type":"BreadcrumbList","@id":"https:\/\/www.purejewels.com\/product\/22ct-gold-band-ring-23\/#breadcrumb","itemListElement":[{"@type":"ListItem","position":1,"name":"Home","item":"https:\/\/www.purejewels.com\/"},{"@type":"ListItem","position":2,"name":"Shop","item":"https:\/\/www.purejewels.com\/shop\/"},{"@type":"ListItem","position":3,"name":"22 Carat Premium Gold Band Ring"}]},{"@type":"WebSite","@id":"https:\/\/www.purejewels.com\/#website","url":"https:\/\/www.purejewels.com\/","name":"PureJewels \u0130ngiltere","description":"Sevgiyi Payla\u015f\u0131n","publisher":{"@id":"https:\/\/www.purejewels.com\/#organization"},"potentialAction":[{"@type":"SearchAction","target":{"@type":"EntryPoint","urlTemplate":"https:\/\/www.purejewels.com\/?s={search_term_string}"},"query-input":{"@type":"PropertyValueSpecification","valueRequired":true,"valueName":"search_term_string"}}],"inLanguage":"tr"},{"@type":"Organization","@id":"https:\/\/www.purejewels.com\/#organization","name":"PureJewels \u0130ngiltere","url":"https:\/\/www.purejewels.com\/","logo":{"@type":"ImageObject","inLanguage":"tr","@id":"https:\/\/www.purejewels.com\/#\/schema\/logo\/image\/","url":"https:\/\/static.purejewels.com\/wp-content\/uploads\/2020\/11\/Logo-PJ-New-1.png","contentUrl":"https:\/\/static.purejewels.com\/wp-content\/uploads\/2020\/11\/Logo-PJ-New-1.png","width":150,"height":80,"caption":"PureJewels UK"},"image":{"@id":"https:\/\/www.purejewels.com\/#\/schema\/logo\/image\/"}}]}},"_links":{"self":[{"href":"https:\/\/www.purejewels.com\/tr\/wp-json\/wp\/v2\/product\/304246","targetHints":{"allow":["GET"]}}],"collection":[{"href":"https:\/\/www.purejewels.com\/tr\/wp-json\/wp\/v2\/product"}],"about":[{"href":"https:\/\/www.purejewels.com\/tr\/wp-json\/wp\/v2\/types\/product"}],"replies":[{"embeddable":true,"href":"https:\/\/www.purejewels.com\/tr\/wp-json\/wp\/v2\/comments?post=304246"}],"version-history":[{"count":4,"href":"https:\/\/www.purejewels.com\/tr\/wp-json\/wp\/v2\/product\/304246\/revisions"}],"predecessor-version":[{"id":421732,"href":"https:\/\/www.purejewels.com\/tr\/wp-json\/wp\/v2\/product\/304246\/revisions\/421732"}],"wp:featuredmedia":[{"embeddable":true,"href":"https:\/\/www.purejewels.com\/tr\/wp-json\/wp\/v2\/media\/315586"}],"wp:attachment":[{"href":"https:\/\/www.purejewels.com\/tr\/wp-json\/wp\/v2\/media?parent=304246"}],"wp:term":[{"taxonomy":"product_brand","embeddable":true,"href":"https:\/\/www.purejewels.com\/tr\/wp-json\/wp\/v2\/product_brand?post=304246"},{"taxonomy":"product_cat","embeddable":true,"href":"https:\/\/www.purejewels.com\/tr\/wp-json\/wp\/v2\/product_cat?post=304246"},{"taxonomy":"product_tag","embeddable":true,"href":"https:\/\/www.purejewels.com\/tr\/wp-json\/wp\/v2\/product_tag?post=304246"}],"curies":[{"name":"wp","href":"https:\/\/api.w.org\/{rel}","templated":true}]}}