{"id":304259,"date":"2018-10-24T13:02:30","date_gmt":"2018-10-24T12:02:30","guid":{"rendered":"https:\/\/www.purejewels.com\/?post_type=product&#038;p=304259"},"modified":"2026-01-10T16:15:15","modified_gmt":"2026-01-10T16:15:15","slug":"22-ayar-altin-bebek-bilekligi-11","status":"publish","type":"product","link":"https:\/\/www.purejewels.com\/tr\/product\/22ct-gold-baby-bangle-11\/","title":{"rendered":"22 ayar alt\u0131n bebek bilezik \u2013 \u00dc\u00e7l\u00fc motif tasar\u0131ml\u0131, ayarlanabilir"},"content":{"rendered":"<p>22 ayar alt\u0131n ayarlanabilir kolye ile \u00e7ocu\u011funuza geleneklerin cazibesini hediye edin. <a href=\"https:\/\/www.purejewels.com\/tr\/product\/indian-gold-baby-bangles-uk-41086\/\">Bebek Bilekli\u011fi<\/a>. Merkezinde \u00fc\u00e7 adet detayl\u0131 dairesel motif bulunan, ustal\u0131kla tasarlanm\u0131\u015f bu bileklik, gelenek ve zarafetin zamans\u0131z bir kar\u0131\u015f\u0131m\u0131n\u0131 sunuyor.<\/p>\n<p>Y\u00fcksek safl\u0131kta alt\u0131ndan \u00fcretilen bu bebek bilezi\u011fi ayarlanabilir oldu\u011fundan yeni do\u011fanlar, bebekler ve k\u00fc\u00e7\u00fck \u00e7ocuklar i\u00e7in m\u00fckemmel bir se\u00e7imdir. Y\u00fczeyi hassas gran\u00fclasyon ve telkari benzeri i\u015f\u00e7ilikle tamamlanm\u0131\u015f olup, hem dekoratif hem de g\u00fcnl\u00fck veya ara s\u0131ra takmak i\u00e7in rahatt\u0131r.<\/p>","protected":false},"excerpt":{"rendered":"<p>\u00dc\u00e7 s\u00fcs motifi ve karma\u015f\u0131k detaylara sahip, g\u00fczel i\u015f\u00e7ili\u011fe sahip 22 ayar alt\u0131n bebek bilezi\u011fi. Rahatl\u0131k, g\u00fcvenlik ve gelenek i\u00e7in tasarlanm\u0131\u015ft\u0131r.<\/p>\n<ul>\n<li>22 Ayar Alt\u0131n Bebek Bilekli\u011fi<\/li>\n<li>\u00c7ocuk, \u00c7ocuk, Bebek, Yeni Do\u011fan i\u00e7in uygundur<\/li>\n<li>A\u011f\u0131rl\u0131k 6.4 g<\/li>\n<li>SKU. 28065<\/li>\n<li>T\u00fcm fiyatlara KDV dahildir<\/li>\n<li>T\u00fcm \u00fcr\u00fcnlerimiz London Assay Office taraf\u0131ndan damgalanm\u0131\u015ft\u0131r<\/li>\n<li>T\u00fcm Bebek Bileklikleri Sunum Kutusuyla Birlikte Gelir<\/li>\n<li>Teslimat Dahil<\/li>\n<li>T\u00fcm Hint Alt\u0131n Bebek Bileklik \u00e7e\u015fitlerimizi g\u00f6rmek i\u00e7in bizimle ileti\u015fime ge\u00e7in \/ sohbet edin<\/li>\n<\/ul>","protected":false},"featured_media":304260,"comment_status":"closed","ping_status":"closed","template":"","meta":{"_eb_attr":"","_crsspst_to_jayantr4sg-hostcom":true},"product_brand":[],"product_cat":[1526],"product_tag":[],"class_list":{"0":"post-304259","1":"product","2":"type-product","3":"status-publish","4":"has-post-thumbnail","6":"product_cat-kids-bangles","8":"first","9":"outofstock","10":"featured","11":"taxable","12":"shipping-taxable","13":"product-type-simple","14":"add-to-wishlist-before_image"},"yoast_head":"<!-- This site is optimized with the Yoast SEO plugin v27.3 - https:\/\/yoast.com\/product\/yoast-seo-wordpress\/ -->\n<title>22ct Baby Bangle | Infant Gold Bracelet | Adjustable Trio Design<\/title>\n<meta name=\"description\" content=\"Elegant 22ct gold baby bangle with trio motif design. Adjustable fit, perfect for newborns, infants &amp; toddlers. Safe and stylish kids&#039; gold jewellery.\" \/>\n<meta name=\"robots\" content=\"index, follow, max-snippet:-1, max-image-preview:large, max-video-preview:-1\" \/>\n<link rel=\"canonical\" href=\"https:\/\/www.purejewels.com\/tr\/urun\/22-ayar-altin-bebek-bilekligi-11\/\" \/>\n<meta property=\"og:locale\" content=\"tr_TR\" \/>\n<meta property=\"og:type\" content=\"article\" \/>\n<meta property=\"og:title\" content=\"22ct Baby Bangle | Infant Gold Bracelet | Adjustable Trio Design\" \/>\n<meta property=\"og:description\" content=\"Elegant 22ct gold baby bangle with trio motif design. Adjustable fit, perfect for newborns, infants &amp; toddlers. Safe and stylish kids&#039; gold jewellery.\" \/>\n<meta property=\"og:url\" content=\"https:\/\/www.purejewels.com\/tr\/urun\/22-ayar-altin-bebek-bilekligi-11\/\" \/>\n<meta property=\"og:site_name\" content=\"PureJewels UK\" \/>\n<meta property=\"article:modified_time\" content=\"2026-01-10T16:15:15+00:00\" \/>\n<meta property=\"og:image\" content=\"https:\/\/static.purejewels.com\/wp-content\/uploads\/2018\/10\/28065_01.png\" \/>\n\t<meta property=\"og:image:width\" content=\"1000\" \/>\n\t<meta property=\"og:image:height\" content=\"1000\" \/>\n\t<meta property=\"og:image:type\" content=\"image\/png\" \/>\n<meta name=\"twitter:card\" content=\"summary_large_image\" \/>\n<meta name=\"twitter:label1\" content=\"Tahmini okuma s\u00fcresi\" \/>\n\t<meta name=\"twitter:data1\" content=\"1 dakika\" \/>\n<script type=\"application\/ld+json\" class=\"yoast-schema-graph\">{\"@context\":\"https:\\\/\\\/schema.org\",\"@graph\":[{\"@type\":[\"WebPage\",\"ItemPage\"],\"@id\":\"https:\\\/\\\/www.purejewels.com\\\/product\\\/22ct-gold-baby-bangle-11\\\/\",\"url\":\"https:\\\/\\\/www.purejewels.com\\\/product\\\/22ct-gold-baby-bangle-11\\\/\",\"name\":\"22ct Baby Bangle | Infant Gold Bracelet | Adjustable Trio Design\",\"isPartOf\":{\"@id\":\"https:\\\/\\\/www.purejewels.com\\\/#website\"},\"primaryImageOfPage\":{\"@id\":\"https:\\\/\\\/www.purejewels.com\\\/product\\\/22ct-gold-baby-bangle-11\\\/#primaryimage\"},\"image\":{\"@id\":\"https:\\\/\\\/www.purejewels.com\\\/product\\\/22ct-gold-baby-bangle-11\\\/#primaryimage\"},\"thumbnailUrl\":\"https:\\\/\\\/static.purejewels.com\\\/wp-content\\\/uploads\\\/2018\\\/10\\\/28065_01.png\",\"datePublished\":\"2018-10-24T12:02:30+00:00\",\"dateModified\":\"2026-01-10T16:15:15+00:00\",\"description\":\"Elegant 22ct gold baby bangle with trio motif design. Adjustable fit, perfect for newborns, infants & toddlers. Safe and stylish kids' gold jewellery.\",\"breadcrumb\":{\"@id\":\"https:\\\/\\\/www.purejewels.com\\\/product\\\/22ct-gold-baby-bangle-11\\\/#breadcrumb\"},\"inLanguage\":\"tr\",\"potentialAction\":[{\"@type\":\"ReadAction\",\"target\":[\"https:\\\/\\\/www.purejewels.com\\\/product\\\/22ct-gold-baby-bangle-11\\\/\"]}]},{\"@type\":\"ImageObject\",\"inLanguage\":\"tr\",\"@id\":\"https:\\\/\\\/www.purejewels.com\\\/product\\\/22ct-gold-baby-bangle-11\\\/#primaryimage\",\"url\":\"https:\\\/\\\/static.purejewels.com\\\/wp-content\\\/uploads\\\/2018\\\/10\\\/28065_01.png\",\"contentUrl\":\"https:\\\/\\\/static.purejewels.com\\\/wp-content\\\/uploads\\\/2018\\\/10\\\/28065_01.png\",\"width\":1000,\"height\":1000,\"caption\":\"28065_01\"},{\"@type\":\"BreadcrumbList\",\"@id\":\"https:\\\/\\\/www.purejewels.com\\\/product\\\/22ct-gold-baby-bangle-11\\\/#breadcrumb\",\"itemListElement\":[{\"@type\":\"ListItem\",\"position\":1,\"name\":\"Home\",\"item\":\"https:\\\/\\\/www.purejewels.com\\\/\"},{\"@type\":\"ListItem\",\"position\":2,\"name\":\"Shop\",\"item\":\"https:\\\/\\\/www.purejewels.com\\\/shop\\\/\"},{\"@type\":\"ListItem\",\"position\":3,\"name\":\"22ct Gold Baby Bangle \u2013 Adjustable with Trio Motif Design\"}]},{\"@type\":\"WebSite\",\"@id\":\"https:\\\/\\\/www.purejewels.com\\\/#website\",\"url\":\"https:\\\/\\\/www.purejewels.com\\\/\",\"name\":\"PureJewels UK\",\"description\":\"Share the Love\",\"publisher\":{\"@id\":\"https:\\\/\\\/www.purejewels.com\\\/#organization\"},\"potentialAction\":[{\"@type\":\"SearchAction\",\"target\":{\"@type\":\"EntryPoint\",\"urlTemplate\":\"https:\\\/\\\/www.purejewels.com\\\/?s={search_term_string}\"},\"query-input\":{\"@type\":\"PropertyValueSpecification\",\"valueRequired\":true,\"valueName\":\"search_term_string\"}}],\"inLanguage\":\"tr\"},{\"@type\":\"Organization\",\"@id\":\"https:\\\/\\\/www.purejewels.com\\\/#organization\",\"name\":\"PureJewels UK\",\"url\":\"https:\\\/\\\/www.purejewels.com\\\/\",\"logo\":{\"@type\":\"ImageObject\",\"inLanguage\":\"tr\",\"@id\":\"https:\\\/\\\/www.purejewels.com\\\/#\\\/schema\\\/logo\\\/image\\\/\",\"url\":\"https:\\\/\\\/static.purejewels.com\\\/wp-content\\\/uploads\\\/2020\\\/11\\\/Logo-PJ-New-1.png\",\"contentUrl\":\"https:\\\/\\\/static.purejewels.com\\\/wp-content\\\/uploads\\\/2020\\\/11\\\/Logo-PJ-New-1.png\",\"width\":150,\"height\":80,\"caption\":\"PureJewels UK\"},\"image\":{\"@id\":\"https:\\\/\\\/www.purejewels.com\\\/#\\\/schema\\\/logo\\\/image\\\/\"}}]}<\/script>\n<!-- \/ Yoast SEO plugin. -->","yoast_head_json":{"title":"22 ayar Bebek Bilezik | Bebek Alt\u0131n Bilezik | Ayarlanabilir \u00dc\u00e7l\u00fc Tasar\u0131m","description":"\u00dc\u00e7l\u00fc motif tasar\u0131ml\u0131 zarif 22 ayar alt\u0131n bebek bilezi\u011fi. Ayarlanabilir yap\u0131, yeni do\u011fanlar, bebekler ve k\u00fc\u00e7\u00fck \u00e7ocuklar i\u00e7in m\u00fckemmel. G\u00fcvenli ve \u015f\u0131k \u00e7ocuk alt\u0131n tak\u0131lar\u0131.","robots":{"index":"index","follow":"follow","max-snippet":"max-snippet:-1","max-image-preview":"max-image-preview:large","max-video-preview":"max-video-preview:-1"},"canonical":"https:\/\/www.purejewels.com\/tr\/urun\/22-ayar-altin-bebek-bilekligi-11\/","og_locale":"tr_TR","og_type":"article","og_title":"22ct Baby Bangle | Infant Gold Bracelet | Adjustable Trio Design","og_description":"Elegant 22ct gold baby bangle with trio motif design. Adjustable fit, perfect for newborns, infants & toddlers. Safe and stylish kids' gold jewellery.","og_url":"https:\/\/www.purejewels.com\/tr\/urun\/22-ayar-altin-bebek-bilekligi-11\/","og_site_name":"PureJewels UK","article_modified_time":"2026-01-10T16:15:15+00:00","og_image":[{"width":1000,"height":1000,"url":"https:\/\/static.purejewels.com\/wp-content\/uploads\/2018\/10\/28065_01.png","type":"image\/png"}],"twitter_card":"summary_large_image","twitter_misc":{"Tahmini okuma s\u00fcresi":"1 dakika"},"schema":{"@context":"https:\/\/schema.org","@graph":[{"@type":["WebPage","ItemPage"],"@id":"https:\/\/www.purejewels.com\/product\/22ct-gold-baby-bangle-11\/","url":"https:\/\/www.purejewels.com\/product\/22ct-gold-baby-bangle-11\/","name":"22 ayar Bebek Bilezik | Bebek Alt\u0131n Bilezik | Ayarlanabilir \u00dc\u00e7l\u00fc Tasar\u0131m","isPartOf":{"@id":"https:\/\/www.purejewels.com\/#website"},"primaryImageOfPage":{"@id":"https:\/\/www.purejewels.com\/product\/22ct-gold-baby-bangle-11\/#primaryimage"},"image":{"@id":"https:\/\/www.purejewels.com\/product\/22ct-gold-baby-bangle-11\/#primaryimage"},"thumbnailUrl":"https:\/\/static.purejewels.com\/wp-content\/uploads\/2018\/10\/28065_01.png","datePublished":"2018-10-24T12:02:30+00:00","dateModified":"2026-01-10T16:15:15+00:00","description":"\u00dc\u00e7l\u00fc motif tasar\u0131ml\u0131 zarif 22 ayar alt\u0131n bebek bilezi\u011fi. Ayarlanabilir yap\u0131, yeni do\u011fanlar, bebekler ve k\u00fc\u00e7\u00fck \u00e7ocuklar i\u00e7in m\u00fckemmel. G\u00fcvenli ve \u015f\u0131k \u00e7ocuk alt\u0131n tak\u0131lar\u0131.","breadcrumb":{"@id":"https:\/\/www.purejewels.com\/product\/22ct-gold-baby-bangle-11\/#breadcrumb"},"inLanguage":"tr","potentialAction":[{"@type":"ReadAction","target":["https:\/\/www.purejewels.com\/product\/22ct-gold-baby-bangle-11\/"]}]},{"@type":"ImageObject","inLanguage":"tr","@id":"https:\/\/www.purejewels.com\/product\/22ct-gold-baby-bangle-11\/#primaryimage","url":"https:\/\/static.purejewels.com\/wp-content\/uploads\/2018\/10\/28065_01.png","contentUrl":"https:\/\/static.purejewels.com\/wp-content\/uploads\/2018\/10\/28065_01.png","width":1000,"height":1000,"caption":"28065_01"},{"@type":"BreadcrumbList","@id":"https:\/\/www.purejewels.com\/product\/22ct-gold-baby-bangle-11\/#breadcrumb","itemListElement":[{"@type":"ListItem","position":1,"name":"Home","item":"https:\/\/www.purejewels.com\/"},{"@type":"ListItem","position":2,"name":"Shop","item":"https:\/\/www.purejewels.com\/shop\/"},{"@type":"ListItem","position":3,"name":"22ct Gold Baby Bangle \u2013 Adjustable with Trio Motif Design"}]},{"@type":"WebSite","@id":"https:\/\/www.purejewels.com\/#website","url":"https:\/\/www.purejewels.com\/","name":"PureJewels \u0130ngiltere","description":"Sevgiyi Payla\u015f\u0131n","publisher":{"@id":"https:\/\/www.purejewels.com\/#organization"},"potentialAction":[{"@type":"SearchAction","target":{"@type":"EntryPoint","urlTemplate":"https:\/\/www.purejewels.com\/?s={search_term_string}"},"query-input":{"@type":"PropertyValueSpecification","valueRequired":true,"valueName":"search_term_string"}}],"inLanguage":"tr"},{"@type":"Organization","@id":"https:\/\/www.purejewels.com\/#organization","name":"PureJewels \u0130ngiltere","url":"https:\/\/www.purejewels.com\/","logo":{"@type":"ImageObject","inLanguage":"tr","@id":"https:\/\/www.purejewels.com\/#\/schema\/logo\/image\/","url":"https:\/\/static.purejewels.com\/wp-content\/uploads\/2020\/11\/Logo-PJ-New-1.png","contentUrl":"https:\/\/static.purejewels.com\/wp-content\/uploads\/2020\/11\/Logo-PJ-New-1.png","width":150,"height":80,"caption":"PureJewels UK"},"image":{"@id":"https:\/\/www.purejewels.com\/#\/schema\/logo\/image\/"}}]}},"_links":{"self":[{"href":"https:\/\/www.purejewels.com\/tr\/wp-json\/wp\/v2\/product\/304259","targetHints":{"allow":["GET"]}}],"collection":[{"href":"https:\/\/www.purejewels.com\/tr\/wp-json\/wp\/v2\/product"}],"about":[{"href":"https:\/\/www.purejewels.com\/tr\/wp-json\/wp\/v2\/types\/product"}],"replies":[{"embeddable":true,"href":"https:\/\/www.purejewels.com\/tr\/wp-json\/wp\/v2\/comments?post=304259"}],"version-history":[{"count":3,"href":"https:\/\/www.purejewels.com\/tr\/wp-json\/wp\/v2\/product\/304259\/revisions"}],"predecessor-version":[{"id":423430,"href":"https:\/\/www.purejewels.com\/tr\/wp-json\/wp\/v2\/product\/304259\/revisions\/423430"}],"wp:featuredmedia":[{"embeddable":true,"href":"https:\/\/www.purejewels.com\/tr\/wp-json\/wp\/v2\/media\/304260"}],"wp:attachment":[{"href":"https:\/\/www.purejewels.com\/tr\/wp-json\/wp\/v2\/media?parent=304259"}],"wp:term":[{"taxonomy":"product_brand","embeddable":true,"href":"https:\/\/www.purejewels.com\/tr\/wp-json\/wp\/v2\/product_brand?post=304259"},{"taxonomy":"product_cat","embeddable":true,"href":"https:\/\/www.purejewels.com\/tr\/wp-json\/wp\/v2\/product_cat?post=304259"},{"taxonomy":"product_tag","embeddable":true,"href":"https:\/\/www.purejewels.com\/tr\/wp-json\/wp\/v2\/product_tag?post=304259"}],"curies":[{"name":"wp","href":"https:\/\/api.w.org\/{rel}","templated":true}]}}