{"id":304339,"date":"2018-10-26T14:52:12","date_gmt":"2018-10-26T13:52:12","guid":{"rendered":"https:\/\/www.purejewels.com\/?post_type=product&#038;p=304339"},"modified":"2026-03-17T07:42:54","modified_gmt":"2026-03-17T07:42:54","slug":"erkek-kada-4","status":"publish","type":"product","link":"https:\/\/www.purejewels.com\/tr\/product\/mens-kada-4\/","title":{"rendered":"22 Ayar Alt\u0131n Gents Kada"},"content":{"rendered":"<p>\u00c7arp\u0131c\u0131 bir geometrik g\u00f6r\u00fcn\u00fcm i\u00e7in paralel \u00e7izgilerle i\u015flenmi\u015f bu cesur kada, g\u00fc\u00e7l\u00fc bileklere yak\u0131\u015f\u0131r.  En yeni alt\u0131n kada tasar\u0131mlar\u0131m\u0131z \u015f\u0131k ve \u00e7a\u011fda\u015ft\u0131r - sad\u0131klar i\u00e7in m\u00fckemmel bir hediye.<\/p>\n<p>\u0130ster bir inan\u00e7 amblemi ister k\u00fclt\u00fcrel bir mihenk ta\u015f\u0131 olarak tak\u0131n, kada miras\u0131n\u0131z\u0131n g\u00fc\u00e7l\u00fc bir ifadesidir.  Bir zamanlar sava\u015f\u00e7\u0131lar taraf\u0131ndan sava\u015f te\u00e7hizatlar\u0131n\u0131n bir par\u00e7as\u0131 olarak tak\u0131l\u0131rd\u0131 ancak yeni alt\u0131n kada tasar\u0131mlar\u0131m\u0131z gelene\u011fi g\u00fcncelliyor.  \u00d6rnek bir i\u015f\u00e7ilikle en iyi 22 ayar alt\u0131ndan \u00fcretilen bu tasar\u0131mlar, severek takaca\u011f\u0131n\u0131z sofistike ve anlaml\u0131 par\u00e7alard\u0131r.<\/p>\n<p>Bu tasar\u0131mda V \u015feklinde, klasik bir kada bileklik \u00fczerinde izler bulunur.  Toka yoktur - sonsuz daire Tanr\u0131'n\u0131n sonsuzlu\u011funu sembolize eder.  \u00c7a\u011fda\u015f bir g\u00f6r\u00fcn\u00fcm i\u00e7in sadece bir detay dokunu\u015fu ile zamans\u0131z bir stildir.  Alt\u0131n sade kada tasar\u0131mlar\u0131m\u0131z aras\u0131nda elmas kesimli ve hatta elmas kakmal\u0131 kada da bulunmaktad\u0131r, ancak sade olmay\u0131 seviyorsan\u0131z, bunun kusursuz kesimini ve kaplamas\u0131n\u0131 takdir edeceksiniz.<\/p>\n<p>T\u00fcm erkek alt\u0131n kada tasar\u0131mlar\u0131m\u0131z\u0131 rekabet\u00e7i fiyatlarla g\u00f6rmek isterseniz, Londra'daki show room'a gelin.  \u00c7ok uzaksa, teslimat s\u00fcreleri de dahil olmak \u00fczere t\u00fcm sorular\u0131n\u0131z i\u00e7in Canl\u0131 Sohbet'i kullan\u0131n.<\/p>","protected":false},"excerpt":{"rendered":"<p>22 Ayar Alt\u0131n Y\u00f6nl\u00fc Gents Kada, ince y\u00f6nl\u00fc detaylarla zenginle\u015ftirilmi\u015f \u015f\u0131k bir profile sahiptir. Parlak 22 ayar alt\u0131ndan \u00fcretilen bu klasik erkek bilezi\u011fi g\u00fc\u00e7, sadelik ve rafine stili bir araya getiriyor.<\/p>\n<ul>\n<li>Metal 22 Ayar Alt\u0131n<\/li>\n<li>A\u011f\u0131rl\u0131k 34.1 g<\/li>\n<li>SKU. 28309<\/li>\n<li>T\u00fcm fiyatlara KDV dahildir<\/li>\n<li>Londra Tahlil Ofisi Taraf\u0131ndan Damgalanm\u0131\u015f 22 Ayar Alt\u0131n<\/li>\n<li>Sunum Kutusu ile Birlikte Gelir<\/li>\n<li>Teslimat Dahil<\/li>\n<\/ul>","protected":false},"featured_media":304340,"comment_status":"closed","ping_status":"closed","template":"","meta":{"_eb_attr":"","_crsspst_to_jayantr4sg-hostcom":false},"product_brand":[],"product_cat":[1559,1571,1572,1629],"product_tag":[],"class_list":{"0":"post-304339","1":"product","2":"type-product","3":"status-publish","4":"has-post-thumbnail","6":"product_cat-birthday-gifts","7":"product_cat-fathers-day-gifts","8":"product_cat-mens-jewellery","9":"product_cat-mens-kada","11":"first","12":"outofstock","13":"taxable","14":"shipping-taxable","15":"product-type-simple","16":"add-to-wishlist-before_image"},"yoast_head":"<!-- This site is optimized with the Yoast SEO plugin v27.3 - https:\/\/yoast.com\/product\/yoast-seo-wordpress\/ -->\n<title>Shop 22ct Gold Faceted Kada for Men | Classic Gold Bangle<\/title>\n<meta name=\"description\" content=\"Discover the 22ct Gold Faceted Gents Kada featuring a sleek textured finish. Crafted in radiant 22ct gold, this timeless men\u2019s bracelet offers everyday elegance and strength.\" \/>\n<meta name=\"robots\" content=\"index, follow, max-snippet:-1, max-image-preview:large, max-video-preview:-1\" \/>\n<link rel=\"canonical\" href=\"https:\/\/www.purejewels.com\/tr\/urun\/erkek-kada-4\/\" \/>\n<meta property=\"og:locale\" content=\"tr_TR\" \/>\n<meta property=\"og:type\" content=\"article\" \/>\n<meta property=\"og:title\" content=\"Shop 22ct Gold Faceted Kada for Men | Classic Gold Bangle\" \/>\n<meta property=\"og:description\" content=\"Discover the 22ct Gold Faceted Gents Kada featuring a sleek textured finish. Crafted in radiant 22ct gold, this timeless men\u2019s bracelet offers everyday elegance and strength.\" \/>\n<meta property=\"og:url\" content=\"https:\/\/www.purejewels.com\/tr\/urun\/erkek-kada-4\/\" \/>\n<meta property=\"og:site_name\" content=\"PureJewels UK\" \/>\n<meta property=\"article:modified_time\" content=\"2026-03-17T07:42:54+00:00\" \/>\n<meta property=\"og:image\" content=\"https:\/\/static.purejewels.com\/wp-content\/uploads\/2018\/10\/28309_1-1.png\" \/>\n\t<meta property=\"og:image:width\" content=\"1000\" \/>\n\t<meta property=\"og:image:height\" content=\"1000\" \/>\n\t<meta property=\"og:image:type\" content=\"image\/png\" \/>\n<meta name=\"twitter:card\" content=\"summary_large_image\" \/>\n<meta name=\"twitter:label1\" content=\"Tahmini okuma s\u00fcresi\" \/>\n\t<meta name=\"twitter:data1\" content=\"2 dakika\" \/>\n<script type=\"application\/ld+json\" class=\"yoast-schema-graph\">{\"@context\":\"https:\\\/\\\/schema.org\",\"@graph\":[{\"@type\":[\"WebPage\",\"ItemPage\"],\"@id\":\"https:\\\/\\\/www.purejewels.com\\\/product\\\/mens-kada-4\\\/\",\"url\":\"https:\\\/\\\/www.purejewels.com\\\/product\\\/mens-kada-4\\\/\",\"name\":\"Shop 22ct Gold Faceted Kada for Men | Classic Gold Bangle\",\"isPartOf\":{\"@id\":\"https:\\\/\\\/www.purejewels.com\\\/#website\"},\"primaryImageOfPage\":{\"@id\":\"https:\\\/\\\/www.purejewels.com\\\/product\\\/mens-kada-4\\\/#primaryimage\"},\"image\":{\"@id\":\"https:\\\/\\\/www.purejewels.com\\\/product\\\/mens-kada-4\\\/#primaryimage\"},\"thumbnailUrl\":\"https:\\\/\\\/static.purejewels.com\\\/wp-content\\\/uploads\\\/2018\\\/10\\\/28309_1-1.png\",\"datePublished\":\"2018-10-26T13:52:12+00:00\",\"dateModified\":\"2026-03-17T07:42:54+00:00\",\"description\":\"Discover the 22ct Gold Faceted Gents Kada featuring a sleek textured finish. Crafted in radiant 22ct gold, this timeless men\u2019s bracelet offers everyday elegance and strength.\",\"breadcrumb\":{\"@id\":\"https:\\\/\\\/www.purejewels.com\\\/product\\\/mens-kada-4\\\/#breadcrumb\"},\"inLanguage\":\"tr\",\"potentialAction\":[{\"@type\":\"ReadAction\",\"target\":[\"https:\\\/\\\/www.purejewels.com\\\/product\\\/mens-kada-4\\\/\"]}]},{\"@type\":\"ImageObject\",\"inLanguage\":\"tr\",\"@id\":\"https:\\\/\\\/www.purejewels.com\\\/product\\\/mens-kada-4\\\/#primaryimage\",\"url\":\"https:\\\/\\\/static.purejewels.com\\\/wp-content\\\/uploads\\\/2018\\\/10\\\/28309_1-1.png\",\"contentUrl\":\"https:\\\/\\\/static.purejewels.com\\\/wp-content\\\/uploads\\\/2018\\\/10\\\/28309_1-1.png\",\"width\":1000,\"height\":1000,\"caption\":\"28309_1\"},{\"@type\":\"BreadcrumbList\",\"@id\":\"https:\\\/\\\/www.purejewels.com\\\/product\\\/mens-kada-4\\\/#breadcrumb\",\"itemListElement\":[{\"@type\":\"ListItem\",\"position\":1,\"name\":\"Home\",\"item\":\"https:\\\/\\\/www.purejewels.com\\\/\"},{\"@type\":\"ListItem\",\"position\":2,\"name\":\"Shop\",\"item\":\"https:\\\/\\\/www.purejewels.com\\\/shop\\\/\"},{\"@type\":\"ListItem\",\"position\":3,\"name\":\"22ct Gold Gents Kada\"}]},{\"@type\":\"WebSite\",\"@id\":\"https:\\\/\\\/www.purejewels.com\\\/#website\",\"url\":\"https:\\\/\\\/www.purejewels.com\\\/\",\"name\":\"PureJewels UK\",\"description\":\"Share the Love\",\"publisher\":{\"@id\":\"https:\\\/\\\/www.purejewels.com\\\/#organization\"},\"potentialAction\":[{\"@type\":\"SearchAction\",\"target\":{\"@type\":\"EntryPoint\",\"urlTemplate\":\"https:\\\/\\\/www.purejewels.com\\\/?s={search_term_string}\"},\"query-input\":{\"@type\":\"PropertyValueSpecification\",\"valueRequired\":true,\"valueName\":\"search_term_string\"}}],\"inLanguage\":\"tr\"},{\"@type\":\"Organization\",\"@id\":\"https:\\\/\\\/www.purejewels.com\\\/#organization\",\"name\":\"PureJewels UK\",\"url\":\"https:\\\/\\\/www.purejewels.com\\\/\",\"logo\":{\"@type\":\"ImageObject\",\"inLanguage\":\"tr\",\"@id\":\"https:\\\/\\\/www.purejewels.com\\\/#\\\/schema\\\/logo\\\/image\\\/\",\"url\":\"https:\\\/\\\/static.purejewels.com\\\/wp-content\\\/uploads\\\/2020\\\/11\\\/Logo-PJ-New-1.png\",\"contentUrl\":\"https:\\\/\\\/static.purejewels.com\\\/wp-content\\\/uploads\\\/2020\\\/11\\\/Logo-PJ-New-1.png\",\"width\":150,\"height\":80,\"caption\":\"PureJewels UK\"},\"image\":{\"@id\":\"https:\\\/\\\/www.purejewels.com\\\/#\\\/schema\\\/logo\\\/image\\\/\"}}]}<\/script>\n<!-- \/ Yoast SEO plugin. -->","yoast_head_json":{"title":"Erkekler i\u00e7in 22 Ayar Alt\u0131n Y\u00f6nl\u00fc Kada Al\u0131\u015fveri\u015fi | Klasik Alt\u0131n Bileklik","description":"\u015e\u0131k dokulu bir y\u00fczeye sahip 22 ayar alt\u0131n Faceted Gents Kada'y\u0131 ke\u015ffedin. Parlak 22 ayar alt\u0131ndan \u00fcretilen bu zamans\u0131z erkek bilezi\u011fi, g\u00fcnl\u00fck \u015f\u0131kl\u0131k ve g\u00fc\u00e7 sunar.","robots":{"index":"index","follow":"follow","max-snippet":"max-snippet:-1","max-image-preview":"max-image-preview:large","max-video-preview":"max-video-preview:-1"},"canonical":"https:\/\/www.purejewels.com\/tr\/urun\/erkek-kada-4\/","og_locale":"tr_TR","og_type":"article","og_title":"Shop 22ct Gold Faceted Kada for Men | Classic Gold Bangle","og_description":"Discover the 22ct Gold Faceted Gents Kada featuring a sleek textured finish. Crafted in radiant 22ct gold, this timeless men\u2019s bracelet offers everyday elegance and strength.","og_url":"https:\/\/www.purejewels.com\/tr\/urun\/erkek-kada-4\/","og_site_name":"PureJewels UK","article_modified_time":"2026-03-17T07:42:54+00:00","og_image":[{"width":1000,"height":1000,"url":"https:\/\/static.purejewels.com\/wp-content\/uploads\/2018\/10\/28309_1-1.png","type":"image\/png"}],"twitter_card":"summary_large_image","twitter_misc":{"Tahmini okuma s\u00fcresi":"2 dakika"},"schema":{"@context":"https:\/\/schema.org","@graph":[{"@type":["WebPage","ItemPage"],"@id":"https:\/\/www.purejewels.com\/product\/mens-kada-4\/","url":"https:\/\/www.purejewels.com\/product\/mens-kada-4\/","name":"Erkekler i\u00e7in 22 Ayar Alt\u0131n Y\u00f6nl\u00fc Kada Al\u0131\u015fveri\u015fi | Klasik Alt\u0131n Bileklik","isPartOf":{"@id":"https:\/\/www.purejewels.com\/#website"},"primaryImageOfPage":{"@id":"https:\/\/www.purejewels.com\/product\/mens-kada-4\/#primaryimage"},"image":{"@id":"https:\/\/www.purejewels.com\/product\/mens-kada-4\/#primaryimage"},"thumbnailUrl":"https:\/\/static.purejewels.com\/wp-content\/uploads\/2018\/10\/28309_1-1.png","datePublished":"2018-10-26T13:52:12+00:00","dateModified":"2026-03-17T07:42:54+00:00","description":"\u015e\u0131k dokulu bir y\u00fczeye sahip 22 ayar alt\u0131n Faceted Gents Kada'y\u0131 ke\u015ffedin. Parlak 22 ayar alt\u0131ndan \u00fcretilen bu zamans\u0131z erkek bilezi\u011fi, g\u00fcnl\u00fck \u015f\u0131kl\u0131k ve g\u00fc\u00e7 sunar.","breadcrumb":{"@id":"https:\/\/www.purejewels.com\/product\/mens-kada-4\/#breadcrumb"},"inLanguage":"tr","potentialAction":[{"@type":"ReadAction","target":["https:\/\/www.purejewels.com\/product\/mens-kada-4\/"]}]},{"@type":"ImageObject","inLanguage":"tr","@id":"https:\/\/www.purejewels.com\/product\/mens-kada-4\/#primaryimage","url":"https:\/\/static.purejewels.com\/wp-content\/uploads\/2018\/10\/28309_1-1.png","contentUrl":"https:\/\/static.purejewels.com\/wp-content\/uploads\/2018\/10\/28309_1-1.png","width":1000,"height":1000,"caption":"28309_1"},{"@type":"BreadcrumbList","@id":"https:\/\/www.purejewels.com\/product\/mens-kada-4\/#breadcrumb","itemListElement":[{"@type":"ListItem","position":1,"name":"Home","item":"https:\/\/www.purejewels.com\/"},{"@type":"ListItem","position":2,"name":"Shop","item":"https:\/\/www.purejewels.com\/shop\/"},{"@type":"ListItem","position":3,"name":"22ct Gold Gents Kada"}]},{"@type":"WebSite","@id":"https:\/\/www.purejewels.com\/#website","url":"https:\/\/www.purejewels.com\/","name":"PureJewels \u0130ngiltere","description":"Sevgiyi Payla\u015f\u0131n","publisher":{"@id":"https:\/\/www.purejewels.com\/#organization"},"potentialAction":[{"@type":"SearchAction","target":{"@type":"EntryPoint","urlTemplate":"https:\/\/www.purejewels.com\/?s={search_term_string}"},"query-input":{"@type":"PropertyValueSpecification","valueRequired":true,"valueName":"search_term_string"}}],"inLanguage":"tr"},{"@type":"Organization","@id":"https:\/\/www.purejewels.com\/#organization","name":"PureJewels \u0130ngiltere","url":"https:\/\/www.purejewels.com\/","logo":{"@type":"ImageObject","inLanguage":"tr","@id":"https:\/\/www.purejewels.com\/#\/schema\/logo\/image\/","url":"https:\/\/static.purejewels.com\/wp-content\/uploads\/2020\/11\/Logo-PJ-New-1.png","contentUrl":"https:\/\/static.purejewels.com\/wp-content\/uploads\/2020\/11\/Logo-PJ-New-1.png","width":150,"height":80,"caption":"PureJewels UK"},"image":{"@id":"https:\/\/www.purejewels.com\/#\/schema\/logo\/image\/"}}]}},"_links":{"self":[{"href":"https:\/\/www.purejewels.com\/tr\/wp-json\/wp\/v2\/product\/304339","targetHints":{"allow":["GET"]}}],"collection":[{"href":"https:\/\/www.purejewels.com\/tr\/wp-json\/wp\/v2\/product"}],"about":[{"href":"https:\/\/www.purejewels.com\/tr\/wp-json\/wp\/v2\/types\/product"}],"replies":[{"embeddable":true,"href":"https:\/\/www.purejewels.com\/tr\/wp-json\/wp\/v2\/comments?post=304339"}],"version-history":[{"count":3,"href":"https:\/\/www.purejewels.com\/tr\/wp-json\/wp\/v2\/product\/304339\/revisions"}],"predecessor-version":[{"id":427221,"href":"https:\/\/www.purejewels.com\/tr\/wp-json\/wp\/v2\/product\/304339\/revisions\/427221"}],"wp:featuredmedia":[{"embeddable":true,"href":"https:\/\/www.purejewels.com\/tr\/wp-json\/wp\/v2\/media\/304340"}],"wp:attachment":[{"href":"https:\/\/www.purejewels.com\/tr\/wp-json\/wp\/v2\/media?parent=304339"}],"wp:term":[{"taxonomy":"product_brand","embeddable":true,"href":"https:\/\/www.purejewels.com\/tr\/wp-json\/wp\/v2\/product_brand?post=304339"},{"taxonomy":"product_cat","embeddable":true,"href":"https:\/\/www.purejewels.com\/tr\/wp-json\/wp\/v2\/product_cat?post=304339"},{"taxonomy":"product_tag","embeddable":true,"href":"https:\/\/www.purejewels.com\/tr\/wp-json\/wp\/v2\/product_tag?post=304339"}],"curies":[{"name":"wp","href":"https:\/\/api.w.org\/{rel}","templated":true}]}}