{"id":304342,"date":"2018-10-26T14:58:22","date_gmt":"2018-10-26T13:58:22","guid":{"rendered":"https:\/\/www.purejewels.com\/?post_type=product&#038;p=304342"},"modified":"2026-03-30T11:04:54","modified_gmt":"2026-03-30T10:04:54","slug":"erkek-kada-5","status":"publish","type":"product","link":"https:\/\/www.purejewels.com\/tr\/product\/mens-kada-5\/","title":{"rendered":"22 Ayar Alt\u0131n Klasik P\u0131rlanta Kesimli Kada"},"content":{"rendered":"<p data-start=\"293\" data-end=\"618\"><strong data-start=\"293\" data-end=\"311\">Tasar\u0131m Konsepti<\/strong><br data-start=\"311\" data-end=\"314\" \/>22 Ayar Alt\u0131n Klasik Elmas Kesimli Kada, kal\u0131c\u0131 geleneklerden esinlenilerek \u00e7a\u011fda\u015f bir anlay\u0131\u015fla yeniden tasarlanm\u0131\u015ft\u0131r. Temiz, dairesel formu g\u00fcc\u00fc ve s\u00fcreklili\u011fi simgelerken, ince detayl\u0131 elmas kesim deseni ince bir \u0131\u015f\u0131k oyunu sunarak klasik bir siluete derinlik ve karakter katar.<\/p>\n<p data-start=\"620\" data-end=\"982\"><strong data-start=\"620\" data-end=\"637\">Zanaatkarl\u0131k<\/strong><br data-start=\"637\" data-end=\"640\" \/>Zengin 22 ayar alt\u0131ndan ustal\u0131kla \u00fcretilen bu kada, kuyumculukta nesillerdir s\u00fcregelen m\u00fckemmelli\u011fi yans\u0131t\u0131yor. Elmas kesim detaylar, rafine esteti\u011fini bast\u0131rmadan parlakl\u0131\u011f\u0131 art\u0131ran dokulu bir y\u00fczey olu\u015fturmak i\u00e7in titizlikle kaz\u0131nm\u0131\u015ft\u0131r. Hassasiyetle tamamlanan ve \u0130ngiltere'de damgalanan bu kada, hem \u00f6zg\u00fcnl\u00fc\u011f\u00fc hem de \u00fcst\u00fcn kaliteyi garanti eder.<\/p>\n<p data-start=\"984\" data-end=\"1331\"><strong data-start=\"984\" data-end=\"1001\">Stil Fikirleri<\/strong><br data-start=\"1001\" data-end=\"1004\" \/>Bu kada, g\u00fcvenle giyilmek \u00fczere tasarlanm\u0131\u015ft\u0131r. G\u00fc\u00e7l\u00fc, minimal bir g\u00f6r\u00fcn\u00fcm i\u00e7in tek ba\u015f\u0131na bir par\u00e7a olarak stilize edin veya modern, katmanl\u0131 bir estetik i\u00e7in bir saatle e\u015fle\u015ftirin. \u0130ster geleneksel k\u0131yafetlerle ister \u00e7a\u011fda\u015f tak\u0131mlarla tak\u0131ls\u0131n, zahmetsizce ge\u00e7i\u015f yaparak bir beyefendinin m\u00fccevher koleksiyonuna \u00e7ok y\u00f6nl\u00fc bir katk\u0131 sa\u011flar.<\/p>","protected":false},"excerpt":{"rendered":"<p>Zarif elmas kesim dokusuyla zamans\u0131z bir 22 ayar alt\u0131n kada. G\u00fc\u00e7 ve zarafet i\u00e7in tasarlanan bu kada, g\u00fcnl\u00fck kullan\u0131m i\u00e7in cesur ama sofistike bir ifade sunar.<\/p>\n<ul>\n<li>22ct <a href=\"https:\/\/www.purejewels.com\/tr\/urun-kategori%cc%87si%cc%87\/22-ayar-altin-takilar\/altin-bilezikler\/erkek-kada\/\" target=\"_blank\" rel=\"noopener\">Alt\u0131n Erkek Kada<\/a><\/li>\n<li>A\u011f\u0131rl\u0131k 32.1 g<\/li>\n<li>SKU. 28310<\/li>\n<li>T\u00fcm fiyatlara KDV dahildir<\/li>\n<li>Londra Tahlil Ofisi Taraf\u0131ndan Damgalanm\u0131\u015f 22 Ayar Alt\u0131n<\/li>\n<li>Sunum Kutusu ile Birlikte Gelir<\/li>\n<li>Teslimat Dahil<\/li>\n<li>Koleksiyonumuzu g\u00f6r\u00fcnt\u00fcleyin\u00a0<strong>erkek kada<\/strong><\/li>\n<\/ul>","protected":false},"featured_media":304344,"comment_status":"closed","ping_status":"closed","template":"","meta":{"_eb_attr":"","_crsspst_to_jayantr4sg-hostcom":true},"product_brand":[],"product_cat":[1559,1571,1572,1629],"product_tag":[],"class_list":{"0":"post-304342","1":"product","2":"type-product","3":"status-publish","4":"has-post-thumbnail","6":"product_cat-birthday-gifts","7":"product_cat-fathers-day-gifts","8":"product_cat-mens-jewellery","9":"product_cat-mens-kada","11":"first","12":"outofstock","13":"taxable","14":"shipping-taxable","15":"product-type-simple","16":"add-to-wishlist-before_image"},"yoast_head":"<!-- This site is optimized with the Yoast SEO plugin v27.3 - https:\/\/yoast.com\/product\/yoast-seo-wordpress\/ -->\n<title>22ct Gold Classic Diamond-Cut Kada | Men\u2019s Gold Kada UK<\/title>\n<meta name=\"description\" content=\"Shop 22ct gold classic diamond-cut kada, crafted for timeless style. Textured finish, durable design and UK hallmarked\u2014perfect for everyday elegance.\" \/>\n<meta name=\"robots\" content=\"index, follow, max-snippet:-1, max-image-preview:large, max-video-preview:-1\" \/>\n<link rel=\"canonical\" href=\"https:\/\/www.purejewels.com\/tr\/urun\/erkek-kada-5\/\" \/>\n<meta property=\"og:locale\" content=\"tr_TR\" \/>\n<meta property=\"og:type\" content=\"article\" \/>\n<meta property=\"og:title\" content=\"22ct Gold Classic Diamond-Cut Kada | Men\u2019s Gold Kada UK\" \/>\n<meta property=\"og:description\" content=\"Shop 22ct gold classic diamond-cut kada, crafted for timeless style. Textured finish, durable design and UK hallmarked\u2014perfect for everyday elegance.\" \/>\n<meta property=\"og:url\" content=\"https:\/\/www.purejewels.com\/tr\/urun\/erkek-kada-5\/\" \/>\n<meta property=\"og:site_name\" content=\"PureJewels UK\" \/>\n<meta property=\"article:modified_time\" content=\"2026-03-30T10:04:54+00:00\" \/>\n<meta property=\"og:image\" content=\"https:\/\/static.purejewels.com\/wp-content\/uploads\/2018\/10\/28310_1.png\" \/>\n\t<meta property=\"og:image:width\" content=\"1000\" \/>\n\t<meta property=\"og:image:height\" content=\"1000\" \/>\n\t<meta property=\"og:image:type\" content=\"image\/png\" \/>\n<meta name=\"twitter:card\" content=\"summary_large_image\" \/>\n<meta name=\"twitter:label1\" content=\"Tahmini okuma s\u00fcresi\" \/>\n\t<meta name=\"twitter:data1\" content=\"1 dakika\" \/>\n<script type=\"application\/ld+json\" class=\"yoast-schema-graph\">{\"@context\":\"https:\\\/\\\/schema.org\",\"@graph\":[{\"@type\":[\"WebPage\",\"ItemPage\"],\"@id\":\"https:\\\/\\\/www.purejewels.com\\\/product\\\/mens-kada-5\\\/\",\"url\":\"https:\\\/\\\/www.purejewels.com\\\/product\\\/mens-kada-5\\\/\",\"name\":\"22ct Gold Classic Diamond-Cut Kada | Men\u2019s Gold Kada UK\",\"isPartOf\":{\"@id\":\"https:\\\/\\\/www.purejewels.com\\\/#website\"},\"primaryImageOfPage\":{\"@id\":\"https:\\\/\\\/www.purejewels.com\\\/product\\\/mens-kada-5\\\/#primaryimage\"},\"image\":{\"@id\":\"https:\\\/\\\/www.purejewels.com\\\/product\\\/mens-kada-5\\\/#primaryimage\"},\"thumbnailUrl\":\"https:\\\/\\\/static.purejewels.com\\\/wp-content\\\/uploads\\\/2018\\\/10\\\/28310_1.png\",\"datePublished\":\"2018-10-26T13:58:22+00:00\",\"dateModified\":\"2026-03-30T10:04:54+00:00\",\"description\":\"Shop 22ct gold classic diamond-cut kada, crafted for timeless style. Textured finish, durable design and UK hallmarked\u2014perfect for everyday elegance.\",\"breadcrumb\":{\"@id\":\"https:\\\/\\\/www.purejewels.com\\\/product\\\/mens-kada-5\\\/#breadcrumb\"},\"inLanguage\":\"tr\",\"potentialAction\":[{\"@type\":\"ReadAction\",\"target\":[\"https:\\\/\\\/www.purejewels.com\\\/product\\\/mens-kada-5\\\/\"]}]},{\"@type\":\"ImageObject\",\"inLanguage\":\"tr\",\"@id\":\"https:\\\/\\\/www.purejewels.com\\\/product\\\/mens-kada-5\\\/#primaryimage\",\"url\":\"https:\\\/\\\/static.purejewels.com\\\/wp-content\\\/uploads\\\/2018\\\/10\\\/28310_1.png\",\"contentUrl\":\"https:\\\/\\\/static.purejewels.com\\\/wp-content\\\/uploads\\\/2018\\\/10\\\/28310_1.png\",\"width\":1000,\"height\":1000,\"caption\":\"28310_1\"},{\"@type\":\"BreadcrumbList\",\"@id\":\"https:\\\/\\\/www.purejewels.com\\\/product\\\/mens-kada-5\\\/#breadcrumb\",\"itemListElement\":[{\"@type\":\"ListItem\",\"position\":1,\"name\":\"Home\",\"item\":\"https:\\\/\\\/www.purejewels.com\\\/\"},{\"@type\":\"ListItem\",\"position\":2,\"name\":\"Shop\",\"item\":\"https:\\\/\\\/www.purejewels.com\\\/shop\\\/\"},{\"@type\":\"ListItem\",\"position\":3,\"name\":\"22ct Gold Classic Diamond-Cut Kada\"}]},{\"@type\":\"WebSite\",\"@id\":\"https:\\\/\\\/www.purejewels.com\\\/#website\",\"url\":\"https:\\\/\\\/www.purejewels.com\\\/\",\"name\":\"PureJewels UK\",\"description\":\"Share the Love\",\"publisher\":{\"@id\":\"https:\\\/\\\/www.purejewels.com\\\/#organization\"},\"potentialAction\":[{\"@type\":\"SearchAction\",\"target\":{\"@type\":\"EntryPoint\",\"urlTemplate\":\"https:\\\/\\\/www.purejewels.com\\\/?s={search_term_string}\"},\"query-input\":{\"@type\":\"PropertyValueSpecification\",\"valueRequired\":true,\"valueName\":\"search_term_string\"}}],\"inLanguage\":\"tr\"},{\"@type\":\"Organization\",\"@id\":\"https:\\\/\\\/www.purejewels.com\\\/#organization\",\"name\":\"PureJewels UK\",\"url\":\"https:\\\/\\\/www.purejewels.com\\\/\",\"logo\":{\"@type\":\"ImageObject\",\"inLanguage\":\"tr\",\"@id\":\"https:\\\/\\\/www.purejewels.com\\\/#\\\/schema\\\/logo\\\/image\\\/\",\"url\":\"https:\\\/\\\/static.purejewels.com\\\/wp-content\\\/uploads\\\/2020\\\/11\\\/Logo-PJ-New-1.png\",\"contentUrl\":\"https:\\\/\\\/static.purejewels.com\\\/wp-content\\\/uploads\\\/2020\\\/11\\\/Logo-PJ-New-1.png\",\"width\":150,\"height\":80,\"caption\":\"PureJewels UK\"},\"image\":{\"@id\":\"https:\\\/\\\/www.purejewels.com\\\/#\\\/schema\\\/logo\\\/image\\\/\"}}]}<\/script>\n<!-- \/ Yoast SEO plugin. -->","yoast_head_json":{"title":"22 Ayar Alt\u0131n Klasik P\u0131rlanta Kesimli Kada | Erkek Alt\u0131n Kada \u0130ngiltere","description":"Zamans\u0131z bir stil i\u00e7in haz\u0131rlanm\u0131\u015f 22 ayar alt\u0131n klasik elmas kesim kada sat\u0131n al\u0131n. Dokulu kaplama, dayan\u0131kl\u0131 tasar\u0131m ve Birle\u015fik Krall\u0131k damgal\u0131 - g\u00fcnl\u00fck \u015f\u0131kl\u0131k i\u00e7in m\u00fckemmel.","robots":{"index":"index","follow":"follow","max-snippet":"max-snippet:-1","max-image-preview":"max-image-preview:large","max-video-preview":"max-video-preview:-1"},"canonical":"https:\/\/www.purejewels.com\/tr\/urun\/erkek-kada-5\/","og_locale":"tr_TR","og_type":"article","og_title":"22ct Gold Classic Diamond-Cut Kada | Men\u2019s Gold Kada UK","og_description":"Shop 22ct gold classic diamond-cut kada, crafted for timeless style. Textured finish, durable design and UK hallmarked\u2014perfect for everyday elegance.","og_url":"https:\/\/www.purejewels.com\/tr\/urun\/erkek-kada-5\/","og_site_name":"PureJewels UK","article_modified_time":"2026-03-30T10:04:54+00:00","og_image":[{"width":1000,"height":1000,"url":"https:\/\/static.purejewels.com\/wp-content\/uploads\/2018\/10\/28310_1.png","type":"image\/png"}],"twitter_card":"summary_large_image","twitter_misc":{"Tahmini okuma s\u00fcresi":"1 dakika"},"schema":{"@context":"https:\/\/schema.org","@graph":[{"@type":["WebPage","ItemPage"],"@id":"https:\/\/www.purejewels.com\/product\/mens-kada-5\/","url":"https:\/\/www.purejewels.com\/product\/mens-kada-5\/","name":"22 Ayar Alt\u0131n Klasik P\u0131rlanta Kesimli Kada | Erkek Alt\u0131n Kada \u0130ngiltere","isPartOf":{"@id":"https:\/\/www.purejewels.com\/#website"},"primaryImageOfPage":{"@id":"https:\/\/www.purejewels.com\/product\/mens-kada-5\/#primaryimage"},"image":{"@id":"https:\/\/www.purejewels.com\/product\/mens-kada-5\/#primaryimage"},"thumbnailUrl":"https:\/\/static.purejewels.com\/wp-content\/uploads\/2018\/10\/28310_1.png","datePublished":"2018-10-26T13:58:22+00:00","dateModified":"2026-03-30T10:04:54+00:00","description":"Zamans\u0131z bir stil i\u00e7in haz\u0131rlanm\u0131\u015f 22 ayar alt\u0131n klasik elmas kesim kada sat\u0131n al\u0131n. Dokulu kaplama, dayan\u0131kl\u0131 tasar\u0131m ve Birle\u015fik Krall\u0131k damgal\u0131 - g\u00fcnl\u00fck \u015f\u0131kl\u0131k i\u00e7in m\u00fckemmel.","breadcrumb":{"@id":"https:\/\/www.purejewels.com\/product\/mens-kada-5\/#breadcrumb"},"inLanguage":"tr","potentialAction":[{"@type":"ReadAction","target":["https:\/\/www.purejewels.com\/product\/mens-kada-5\/"]}]},{"@type":"ImageObject","inLanguage":"tr","@id":"https:\/\/www.purejewels.com\/product\/mens-kada-5\/#primaryimage","url":"https:\/\/static.purejewels.com\/wp-content\/uploads\/2018\/10\/28310_1.png","contentUrl":"https:\/\/static.purejewels.com\/wp-content\/uploads\/2018\/10\/28310_1.png","width":1000,"height":1000,"caption":"28310_1"},{"@type":"BreadcrumbList","@id":"https:\/\/www.purejewels.com\/product\/mens-kada-5\/#breadcrumb","itemListElement":[{"@type":"ListItem","position":1,"name":"Home","item":"https:\/\/www.purejewels.com\/"},{"@type":"ListItem","position":2,"name":"Shop","item":"https:\/\/www.purejewels.com\/shop\/"},{"@type":"ListItem","position":3,"name":"22ct Gold Classic Diamond-Cut Kada"}]},{"@type":"WebSite","@id":"https:\/\/www.purejewels.com\/#website","url":"https:\/\/www.purejewels.com\/","name":"PureJewels \u0130ngiltere","description":"Sevgiyi Payla\u015f\u0131n","publisher":{"@id":"https:\/\/www.purejewels.com\/#organization"},"potentialAction":[{"@type":"SearchAction","target":{"@type":"EntryPoint","urlTemplate":"https:\/\/www.purejewels.com\/?s={search_term_string}"},"query-input":{"@type":"PropertyValueSpecification","valueRequired":true,"valueName":"search_term_string"}}],"inLanguage":"tr"},{"@type":"Organization","@id":"https:\/\/www.purejewels.com\/#organization","name":"PureJewels \u0130ngiltere","url":"https:\/\/www.purejewels.com\/","logo":{"@type":"ImageObject","inLanguage":"tr","@id":"https:\/\/www.purejewels.com\/#\/schema\/logo\/image\/","url":"https:\/\/static.purejewels.com\/wp-content\/uploads\/2020\/11\/Logo-PJ-New-1.png","contentUrl":"https:\/\/static.purejewels.com\/wp-content\/uploads\/2020\/11\/Logo-PJ-New-1.png","width":150,"height":80,"caption":"PureJewels UK"},"image":{"@id":"https:\/\/www.purejewels.com\/#\/schema\/logo\/image\/"}}]}},"_links":{"self":[{"href":"https:\/\/www.purejewels.com\/tr\/wp-json\/wp\/v2\/product\/304342","targetHints":{"allow":["GET"]}}],"collection":[{"href":"https:\/\/www.purejewels.com\/tr\/wp-json\/wp\/v2\/product"}],"about":[{"href":"https:\/\/www.purejewels.com\/tr\/wp-json\/wp\/v2\/types\/product"}],"replies":[{"embeddable":true,"href":"https:\/\/www.purejewels.com\/tr\/wp-json\/wp\/v2\/comments?post=304342"}],"version-history":[{"count":3,"href":"https:\/\/www.purejewels.com\/tr\/wp-json\/wp\/v2\/product\/304342\/revisions"}],"predecessor-version":[{"id":427816,"href":"https:\/\/www.purejewels.com\/tr\/wp-json\/wp\/v2\/product\/304342\/revisions\/427816"}],"wp:featuredmedia":[{"embeddable":true,"href":"https:\/\/www.purejewels.com\/tr\/wp-json\/wp\/v2\/media\/304344"}],"wp:attachment":[{"href":"https:\/\/www.purejewels.com\/tr\/wp-json\/wp\/v2\/media?parent=304342"}],"wp:term":[{"taxonomy":"product_brand","embeddable":true,"href":"https:\/\/www.purejewels.com\/tr\/wp-json\/wp\/v2\/product_brand?post=304342"},{"taxonomy":"product_cat","embeddable":true,"href":"https:\/\/www.purejewels.com\/tr\/wp-json\/wp\/v2\/product_cat?post=304342"},{"taxonomy":"product_tag","embeddable":true,"href":"https:\/\/www.purejewels.com\/tr\/wp-json\/wp\/v2\/product_tag?post=304342"}],"curies":[{"name":"wp","href":"https:\/\/api.w.org\/{rel}","templated":true}]}}