{"id":304919,"date":"2018-11-01T08:59:14","date_gmt":"2018-11-01T08:59:14","guid":{"rendered":"https:\/\/www.purejewels.com\/?post_type=product&#038;p=304919"},"modified":"2021-10-30T11:19:43","modified_gmt":"2021-10-30T10:19:43","slug":"gumus-om-1oz","status":"publish","type":"product","link":"https:\/\/www.purejewels.com\/tr\/product\/silver-om-1oz\/","title":{"rendered":"G\u00fcm\u00fc\u015f OM - 1oz"},"content":{"rendered":"<p>SKU. G\u00fcm\u00fc\u015f OM<\/p>","protected":false},"excerpt":{"rendered":"<p>Diwali I\u015f\u0131k Festivali y\u0131l\u0131n en b\u00fcy\u00fck festivallerinden biridir ve evin etraf\u0131nda mumlar ve divalar, Tatl\u0131lar, havai fi\u015fekler ve hediye al\u0131\u015fveri\u015fi ile kutlan\u0131r. Gelin bu y\u0131l bu festivali 'om' ile kar\u015f\u0131layal\u0131m.<\/p>\n<header class=\"product__spec__header\">\n<div class=\"row row-flex\">\n<div class=\"col-xs-24 col-flex\">\n<h3 class=\"product__spec__title\">\u015eartname<\/h3>\n<\/div>\n<\/div>\n<\/header>\n<div class=\"row row-flex\">\n<div class=\"col-xs-24\">\n<ul class=\"product__spec__items\">\n<li class=\"product__spec__item\">\u00dclke:\u00a0<strong>Birle\u015fik Krall\u0131k<\/strong><\/li>\n<li class=\"product__spec__item\">\u0130nce A\u011f\u0131rl\u0131k\u00a0<strong>31.103 g<\/strong><\/li>\n<li class=\"product__spec__item\">\u0130nce A\u011f\u0131rl\u0131k (troy oz):\u00a0<strong>1<\/strong><\/li>\n<\/ul>\n<\/div>\n<\/div>","protected":false},"featured_media":304925,"comment_status":"closed","ping_status":"closed","template":"","meta":{"_eb_attr":"","_crsspst_to_jayantr4sg-hostcom":false},"product_brand":[],"product_cat":[1269,1647],"product_tag":[],"class_list":{"0":"post-304919","1":"product","2":"type-product","3":"status-publish","4":"has-post-thumbnail","6":"product_cat-purejewels-silver-tola","7":"product_cat-silver-coins","9":"first","10":"outofstock","11":"taxable","12":"shipping-taxable","13":"product-type-simple","14":"add-to-wishlist-before_image"},"yoast_head":"<!-- This site is optimized with the Yoast SEO plugin v27.3 - https:\/\/yoast.com\/product\/yoast-seo-wordpress\/ -->\n<title>Silver OM - 1oz - PureJewels UK<\/title>\n<meta name=\"robots\" content=\"index, follow, max-snippet:-1, max-image-preview:large, max-video-preview:-1\" \/>\n<link rel=\"canonical\" href=\"https:\/\/www.purejewels.com\/tr\/urun\/gumus-om-1oz\/\" \/>\n<meta property=\"og:locale\" content=\"tr_TR\" \/>\n<meta property=\"og:type\" content=\"article\" \/>\n<meta property=\"og:title\" content=\"Silver OM - 1oz - PureJewels UK\" \/>\n<meta property=\"og:description\" content=\"Diwali the Festival of Lights is one of the biggest festivals of the year and is celebrated with candles and divas around the house, Sweets ,fireworks and the exchange of gifts. Come Lets Welcome this festival with &#039;om&#039; this year.     Specification        Country:\u00a0United Kingdom  Fine Weight\u00a031.103 g  Fine Weight (troy oz):\u00a01\" \/>\n<meta property=\"og:url\" content=\"https:\/\/www.purejewels.com\/tr\/urun\/gumus-om-1oz\/\" \/>\n<meta property=\"og:site_name\" content=\"PureJewels UK\" \/>\n<meta property=\"article:modified_time\" content=\"2021-10-30T10:19:43+00:00\" \/>\n<meta property=\"og:image\" content=\"https:\/\/www.purejewels.com\/wp-content\/uploads\/2018\/11\/OmHappyDiwali_1.jpg\" \/>\n\t<meta property=\"og:image:width\" content=\"500\" \/>\n\t<meta property=\"og:image:height\" content=\"500\" \/>\n\t<meta property=\"og:image:type\" content=\"image\/jpeg\" \/>\n<meta name=\"twitter:card\" content=\"summary_large_image\" \/>\n<script type=\"application\/ld+json\" class=\"yoast-schema-graph\">{\"@context\":\"https:\\\/\\\/schema.org\",\"@graph\":[{\"@type\":[\"WebPage\",\"ItemPage\"],\"@id\":\"https:\\\/\\\/www.purejewels.com\\\/product\\\/silver-om-1oz\\\/\",\"url\":\"https:\\\/\\\/www.purejewels.com\\\/product\\\/silver-om-1oz\\\/\",\"name\":\"Silver OM - 1oz - PureJewels UK\",\"isPartOf\":{\"@id\":\"https:\\\/\\\/www.purejewels.com\\\/#website\"},\"primaryImageOfPage\":{\"@id\":\"https:\\\/\\\/www.purejewels.com\\\/product\\\/silver-om-1oz\\\/#primaryimage\"},\"image\":{\"@id\":\"https:\\\/\\\/www.purejewels.com\\\/product\\\/silver-om-1oz\\\/#primaryimage\"},\"thumbnailUrl\":\"https:\\\/\\\/static.purejewels.com\\\/wp-content\\\/uploads\\\/2018\\\/11\\\/OmHappyDiwali_1.jpg\",\"datePublished\":\"2018-11-01T08:59:14+00:00\",\"dateModified\":\"2021-10-30T10:19:43+00:00\",\"breadcrumb\":{\"@id\":\"https:\\\/\\\/www.purejewels.com\\\/product\\\/silver-om-1oz\\\/#breadcrumb\"},\"inLanguage\":\"tr\",\"potentialAction\":[{\"@type\":\"ReadAction\",\"target\":[\"https:\\\/\\\/www.purejewels.com\\\/product\\\/silver-om-1oz\\\/\"]}]},{\"@type\":\"ImageObject\",\"inLanguage\":\"tr\",\"@id\":\"https:\\\/\\\/www.purejewels.com\\\/product\\\/silver-om-1oz\\\/#primaryimage\",\"url\":\"https:\\\/\\\/static.purejewels.com\\\/wp-content\\\/uploads\\\/2018\\\/11\\\/OmHappyDiwali_1.jpg\",\"contentUrl\":\"https:\\\/\\\/static.purejewels.com\\\/wp-content\\\/uploads\\\/2018\\\/11\\\/OmHappyDiwali_1.jpg\",\"width\":500,\"height\":500,\"caption\":\"OmHappyDiwali_1\"},{\"@type\":\"BreadcrumbList\",\"@id\":\"https:\\\/\\\/www.purejewels.com\\\/product\\\/silver-om-1oz\\\/#breadcrumb\",\"itemListElement\":[{\"@type\":\"ListItem\",\"position\":1,\"name\":\"Home\",\"item\":\"https:\\\/\\\/www.purejewels.com\\\/\"},{\"@type\":\"ListItem\",\"position\":2,\"name\":\"Shop\",\"item\":\"https:\\\/\\\/www.purejewels.com\\\/shop\\\/\"},{\"@type\":\"ListItem\",\"position\":3,\"name\":\"Silver OM &#8211; 1oz\"}]},{\"@type\":\"WebSite\",\"@id\":\"https:\\\/\\\/www.purejewels.com\\\/#website\",\"url\":\"https:\\\/\\\/www.purejewels.com\\\/\",\"name\":\"PureJewels UK\",\"description\":\"Share the Love\",\"publisher\":{\"@id\":\"https:\\\/\\\/www.purejewels.com\\\/#organization\"},\"potentialAction\":[{\"@type\":\"SearchAction\",\"target\":{\"@type\":\"EntryPoint\",\"urlTemplate\":\"https:\\\/\\\/www.purejewels.com\\\/?s={search_term_string}\"},\"query-input\":{\"@type\":\"PropertyValueSpecification\",\"valueRequired\":true,\"valueName\":\"search_term_string\"}}],\"inLanguage\":\"tr\"},{\"@type\":\"Organization\",\"@id\":\"https:\\\/\\\/www.purejewels.com\\\/#organization\",\"name\":\"PureJewels UK\",\"url\":\"https:\\\/\\\/www.purejewels.com\\\/\",\"logo\":{\"@type\":\"ImageObject\",\"inLanguage\":\"tr\",\"@id\":\"https:\\\/\\\/www.purejewels.com\\\/#\\\/schema\\\/logo\\\/image\\\/\",\"url\":\"https:\\\/\\\/static.purejewels.com\\\/wp-content\\\/uploads\\\/2020\\\/11\\\/Logo-PJ-New-1.png\",\"contentUrl\":\"https:\\\/\\\/static.purejewels.com\\\/wp-content\\\/uploads\\\/2020\\\/11\\\/Logo-PJ-New-1.png\",\"width\":150,\"height\":80,\"caption\":\"PureJewels UK\"},\"image\":{\"@id\":\"https:\\\/\\\/www.purejewels.com\\\/#\\\/schema\\\/logo\\\/image\\\/\"}}]}<\/script>\n<!-- \/ Yoast SEO plugin. -->","yoast_head_json":{"title":"G\u00fcm\u00fc\u015f OM - 1oz - PureJewels UK","robots":{"index":"index","follow":"follow","max-snippet":"max-snippet:-1","max-image-preview":"max-image-preview:large","max-video-preview":"max-video-preview:-1"},"canonical":"https:\/\/www.purejewels.com\/tr\/urun\/gumus-om-1oz\/","og_locale":"tr_TR","og_type":"article","og_title":"Silver OM - 1oz - PureJewels UK","og_description":"Diwali the Festival of Lights is one of the biggest festivals of the year and is celebrated with candles and divas around the house, Sweets ,fireworks and the exchange of gifts. Come Lets Welcome this festival with 'om' this year.     Specification        Country:\u00a0United Kingdom  Fine Weight\u00a031.103 g  Fine Weight (troy oz):\u00a01","og_url":"https:\/\/www.purejewels.com\/tr\/urun\/gumus-om-1oz\/","og_site_name":"PureJewels UK","article_modified_time":"2021-10-30T10:19:43+00:00","og_image":[{"width":500,"height":500,"url":"https:\/\/www.purejewels.com\/wp-content\/uploads\/2018\/11\/OmHappyDiwali_1.jpg","type":"image\/jpeg"}],"twitter_card":"summary_large_image","schema":{"@context":"https:\/\/schema.org","@graph":[{"@type":["WebPage","ItemPage"],"@id":"https:\/\/www.purejewels.com\/product\/silver-om-1oz\/","url":"https:\/\/www.purejewels.com\/product\/silver-om-1oz\/","name":"G\u00fcm\u00fc\u015f OM - 1oz - PureJewels UK","isPartOf":{"@id":"https:\/\/www.purejewels.com\/#website"},"primaryImageOfPage":{"@id":"https:\/\/www.purejewels.com\/product\/silver-om-1oz\/#primaryimage"},"image":{"@id":"https:\/\/www.purejewels.com\/product\/silver-om-1oz\/#primaryimage"},"thumbnailUrl":"https:\/\/static.purejewels.com\/wp-content\/uploads\/2018\/11\/OmHappyDiwali_1.jpg","datePublished":"2018-11-01T08:59:14+00:00","dateModified":"2021-10-30T10:19:43+00:00","breadcrumb":{"@id":"https:\/\/www.purejewels.com\/product\/silver-om-1oz\/#breadcrumb"},"inLanguage":"tr","potentialAction":[{"@type":"ReadAction","target":["https:\/\/www.purejewels.com\/product\/silver-om-1oz\/"]}]},{"@type":"ImageObject","inLanguage":"tr","@id":"https:\/\/www.purejewels.com\/product\/silver-om-1oz\/#primaryimage","url":"https:\/\/static.purejewels.com\/wp-content\/uploads\/2018\/11\/OmHappyDiwali_1.jpg","contentUrl":"https:\/\/static.purejewels.com\/wp-content\/uploads\/2018\/11\/OmHappyDiwali_1.jpg","width":500,"height":500,"caption":"OmHappyDiwali_1"},{"@type":"BreadcrumbList","@id":"https:\/\/www.purejewels.com\/product\/silver-om-1oz\/#breadcrumb","itemListElement":[{"@type":"ListItem","position":1,"name":"Home","item":"https:\/\/www.purejewels.com\/"},{"@type":"ListItem","position":2,"name":"Shop","item":"https:\/\/www.purejewels.com\/shop\/"},{"@type":"ListItem","position":3,"name":"Silver OM &#8211; 1oz"}]},{"@type":"WebSite","@id":"https:\/\/www.purejewels.com\/#website","url":"https:\/\/www.purejewels.com\/","name":"PureJewels \u0130ngiltere","description":"Sevgiyi Payla\u015f\u0131n","publisher":{"@id":"https:\/\/www.purejewels.com\/#organization"},"potentialAction":[{"@type":"SearchAction","target":{"@type":"EntryPoint","urlTemplate":"https:\/\/www.purejewels.com\/?s={search_term_string}"},"query-input":{"@type":"PropertyValueSpecification","valueRequired":true,"valueName":"search_term_string"}}],"inLanguage":"tr"},{"@type":"Organization","@id":"https:\/\/www.purejewels.com\/#organization","name":"PureJewels \u0130ngiltere","url":"https:\/\/www.purejewels.com\/","logo":{"@type":"ImageObject","inLanguage":"tr","@id":"https:\/\/www.purejewels.com\/#\/schema\/logo\/image\/","url":"https:\/\/static.purejewels.com\/wp-content\/uploads\/2020\/11\/Logo-PJ-New-1.png","contentUrl":"https:\/\/static.purejewels.com\/wp-content\/uploads\/2020\/11\/Logo-PJ-New-1.png","width":150,"height":80,"caption":"PureJewels UK"},"image":{"@id":"https:\/\/www.purejewels.com\/#\/schema\/logo\/image\/"}}]}},"_links":{"self":[{"href":"https:\/\/www.purejewels.com\/tr\/wp-json\/wp\/v2\/product\/304919","targetHints":{"allow":["GET"]}}],"collection":[{"href":"https:\/\/www.purejewels.com\/tr\/wp-json\/wp\/v2\/product"}],"about":[{"href":"https:\/\/www.purejewels.com\/tr\/wp-json\/wp\/v2\/types\/product"}],"replies":[{"embeddable":true,"href":"https:\/\/www.purejewels.com\/tr\/wp-json\/wp\/v2\/comments?post=304919"}],"version-history":[{"count":0,"href":"https:\/\/www.purejewels.com\/tr\/wp-json\/wp\/v2\/product\/304919\/revisions"}],"wp:featuredmedia":[{"embeddable":true,"href":"https:\/\/www.purejewels.com\/tr\/wp-json\/wp\/v2\/media\/304925"}],"wp:attachment":[{"href":"https:\/\/www.purejewels.com\/tr\/wp-json\/wp\/v2\/media?parent=304919"}],"wp:term":[{"taxonomy":"product_brand","embeddable":true,"href":"https:\/\/www.purejewels.com\/tr\/wp-json\/wp\/v2\/product_brand?post=304919"},{"taxonomy":"product_cat","embeddable":true,"href":"https:\/\/www.purejewels.com\/tr\/wp-json\/wp\/v2\/product_cat?post=304919"},{"taxonomy":"product_tag","embeddable":true,"href":"https:\/\/www.purejewels.com\/tr\/wp-json\/wp\/v2\/product_tag?post=304919"}],"curies":[{"name":"wp","href":"https:\/\/api.w.org\/{rel}","templated":true}]}}