{"id":304922,"date":"2018-11-01T10:34:07","date_gmt":"2018-11-01T10:34:07","guid":{"rendered":"https:\/\/www.purejewels.com\/?post_type=product&#038;p=304922"},"modified":"2020-12-21T17:56:19","modified_gmt":"2020-12-21T17:56:19","slug":"22-ayar-1-ons-britanya-altini","status":"publish","type":"product","link":"https:\/\/www.purejewels.com\/tr\/product\/gold-1-10oz-britannia-in-22ct\/","title":{"rendered":"24 ayar alt\u0131n 1\/10 ons Britannia"},"content":{"rendered":"<p>Britannia sikkeleri, b\u00fcy\u00fcyen k\u00fcresel K\u00fcl\u00e7e piyasas\u0131na yan\u0131t olarak 1987 y\u0131l\u0131nda Kraliyet Darphanesi'nin K\u00fcl\u00e7e portf\u00f6y\u00fcne eklenmi\u015ftir. G\u00fc\u00e7l\u00fc bir denizcilik etkisine sahip ikonik tasar\u0131m, klasik bir elbise i\u00e7inde r\u00fczg\u00e2rda ayakta duran, ayaklar\u0131n\u0131n dibinde dalgalar; elinde \u00fc\u00e7 \u00e7atall\u0131 m\u0131zrak, kalkan ve zeytin dal\u0131 an\u0131nda tan\u0131nabilir. 1\/10 onsluk madeni paran\u0131n nominal de\u011feri 10.00 sterlindir ve mevcut mevzuat uyar\u0131nca bu madeni para CGT'den muaft\u0131r.<\/p>\n<header class=\"product__spec__header\">\n<div class=\"row row-flex\">\n<div class=\"col-xs-24 col-flex\">\n<h3 class=\"product__spec__title\">\u015eartname<\/h3>\n<\/div>\n<\/div>\n<\/header>\n<div class=\"row row-flex\">\n<div class=\"col-xs-24\">\n<ul class=\"product__spec__items\">\n<li class=\"product__spec__item\">\u00dclke:\u00a0<strong>Birle\u015fik Krall\u0131k<\/strong><\/li>\n<li class=\"product__spec__item\">\u0130nce A\u011f\u0131rl\u0131k (gram):\u00a0<strong>3.11<\/strong><\/li>\n<li class=\"product__spec__item\">\u0130nce A\u011f\u0131rl\u0131k (troy oz):\u00a0<strong>0.1<\/strong><\/li>\n<li class=\"product__spec__item\">Br\u00fct A\u011f\u0131rl\u0131k (gram):\u00a0<strong>3.11<\/strong><\/li>\n<li class=\"product__spec__item\">Br\u00fct A\u011f\u0131rl\u0131k (troy oz):\u00a0<strong>0.1<\/strong><\/li>\n<li>G\u00fcncel fiyat i\u00e7in bize ula\u015f\u0131n<\/li>\n<\/ul>\n<\/div>\n<\/div>","protected":false},"excerpt":{"rendered":"<p>Britannia sikkeleri, b\u00fcy\u00fcyen k\u00fcresel K\u00fcl\u00e7e piyasas\u0131na yan\u0131t olarak 1987 y\u0131l\u0131nda Kraliyet Darphanesi'nin K\u00fcl\u00e7e portf\u00f6y\u00fcne eklenmi\u015ftir. G\u00fc\u00e7l\u00fc bir denizcilik etkisine sahip ikonik tasar\u0131m, klasik bir elbise i\u00e7inde r\u00fczg\u00e2rda ayakta duran, ayaklar\u0131n\u0131n dibinde dalgalar; elinde \u00fc\u00e7 \u00e7atall\u0131 m\u0131zrak, kalkan ve zeytin dal\u0131 an\u0131nda tan\u0131nabilir. 1\/10 onsluk madeni paran\u0131n nominal de\u011feri 10.00 sterlindir ve mevcut mevzuat uyar\u0131nca bu madeni para CGT'den muaft\u0131r.<\/p>\n<header class=\"product__spec__header\">\n<div class=\"row row-flex\">\n<div class=\"col-xs-24 col-flex\">\n<h3 class=\"product__spec__title\">\u015eartname<\/h3>\n<\/div>\n<\/div>\n<\/header>\n<div class=\"row row-flex\">\n<div class=\"col-xs-24\">\n<ul class=\"product__spec__items\">\n<li class=\"product__spec__item\">\u00dclke:\u00a0<strong>Birle\u015fik Krall\u0131k<\/strong><\/li>\n<li class=\"product__spec__item\">\u0130nce A\u011f\u0131rl\u0131k (gram):\u00a0<strong>3.11<\/strong><\/li>\n<li class=\"product__spec__item\">\u0130nce A\u011f\u0131rl\u0131k (troy oz):\u00a0<strong>0.1<\/strong><\/li>\n<li class=\"product__spec__item\">Br\u00fct A\u011f\u0131rl\u0131k (gram):\u00a0<strong>3.11<\/strong><\/li>\n<li class=\"product__spec__item\">Br\u00fct A\u011f\u0131rl\u0131k (troy oz):\u00a0<strong>0.1<\/strong><\/li>\n<li><\/li>\n<\/ul>\n<\/div>\n<\/div>","protected":false},"featured_media":304944,"comment_status":"closed","ping_status":"closed","template":"","meta":{"_eb_attr":"","_crsspst_to_jayantr4sg-hostcom":false},"product_brand":[],"product_cat":[1473,1646,1795],"product_tag":[1836,1837],"class_list":{"0":"post-304922","1":"product","2":"type-product","3":"status-publish","4":"has-post-thumbnail","6":"product_cat-bars-coins","7":"product_cat-gold-bars","8":"product_cat-gold-coins","9":"product_tag-24ct-gold","10":"product_tag-gold-bars","12":"first","13":"outofstock","14":"taxable","15":"shipping-taxable","16":"product-type-simple","17":"add-to-wishlist-before_image"},"yoast_head":"<!-- This site is optimized with the Yoast SEO plugin v27.6 - https:\/\/yoast.com\/product\/yoast-seo-wordpress\/ -->\n<title>Gold 1\/10oz Britannia in 24ct - PureJewels UK<\/title>\n<meta name=\"robots\" content=\"index, follow, max-snippet:-1, max-image-preview:large, max-video-preview:-1\" \/>\n<link rel=\"canonical\" href=\"https:\/\/www.purejewels.com\/tr\/urun\/22-ayar-1-ons-britanya-altini\/\" \/>\n<meta property=\"og:locale\" content=\"tr_TR\" \/>\n<meta property=\"og:type\" content=\"article\" \/>\n<meta property=\"og:title\" content=\"Gold 1\/10oz Britannia in 24ct - PureJewels UK\" \/>\n<meta property=\"og:description\" content=\"Britannia coins were added to The Royal Mint\u2019s Bullion portfolio in 1987, in response to a growing global Bullion market. The iconic design with a strong maritime influence, standing windswept in a classical gown, waves at her feet; trident, shield and olive branch in hand is instantly recognisable. The 1\/10 oz coin has a face value of \u00a310.00 and under current legislation this coin is CGT exempt.     Specification        Country:\u00a0United Kingdom  Fine Weight (grams):\u00a03.11  Fine Weight (troy oz):\u00a00.1  Gross Weight (grams):\u00a03.11  Gross Weight (troy oz):\u00a00.1\" \/>\n<meta property=\"og:url\" content=\"https:\/\/www.purejewels.com\/tr\/urun\/22-ayar-1-ons-britanya-altini\/\" \/>\n<meta property=\"og:site_name\" content=\"PureJewels UK\" \/>\n<meta property=\"article:modified_time\" content=\"2020-12-21T17:56:19+00:00\" \/>\n<meta property=\"og:image\" content=\"https:\/\/www.purejewels.com\/wp-content\/uploads\/2018\/11\/R-COUK110ozBritB_1.jpg\" \/>\n\t<meta property=\"og:image:width\" content=\"500\" \/>\n\t<meta property=\"og:image:height\" content=\"500\" \/>\n\t<meta property=\"og:image:type\" content=\"image\/jpeg\" \/>\n<meta name=\"twitter:card\" content=\"summary_large_image\" \/>\n<script type=\"application\/ld+json\" class=\"yoast-schema-graph\">{\"@context\":\"https:\\\/\\\/schema.org\",\"@graph\":[{\"@type\":[\"WebPage\",\"ItemPage\"],\"@id\":\"https:\\\/\\\/www.purejewels.com\\\/product\\\/gold-1-10oz-britannia-in-22ct\\\/\",\"url\":\"https:\\\/\\\/www.purejewels.com\\\/product\\\/gold-1-10oz-britannia-in-22ct\\\/\",\"name\":\"Gold 1\\\/10oz Britannia in 24ct - PureJewels UK\",\"isPartOf\":{\"@id\":\"https:\\\/\\\/www.purejewels.com\\\/#website\"},\"primaryImageOfPage\":{\"@id\":\"https:\\\/\\\/www.purejewels.com\\\/product\\\/gold-1-10oz-britannia-in-22ct\\\/#primaryimage\"},\"image\":{\"@id\":\"https:\\\/\\\/www.purejewels.com\\\/product\\\/gold-1-10oz-britannia-in-22ct\\\/#primaryimage\"},\"thumbnailUrl\":\"https:\\\/\\\/static.purejewels.com\\\/wp-content\\\/uploads\\\/2018\\\/11\\\/R-COUK110ozBritB_1.jpg\",\"datePublished\":\"2018-11-01T10:34:07+00:00\",\"dateModified\":\"2020-12-21T17:56:19+00:00\",\"breadcrumb\":{\"@id\":\"https:\\\/\\\/www.purejewels.com\\\/product\\\/gold-1-10oz-britannia-in-22ct\\\/#breadcrumb\"},\"inLanguage\":\"tr\",\"potentialAction\":[{\"@type\":\"ReadAction\",\"target\":[\"https:\\\/\\\/www.purejewels.com\\\/product\\\/gold-1-10oz-britannia-in-22ct\\\/\"]}]},{\"@type\":\"ImageObject\",\"inLanguage\":\"tr\",\"@id\":\"https:\\\/\\\/www.purejewels.com\\\/product\\\/gold-1-10oz-britannia-in-22ct\\\/#primaryimage\",\"url\":\"https:\\\/\\\/static.purejewels.com\\\/wp-content\\\/uploads\\\/2018\\\/11\\\/R-COUK110ozBritB_1.jpg\",\"contentUrl\":\"https:\\\/\\\/static.purejewels.com\\\/wp-content\\\/uploads\\\/2018\\\/11\\\/R-COUK110ozBritB_1.jpg\",\"width\":500,\"height\":500,\"caption\":\"R-COUK110ozBritB_1\"},{\"@type\":\"BreadcrumbList\",\"@id\":\"https:\\\/\\\/www.purejewels.com\\\/product\\\/gold-1-10oz-britannia-in-22ct\\\/#breadcrumb\",\"itemListElement\":[{\"@type\":\"ListItem\",\"position\":1,\"name\":\"Home\",\"item\":\"https:\\\/\\\/www.purejewels.com\\\/\"},{\"@type\":\"ListItem\",\"position\":2,\"name\":\"Shop\",\"item\":\"https:\\\/\\\/www.purejewels.com\\\/shop\\\/\"},{\"@type\":\"ListItem\",\"position\":3,\"name\":\"Gold 1\\\/10oz Britannia in 24ct\"}]},{\"@type\":\"WebSite\",\"@id\":\"https:\\\/\\\/www.purejewels.com\\\/#website\",\"url\":\"https:\\\/\\\/www.purejewels.com\\\/\",\"name\":\"PureJewels UK\",\"description\":\"Share the Love\",\"publisher\":{\"@id\":\"https:\\\/\\\/www.purejewels.com\\\/#organization\"},\"potentialAction\":[{\"@type\":\"SearchAction\",\"target\":{\"@type\":\"EntryPoint\",\"urlTemplate\":\"https:\\\/\\\/www.purejewels.com\\\/?s={search_term_string}\"},\"query-input\":{\"@type\":\"PropertyValueSpecification\",\"valueRequired\":true,\"valueName\":\"search_term_string\"}}],\"inLanguage\":\"tr\"},{\"@type\":\"Organization\",\"@id\":\"https:\\\/\\\/www.purejewels.com\\\/#organization\",\"name\":\"PureJewels UK\",\"url\":\"https:\\\/\\\/www.purejewels.com\\\/\",\"logo\":{\"@type\":\"ImageObject\",\"inLanguage\":\"tr\",\"@id\":\"https:\\\/\\\/www.purejewels.com\\\/#\\\/schema\\\/logo\\\/image\\\/\",\"url\":\"https:\\\/\\\/static.purejewels.com\\\/wp-content\\\/uploads\\\/2020\\\/11\\\/Logo-PJ-New-1.png\",\"contentUrl\":\"https:\\\/\\\/static.purejewels.com\\\/wp-content\\\/uploads\\\/2020\\\/11\\\/Logo-PJ-New-1.png\",\"width\":150,\"height\":80,\"caption\":\"PureJewels UK\"},\"image\":{\"@id\":\"https:\\\/\\\/www.purejewels.com\\\/#\\\/schema\\\/logo\\\/image\\\/\"}}]}<\/script>\n<!-- \/ Yoast SEO plugin. -->","yoast_head_json":{"title":"24 ayar alt\u0131n 1\/10 ons Britannia - PureJewels UK","robots":{"index":"index","follow":"follow","max-snippet":"max-snippet:-1","max-image-preview":"max-image-preview:large","max-video-preview":"max-video-preview:-1"},"canonical":"https:\/\/www.purejewels.com\/tr\/urun\/22-ayar-1-ons-britanya-altini\/","og_locale":"tr_TR","og_type":"article","og_title":"Gold 1\/10oz Britannia in 24ct - PureJewels UK","og_description":"Britannia coins were added to The Royal Mint\u2019s Bullion portfolio in 1987, in response to a growing global Bullion market. The iconic design with a strong maritime influence, standing windswept in a classical gown, waves at her feet; trident, shield and olive branch in hand is instantly recognisable. The 1\/10 oz coin has a face value of \u00a310.00 and under current legislation this coin is CGT exempt.     Specification        Country:\u00a0United Kingdom  Fine Weight (grams):\u00a03.11  Fine Weight (troy oz):\u00a00.1  Gross Weight (grams):\u00a03.11  Gross Weight (troy oz):\u00a00.1","og_url":"https:\/\/www.purejewels.com\/tr\/urun\/22-ayar-1-ons-britanya-altini\/","og_site_name":"PureJewels UK","article_modified_time":"2020-12-21T17:56:19+00:00","og_image":[{"width":500,"height":500,"url":"https:\/\/www.purejewels.com\/wp-content\/uploads\/2018\/11\/R-COUK110ozBritB_1.jpg","type":"image\/jpeg"}],"twitter_card":"summary_large_image","schema":{"@context":"https:\/\/schema.org","@graph":[{"@type":["WebPage","ItemPage"],"@id":"https:\/\/www.purejewels.com\/product\/gold-1-10oz-britannia-in-22ct\/","url":"https:\/\/www.purejewels.com\/product\/gold-1-10oz-britannia-in-22ct\/","name":"24 ayar alt\u0131n 1\/10 ons Britannia - PureJewels UK","isPartOf":{"@id":"https:\/\/www.purejewels.com\/#website"},"primaryImageOfPage":{"@id":"https:\/\/www.purejewels.com\/product\/gold-1-10oz-britannia-in-22ct\/#primaryimage"},"image":{"@id":"https:\/\/www.purejewels.com\/product\/gold-1-10oz-britannia-in-22ct\/#primaryimage"},"thumbnailUrl":"https:\/\/static.purejewels.com\/wp-content\/uploads\/2018\/11\/R-COUK110ozBritB_1.jpg","datePublished":"2018-11-01T10:34:07+00:00","dateModified":"2020-12-21T17:56:19+00:00","breadcrumb":{"@id":"https:\/\/www.purejewels.com\/product\/gold-1-10oz-britannia-in-22ct\/#breadcrumb"},"inLanguage":"tr","potentialAction":[{"@type":"ReadAction","target":["https:\/\/www.purejewels.com\/product\/gold-1-10oz-britannia-in-22ct\/"]}]},{"@type":"ImageObject","inLanguage":"tr","@id":"https:\/\/www.purejewels.com\/product\/gold-1-10oz-britannia-in-22ct\/#primaryimage","url":"https:\/\/static.purejewels.com\/wp-content\/uploads\/2018\/11\/R-COUK110ozBritB_1.jpg","contentUrl":"https:\/\/static.purejewels.com\/wp-content\/uploads\/2018\/11\/R-COUK110ozBritB_1.jpg","width":500,"height":500,"caption":"R-COUK110ozBritB_1"},{"@type":"BreadcrumbList","@id":"https:\/\/www.purejewels.com\/product\/gold-1-10oz-britannia-in-22ct\/#breadcrumb","itemListElement":[{"@type":"ListItem","position":1,"name":"Home","item":"https:\/\/www.purejewels.com\/"},{"@type":"ListItem","position":2,"name":"Shop","item":"https:\/\/www.purejewels.com\/shop\/"},{"@type":"ListItem","position":3,"name":"Gold 1\/10oz Britannia in 24ct"}]},{"@type":"WebSite","@id":"https:\/\/www.purejewels.com\/#website","url":"https:\/\/www.purejewels.com\/","name":"PureJewels \u0130ngiltere","description":"Sevgiyi Payla\u015f\u0131n","publisher":{"@id":"https:\/\/www.purejewels.com\/#organization"},"potentialAction":[{"@type":"SearchAction","target":{"@type":"EntryPoint","urlTemplate":"https:\/\/www.purejewels.com\/?s={search_term_string}"},"query-input":{"@type":"PropertyValueSpecification","valueRequired":true,"valueName":"search_term_string"}}],"inLanguage":"tr"},{"@type":"Organization","@id":"https:\/\/www.purejewels.com\/#organization","name":"PureJewels \u0130ngiltere","url":"https:\/\/www.purejewels.com\/","logo":{"@type":"ImageObject","inLanguage":"tr","@id":"https:\/\/www.purejewels.com\/#\/schema\/logo\/image\/","url":"https:\/\/static.purejewels.com\/wp-content\/uploads\/2020\/11\/Logo-PJ-New-1.png","contentUrl":"https:\/\/static.purejewels.com\/wp-content\/uploads\/2020\/11\/Logo-PJ-New-1.png","width":150,"height":80,"caption":"PureJewels UK"},"image":{"@id":"https:\/\/www.purejewels.com\/#\/schema\/logo\/image\/"}}]}},"_links":{"self":[{"href":"https:\/\/www.purejewels.com\/tr\/wp-json\/wp\/v2\/product\/304922","targetHints":{"allow":["GET"]}}],"collection":[{"href":"https:\/\/www.purejewels.com\/tr\/wp-json\/wp\/v2\/product"}],"about":[{"href":"https:\/\/www.purejewels.com\/tr\/wp-json\/wp\/v2\/types\/product"}],"replies":[{"embeddable":true,"href":"https:\/\/www.purejewels.com\/tr\/wp-json\/wp\/v2\/comments?post=304922"}],"version-history":[{"count":0,"href":"https:\/\/www.purejewels.com\/tr\/wp-json\/wp\/v2\/product\/304922\/revisions"}],"wp:featuredmedia":[{"embeddable":true,"href":"https:\/\/www.purejewels.com\/tr\/wp-json\/wp\/v2\/media\/304944"}],"wp:attachment":[{"href":"https:\/\/www.purejewels.com\/tr\/wp-json\/wp\/v2\/media?parent=304922"}],"wp:term":[{"taxonomy":"product_brand","embeddable":true,"href":"https:\/\/www.purejewels.com\/tr\/wp-json\/wp\/v2\/product_brand?post=304922"},{"taxonomy":"product_cat","embeddable":true,"href":"https:\/\/www.purejewels.com\/tr\/wp-json\/wp\/v2\/product_cat?post=304922"},{"taxonomy":"product_tag","embeddable":true,"href":"https:\/\/www.purejewels.com\/tr\/wp-json\/wp\/v2\/product_tag?post=304922"}],"curies":[{"name":"wp","href":"https:\/\/api.w.org\/{rel}","templated":true}]}}