{"id":304923,"date":"2018-11-01T10:32:07","date_gmt":"2018-11-01T10:32:07","guid":{"rendered":"https:\/\/www.purejewels.com\/?post_type=product&#038;p=304923"},"modified":"2025-11-06T05:48:45","modified_gmt":"2025-11-06T05:48:45","slug":"5grmda-24-ayar-altin-darpli-cubuk","status":"publish","type":"product","link":"https:\/\/www.purejewels.com\/tr\/product\/24ct-gold-minted-bar-in-5grm\/","title":{"rendered":"5grm'l\u0131k 24 Ayar Alt\u0131n Mineli \u00c7ubuk"},"content":{"rendered":"<p>Diwali i\u00e7in \u00e7arp\u0131c\u0131 bir hediye mi ar\u0131yorsunuz? PureJewels UK'nin bu g\u00fczel bas\u0131lm\u0131\u015f 5 graml\u0131k alt\u0131n bisk\u00fcvisinden ba\u015fkas\u0131na bakmay\u0131n. Londra'da en iyi 24 ayar alt\u0131nla \u00fcretilen bu k\u00fcl\u00e7e alt\u0131n, l\u00fcks ve zarafetin sembol\u00fcd\u00fcr. Her bir k\u00fcl\u00e7e kurcalamaya kar\u015f\u0131 korumal\u0131 ambalajlarda titizlikle paketlenerek orijinalli\u011fi ve kalitesi garanti alt\u0131na al\u0131nm\u0131\u015ft\u0131r.<\/p>\n<p>5 gram a\u011f\u0131rl\u0131\u011f\u0131 ve 999,9 safl\u0131\u011f\u0131yla bu alt\u0131n k\u00fcl\u00e7e, her koleksiyon i\u00e7in de\u011ferli bir katk\u0131d\u0131r. \u0130ster de\u011ferli metallere yat\u0131r\u0131m yapmak ister sevdiklerinize zamans\u0131z bir par\u00e7a hediye etmek istiyor olun, bu 5 graml\u0131k alt\u0131n bisk\u00fcvinin sizi etkileyece\u011finden emin olabilirsiniz.<\/p>\n<p>\u0130\u015fleminizin g\u00fcvenli ve emniyetli oldu\u011funu bilerek g\u00fcvenle sat\u0131n al\u0131n. Saf alt\u0131n l\u00fcks\u00fcn\u00fcn bir par\u00e7as\u0131na sahip olmak i\u00e7in bu f\u0131rsat\u0131 ka\u00e7\u0131rmay\u0131n. 5gm alt\u0131n bisk\u00fcvinizi bug\u00fcn sipari\u015f edin.<\/p>","protected":false},"excerpt":{"rendered":"<p>Londra'da \u00fcretilen be\u015f graml\u0131k 24 ayar k\u00fcl\u00e7e alt\u0131n bu Diwali i\u00e7in m\u00fckemmel bir hediyedir. Kurcalamaya dayan\u0131kl\u0131 ambalajda sunulur.<\/p>\n<div class=\"field_weight\">\n<div class=\"field_weight\">\n<div>A\u011eIRLIK: 5 g<\/div>\n<\/div>\n<div class=\"field_finish\">\n<div>B\u0130T\u0130\u015e: 999,9<\/div>\n<\/div>\n<\/div>\n<div>PAKETLEME: Hediye kutusu ile birlikte gelir<\/div>\n<div>G\u00fcncel Fiyat \u0130\u00e7in Bizimle Sohbet Edin.<\/div>","protected":false},"featured_media":311677,"comment_status":"closed","ping_status":"closed","template":"","meta":{"_eb_attr":"","_crsspst_to_jayantr4sg-hostcom":false},"product_brand":[],"product_cat":[1646],"product_tag":[],"class_list":{"0":"post-304923","1":"product","2":"type-product","3":"status-publish","4":"has-post-thumbnail","6":"product_cat-gold-bars","8":"first","9":"outofstock","10":"taxable","11":"shipping-taxable","12":"product-type-simple","13":"add-to-wishlist-before_image"},"yoast_head":"<!-- This site is optimized with the Yoast SEO plugin v27.6 - https:\/\/yoast.com\/product\/yoast-seo-wordpress\/ -->\n<title>24ct Gold Minted Bar in 5grm | PureJewels UK<\/title>\n<meta name=\"description\" content=\"A Five Gram bullion bar of fine 24-karat Gold Manufactured in London\u00a0 makes a perfect gift for this Diwali. Supplied in tamper proof packaging.\" \/>\n<meta name=\"robots\" content=\"index, follow, max-snippet:-1, max-image-preview:large, max-video-preview:-1\" \/>\n<link rel=\"canonical\" href=\"https:\/\/www.purejewels.com\/tr\/urun\/5grmda-24-ayar-altin-darpli-cubuk\/\" \/>\n<meta property=\"og:locale\" content=\"tr_TR\" \/>\n<meta property=\"og:type\" content=\"article\" \/>\n<meta property=\"og:title\" content=\"24ct Gold Minted Bar in 5grm | PureJewels UK\" \/>\n<meta property=\"og:description\" content=\"A Five Gram bullion bar of fine 24-karat Gold Manufactured in London\u00a0 makes a perfect gift for this Diwali. Supplied in tamper proof packaging.\" \/>\n<meta property=\"og:url\" content=\"https:\/\/www.purejewels.com\/tr\/urun\/5grmda-24-ayar-altin-darpli-cubuk\/\" \/>\n<meta property=\"og:site_name\" content=\"PureJewels UK\" \/>\n<meta property=\"article:modified_time\" content=\"2025-11-06T05:48:45+00:00\" \/>\n<meta property=\"og:image\" content=\"https:\/\/www.purejewels.com\/wp-content\/uploads\/2018\/11\/5gmbar-scaled.jpg\" \/>\n\t<meta property=\"og:image:width\" content=\"2048\" \/>\n\t<meta property=\"og:image:height\" content=\"2560\" \/>\n\t<meta property=\"og:image:type\" content=\"image\/jpeg\" \/>\n<meta name=\"twitter:card\" content=\"summary_large_image\" \/>\n<meta name=\"twitter:label1\" content=\"Tahmini okuma s\u00fcresi\" \/>\n\t<meta name=\"twitter:data1\" content=\"1 dakika\" \/>\n<script type=\"application\/ld+json\" class=\"yoast-schema-graph\">{\"@context\":\"https:\\\/\\\/schema.org\",\"@graph\":[{\"@type\":[\"WebPage\",\"ItemPage\"],\"@id\":\"https:\\\/\\\/www.purejewels.com\\\/product\\\/24ct-gold-minted-bar-in-5grm\\\/\",\"url\":\"https:\\\/\\\/www.purejewels.com\\\/product\\\/24ct-gold-minted-bar-in-5grm\\\/\",\"name\":\"24ct Gold Minted Bar in 5grm | PureJewels UK\",\"isPartOf\":{\"@id\":\"https:\\\/\\\/www.purejewels.com\\\/#website\"},\"primaryImageOfPage\":{\"@id\":\"https:\\\/\\\/www.purejewels.com\\\/product\\\/24ct-gold-minted-bar-in-5grm\\\/#primaryimage\"},\"image\":{\"@id\":\"https:\\\/\\\/www.purejewels.com\\\/product\\\/24ct-gold-minted-bar-in-5grm\\\/#primaryimage\"},\"thumbnailUrl\":\"https:\\\/\\\/static.purejewels.com\\\/wp-content\\\/uploads\\\/2018\\\/11\\\/5gmbar-scaled.jpg\",\"datePublished\":\"2018-11-01T10:32:07+00:00\",\"dateModified\":\"2025-11-06T05:48:45+00:00\",\"description\":\"A Five Gram bullion bar of fine 24-karat Gold Manufactured in London\u00a0 makes a perfect gift for this Diwali. Supplied in tamper proof packaging.\",\"breadcrumb\":{\"@id\":\"https:\\\/\\\/www.purejewels.com\\\/product\\\/24ct-gold-minted-bar-in-5grm\\\/#breadcrumb\"},\"inLanguage\":\"tr\",\"potentialAction\":[{\"@type\":\"ReadAction\",\"target\":[\"https:\\\/\\\/www.purejewels.com\\\/product\\\/24ct-gold-minted-bar-in-5grm\\\/\"]}]},{\"@type\":\"ImageObject\",\"inLanguage\":\"tr\",\"@id\":\"https:\\\/\\\/www.purejewels.com\\\/product\\\/24ct-gold-minted-bar-in-5grm\\\/#primaryimage\",\"url\":\"https:\\\/\\\/static.purejewels.com\\\/wp-content\\\/uploads\\\/2018\\\/11\\\/5gmbar-scaled.jpg\",\"contentUrl\":\"https:\\\/\\\/static.purejewels.com\\\/wp-content\\\/uploads\\\/2018\\\/11\\\/5gmbar-scaled.jpg\",\"width\":2048,\"height\":2560,\"caption\":\"5gm 999.9 Gold Bar\"},{\"@type\":\"BreadcrumbList\",\"@id\":\"https:\\\/\\\/www.purejewels.com\\\/product\\\/24ct-gold-minted-bar-in-5grm\\\/#breadcrumb\",\"itemListElement\":[{\"@type\":\"ListItem\",\"position\":1,\"name\":\"Home\",\"item\":\"https:\\\/\\\/www.purejewels.com\\\/\"},{\"@type\":\"ListItem\",\"position\":2,\"name\":\"Shop\",\"item\":\"https:\\\/\\\/www.purejewels.com\\\/shop\\\/\"},{\"@type\":\"ListItem\",\"position\":3,\"name\":\"24ct Gold Minted Bar in 5grm\"}]},{\"@type\":\"WebSite\",\"@id\":\"https:\\\/\\\/www.purejewels.com\\\/#website\",\"url\":\"https:\\\/\\\/www.purejewels.com\\\/\",\"name\":\"PureJewels UK\",\"description\":\"Share the Love\",\"publisher\":{\"@id\":\"https:\\\/\\\/www.purejewels.com\\\/#organization\"},\"potentialAction\":[{\"@type\":\"SearchAction\",\"target\":{\"@type\":\"EntryPoint\",\"urlTemplate\":\"https:\\\/\\\/www.purejewels.com\\\/?s={search_term_string}\"},\"query-input\":{\"@type\":\"PropertyValueSpecification\",\"valueRequired\":true,\"valueName\":\"search_term_string\"}}],\"inLanguage\":\"tr\"},{\"@type\":\"Organization\",\"@id\":\"https:\\\/\\\/www.purejewels.com\\\/#organization\",\"name\":\"PureJewels UK\",\"url\":\"https:\\\/\\\/www.purejewels.com\\\/\",\"logo\":{\"@type\":\"ImageObject\",\"inLanguage\":\"tr\",\"@id\":\"https:\\\/\\\/www.purejewels.com\\\/#\\\/schema\\\/logo\\\/image\\\/\",\"url\":\"https:\\\/\\\/static.purejewels.com\\\/wp-content\\\/uploads\\\/2020\\\/11\\\/Logo-PJ-New-1.png\",\"contentUrl\":\"https:\\\/\\\/static.purejewels.com\\\/wp-content\\\/uploads\\\/2020\\\/11\\\/Logo-PJ-New-1.png\",\"width\":150,\"height\":80,\"caption\":\"PureJewels UK\"},\"image\":{\"@id\":\"https:\\\/\\\/www.purejewels.com\\\/#\\\/schema\\\/logo\\\/image\\\/\"}}]}<\/script>\n<!-- \/ Yoast SEO plugin. -->","yoast_head_json":{"title":"5grm'l\u0131k 24 Ayar Alt\u0131n Minted Bar | PureJewels UK","description":"Londra'da \u00fcretilen be\u015f graml\u0131k 24 ayar k\u00fcl\u00e7e alt\u0131n bu Diwali i\u00e7in m\u00fckemmel bir hediyedir. Kurcalamaya dayan\u0131kl\u0131 ambalajda sunulur.","robots":{"index":"index","follow":"follow","max-snippet":"max-snippet:-1","max-image-preview":"max-image-preview:large","max-video-preview":"max-video-preview:-1"},"canonical":"https:\/\/www.purejewels.com\/tr\/urun\/5grmda-24-ayar-altin-darpli-cubuk\/","og_locale":"tr_TR","og_type":"article","og_title":"24ct Gold Minted Bar in 5grm | PureJewels UK","og_description":"A Five Gram bullion bar of fine 24-karat Gold Manufactured in London\u00a0 makes a perfect gift for this Diwali. Supplied in tamper proof packaging.","og_url":"https:\/\/www.purejewels.com\/tr\/urun\/5grmda-24-ayar-altin-darpli-cubuk\/","og_site_name":"PureJewels UK","article_modified_time":"2025-11-06T05:48:45+00:00","og_image":[{"width":2048,"height":2560,"url":"https:\/\/www.purejewels.com\/wp-content\/uploads\/2018\/11\/5gmbar-scaled.jpg","type":"image\/jpeg"}],"twitter_card":"summary_large_image","twitter_misc":{"Tahmini okuma s\u00fcresi":"1 dakika"},"schema":{"@context":"https:\/\/schema.org","@graph":[{"@type":["WebPage","ItemPage"],"@id":"https:\/\/www.purejewels.com\/product\/24ct-gold-minted-bar-in-5grm\/","url":"https:\/\/www.purejewels.com\/product\/24ct-gold-minted-bar-in-5grm\/","name":"5grm'l\u0131k 24 Ayar Alt\u0131n Minted Bar | PureJewels UK","isPartOf":{"@id":"https:\/\/www.purejewels.com\/#website"},"primaryImageOfPage":{"@id":"https:\/\/www.purejewels.com\/product\/24ct-gold-minted-bar-in-5grm\/#primaryimage"},"image":{"@id":"https:\/\/www.purejewels.com\/product\/24ct-gold-minted-bar-in-5grm\/#primaryimage"},"thumbnailUrl":"https:\/\/static.purejewels.com\/wp-content\/uploads\/2018\/11\/5gmbar-scaled.jpg","datePublished":"2018-11-01T10:32:07+00:00","dateModified":"2025-11-06T05:48:45+00:00","description":"Londra'da \u00fcretilen be\u015f graml\u0131k 24 ayar k\u00fcl\u00e7e alt\u0131n bu Diwali i\u00e7in m\u00fckemmel bir hediyedir. Kurcalamaya dayan\u0131kl\u0131 ambalajda sunulur.","breadcrumb":{"@id":"https:\/\/www.purejewels.com\/product\/24ct-gold-minted-bar-in-5grm\/#breadcrumb"},"inLanguage":"tr","potentialAction":[{"@type":"ReadAction","target":["https:\/\/www.purejewels.com\/product\/24ct-gold-minted-bar-in-5grm\/"]}]},{"@type":"ImageObject","inLanguage":"tr","@id":"https:\/\/www.purejewels.com\/product\/24ct-gold-minted-bar-in-5grm\/#primaryimage","url":"https:\/\/static.purejewels.com\/wp-content\/uploads\/2018\/11\/5gmbar-scaled.jpg","contentUrl":"https:\/\/static.purejewels.com\/wp-content\/uploads\/2018\/11\/5gmbar-scaled.jpg","width":2048,"height":2560,"caption":"5gm 999.9 Gold Bar"},{"@type":"BreadcrumbList","@id":"https:\/\/www.purejewels.com\/product\/24ct-gold-minted-bar-in-5grm\/#breadcrumb","itemListElement":[{"@type":"ListItem","position":1,"name":"Home","item":"https:\/\/www.purejewels.com\/"},{"@type":"ListItem","position":2,"name":"Shop","item":"https:\/\/www.purejewels.com\/shop\/"},{"@type":"ListItem","position":3,"name":"24ct Gold Minted Bar in 5grm"}]},{"@type":"WebSite","@id":"https:\/\/www.purejewels.com\/#website","url":"https:\/\/www.purejewels.com\/","name":"PureJewels \u0130ngiltere","description":"Sevgiyi Payla\u015f\u0131n","publisher":{"@id":"https:\/\/www.purejewels.com\/#organization"},"potentialAction":[{"@type":"SearchAction","target":{"@type":"EntryPoint","urlTemplate":"https:\/\/www.purejewels.com\/?s={search_term_string}"},"query-input":{"@type":"PropertyValueSpecification","valueRequired":true,"valueName":"search_term_string"}}],"inLanguage":"tr"},{"@type":"Organization","@id":"https:\/\/www.purejewels.com\/#organization","name":"PureJewels \u0130ngiltere","url":"https:\/\/www.purejewels.com\/","logo":{"@type":"ImageObject","inLanguage":"tr","@id":"https:\/\/www.purejewels.com\/#\/schema\/logo\/image\/","url":"https:\/\/static.purejewels.com\/wp-content\/uploads\/2020\/11\/Logo-PJ-New-1.png","contentUrl":"https:\/\/static.purejewels.com\/wp-content\/uploads\/2020\/11\/Logo-PJ-New-1.png","width":150,"height":80,"caption":"PureJewels UK"},"image":{"@id":"https:\/\/www.purejewels.com\/#\/schema\/logo\/image\/"}}]}},"_links":{"self":[{"href":"https:\/\/www.purejewels.com\/tr\/wp-json\/wp\/v2\/product\/304923","targetHints":{"allow":["GET"]}}],"collection":[{"href":"https:\/\/www.purejewels.com\/tr\/wp-json\/wp\/v2\/product"}],"about":[{"href":"https:\/\/www.purejewels.com\/tr\/wp-json\/wp\/v2\/types\/product"}],"replies":[{"embeddable":true,"href":"https:\/\/www.purejewels.com\/tr\/wp-json\/wp\/v2\/comments?post=304923"}],"version-history":[{"count":1,"href":"https:\/\/www.purejewels.com\/tr\/wp-json\/wp\/v2\/product\/304923\/revisions"}],"predecessor-version":[{"id":420295,"href":"https:\/\/www.purejewels.com\/tr\/wp-json\/wp\/v2\/product\/304923\/revisions\/420295"}],"wp:featuredmedia":[{"embeddable":true,"href":"https:\/\/www.purejewels.com\/tr\/wp-json\/wp\/v2\/media\/311677"}],"wp:attachment":[{"href":"https:\/\/www.purejewels.com\/tr\/wp-json\/wp\/v2\/media?parent=304923"}],"wp:term":[{"taxonomy":"product_brand","embeddable":true,"href":"https:\/\/www.purejewels.com\/tr\/wp-json\/wp\/v2\/product_brand?post=304923"},{"taxonomy":"product_cat","embeddable":true,"href":"https:\/\/www.purejewels.com\/tr\/wp-json\/wp\/v2\/product_cat?post=304923"},{"taxonomy":"product_tag","embeddable":true,"href":"https:\/\/www.purejewels.com\/tr\/wp-json\/wp\/v2\/product_tag?post=304923"}],"curies":[{"name":"wp","href":"https:\/\/api.w.org\/{rel}","templated":true}]}}