{"id":305262,"date":"2018-11-12T11:03:22","date_gmt":"2018-11-12T11:03:22","guid":{"rendered":"https:\/\/www.purejewels.com\/?post_type=product&#038;p=305262"},"modified":"2026-03-23T07:49:10","modified_gmt":"2026-03-23T07:49:10","slug":"24-ktde-1-oz-britanya-altini","status":"publish","type":"product","link":"https:\/\/www.purejewels.com\/tr\/product\/gold-1-oz-britannia-in-24-ct\/","title":{"rendered":"24 kt Alt\u0131n 1 ons Britannia"},"content":{"rendered":"<p><span data-sheets-root=\"1\">\u0130konik Britannia 1oz'a yat\u0131r\u0131m yap\u0131n <a href=\"https:\/\/www.purejewels.com\/tr\/urun-kategori%cc%87si%cc%87\/cubuk-paralar\/\" target=\"_blank\" rel=\"noopener\">Alt\u0131n Sikke<\/a>, hem tarihsel \u00f6neme hem de yat\u0131r\u0131m de\u011ferine sahip zamans\u0131z bir par\u00e7a. \u0130lk kez 1987 y\u0131l\u0131nda tan\u0131t\u0131lan Britannia sikkesi, g\u00fc\u00e7 ve dayan\u0131kl\u0131l\u0131\u011f\u0131n sembol\u00fc olan Britannia'n\u0131n \u00e7arp\u0131c\u0131 bir tasar\u0131m\u0131na sahiptir. Bu 1 onsluk alt\u0131n sikke 24 ayar alt\u0131n olarak bas\u0131lm\u0131\u015ft\u0131r ve her t\u00fcrl\u00fc yat\u0131r\u0131m portf\u00f6y\u00fcne de\u011ferli bir katk\u0131 sa\u011flar.<\/span><\/p>\n<p>Mevcut mevzuat kapsam\u0131nda KDV ve sermaye kazanc\u0131 vergisinden muaf bir \u00fcr\u00fcn olan Britannia 1oz Alt\u0131n Sikke, getirilerini en \u00fcst d\u00fczeye \u00e7\u0131karmak isteyen yat\u0131r\u0131mc\u0131lar i\u00e7in ak\u0131ll\u0131ca bir se\u00e7imdir. \u0130nce a\u011f\u0131rl\u0131\u011f\u0131 31,104 gram ve br\u00fct a\u011f\u0131rl\u0131\u011f\u0131 31,11 gram olan bu sikke 999,9 alt\u0131ndan \u00fcretilerek safl\u0131\u011f\u0131n\u0131 ve kalitesini garanti eder.<\/p>\n<p>\u015eimdi sipari\u015f verin ve Britannia 1oz Alt\u0131n Sikkenizi sadece 5-6 hafta i\u00e7inde teslim al\u0131n. \u00dccretsiz takipli teslimat\u0131n, g\u00fcvenli \u00e7evrimi\u00e7i \u00f6demelerin ve sat\u0131n alma i\u015fleminizle birlikte 30 g\u00fcnl\u00fck para iade garantisinin keyfini \u00e7\u0131kar\u0131n. G\u00fcnl\u00fck fiyat ve stok durumu i\u00e7in bizimle ileti\u015fime ge\u00e7in ve Britanya tarihinin bu zamans\u0131z par\u00e7as\u0131na bug\u00fcn yat\u0131r\u0131m yap\u0131n.<\/p>","protected":false},"excerpt":{"rendered":"<p>\"Britannia sikkeleri, b\u00fcy\u00fcyen k\u00fcresel K\u00fcl\u00e7e piyasas\u0131na yan\u0131t olarak 1987 y\u0131l\u0131nda The Royal Mint'in K\u00fcl\u00e7e portf\u00f6y\u00fcne eklenmi\u015ftir. G\u00fc\u00e7l\u00fc bir denizcilik etkisine sahip olan ikonik tasar\u0131m, klasik bir elbise i\u00e7inde r\u00fczg\u00e2rl\u0131 bir \u015fekilde ayakta durmakta, ayaklar\u0131n\u0131n dibinde dalgalar; elinde \u00fc\u00e7 \u00e7atall\u0131 m\u0131zrak, kalkan ve zeytin dal\u0131 an\u0131nda tan\u0131nabilir. Bu \u00fcr\u00fcn mevcut mevzuat uyar\u0131nca KDV'siz ve sermaye kazanc\u0131 vergisinden muaft\u0131r ve 999.9 alt\u0131ndan \u00fcretilmi\u015ftir.<\/p>\n<h3>\u015eartname<\/h3>\n<ul>\n<li>\u00dclke:\u00a0<strong>Birle\u015fik Krall\u0131k<\/strong><\/li>\n<li>\u0130nce A\u011f\u0131rl\u0131k (gram):\u00a0<strong>31.104<\/strong><\/li>\n<li>\u0130nce A\u011f\u0131rl\u0131k (troy oz):\u00a0<strong>1<\/strong><\/li>\n<li>Br\u00fct A\u011f\u0131rl\u0131k (gram):\u00a0<strong>31.11<\/strong><\/li>\n<li>Br\u00fct A\u011f\u0131rl\u0131k (troy oz):\u00a0<strong>1<\/strong><\/li>\n<li>Teslimat \u00fc\u00e7 g\u00fcne kadar s\u00fcrecektir<\/li>\n<\/ul>\n<p><b>*G\u00fcnl\u00fck Fiyat ve M\u00fcsaitlik i\u00e7in L\u00fctfen Bize Ula\u015f\u0131n*<\/b><\/p>","protected":false},"featured_media":305267,"comment_status":"closed","ping_status":"closed","template":"","meta":{"_eb_attr":"","_crsspst_to_jayantr4sg-hostcom":false},"product_brand":[],"product_cat":[1473,1795],"product_tag":[1836,3993],"class_list":{"0":"post-305262","1":"product","2":"type-product","3":"status-publish","4":"has-post-thumbnail","6":"product_cat-bars-coins","7":"product_cat-gold-coins","8":"product_tag-24ct-gold","9":"product_tag-gold-bar-and-coin","11":"first","12":"onbackorder","13":"product-type-simple","14":"add-to-wishlist-before_image"},"yoast_head":"<!-- This site is optimized with the Yoast SEO plugin v27.4 - https:\/\/yoast.com\/product\/yoast-seo-wordpress\/ -->\n<title>Britannia 1oz Gold Coin at Best Price in Green Street London<\/title>\n<meta name=\"description\" content=\"Buy 1oz Britannia Coins in 24ct Gold. Britannia Coins are one of the cheapest VAT free gold investments. Free Fully Insured UK Delivery\" \/>\n<meta name=\"robots\" content=\"index, follow, max-snippet:-1, max-image-preview:large, max-video-preview:-1\" \/>\n<link rel=\"canonical\" href=\"https:\/\/www.purejewels.com\/tr\/urun\/24-ktde-1-oz-britanya-altini\/\" \/>\n<meta property=\"og:locale\" content=\"tr_TR\" \/>\n<meta property=\"og:type\" content=\"article\" \/>\n<meta property=\"og:title\" content=\"Britannia 1oz Gold Coin at Best Price in Green Street London\" \/>\n<meta property=\"og:description\" content=\"Buy 1oz Britannia Coins in 24ct Gold. Britannia Coins are one of the cheapest VAT free gold investments. Free Fully Insured UK Delivery\" \/>\n<meta property=\"og:url\" content=\"https:\/\/www.purejewels.com\/tr\/urun\/24-ktde-1-oz-britanya-altini\/\" \/>\n<meta property=\"og:site_name\" content=\"PureJewels UK\" \/>\n<meta property=\"article:modified_time\" content=\"2026-03-23T07:49:10+00:00\" \/>\n<meta property=\"og:image\" content=\"https:\/\/static.purejewels.com\/wp-content\/uploads\/2018\/11\/01Coin.png\" \/>\n\t<meta property=\"og:image:width\" content=\"1000\" \/>\n\t<meta property=\"og:image:height\" content=\"1000\" \/>\n\t<meta property=\"og:image:type\" content=\"image\/png\" \/>\n<meta name=\"twitter:card\" content=\"summary_large_image\" \/>\n<meta name=\"twitter:label1\" content=\"Tahmini okuma s\u00fcresi\" \/>\n\t<meta name=\"twitter:data1\" content=\"1 dakika\" \/>\n<script type=\"application\/ld+json\" class=\"yoast-schema-graph\">{\"@context\":\"https:\\\/\\\/schema.org\",\"@graph\":[{\"@type\":[\"WebPage\",\"ItemPage\"],\"@id\":\"https:\\\/\\\/www.purejewels.com\\\/product\\\/gold-1-oz-britannia-in-24-ct\\\/\",\"url\":\"https:\\\/\\\/www.purejewels.com\\\/product\\\/gold-1-oz-britannia-in-24-ct\\\/\",\"name\":\"Britannia 1oz Gold Coin at Best Price in Green Street London\",\"isPartOf\":{\"@id\":\"https:\\\/\\\/www.purejewels.com\\\/#website\"},\"primaryImageOfPage\":{\"@id\":\"https:\\\/\\\/www.purejewels.com\\\/product\\\/gold-1-oz-britannia-in-24-ct\\\/#primaryimage\"},\"image\":{\"@id\":\"https:\\\/\\\/www.purejewels.com\\\/product\\\/gold-1-oz-britannia-in-24-ct\\\/#primaryimage\"},\"thumbnailUrl\":\"https:\\\/\\\/static.purejewels.com\\\/wp-content\\\/uploads\\\/2018\\\/11\\\/01Coin.png\",\"datePublished\":\"2018-11-12T11:03:22+00:00\",\"dateModified\":\"2026-03-23T07:49:10+00:00\",\"description\":\"Buy 1oz Britannia Coins in 24ct Gold. Britannia Coins are one of the cheapest VAT free gold investments. Free Fully Insured UK Delivery\",\"breadcrumb\":{\"@id\":\"https:\\\/\\\/www.purejewels.com\\\/product\\\/gold-1-oz-britannia-in-24-ct\\\/#breadcrumb\"},\"inLanguage\":\"tr\",\"potentialAction\":[{\"@type\":\"ReadAction\",\"target\":[\"https:\\\/\\\/www.purejewels.com\\\/product\\\/gold-1-oz-britannia-in-24-ct\\\/\"]}]},{\"@type\":\"ImageObject\",\"inLanguage\":\"tr\",\"@id\":\"https:\\\/\\\/www.purejewels.com\\\/product\\\/gold-1-oz-britannia-in-24-ct\\\/#primaryimage\",\"url\":\"https:\\\/\\\/static.purejewels.com\\\/wp-content\\\/uploads\\\/2018\\\/11\\\/01Coin.png\",\"contentUrl\":\"https:\\\/\\\/static.purejewels.com\\\/wp-content\\\/uploads\\\/2018\\\/11\\\/01Coin.png\",\"width\":1000,\"height\":1000,\"caption\":\"01Coin\"},{\"@type\":\"BreadcrumbList\",\"@id\":\"https:\\\/\\\/www.purejewels.com\\\/product\\\/gold-1-oz-britannia-in-24-ct\\\/#breadcrumb\",\"itemListElement\":[{\"@type\":\"ListItem\",\"position\":1,\"name\":\"Home\",\"item\":\"https:\\\/\\\/www.purejewels.com\\\/\"},{\"@type\":\"ListItem\",\"position\":2,\"name\":\"Shop\",\"item\":\"https:\\\/\\\/www.purejewels.com\\\/shop\\\/\"},{\"@type\":\"ListItem\",\"position\":3,\"name\":\"Gold 1 oz Britannia in 24 ct\"}]},{\"@type\":\"WebSite\",\"@id\":\"https:\\\/\\\/www.purejewels.com\\\/#website\",\"url\":\"https:\\\/\\\/www.purejewels.com\\\/\",\"name\":\"PureJewels UK\",\"description\":\"Share the Love\",\"publisher\":{\"@id\":\"https:\\\/\\\/www.purejewels.com\\\/#organization\"},\"potentialAction\":[{\"@type\":\"SearchAction\",\"target\":{\"@type\":\"EntryPoint\",\"urlTemplate\":\"https:\\\/\\\/www.purejewels.com\\\/?s={search_term_string}\"},\"query-input\":{\"@type\":\"PropertyValueSpecification\",\"valueRequired\":true,\"valueName\":\"search_term_string\"}}],\"inLanguage\":\"tr\"},{\"@type\":\"Organization\",\"@id\":\"https:\\\/\\\/www.purejewels.com\\\/#organization\",\"name\":\"PureJewels UK\",\"url\":\"https:\\\/\\\/www.purejewels.com\\\/\",\"logo\":{\"@type\":\"ImageObject\",\"inLanguage\":\"tr\",\"@id\":\"https:\\\/\\\/www.purejewels.com\\\/#\\\/schema\\\/logo\\\/image\\\/\",\"url\":\"https:\\\/\\\/static.purejewels.com\\\/wp-content\\\/uploads\\\/2020\\\/11\\\/Logo-PJ-New-1.png\",\"contentUrl\":\"https:\\\/\\\/static.purejewels.com\\\/wp-content\\\/uploads\\\/2020\\\/11\\\/Logo-PJ-New-1.png\",\"width\":150,\"height\":80,\"caption\":\"PureJewels UK\"},\"image\":{\"@id\":\"https:\\\/\\\/www.purejewels.com\\\/#\\\/schema\\\/logo\\\/image\\\/\"}}]}<\/script>\n<!-- \/ Yoast SEO plugin. -->","yoast_head_json":{"title":"Green Street Londra'da En \u0130yi Fiyata Britannia 1oz Alt\u0131n Sikke","description":"24 Ayar Alt\u0131n 1oz Britanya Sikkeleri sat\u0131n al\u0131n. Britannia Coins, KDV'siz en ucuz alt\u0131n yat\u0131r\u0131mlar\u0131ndan biridir. \u00dccretsiz Tam Sigortal\u0131 \u0130ngiltere Teslimat\u0131","robots":{"index":"index","follow":"follow","max-snippet":"max-snippet:-1","max-image-preview":"max-image-preview:large","max-video-preview":"max-video-preview:-1"},"canonical":"https:\/\/www.purejewels.com\/tr\/urun\/24-ktde-1-oz-britanya-altini\/","og_locale":"tr_TR","og_type":"article","og_title":"Britannia 1oz Gold Coin at Best Price in Green Street London","og_description":"Buy 1oz Britannia Coins in 24ct Gold. Britannia Coins are one of the cheapest VAT free gold investments. Free Fully Insured UK Delivery","og_url":"https:\/\/www.purejewels.com\/tr\/urun\/24-ktde-1-oz-britanya-altini\/","og_site_name":"PureJewels UK","article_modified_time":"2026-03-23T07:49:10+00:00","og_image":[{"width":1000,"height":1000,"url":"https:\/\/static.purejewels.com\/wp-content\/uploads\/2018\/11\/01Coin.png","type":"image\/png"}],"twitter_card":"summary_large_image","twitter_misc":{"Tahmini okuma s\u00fcresi":"1 dakika"},"schema":{"@context":"https:\/\/schema.org","@graph":[{"@type":["WebPage","ItemPage"],"@id":"https:\/\/www.purejewels.com\/product\/gold-1-oz-britannia-in-24-ct\/","url":"https:\/\/www.purejewels.com\/product\/gold-1-oz-britannia-in-24-ct\/","name":"Green Street Londra'da En \u0130yi Fiyata Britannia 1oz Alt\u0131n Sikke","isPartOf":{"@id":"https:\/\/www.purejewels.com\/#website"},"primaryImageOfPage":{"@id":"https:\/\/www.purejewels.com\/product\/gold-1-oz-britannia-in-24-ct\/#primaryimage"},"image":{"@id":"https:\/\/www.purejewels.com\/product\/gold-1-oz-britannia-in-24-ct\/#primaryimage"},"thumbnailUrl":"https:\/\/static.purejewels.com\/wp-content\/uploads\/2018\/11\/01Coin.png","datePublished":"2018-11-12T11:03:22+00:00","dateModified":"2026-03-23T07:49:10+00:00","description":"24 Ayar Alt\u0131n 1oz Britanya Sikkeleri sat\u0131n al\u0131n. Britannia Coins, KDV'siz en ucuz alt\u0131n yat\u0131r\u0131mlar\u0131ndan biridir. \u00dccretsiz Tam Sigortal\u0131 \u0130ngiltere Teslimat\u0131","breadcrumb":{"@id":"https:\/\/www.purejewels.com\/product\/gold-1-oz-britannia-in-24-ct\/#breadcrumb"},"inLanguage":"tr","potentialAction":[{"@type":"ReadAction","target":["https:\/\/www.purejewels.com\/product\/gold-1-oz-britannia-in-24-ct\/"]}]},{"@type":"ImageObject","inLanguage":"tr","@id":"https:\/\/www.purejewels.com\/product\/gold-1-oz-britannia-in-24-ct\/#primaryimage","url":"https:\/\/static.purejewels.com\/wp-content\/uploads\/2018\/11\/01Coin.png","contentUrl":"https:\/\/static.purejewels.com\/wp-content\/uploads\/2018\/11\/01Coin.png","width":1000,"height":1000,"caption":"01Coin"},{"@type":"BreadcrumbList","@id":"https:\/\/www.purejewels.com\/product\/gold-1-oz-britannia-in-24-ct\/#breadcrumb","itemListElement":[{"@type":"ListItem","position":1,"name":"Home","item":"https:\/\/www.purejewels.com\/"},{"@type":"ListItem","position":2,"name":"Shop","item":"https:\/\/www.purejewels.com\/shop\/"},{"@type":"ListItem","position":3,"name":"Gold 1 oz Britannia in 24 ct"}]},{"@type":"WebSite","@id":"https:\/\/www.purejewels.com\/#website","url":"https:\/\/www.purejewels.com\/","name":"PureJewels \u0130ngiltere","description":"Sevgiyi Payla\u015f\u0131n","publisher":{"@id":"https:\/\/www.purejewels.com\/#organization"},"potentialAction":[{"@type":"SearchAction","target":{"@type":"EntryPoint","urlTemplate":"https:\/\/www.purejewels.com\/?s={search_term_string}"},"query-input":{"@type":"PropertyValueSpecification","valueRequired":true,"valueName":"search_term_string"}}],"inLanguage":"tr"},{"@type":"Organization","@id":"https:\/\/www.purejewels.com\/#organization","name":"PureJewels \u0130ngiltere","url":"https:\/\/www.purejewels.com\/","logo":{"@type":"ImageObject","inLanguage":"tr","@id":"https:\/\/www.purejewels.com\/#\/schema\/logo\/image\/","url":"https:\/\/static.purejewels.com\/wp-content\/uploads\/2020\/11\/Logo-PJ-New-1.png","contentUrl":"https:\/\/static.purejewels.com\/wp-content\/uploads\/2020\/11\/Logo-PJ-New-1.png","width":150,"height":80,"caption":"PureJewels UK"},"image":{"@id":"https:\/\/www.purejewels.com\/#\/schema\/logo\/image\/"}}]}},"_links":{"self":[{"href":"https:\/\/www.purejewels.com\/tr\/wp-json\/wp\/v2\/product\/305262","targetHints":{"allow":["GET"]}}],"collection":[{"href":"https:\/\/www.purejewels.com\/tr\/wp-json\/wp\/v2\/product"}],"about":[{"href":"https:\/\/www.purejewels.com\/tr\/wp-json\/wp\/v2\/types\/product"}],"replies":[{"embeddable":true,"href":"https:\/\/www.purejewels.com\/tr\/wp-json\/wp\/v2\/comments?post=305262"}],"version-history":[{"count":4,"href":"https:\/\/www.purejewels.com\/tr\/wp-json\/wp\/v2\/product\/305262\/revisions"}],"predecessor-version":[{"id":427473,"href":"https:\/\/www.purejewels.com\/tr\/wp-json\/wp\/v2\/product\/305262\/revisions\/427473"}],"wp:featuredmedia":[{"embeddable":true,"href":"https:\/\/www.purejewels.com\/tr\/wp-json\/wp\/v2\/media\/305267"}],"wp:attachment":[{"href":"https:\/\/www.purejewels.com\/tr\/wp-json\/wp\/v2\/media?parent=305262"}],"wp:term":[{"taxonomy":"product_brand","embeddable":true,"href":"https:\/\/www.purejewels.com\/tr\/wp-json\/wp\/v2\/product_brand?post=305262"},{"taxonomy":"product_cat","embeddable":true,"href":"https:\/\/www.purejewels.com\/tr\/wp-json\/wp\/v2\/product_cat?post=305262"},{"taxonomy":"product_tag","embeddable":true,"href":"https:\/\/www.purejewels.com\/tr\/wp-json\/wp\/v2\/product_tag?post=305262"}],"curies":[{"name":"wp","href":"https:\/\/api.w.org\/{rel}","templated":true}]}}