{"id":305724,"date":"2018-11-19T05:24:28","date_gmt":"2018-11-19T05:24:28","guid":{"rendered":"https:\/\/www.purejewels.com\/?post_type=product&#038;p=305724"},"modified":"2026-01-19T09:05:27","modified_gmt":"2026-01-19T09:05:27","slug":"22-ayar-altin-bant-yuzuk-28","status":"publish","type":"product","link":"https:\/\/www.purejewels.com\/tr\/product\/22ct-gold-band-ring-28\/","title":{"rendered":"Rodyum Aksan Detayl\u0131 22 Ayar Alt\u0131n Bant Y\u00fcz\u00fck"},"content":{"rendered":"<p>Tasar\u0131m<\/p>\n<p>Bu bant y\u00fcz\u00fck, cesur, yap\u0131land\u0131r\u0131lm\u0131\u015f profili ve rodyum aksanl\u0131 dairesel detaylardan olu\u015fan merkezi kanal\u0131yla tan\u0131mlan\u0131r. S\u0131cak alt\u0131n ve so\u011fuk tonlu vurgular aras\u0131ndaki kontrast temiz, mimari bir g\u00f6r\u00fcn\u00fcm yarat\u0131rken, cilal\u0131 y\u00fczeyler netlik ve duru\u015f kazand\u0131r\u0131r. \u00c7a\u011fda\u015f ama zamans\u0131z tasar\u0131m, g\u00fcc\u00fc ince detaylarla dengeliyor.<\/p>\n<p>Zanaatkarl\u0131k<\/p>\n<p>Parlak 22 ayar alt\u0131ndan \u00fcretilen y\u00fcz\u00fck, rahat g\u00fcnl\u00fck kullan\u0131m i\u00e7in keskin kenarlar ve p\u00fcr\u00fczs\u00fcz bir i\u00e7 profil elde etmek \u00fczere \u00f6zenle tamamlanm\u0131\u015ft\u0131r. Rodyum aksanl\u0131 unsurlar, dayan\u0131kl\u0131l\u0131k ve g\u00f6rsel tutarl\u0131l\u0131k sa\u011flamak i\u00e7in hassas bir \u015fekilde uygulanm\u0131\u015ft\u0131r. Her par\u00e7a, PureJewels'in kalite, \u00f6zg\u00fcnl\u00fck ve ince i\u015f\u00e7ili\u011fe olan ba\u011fl\u0131l\u0131\u011f\u0131n\u0131 yans\u0131tan safl\u0131k sertifikas\u0131 i\u00e7in \u0130ngiltere'de damgalanm\u0131\u015ft\u0131r.<\/p>\n<p>\u015eekillendirme &amp; Hediyele\u015fme<\/p>\n<p>Zahmetsiz g\u00fcnl\u00fck kullan\u0131m i\u00e7in tasarlanan bu y\u00fcz\u00fck, tek ba\u015f\u0131na tak\u0131ld\u0131\u011f\u0131nda veya tamamlay\u0131c\u0131 alt\u0131n bantlarla e\u015fle\u015ftirildi\u011finde e\u015fit derecede iyi \u00e7al\u0131\u015f\u0131r. Sade ve kendinden emin tasar\u0131m\u0131 sayesinde hem erkekler hem de kad\u0131nlar i\u00e7in uygun olan bu y\u00fcz\u00fck, do\u011fum g\u00fcnleri, y\u0131l d\u00f6n\u00fcmleri veya ki\u015fisel hediyeler i\u00e7in ideal bir se\u00e7imdir. Sessiz bir g\u00fc\u00e7 ve modern bir \u00e7ekicilik ta\u015f\u0131yan \u00e7ok y\u00f6nl\u00fc bir par\u00e7a.<\/p>","protected":false},"excerpt":{"rendered":"<ul>\n<li>22 Ayar Alt\u0131n Bant Y\u00fcz\u00fck<\/li>\n<li>Rodyum Cila ile<\/li>\n<li>Y\u00fcz\u00fck a\u011f\u0131rl\u0131\u011f\u0131 6,7 g<\/li>\n<li>SKU. 28231<\/li>\n<li>Parmak \u00f6l\u00e7\u00fcn\u00fcze g\u00f6re sipari\u015f edilebilir<\/li>\n<li>T\u00fcm \u00fcr\u00fcnlerimiz London Assay Office taraf\u0131ndan damgalanm\u0131\u015ft\u0131r<\/li>\n<li>Sunum Kutusu ile Birlikte Gelir<\/li>\n<li>Teslimat Dahil<\/li>\n<li>T\u00fcm fiyatlara KDV dahildir<\/li>\n<li>22ct Alt\u0131n alyans koleksiyonumuzu ke\u015ffetmek i\u00e7in bize ula\u015f\u0131n \/ bizimle sohbet edin<\/li>\n<\/ul>","protected":false},"featured_media":315826,"comment_status":"closed","ping_status":"closed","template":"","meta":{"_eb_attr":"","_crsspst_to_jayantr4sg-hostcom":true},"product_brand":[],"product_cat":[1229,229],"product_tag":[],"class_list":{"0":"post-305724","1":"product","2":"type-product","3":"status-publish","4":"has-post-thumbnail","6":"product_cat-22ct-gold-jewellery","7":"product_cat-wedding-bands","9":"first","10":"outofstock","11":"featured","12":"taxable","13":"shipping-taxable","14":"product-type-simple","15":"add-to-wishlist-before_image"},"yoast_head":"<!-- This site is optimized with the Yoast SEO plugin v27.3 - https:\/\/yoast.com\/product\/yoast-seo-wordpress\/ -->\n<title>22ct Gold Band Ring with Rhodium Detailing | Gold Ring in UK<\/title>\n<meta name=\"description\" content=\"Discover this refined 22ct gold band ring featuring a central row of rhodium-accented detailing. A contemporary gold ring designed for everyday wear and meaningful gifting.\" \/>\n<meta name=\"robots\" content=\"index, follow, max-snippet:-1, max-image-preview:large, max-video-preview:-1\" \/>\n<link rel=\"canonical\" href=\"https:\/\/www.purejewels.com\/tr\/urun\/22-ayar-altin-bant-yuzuk-28\/\" \/>\n<meta property=\"og:locale\" content=\"tr_TR\" \/>\n<meta property=\"og:type\" content=\"article\" \/>\n<meta property=\"og:title\" content=\"22ct Gold Band Ring with Rhodium Detailing | Gold Ring in UK\" \/>\n<meta property=\"og:description\" content=\"Discover this refined 22ct gold band ring featuring a central row of rhodium-accented detailing. A contemporary gold ring designed for everyday wear and meaningful gifting.\" \/>\n<meta property=\"og:url\" content=\"https:\/\/www.purejewels.com\/tr\/urun\/22-ayar-altin-bant-yuzuk-28\/\" \/>\n<meta property=\"og:site_name\" content=\"PureJewels UK\" \/>\n<meta property=\"article:modified_time\" content=\"2026-01-19T09:05:27+00:00\" \/>\n<meta property=\"og:image\" content=\"https:\/\/static.purejewels.com\/wp-content\/uploads\/2020\/07\/175589518-1.jpg\" \/>\n\t<meta property=\"og:image:width\" content=\"1000\" \/>\n\t<meta property=\"og:image:height\" content=\"1000\" \/>\n\t<meta property=\"og:image:type\" content=\"image\/jpeg\" \/>\n<meta name=\"twitter:card\" content=\"summary_large_image\" \/>\n<meta name=\"twitter:label1\" content=\"Tahmini okuma s\u00fcresi\" \/>\n\t<meta name=\"twitter:data1\" content=\"1 dakika\" \/>\n<script type=\"application\/ld+json\" class=\"yoast-schema-graph\">{\"@context\":\"https:\\\/\\\/schema.org\",\"@graph\":[{\"@type\":[\"WebPage\",\"ItemPage\"],\"@id\":\"https:\\\/\\\/www.purejewels.com\\\/product\\\/22ct-gold-band-ring-28\\\/\",\"url\":\"https:\\\/\\\/www.purejewels.com\\\/product\\\/22ct-gold-band-ring-28\\\/\",\"name\":\"22ct Gold Band Ring with Rhodium Detailing | Gold Ring in UK\",\"isPartOf\":{\"@id\":\"https:\\\/\\\/www.purejewels.com\\\/#website\"},\"primaryImageOfPage\":{\"@id\":\"https:\\\/\\\/www.purejewels.com\\\/product\\\/22ct-gold-band-ring-28\\\/#primaryimage\"},\"image\":{\"@id\":\"https:\\\/\\\/www.purejewels.com\\\/product\\\/22ct-gold-band-ring-28\\\/#primaryimage\"},\"thumbnailUrl\":\"https:\\\/\\\/static.purejewels.com\\\/wp-content\\\/uploads\\\/2020\\\/07\\\/175589518-1.jpg\",\"datePublished\":\"2018-11-19T05:24:28+00:00\",\"dateModified\":\"2026-01-19T09:05:27+00:00\",\"description\":\"Discover this refined 22ct gold band ring featuring a central row of rhodium-accented detailing. A contemporary gold ring designed for everyday wear and meaningful gifting.\",\"breadcrumb\":{\"@id\":\"https:\\\/\\\/www.purejewels.com\\\/product\\\/22ct-gold-band-ring-28\\\/#breadcrumb\"},\"inLanguage\":\"tr\",\"potentialAction\":[{\"@type\":\"ReadAction\",\"target\":[\"https:\\\/\\\/www.purejewels.com\\\/product\\\/22ct-gold-band-ring-28\\\/\"]}]},{\"@type\":\"ImageObject\",\"inLanguage\":\"tr\",\"@id\":\"https:\\\/\\\/www.purejewels.com\\\/product\\\/22ct-gold-band-ring-28\\\/#primaryimage\",\"url\":\"https:\\\/\\\/static.purejewels.com\\\/wp-content\\\/uploads\\\/2020\\\/07\\\/175589518-1.jpg\",\"contentUrl\":\"https:\\\/\\\/static.purejewels.com\\\/wp-content\\\/uploads\\\/2020\\\/07\\\/175589518-1.jpg\",\"width\":1000,\"height\":1000},{\"@type\":\"BreadcrumbList\",\"@id\":\"https:\\\/\\\/www.purejewels.com\\\/product\\\/22ct-gold-band-ring-28\\\/#breadcrumb\",\"itemListElement\":[{\"@type\":\"ListItem\",\"position\":1,\"name\":\"Home\",\"item\":\"https:\\\/\\\/www.purejewels.com\\\/\"},{\"@type\":\"ListItem\",\"position\":2,\"name\":\"Shop\",\"item\":\"https:\\\/\\\/www.purejewels.com\\\/shop\\\/\"},{\"@type\":\"ListItem\",\"position\":3,\"name\":\"22ct Gold Band Ring with Rhodium Accent Detailing\"}]},{\"@type\":\"WebSite\",\"@id\":\"https:\\\/\\\/www.purejewels.com\\\/#website\",\"url\":\"https:\\\/\\\/www.purejewels.com\\\/\",\"name\":\"PureJewels UK\",\"description\":\"Share the Love\",\"publisher\":{\"@id\":\"https:\\\/\\\/www.purejewels.com\\\/#organization\"},\"potentialAction\":[{\"@type\":\"SearchAction\",\"target\":{\"@type\":\"EntryPoint\",\"urlTemplate\":\"https:\\\/\\\/www.purejewels.com\\\/?s={search_term_string}\"},\"query-input\":{\"@type\":\"PropertyValueSpecification\",\"valueRequired\":true,\"valueName\":\"search_term_string\"}}],\"inLanguage\":\"tr\"},{\"@type\":\"Organization\",\"@id\":\"https:\\\/\\\/www.purejewels.com\\\/#organization\",\"name\":\"PureJewels UK\",\"url\":\"https:\\\/\\\/www.purejewels.com\\\/\",\"logo\":{\"@type\":\"ImageObject\",\"inLanguage\":\"tr\",\"@id\":\"https:\\\/\\\/www.purejewels.com\\\/#\\\/schema\\\/logo\\\/image\\\/\",\"url\":\"https:\\\/\\\/static.purejewels.com\\\/wp-content\\\/uploads\\\/2020\\\/11\\\/Logo-PJ-New-1.png\",\"contentUrl\":\"https:\\\/\\\/static.purejewels.com\\\/wp-content\\\/uploads\\\/2020\\\/11\\\/Logo-PJ-New-1.png\",\"width\":150,\"height\":80,\"caption\":\"PureJewels UK\"},\"image\":{\"@id\":\"https:\\\/\\\/www.purejewels.com\\\/#\\\/schema\\\/logo\\\/image\\\/\"}}]}<\/script>\n<!-- \/ Yoast SEO plugin. -->","yoast_head_json":{"title":"Rodyum Detayl\u0131 22 Ayar Alt\u0131n Bant Y\u00fcz\u00fck | \u0130ngiltere'de Alt\u0131n Y\u00fcz\u00fck","description":"Merkezi bir s\u0131ra rodyum aksanl\u0131 detaylara sahip bu zarif 22 ayar alt\u0131n bant y\u00fcz\u00fc\u011f\u00fc ke\u015ffedin. G\u00fcnl\u00fck kullan\u0131m ve anlaml\u0131 hediyeler i\u00e7in tasarlanm\u0131\u015f \u00e7a\u011fda\u015f bir alt\u0131n y\u00fcz\u00fck.","robots":{"index":"index","follow":"follow","max-snippet":"max-snippet:-1","max-image-preview":"max-image-preview:large","max-video-preview":"max-video-preview:-1"},"canonical":"https:\/\/www.purejewels.com\/tr\/urun\/22-ayar-altin-bant-yuzuk-28\/","og_locale":"tr_TR","og_type":"article","og_title":"22ct Gold Band Ring with Rhodium Detailing | Gold Ring in UK","og_description":"Discover this refined 22ct gold band ring featuring a central row of rhodium-accented detailing. A contemporary gold ring designed for everyday wear and meaningful gifting.","og_url":"https:\/\/www.purejewels.com\/tr\/urun\/22-ayar-altin-bant-yuzuk-28\/","og_site_name":"PureJewels UK","article_modified_time":"2026-01-19T09:05:27+00:00","og_image":[{"width":1000,"height":1000,"url":"https:\/\/static.purejewels.com\/wp-content\/uploads\/2020\/07\/175589518-1.jpg","type":"image\/jpeg"}],"twitter_card":"summary_large_image","twitter_misc":{"Tahmini okuma s\u00fcresi":"1 dakika"},"schema":{"@context":"https:\/\/schema.org","@graph":[{"@type":["WebPage","ItemPage"],"@id":"https:\/\/www.purejewels.com\/product\/22ct-gold-band-ring-28\/","url":"https:\/\/www.purejewels.com\/product\/22ct-gold-band-ring-28\/","name":"Rodyum Detayl\u0131 22 Ayar Alt\u0131n Bant Y\u00fcz\u00fck | \u0130ngiltere'de Alt\u0131n Y\u00fcz\u00fck","isPartOf":{"@id":"https:\/\/www.purejewels.com\/#website"},"primaryImageOfPage":{"@id":"https:\/\/www.purejewels.com\/product\/22ct-gold-band-ring-28\/#primaryimage"},"image":{"@id":"https:\/\/www.purejewels.com\/product\/22ct-gold-band-ring-28\/#primaryimage"},"thumbnailUrl":"https:\/\/static.purejewels.com\/wp-content\/uploads\/2020\/07\/175589518-1.jpg","datePublished":"2018-11-19T05:24:28+00:00","dateModified":"2026-01-19T09:05:27+00:00","description":"Merkezi bir s\u0131ra rodyum aksanl\u0131 detaylara sahip bu zarif 22 ayar alt\u0131n bant y\u00fcz\u00fc\u011f\u00fc ke\u015ffedin. G\u00fcnl\u00fck kullan\u0131m ve anlaml\u0131 hediyeler i\u00e7in tasarlanm\u0131\u015f \u00e7a\u011fda\u015f bir alt\u0131n y\u00fcz\u00fck.","breadcrumb":{"@id":"https:\/\/www.purejewels.com\/product\/22ct-gold-band-ring-28\/#breadcrumb"},"inLanguage":"tr","potentialAction":[{"@type":"ReadAction","target":["https:\/\/www.purejewels.com\/product\/22ct-gold-band-ring-28\/"]}]},{"@type":"ImageObject","inLanguage":"tr","@id":"https:\/\/www.purejewels.com\/product\/22ct-gold-band-ring-28\/#primaryimage","url":"https:\/\/static.purejewels.com\/wp-content\/uploads\/2020\/07\/175589518-1.jpg","contentUrl":"https:\/\/static.purejewels.com\/wp-content\/uploads\/2020\/07\/175589518-1.jpg","width":1000,"height":1000},{"@type":"BreadcrumbList","@id":"https:\/\/www.purejewels.com\/product\/22ct-gold-band-ring-28\/#breadcrumb","itemListElement":[{"@type":"ListItem","position":1,"name":"Home","item":"https:\/\/www.purejewels.com\/"},{"@type":"ListItem","position":2,"name":"Shop","item":"https:\/\/www.purejewels.com\/shop\/"},{"@type":"ListItem","position":3,"name":"22ct Gold Band Ring with Rhodium Accent Detailing"}]},{"@type":"WebSite","@id":"https:\/\/www.purejewels.com\/#website","url":"https:\/\/www.purejewels.com\/","name":"PureJewels \u0130ngiltere","description":"Sevgiyi Payla\u015f\u0131n","publisher":{"@id":"https:\/\/www.purejewels.com\/#organization"},"potentialAction":[{"@type":"SearchAction","target":{"@type":"EntryPoint","urlTemplate":"https:\/\/www.purejewels.com\/?s={search_term_string}"},"query-input":{"@type":"PropertyValueSpecification","valueRequired":true,"valueName":"search_term_string"}}],"inLanguage":"tr"},{"@type":"Organization","@id":"https:\/\/www.purejewels.com\/#organization","name":"PureJewels \u0130ngiltere","url":"https:\/\/www.purejewels.com\/","logo":{"@type":"ImageObject","inLanguage":"tr","@id":"https:\/\/www.purejewels.com\/#\/schema\/logo\/image\/","url":"https:\/\/static.purejewels.com\/wp-content\/uploads\/2020\/11\/Logo-PJ-New-1.png","contentUrl":"https:\/\/static.purejewels.com\/wp-content\/uploads\/2020\/11\/Logo-PJ-New-1.png","width":150,"height":80,"caption":"PureJewels UK"},"image":{"@id":"https:\/\/www.purejewels.com\/#\/schema\/logo\/image\/"}}]}},"_links":{"self":[{"href":"https:\/\/www.purejewels.com\/tr\/wp-json\/wp\/v2\/product\/305724","targetHints":{"allow":["GET"]}}],"collection":[{"href":"https:\/\/www.purejewels.com\/tr\/wp-json\/wp\/v2\/product"}],"about":[{"href":"https:\/\/www.purejewels.com\/tr\/wp-json\/wp\/v2\/types\/product"}],"replies":[{"embeddable":true,"href":"https:\/\/www.purejewels.com\/tr\/wp-json\/wp\/v2\/comments?post=305724"}],"version-history":[{"count":3,"href":"https:\/\/www.purejewels.com\/tr\/wp-json\/wp\/v2\/product\/305724\/revisions"}],"predecessor-version":[{"id":425002,"href":"https:\/\/www.purejewels.com\/tr\/wp-json\/wp\/v2\/product\/305724\/revisions\/425002"}],"wp:featuredmedia":[{"embeddable":true,"href":"https:\/\/www.purejewels.com\/tr\/wp-json\/wp\/v2\/media\/315826"}],"wp:attachment":[{"href":"https:\/\/www.purejewels.com\/tr\/wp-json\/wp\/v2\/media?parent=305724"}],"wp:term":[{"taxonomy":"product_brand","embeddable":true,"href":"https:\/\/www.purejewels.com\/tr\/wp-json\/wp\/v2\/product_brand?post=305724"},{"taxonomy":"product_cat","embeddable":true,"href":"https:\/\/www.purejewels.com\/tr\/wp-json\/wp\/v2\/product_cat?post=305724"},{"taxonomy":"product_tag","embeddable":true,"href":"https:\/\/www.purejewels.com\/tr\/wp-json\/wp\/v2\/product_tag?post=305724"}],"curies":[{"name":"wp","href":"https:\/\/api.w.org\/{rel}","templated":true}]}}