{"id":305742,"date":"2018-11-19T06:18:34","date_gmt":"2018-11-19T06:18:34","guid":{"rendered":"https:\/\/www.purejewels.com\/?post_type=product&#038;p=305742"},"modified":"2026-01-06T06:58:34","modified_gmt":"2026-01-06T06:58:34","slug":"cz-tasli-22-ayar-altin-kupe","status":"publish","type":"product","link":"https:\/\/www.purejewels.com\/tr\/product\/22ct-gold-earring-with-cz-stones\/","title":{"rendered":"22 ayar alt\u0131n damla CZ k\u00fcpeler \u2013 Kalp ve damla tasar\u0131m\u0131"},"content":{"rendered":"<p><strong>Tasar\u0131m:<\/strong><br \/>\nBu damla k\u00fcpeler, \u00fcst k\u0131sm\u0131nda soyut bir kafes deseni bulunan narin bir a\u00e7\u0131k kalp silueti ile s\u00fcslenmi\u015f ve tamam\u0131 parlak beyaz k\u00fcbik zirkon ta\u015flarla bezenmi\u015ftir. Alt k\u0131sm\u0131, yine ta\u015flarla s\u00fcslenmi\u015f damla \u015feklinde bir sark\u0131t ile tamamlanm\u0131\u015f olup, yumu\u015fak bir hareket ve ekstra parlakl\u0131k sunar. Geometrik zarafet ve feminen cazibenin uyumlu bir kar\u0131\u015f\u0131m\u0131.<\/p>\n<p><strong>\u0130\u015f\u00e7ilik:<\/strong><br \/>\nUsta i\u015f\u00e7ilikle \u00fcretilmi\u015f <a href=\"https:\/\/www.purejewels.com\/tr\/product\/22ct-gold-jali-filigree-ring-jali-collection-31926\/\">22ct<\/a> Sar\u0131 alt\u0131n, her bir ta\u015f \u00f6zenle elle yerle\u015ftirilerek kal\u0131c\u0131 bir \u0131\u015f\u0131lt\u0131 sa\u011flar. P\u00fcr\u00fczs\u00fcz alt\u0131n cilas\u0131 ve hassas ayarlar\u0131, ustalar\u0131n el i\u015f\u00e7ili\u011finin inceli\u011fini vurgular ve hem dayan\u0131kl\u0131l\u0131k hem de zarafet sunar.<\/p>\n<p><strong>Stil:<\/strong><br \/>\nKokteyl partileri, bayram kutlamalar\u0131 veya \u00f6zel randevu geceleri i\u00e7in ideal olan bu k\u00fcpeler, \u015f\u0131k bir g\u00f6r\u00fcn\u00fcm sunar. Sari, gece elbisesi veya \u015f\u0131k Hint-Bat\u0131 tarz\u0131 k\u0131yafetlerle kombinlendi\u011finde, \u00e7a\u011fda\u015f bir cazibe katarak k\u0131yafetinizi zenginle\u015ftirir.<\/p>","protected":false},"excerpt":{"rendered":"<p>Modern ve sofistike 22 ayar alt\u0131n damla k\u00fcpeler, kalp-g\u00f6zya\u015f\u0131 damlas\u0131 motifli parlak beyaz k\u00fcbik zirkon ta\u015flarla s\u00fcslenmi\u015ftir \u2014 zarif ak\u015famlar veya hediye etmek i\u00e7in m\u00fckemmeldir.<\/p>\n<ul>\n<li>CZ Ta\u015fl\u0131 22 Ayar Alt\u0131n K\u00fcpe<\/li>\n<li>A\u011f\u0131rl\u0131k 3.2g<\/li>\n<li>T\u00fcm fiyatlara KDV dahildir<\/li>\n<li>Londra Tahlil Ofisi Taraf\u0131ndan Damgalanm\u0131\u015f 22 Ayar Alt\u0131n<\/li>\n<li>Sunum Kutusu ile Birlikte Gelir<\/li>\n<li>Teslimat Dahil<\/li>\n<li>Stok durumu ve stokta bulunan benzer tasar\u0131mlar\u0131n daha fazla g\u00f6r\u00fcnt\u00fcs\u00fc i\u00e7in bizimle canl\u0131 sohbet edin<\/li>\n<\/ul>","protected":false},"featured_media":305743,"comment_status":"closed","ping_status":"closed","template":"","meta":{"_eb_attr":"","_crsspst_to_jayantr4sg-hostcom":false},"product_brand":[],"product_cat":[1685,1229],"product_tag":[],"class_list":{"0":"post-305742","1":"product","2":"type-product","3":"status-publish","4":"has-post-thumbnail","6":"product_cat-drop-earrings","7":"product_cat-22ct-gold-jewellery","9":"first","10":"outofstock","11":"featured","12":"taxable","13":"shipping-taxable","14":"product-type-simple","15":"add-to-wishlist-before_image"},"yoast_head":"<!-- This site is optimized with the Yoast SEO plugin v27.6 - https:\/\/yoast.com\/product\/yoast-seo-wordpress\/ -->\n<title>22ct Gold Drop Earrings with Heart &amp; Teardrop CZ Detailing<\/title>\n<meta name=\"description\" content=\"Add a refined sparkle to your style with these 22ct gold earrings featuring a heart-shaped design, intricate CZ stonework, and elegant teardrop danglers.\" \/>\n<meta name=\"robots\" content=\"index, follow, max-snippet:-1, max-image-preview:large, max-video-preview:-1\" \/>\n<link rel=\"canonical\" href=\"https:\/\/www.purejewels.com\/tr\/urun\/cz-tasli-22-ayar-altin-kupe\/\" \/>\n<meta property=\"og:locale\" content=\"tr_TR\" \/>\n<meta property=\"og:type\" content=\"article\" \/>\n<meta property=\"og:title\" content=\"22ct Gold Drop Earrings with Heart &amp; Teardrop CZ Detailing\" \/>\n<meta property=\"og:description\" content=\"Add a refined sparkle to your style with these 22ct gold earrings featuring a heart-shaped design, intricate CZ stonework, and elegant teardrop danglers.\" \/>\n<meta property=\"og:url\" content=\"https:\/\/www.purejewels.com\/tr\/urun\/cz-tasli-22-ayar-altin-kupe\/\" \/>\n<meta property=\"og:site_name\" content=\"PureJewels UK\" \/>\n<meta property=\"article:modified_time\" content=\"2026-01-06T06:58:34+00:00\" \/>\n<meta property=\"og:image\" content=\"https:\/\/static.purejewels.com\/wp-content\/uploads\/2018\/11\/27177_1.png\" \/>\n\t<meta property=\"og:image:width\" content=\"1000\" \/>\n\t<meta property=\"og:image:height\" content=\"1000\" \/>\n\t<meta property=\"og:image:type\" content=\"image\/png\" \/>\n<meta name=\"twitter:card\" content=\"summary_large_image\" \/>\n<meta name=\"twitter:label1\" content=\"Tahmini okuma s\u00fcresi\" \/>\n\t<meta name=\"twitter:data1\" content=\"1 dakika\" \/>\n<script type=\"application\/ld+json\" class=\"yoast-schema-graph\">{\"@context\":\"https:\\\/\\\/schema.org\",\"@graph\":[{\"@type\":[\"WebPage\",\"ItemPage\"],\"@id\":\"https:\\\/\\\/www.purejewels.com\\\/product\\\/22ct-gold-earring-with-cz-stones\\\/\",\"url\":\"https:\\\/\\\/www.purejewels.com\\\/product\\\/22ct-gold-earring-with-cz-stones\\\/\",\"name\":\"22ct Gold Drop Earrings with Heart & Teardrop CZ Detailing\",\"isPartOf\":{\"@id\":\"https:\\\/\\\/www.purejewels.com\\\/#website\"},\"primaryImageOfPage\":{\"@id\":\"https:\\\/\\\/www.purejewels.com\\\/product\\\/22ct-gold-earring-with-cz-stones\\\/#primaryimage\"},\"image\":{\"@id\":\"https:\\\/\\\/www.purejewels.com\\\/product\\\/22ct-gold-earring-with-cz-stones\\\/#primaryimage\"},\"thumbnailUrl\":\"https:\\\/\\\/static.purejewels.com\\\/wp-content\\\/uploads\\\/2018\\\/11\\\/27177_1.png\",\"datePublished\":\"2018-11-19T06:18:34+00:00\",\"dateModified\":\"2026-01-06T06:58:34+00:00\",\"description\":\"Add a refined sparkle to your style with these 22ct gold earrings featuring a heart-shaped design, intricate CZ stonework, and elegant teardrop danglers.\",\"breadcrumb\":{\"@id\":\"https:\\\/\\\/www.purejewels.com\\\/product\\\/22ct-gold-earring-with-cz-stones\\\/#breadcrumb\"},\"inLanguage\":\"tr\",\"potentialAction\":[{\"@type\":\"ReadAction\",\"target\":[\"https:\\\/\\\/www.purejewels.com\\\/product\\\/22ct-gold-earring-with-cz-stones\\\/\"]}]},{\"@type\":\"ImageObject\",\"inLanguage\":\"tr\",\"@id\":\"https:\\\/\\\/www.purejewels.com\\\/product\\\/22ct-gold-earring-with-cz-stones\\\/#primaryimage\",\"url\":\"https:\\\/\\\/static.purejewels.com\\\/wp-content\\\/uploads\\\/2018\\\/11\\\/27177_1.png\",\"contentUrl\":\"https:\\\/\\\/static.purejewels.com\\\/wp-content\\\/uploads\\\/2018\\\/11\\\/27177_1.png\",\"width\":1000,\"height\":1000,\"caption\":\"27177_1\"},{\"@type\":\"BreadcrumbList\",\"@id\":\"https:\\\/\\\/www.purejewels.com\\\/product\\\/22ct-gold-earring-with-cz-stones\\\/#breadcrumb\",\"itemListElement\":[{\"@type\":\"ListItem\",\"position\":1,\"name\":\"Home\",\"item\":\"https:\\\/\\\/www.purejewels.com\\\/\"},{\"@type\":\"ListItem\",\"position\":2,\"name\":\"Shop\",\"item\":\"https:\\\/\\\/www.purejewels.com\\\/shop\\\/\"},{\"@type\":\"ListItem\",\"position\":3,\"name\":\"22ct Gold Drop CZ Earrings\u2013 Heart &#038; Teardrop Design\"}]},{\"@type\":\"WebSite\",\"@id\":\"https:\\\/\\\/www.purejewels.com\\\/#website\",\"url\":\"https:\\\/\\\/www.purejewels.com\\\/\",\"name\":\"PureJewels UK\",\"description\":\"Share the Love\",\"publisher\":{\"@id\":\"https:\\\/\\\/www.purejewels.com\\\/#organization\"},\"potentialAction\":[{\"@type\":\"SearchAction\",\"target\":{\"@type\":\"EntryPoint\",\"urlTemplate\":\"https:\\\/\\\/www.purejewels.com\\\/?s={search_term_string}\"},\"query-input\":{\"@type\":\"PropertyValueSpecification\",\"valueRequired\":true,\"valueName\":\"search_term_string\"}}],\"inLanguage\":\"tr\"},{\"@type\":\"Organization\",\"@id\":\"https:\\\/\\\/www.purejewels.com\\\/#organization\",\"name\":\"PureJewels UK\",\"url\":\"https:\\\/\\\/www.purejewels.com\\\/\",\"logo\":{\"@type\":\"ImageObject\",\"inLanguage\":\"tr\",\"@id\":\"https:\\\/\\\/www.purejewels.com\\\/#\\\/schema\\\/logo\\\/image\\\/\",\"url\":\"https:\\\/\\\/static.purejewels.com\\\/wp-content\\\/uploads\\\/2020\\\/11\\\/Logo-PJ-New-1.png\",\"contentUrl\":\"https:\\\/\\\/static.purejewels.com\\\/wp-content\\\/uploads\\\/2020\\\/11\\\/Logo-PJ-New-1.png\",\"width\":150,\"height\":80,\"caption\":\"PureJewels UK\"},\"image\":{\"@id\":\"https:\\\/\\\/www.purejewels.com\\\/#\\\/schema\\\/logo\\\/image\\\/\"}}]}<\/script>\n<!-- \/ Yoast SEO plugin. -->","yoast_head_json":{"title":"Kalp ve G\u00f6zya\u015f\u0131 Damlas\u0131 CZ Detayl\u0131 22 Ayar Alt\u0131n Damla K\u00fcpe","description":"Kalp \u015feklinde tasar\u0131m, karma\u015f\u0131k CZ ta\u015f i\u015f\u00e7ili\u011fi ve zarif damla \u015feklinde sark\u0131tlarla bu 22 ayar alt\u0131n k\u00fcpelerle stilinize zarif bir \u0131\u015f\u0131lt\u0131 kat\u0131n.","robots":{"index":"index","follow":"follow","max-snippet":"max-snippet:-1","max-image-preview":"max-image-preview:large","max-video-preview":"max-video-preview:-1"},"canonical":"https:\/\/www.purejewels.com\/tr\/urun\/cz-tasli-22-ayar-altin-kupe\/","og_locale":"tr_TR","og_type":"article","og_title":"22ct Gold Drop Earrings with Heart & Teardrop CZ Detailing","og_description":"Add a refined sparkle to your style with these 22ct gold earrings featuring a heart-shaped design, intricate CZ stonework, and elegant teardrop danglers.","og_url":"https:\/\/www.purejewels.com\/tr\/urun\/cz-tasli-22-ayar-altin-kupe\/","og_site_name":"PureJewels UK","article_modified_time":"2026-01-06T06:58:34+00:00","og_image":[{"width":1000,"height":1000,"url":"https:\/\/static.purejewels.com\/wp-content\/uploads\/2018\/11\/27177_1.png","type":"image\/png"}],"twitter_card":"summary_large_image","twitter_misc":{"Tahmini okuma s\u00fcresi":"1 dakika"},"schema":{"@context":"https:\/\/schema.org","@graph":[{"@type":["WebPage","ItemPage"],"@id":"https:\/\/www.purejewels.com\/product\/22ct-gold-earring-with-cz-stones\/","url":"https:\/\/www.purejewels.com\/product\/22ct-gold-earring-with-cz-stones\/","name":"Kalp ve G\u00f6zya\u015f\u0131 Damlas\u0131 CZ Detayl\u0131 22 Ayar Alt\u0131n Damla K\u00fcpe","isPartOf":{"@id":"https:\/\/www.purejewels.com\/#website"},"primaryImageOfPage":{"@id":"https:\/\/www.purejewels.com\/product\/22ct-gold-earring-with-cz-stones\/#primaryimage"},"image":{"@id":"https:\/\/www.purejewels.com\/product\/22ct-gold-earring-with-cz-stones\/#primaryimage"},"thumbnailUrl":"https:\/\/static.purejewels.com\/wp-content\/uploads\/2018\/11\/27177_1.png","datePublished":"2018-11-19T06:18:34+00:00","dateModified":"2026-01-06T06:58:34+00:00","description":"Kalp \u015feklinde tasar\u0131m, karma\u015f\u0131k CZ ta\u015f i\u015f\u00e7ili\u011fi ve zarif damla \u015feklinde sark\u0131tlarla bu 22 ayar alt\u0131n k\u00fcpelerle stilinize zarif bir \u0131\u015f\u0131lt\u0131 kat\u0131n.","breadcrumb":{"@id":"https:\/\/www.purejewels.com\/product\/22ct-gold-earring-with-cz-stones\/#breadcrumb"},"inLanguage":"tr","potentialAction":[{"@type":"ReadAction","target":["https:\/\/www.purejewels.com\/product\/22ct-gold-earring-with-cz-stones\/"]}]},{"@type":"ImageObject","inLanguage":"tr","@id":"https:\/\/www.purejewels.com\/product\/22ct-gold-earring-with-cz-stones\/#primaryimage","url":"https:\/\/static.purejewels.com\/wp-content\/uploads\/2018\/11\/27177_1.png","contentUrl":"https:\/\/static.purejewels.com\/wp-content\/uploads\/2018\/11\/27177_1.png","width":1000,"height":1000,"caption":"27177_1"},{"@type":"BreadcrumbList","@id":"https:\/\/www.purejewels.com\/product\/22ct-gold-earring-with-cz-stones\/#breadcrumb","itemListElement":[{"@type":"ListItem","position":1,"name":"Home","item":"https:\/\/www.purejewels.com\/"},{"@type":"ListItem","position":2,"name":"Shop","item":"https:\/\/www.purejewels.com\/shop\/"},{"@type":"ListItem","position":3,"name":"22ct Gold Drop CZ Earrings\u2013 Heart &#038; Teardrop Design"}]},{"@type":"WebSite","@id":"https:\/\/www.purejewels.com\/#website","url":"https:\/\/www.purejewels.com\/","name":"PureJewels \u0130ngiltere","description":"Sevgiyi Payla\u015f\u0131n","publisher":{"@id":"https:\/\/www.purejewels.com\/#organization"},"potentialAction":[{"@type":"SearchAction","target":{"@type":"EntryPoint","urlTemplate":"https:\/\/www.purejewels.com\/?s={search_term_string}"},"query-input":{"@type":"PropertyValueSpecification","valueRequired":true,"valueName":"search_term_string"}}],"inLanguage":"tr"},{"@type":"Organization","@id":"https:\/\/www.purejewels.com\/#organization","name":"PureJewels \u0130ngiltere","url":"https:\/\/www.purejewels.com\/","logo":{"@type":"ImageObject","inLanguage":"tr","@id":"https:\/\/www.purejewels.com\/#\/schema\/logo\/image\/","url":"https:\/\/static.purejewels.com\/wp-content\/uploads\/2020\/11\/Logo-PJ-New-1.png","contentUrl":"https:\/\/static.purejewels.com\/wp-content\/uploads\/2020\/11\/Logo-PJ-New-1.png","width":150,"height":80,"caption":"PureJewels UK"},"image":{"@id":"https:\/\/www.purejewels.com\/#\/schema\/logo\/image\/"}}]}},"_links":{"self":[{"href":"https:\/\/www.purejewels.com\/tr\/wp-json\/wp\/v2\/product\/305742","targetHints":{"allow":["GET"]}}],"collection":[{"href":"https:\/\/www.purejewels.com\/tr\/wp-json\/wp\/v2\/product"}],"about":[{"href":"https:\/\/www.purejewels.com\/tr\/wp-json\/wp\/v2\/types\/product"}],"replies":[{"embeddable":true,"href":"https:\/\/www.purejewels.com\/tr\/wp-json\/wp\/v2\/comments?post=305742"}],"version-history":[{"count":2,"href":"https:\/\/www.purejewels.com\/tr\/wp-json\/wp\/v2\/product\/305742\/revisions"}],"predecessor-version":[{"id":423800,"href":"https:\/\/www.purejewels.com\/tr\/wp-json\/wp\/v2\/product\/305742\/revisions\/423800"}],"wp:featuredmedia":[{"embeddable":true,"href":"https:\/\/www.purejewels.com\/tr\/wp-json\/wp\/v2\/media\/305743"}],"wp:attachment":[{"href":"https:\/\/www.purejewels.com\/tr\/wp-json\/wp\/v2\/media?parent=305742"}],"wp:term":[{"taxonomy":"product_brand","embeddable":true,"href":"https:\/\/www.purejewels.com\/tr\/wp-json\/wp\/v2\/product_brand?post=305742"},{"taxonomy":"product_cat","embeddable":true,"href":"https:\/\/www.purejewels.com\/tr\/wp-json\/wp\/v2\/product_cat?post=305742"},{"taxonomy":"product_tag","embeddable":true,"href":"https:\/\/www.purejewels.com\/tr\/wp-json\/wp\/v2\/product_tag?post=305742"}],"curies":[{"name":"wp","href":"https:\/\/api.w.org\/{rel}","templated":true}]}}