{"id":305755,"date":"2018-11-19T06:50:41","date_gmt":"2018-11-19T06:50:41","guid":{"rendered":"https:\/\/www.purejewels.com\/?post_type=product&#038;p=305755"},"modified":"2026-01-08T04:56:20","modified_gmt":"2026-01-08T04:56:20","slug":"bayanlar-icin-22-ayar-altin-kupe","status":"publish","type":"product","link":"https:\/\/www.purejewels.com\/tr\/product\/22ct-gold-earring-for-ladies\/","title":{"rendered":"Top Detayl\u0131 22ct Bayan Damla Zincir K\u00fcpe"},"content":{"rendered":"<p>Bu g\u00fczel i\u015flenmi\u015f 22 Ayar Alt\u0131n Uzun Damla Zincir K\u00fcpeler ile m\u00fccevher koleksiyonunuza zahmetsiz bir \u015f\u0131kl\u0131k kat\u0131n. Zarif ve zarif bir siluet olu\u015fturmak i\u00e7in tasarlanan bu k\u00fcpeler, her ad\u0131mda ince bir hareket ve parlakl\u0131k katan, incelikle parlat\u0131lm\u0131\u015f alt\u0131n top aksanlara akan ince alt\u0131n zincirlere sahiptir.<\/p>\n<p>Saf 22 ayar alt\u0131ndan \u00fcretilen k\u00fcpeler, uzman i\u015f\u00e7ilik ve p\u00fcr\u00fczs\u00fcz, \u0131\u015f\u0131lt\u0131l\u0131 bir y\u00fczey sergiliyor. Uzun damla tasar\u0131m\u0131 boyun \u00e7izgisini g\u00fc\u00e7lendirerek d\u00fc\u011f\u00fcnler, bayram kutlamalar\u0131 ve ak\u015fam etkinlikleri gibi \u00f6zel g\u00fcnler i\u00e7in m\u00fckemmel bir se\u00e7im haline getirirken, uzun s\u00fcreli kullan\u0131m i\u00e7in hafif ve rahat kalmas\u0131n\u0131 sa\u011flar.<\/p>\n<p>\u00c7ok y\u00f6nl\u00fc ve zamans\u0131z tasar\u0131mlar\u0131, hem geleneksel k\u0131yafetlerle hem de \u00e7a\u011fda\u015f k\u0131yafetlerle zahmetsizce e\u015fle\u015ftirilmelerine olanak tan\u0131r. \u0130ster tek ba\u015f\u0131na ister di\u011fer alt\u0131n tak\u0131larla birlikte tak\u0131ls\u0131n, bu k\u00fcpeler her g\u00f6r\u00fcn\u00fcme sade bir l\u00fcks ve klasik bir cazibe katar.<\/p>","protected":false},"excerpt":{"rendered":"<p>Zarif zincir halkalar\u0131 ve parlat\u0131lm\u0131\u015f alt\u0131n top vurgularla haz\u0131rlanm\u0131\u015f zarif 22 ayar alt\u0131n uzun damla k\u00fcpeler, zarif bir hareket ve zamans\u0131z bir \u00e7ekicilik sunar.<\/p>\n<ul>\n<li>22 Ayar Alt\u0131n\u00a0<a href=\"https:\/\/www.purejewels.com\/tr\/urun\/rodyum-kaplamali-22-ayar-altin-bayan-saplama-kupe-46497\/\">K\u00fcpe<\/a>\u00a0Bayanlar i\u00e7in<\/li>\n<li>A\u011f\u0131rl\u0131k 4.3 g<\/li>\n<li>SKU. 28007<\/li>\n<li>T\u00fcm fiyatlara KDV dahildir<\/li>\n<li>T\u00fcm \u00fcr\u00fcnlerimiz London Assay Office taraf\u0131ndan damgalanm\u0131\u015ft\u0131r<\/li>\n<li>Sunum Kutusu ile Birlikte Gelir<\/li>\n<li>\u0130ngiltere'de \u00fccretsiz teslimat yap\u0131yoruz<\/li>\n<li>T\u00fcm \u00fcr\u00fcn yelpazesini ma\u011fazada g\u00f6rmek i\u00e7in bizimle canl\u0131 sohbet edin<\/li>\n<\/ul>","protected":false},"featured_media":309496,"comment_status":"closed","ping_status":"closed","template":"","meta":{"_eb_attr":"","_crsspst_to_jayantr4sg-hostcom":false},"product_brand":[],"product_cat":[1229,248,1573,1574],"product_tag":[],"class_list":{"0":"post-305755","1":"product","2":"type-product","3":"status-publish","4":"has-post-thumbnail","6":"product_cat-22ct-gold-jewellery","7":"product_cat-sparkle-collections","8":"product_cat-wedding-gifts","9":"product_cat-womens-jewellery","11":"first","12":"outofstock","13":"taxable","14":"shipping-taxable","15":"product-type-simple","16":"add-to-wishlist-before_image"},"yoast_head":"<!-- This site is optimized with the Yoast SEO plugin v27.6 - https:\/\/yoast.com\/product\/yoast-seo-wordpress\/ -->\n<title>22ct Gold Drop Earrings with Chain &amp; Ball Design | PureJewels UK<\/title>\n<meta name=\"description\" content=\"Shop elegant 22ct gold long drop earrings featuring fine chain detailing and polished gold balls. A timeless design perfect for weddings, parties, and everyday luxury.\" \/>\n<meta name=\"robots\" content=\"index, follow, max-snippet:-1, max-image-preview:large, max-video-preview:-1\" \/>\n<link rel=\"canonical\" href=\"https:\/\/www.purejewels.com\/tr\/urun\/bayanlar-icin-22-ayar-altin-kupe\/\" \/>\n<meta property=\"og:locale\" content=\"tr_TR\" \/>\n<meta property=\"og:type\" content=\"article\" \/>\n<meta property=\"og:title\" content=\"22ct Gold Drop Earrings with Chain &amp; Ball Design | PureJewels UK\" \/>\n<meta property=\"og:description\" content=\"Shop elegant 22ct gold long drop earrings featuring fine chain detailing and polished gold balls. A timeless design perfect for weddings, parties, and everyday luxury.\" \/>\n<meta property=\"og:url\" content=\"https:\/\/www.purejewels.com\/tr\/urun\/bayanlar-icin-22-ayar-altin-kupe\/\" \/>\n<meta property=\"og:site_name\" content=\"PureJewels UK\" \/>\n<meta property=\"article:modified_time\" content=\"2026-01-08T04:56:20+00:00\" \/>\n<meta property=\"og:image\" content=\"https:\/\/static.purejewels.com\/wp-content\/uploads\/2018\/11\/28007_011-1.png\" \/>\n\t<meta property=\"og:image:width\" content=\"1000\" \/>\n\t<meta property=\"og:image:height\" content=\"1000\" \/>\n\t<meta property=\"og:image:type\" content=\"image\/png\" \/>\n<meta name=\"twitter:card\" content=\"summary_large_image\" \/>\n<meta name=\"twitter:label1\" content=\"Tahmini okuma s\u00fcresi\" \/>\n\t<meta name=\"twitter:data1\" content=\"1 dakika\" \/>\n<script type=\"application\/ld+json\" class=\"yoast-schema-graph\">{\"@context\":\"https:\\\/\\\/schema.org\",\"@graph\":[{\"@type\":[\"WebPage\",\"ItemPage\"],\"@id\":\"https:\\\/\\\/www.purejewels.com\\\/product\\\/22ct-gold-earring-for-ladies\\\/\",\"url\":\"https:\\\/\\\/www.purejewels.com\\\/product\\\/22ct-gold-earring-for-ladies\\\/\",\"name\":\"22ct Gold Drop Earrings with Chain & Ball Design | PureJewels UK\",\"isPartOf\":{\"@id\":\"https:\\\/\\\/www.purejewels.com\\\/#website\"},\"primaryImageOfPage\":{\"@id\":\"https:\\\/\\\/www.purejewels.com\\\/product\\\/22ct-gold-earring-for-ladies\\\/#primaryimage\"},\"image\":{\"@id\":\"https:\\\/\\\/www.purejewels.com\\\/product\\\/22ct-gold-earring-for-ladies\\\/#primaryimage\"},\"thumbnailUrl\":\"https:\\\/\\\/static.purejewels.com\\\/wp-content\\\/uploads\\\/2018\\\/11\\\/28007_011-1.png\",\"datePublished\":\"2018-11-19T06:50:41+00:00\",\"dateModified\":\"2026-01-08T04:56:20+00:00\",\"description\":\"Shop elegant 22ct gold long drop earrings featuring fine chain detailing and polished gold balls. A timeless design perfect for weddings, parties, and everyday luxury.\",\"breadcrumb\":{\"@id\":\"https:\\\/\\\/www.purejewels.com\\\/product\\\/22ct-gold-earring-for-ladies\\\/#breadcrumb\"},\"inLanguage\":\"tr\",\"potentialAction\":[{\"@type\":\"ReadAction\",\"target\":[\"https:\\\/\\\/www.purejewels.com\\\/product\\\/22ct-gold-earring-for-ladies\\\/\"]}]},{\"@type\":\"ImageObject\",\"inLanguage\":\"tr\",\"@id\":\"https:\\\/\\\/www.purejewels.com\\\/product\\\/22ct-gold-earring-for-ladies\\\/#primaryimage\",\"url\":\"https:\\\/\\\/static.purejewels.com\\\/wp-content\\\/uploads\\\/2018\\\/11\\\/28007_011-1.png\",\"contentUrl\":\"https:\\\/\\\/static.purejewels.com\\\/wp-content\\\/uploads\\\/2018\\\/11\\\/28007_011-1.png\",\"width\":1000,\"height\":1000,\"caption\":\"28007_011-1\"},{\"@type\":\"BreadcrumbList\",\"@id\":\"https:\\\/\\\/www.purejewels.com\\\/product\\\/22ct-gold-earring-for-ladies\\\/#breadcrumb\",\"itemListElement\":[{\"@type\":\"ListItem\",\"position\":1,\"name\":\"Home\",\"item\":\"https:\\\/\\\/www.purejewels.com\\\/\"},{\"@type\":\"ListItem\",\"position\":2,\"name\":\"Shop\",\"item\":\"https:\\\/\\\/www.purejewels.com\\\/shop\\\/\"},{\"@type\":\"ListItem\",\"position\":3,\"name\":\"22ct Ladies Drop Chain Earrings with Ball Detailing\"}]},{\"@type\":\"WebSite\",\"@id\":\"https:\\\/\\\/www.purejewels.com\\\/#website\",\"url\":\"https:\\\/\\\/www.purejewels.com\\\/\",\"name\":\"PureJewels UK\",\"description\":\"Share the Love\",\"publisher\":{\"@id\":\"https:\\\/\\\/www.purejewels.com\\\/#organization\"},\"potentialAction\":[{\"@type\":\"SearchAction\",\"target\":{\"@type\":\"EntryPoint\",\"urlTemplate\":\"https:\\\/\\\/www.purejewels.com\\\/?s={search_term_string}\"},\"query-input\":{\"@type\":\"PropertyValueSpecification\",\"valueRequired\":true,\"valueName\":\"search_term_string\"}}],\"inLanguage\":\"tr\"},{\"@type\":\"Organization\",\"@id\":\"https:\\\/\\\/www.purejewels.com\\\/#organization\",\"name\":\"PureJewels UK\",\"url\":\"https:\\\/\\\/www.purejewels.com\\\/\",\"logo\":{\"@type\":\"ImageObject\",\"inLanguage\":\"tr\",\"@id\":\"https:\\\/\\\/www.purejewels.com\\\/#\\\/schema\\\/logo\\\/image\\\/\",\"url\":\"https:\\\/\\\/static.purejewels.com\\\/wp-content\\\/uploads\\\/2020\\\/11\\\/Logo-PJ-New-1.png\",\"contentUrl\":\"https:\\\/\\\/static.purejewels.com\\\/wp-content\\\/uploads\\\/2020\\\/11\\\/Logo-PJ-New-1.png\",\"width\":150,\"height\":80,\"caption\":\"PureJewels UK\"},\"image\":{\"@id\":\"https:\\\/\\\/www.purejewels.com\\\/#\\\/schema\\\/logo\\\/image\\\/\"}}]}<\/script>\n<!-- \/ Yoast SEO plugin. -->","yoast_head_json":{"title":"Zincir ve Top Tasar\u0131ml\u0131 22 Ayar Alt\u0131n Damla K\u00fcpe | PureJewels UK","description":"\u0130nce zincir detaylar\u0131na ve parlat\u0131lm\u0131\u015f alt\u0131n toplara sahip zarif 22 ayar alt\u0131n uzun damla k\u00fcpeler sat\u0131n al\u0131n. D\u00fc\u011f\u00fcnler, partiler ve g\u00fcnl\u00fck l\u00fcks i\u00e7in m\u00fckemmel, zamans\u0131z bir tasar\u0131m.","robots":{"index":"index","follow":"follow","max-snippet":"max-snippet:-1","max-image-preview":"max-image-preview:large","max-video-preview":"max-video-preview:-1"},"canonical":"https:\/\/www.purejewels.com\/tr\/urun\/bayanlar-icin-22-ayar-altin-kupe\/","og_locale":"tr_TR","og_type":"article","og_title":"22ct Gold Drop Earrings with Chain & Ball Design | PureJewels UK","og_description":"Shop elegant 22ct gold long drop earrings featuring fine chain detailing and polished gold balls. A timeless design perfect for weddings, parties, and everyday luxury.","og_url":"https:\/\/www.purejewels.com\/tr\/urun\/bayanlar-icin-22-ayar-altin-kupe\/","og_site_name":"PureJewels UK","article_modified_time":"2026-01-08T04:56:20+00:00","og_image":[{"width":1000,"height":1000,"url":"https:\/\/static.purejewels.com\/wp-content\/uploads\/2018\/11\/28007_011-1.png","type":"image\/png"}],"twitter_card":"summary_large_image","twitter_misc":{"Tahmini okuma s\u00fcresi":"1 dakika"},"schema":{"@context":"https:\/\/schema.org","@graph":[{"@type":["WebPage","ItemPage"],"@id":"https:\/\/www.purejewels.com\/product\/22ct-gold-earring-for-ladies\/","url":"https:\/\/www.purejewels.com\/product\/22ct-gold-earring-for-ladies\/","name":"Zincir ve Top Tasar\u0131ml\u0131 22 Ayar Alt\u0131n Damla K\u00fcpe | PureJewels UK","isPartOf":{"@id":"https:\/\/www.purejewels.com\/#website"},"primaryImageOfPage":{"@id":"https:\/\/www.purejewels.com\/product\/22ct-gold-earring-for-ladies\/#primaryimage"},"image":{"@id":"https:\/\/www.purejewels.com\/product\/22ct-gold-earring-for-ladies\/#primaryimage"},"thumbnailUrl":"https:\/\/static.purejewels.com\/wp-content\/uploads\/2018\/11\/28007_011-1.png","datePublished":"2018-11-19T06:50:41+00:00","dateModified":"2026-01-08T04:56:20+00:00","description":"\u0130nce zincir detaylar\u0131na ve parlat\u0131lm\u0131\u015f alt\u0131n toplara sahip zarif 22 ayar alt\u0131n uzun damla k\u00fcpeler sat\u0131n al\u0131n. D\u00fc\u011f\u00fcnler, partiler ve g\u00fcnl\u00fck l\u00fcks i\u00e7in m\u00fckemmel, zamans\u0131z bir tasar\u0131m.","breadcrumb":{"@id":"https:\/\/www.purejewels.com\/product\/22ct-gold-earring-for-ladies\/#breadcrumb"},"inLanguage":"tr","potentialAction":[{"@type":"ReadAction","target":["https:\/\/www.purejewels.com\/product\/22ct-gold-earring-for-ladies\/"]}]},{"@type":"ImageObject","inLanguage":"tr","@id":"https:\/\/www.purejewels.com\/product\/22ct-gold-earring-for-ladies\/#primaryimage","url":"https:\/\/static.purejewels.com\/wp-content\/uploads\/2018\/11\/28007_011-1.png","contentUrl":"https:\/\/static.purejewels.com\/wp-content\/uploads\/2018\/11\/28007_011-1.png","width":1000,"height":1000,"caption":"28007_011-1"},{"@type":"BreadcrumbList","@id":"https:\/\/www.purejewels.com\/product\/22ct-gold-earring-for-ladies\/#breadcrumb","itemListElement":[{"@type":"ListItem","position":1,"name":"Home","item":"https:\/\/www.purejewels.com\/"},{"@type":"ListItem","position":2,"name":"Shop","item":"https:\/\/www.purejewels.com\/shop\/"},{"@type":"ListItem","position":3,"name":"22ct Ladies Drop Chain Earrings with Ball Detailing"}]},{"@type":"WebSite","@id":"https:\/\/www.purejewels.com\/#website","url":"https:\/\/www.purejewels.com\/","name":"PureJewels \u0130ngiltere","description":"Sevgiyi Payla\u015f\u0131n","publisher":{"@id":"https:\/\/www.purejewels.com\/#organization"},"potentialAction":[{"@type":"SearchAction","target":{"@type":"EntryPoint","urlTemplate":"https:\/\/www.purejewels.com\/?s={search_term_string}"},"query-input":{"@type":"PropertyValueSpecification","valueRequired":true,"valueName":"search_term_string"}}],"inLanguage":"tr"},{"@type":"Organization","@id":"https:\/\/www.purejewels.com\/#organization","name":"PureJewels \u0130ngiltere","url":"https:\/\/www.purejewels.com\/","logo":{"@type":"ImageObject","inLanguage":"tr","@id":"https:\/\/www.purejewels.com\/#\/schema\/logo\/image\/","url":"https:\/\/static.purejewels.com\/wp-content\/uploads\/2020\/11\/Logo-PJ-New-1.png","contentUrl":"https:\/\/static.purejewels.com\/wp-content\/uploads\/2020\/11\/Logo-PJ-New-1.png","width":150,"height":80,"caption":"PureJewels UK"},"image":{"@id":"https:\/\/www.purejewels.com\/#\/schema\/logo\/image\/"}}]}},"_links":{"self":[{"href":"https:\/\/www.purejewels.com\/tr\/wp-json\/wp\/v2\/product\/305755","targetHints":{"allow":["GET"]}}],"collection":[{"href":"https:\/\/www.purejewels.com\/tr\/wp-json\/wp\/v2\/product"}],"about":[{"href":"https:\/\/www.purejewels.com\/tr\/wp-json\/wp\/v2\/types\/product"}],"replies":[{"embeddable":true,"href":"https:\/\/www.purejewels.com\/tr\/wp-json\/wp\/v2\/comments?post=305755"}],"version-history":[{"count":2,"href":"https:\/\/www.purejewels.com\/tr\/wp-json\/wp\/v2\/product\/305755\/revisions"}],"predecessor-version":[{"id":424299,"href":"https:\/\/www.purejewels.com\/tr\/wp-json\/wp\/v2\/product\/305755\/revisions\/424299"}],"wp:featuredmedia":[{"embeddable":true,"href":"https:\/\/www.purejewels.com\/tr\/wp-json\/wp\/v2\/media\/309496"}],"wp:attachment":[{"href":"https:\/\/www.purejewels.com\/tr\/wp-json\/wp\/v2\/media?parent=305755"}],"wp:term":[{"taxonomy":"product_brand","embeddable":true,"href":"https:\/\/www.purejewels.com\/tr\/wp-json\/wp\/v2\/product_brand?post=305755"},{"taxonomy":"product_cat","embeddable":true,"href":"https:\/\/www.purejewels.com\/tr\/wp-json\/wp\/v2\/product_cat?post=305755"},{"taxonomy":"product_tag","embeddable":true,"href":"https:\/\/www.purejewels.com\/tr\/wp-json\/wp\/v2\/product_tag?post=305755"}],"curies":[{"name":"wp","href":"https:\/\/api.w.org\/{rel}","templated":true}]}}