{"id":306267,"date":"2018-11-22T11:26:09","date_gmt":"2018-11-22T11:26:09","guid":{"rendered":"https:\/\/www.purejewels.com\/?post_type=product&#038;p=306267"},"modified":"2025-12-23T08:13:42","modified_gmt":"2025-12-23T08:13:42","slug":"22-ayar-altin-cz-saplama-kupe-8","status":"publish","type":"product","link":"https:\/\/www.purejewels.com\/tr\/product\/22ct-gold-cz-stud-earring-8\/","title":{"rendered":"22 ayar alt\u0131n CZ a\u00e7\u0131k markiz k\u00fcpe"},"content":{"rendered":"<p><strong>Tasar\u0131m<\/strong><\/p>\n<p>Bu zarif \u00e7iviler <a href=\"https:\/\/www.purejewels.com\/tr\/product-category\/22ct-gold-jewellery\/gold-earrings\/\">K\u00fcpeler<\/a> \u00c7a\u011fda\u015f bir a\u00e7\u0131k markiz silueti ile yumu\u015fak konturlar\u0131, ak\u0131c\u0131 bir hareket hissi yarat\u0131r. \u0130ki yuvarlak kesim k\u00fcbik zirkon ta\u015f\u0131, a\u00e7\u0131k alt\u0131n formun i\u00e7ine dikey olarak yerle\u015ftirilmi\u015f olup, temiz ve zarif bir profil korurken yumu\u015fak bir parlakl\u0131k katar. Uzun \u015fekli kula\u011f\u0131 g\u00fczelle\u015ftirir ve modern ancak zamans\u0131z bir estetik sunar.<\/p>\n<p><strong>Zanaatkarl\u0131k<\/strong><\/p>\n<p>Parlak 22 ayar alt\u0131nla ustal\u0131kla el yap\u0131m\u0131 olan her bir k\u00fcpe, PureJewels'in ince i\u015f\u00e7ilik ve hassasiyete olan ba\u011fl\u0131l\u0131\u011f\u0131n\u0131 yans\u0131t\u0131yor. P\u00fcr\u00fczs\u00fcz, cilal\u0131 alt\u0131n k\u0131vr\u0131mlar rahatl\u0131k ve denge i\u00e7in \u00f6zenle \u015fekillendirilmi\u015fken, k\u00fcbik zirkon ta\u015flar kal\u0131c\u0131 \u0131\u015f\u0131lt\u0131 sa\u011flamak i\u00e7in g\u00fcvenli bir \u015fekilde yerle\u015ftirilmi\u015ftir. Her ayr\u0131nt\u0131 en y\u00fcksek standartlara g\u00f6re i\u015flenerek hem dayan\u0131kl\u0131l\u0131\u011f\u0131 hem de zarafeti \u00f6n plana \u00e7\u0131karmaktad\u0131r.<\/p>\n<p><strong>Stil<\/strong><\/p>\n<p>Zarif ve sade olan bu 22 ayar alt\u0131n CZ a\u00e7\u0131k markiz k\u00fcpeler, g\u00fcnl\u00fck \u015f\u0131kl\u0131k veya rahat ak\u015fam k\u0131yafetleri i\u00e7in idealdir. \u015e\u0131k tasar\u0131mlar\u0131, hem geleneksel hem de \u00e7a\u011fda\u015f k\u0131yafetlerle g\u00fczel bir uyum sa\u011flar ve herhangi bir m\u00fccevher koleksiyonuna \u00e7ok y\u00f6nl\u00fc bir katk\u0131 sa\u011flar. Modern zarafetin rafine bir ifadesi olan bu k\u00fcpeler, kolayl\u0131kla tak\u0131lmak ve sevilmek \u00fczere tasarlanm\u0131\u015ft\u0131r.<\/p>","protected":false},"excerpt":{"rendered":"<p>Parlak 22 ayar alt\u0131ndan i\u015flenmi\u015f zarif a\u00e7\u0131k markiz k\u00fcpe, iki adet dikey olarak yerle\u015ftirilmi\u015f k\u00fcbik zirkon ile s\u00fcslenerek ince bir \u0131\u015f\u0131lt\u0131 kat\u0131yor.<\/p>\n<ul>\n<li>22 Ayar Alt\u0131n CZ K\u00fcpe<\/li>\n<li>A\u011f\u0131rl\u0131k 1.4 g<\/li>\n<li>SKU. 28529<\/li>\n<li>T\u00fcm fiyatlara KDV dahildir<\/li>\n<li>T\u00fcm \u00dcr\u00fcnlerimiz Londra Tahlil Ofisi Taraf\u0131ndan Damgalanm\u0131\u015ft\u0131r<\/li>\n<li>Sunum Kutusu ile Birlikte Gelir<\/li>\n<li>Teslimat Dahil<\/li>\n<li>Bu \u00fcr\u00fcn\u00fcn videosu i\u00e7in bize ula\u015f\u0131n \/ bizimle canl\u0131 sohbet edin<\/li>\n<\/ul>","protected":false},"featured_media":306268,"comment_status":"closed","ping_status":"closed","template":"","meta":{"_eb_attr":"","_crsspst_to_jayantr4sg-hostcom":true},"product_brand":[],"product_cat":[1559,1576,1229,1577,1569,1573,1574],"product_tag":[],"class_list":{"0":"post-306267","1":"product","2":"type-product","3":"status-publish","4":"has-post-thumbnail","6":"product_cat-birthday-gifts","7":"product_cat-childrens-jewellery","8":"product_cat-22ct-gold-jewellery","9":"product_cat-stud-earrings","10":"product_cat-valentine-day-gifts","11":"product_cat-wedding-gifts","12":"product_cat-womens-jewellery","14":"first","15":"outofstock","16":"featured","17":"taxable","18":"shipping-taxable","19":"product-type-simple","20":"add-to-wishlist-before_image"},"yoast_head":"<!-- This site is optimized with the Yoast SEO plugin v27.3 - https:\/\/yoast.com\/product\/yoast-seo-wordpress\/ -->\n<title>22ct Gold CZ Open Marquise Stud Earrings | PureJewels London<\/title>\n<meta name=\"description\" content=\"Elegant 22ct gold open marquise stud earrings set with two sparkling cubic zirconia stones. A modern, graceful design by PureJewels London.\" \/>\n<meta name=\"robots\" content=\"index, follow, max-snippet:-1, max-image-preview:large, max-video-preview:-1\" \/>\n<link rel=\"canonical\" href=\"https:\/\/www.purejewels.com\/tr\/urun\/22-ayar-altin-cz-saplama-kupe-8\/\" \/>\n<meta property=\"og:locale\" content=\"tr_TR\" \/>\n<meta property=\"og:type\" content=\"article\" \/>\n<meta property=\"og:title\" content=\"22ct Gold CZ Open Marquise Stud Earrings | PureJewels London\" \/>\n<meta property=\"og:description\" content=\"Elegant 22ct gold open marquise stud earrings set with two sparkling cubic zirconia stones. A modern, graceful design by PureJewels London.\" \/>\n<meta property=\"og:url\" content=\"https:\/\/www.purejewels.com\/tr\/urun\/22-ayar-altin-cz-saplama-kupe-8\/\" \/>\n<meta property=\"og:site_name\" content=\"PureJewels UK\" \/>\n<meta property=\"article:modified_time\" content=\"2025-12-23T08:13:42+00:00\" \/>\n<meta property=\"og:image\" content=\"https:\/\/static.purejewels.com\/wp-content\/uploads\/2018\/11\/28529_1-1.png\" \/>\n\t<meta property=\"og:image:width\" content=\"1000\" \/>\n\t<meta property=\"og:image:height\" content=\"1000\" \/>\n\t<meta property=\"og:image:type\" content=\"image\/png\" \/>\n<meta name=\"twitter:card\" content=\"summary_large_image\" \/>\n<meta name=\"twitter:label1\" content=\"Tahmini okuma s\u00fcresi\" \/>\n\t<meta name=\"twitter:data1\" content=\"1 dakika\" \/>\n<script type=\"application\/ld+json\" class=\"yoast-schema-graph\">{\"@context\":\"https:\\\/\\\/schema.org\",\"@graph\":[{\"@type\":[\"WebPage\",\"ItemPage\"],\"@id\":\"https:\\\/\\\/www.purejewels.com\\\/product\\\/22ct-gold-cz-stud-earring-8\\\/\",\"url\":\"https:\\\/\\\/www.purejewels.com\\\/product\\\/22ct-gold-cz-stud-earring-8\\\/\",\"name\":\"22ct Gold CZ Open Marquise Stud Earrings | PureJewels London\",\"isPartOf\":{\"@id\":\"https:\\\/\\\/www.purejewels.com\\\/#website\"},\"primaryImageOfPage\":{\"@id\":\"https:\\\/\\\/www.purejewels.com\\\/product\\\/22ct-gold-cz-stud-earring-8\\\/#primaryimage\"},\"image\":{\"@id\":\"https:\\\/\\\/www.purejewels.com\\\/product\\\/22ct-gold-cz-stud-earring-8\\\/#primaryimage\"},\"thumbnailUrl\":\"https:\\\/\\\/static.purejewels.com\\\/wp-content\\\/uploads\\\/2018\\\/11\\\/28529_1-1.png\",\"datePublished\":\"2018-11-22T11:26:09+00:00\",\"dateModified\":\"2025-12-23T08:13:42+00:00\",\"description\":\"Elegant 22ct gold open marquise stud earrings set with two sparkling cubic zirconia stones. A modern, graceful design by PureJewels London.\",\"breadcrumb\":{\"@id\":\"https:\\\/\\\/www.purejewels.com\\\/product\\\/22ct-gold-cz-stud-earring-8\\\/#breadcrumb\"},\"inLanguage\":\"tr\",\"potentialAction\":[{\"@type\":\"ReadAction\",\"target\":[\"https:\\\/\\\/www.purejewels.com\\\/product\\\/22ct-gold-cz-stud-earring-8\\\/\"]}]},{\"@type\":\"ImageObject\",\"inLanguage\":\"tr\",\"@id\":\"https:\\\/\\\/www.purejewels.com\\\/product\\\/22ct-gold-cz-stud-earring-8\\\/#primaryimage\",\"url\":\"https:\\\/\\\/static.purejewels.com\\\/wp-content\\\/uploads\\\/2018\\\/11\\\/28529_1-1.png\",\"contentUrl\":\"https:\\\/\\\/static.purejewels.com\\\/wp-content\\\/uploads\\\/2018\\\/11\\\/28529_1-1.png\",\"width\":1000,\"height\":1000,\"caption\":\"28529_1\"},{\"@type\":\"BreadcrumbList\",\"@id\":\"https:\\\/\\\/www.purejewels.com\\\/product\\\/22ct-gold-cz-stud-earring-8\\\/#breadcrumb\",\"itemListElement\":[{\"@type\":\"ListItem\",\"position\":1,\"name\":\"Home\",\"item\":\"https:\\\/\\\/www.purejewels.com\\\/\"},{\"@type\":\"ListItem\",\"position\":2,\"name\":\"Shop\",\"item\":\"https:\\\/\\\/www.purejewels.com\\\/shop\\\/\"},{\"@type\":\"ListItem\",\"position\":3,\"name\":\"22ct Gold CZ Open Marquise Stud Earrings\"}]},{\"@type\":\"WebSite\",\"@id\":\"https:\\\/\\\/www.purejewels.com\\\/#website\",\"url\":\"https:\\\/\\\/www.purejewels.com\\\/\",\"name\":\"PureJewels UK\",\"description\":\"Share the Love\",\"publisher\":{\"@id\":\"https:\\\/\\\/www.purejewels.com\\\/#organization\"},\"potentialAction\":[{\"@type\":\"SearchAction\",\"target\":{\"@type\":\"EntryPoint\",\"urlTemplate\":\"https:\\\/\\\/www.purejewels.com\\\/?s={search_term_string}\"},\"query-input\":{\"@type\":\"PropertyValueSpecification\",\"valueRequired\":true,\"valueName\":\"search_term_string\"}}],\"inLanguage\":\"tr\"},{\"@type\":\"Organization\",\"@id\":\"https:\\\/\\\/www.purejewels.com\\\/#organization\",\"name\":\"PureJewels UK\",\"url\":\"https:\\\/\\\/www.purejewels.com\\\/\",\"logo\":{\"@type\":\"ImageObject\",\"inLanguage\":\"tr\",\"@id\":\"https:\\\/\\\/www.purejewels.com\\\/#\\\/schema\\\/logo\\\/image\\\/\",\"url\":\"https:\\\/\\\/static.purejewels.com\\\/wp-content\\\/uploads\\\/2020\\\/11\\\/Logo-PJ-New-1.png\",\"contentUrl\":\"https:\\\/\\\/static.purejewels.com\\\/wp-content\\\/uploads\\\/2020\\\/11\\\/Logo-PJ-New-1.png\",\"width\":150,\"height\":80,\"caption\":\"PureJewels UK\"},\"image\":{\"@id\":\"https:\\\/\\\/www.purejewels.com\\\/#\\\/schema\\\/logo\\\/image\\\/\"}}]}<\/script>\n<!-- \/ Yoast SEO plugin. -->","yoast_head_json":{"title":"22 ayar alt\u0131n CZ a\u00e7\u0131k markiz k\u00fcpe | PureJewels Londra","description":"\u0130ki parlak k\u00fcbik zirkon ta\u015fla s\u00fcslenmi\u015f zarif 22 ayar alt\u0131n a\u00e7\u0131k markiz k\u00fcpe. PureJewels London'\u0131n modern ve zarif tasar\u0131m\u0131.","robots":{"index":"index","follow":"follow","max-snippet":"max-snippet:-1","max-image-preview":"max-image-preview:large","max-video-preview":"max-video-preview:-1"},"canonical":"https:\/\/www.purejewels.com\/tr\/urun\/22-ayar-altin-cz-saplama-kupe-8\/","og_locale":"tr_TR","og_type":"article","og_title":"22ct Gold CZ Open Marquise Stud Earrings | PureJewels London","og_description":"Elegant 22ct gold open marquise stud earrings set with two sparkling cubic zirconia stones. A modern, graceful design by PureJewels London.","og_url":"https:\/\/www.purejewels.com\/tr\/urun\/22-ayar-altin-cz-saplama-kupe-8\/","og_site_name":"PureJewels UK","article_modified_time":"2025-12-23T08:13:42+00:00","og_image":[{"width":1000,"height":1000,"url":"https:\/\/static.purejewels.com\/wp-content\/uploads\/2018\/11\/28529_1-1.png","type":"image\/png"}],"twitter_card":"summary_large_image","twitter_misc":{"Tahmini okuma s\u00fcresi":"1 dakika"},"schema":{"@context":"https:\/\/schema.org","@graph":[{"@type":["WebPage","ItemPage"],"@id":"https:\/\/www.purejewels.com\/product\/22ct-gold-cz-stud-earring-8\/","url":"https:\/\/www.purejewels.com\/product\/22ct-gold-cz-stud-earring-8\/","name":"22 ayar alt\u0131n CZ a\u00e7\u0131k markiz k\u00fcpe | PureJewels Londra","isPartOf":{"@id":"https:\/\/www.purejewels.com\/#website"},"primaryImageOfPage":{"@id":"https:\/\/www.purejewels.com\/product\/22ct-gold-cz-stud-earring-8\/#primaryimage"},"image":{"@id":"https:\/\/www.purejewels.com\/product\/22ct-gold-cz-stud-earring-8\/#primaryimage"},"thumbnailUrl":"https:\/\/static.purejewels.com\/wp-content\/uploads\/2018\/11\/28529_1-1.png","datePublished":"2018-11-22T11:26:09+00:00","dateModified":"2025-12-23T08:13:42+00:00","description":"\u0130ki parlak k\u00fcbik zirkon ta\u015fla s\u00fcslenmi\u015f zarif 22 ayar alt\u0131n a\u00e7\u0131k markiz k\u00fcpe. PureJewels London'\u0131n modern ve zarif tasar\u0131m\u0131.","breadcrumb":{"@id":"https:\/\/www.purejewels.com\/product\/22ct-gold-cz-stud-earring-8\/#breadcrumb"},"inLanguage":"tr","potentialAction":[{"@type":"ReadAction","target":["https:\/\/www.purejewels.com\/product\/22ct-gold-cz-stud-earring-8\/"]}]},{"@type":"ImageObject","inLanguage":"tr","@id":"https:\/\/www.purejewels.com\/product\/22ct-gold-cz-stud-earring-8\/#primaryimage","url":"https:\/\/static.purejewels.com\/wp-content\/uploads\/2018\/11\/28529_1-1.png","contentUrl":"https:\/\/static.purejewels.com\/wp-content\/uploads\/2018\/11\/28529_1-1.png","width":1000,"height":1000,"caption":"28529_1"},{"@type":"BreadcrumbList","@id":"https:\/\/www.purejewels.com\/product\/22ct-gold-cz-stud-earring-8\/#breadcrumb","itemListElement":[{"@type":"ListItem","position":1,"name":"Home","item":"https:\/\/www.purejewels.com\/"},{"@type":"ListItem","position":2,"name":"Shop","item":"https:\/\/www.purejewels.com\/shop\/"},{"@type":"ListItem","position":3,"name":"22ct Gold CZ Open Marquise Stud Earrings"}]},{"@type":"WebSite","@id":"https:\/\/www.purejewels.com\/#website","url":"https:\/\/www.purejewels.com\/","name":"PureJewels \u0130ngiltere","description":"Sevgiyi Payla\u015f\u0131n","publisher":{"@id":"https:\/\/www.purejewels.com\/#organization"},"potentialAction":[{"@type":"SearchAction","target":{"@type":"EntryPoint","urlTemplate":"https:\/\/www.purejewels.com\/?s={search_term_string}"},"query-input":{"@type":"PropertyValueSpecification","valueRequired":true,"valueName":"search_term_string"}}],"inLanguage":"tr"},{"@type":"Organization","@id":"https:\/\/www.purejewels.com\/#organization","name":"PureJewels \u0130ngiltere","url":"https:\/\/www.purejewels.com\/","logo":{"@type":"ImageObject","inLanguage":"tr","@id":"https:\/\/www.purejewels.com\/#\/schema\/logo\/image\/","url":"https:\/\/static.purejewels.com\/wp-content\/uploads\/2020\/11\/Logo-PJ-New-1.png","contentUrl":"https:\/\/static.purejewels.com\/wp-content\/uploads\/2020\/11\/Logo-PJ-New-1.png","width":150,"height":80,"caption":"PureJewels UK"},"image":{"@id":"https:\/\/www.purejewels.com\/#\/schema\/logo\/image\/"}}]}},"_links":{"self":[{"href":"https:\/\/www.purejewels.com\/tr\/wp-json\/wp\/v2\/product\/306267","targetHints":{"allow":["GET"]}}],"collection":[{"href":"https:\/\/www.purejewels.com\/tr\/wp-json\/wp\/v2\/product"}],"about":[{"href":"https:\/\/www.purejewels.com\/tr\/wp-json\/wp\/v2\/types\/product"}],"replies":[{"embeddable":true,"href":"https:\/\/www.purejewels.com\/tr\/wp-json\/wp\/v2\/comments?post=306267"}],"version-history":[{"count":3,"href":"https:\/\/www.purejewels.com\/tr\/wp-json\/wp\/v2\/product\/306267\/revisions"}],"predecessor-version":[{"id":423747,"href":"https:\/\/www.purejewels.com\/tr\/wp-json\/wp\/v2\/product\/306267\/revisions\/423747"}],"wp:featuredmedia":[{"embeddable":true,"href":"https:\/\/www.purejewels.com\/tr\/wp-json\/wp\/v2\/media\/306268"}],"wp:attachment":[{"href":"https:\/\/www.purejewels.com\/tr\/wp-json\/wp\/v2\/media?parent=306267"}],"wp:term":[{"taxonomy":"product_brand","embeddable":true,"href":"https:\/\/www.purejewels.com\/tr\/wp-json\/wp\/v2\/product_brand?post=306267"},{"taxonomy":"product_cat","embeddable":true,"href":"https:\/\/www.purejewels.com\/tr\/wp-json\/wp\/v2\/product_cat?post=306267"},{"taxonomy":"product_tag","embeddable":true,"href":"https:\/\/www.purejewels.com\/tr\/wp-json\/wp\/v2\/product_tag?post=306267"}],"curies":[{"name":"wp","href":"https:\/\/api.w.org\/{rel}","templated":true}]}}