{"id":306891,"date":"2018-12-06T07:41:34","date_gmt":"2018-12-06T07:41:34","guid":{"rendered":"https:\/\/www.purejewels.com\/?post_type=product&#038;p=306891"},"modified":"2026-03-24T10:07:31","modified_gmt":"2026-03-24T10:07:31","slug":"22-ayar-altin-gelin-kada","status":"publish","type":"product","link":"https:\/\/www.purejewels.com\/tr\/product\/22-carat-gold-bridal-kada\/","title":{"rendered":"Rozetler 22 Ayar Alt\u0131n \u00c7i\u00e7ekli Miras Gelin Kada"},"content":{"rendered":"<p>Tasar\u0131m<br \/>\nRosettes koleksiyonundan bu kada, g\u00fcl\u00fcn zamans\u0131z g\u00fczelli\u011finden ilham alan karma\u015f\u0131k \u00e7i\u00e7ek motifleriyle tan\u0131mlan\u0131yor. Y\u00fczey, formun etraf\u0131nda sorunsuzca akarak derinlik ve ritim yaratan yontulmu\u015f desenlerle zengin bir \u015fekilde katmanlanm\u0131\u015ft\u0131r. Cesur yap\u0131, organik detaylarla yumu\u015fat\u0131larak g\u00fc\u00e7 ve incelik aras\u0131ndaki dengeyi yans\u0131t\u0131yor.<\/p>\n<p>Zanaatkarl\u0131k<br \/>\n22 ayar alt\u0131ndan \u00fcretilen kada, hassas detayland\u0131rma ve \u00f6zenli sonland\u0131rma ile hayata ge\u00e7irilen geleneksel teknikleri sergiliyor. Tasar\u0131m genelinde tutarl\u0131l\u0131k ve zenginlik elde etmek i\u00e7in her bir unsur karma\u015f\u0131k bir \u015fekilde bi\u00e7imlendirilmi\u015ftir. \u0130\u00e7 y\u00fczey konfor i\u00e7in p\u00fcr\u00fczs\u00fcz bir \u015fekilde tamamlanm\u0131\u015ft\u0131r. Her bir par\u00e7a \u0130ngiltere'de damgalanarak sertifikal\u0131 alt\u0131n safl\u0131\u011f\u0131 ve g\u00fcvenilir i\u015f\u00e7ilik sa\u011flar.<\/p>\n<p>\u015eekillendirme &amp; Hediyele\u015fme<br \/>\nD\u00fc\u011f\u00fcnler, bayramlar ve \u00f6zel kutlamalar i\u00e7in ideal olan bu kada, k\u00f6kl\u00fc tasar\u0131m\u0131yla g\u00fc\u00e7l\u00fc bir duru\u015f sergiliyor. Geleneksel k\u0131yafetlerle g\u00fczel bir uyum sa\u011flar ve \u00e7a\u011fda\u015f stile derinlik katar. Zanaatkarl\u0131k k\u00fclt\u00fcr\u00fcn\u00fc ve kal\u0131c\u0131 zarafeti kutlayan anlaml\u0131 bir hediye.<\/p>","protected":false},"excerpt":{"rendered":"<ul>\n<li>Rozet Koleksiyonumuzdan Antik Kaplama ile 22 Ayar Alt\u0131n S\u00fcsl\u00fc kada<\/li>\n<li>Vidal\u0131 S\u0131rtl\u0131<\/li>\n<li>Boyut 2.4<\/li>\n<li>A\u011f\u0131rl\u0131k 35.2 g<\/li>\n<li>SKU.  28698<\/li>\n<li>T\u00fcm fiyatlara KDV dahildir<\/li>\n<li>T\u00fcm \u00fcr\u00fcnlerimiz London Assay Office taraf\u0131ndan damgalanm\u0131\u015ft\u0131r<\/li>\n<li>Sunum Kutusu ile Birlikte Gelir<\/li>\n<li>Teslimat Dahil<\/li>\n<li>Benzer Antik Alt\u0131n Tak\u0131 Tasar\u0131mlar\u0131n\u0131 ke\u015ffetmek i\u00e7in bizimle ileti\u015fime ge\u00e7in \/ whatsapp \u00fczerinden sohbet edin<\/li>\n<\/ul>","protected":false},"featured_media":307226,"comment_status":"closed","ping_status":"closed","template":"","meta":{"_eb_attr":"","_crsspst_to_jayantr4sg-hostcom":false},"product_brand":[],"product_cat":[1659,1656],"product_tag":[],"class_list":{"0":"post-306891","1":"product","2":"type-product","3":"status-publish","4":"has-post-thumbnail","6":"product_cat-bridal-and-party-wear-gold-kada-bangle","7":"product_cat-rosettes-collections","9":"first","10":"outofstock","11":"featured","12":"taxable","13":"shipping-taxable","14":"product-type-simple","15":"add-to-wishlist-before_image"},"yoast_head":"<!-- This site is optimized with the Yoast SEO plugin v27.3 - https:\/\/yoast.com\/product\/yoast-seo-wordpress\/ -->\n<title>Rosettes 22ct Gold Designer Bridal Kada | PureJewels UK<\/title>\n<meta name=\"description\" content=\"Shop the Rosettes 22ct gold kada featuring intricate floral detailing and heritage craftsmanship. Handcrafted and UK hallmarked for purity.\" \/>\n<meta name=\"robots\" content=\"index, follow, max-snippet:-1, max-image-preview:large, max-video-preview:-1\" \/>\n<link rel=\"canonical\" href=\"https:\/\/www.purejewels.com\/tr\/urun\/22-ayar-altin-gelin-kada\/\" \/>\n<meta property=\"og:locale\" content=\"tr_TR\" \/>\n<meta property=\"og:type\" content=\"article\" \/>\n<meta property=\"og:title\" content=\"Rosettes 22ct Gold Designer Bridal Kada | PureJewels UK\" \/>\n<meta property=\"og:description\" content=\"Shop the Rosettes 22ct gold kada featuring intricate floral detailing and heritage craftsmanship. Handcrafted and UK hallmarked for purity.\" \/>\n<meta property=\"og:url\" content=\"https:\/\/www.purejewels.com\/tr\/urun\/22-ayar-altin-gelin-kada\/\" \/>\n<meta property=\"og:site_name\" content=\"PureJewels UK\" \/>\n<meta property=\"article:modified_time\" content=\"2026-03-24T10:07:31+00:00\" \/>\n<meta property=\"og:image\" content=\"https:\/\/static.purejewels.com\/wp-content\/uploads\/2018\/12\/2018-11-20-17-11-43-CIMG_0047.png\" \/>\n\t<meta property=\"og:image:width\" content=\"1000\" \/>\n\t<meta property=\"og:image:height\" content=\"1000\" \/>\n\t<meta property=\"og:image:type\" content=\"image\/png\" \/>\n<meta name=\"twitter:card\" content=\"summary_large_image\" \/>\n<meta name=\"twitter:label1\" content=\"Tahmini okuma s\u00fcresi\" \/>\n\t<meta name=\"twitter:data1\" content=\"1 dakika\" \/>\n<script type=\"application\/ld+json\" class=\"yoast-schema-graph\">{\"@context\":\"https:\\\/\\\/schema.org\",\"@graph\":[{\"@type\":[\"WebPage\",\"ItemPage\"],\"@id\":\"https:\\\/\\\/www.purejewels.com\\\/product\\\/22-carat-gold-bridal-kada\\\/\",\"url\":\"https:\\\/\\\/www.purejewels.com\\\/product\\\/22-carat-gold-bridal-kada\\\/\",\"name\":\"Rosettes 22ct Gold Designer Bridal Kada | PureJewels UK\",\"isPartOf\":{\"@id\":\"https:\\\/\\\/www.purejewels.com\\\/#website\"},\"primaryImageOfPage\":{\"@id\":\"https:\\\/\\\/www.purejewels.com\\\/product\\\/22-carat-gold-bridal-kada\\\/#primaryimage\"},\"image\":{\"@id\":\"https:\\\/\\\/www.purejewels.com\\\/product\\\/22-carat-gold-bridal-kada\\\/#primaryimage\"},\"thumbnailUrl\":\"https:\\\/\\\/static.purejewels.com\\\/wp-content\\\/uploads\\\/2018\\\/12\\\/2018-11-20-17-11-43-CIMG_0047.png\",\"datePublished\":\"2018-12-06T07:41:34+00:00\",\"dateModified\":\"2026-03-24T10:07:31+00:00\",\"description\":\"Shop the Rosettes 22ct gold kada featuring intricate floral detailing and heritage craftsmanship. Handcrafted and UK hallmarked for purity.\",\"breadcrumb\":{\"@id\":\"https:\\\/\\\/www.purejewels.com\\\/product\\\/22-carat-gold-bridal-kada\\\/#breadcrumb\"},\"inLanguage\":\"tr\",\"potentialAction\":[{\"@type\":\"ReadAction\",\"target\":[\"https:\\\/\\\/www.purejewels.com\\\/product\\\/22-carat-gold-bridal-kada\\\/\"]}]},{\"@type\":\"ImageObject\",\"inLanguage\":\"tr\",\"@id\":\"https:\\\/\\\/www.purejewels.com\\\/product\\\/22-carat-gold-bridal-kada\\\/#primaryimage\",\"url\":\"https:\\\/\\\/static.purejewels.com\\\/wp-content\\\/uploads\\\/2018\\\/12\\\/2018-11-20-17-11-43-CIMG_0047.png\",\"contentUrl\":\"https:\\\/\\\/static.purejewels.com\\\/wp-content\\\/uploads\\\/2018\\\/12\\\/2018-11-20-17-11-43-CIMG_0047.png\",\"width\":1000,\"height\":1000,\"caption\":\"2018-11-20 17-11-43 (C)IMG_0047\"},{\"@type\":\"BreadcrumbList\",\"@id\":\"https:\\\/\\\/www.purejewels.com\\\/product\\\/22-carat-gold-bridal-kada\\\/#breadcrumb\",\"itemListElement\":[{\"@type\":\"ListItem\",\"position\":1,\"name\":\"Home\",\"item\":\"https:\\\/\\\/www.purejewels.com\\\/\"},{\"@type\":\"ListItem\",\"position\":2,\"name\":\"Shop\",\"item\":\"https:\\\/\\\/www.purejewels.com\\\/shop\\\/\"},{\"@type\":\"ListItem\",\"position\":3,\"name\":\"Rosettes 22ct Gold Floral Heritage Bridal Kada\"}]},{\"@type\":\"WebSite\",\"@id\":\"https:\\\/\\\/www.purejewels.com\\\/#website\",\"url\":\"https:\\\/\\\/www.purejewels.com\\\/\",\"name\":\"PureJewels UK\",\"description\":\"Share the Love\",\"publisher\":{\"@id\":\"https:\\\/\\\/www.purejewels.com\\\/#organization\"},\"potentialAction\":[{\"@type\":\"SearchAction\",\"target\":{\"@type\":\"EntryPoint\",\"urlTemplate\":\"https:\\\/\\\/www.purejewels.com\\\/?s={search_term_string}\"},\"query-input\":{\"@type\":\"PropertyValueSpecification\",\"valueRequired\":true,\"valueName\":\"search_term_string\"}}],\"inLanguage\":\"tr\"},{\"@type\":\"Organization\",\"@id\":\"https:\\\/\\\/www.purejewels.com\\\/#organization\",\"name\":\"PureJewels UK\",\"url\":\"https:\\\/\\\/www.purejewels.com\\\/\",\"logo\":{\"@type\":\"ImageObject\",\"inLanguage\":\"tr\",\"@id\":\"https:\\\/\\\/www.purejewels.com\\\/#\\\/schema\\\/logo\\\/image\\\/\",\"url\":\"https:\\\/\\\/static.purejewels.com\\\/wp-content\\\/uploads\\\/2020\\\/11\\\/Logo-PJ-New-1.png\",\"contentUrl\":\"https:\\\/\\\/static.purejewels.com\\\/wp-content\\\/uploads\\\/2020\\\/11\\\/Logo-PJ-New-1.png\",\"width\":150,\"height\":80,\"caption\":\"PureJewels UK\"},\"image\":{\"@id\":\"https:\\\/\\\/www.purejewels.com\\\/#\\\/schema\\\/logo\\\/image\\\/\"}}]}<\/script>\n<!-- \/ Yoast SEO plugin. -->","yoast_head_json":{"title":"Rozetler 22 Ayar Alt\u0131n Tasar\u0131m Gelin Kada | PureJewels UK","description":"Karma\u015f\u0131k \u00e7i\u00e7ek detaylar\u0131na ve tarihi i\u015f\u00e7ili\u011fe sahip Rozetler 22 ayar alt\u0131n kada'y\u0131 sat\u0131n al\u0131n. El yap\u0131m\u0131d\u0131r ve safl\u0131k i\u00e7in \u0130ngiltere damgal\u0131d\u0131r.","robots":{"index":"index","follow":"follow","max-snippet":"max-snippet:-1","max-image-preview":"max-image-preview:large","max-video-preview":"max-video-preview:-1"},"canonical":"https:\/\/www.purejewels.com\/tr\/urun\/22-ayar-altin-gelin-kada\/","og_locale":"tr_TR","og_type":"article","og_title":"Rosettes 22ct Gold Designer Bridal Kada | PureJewels UK","og_description":"Shop the Rosettes 22ct gold kada featuring intricate floral detailing and heritage craftsmanship. Handcrafted and UK hallmarked for purity.","og_url":"https:\/\/www.purejewels.com\/tr\/urun\/22-ayar-altin-gelin-kada\/","og_site_name":"PureJewels UK","article_modified_time":"2026-03-24T10:07:31+00:00","og_image":[{"width":1000,"height":1000,"url":"https:\/\/static.purejewels.com\/wp-content\/uploads\/2018\/12\/2018-11-20-17-11-43-CIMG_0047.png","type":"image\/png"}],"twitter_card":"summary_large_image","twitter_misc":{"Tahmini okuma s\u00fcresi":"1 dakika"},"schema":{"@context":"https:\/\/schema.org","@graph":[{"@type":["WebPage","ItemPage"],"@id":"https:\/\/www.purejewels.com\/product\/22-carat-gold-bridal-kada\/","url":"https:\/\/www.purejewels.com\/product\/22-carat-gold-bridal-kada\/","name":"Rozetler 22 Ayar Alt\u0131n Tasar\u0131m Gelin Kada | PureJewels UK","isPartOf":{"@id":"https:\/\/www.purejewels.com\/#website"},"primaryImageOfPage":{"@id":"https:\/\/www.purejewels.com\/product\/22-carat-gold-bridal-kada\/#primaryimage"},"image":{"@id":"https:\/\/www.purejewels.com\/product\/22-carat-gold-bridal-kada\/#primaryimage"},"thumbnailUrl":"https:\/\/static.purejewels.com\/wp-content\/uploads\/2018\/12\/2018-11-20-17-11-43-CIMG_0047.png","datePublished":"2018-12-06T07:41:34+00:00","dateModified":"2026-03-24T10:07:31+00:00","description":"Karma\u015f\u0131k \u00e7i\u00e7ek detaylar\u0131na ve tarihi i\u015f\u00e7ili\u011fe sahip Rozetler 22 ayar alt\u0131n kada'y\u0131 sat\u0131n al\u0131n. El yap\u0131m\u0131d\u0131r ve safl\u0131k i\u00e7in \u0130ngiltere damgal\u0131d\u0131r.","breadcrumb":{"@id":"https:\/\/www.purejewels.com\/product\/22-carat-gold-bridal-kada\/#breadcrumb"},"inLanguage":"tr","potentialAction":[{"@type":"ReadAction","target":["https:\/\/www.purejewels.com\/product\/22-carat-gold-bridal-kada\/"]}]},{"@type":"ImageObject","inLanguage":"tr","@id":"https:\/\/www.purejewels.com\/product\/22-carat-gold-bridal-kada\/#primaryimage","url":"https:\/\/static.purejewels.com\/wp-content\/uploads\/2018\/12\/2018-11-20-17-11-43-CIMG_0047.png","contentUrl":"https:\/\/static.purejewels.com\/wp-content\/uploads\/2018\/12\/2018-11-20-17-11-43-CIMG_0047.png","width":1000,"height":1000,"caption":"2018-11-20 17-11-43 (C)IMG_0047"},{"@type":"BreadcrumbList","@id":"https:\/\/www.purejewels.com\/product\/22-carat-gold-bridal-kada\/#breadcrumb","itemListElement":[{"@type":"ListItem","position":1,"name":"Home","item":"https:\/\/www.purejewels.com\/"},{"@type":"ListItem","position":2,"name":"Shop","item":"https:\/\/www.purejewels.com\/shop\/"},{"@type":"ListItem","position":3,"name":"Rosettes 22ct Gold Floral Heritage Bridal Kada"}]},{"@type":"WebSite","@id":"https:\/\/www.purejewels.com\/#website","url":"https:\/\/www.purejewels.com\/","name":"PureJewels \u0130ngiltere","description":"Sevgiyi Payla\u015f\u0131n","publisher":{"@id":"https:\/\/www.purejewels.com\/#organization"},"potentialAction":[{"@type":"SearchAction","target":{"@type":"EntryPoint","urlTemplate":"https:\/\/www.purejewels.com\/?s={search_term_string}"},"query-input":{"@type":"PropertyValueSpecification","valueRequired":true,"valueName":"search_term_string"}}],"inLanguage":"tr"},{"@type":"Organization","@id":"https:\/\/www.purejewels.com\/#organization","name":"PureJewels \u0130ngiltere","url":"https:\/\/www.purejewels.com\/","logo":{"@type":"ImageObject","inLanguage":"tr","@id":"https:\/\/www.purejewels.com\/#\/schema\/logo\/image\/","url":"https:\/\/static.purejewels.com\/wp-content\/uploads\/2020\/11\/Logo-PJ-New-1.png","contentUrl":"https:\/\/static.purejewels.com\/wp-content\/uploads\/2020\/11\/Logo-PJ-New-1.png","width":150,"height":80,"caption":"PureJewels UK"},"image":{"@id":"https:\/\/www.purejewels.com\/#\/schema\/logo\/image\/"}}]}},"_links":{"self":[{"href":"https:\/\/www.purejewels.com\/tr\/wp-json\/wp\/v2\/product\/306891","targetHints":{"allow":["GET"]}}],"collection":[{"href":"https:\/\/www.purejewels.com\/tr\/wp-json\/wp\/v2\/product"}],"about":[{"href":"https:\/\/www.purejewels.com\/tr\/wp-json\/wp\/v2\/types\/product"}],"replies":[{"embeddable":true,"href":"https:\/\/www.purejewels.com\/tr\/wp-json\/wp\/v2\/comments?post=306891"}],"version-history":[{"count":2,"href":"https:\/\/www.purejewels.com\/tr\/wp-json\/wp\/v2\/product\/306891\/revisions"}],"predecessor-version":[{"id":427532,"href":"https:\/\/www.purejewels.com\/tr\/wp-json\/wp\/v2\/product\/306891\/revisions\/427532"}],"wp:featuredmedia":[{"embeddable":true,"href":"https:\/\/www.purejewels.com\/tr\/wp-json\/wp\/v2\/media\/307226"}],"wp:attachment":[{"href":"https:\/\/www.purejewels.com\/tr\/wp-json\/wp\/v2\/media?parent=306891"}],"wp:term":[{"taxonomy":"product_brand","embeddable":true,"href":"https:\/\/www.purejewels.com\/tr\/wp-json\/wp\/v2\/product_brand?post=306891"},{"taxonomy":"product_cat","embeddable":true,"href":"https:\/\/www.purejewels.com\/tr\/wp-json\/wp\/v2\/product_cat?post=306891"},{"taxonomy":"product_tag","embeddable":true,"href":"https:\/\/www.purejewels.com\/tr\/wp-json\/wp\/v2\/product_tag?post=306891"}],"curies":[{"name":"wp","href":"https:\/\/api.w.org\/{rel}","templated":true}]}}