{"id":306926,"date":"2018-12-06T12:20:30","date_gmt":"2018-12-06T12:20:30","guid":{"rendered":"https:\/\/www.purejewels.com\/?post_type=product&#038;p=306926"},"modified":"2026-01-10T16:13:54","modified_gmt":"2026-01-10T16:13:54","slug":"som-altin-bileklik","status":"publish","type":"product","link":"https:\/\/www.purejewels.com\/tr\/product\/solid-gold-bangle\/","title":{"rendered":"22ct Som Alt\u0131n Bileklik"},"content":{"rendered":"<p>Bu \u00e7arp\u0131c\u0131 22 ayar som alt\u0131n bileklik, g\u00fcnl\u00fck kullan\u0131m i\u00e7in m\u00fckemmel bir aksesuard\u0131r ve her k\u0131yafete \u015f\u0131kl\u0131k ve l\u00fcks bir dokunu\u015f katar. Y\u00fcksek kaliteli 22 ayar alt\u0131ndan \u00fcretilen ve Londra Assay Office taraf\u0131ndan damgalanan bu bileklik, \u00f6m\u00fcr boyu kullan\u0131labilecek zamans\u0131z bir par\u00e7ad\u0131r. Karma\u015f\u0131k Jali telkari tasar\u0131m\u0131, bilekli\u011fe benzersiz ve karma\u015f\u0131k bir dokunu\u015f katarak onu m\u00fccevher koleksiyonunuzda g\u00f6ze \u00e7arpan bir par\u00e7a haline getirir.<\/p>\n<p>2,6 beden olarak sunulan ve di\u011fer bedenler hakk\u0131nda bilgi alma se\u00e7ene\u011fi bulunan bu bileklik \u00e7ok y\u00f6nl\u00fcd\u00fcr ve tek ba\u015f\u0131na tak\u0131labilece\u011fi gibi daha dramatik bir g\u00f6r\u00fcn\u00fcm i\u00e7in di\u011fer bilekliklerle de istiflenebilir. Her bir bileklik bir sunum kutusunda g\u00fczelce paketlenmi\u015f olarak gelir ve sevdikleriniz i\u00e7in m\u00fckemmel bir hediye veya kendiniz i\u00e7in \u00f6zel bir ikramd\u0131r.<\/p>\n<p>Bu zarif som alt\u0131n bilekli\u011fe sahip olma f\u0131rsat\u0131n\u0131 ka\u00e7\u0131rmay\u0131n. Hemen sipari\u015f verin ve \u00fccretsiz takipli teslimat\u0131n, g\u00fcvenli \u00e7evrimi\u00e7i \u00f6demelerin ve 15 g\u00fcnl\u00fck para iade garantisinin keyfini \u00e7\u0131kar\u0131n. Bu g\u00fczel bilekli\u011fi bug\u00fcn koleksiyonunuza ekleyin ve stilinizi l\u00fcks bir dokunu\u015fla y\u00fckseltin.<\/p>","protected":false},"excerpt":{"rendered":"<table class=\"sh_desc\">\n<tbody>\n<tr>\n<td>Bileklik T\u00fcr\u00fc<\/td>\n<td>G\u00fcnl\u00fck Giyim Bileklik<\/td>\n<\/tr>\n<tr>\n<td>SKU<\/td>\n<td>12899, 12900<\/td>\n<\/tr>\n<tr>\n<td>A\u011f\u0131rl\u0131k<\/td>\n<td>23.6<\/td>\n<\/tr>\n<tr>\n<td>Metal<\/td>\n<td>22 Ayar Alt\u0131n<\/td>\n<\/tr>\n<tr>\n<td>Bileklik \u00d6l\u00e7\u00fcs\u00fc<\/td>\n<td>2.6 (Ek boyutlar i\u00e7in l\u00fctfen sorunuz)<\/td>\n<\/tr>\n<tr>\n<td>Hallmark<\/td>\n<td>Londra Tahlil Ofisi Taraf\u0131ndan Damgalanm\u0131\u015f 22 Ayar Alt\u0131n<\/td>\n<\/tr>\n<tr>\n<td>\u00dccretler<\/td>\n<td>Teslimat ve KDV Dahil<\/td>\n<\/tr>\n<tr>\n<td>Paketleme<\/td>\n<td>Sunum Kutusu ile Birlikte Gelir<\/td>\n<\/tr>\n<tr>\n<td>Daha Fazla Bilgi<\/td>\n<td>\n<ul>\n<li>Not: Burada belirtilen fiyat Tek Bileklik i\u00e7indir<\/li>\n<li>M\u00fcsaitlik durumu ve daha fazla resim i\u00e7in bizimle canl\u0131 sohbet edin<\/li>\n<li>Kontrol etmek i\u00e7in buraya t\u0131klay\u0131n <strong>Bileklik \u00d6l\u00e7\u00fcs\u00fc<\/strong><\/li>\n<li>Daha fazla alt\u0131n bilezik ke\u015ffedin<\/li>\n<\/ul>\n<\/td>\n<\/tr>\n<\/tbody>\n<\/table>","protected":false},"featured_media":346303,"comment_status":"closed","ping_status":"closed","template":"","meta":{"_eb_attr":"","_crsspst_to_jayantr4sg-hostcom":true},"product_brand":[],"product_cat":[1791,1233,5606,252,5271,1657,1574],"product_tag":[4124],"class_list":{"0":"post-306926","1":"product","2":"type-product","3":"status-publish","4":"has-post-thumbnail","6":"product_cat-anniversary-gifts","7":"product_cat-gold-bangles","8":"product_cat-jali-filigree-bangles","9":"product_cat-jali-collections","10":"product_cat-occasion-wear-bangles","11":"product_cat-single-bangle","12":"product_cat-womens-jewellery","13":"product_tag-bangles-for-sale","15":"first","16":"outofstock","17":"sale","18":"taxable","19":"shipping-taxable","20":"product-type-simple","21":"add-to-wishlist-before_image"},"yoast_head":"<!-- This site is optimized with the Yoast SEO plugin v27.3 - https:\/\/yoast.com\/product\/yoast-seo-wordpress\/ -->\n<title>Solid Gold Bangle in 22ct | Daily Wear Bangle UK<\/title>\n<meta name=\"description\" content=\"Discover wide range of bangles at London. Pick this beautiful filigree bangle. Free delivery &amp; hassle free returns on all orders.\" \/>\n<meta name=\"robots\" content=\"index, follow, max-snippet:-1, max-image-preview:large, max-video-preview:-1\" \/>\n<link rel=\"canonical\" href=\"https:\/\/www.purejewels.com\/tr\/urun\/som-altin-bileklik\/\" \/>\n<meta property=\"og:locale\" content=\"tr_TR\" \/>\n<meta property=\"og:type\" content=\"article\" \/>\n<meta property=\"og:title\" content=\"Solid Gold Bangle in 22ct | Daily Wear Bangle UK\" \/>\n<meta property=\"og:description\" content=\"Discover wide range of bangles at London. Pick this beautiful filigree bangle. Free delivery &amp; hassle free returns on all orders.\" \/>\n<meta property=\"og:url\" content=\"https:\/\/www.purejewels.com\/tr\/urun\/som-altin-bileklik\/\" \/>\n<meta property=\"og:site_name\" content=\"PureJewels UK\" \/>\n<meta property=\"article:modified_time\" content=\"2026-01-10T16:13:54+00:00\" \/>\n<meta property=\"og:image\" content=\"https:\/\/www.purejewels.com\/wp-content\/uploads\/2018\/12\/SKU-12900-12899.jpg\" \/>\n\t<meta property=\"og:image:width\" content=\"1000\" \/>\n\t<meta property=\"og:image:height\" content=\"1000\" \/>\n\t<meta property=\"og:image:type\" content=\"image\/jpeg\" \/>\n<meta name=\"twitter:card\" content=\"summary_large_image\" \/>\n<meta name=\"twitter:label1\" content=\"Tahmini okuma s\u00fcresi\" \/>\n\t<meta name=\"twitter:data1\" content=\"1 dakika\" \/>\n<script type=\"application\/ld+json\" class=\"yoast-schema-graph\">{\"@context\":\"https:\\\/\\\/schema.org\",\"@graph\":[{\"@type\":[\"WebPage\",\"ItemPage\"],\"@id\":\"https:\\\/\\\/www.purejewels.com\\\/product\\\/solid-gold-bangle\\\/\",\"url\":\"https:\\\/\\\/www.purejewels.com\\\/product\\\/solid-gold-bangle\\\/\",\"name\":\"Solid Gold Bangle in 22ct | Daily Wear Bangle UK\",\"isPartOf\":{\"@id\":\"https:\\\/\\\/www.purejewels.com\\\/#website\"},\"primaryImageOfPage\":{\"@id\":\"https:\\\/\\\/www.purejewels.com\\\/product\\\/solid-gold-bangle\\\/#primaryimage\"},\"image\":{\"@id\":\"https:\\\/\\\/www.purejewels.com\\\/product\\\/solid-gold-bangle\\\/#primaryimage\"},\"thumbnailUrl\":\"https:\\\/\\\/static.purejewels.com\\\/wp-content\\\/uploads\\\/2018\\\/12\\\/SKU-12900-12899.jpg\",\"datePublished\":\"2018-12-06T12:20:30+00:00\",\"dateModified\":\"2026-01-10T16:13:54+00:00\",\"description\":\"Discover wide range of bangles at London. Pick this beautiful filigree bangle. Free delivery & hassle free returns on all orders.\",\"breadcrumb\":{\"@id\":\"https:\\\/\\\/www.purejewels.com\\\/product\\\/solid-gold-bangle\\\/#breadcrumb\"},\"inLanguage\":\"tr\",\"potentialAction\":[{\"@type\":\"ReadAction\",\"target\":[\"https:\\\/\\\/www.purejewels.com\\\/product\\\/solid-gold-bangle\\\/\"]}]},{\"@type\":\"ImageObject\",\"inLanguage\":\"tr\",\"@id\":\"https:\\\/\\\/www.purejewels.com\\\/product\\\/solid-gold-bangle\\\/#primaryimage\",\"url\":\"https:\\\/\\\/static.purejewels.com\\\/wp-content\\\/uploads\\\/2018\\\/12\\\/SKU-12900-12899.jpg\",\"contentUrl\":\"https:\\\/\\\/static.purejewels.com\\\/wp-content\\\/uploads\\\/2018\\\/12\\\/SKU-12900-12899.jpg\",\"width\":1000,\"height\":1000,\"caption\":\"Solid Gold Bangle in 22ct\"},{\"@type\":\"BreadcrumbList\",\"@id\":\"https:\\\/\\\/www.purejewels.com\\\/product\\\/solid-gold-bangle\\\/#breadcrumb\",\"itemListElement\":[{\"@type\":\"ListItem\",\"position\":1,\"name\":\"Home\",\"item\":\"https:\\\/\\\/www.purejewels.com\\\/\"},{\"@type\":\"ListItem\",\"position\":2,\"name\":\"Shop\",\"item\":\"https:\\\/\\\/www.purejewels.com\\\/shop\\\/\"},{\"@type\":\"ListItem\",\"position\":3,\"name\":\"Solid Gold Bangle in 22ct\"}]},{\"@type\":\"WebSite\",\"@id\":\"https:\\\/\\\/www.purejewels.com\\\/#website\",\"url\":\"https:\\\/\\\/www.purejewels.com\\\/\",\"name\":\"PureJewels UK\",\"description\":\"Share the Love\",\"publisher\":{\"@id\":\"https:\\\/\\\/www.purejewels.com\\\/#organization\"},\"potentialAction\":[{\"@type\":\"SearchAction\",\"target\":{\"@type\":\"EntryPoint\",\"urlTemplate\":\"https:\\\/\\\/www.purejewels.com\\\/?s={search_term_string}\"},\"query-input\":{\"@type\":\"PropertyValueSpecification\",\"valueRequired\":true,\"valueName\":\"search_term_string\"}}],\"inLanguage\":\"tr\"},{\"@type\":\"Organization\",\"@id\":\"https:\\\/\\\/www.purejewels.com\\\/#organization\",\"name\":\"PureJewels UK\",\"url\":\"https:\\\/\\\/www.purejewels.com\\\/\",\"logo\":{\"@type\":\"ImageObject\",\"inLanguage\":\"tr\",\"@id\":\"https:\\\/\\\/www.purejewels.com\\\/#\\\/schema\\\/logo\\\/image\\\/\",\"url\":\"https:\\\/\\\/static.purejewels.com\\\/wp-content\\\/uploads\\\/2020\\\/11\\\/Logo-PJ-New-1.png\",\"contentUrl\":\"https:\\\/\\\/static.purejewels.com\\\/wp-content\\\/uploads\\\/2020\\\/11\\\/Logo-PJ-New-1.png\",\"width\":150,\"height\":80,\"caption\":\"PureJewels UK\"},\"image\":{\"@id\":\"https:\\\/\\\/www.purejewels.com\\\/#\\\/schema\\\/logo\\\/image\\\/\"}}]}<\/script>\n<!-- \/ Yoast SEO plugin. -->","yoast_head_json":{"title":"22ct Som Alt\u0131n Bileklik | G\u00fcnl\u00fck Giyim Bileklik \u0130ngiltere","description":"London'daki geni\u015f bileklik yelpazesini ke\u015ffedin. Bu g\u00fczel telkari bilekli\u011fi se\u00e7in. T\u00fcm sipari\u015flerde \u00fccretsiz teslimat ve sorunsuz iade.","robots":{"index":"index","follow":"follow","max-snippet":"max-snippet:-1","max-image-preview":"max-image-preview:large","max-video-preview":"max-video-preview:-1"},"canonical":"https:\/\/www.purejewels.com\/tr\/urun\/som-altin-bileklik\/","og_locale":"tr_TR","og_type":"article","og_title":"Solid Gold Bangle in 22ct | Daily Wear Bangle UK","og_description":"Discover wide range of bangles at London. Pick this beautiful filigree bangle. Free delivery & hassle free returns on all orders.","og_url":"https:\/\/www.purejewels.com\/tr\/urun\/som-altin-bileklik\/","og_site_name":"PureJewels UK","article_modified_time":"2026-01-10T16:13:54+00:00","og_image":[{"width":1000,"height":1000,"url":"https:\/\/www.purejewels.com\/wp-content\/uploads\/2018\/12\/SKU-12900-12899.jpg","type":"image\/jpeg"}],"twitter_card":"summary_large_image","twitter_misc":{"Tahmini okuma s\u00fcresi":"1 dakika"},"schema":{"@context":"https:\/\/schema.org","@graph":[{"@type":["WebPage","ItemPage"],"@id":"https:\/\/www.purejewels.com\/product\/solid-gold-bangle\/","url":"https:\/\/www.purejewels.com\/product\/solid-gold-bangle\/","name":"22ct Som Alt\u0131n Bileklik | G\u00fcnl\u00fck Giyim Bileklik \u0130ngiltere","isPartOf":{"@id":"https:\/\/www.purejewels.com\/#website"},"primaryImageOfPage":{"@id":"https:\/\/www.purejewels.com\/product\/solid-gold-bangle\/#primaryimage"},"image":{"@id":"https:\/\/www.purejewels.com\/product\/solid-gold-bangle\/#primaryimage"},"thumbnailUrl":"https:\/\/static.purejewels.com\/wp-content\/uploads\/2018\/12\/SKU-12900-12899.jpg","datePublished":"2018-12-06T12:20:30+00:00","dateModified":"2026-01-10T16:13:54+00:00","description":"London'daki geni\u015f bileklik yelpazesini ke\u015ffedin. Bu g\u00fczel telkari bilekli\u011fi se\u00e7in. T\u00fcm sipari\u015flerde \u00fccretsiz teslimat ve sorunsuz iade.","breadcrumb":{"@id":"https:\/\/www.purejewels.com\/product\/solid-gold-bangle\/#breadcrumb"},"inLanguage":"tr","potentialAction":[{"@type":"ReadAction","target":["https:\/\/www.purejewels.com\/product\/solid-gold-bangle\/"]}]},{"@type":"ImageObject","inLanguage":"tr","@id":"https:\/\/www.purejewels.com\/product\/solid-gold-bangle\/#primaryimage","url":"https:\/\/static.purejewels.com\/wp-content\/uploads\/2018\/12\/SKU-12900-12899.jpg","contentUrl":"https:\/\/static.purejewels.com\/wp-content\/uploads\/2018\/12\/SKU-12900-12899.jpg","width":1000,"height":1000,"caption":"Solid Gold Bangle in 22ct"},{"@type":"BreadcrumbList","@id":"https:\/\/www.purejewels.com\/product\/solid-gold-bangle\/#breadcrumb","itemListElement":[{"@type":"ListItem","position":1,"name":"Home","item":"https:\/\/www.purejewels.com\/"},{"@type":"ListItem","position":2,"name":"Shop","item":"https:\/\/www.purejewels.com\/shop\/"},{"@type":"ListItem","position":3,"name":"Solid Gold Bangle in 22ct"}]},{"@type":"WebSite","@id":"https:\/\/www.purejewels.com\/#website","url":"https:\/\/www.purejewels.com\/","name":"PureJewels \u0130ngiltere","description":"Sevgiyi Payla\u015f\u0131n","publisher":{"@id":"https:\/\/www.purejewels.com\/#organization"},"potentialAction":[{"@type":"SearchAction","target":{"@type":"EntryPoint","urlTemplate":"https:\/\/www.purejewels.com\/?s={search_term_string}"},"query-input":{"@type":"PropertyValueSpecification","valueRequired":true,"valueName":"search_term_string"}}],"inLanguage":"tr"},{"@type":"Organization","@id":"https:\/\/www.purejewels.com\/#organization","name":"PureJewels \u0130ngiltere","url":"https:\/\/www.purejewels.com\/","logo":{"@type":"ImageObject","inLanguage":"tr","@id":"https:\/\/www.purejewels.com\/#\/schema\/logo\/image\/","url":"https:\/\/static.purejewels.com\/wp-content\/uploads\/2020\/11\/Logo-PJ-New-1.png","contentUrl":"https:\/\/static.purejewels.com\/wp-content\/uploads\/2020\/11\/Logo-PJ-New-1.png","width":150,"height":80,"caption":"PureJewels UK"},"image":{"@id":"https:\/\/www.purejewels.com\/#\/schema\/logo\/image\/"}}]}},"_links":{"self":[{"href":"https:\/\/www.purejewels.com\/tr\/wp-json\/wp\/v2\/product\/306926","targetHints":{"allow":["GET"]}}],"collection":[{"href":"https:\/\/www.purejewels.com\/tr\/wp-json\/wp\/v2\/product"}],"about":[{"href":"https:\/\/www.purejewels.com\/tr\/wp-json\/wp\/v2\/types\/product"}],"replies":[{"embeddable":true,"href":"https:\/\/www.purejewels.com\/tr\/wp-json\/wp\/v2\/comments?post=306926"}],"version-history":[{"count":3,"href":"https:\/\/www.purejewels.com\/tr\/wp-json\/wp\/v2\/product\/306926\/revisions"}],"predecessor-version":[{"id":420242,"href":"https:\/\/www.purejewels.com\/tr\/wp-json\/wp\/v2\/product\/306926\/revisions\/420242"}],"wp:featuredmedia":[{"embeddable":true,"href":"https:\/\/www.purejewels.com\/tr\/wp-json\/wp\/v2\/media\/346303"}],"wp:attachment":[{"href":"https:\/\/www.purejewels.com\/tr\/wp-json\/wp\/v2\/media?parent=306926"}],"wp:term":[{"taxonomy":"product_brand","embeddable":true,"href":"https:\/\/www.purejewels.com\/tr\/wp-json\/wp\/v2\/product_brand?post=306926"},{"taxonomy":"product_cat","embeddable":true,"href":"https:\/\/www.purejewels.com\/tr\/wp-json\/wp\/v2\/product_cat?post=306926"},{"taxonomy":"product_tag","embeddable":true,"href":"https:\/\/www.purejewels.com\/tr\/wp-json\/wp\/v2\/product_tag?post=306926"}],"curies":[{"name":"wp","href":"https:\/\/api.w.org\/{rel}","templated":true}]}}