{"id":306979,"date":"2024-06-25T08:05:08","date_gmt":"2024-06-25T07:05:08","guid":{"rendered":"https:\/\/www.purejewels.com\/?post_type=product&#038;p=306979"},"modified":"2026-02-05T05:53:03","modified_gmt":"2026-02-05T05:53:03","slug":"antik-kaplamali-22-ayar-altin-kada","status":"publish","type":"product","link":"https:\/\/www.purejewels.com\/tr\/product\/22-karat-gold-kada-with-antique-finish\/","title":{"rendered":"Antik Kaplama ile 22 Ayar Alt\u0131n Kada"},"content":{"rendered":"<p data-start=\"408\" data-end=\"842\"><strong data-start=\"408\" data-end=\"426\">Tasar\u0131m Konsepti<\/strong><br data-start=\"426\" data-end=\"429\" \/>Vintage \u00e7i\u00e7ek sanat\u0131ndan ve g\u00f6rkemli Hint gelin geleneklerinden esinlenen Rosettes Koleksiyonu'ndan bu 22 Ayar Alt\u0131n Kada, i\u015f\u00e7ilik ve zarafetin \u00e7arp\u0131c\u0131 bir kutlamas\u0131d\u0131r. Kada <a href=\"https:\/\/www.purejewels.com\/tr\/armari-collection\/\">antika kaplama<\/a> heykelsi g\u00fczelli\u011fini art\u0131r\u0131rken, karma\u015f\u0131k motifler a\u015fk\u0131, sonsuzlu\u011fu ve zarafeti simgeleyen klasik rozet formundan ilham al\u0131r. Bu bileklik, sessiz bir ihti\u015fam yayarak ger\u00e7ek bir gelin yadig\u00e2r\u0131 olacak \u015fekilde tasarlanm\u0131\u015ft\u0131r.<\/p>\n<p data-start=\"844\" data-end=\"1294\"><strong data-start=\"844\" data-end=\"861\">Zanaatkarl\u0131k<\/strong><br data-start=\"861\" data-end=\"864\" \/>53,9 gram a\u011f\u0131rl\u0131\u011f\u0131ndaki bu kada, saf 22 ayar alt\u0131ndan ustal\u0131kla el i\u015f\u00e7ili\u011fiyle \u00fcretilmi\u015ftir ve hem i\u00e7erik hem de stil sunar. G\u00fc\u00e7 ve yumu\u015fakl\u0131\u011f\u0131n hassas dengesini yans\u0131tmak i\u00e7in her ayr\u0131nt\u0131 titizlikle oyulmu\u015ftur. Londra Assay Ofisi taraf\u0131ndan damgalanm\u0131\u015f olup, orijinalli\u011fi ve alt\u0131n safl\u0131\u011f\u0131 garantilidir. Talep \u00fczerine \u00f6zel boyutland\u0131rmayla 2,4 beden olarak sunulan \u00fcr\u00fcn, PureJewels imzal\u0131 sunum kutumuzda gelir.<\/p>\n<p data-start=\"1296\" data-end=\"1729\"><strong data-start=\"1296\" data-end=\"1313\">Stil Fikirleri<\/strong><br data-start=\"1313\" data-end=\"1316\" \/>Bu bileklik, gelin ve bayram g\u00f6r\u00fcn\u00fcmleri i\u00e7in m\u00fckemmel bir merkezdir. E\u015fle\u015fen bir rozet burun i\u011fnesi, kolye ucu kolye ve k\u00fcpelerle e\u015fle\u015ftirerek uyumlu bir topluluk olu\u015fturun. \u0130ster etki i\u00e7in tek ba\u015f\u0131na ister di\u011fer geleneksel bilekliklerle katmanl\u0131 olarak tak\u0131ls\u0131n, lehengalar\u0131, sare'leri ve f\u0131rsat k\u0131yafetlerini kolayl\u0131kla y\u00fckseltir. Vintage tonu, yadig\u00e2r ipekler veya \u00e7a\u011fda\u015f gelin k\u0131yafetleriyle birlikte kullan\u0131ld\u0131\u011f\u0131nda da karakter katar.<\/p>","protected":false},"excerpt":{"rendered":"<table class=\"sh_desc\">\n<tbody>\n<tr>\n<td>Bileklik T\u00fcr\u00fc<\/td>\n<td>Gelin Giyim Bileklik<\/td>\n<\/tr>\n<tr>\n<td>SKU<\/td>\n<td>46549<\/td>\n<\/tr>\n<tr>\n<td>A\u011f\u0131rl\u0131k<\/td>\n<td>\u00a053,9 Gms<\/td>\n<\/tr>\n<tr>\n<td>Metal<\/td>\n<td>22 Ayar Alt\u0131n<\/td>\n<\/tr>\n<tr>\n<td>KatalogID<\/td>\n<td>R1044<\/td>\n<\/tr>\n<tr>\n<td>Bileklik \u00d6l\u00e7\u00fcs\u00fc<\/td>\n<td>2.4 (Ek boyutlar i\u00e7in l\u00fctfen sorunuz)<\/td>\n<\/tr>\n<tr>\n<td>Koleksiyon<\/td>\n<td><strong>Rozet Koleksiyonu<\/strong><\/td>\n<\/tr>\n<tr>\n<td>Hallmark<\/td>\n<td>Londra Tahlil Ofisi Taraf\u0131ndan Damgalanm\u0131\u015f 22 Ayar Alt\u0131n<\/td>\n<\/tr>\n<tr>\n<td>\u00dccretler<\/td>\n<td>Teslimat ve KDV Dahil<\/td>\n<\/tr>\n<tr>\n<td>Paketleme<\/td>\n<td>Sunum Kutusu ile Birlikte Gelir<\/td>\n<\/tr>\n<tr>\n<td>Daha Fazla Bilgi<\/td>\n<td>\n<ul>\n<li>G\u00f6r\u00fcn\u00fcm\u00fcn\u00fcz\u00fc uyumlu\u00a0<b>Burun Pimi<\/b><\/li>\n<li>\u0130le e\u015fle\u015ftirin<b>\u00a0Kolye Ucu Kolye<\/b><\/li>\n<li>Zarif <strong>K\u00fcpe<\/strong> g\u00f6r\u00fcn\u00fcm\u00fc tamamlamak i\u00e7in<\/li>\n<li>Bizim g\u00f6r\u00fcnt\u00fcleyin\u00a0<strong>Rozet Katalo\u011fu<\/strong><\/li>\n<li>Not: Burada belirtilen fiyat\u0131n Tek Kada i\u00e7in oldu\u011funu unutmay\u0131n<\/li>\n<li>Kontrol etmek i\u00e7in buraya t\u0131klay\u0131n\u00a0<strong>Bileklik \u00d6l\u00e7\u00fcs\u00fc<\/strong><\/li>\n<li>M\u00fcsaitlik durumu ve daha fazla resim i\u00e7in bizimle canl\u0131 sohbet edin<\/li>\n<\/ul>\n<\/td>\n<\/tr>\n<\/tbody>\n<\/table>","protected":false},"featured_media":365391,"comment_status":"closed","ping_status":"closed","template":"","meta":{"_eb_attr":"","_crsspst_to_jayantr4sg-hostcom":false},"product_brand":[],"product_cat":[1233,1229,5271,5273,1656,1573,1574],"product_tag":[],"class_list":{"0":"post-306979","1":"product","2":"type-product","3":"status-publish","4":"has-post-thumbnail","6":"product_cat-gold-bangles","7":"product_cat-22ct-gold-jewellery","8":"product_cat-occasion-wear-bangles","9":"product_cat-22ct-gold-poncha-bracelet","10":"product_cat-rosettes-collections","11":"product_cat-wedding-gifts","12":"product_cat-womens-jewellery","14":"first","15":"instock","16":"taxable","17":"shipping-taxable","18":"purchasable","19":"product-type-simple","20":"add-to-wishlist-before_image"},"yoast_head":"<!-- This site is optimized with the Yoast SEO plugin v27.5 - https:\/\/yoast.com\/product\/yoast-seo-wordpress\/ -->\n<title>22 Karat Gold Kada With Antique Finish at online UK<\/title>\n<meta name=\"description\" content=\"Add a touch of elegance to your jewelry collection with our stunning 22 Karat Gold Kada with Antique Finish. Buy this Kada online today!\" \/>\n<meta name=\"robots\" content=\"index, follow, max-snippet:-1, max-image-preview:large, max-video-preview:-1\" \/>\n<link rel=\"canonical\" href=\"https:\/\/www.purejewels.com\/tr\/urun\/antik-kaplamali-22-ayar-altin-kada\/\" \/>\n<meta property=\"og:locale\" content=\"tr_TR\" \/>\n<meta property=\"og:type\" content=\"article\" \/>\n<meta property=\"og:title\" content=\"22 Karat Gold Kada With Antique Finish at online UK\" \/>\n<meta property=\"og:description\" content=\"Add a touch of elegance to your jewelry collection with our stunning 22 Karat Gold Kada with Antique Finish. Buy this Kada online today!\" \/>\n<meta property=\"og:url\" content=\"https:\/\/www.purejewels.com\/tr\/urun\/antik-kaplamali-22-ayar-altin-kada\/\" \/>\n<meta property=\"og:site_name\" content=\"PureJewels UK\" \/>\n<meta property=\"article:modified_time\" content=\"2026-02-05T05:53:03+00:00\" \/>\n<meta property=\"og:image\" content=\"https:\/\/static.purejewels.com\/wp-content\/uploads\/2018\/12\/46549-576x576.png\" \/>\n\t<meta property=\"og:image:width\" content=\"576\" \/>\n\t<meta property=\"og:image:height\" content=\"576\" \/>\n\t<meta property=\"og:image:type\" content=\"image\/png\" \/>\n<meta name=\"twitter:card\" content=\"summary_large_image\" \/>\n<meta name=\"twitter:label1\" content=\"Tahmini okuma s\u00fcresi\" \/>\n\t<meta name=\"twitter:data1\" content=\"2 dakika\" \/>\n<script type=\"application\/ld+json\" class=\"yoast-schema-graph\">{\"@context\":\"https:\\\/\\\/schema.org\",\"@graph\":[{\"@type\":[\"WebPage\",\"ItemPage\"],\"@id\":\"https:\\\/\\\/www.purejewels.com\\\/product\\\/22-karat-gold-kada-with-antique-finish\\\/\",\"url\":\"https:\\\/\\\/www.purejewels.com\\\/product\\\/22-karat-gold-kada-with-antique-finish\\\/\",\"name\":\"22 Karat Gold Kada With Antique Finish at online UK\",\"isPartOf\":{\"@id\":\"https:\\\/\\\/www.purejewels.com\\\/#website\"},\"primaryImageOfPage\":{\"@id\":\"https:\\\/\\\/www.purejewels.com\\\/product\\\/22-karat-gold-kada-with-antique-finish\\\/#primaryimage\"},\"image\":{\"@id\":\"https:\\\/\\\/www.purejewels.com\\\/product\\\/22-karat-gold-kada-with-antique-finish\\\/#primaryimage\"},\"thumbnailUrl\":\"https:\\\/\\\/static.purejewels.com\\\/wp-content\\\/uploads\\\/2018\\\/12\\\/46549.png\",\"datePublished\":\"2024-06-25T07:05:08+00:00\",\"dateModified\":\"2026-02-05T05:53:03+00:00\",\"description\":\"Add a touch of elegance to your jewelry collection with our stunning 22 Karat Gold Kada with Antique Finish. Buy this Kada online today!\",\"breadcrumb\":{\"@id\":\"https:\\\/\\\/www.purejewels.com\\\/product\\\/22-karat-gold-kada-with-antique-finish\\\/#breadcrumb\"},\"inLanguage\":\"tr\",\"potentialAction\":[{\"@type\":\"ReadAction\",\"target\":[\"https:\\\/\\\/www.purejewels.com\\\/product\\\/22-karat-gold-kada-with-antique-finish\\\/\"]}]},{\"@type\":\"ImageObject\",\"inLanguage\":\"tr\",\"@id\":\"https:\\\/\\\/www.purejewels.com\\\/product\\\/22-karat-gold-kada-with-antique-finish\\\/#primaryimage\",\"url\":\"https:\\\/\\\/static.purejewels.com\\\/wp-content\\\/uploads\\\/2018\\\/12\\\/46549.png\",\"contentUrl\":\"https:\\\/\\\/static.purejewels.com\\\/wp-content\\\/uploads\\\/2018\\\/12\\\/46549.png\",\"width\":1000,\"height\":1000,\"caption\":\"22ct Gold Kada\"},{\"@type\":\"BreadcrumbList\",\"@id\":\"https:\\\/\\\/www.purejewels.com\\\/product\\\/22-karat-gold-kada-with-antique-finish\\\/#breadcrumb\",\"itemListElement\":[{\"@type\":\"ListItem\",\"position\":1,\"name\":\"Home\",\"item\":\"https:\\\/\\\/www.purejewels.com\\\/\"},{\"@type\":\"ListItem\",\"position\":2,\"name\":\"Shop\",\"item\":\"https:\\\/\\\/www.purejewels.com\\\/shop\\\/\"},{\"@type\":\"ListItem\",\"position\":3,\"name\":\"22 Karat Gold Kada With Antique Finish\"}]},{\"@type\":\"WebSite\",\"@id\":\"https:\\\/\\\/www.purejewels.com\\\/#website\",\"url\":\"https:\\\/\\\/www.purejewels.com\\\/\",\"name\":\"PureJewels UK\",\"description\":\"Share the Love\",\"publisher\":{\"@id\":\"https:\\\/\\\/www.purejewels.com\\\/#organization\"},\"potentialAction\":[{\"@type\":\"SearchAction\",\"target\":{\"@type\":\"EntryPoint\",\"urlTemplate\":\"https:\\\/\\\/www.purejewels.com\\\/?s={search_term_string}\"},\"query-input\":{\"@type\":\"PropertyValueSpecification\",\"valueRequired\":true,\"valueName\":\"search_term_string\"}}],\"inLanguage\":\"tr\"},{\"@type\":\"Organization\",\"@id\":\"https:\\\/\\\/www.purejewels.com\\\/#organization\",\"name\":\"PureJewels UK\",\"url\":\"https:\\\/\\\/www.purejewels.com\\\/\",\"logo\":{\"@type\":\"ImageObject\",\"inLanguage\":\"tr\",\"@id\":\"https:\\\/\\\/www.purejewels.com\\\/#\\\/schema\\\/logo\\\/image\\\/\",\"url\":\"https:\\\/\\\/static.purejewels.com\\\/wp-content\\\/uploads\\\/2020\\\/11\\\/Logo-PJ-New-1.png\",\"contentUrl\":\"https:\\\/\\\/static.purejewels.com\\\/wp-content\\\/uploads\\\/2020\\\/11\\\/Logo-PJ-New-1.png\",\"width\":150,\"height\":80,\"caption\":\"PureJewels UK\"},\"image\":{\"@id\":\"https:\\\/\\\/www.purejewels.com\\\/#\\\/schema\\\/logo\\\/image\\\/\"}}]}<\/script>\n<!-- \/ Yoast SEO plugin. -->","yoast_head_json":{"title":"22 Ayar Alt\u0131n Kada Antik Kaplama ile online \u0130ngiltere'de","description":"Antik Kaplamal\u0131 22 Ayar Alt\u0131n Kada ile m\u00fccevher koleksiyonunuza \u015f\u0131kl\u0131k kat\u0131n. Bu Kada'y\u0131 bug\u00fcn online sat\u0131n al\u0131n!","robots":{"index":"index","follow":"follow","max-snippet":"max-snippet:-1","max-image-preview":"max-image-preview:large","max-video-preview":"max-video-preview:-1"},"canonical":"https:\/\/www.purejewels.com\/tr\/urun\/antik-kaplamali-22-ayar-altin-kada\/","og_locale":"tr_TR","og_type":"article","og_title":"22 Karat Gold Kada With Antique Finish at online UK","og_description":"Add a touch of elegance to your jewelry collection with our stunning 22 Karat Gold Kada with Antique Finish. Buy this Kada online today!","og_url":"https:\/\/www.purejewels.com\/tr\/urun\/antik-kaplamali-22-ayar-altin-kada\/","og_site_name":"PureJewels UK","article_modified_time":"2026-02-05T05:53:03+00:00","og_image":[{"width":576,"height":576,"url":"https:\/\/static.purejewels.com\/wp-content\/uploads\/2018\/12\/46549-576x576.png","type":"image\/png"}],"twitter_card":"summary_large_image","twitter_misc":{"Tahmini okuma s\u00fcresi":"2 dakika"},"schema":{"@context":"https:\/\/schema.org","@graph":[{"@type":["WebPage","ItemPage"],"@id":"https:\/\/www.purejewels.com\/product\/22-karat-gold-kada-with-antique-finish\/","url":"https:\/\/www.purejewels.com\/product\/22-karat-gold-kada-with-antique-finish\/","name":"22 Ayar Alt\u0131n Kada Antik Kaplama ile online \u0130ngiltere'de","isPartOf":{"@id":"https:\/\/www.purejewels.com\/#website"},"primaryImageOfPage":{"@id":"https:\/\/www.purejewels.com\/product\/22-karat-gold-kada-with-antique-finish\/#primaryimage"},"image":{"@id":"https:\/\/www.purejewels.com\/product\/22-karat-gold-kada-with-antique-finish\/#primaryimage"},"thumbnailUrl":"https:\/\/static.purejewels.com\/wp-content\/uploads\/2018\/12\/46549.png","datePublished":"2024-06-25T07:05:08+00:00","dateModified":"2026-02-05T05:53:03+00:00","description":"Antik Kaplamal\u0131 22 Ayar Alt\u0131n Kada ile m\u00fccevher koleksiyonunuza \u015f\u0131kl\u0131k kat\u0131n. Bu Kada'y\u0131 bug\u00fcn online sat\u0131n al\u0131n!","breadcrumb":{"@id":"https:\/\/www.purejewels.com\/product\/22-karat-gold-kada-with-antique-finish\/#breadcrumb"},"inLanguage":"tr","potentialAction":[{"@type":"ReadAction","target":["https:\/\/www.purejewels.com\/product\/22-karat-gold-kada-with-antique-finish\/"]}]},{"@type":"ImageObject","inLanguage":"tr","@id":"https:\/\/www.purejewels.com\/product\/22-karat-gold-kada-with-antique-finish\/#primaryimage","url":"https:\/\/static.purejewels.com\/wp-content\/uploads\/2018\/12\/46549.png","contentUrl":"https:\/\/static.purejewels.com\/wp-content\/uploads\/2018\/12\/46549.png","width":1000,"height":1000,"caption":"22ct Gold Kada"},{"@type":"BreadcrumbList","@id":"https:\/\/www.purejewels.com\/product\/22-karat-gold-kada-with-antique-finish\/#breadcrumb","itemListElement":[{"@type":"ListItem","position":1,"name":"Home","item":"https:\/\/www.purejewels.com\/"},{"@type":"ListItem","position":2,"name":"Shop","item":"https:\/\/www.purejewels.com\/shop\/"},{"@type":"ListItem","position":3,"name":"22 Karat Gold Kada With Antique Finish"}]},{"@type":"WebSite","@id":"https:\/\/www.purejewels.com\/#website","url":"https:\/\/www.purejewels.com\/","name":"PureJewels \u0130ngiltere","description":"Sevgiyi Payla\u015f\u0131n","publisher":{"@id":"https:\/\/www.purejewels.com\/#organization"},"potentialAction":[{"@type":"SearchAction","target":{"@type":"EntryPoint","urlTemplate":"https:\/\/www.purejewels.com\/?s={search_term_string}"},"query-input":{"@type":"PropertyValueSpecification","valueRequired":true,"valueName":"search_term_string"}}],"inLanguage":"tr"},{"@type":"Organization","@id":"https:\/\/www.purejewels.com\/#organization","name":"PureJewels \u0130ngiltere","url":"https:\/\/www.purejewels.com\/","logo":{"@type":"ImageObject","inLanguage":"tr","@id":"https:\/\/www.purejewels.com\/#\/schema\/logo\/image\/","url":"https:\/\/static.purejewels.com\/wp-content\/uploads\/2020\/11\/Logo-PJ-New-1.png","contentUrl":"https:\/\/static.purejewels.com\/wp-content\/uploads\/2020\/11\/Logo-PJ-New-1.png","width":150,"height":80,"caption":"PureJewels UK"},"image":{"@id":"https:\/\/www.purejewels.com\/#\/schema\/logo\/image\/"}}]}},"_links":{"self":[{"href":"https:\/\/www.purejewels.com\/tr\/wp-json\/wp\/v2\/product\/306979","targetHints":{"allow":["GET"]}}],"collection":[{"href":"https:\/\/www.purejewels.com\/tr\/wp-json\/wp\/v2\/product"}],"about":[{"href":"https:\/\/www.purejewels.com\/tr\/wp-json\/wp\/v2\/types\/product"}],"replies":[{"embeddable":true,"href":"https:\/\/www.purejewels.com\/tr\/wp-json\/wp\/v2\/comments?post=306979"}],"version-history":[{"count":3,"href":"https:\/\/www.purejewels.com\/tr\/wp-json\/wp\/v2\/product\/306979\/revisions"}],"predecessor-version":[{"id":420409,"href":"https:\/\/www.purejewels.com\/tr\/wp-json\/wp\/v2\/product\/306979\/revisions\/420409"}],"wp:featuredmedia":[{"embeddable":true,"href":"https:\/\/www.purejewels.com\/tr\/wp-json\/wp\/v2\/media\/365391"}],"wp:attachment":[{"href":"https:\/\/www.purejewels.com\/tr\/wp-json\/wp\/v2\/media?parent=306979"}],"wp:term":[{"taxonomy":"product_brand","embeddable":true,"href":"https:\/\/www.purejewels.com\/tr\/wp-json\/wp\/v2\/product_brand?post=306979"},{"taxonomy":"product_cat","embeddable":true,"href":"https:\/\/www.purejewels.com\/tr\/wp-json\/wp\/v2\/product_cat?post=306979"},{"taxonomy":"product_tag","embeddable":true,"href":"https:\/\/www.purejewels.com\/tr\/wp-json\/wp\/v2\/product_tag?post=306979"}],"curies":[{"name":"wp","href":"https:\/\/api.w.org\/{rel}","templated":true}]}}