{"id":306983,"date":"2018-12-12T06:38:50","date_gmt":"2018-12-12T06:38:50","guid":{"rendered":"https:\/\/www.purejewels.com\/?post_type=product&#038;p=306983"},"modified":"2026-01-19T11:02:44","modified_gmt":"2026-01-19T11:02:44","slug":"antik-kaplamali-22-ayar-altin-kada-34353","status":"publish","type":"product","link":"https:\/\/www.purejewels.com\/tr\/product\/22-karat-gold-kada-with-antique-finish-2\/","title":{"rendered":"22 ayar alt\u0131n s\u00fcsl\u00fc bileklik \u2013 Rozetler Antik Kaplama"},"content":{"rendered":"<p>Signature Rosettes Koleksiyonumuzdan titizlikle \u00fcretilen bu 22 ayar alt\u0131n s\u00fcsl\u00fc bileklik ile miras\u0131n zarafetinin d\u00fcnyas\u0131na ad\u0131m at\u0131n. \u00c7i\u00e7ek motiflerinden ve do\u011fal formlar\u0131n g\u00fczelli\u011finden ilham alan bu \u015faheser, tasar\u0131m, gelenek ve kal\u0131c\u0131 zanaatkarl\u0131\u011f\u0131 kutluyor.<\/p>\n<p>Her \u00e7i\u00e7ek ve \u00f6rg\u00fc, kal\u0131p damgas\u0131 hassasiyetiyle elle oyulmu\u015f olup, derinlik ve hikaye anlatan bir alt\u0131n dokuma olu\u015fturmaktad\u0131r. Antik kaplama, sakin bir parlakl\u0131k katarak bilezi\u011fin vintage cazibesini art\u0131rmakta ve zamans\u0131z bir zarafet hissi uyand\u0131rmaktad\u0131r. \u0130\u00e7 k\u0131sm\u0131ndaki galeri, Mughal mimarisini yans\u0131tan hassas bir oyma kafes ile hafif ancak zengin bir his vermektedir.<\/p>\n<p>G\u00fcvenli vida s\u0131rtl\u0131 sabitleme, rahat ve g\u00fcvenli kullan\u0131m sa\u011flar; t\u00f6renler veya aile yadigar\u0131 hediyeler i\u00e7in idealdir.<\/p>","protected":false},"excerpt":{"rendered":"<p>Rosettes Koleksiyonumuzdan, \u00e7i\u00e7ek motifleriyle \u00f6zenle el oymas\u0131 yap\u0131lm\u0131\u015f ve antika doku ile tamamlanm\u0131\u015f, 22 ayar alt\u0131n bir bileklik. G\u00fcvenli vida ba\u011flant\u0131s\u0131 ile zamans\u0131z bir sanat eseri.<\/p>\n<ul>\n<li>Rozet Koleksiyonumuzdan Antik Kaplamal\u0131 22 Ayar Alt\u0131n S\u00fcsl\u00fc Bileklik<\/li>\n<li>Vidal\u0131 S\u0131rtl\u0131<\/li>\n<li>A\u011f\u0131rl\u0131k 41,8 gms<\/li>\n<li>SKU. 30913<\/li>\n<li>Her boyutta sipari\u015f \u00fczerine yap\u0131labilir<\/li>\n<li>T\u00fcm fiyatlara KDV dahildir<\/li>\n<li>T\u00fcm \u00fcr\u00fcnlerimiz London Assay Office taraf\u0131ndan damgalanm\u0131\u015ft\u0131r<\/li>\n<li>Sunum Kutusu ile Birlikte Gelir<\/li>\n<li>Teslimat Dahil<\/li>\n<li>\u00dcr\u00fcn\u00fcn canl\u0131 videosu i\u00e7in bize ula\u015f\u0131n \/ bizimle sohbet edin<\/li>\n<\/ul>","protected":false},"featured_media":310986,"comment_status":"closed","ping_status":"closed","template":"","meta":{"_eb_attr":"","_crsspst_to_jayantr4sg-hostcom":false},"product_brand":[],"product_cat":[1233,1229,5271,5273,1656,1657],"product_tag":[],"class_list":{"0":"post-306983","1":"product","2":"type-product","3":"status-publish","4":"has-post-thumbnail","6":"product_cat-gold-bangles","7":"product_cat-22ct-gold-jewellery","8":"product_cat-occasion-wear-bangles","9":"product_cat-22ct-gold-poncha-bracelet","10":"product_cat-rosettes-collections","11":"product_cat-single-bangle","13":"first","14":"onbackorder","15":"taxable","16":"shipping-taxable","17":"product-type-simple","18":"add-to-wishlist-before_image"},"yoast_head":"<!-- This site is optimized with the Yoast SEO plugin v27.6 - https:\/\/yoast.com\/product\/yoast-seo-wordpress\/ -->\n<title>22ct Gold Ornate Bangle | Antique Finish | Rosettes Collection<\/title>\n<meta name=\"description\" content=\"Explore the Rosettes Collection with this 22ct Gold Ornate Bangle. Antique-finished and masterfully handcrafted with floral motifs and a secure screw back clasp.\" \/>\n<meta name=\"robots\" content=\"index, follow, max-snippet:-1, max-image-preview:large, max-video-preview:-1\" \/>\n<link rel=\"canonical\" href=\"https:\/\/www.purejewels.com\/tr\/urun\/antik-kaplamali-22-ayar-altin-kada-34353\/\" \/>\n<meta property=\"og:locale\" content=\"tr_TR\" \/>\n<meta property=\"og:type\" content=\"article\" \/>\n<meta property=\"og:title\" content=\"22ct Gold Ornate Bangle | Antique Finish | Rosettes Collection\" \/>\n<meta property=\"og:description\" content=\"Explore the Rosettes Collection with this 22ct Gold Ornate Bangle. Antique-finished and masterfully handcrafted with floral motifs and a secure screw back clasp.\" \/>\n<meta property=\"og:url\" content=\"https:\/\/www.purejewels.com\/tr\/urun\/antik-kaplamali-22-ayar-altin-kada-34353\/\" \/>\n<meta property=\"og:site_name\" content=\"PureJewels UK\" \/>\n<meta property=\"article:modified_time\" content=\"2026-01-19T11:02:44+00:00\" \/>\n<meta property=\"og:image\" content=\"https:\/\/static.purejewels.com\/wp-content\/uploads\/2018\/12\/30913_001-1.jpg\" \/>\n\t<meta property=\"og:image:width\" content=\"1000\" \/>\n\t<meta property=\"og:image:height\" content=\"1000\" \/>\n\t<meta property=\"og:image:type\" content=\"image\/jpeg\" \/>\n<meta name=\"twitter:card\" content=\"summary_large_image\" \/>\n<meta name=\"twitter:label1\" content=\"Tahmini okuma s\u00fcresi\" \/>\n\t<meta name=\"twitter:data1\" content=\"1 dakika\" \/>\n<script type=\"application\/ld+json\" class=\"yoast-schema-graph\">{\"@context\":\"https:\\\/\\\/schema.org\",\"@graph\":[{\"@type\":[\"WebPage\",\"ItemPage\"],\"@id\":\"https:\\\/\\\/www.purejewels.com\\\/product\\\/22-karat-gold-kada-with-antique-finish-2\\\/\",\"url\":\"https:\\\/\\\/www.purejewels.com\\\/product\\\/22-karat-gold-kada-with-antique-finish-2\\\/\",\"name\":\"22ct Gold Ornate Bangle | Antique Finish | Rosettes Collection\",\"isPartOf\":{\"@id\":\"https:\\\/\\\/www.purejewels.com\\\/#website\"},\"primaryImageOfPage\":{\"@id\":\"https:\\\/\\\/www.purejewels.com\\\/product\\\/22-karat-gold-kada-with-antique-finish-2\\\/#primaryimage\"},\"image\":{\"@id\":\"https:\\\/\\\/www.purejewels.com\\\/product\\\/22-karat-gold-kada-with-antique-finish-2\\\/#primaryimage\"},\"thumbnailUrl\":\"https:\\\/\\\/static.purejewels.com\\\/wp-content\\\/uploads\\\/2018\\\/12\\\/30913_001-1.jpg\",\"datePublished\":\"2018-12-12T06:38:50+00:00\",\"dateModified\":\"2026-01-19T11:02:44+00:00\",\"description\":\"Explore the Rosettes Collection with this 22ct Gold Ornate Bangle. Antique-finished and masterfully handcrafted with floral motifs and a secure screw back clasp.\",\"breadcrumb\":{\"@id\":\"https:\\\/\\\/www.purejewels.com\\\/product\\\/22-karat-gold-kada-with-antique-finish-2\\\/#breadcrumb\"},\"inLanguage\":\"tr\",\"potentialAction\":[{\"@type\":\"ReadAction\",\"target\":[\"https:\\\/\\\/www.purejewels.com\\\/product\\\/22-karat-gold-kada-with-antique-finish-2\\\/\"]}]},{\"@type\":\"ImageObject\",\"inLanguage\":\"tr\",\"@id\":\"https:\\\/\\\/www.purejewels.com\\\/product\\\/22-karat-gold-kada-with-antique-finish-2\\\/#primaryimage\",\"url\":\"https:\\\/\\\/static.purejewels.com\\\/wp-content\\\/uploads\\\/2018\\\/12\\\/30913_001-1.jpg\",\"contentUrl\":\"https:\\\/\\\/static.purejewels.com\\\/wp-content\\\/uploads\\\/2018\\\/12\\\/30913_001-1.jpg\",\"width\":1000,\"height\":1000,\"caption\":\"30913_001-1\"},{\"@type\":\"BreadcrumbList\",\"@id\":\"https:\\\/\\\/www.purejewels.com\\\/product\\\/22-karat-gold-kada-with-antique-finish-2\\\/#breadcrumb\",\"itemListElement\":[{\"@type\":\"ListItem\",\"position\":1,\"name\":\"Home\",\"item\":\"https:\\\/\\\/www.purejewels.com\\\/\"},{\"@type\":\"ListItem\",\"position\":2,\"name\":\"Shop\",\"item\":\"https:\\\/\\\/www.purejewels.com\\\/shop\\\/\"},{\"@type\":\"ListItem\",\"position\":3,\"name\":\"22ct Gold Ornate Bangle \u2013 Rosettes Antique Finish\"}]},{\"@type\":\"WebSite\",\"@id\":\"https:\\\/\\\/www.purejewels.com\\\/#website\",\"url\":\"https:\\\/\\\/www.purejewels.com\\\/\",\"name\":\"PureJewels UK\",\"description\":\"Share the Love\",\"publisher\":{\"@id\":\"https:\\\/\\\/www.purejewels.com\\\/#organization\"},\"potentialAction\":[{\"@type\":\"SearchAction\",\"target\":{\"@type\":\"EntryPoint\",\"urlTemplate\":\"https:\\\/\\\/www.purejewels.com\\\/?s={search_term_string}\"},\"query-input\":{\"@type\":\"PropertyValueSpecification\",\"valueRequired\":true,\"valueName\":\"search_term_string\"}}],\"inLanguage\":\"tr\"},{\"@type\":\"Organization\",\"@id\":\"https:\\\/\\\/www.purejewels.com\\\/#organization\",\"name\":\"PureJewels UK\",\"url\":\"https:\\\/\\\/www.purejewels.com\\\/\",\"logo\":{\"@type\":\"ImageObject\",\"inLanguage\":\"tr\",\"@id\":\"https:\\\/\\\/www.purejewels.com\\\/#\\\/schema\\\/logo\\\/image\\\/\",\"url\":\"https:\\\/\\\/static.purejewels.com\\\/wp-content\\\/uploads\\\/2020\\\/11\\\/Logo-PJ-New-1.png\",\"contentUrl\":\"https:\\\/\\\/static.purejewels.com\\\/wp-content\\\/uploads\\\/2020\\\/11\\\/Logo-PJ-New-1.png\",\"width\":150,\"height\":80,\"caption\":\"PureJewels UK\"},\"image\":{\"@id\":\"https:\\\/\\\/www.purejewels.com\\\/#\\\/schema\\\/logo\\\/image\\\/\"}}]}<\/script>\n<!-- \/ Yoast SEO plugin. -->","yoast_head_json":{"title":"22 ayar alt\u0131n s\u00fcsl\u00fc bileklik | Antik kaplama | Rozetler Koleksiyonu","description":"Bu 22 ayar alt\u0131n s\u00fcsl\u00fc bileklikle Rosettes Koleksiyonunu ke\u015ffedin. Antik kaplama ve ustaca el i\u015f\u00e7ili\u011fi ile \u00e7i\u00e7ek motifleri ve g\u00fcvenli vidal\u0131 toka ile tasarlanm\u0131\u015ft\u0131r.","robots":{"index":"index","follow":"follow","max-snippet":"max-snippet:-1","max-image-preview":"max-image-preview:large","max-video-preview":"max-video-preview:-1"},"canonical":"https:\/\/www.purejewels.com\/tr\/urun\/antik-kaplamali-22-ayar-altin-kada-34353\/","og_locale":"tr_TR","og_type":"article","og_title":"22ct Gold Ornate Bangle | Antique Finish | Rosettes Collection","og_description":"Explore the Rosettes Collection with this 22ct Gold Ornate Bangle. Antique-finished and masterfully handcrafted with floral motifs and a secure screw back clasp.","og_url":"https:\/\/www.purejewels.com\/tr\/urun\/antik-kaplamali-22-ayar-altin-kada-34353\/","og_site_name":"PureJewels UK","article_modified_time":"2026-01-19T11:02:44+00:00","og_image":[{"width":1000,"height":1000,"url":"https:\/\/static.purejewels.com\/wp-content\/uploads\/2018\/12\/30913_001-1.jpg","type":"image\/jpeg"}],"twitter_card":"summary_large_image","twitter_misc":{"Tahmini okuma s\u00fcresi":"1 dakika"},"schema":{"@context":"https:\/\/schema.org","@graph":[{"@type":["WebPage","ItemPage"],"@id":"https:\/\/www.purejewels.com\/product\/22-karat-gold-kada-with-antique-finish-2\/","url":"https:\/\/www.purejewels.com\/product\/22-karat-gold-kada-with-antique-finish-2\/","name":"22 ayar alt\u0131n s\u00fcsl\u00fc bileklik | Antik kaplama | Rozetler Koleksiyonu","isPartOf":{"@id":"https:\/\/www.purejewels.com\/#website"},"primaryImageOfPage":{"@id":"https:\/\/www.purejewels.com\/product\/22-karat-gold-kada-with-antique-finish-2\/#primaryimage"},"image":{"@id":"https:\/\/www.purejewels.com\/product\/22-karat-gold-kada-with-antique-finish-2\/#primaryimage"},"thumbnailUrl":"https:\/\/static.purejewels.com\/wp-content\/uploads\/2018\/12\/30913_001-1.jpg","datePublished":"2018-12-12T06:38:50+00:00","dateModified":"2026-01-19T11:02:44+00:00","description":"Bu 22 ayar alt\u0131n s\u00fcsl\u00fc bileklikle Rosettes Koleksiyonunu ke\u015ffedin. Antik kaplama ve ustaca el i\u015f\u00e7ili\u011fi ile \u00e7i\u00e7ek motifleri ve g\u00fcvenli vidal\u0131 toka ile tasarlanm\u0131\u015ft\u0131r.","breadcrumb":{"@id":"https:\/\/www.purejewels.com\/product\/22-karat-gold-kada-with-antique-finish-2\/#breadcrumb"},"inLanguage":"tr","potentialAction":[{"@type":"ReadAction","target":["https:\/\/www.purejewels.com\/product\/22-karat-gold-kada-with-antique-finish-2\/"]}]},{"@type":"ImageObject","inLanguage":"tr","@id":"https:\/\/www.purejewels.com\/product\/22-karat-gold-kada-with-antique-finish-2\/#primaryimage","url":"https:\/\/static.purejewels.com\/wp-content\/uploads\/2018\/12\/30913_001-1.jpg","contentUrl":"https:\/\/static.purejewels.com\/wp-content\/uploads\/2018\/12\/30913_001-1.jpg","width":1000,"height":1000,"caption":"30913_001-1"},{"@type":"BreadcrumbList","@id":"https:\/\/www.purejewels.com\/product\/22-karat-gold-kada-with-antique-finish-2\/#breadcrumb","itemListElement":[{"@type":"ListItem","position":1,"name":"Home","item":"https:\/\/www.purejewels.com\/"},{"@type":"ListItem","position":2,"name":"Shop","item":"https:\/\/www.purejewels.com\/shop\/"},{"@type":"ListItem","position":3,"name":"22ct Gold Ornate Bangle \u2013 Rosettes Antique Finish"}]},{"@type":"WebSite","@id":"https:\/\/www.purejewels.com\/#website","url":"https:\/\/www.purejewels.com\/","name":"PureJewels \u0130ngiltere","description":"Sevgiyi Payla\u015f\u0131n","publisher":{"@id":"https:\/\/www.purejewels.com\/#organization"},"potentialAction":[{"@type":"SearchAction","target":{"@type":"EntryPoint","urlTemplate":"https:\/\/www.purejewels.com\/?s={search_term_string}"},"query-input":{"@type":"PropertyValueSpecification","valueRequired":true,"valueName":"search_term_string"}}],"inLanguage":"tr"},{"@type":"Organization","@id":"https:\/\/www.purejewels.com\/#organization","name":"PureJewels \u0130ngiltere","url":"https:\/\/www.purejewels.com\/","logo":{"@type":"ImageObject","inLanguage":"tr","@id":"https:\/\/www.purejewels.com\/#\/schema\/logo\/image\/","url":"https:\/\/static.purejewels.com\/wp-content\/uploads\/2020\/11\/Logo-PJ-New-1.png","contentUrl":"https:\/\/static.purejewels.com\/wp-content\/uploads\/2020\/11\/Logo-PJ-New-1.png","width":150,"height":80,"caption":"PureJewels UK"},"image":{"@id":"https:\/\/www.purejewels.com\/#\/schema\/logo\/image\/"}}]}},"_links":{"self":[{"href":"https:\/\/www.purejewels.com\/tr\/wp-json\/wp\/v2\/product\/306983","targetHints":{"allow":["GET"]}}],"collection":[{"href":"https:\/\/www.purejewels.com\/tr\/wp-json\/wp\/v2\/product"}],"about":[{"href":"https:\/\/www.purejewels.com\/tr\/wp-json\/wp\/v2\/types\/product"}],"replies":[{"embeddable":true,"href":"https:\/\/www.purejewels.com\/tr\/wp-json\/wp\/v2\/comments?post=306983"}],"version-history":[{"count":3,"href":"https:\/\/www.purejewels.com\/tr\/wp-json\/wp\/v2\/product\/306983\/revisions"}],"predecessor-version":[{"id":423392,"href":"https:\/\/www.purejewels.com\/tr\/wp-json\/wp\/v2\/product\/306983\/revisions\/423392"}],"wp:featuredmedia":[{"embeddable":true,"href":"https:\/\/www.purejewels.com\/tr\/wp-json\/wp\/v2\/media\/310986"}],"wp:attachment":[{"href":"https:\/\/www.purejewels.com\/tr\/wp-json\/wp\/v2\/media?parent=306983"}],"wp:term":[{"taxonomy":"product_brand","embeddable":true,"href":"https:\/\/www.purejewels.com\/tr\/wp-json\/wp\/v2\/product_brand?post=306983"},{"taxonomy":"product_cat","embeddable":true,"href":"https:\/\/www.purejewels.com\/tr\/wp-json\/wp\/v2\/product_cat?post=306983"},{"taxonomy":"product_tag","embeddable":true,"href":"https:\/\/www.purejewels.com\/tr\/wp-json\/wp\/v2\/product_tag?post=306983"}],"curies":[{"name":"wp","href":"https:\/\/api.w.org\/{rel}","templated":true}]}}