{"id":306988,"date":"2018-12-12T06:21:22","date_gmt":"2018-12-12T06:21:22","guid":{"rendered":"https:\/\/www.purejewels.com\/?post_type=product&#038;p=306988"},"modified":"2026-01-06T11:14:16","modified_gmt":"2026-01-06T11:14:16","slug":"antik-kaplamali-22-ayar-altin-yuzuk","status":"publish","type":"product","link":"https:\/\/www.purejewels.com\/tr\/product\/22-carat-gold-ring-with-antique-finish\/","title":{"rendered":"22 ayar alt\u0131n antika kaplama statement y\u00fcz\u00fck | Ayarlanabilir boyut"},"content":{"rendered":"<p>Bu 22 Ayar Alt\u0131n <a href=\"https:\/\/www.purejewels.com\/tr\/armari-collection\/\">Antik Kaplama<\/a> Ring, geleneksel zanaatkarl\u0131k ve zamans\u0131z tasar\u0131m\u0131n bir kutlamas\u0131d\u0131r. Zengin sar\u0131 alt\u0131ndan i\u015flenmi\u015f olan y\u00fcz\u00fck, karma\u015f\u0131k gran\u00fclasyon ve dokulu detaylarla s\u00fcslenmi\u015f, geleneksel Hint m\u00fccevherlerinin g\u00fczelli\u011fini yans\u0131tan, \u00e7i\u00e7eklerden ilham alan \u00f6zenli bir motif sergiliyor.<\/p>\n<p>Antik kaplama, tasar\u0131m\u0131n derinli\u011fini ve karakterini vurgular ve y\u00fcz\u00fc\u011fe se\u00e7kin, aile yadigar\u0131 gibi bir g\u00f6r\u00fcn\u00fcm kazand\u0131r\u0131r. Ayarlanabilir band\u0131, esnek bir uyum sa\u011flar ve tasar\u0131m\u0131n b\u00fct\u00fcnl\u00fc\u011f\u00fcn\u00fc korurken rahatl\u0131k sunar.<\/p>\n<p>\u00d6zel g\u00fcnler, k\u00fclt\u00fcrel kutlamalar veya t\u00f6ren k\u0131yafetleri i\u00e7in m\u00fckemmel bir aksesuar olan bu y\u00fcz\u00fck, sade bir \u00f6zg\u00fcvenle dikkat \u00e7ekmek \u00fczere tasarlanm\u0131\u015ft\u0131r. Sanat ve gelene\u011fin ger\u00e7ek bir ifadesi olan bu y\u00fcz\u00fck, y\u0131llar boyunca sevilecek ve hayranl\u0131k uyand\u0131racak bir par\u00e7ad\u0131r.<\/p>","protected":false},"excerpt":{"rendered":"<p>Antik bir kaplamaya sahip, s\u00fcsl\u00fc 22 ayar alt\u0131n y\u00fcz\u00fck, karma\u015f\u0131k geleneksel detaylara ve m\u00fckemmel uyum i\u00e7in ayarlanabilir bir banda sahiptir.<\/p>\n<ul>\n<li>Antik Kaplamal\u0131 22 Ayar Alt\u0131n Y\u00fcz\u00fck<\/li>\n<li>Ayarlanabilir Boyut<\/li>\n<li>A\u011f\u0131rl\u0131k 12.1 g<\/li>\n<li>SKU. 28713<\/li>\n<li>T\u00fcm fiyatlara KDV dahildir<\/li>\n<li>Londra Tahlil Ofisi Taraf\u0131ndan Damgalanm\u0131\u015f 22 Ayar Alt\u0131n<\/li>\n<li>Sunum Kutusu ile Birlikte Gelir<\/li>\n<li>Teslimat Dahil<\/li>\n<li>Stok durumu ve stokta bulunan benzer tasar\u0131mlar\u0131n daha fazla g\u00f6r\u00fcnt\u00fcs\u00fc i\u00e7in bizimle canl\u0131 sohbet edin<\/li>\n<\/ul>","protected":false},"featured_media":315618,"comment_status":"closed","ping_status":"closed","template":"","meta":{"_eb_attr":"","_crsspst_to_jayantr4sg-hostcom":false},"product_brand":[],"product_cat":[236,1229,1235],"product_tag":[],"class_list":{"0":"post-306988","1":"product","2":"type-product","3":"status-publish","4":"has-post-thumbnail","6":"product_cat-collections","7":"product_cat-22ct-gold-jewellery","8":"product_cat-gold-rings","10":"first","11":"outofstock","12":"featured","13":"taxable","14":"shipping-taxable","15":"product-type-simple","16":"add-to-wishlist-before_image"},"yoast_head":"<!-- This site is optimized with the Yoast SEO plugin v27.5 - https:\/\/yoast.com\/product\/yoast-seo-wordpress\/ -->\n<title>22ct Gold Antique Finish Adjustable Ring | Traditional Jewellery<\/title>\n<meta name=\"description\" content=\"Exquisitely crafted 22ct gold ring with an antique finish and adjustable size. A statement piece inspired by traditional Indian artistry.\" \/>\n<meta name=\"robots\" content=\"index, follow, max-snippet:-1, max-image-preview:large, max-video-preview:-1\" \/>\n<link rel=\"canonical\" href=\"https:\/\/www.purejewels.com\/tr\/urun\/antik-kaplamali-22-ayar-altin-yuzuk\/\" \/>\n<meta property=\"og:locale\" content=\"tr_TR\" \/>\n<meta property=\"og:type\" content=\"article\" \/>\n<meta property=\"og:title\" content=\"22ct Gold Antique Finish Adjustable Ring | Traditional Jewellery\" \/>\n<meta property=\"og:description\" content=\"Exquisitely crafted 22ct gold ring with an antique finish and adjustable size. A statement piece inspired by traditional Indian artistry.\" \/>\n<meta property=\"og:url\" content=\"https:\/\/www.purejewels.com\/tr\/urun\/antik-kaplamali-22-ayar-altin-yuzuk\/\" \/>\n<meta property=\"og:site_name\" content=\"PureJewels UK\" \/>\n<meta property=\"article:modified_time\" content=\"2026-01-06T11:14:16+00:00\" \/>\n<meta property=\"og:image\" content=\"https:\/\/static.purejewels.com\/wp-content\/uploads\/2020\/07\/175572401.jpg\" \/>\n\t<meta property=\"og:image:width\" content=\"1000\" \/>\n\t<meta property=\"og:image:height\" content=\"1000\" \/>\n\t<meta property=\"og:image:type\" content=\"image\/jpeg\" \/>\n<meta name=\"twitter:card\" content=\"summary_large_image\" \/>\n<meta name=\"twitter:label1\" content=\"Tahmini okuma s\u00fcresi\" \/>\n\t<meta name=\"twitter:data1\" content=\"1 dakika\" \/>\n<script type=\"application\/ld+json\" class=\"yoast-schema-graph\">{\"@context\":\"https:\\\/\\\/schema.org\",\"@graph\":[{\"@type\":[\"WebPage\",\"ItemPage\"],\"@id\":\"https:\\\/\\\/www.purejewels.com\\\/product\\\/22-carat-gold-ring-with-antique-finish\\\/\",\"url\":\"https:\\\/\\\/www.purejewels.com\\\/product\\\/22-carat-gold-ring-with-antique-finish\\\/\",\"name\":\"22ct Gold Antique Finish Adjustable Ring | Traditional Jewellery\",\"isPartOf\":{\"@id\":\"https:\\\/\\\/www.purejewels.com\\\/#website\"},\"primaryImageOfPage\":{\"@id\":\"https:\\\/\\\/www.purejewels.com\\\/product\\\/22-carat-gold-ring-with-antique-finish\\\/#primaryimage\"},\"image\":{\"@id\":\"https:\\\/\\\/www.purejewels.com\\\/product\\\/22-carat-gold-ring-with-antique-finish\\\/#primaryimage\"},\"thumbnailUrl\":\"https:\\\/\\\/static.purejewels.com\\\/wp-content\\\/uploads\\\/2020\\\/07\\\/175572401.jpg\",\"datePublished\":\"2018-12-12T06:21:22+00:00\",\"dateModified\":\"2026-01-06T11:14:16+00:00\",\"description\":\"Exquisitely crafted 22ct gold ring with an antique finish and adjustable size. A statement piece inspired by traditional Indian artistry.\",\"breadcrumb\":{\"@id\":\"https:\\\/\\\/www.purejewels.com\\\/product\\\/22-carat-gold-ring-with-antique-finish\\\/#breadcrumb\"},\"inLanguage\":\"tr\",\"potentialAction\":[{\"@type\":\"ReadAction\",\"target\":[\"https:\\\/\\\/www.purejewels.com\\\/product\\\/22-carat-gold-ring-with-antique-finish\\\/\"]}]},{\"@type\":\"ImageObject\",\"inLanguage\":\"tr\",\"@id\":\"https:\\\/\\\/www.purejewels.com\\\/product\\\/22-carat-gold-ring-with-antique-finish\\\/#primaryimage\",\"url\":\"https:\\\/\\\/static.purejewels.com\\\/wp-content\\\/uploads\\\/2020\\\/07\\\/175572401.jpg\",\"contentUrl\":\"https:\\\/\\\/static.purejewels.com\\\/wp-content\\\/uploads\\\/2020\\\/07\\\/175572401.jpg\",\"width\":1000,\"height\":1000},{\"@type\":\"BreadcrumbList\",\"@id\":\"https:\\\/\\\/www.purejewels.com\\\/product\\\/22-carat-gold-ring-with-antique-finish\\\/#breadcrumb\",\"itemListElement\":[{\"@type\":\"ListItem\",\"position\":1,\"name\":\"Home\",\"item\":\"https:\\\/\\\/www.purejewels.com\\\/\"},{\"@type\":\"ListItem\",\"position\":2,\"name\":\"Shop\",\"item\":\"https:\\\/\\\/www.purejewels.com\\\/shop\\\/\"},{\"@type\":\"ListItem\",\"position\":3,\"name\":\"22ct Gold Antique Finish Statement Ring | Adjustable Size\"}]},{\"@type\":\"WebSite\",\"@id\":\"https:\\\/\\\/www.purejewels.com\\\/#website\",\"url\":\"https:\\\/\\\/www.purejewels.com\\\/\",\"name\":\"PureJewels UK\",\"description\":\"Share the Love\",\"publisher\":{\"@id\":\"https:\\\/\\\/www.purejewels.com\\\/#organization\"},\"potentialAction\":[{\"@type\":\"SearchAction\",\"target\":{\"@type\":\"EntryPoint\",\"urlTemplate\":\"https:\\\/\\\/www.purejewels.com\\\/?s={search_term_string}\"},\"query-input\":{\"@type\":\"PropertyValueSpecification\",\"valueRequired\":true,\"valueName\":\"search_term_string\"}}],\"inLanguage\":\"tr\"},{\"@type\":\"Organization\",\"@id\":\"https:\\\/\\\/www.purejewels.com\\\/#organization\",\"name\":\"PureJewels UK\",\"url\":\"https:\\\/\\\/www.purejewels.com\\\/\",\"logo\":{\"@type\":\"ImageObject\",\"inLanguage\":\"tr\",\"@id\":\"https:\\\/\\\/www.purejewels.com\\\/#\\\/schema\\\/logo\\\/image\\\/\",\"url\":\"https:\\\/\\\/static.purejewels.com\\\/wp-content\\\/uploads\\\/2020\\\/11\\\/Logo-PJ-New-1.png\",\"contentUrl\":\"https:\\\/\\\/static.purejewels.com\\\/wp-content\\\/uploads\\\/2020\\\/11\\\/Logo-PJ-New-1.png\",\"width\":150,\"height\":80,\"caption\":\"PureJewels UK\"},\"image\":{\"@id\":\"https:\\\/\\\/www.purejewels.com\\\/#\\\/schema\\\/logo\\\/image\\\/\"}}]}<\/script>\n<!-- \/ Yoast SEO plugin. -->","yoast_head_json":{"title":"22 ayar alt\u0131n antika kaplama ayarlanabilir y\u00fcz\u00fck | Geleneksel m\u00fccevherler","description":"Antik bir kaplamaya sahip, zarif i\u015f\u00e7ilikle \u00fcretilmi\u015f, ayarlanabilir boyutta 22 ayar alt\u0131n y\u00fcz\u00fck. Geleneksel Hint sanat\u0131ndan ilham alan, dikkat \u00e7eken bir par\u00e7a.","robots":{"index":"index","follow":"follow","max-snippet":"max-snippet:-1","max-image-preview":"max-image-preview:large","max-video-preview":"max-video-preview:-1"},"canonical":"https:\/\/www.purejewels.com\/tr\/urun\/antik-kaplamali-22-ayar-altin-yuzuk\/","og_locale":"tr_TR","og_type":"article","og_title":"22ct Gold Antique Finish Adjustable Ring | Traditional Jewellery","og_description":"Exquisitely crafted 22ct gold ring with an antique finish and adjustable size. A statement piece inspired by traditional Indian artistry.","og_url":"https:\/\/www.purejewels.com\/tr\/urun\/antik-kaplamali-22-ayar-altin-yuzuk\/","og_site_name":"PureJewels UK","article_modified_time":"2026-01-06T11:14:16+00:00","og_image":[{"width":1000,"height":1000,"url":"https:\/\/static.purejewels.com\/wp-content\/uploads\/2020\/07\/175572401.jpg","type":"image\/jpeg"}],"twitter_card":"summary_large_image","twitter_misc":{"Tahmini okuma s\u00fcresi":"1 dakika"},"schema":{"@context":"https:\/\/schema.org","@graph":[{"@type":["WebPage","ItemPage"],"@id":"https:\/\/www.purejewels.com\/product\/22-carat-gold-ring-with-antique-finish\/","url":"https:\/\/www.purejewels.com\/product\/22-carat-gold-ring-with-antique-finish\/","name":"22 ayar alt\u0131n antika kaplama ayarlanabilir y\u00fcz\u00fck | Geleneksel m\u00fccevherler","isPartOf":{"@id":"https:\/\/www.purejewels.com\/#website"},"primaryImageOfPage":{"@id":"https:\/\/www.purejewels.com\/product\/22-carat-gold-ring-with-antique-finish\/#primaryimage"},"image":{"@id":"https:\/\/www.purejewels.com\/product\/22-carat-gold-ring-with-antique-finish\/#primaryimage"},"thumbnailUrl":"https:\/\/static.purejewels.com\/wp-content\/uploads\/2020\/07\/175572401.jpg","datePublished":"2018-12-12T06:21:22+00:00","dateModified":"2026-01-06T11:14:16+00:00","description":"Antik bir kaplamaya sahip, zarif i\u015f\u00e7ilikle \u00fcretilmi\u015f, ayarlanabilir boyutta 22 ayar alt\u0131n y\u00fcz\u00fck. Geleneksel Hint sanat\u0131ndan ilham alan, dikkat \u00e7eken bir par\u00e7a.","breadcrumb":{"@id":"https:\/\/www.purejewels.com\/product\/22-carat-gold-ring-with-antique-finish\/#breadcrumb"},"inLanguage":"tr","potentialAction":[{"@type":"ReadAction","target":["https:\/\/www.purejewels.com\/product\/22-carat-gold-ring-with-antique-finish\/"]}]},{"@type":"ImageObject","inLanguage":"tr","@id":"https:\/\/www.purejewels.com\/product\/22-carat-gold-ring-with-antique-finish\/#primaryimage","url":"https:\/\/static.purejewels.com\/wp-content\/uploads\/2020\/07\/175572401.jpg","contentUrl":"https:\/\/static.purejewels.com\/wp-content\/uploads\/2020\/07\/175572401.jpg","width":1000,"height":1000},{"@type":"BreadcrumbList","@id":"https:\/\/www.purejewels.com\/product\/22-carat-gold-ring-with-antique-finish\/#breadcrumb","itemListElement":[{"@type":"ListItem","position":1,"name":"Home","item":"https:\/\/www.purejewels.com\/"},{"@type":"ListItem","position":2,"name":"Shop","item":"https:\/\/www.purejewels.com\/shop\/"},{"@type":"ListItem","position":3,"name":"22ct Gold Antique Finish Statement Ring | Adjustable Size"}]},{"@type":"WebSite","@id":"https:\/\/www.purejewels.com\/#website","url":"https:\/\/www.purejewels.com\/","name":"PureJewels \u0130ngiltere","description":"Sevgiyi Payla\u015f\u0131n","publisher":{"@id":"https:\/\/www.purejewels.com\/#organization"},"potentialAction":[{"@type":"SearchAction","target":{"@type":"EntryPoint","urlTemplate":"https:\/\/www.purejewels.com\/?s={search_term_string}"},"query-input":{"@type":"PropertyValueSpecification","valueRequired":true,"valueName":"search_term_string"}}],"inLanguage":"tr"},{"@type":"Organization","@id":"https:\/\/www.purejewels.com\/#organization","name":"PureJewels \u0130ngiltere","url":"https:\/\/www.purejewels.com\/","logo":{"@type":"ImageObject","inLanguage":"tr","@id":"https:\/\/www.purejewels.com\/#\/schema\/logo\/image\/","url":"https:\/\/static.purejewels.com\/wp-content\/uploads\/2020\/11\/Logo-PJ-New-1.png","contentUrl":"https:\/\/static.purejewels.com\/wp-content\/uploads\/2020\/11\/Logo-PJ-New-1.png","width":150,"height":80,"caption":"PureJewels UK"},"image":{"@id":"https:\/\/www.purejewels.com\/#\/schema\/logo\/image\/"}}]}},"_links":{"self":[{"href":"https:\/\/www.purejewels.com\/tr\/wp-json\/wp\/v2\/product\/306988","targetHints":{"allow":["GET"]}}],"collection":[{"href":"https:\/\/www.purejewels.com\/tr\/wp-json\/wp\/v2\/product"}],"about":[{"href":"https:\/\/www.purejewels.com\/tr\/wp-json\/wp\/v2\/types\/product"}],"replies":[{"embeddable":true,"href":"https:\/\/www.purejewels.com\/tr\/wp-json\/wp\/v2\/comments?post=306988"}],"version-history":[{"count":2,"href":"https:\/\/www.purejewels.com\/tr\/wp-json\/wp\/v2\/product\/306988\/revisions"}],"predecessor-version":[{"id":424140,"href":"https:\/\/www.purejewels.com\/tr\/wp-json\/wp\/v2\/product\/306988\/revisions\/424140"}],"wp:featuredmedia":[{"embeddable":true,"href":"https:\/\/www.purejewels.com\/tr\/wp-json\/wp\/v2\/media\/315618"}],"wp:attachment":[{"href":"https:\/\/www.purejewels.com\/tr\/wp-json\/wp\/v2\/media?parent=306988"}],"wp:term":[{"taxonomy":"product_brand","embeddable":true,"href":"https:\/\/www.purejewels.com\/tr\/wp-json\/wp\/v2\/product_brand?post=306988"},{"taxonomy":"product_cat","embeddable":true,"href":"https:\/\/www.purejewels.com\/tr\/wp-json\/wp\/v2\/product_cat?post=306988"},{"taxonomy":"product_tag","embeddable":true,"href":"https:\/\/www.purejewels.com\/tr\/wp-json\/wp\/v2\/product_tag?post=306988"}],"curies":[{"name":"wp","href":"https:\/\/api.w.org\/{rel}","templated":true}]}}