{"id":307008,"date":"2018-12-22T09:27:34","date_gmt":"2018-12-22T09:27:34","guid":{"rendered":"https:\/\/www.purejewels.com\/?post_type=product&#038;p=307008"},"modified":"2026-01-06T06:53:26","modified_gmt":"2026-01-06T06:53:26","slug":"22-ayar-antika-kaplamali-altin-kupe-32103","status":"publish","type":"product","link":"https:\/\/www.purejewels.com\/tr\/product\/22-carat-gold-earring-with-antique-finish-32103\/","title":{"rendered":"22 ayar alt\u0131n geleneksel \u00e7i\u00e7ek desenli Jhumka k\u00fcpeler"},"content":{"rendered":"<h3 data-start=\"610\" data-end=\"624\"><strong data-start=\"614\" data-end=\"624\">Tasar\u0131m<\/strong><\/h3>\n<p data-start=\"625\" data-end=\"932\">Bu \u00e7i\u00e7ek desenli jhumka k\u00fcpeler, klasik kubbe siluetine uzanan g\u00fczel oyulmu\u015f \u00e7i\u00e7ek motifiyle zamans\u0131z bir miras stilini kutluyor. D\u00fc\u015fen boncuklar yumu\u015fak bir hareket katarak zarif ve \u015fenlikli bir g\u00f6r\u00fcn\u00fcm yarat\u0131yor. Antik kaplama, el yap\u0131m\u0131 dokuyu zenginle\u015ftirerek her par\u00e7aya aile yadigar\u0131 bir cazibe kat\u0131yor.<\/p>\n<h3 data-start=\"934\" data-end=\"955\"><strong data-start=\"938\" data-end=\"955\">Zanaatkarl\u0131k<\/strong><\/h3>\n<p data-start=\"956\" data-end=\"1280\">Y\u00fcksek safl\u0131kta 22 ayar alt\u0131ndan ustal\u0131kla el i\u015f\u00e7ili\u011fi ile \u00fcretilen her bir jhumka, nesiller boyu aktar\u0131lan geleneksel tekniklerle karma\u015f\u0131k detaylar\u0131 sergiliyor. Katmanl\u0131 unsurlar, dayan\u0131kl\u0131l\u0131k ve dengeyi sa\u011flayan hassas bir \u015fekilde bir araya getirilmi\u015ftir. Her bir \u00e7ift, alt\u0131n safl\u0131\u011f\u0131n\u0131 ve ustal\u0131kla \u00fcretildi\u011fini onaylayan Birle\u015fik Krall\u0131k damgas\u0131 ta\u015f\u0131maktad\u0131r.<\/p>\n<h3 data-start=\"1282\" data-end=\"1307\"><strong data-start=\"1286\" data-end=\"1307\">\u015eekillendirme &amp; Hediyele\u015fme<\/strong><\/h3>\n<p data-start=\"1308\" data-end=\"1554\">D\u00fc\u011f\u00fcnler, festivaller ve de\u011ferli aile toplant\u0131lar\u0131 i\u00e7in m\u00fckemmel olan bu jhumkalar, sari, lehenga ve zarif geleneksel k\u0131yafetlerle kolayca kombinlenebilir. \u00d6nemli anlar i\u00e7in d\u00fc\u015f\u00fcnceli bir hediye olan bu tak\u0131lar, sevgiyle saklan\u0131p nesilden nesile aktar\u0131lmak \u00fczere tasarlanm\u0131\u015ft\u0131r.<\/p>","protected":false},"excerpt":{"rendered":"<p>Antik detaylarla el yap\u0131m\u0131, Birle\u015fik Krall\u0131k'ta tam damgal\u0131 geleneksel 22 ayar alt\u0131n \u00e7i\u00e7ek desenli jhumka k\u00fcpeler.<\/p>\n<ul>\n<li>Antik Kaplamal\u0131 22 Ayar Alt\u0131n K\u00fcpe<\/li>\n<li>A\u011f\u0131rl\u0131k 30,6 gms<\/li>\n<li>SKU. 32103<\/li>\n<li>T\u00fcm fiyatlara KDV dahildir<\/li>\n<li>Londra Tahlil Ofisi Taraf\u0131ndan Damgalanm\u0131\u015f 22 Ayar Alt\u0131n<\/li>\n<li>Sunum Kutusu ile Birlikte Gelir<\/li>\n<li>Teslimat Dahil<\/li>\n<li>Stok durumu ve stokta bulunan benzer tasar\u0131mlar\u0131n daha fazla g\u00f6r\u00fcnt\u00fcs\u00fc i\u00e7in bizimle canl\u0131 sohbet edin<\/li>\n<\/ul>","protected":false},"featured_media":315423,"comment_status":"closed","ping_status":"closed","template":"","meta":{"_eb_attr":"","_crsspst_to_jayantr4sg-hostcom":false},"product_brand":[],"product_cat":[1625,236,1254,1229,1578,1656,1573,1574],"product_tag":[],"class_list":{"0":"post-307008","1":"product","2":"type-product","3":"status-publish","4":"has-post-thumbnail","6":"product_cat-bridal-set","7":"product_cat-collections","8":"product_cat-gold-earrings","9":"product_cat-22ct-gold-jewellery","10":"product_cat-jhumkha-earrings","11":"product_cat-rosettes-collections","12":"product_cat-wedding-gifts","13":"product_cat-womens-jewellery","15":"first","16":"outofstock","17":"taxable","18":"shipping-taxable","19":"product-type-simple","20":"add-to-wishlist-before_image"},"yoast_head":"<!-- This site is optimized with the Yoast SEO plugin v27.3 - https:\/\/yoast.com\/product\/yoast-seo-wordpress\/ -->\n<title>Heritage Floral Jhumkas in 22ct Gold | PureJewels UK<\/title>\n<meta name=\"description\" content=\"Traditional 22ct gold floral jhumka earrings with handcrafted detailing and UK hallmarking. Perfect for weddings, celebrations and cherished gifting.\" \/>\n<meta name=\"robots\" content=\"index, follow, max-snippet:-1, max-image-preview:large, max-video-preview:-1\" \/>\n<link rel=\"canonical\" href=\"https:\/\/www.purejewels.com\/tr\/urun\/22-ayar-antika-kaplamali-altin-kupe-32103\/\" \/>\n<meta property=\"og:locale\" content=\"tr_TR\" \/>\n<meta property=\"og:type\" content=\"article\" \/>\n<meta property=\"og:title\" content=\"Heritage Floral Jhumkas in 22ct Gold | PureJewels UK\" \/>\n<meta property=\"og:description\" content=\"Traditional 22ct gold floral jhumka earrings with handcrafted detailing and UK hallmarking. Perfect for weddings, celebrations and cherished gifting.\" \/>\n<meta property=\"og:url\" content=\"https:\/\/www.purejewels.com\/tr\/urun\/22-ayar-antika-kaplamali-altin-kupe-32103\/\" \/>\n<meta property=\"og:site_name\" content=\"PureJewels UK\" \/>\n<meta property=\"article:modified_time\" content=\"2026-01-06T06:53:26+00:00\" \/>\n<meta property=\"og:image\" content=\"https:\/\/static.purejewels.com\/wp-content\/uploads\/2020\/06\/image175175588-1.jpg\" \/>\n\t<meta property=\"og:image:width\" content=\"1000\" \/>\n\t<meta property=\"og:image:height\" content=\"1000\" \/>\n\t<meta property=\"og:image:type\" content=\"image\/jpeg\" \/>\n<meta name=\"twitter:card\" content=\"summary_large_image\" \/>\n<meta name=\"twitter:label1\" content=\"Tahmini okuma s\u00fcresi\" \/>\n\t<meta name=\"twitter:data1\" content=\"1 dakika\" \/>\n<script type=\"application\/ld+json\" class=\"yoast-schema-graph\">{\"@context\":\"https:\\\/\\\/schema.org\",\"@graph\":[{\"@type\":[\"WebPage\",\"ItemPage\"],\"@id\":\"https:\\\/\\\/www.purejewels.com\\\/product\\\/22-carat-gold-earring-with-antique-finish-32103\\\/\",\"url\":\"https:\\\/\\\/www.purejewels.com\\\/product\\\/22-carat-gold-earring-with-antique-finish-32103\\\/\",\"name\":\"Heritage Floral Jhumkas in 22ct Gold | PureJewels UK\",\"isPartOf\":{\"@id\":\"https:\\\/\\\/www.purejewels.com\\\/#website\"},\"primaryImageOfPage\":{\"@id\":\"https:\\\/\\\/www.purejewels.com\\\/product\\\/22-carat-gold-earring-with-antique-finish-32103\\\/#primaryimage\"},\"image\":{\"@id\":\"https:\\\/\\\/www.purejewels.com\\\/product\\\/22-carat-gold-earring-with-antique-finish-32103\\\/#primaryimage\"},\"thumbnailUrl\":\"https:\\\/\\\/static.purejewels.com\\\/wp-content\\\/uploads\\\/2020\\\/06\\\/image175175588-1.jpg\",\"datePublished\":\"2018-12-22T09:27:34+00:00\",\"dateModified\":\"2026-01-06T06:53:26+00:00\",\"description\":\"Traditional 22ct gold floral jhumka earrings with handcrafted detailing and UK hallmarking. Perfect for weddings, celebrations and cherished gifting.\",\"breadcrumb\":{\"@id\":\"https:\\\/\\\/www.purejewels.com\\\/product\\\/22-carat-gold-earring-with-antique-finish-32103\\\/#breadcrumb\"},\"inLanguage\":\"tr\",\"potentialAction\":[{\"@type\":\"ReadAction\",\"target\":[\"https:\\\/\\\/www.purejewels.com\\\/product\\\/22-carat-gold-earring-with-antique-finish-32103\\\/\"]}]},{\"@type\":\"ImageObject\",\"inLanguage\":\"tr\",\"@id\":\"https:\\\/\\\/www.purejewels.com\\\/product\\\/22-carat-gold-earring-with-antique-finish-32103\\\/#primaryimage\",\"url\":\"https:\\\/\\\/static.purejewels.com\\\/wp-content\\\/uploads\\\/2020\\\/06\\\/image175175588-1.jpg\",\"contentUrl\":\"https:\\\/\\\/static.purejewels.com\\\/wp-content\\\/uploads\\\/2020\\\/06\\\/image175175588-1.jpg\",\"width\":1000,\"height\":1000,\"caption\":\"Rosettes 22ct Antique Heavy Jumkha Earring RSER031\"},{\"@type\":\"BreadcrumbList\",\"@id\":\"https:\\\/\\\/www.purejewels.com\\\/product\\\/22-carat-gold-earring-with-antique-finish-32103\\\/#breadcrumb\",\"itemListElement\":[{\"@type\":\"ListItem\",\"position\":1,\"name\":\"Home\",\"item\":\"https:\\\/\\\/www.purejewels.com\\\/\"},{\"@type\":\"ListItem\",\"position\":2,\"name\":\"Shop\",\"item\":\"https:\\\/\\\/www.purejewels.com\\\/shop\\\/\"},{\"@type\":\"ListItem\",\"position\":3,\"name\":\"22ct Gold Traditional Floral Jhumka Earrings\"}]},{\"@type\":\"WebSite\",\"@id\":\"https:\\\/\\\/www.purejewels.com\\\/#website\",\"url\":\"https:\\\/\\\/www.purejewels.com\\\/\",\"name\":\"PureJewels UK\",\"description\":\"Share the Love\",\"publisher\":{\"@id\":\"https:\\\/\\\/www.purejewels.com\\\/#organization\"},\"potentialAction\":[{\"@type\":\"SearchAction\",\"target\":{\"@type\":\"EntryPoint\",\"urlTemplate\":\"https:\\\/\\\/www.purejewels.com\\\/?s={search_term_string}\"},\"query-input\":{\"@type\":\"PropertyValueSpecification\",\"valueRequired\":true,\"valueName\":\"search_term_string\"}}],\"inLanguage\":\"tr\"},{\"@type\":\"Organization\",\"@id\":\"https:\\\/\\\/www.purejewels.com\\\/#organization\",\"name\":\"PureJewels UK\",\"url\":\"https:\\\/\\\/www.purejewels.com\\\/\",\"logo\":{\"@type\":\"ImageObject\",\"inLanguage\":\"tr\",\"@id\":\"https:\\\/\\\/www.purejewels.com\\\/#\\\/schema\\\/logo\\\/image\\\/\",\"url\":\"https:\\\/\\\/static.purejewels.com\\\/wp-content\\\/uploads\\\/2020\\\/11\\\/Logo-PJ-New-1.png\",\"contentUrl\":\"https:\\\/\\\/static.purejewels.com\\\/wp-content\\\/uploads\\\/2020\\\/11\\\/Logo-PJ-New-1.png\",\"width\":150,\"height\":80,\"caption\":\"PureJewels UK\"},\"image\":{\"@id\":\"https:\\\/\\\/www.purejewels.com\\\/#\\\/schema\\\/logo\\\/image\\\/\"}}]}<\/script>\n<!-- \/ Yoast SEO plugin. -->","yoast_head_json":{"title":"22 ayar alt\u0131n Heritage Floral Jhumkas | PureJewels UK","description":"El yap\u0131m\u0131 detaylara ve \u0130ngiltere damgas\u0131na sahip geleneksel 22 ayar alt\u0131n \u00e7i\u00e7ek desenli jhumka k\u00fcpeler. D\u00fc\u011f\u00fcnler, kutlamalar ve de\u011ferli hediyeler i\u00e7in m\u00fckemmeldir.","robots":{"index":"index","follow":"follow","max-snippet":"max-snippet:-1","max-image-preview":"max-image-preview:large","max-video-preview":"max-video-preview:-1"},"canonical":"https:\/\/www.purejewels.com\/tr\/urun\/22-ayar-antika-kaplamali-altin-kupe-32103\/","og_locale":"tr_TR","og_type":"article","og_title":"Heritage Floral Jhumkas in 22ct Gold | PureJewels UK","og_description":"Traditional 22ct gold floral jhumka earrings with handcrafted detailing and UK hallmarking. Perfect for weddings, celebrations and cherished gifting.","og_url":"https:\/\/www.purejewels.com\/tr\/urun\/22-ayar-antika-kaplamali-altin-kupe-32103\/","og_site_name":"PureJewels UK","article_modified_time":"2026-01-06T06:53:26+00:00","og_image":[{"width":1000,"height":1000,"url":"https:\/\/static.purejewels.com\/wp-content\/uploads\/2020\/06\/image175175588-1.jpg","type":"image\/jpeg"}],"twitter_card":"summary_large_image","twitter_misc":{"Tahmini okuma s\u00fcresi":"1 dakika"},"schema":{"@context":"https:\/\/schema.org","@graph":[{"@type":["WebPage","ItemPage"],"@id":"https:\/\/www.purejewels.com\/product\/22-carat-gold-earring-with-antique-finish-32103\/","url":"https:\/\/www.purejewels.com\/product\/22-carat-gold-earring-with-antique-finish-32103\/","name":"22 ayar alt\u0131n Heritage Floral Jhumkas | PureJewels UK","isPartOf":{"@id":"https:\/\/www.purejewels.com\/#website"},"primaryImageOfPage":{"@id":"https:\/\/www.purejewels.com\/product\/22-carat-gold-earring-with-antique-finish-32103\/#primaryimage"},"image":{"@id":"https:\/\/www.purejewels.com\/product\/22-carat-gold-earring-with-antique-finish-32103\/#primaryimage"},"thumbnailUrl":"https:\/\/static.purejewels.com\/wp-content\/uploads\/2020\/06\/image175175588-1.jpg","datePublished":"2018-12-22T09:27:34+00:00","dateModified":"2026-01-06T06:53:26+00:00","description":"El yap\u0131m\u0131 detaylara ve \u0130ngiltere damgas\u0131na sahip geleneksel 22 ayar alt\u0131n \u00e7i\u00e7ek desenli jhumka k\u00fcpeler. D\u00fc\u011f\u00fcnler, kutlamalar ve de\u011ferli hediyeler i\u00e7in m\u00fckemmeldir.","breadcrumb":{"@id":"https:\/\/www.purejewels.com\/product\/22-carat-gold-earring-with-antique-finish-32103\/#breadcrumb"},"inLanguage":"tr","potentialAction":[{"@type":"ReadAction","target":["https:\/\/www.purejewels.com\/product\/22-carat-gold-earring-with-antique-finish-32103\/"]}]},{"@type":"ImageObject","inLanguage":"tr","@id":"https:\/\/www.purejewels.com\/product\/22-carat-gold-earring-with-antique-finish-32103\/#primaryimage","url":"https:\/\/static.purejewels.com\/wp-content\/uploads\/2020\/06\/image175175588-1.jpg","contentUrl":"https:\/\/static.purejewels.com\/wp-content\/uploads\/2020\/06\/image175175588-1.jpg","width":1000,"height":1000,"caption":"Rosettes 22ct Antique Heavy Jumkha Earring RSER031"},{"@type":"BreadcrumbList","@id":"https:\/\/www.purejewels.com\/product\/22-carat-gold-earring-with-antique-finish-32103\/#breadcrumb","itemListElement":[{"@type":"ListItem","position":1,"name":"Home","item":"https:\/\/www.purejewels.com\/"},{"@type":"ListItem","position":2,"name":"Shop","item":"https:\/\/www.purejewels.com\/shop\/"},{"@type":"ListItem","position":3,"name":"22ct Gold Traditional Floral Jhumka Earrings"}]},{"@type":"WebSite","@id":"https:\/\/www.purejewels.com\/#website","url":"https:\/\/www.purejewels.com\/","name":"PureJewels \u0130ngiltere","description":"Sevgiyi Payla\u015f\u0131n","publisher":{"@id":"https:\/\/www.purejewels.com\/#organization"},"potentialAction":[{"@type":"SearchAction","target":{"@type":"EntryPoint","urlTemplate":"https:\/\/www.purejewels.com\/?s={search_term_string}"},"query-input":{"@type":"PropertyValueSpecification","valueRequired":true,"valueName":"search_term_string"}}],"inLanguage":"tr"},{"@type":"Organization","@id":"https:\/\/www.purejewels.com\/#organization","name":"PureJewels \u0130ngiltere","url":"https:\/\/www.purejewels.com\/","logo":{"@type":"ImageObject","inLanguage":"tr","@id":"https:\/\/www.purejewels.com\/#\/schema\/logo\/image\/","url":"https:\/\/static.purejewels.com\/wp-content\/uploads\/2020\/11\/Logo-PJ-New-1.png","contentUrl":"https:\/\/static.purejewels.com\/wp-content\/uploads\/2020\/11\/Logo-PJ-New-1.png","width":150,"height":80,"caption":"PureJewels UK"},"image":{"@id":"https:\/\/www.purejewels.com\/#\/schema\/logo\/image\/"}}]}},"_links":{"self":[{"href":"https:\/\/www.purejewels.com\/tr\/wp-json\/wp\/v2\/product\/307008","targetHints":{"allow":["GET"]}}],"collection":[{"href":"https:\/\/www.purejewels.com\/tr\/wp-json\/wp\/v2\/product"}],"about":[{"href":"https:\/\/www.purejewels.com\/tr\/wp-json\/wp\/v2\/types\/product"}],"replies":[{"embeddable":true,"href":"https:\/\/www.purejewels.com\/tr\/wp-json\/wp\/v2\/comments?post=307008"}],"version-history":[{"count":3,"href":"https:\/\/www.purejewels.com\/tr\/wp-json\/wp\/v2\/product\/307008\/revisions"}],"predecessor-version":[{"id":422687,"href":"https:\/\/www.purejewels.com\/tr\/wp-json\/wp\/v2\/product\/307008\/revisions\/422687"}],"wp:featuredmedia":[{"embeddable":true,"href":"https:\/\/www.purejewels.com\/tr\/wp-json\/wp\/v2\/media\/315423"}],"wp:attachment":[{"href":"https:\/\/www.purejewels.com\/tr\/wp-json\/wp\/v2\/media?parent=307008"}],"wp:term":[{"taxonomy":"product_brand","embeddable":true,"href":"https:\/\/www.purejewels.com\/tr\/wp-json\/wp\/v2\/product_brand?post=307008"},{"taxonomy":"product_cat","embeddable":true,"href":"https:\/\/www.purejewels.com\/tr\/wp-json\/wp\/v2\/product_cat?post=307008"},{"taxonomy":"product_tag","embeddable":true,"href":"https:\/\/www.purejewels.com\/tr\/wp-json\/wp\/v2\/product_tag?post=307008"}],"curies":[{"name":"wp","href":"https:\/\/api.w.org\/{rel}","templated":true}]}}