{"id":307013,"date":"2018-12-22T09:13:43","date_gmt":"2018-12-22T09:13:43","guid":{"rendered":"https:\/\/www.purejewels.com\/?post_type=product&#038;p=307013"},"modified":"2025-12-09T05:04:14","modified_gmt":"2025-12-09T05:04:14","slug":"antik-kaplamali-22-ayar-altin-kupe-28726","status":"publish","type":"product","link":"https:\/\/www.purejewels.com\/tr\/product\/22-carat-gold-earring-with-antique-finish-28726\/","title":{"rendered":"Antik Kaplamal\u0131 22 Ayar Alt\u0131n K\u00fcpe"},"content":{"rendered":"<h3 data-start=\"1091\" data-end=\"1115\"><strong data-start=\"1095\" data-end=\"1113\">Tasar\u0131m Konsepti<\/strong><\/h3>\n<p data-start=\"1116\" data-end=\"1441\">Bab\u00fcr sanat\u0131n\u0131n kraliyet saraylar\u0131ndan ilham alan bu k\u00fcpeler, ham \u0131\u015f\u0131lt\u0131s\u0131 ve k\u00fclt\u00fcrel derinli\u011fiyle bilinen eski bir kesilmemi\u015f elmas m\u00fccevher bi\u00e7imi olan Polki elmaslar\u0131na sahiptir. Antik alt\u0131n kaplama, zamans\u0131z bir miras\u0131 \u00e7a\u011fr\u0131\u015ft\u0131rarak zarafet, gelenek ve sessiz bir g\u00fcvenden bahseden bir par\u00e7a sunuyor.<\/p>\n<h3 data-start=\"1448\" data-end=\"1471\"><strong data-start=\"1452\" data-end=\"1469\">Zanaatkarl\u0131k<\/strong><\/h3>\n<p data-start=\"1472\" data-end=\"1854\">Her bir k\u00fcpe 22 ayar sar\u0131 alt\u0131ndan titizlikle el i\u015f\u00e7ili\u011fiyle \u00fcretilmi\u015f ve Londra Assay Office taraf\u0131ndan safl\u0131k ve kalite m\u00fchr\u00fc ile damgalanm\u0131\u015ft\u0131r. Polki elmaslar\u0131, her bir ta\u015f\u0131 benzersiz k\u0131lan kusurlar\u0131 kutlayan yetenekli zanaatk\u00e2rlar taraf\u0131ndan ustal\u0131kla yerle\u015ftirilmi\u015ftir. Antik kaplama, par\u00e7aya ya\u015fanm\u0131\u015f, muhte\u015fem bir hava vermek i\u00e7in \u00f6zenle elde edilmi\u015ftir - kal\u0131c\u0131 olmas\u0131 i\u00e7in yap\u0131lm\u0131\u015f modern bir yadig\u00e2r.<\/p>\n<h3 data-start=\"1861\" data-end=\"1884\"><strong data-start=\"1865\" data-end=\"1882\">Stil Fikirleri<\/strong><\/h3>\n<ul>\n<li data-start=\"1887\" data-end=\"1990\">Resmi etkinlikler i\u00e7in sare, lehenga veya i\u015flemeli elbiseler gibi mirastan ilham alan k\u0131yafetlerle e\u015fle\u015ftirin<\/li>\n<li data-start=\"1993\" data-end=\"2101\">Modern bir Indo-f\u00fczyon ifadesi i\u00e7in ipek bir bluz veya siyah bir elbise gibi bat\u0131 k\u0131yafetleriyle g\u00fczel bir kontrast olu\u015fturun<\/li>\n<li data-start=\"2104\" data-end=\"2187\">Uyumlu bir seti tamamlamak i\u00e7in Polki kolye ucu veya antika alt\u0131n bilekliklerle e\u015fle\u015ftirin<\/li>\n<li data-start=\"2190\" data-end=\"2272\">D\u00fc\u011f\u00fcnler, bayramlar, Diwali veya d\u00f6n\u00fcm noktas\u0131 anlar\u0131 i\u00e7in m\u00fckemmel bir se\u00e7im<\/li>\n<\/ul>","protected":false},"excerpt":{"rendered":"<ul>\n<li>Antik Kaplamal\u0131 22 Ayar Alt\u0131n K\u00fcpe<\/li>\n<li>Kesilmemi\u015f Polki P\u0131rlanta ile \u00c7ivili<\/li>\n<li>A\u011f\u0131rl\u0131k 5,5 gms<\/li>\n<li>P\u0131rlanta A\u011f\u0131rl\u0131\u011f\u0131 0,14 ct<\/li>\n<li>SKU. 28726<\/li>\n<li>T\u00fcm fiyatlara KDV dahildir<\/li>\n<li>T\u00fcm \u00fcr\u00fcnlerimiz London Assay Office taraf\u0131ndan damgalanm\u0131\u015ft\u0131r<\/li>\n<li>Sunum Kutusu ile Birlikte Gelir<\/li>\n<li>Teslimat Dahil<\/li>\n<li>Videolar\u0131n\u0131 g\u00f6rmek i\u00e7in bize ula\u015f\u0131n \/ bizimle sohbet edin <span class=\"mark42n4ju435\" data-markjs=\"true\" data-ogac=\"\" data-ogab=\"\" data-ogsc=\"\" data-ogsb=\"\">Diwali<\/span>\u00a0m\u00fccevher koleksiyonu<\/li>\n<\/ul>","protected":false},"featured_media":313166,"comment_status":"closed","ping_status":"closed","template":"","meta":{"_eb_attr":"","_crsspst_to_jayantr4sg-hostcom":false},"product_brand":[],"product_cat":[1254,1656,1577,1573,1574],"product_tag":[],"class_list":{"0":"post-307013","1":"product","2":"type-product","3":"status-publish","4":"has-post-thumbnail","6":"product_cat-gold-earrings","7":"product_cat-rosettes-collections","8":"product_cat-stud-earrings","9":"product_cat-wedding-gifts","10":"product_cat-womens-jewellery","12":"first","13":"outofstock","14":"taxable","15":"shipping-taxable","16":"product-type-simple","17":"add-to-wishlist-before_image"},"yoast_head":"<!-- This site is optimized with the Yoast SEO plugin v27.3 - https:\/\/yoast.com\/product\/yoast-seo-wordpress\/ -->\n<title>Vintage Floral Stud Earrings in 22ct Gold | PureJewels UK<\/title>\n<meta name=\"description\" content=\"22ct gold floral stud earrings with antique detailing and a radiant centre stone. Hallmarked in the UK and perfect for weddings, gifting and elegant festive wear.\" \/>\n<meta name=\"robots\" content=\"index, follow, max-snippet:-1, max-image-preview:large, max-video-preview:-1\" \/>\n<link rel=\"canonical\" href=\"https:\/\/www.purejewels.com\/tr\/urun\/antik-kaplamali-22-ayar-altin-kupe-28726\/\" \/>\n<meta property=\"og:locale\" content=\"tr_TR\" \/>\n<meta property=\"og:type\" content=\"article\" \/>\n<meta property=\"og:title\" content=\"Vintage Floral Stud Earrings in 22ct Gold | PureJewels UK\" \/>\n<meta property=\"og:description\" content=\"22ct gold floral stud earrings with antique detailing and a radiant centre stone. Hallmarked in the UK and perfect for weddings, gifting and elegant festive wear.\" \/>\n<meta property=\"og:url\" content=\"https:\/\/www.purejewels.com\/tr\/urun\/antik-kaplamali-22-ayar-altin-kupe-28726\/\" \/>\n<meta property=\"og:site_name\" content=\"PureJewels UK\" \/>\n<meta property=\"article:modified_time\" content=\"2025-12-09T05:04:14+00:00\" \/>\n<meta property=\"og:image\" content=\"https:\/\/static.purejewels.com\/wp-content\/uploads\/2020\/03\/133384698.png\" \/>\n\t<meta property=\"og:image:width\" content=\"1000\" \/>\n\t<meta property=\"og:image:height\" content=\"1000\" \/>\n\t<meta property=\"og:image:type\" content=\"image\/png\" \/>\n<meta name=\"twitter:card\" content=\"summary_large_image\" \/>\n<meta name=\"twitter:label1\" content=\"Tahmini okuma s\u00fcresi\" \/>\n\t<meta name=\"twitter:data1\" content=\"1 dakika\" \/>\n<script type=\"application\/ld+json\" class=\"yoast-schema-graph\">{\"@context\":\"https:\\\/\\\/schema.org\",\"@graph\":[{\"@type\":[\"WebPage\",\"ItemPage\"],\"@id\":\"https:\\\/\\\/www.purejewels.com\\\/product\\\/22-carat-gold-earring-with-antique-finish-28726\\\/\",\"url\":\"https:\\\/\\\/www.purejewels.com\\\/product\\\/22-carat-gold-earring-with-antique-finish-28726\\\/\",\"name\":\"Vintage Floral Stud Earrings in 22ct Gold | PureJewels UK\",\"isPartOf\":{\"@id\":\"https:\\\/\\\/www.purejewels.com\\\/#website\"},\"primaryImageOfPage\":{\"@id\":\"https:\\\/\\\/www.purejewels.com\\\/product\\\/22-carat-gold-earring-with-antique-finish-28726\\\/#primaryimage\"},\"image\":{\"@id\":\"https:\\\/\\\/www.purejewels.com\\\/product\\\/22-carat-gold-earring-with-antique-finish-28726\\\/#primaryimage\"},\"thumbnailUrl\":\"https:\\\/\\\/static.purejewels.com\\\/wp-content\\\/uploads\\\/2020\\\/03\\\/133384698.png\",\"datePublished\":\"2018-12-22T09:13:43+00:00\",\"dateModified\":\"2025-12-09T05:04:14+00:00\",\"description\":\"22ct gold floral stud earrings with antique detailing and a radiant centre stone. Hallmarked in the UK and perfect for weddings, gifting and elegant festive wear.\",\"breadcrumb\":{\"@id\":\"https:\\\/\\\/www.purejewels.com\\\/product\\\/22-carat-gold-earring-with-antique-finish-28726\\\/#breadcrumb\"},\"inLanguage\":\"tr\",\"potentialAction\":[{\"@type\":\"ReadAction\",\"target\":[\"https:\\\/\\\/www.purejewels.com\\\/product\\\/22-carat-gold-earring-with-antique-finish-28726\\\/\"]}]},{\"@type\":\"ImageObject\",\"inLanguage\":\"tr\",\"@id\":\"https:\\\/\\\/www.purejewels.com\\\/product\\\/22-carat-gold-earring-with-antique-finish-28726\\\/#primaryimage\",\"url\":\"https:\\\/\\\/static.purejewels.com\\\/wp-content\\\/uploads\\\/2020\\\/03\\\/133384698.png\",\"contentUrl\":\"https:\\\/\\\/static.purejewels.com\\\/wp-content\\\/uploads\\\/2020\\\/03\\\/133384698.png\",\"width\":1000,\"height\":1000,\"caption\":\"22 Carat Gold Earring With Antique FinishStudded With Uncut Polki DiamondWt. 5.5 gDiamond Wt. 0.14 ctSKU. 28726All prices include VATAll our products are hallmarked by London Assay OfficeComes With Presentation BoxDelivery IncludedContact us \\\/ chat with us to see video of product\"},{\"@type\":\"BreadcrumbList\",\"@id\":\"https:\\\/\\\/www.purejewels.com\\\/product\\\/22-carat-gold-earring-with-antique-finish-28726\\\/#breadcrumb\",\"itemListElement\":[{\"@type\":\"ListItem\",\"position\":1,\"name\":\"Home\",\"item\":\"https:\\\/\\\/www.purejewels.com\\\/\"},{\"@type\":\"ListItem\",\"position\":2,\"name\":\"Shop\",\"item\":\"https:\\\/\\\/www.purejewels.com\\\/shop\\\/\"},{\"@type\":\"ListItem\",\"position\":3,\"name\":\"22 Carat Gold Earring With Antique Finish\"}]},{\"@type\":\"WebSite\",\"@id\":\"https:\\\/\\\/www.purejewels.com\\\/#website\",\"url\":\"https:\\\/\\\/www.purejewels.com\\\/\",\"name\":\"PureJewels UK\",\"description\":\"Share the Love\",\"publisher\":{\"@id\":\"https:\\\/\\\/www.purejewels.com\\\/#organization\"},\"potentialAction\":[{\"@type\":\"SearchAction\",\"target\":{\"@type\":\"EntryPoint\",\"urlTemplate\":\"https:\\\/\\\/www.purejewels.com\\\/?s={search_term_string}\"},\"query-input\":{\"@type\":\"PropertyValueSpecification\",\"valueRequired\":true,\"valueName\":\"search_term_string\"}}],\"inLanguage\":\"tr\"},{\"@type\":\"Organization\",\"@id\":\"https:\\\/\\\/www.purejewels.com\\\/#organization\",\"name\":\"PureJewels UK\",\"url\":\"https:\\\/\\\/www.purejewels.com\\\/\",\"logo\":{\"@type\":\"ImageObject\",\"inLanguage\":\"tr\",\"@id\":\"https:\\\/\\\/www.purejewels.com\\\/#\\\/schema\\\/logo\\\/image\\\/\",\"url\":\"https:\\\/\\\/static.purejewels.com\\\/wp-content\\\/uploads\\\/2020\\\/11\\\/Logo-PJ-New-1.png\",\"contentUrl\":\"https:\\\/\\\/static.purejewels.com\\\/wp-content\\\/uploads\\\/2020\\\/11\\\/Logo-PJ-New-1.png\",\"width\":150,\"height\":80,\"caption\":\"PureJewels UK\"},\"image\":{\"@id\":\"https:\\\/\\\/www.purejewels.com\\\/#\\\/schema\\\/logo\\\/image\\\/\"}}]}<\/script>\n<!-- \/ Yoast SEO plugin. -->","yoast_head_json":{"title":"22 ayar alt\u0131n vintage \u00e7i\u00e7ek desenli k\u00fcpe | PureJewels UK","description":"Antik detaylara ve parlak bir merkez ta\u015fa sahip 22 ayar alt\u0131n \u00e7i\u00e7ek motifli k\u00fcpe. \u0130ngiltere'de damgal\u0131 ve d\u00fc\u011f\u00fcnler, hediyeler ve \u015f\u0131k bayram k\u0131yafetleri i\u00e7in m\u00fckemmel.","robots":{"index":"index","follow":"follow","max-snippet":"max-snippet:-1","max-image-preview":"max-image-preview:large","max-video-preview":"max-video-preview:-1"},"canonical":"https:\/\/www.purejewels.com\/tr\/urun\/antik-kaplamali-22-ayar-altin-kupe-28726\/","og_locale":"tr_TR","og_type":"article","og_title":"Vintage Floral Stud Earrings in 22ct Gold | PureJewels UK","og_description":"22ct gold floral stud earrings with antique detailing and a radiant centre stone. Hallmarked in the UK and perfect for weddings, gifting and elegant festive wear.","og_url":"https:\/\/www.purejewels.com\/tr\/urun\/antik-kaplamali-22-ayar-altin-kupe-28726\/","og_site_name":"PureJewels UK","article_modified_time":"2025-12-09T05:04:14+00:00","og_image":[{"width":1000,"height":1000,"url":"https:\/\/static.purejewels.com\/wp-content\/uploads\/2020\/03\/133384698.png","type":"image\/png"}],"twitter_card":"summary_large_image","twitter_misc":{"Tahmini okuma s\u00fcresi":"1 dakika"},"schema":{"@context":"https:\/\/schema.org","@graph":[{"@type":["WebPage","ItemPage"],"@id":"https:\/\/www.purejewels.com\/product\/22-carat-gold-earring-with-antique-finish-28726\/","url":"https:\/\/www.purejewels.com\/product\/22-carat-gold-earring-with-antique-finish-28726\/","name":"22 ayar alt\u0131n vintage \u00e7i\u00e7ek desenli k\u00fcpe | PureJewels UK","isPartOf":{"@id":"https:\/\/www.purejewels.com\/#website"},"primaryImageOfPage":{"@id":"https:\/\/www.purejewels.com\/product\/22-carat-gold-earring-with-antique-finish-28726\/#primaryimage"},"image":{"@id":"https:\/\/www.purejewels.com\/product\/22-carat-gold-earring-with-antique-finish-28726\/#primaryimage"},"thumbnailUrl":"https:\/\/static.purejewels.com\/wp-content\/uploads\/2020\/03\/133384698.png","datePublished":"2018-12-22T09:13:43+00:00","dateModified":"2025-12-09T05:04:14+00:00","description":"Antik detaylara ve parlak bir merkez ta\u015fa sahip 22 ayar alt\u0131n \u00e7i\u00e7ek motifli k\u00fcpe. \u0130ngiltere'de damgal\u0131 ve d\u00fc\u011f\u00fcnler, hediyeler ve \u015f\u0131k bayram k\u0131yafetleri i\u00e7in m\u00fckemmel.","breadcrumb":{"@id":"https:\/\/www.purejewels.com\/product\/22-carat-gold-earring-with-antique-finish-28726\/#breadcrumb"},"inLanguage":"tr","potentialAction":[{"@type":"ReadAction","target":["https:\/\/www.purejewels.com\/product\/22-carat-gold-earring-with-antique-finish-28726\/"]}]},{"@type":"ImageObject","inLanguage":"tr","@id":"https:\/\/www.purejewels.com\/product\/22-carat-gold-earring-with-antique-finish-28726\/#primaryimage","url":"https:\/\/static.purejewels.com\/wp-content\/uploads\/2020\/03\/133384698.png","contentUrl":"https:\/\/static.purejewels.com\/wp-content\/uploads\/2020\/03\/133384698.png","width":1000,"height":1000,"caption":"22 Carat Gold Earring With Antique FinishStudded With Uncut Polki DiamondWt. 5.5 gDiamond Wt. 0.14 ctSKU. 28726All prices include VATAll our products are hallmarked by London Assay OfficeComes With Presentation BoxDelivery IncludedContact us \/ chat with us to see video of product"},{"@type":"BreadcrumbList","@id":"https:\/\/www.purejewels.com\/product\/22-carat-gold-earring-with-antique-finish-28726\/#breadcrumb","itemListElement":[{"@type":"ListItem","position":1,"name":"Home","item":"https:\/\/www.purejewels.com\/"},{"@type":"ListItem","position":2,"name":"Shop","item":"https:\/\/www.purejewels.com\/shop\/"},{"@type":"ListItem","position":3,"name":"22 Carat Gold Earring With Antique Finish"}]},{"@type":"WebSite","@id":"https:\/\/www.purejewels.com\/#website","url":"https:\/\/www.purejewels.com\/","name":"PureJewels \u0130ngiltere","description":"Sevgiyi Payla\u015f\u0131n","publisher":{"@id":"https:\/\/www.purejewels.com\/#organization"},"potentialAction":[{"@type":"SearchAction","target":{"@type":"EntryPoint","urlTemplate":"https:\/\/www.purejewels.com\/?s={search_term_string}"},"query-input":{"@type":"PropertyValueSpecification","valueRequired":true,"valueName":"search_term_string"}}],"inLanguage":"tr"},{"@type":"Organization","@id":"https:\/\/www.purejewels.com\/#organization","name":"PureJewels \u0130ngiltere","url":"https:\/\/www.purejewels.com\/","logo":{"@type":"ImageObject","inLanguage":"tr","@id":"https:\/\/www.purejewels.com\/#\/schema\/logo\/image\/","url":"https:\/\/static.purejewels.com\/wp-content\/uploads\/2020\/11\/Logo-PJ-New-1.png","contentUrl":"https:\/\/static.purejewels.com\/wp-content\/uploads\/2020\/11\/Logo-PJ-New-1.png","width":150,"height":80,"caption":"PureJewels UK"},"image":{"@id":"https:\/\/www.purejewels.com\/#\/schema\/logo\/image\/"}}]}},"_links":{"self":[{"href":"https:\/\/www.purejewels.com\/tr\/wp-json\/wp\/v2\/product\/307013","targetHints":{"allow":["GET"]}}],"collection":[{"href":"https:\/\/www.purejewels.com\/tr\/wp-json\/wp\/v2\/product"}],"about":[{"href":"https:\/\/www.purejewels.com\/tr\/wp-json\/wp\/v2\/types\/product"}],"replies":[{"embeddable":true,"href":"https:\/\/www.purejewels.com\/tr\/wp-json\/wp\/v2\/comments?post=307013"}],"version-history":[{"count":3,"href":"https:\/\/www.purejewels.com\/tr\/wp-json\/wp\/v2\/product\/307013\/revisions"}],"predecessor-version":[{"id":420536,"href":"https:\/\/www.purejewels.com\/tr\/wp-json\/wp\/v2\/product\/307013\/revisions\/420536"}],"wp:featuredmedia":[{"embeddable":true,"href":"https:\/\/www.purejewels.com\/tr\/wp-json\/wp\/v2\/media\/313166"}],"wp:attachment":[{"href":"https:\/\/www.purejewels.com\/tr\/wp-json\/wp\/v2\/media?parent=307013"}],"wp:term":[{"taxonomy":"product_brand","embeddable":true,"href":"https:\/\/www.purejewels.com\/tr\/wp-json\/wp\/v2\/product_brand?post=307013"},{"taxonomy":"product_cat","embeddable":true,"href":"https:\/\/www.purejewels.com\/tr\/wp-json\/wp\/v2\/product_cat?post=307013"},{"taxonomy":"product_tag","embeddable":true,"href":"https:\/\/www.purejewels.com\/tr\/wp-json\/wp\/v2\/product_tag?post=307013"}],"curies":[{"name":"wp","href":"https:\/\/api.w.org\/{rel}","templated":true}]}}