{"id":307065,"date":"2018-12-10T11:21:05","date_gmt":"2018-12-10T11:21:05","guid":{"rendered":"https:\/\/www.purejewels.com\/?post_type=product&#038;p=307065"},"modified":"2026-01-06T07:58:07","modified_gmt":"2026-01-06T07:58:07","slug":"22-ayar-altindan-om-kolye-23020","status":"publish","type":"product","link":"https:\/\/www.purejewels.com\/tr\/product\/om-pendant-in-22ct-gold-23020\/","title":{"rendered":"22 Ayar Alt\u0131n Krishna Om Emaye Kolye Ucu"},"content":{"rendered":"<p data-start=\"42\" data-end=\"355\">22 ayar alt\u0131ndan yap\u0131lm\u0131\u015f bu Krishna Om kolye ile ba\u011fl\u0131l\u0131\u011f\u0131 ve sanat\u0131 kutlay\u0131n. Kutsal Om sembol\u00fc, Lord Krishna'y\u0131 onurland\u0131ran bir fl\u00fct ve tavus ku\u015fu t\u00fcy\u00fc motifiyle zarif bir \u015fekilde vurgulanm\u0131\u015ft\u0131r. Zengin mavi, ye\u015fil ve k\u0131rm\u0131z\u0131 renklerdeki ince mine i\u015f\u00e7ili\u011fi renk ve derinlik katarken, p\u0131r\u0131lt\u0131l\u0131 ta\u015flar Om'u ince bir \u0131\u015f\u0131lt\u0131 i\u00e7in izler.<\/p>\n<p data-start=\"357\" data-end=\"621\">\u015e\u0131k bir 22 ayar alt\u0131n balyadan sarkan bu kolye ucu, hem ruhani bir anlam hem de zarif bir stil sunarak g\u00fcnl\u00fck kullan\u0131m veya u\u011furlu g\u00fcnler i\u00e7in m\u00fckemmeldir. Sade bir alt\u0131n zincirle e\u015fle\u015ftirin veya inanc\u0131n\u0131z\u0131 kalbinize yak\u0131n tutmak i\u00e7in di\u011fer favorilerinizle katmanlay\u0131n.<\/p>","protected":false},"excerpt":{"rendered":"<ul>\n<li>22 Ayar Alt\u0131n Om Kolye<\/li>\n<li>CZ Ta\u015flarla \u0130\u015flenmi\u015f<\/li>\n<li>A\u011f\u0131rl\u0131k. 4.3 g<\/li>\n<li>SKU. 23020<\/li>\n<li>Zincir dahil de\u011fildir<\/li>\n<li>T\u00fcm \u00fcr\u00fcnlerimizi g\u00f6r\u00fcnt\u00fcleyin\u00a0\u00a0<strong>22 Ayar Alt\u0131n Zincirler<\/strong><\/li>\n<li>Londra Tahlil Ofisi Taraf\u0131ndan Damgalanm\u0131\u015f 22 Ayar Alt\u0131n<\/li>\n<li>Sunum Kutusu ile Birlikte Gelir<\/li>\n<li>Teslimat Dahil<\/li>\n<li>T\u00fcm fiyatlara KDV dahildir<\/li>\n<li>Stok durumu ve stokta bulunan benzer tasar\u0131mlar\u0131n daha fazla g\u00f6r\u00fcnt\u00fcs\u00fc i\u00e7in bizimle canl\u0131 sohbet edin<\/li>\n<\/ul>","protected":false},"featured_media":307066,"comment_status":"closed","ping_status":"closed","template":"","meta":{"_eb_attr":"","_crsspst_to_jayantr4sg-hostcom":false},"product_brand":[],"product_cat":[1559,1576,1229,1255,1701,1574],"product_tag":[],"class_list":{"0":"post-307065","1":"product","2":"type-product","3":"status-publish","4":"has-post-thumbnail","6":"product_cat-birthday-gifts","7":"product_cat-childrens-jewellery","8":"product_cat-22ct-gold-jewellery","9":"product_cat-gold-pendants","10":"product_cat-religious-pendants","11":"product_cat-womens-jewellery","13":"first","14":"outofstock","15":"sale","16":"taxable","17":"shipping-taxable","18":"product-type-simple","19":"add-to-wishlist-before_image"},"yoast_head":"<!-- This site is optimized with the Yoast SEO plugin v27.5 - https:\/\/yoast.com\/product\/yoast-seo-wordpress\/ -->\n<title>Krishna Om Enamel Pendant in 22ct Gold | PureJewels<\/title>\n<meta name=\"description\" content=\"Krishna Om enamel pendant in 22ct gold, featuring flute and peacock feather detailing with sparkling stones \u2013 a meaningful piece for daily wear and gifting.\" \/>\n<meta name=\"robots\" content=\"index, follow, max-snippet:-1, max-image-preview:large, max-video-preview:-1\" \/>\n<link rel=\"canonical\" href=\"https:\/\/www.purejewels.com\/tr\/urun\/22-ayar-altindan-om-kolye-23020\/\" \/>\n<meta property=\"og:locale\" content=\"tr_TR\" \/>\n<meta property=\"og:type\" content=\"article\" \/>\n<meta property=\"og:title\" content=\"Krishna Om Enamel Pendant in 22ct Gold | PureJewels\" \/>\n<meta property=\"og:description\" content=\"Krishna Om enamel pendant in 22ct gold, featuring flute and peacock feather detailing with sparkling stones \u2013 a meaningful piece for daily wear and gifting.\" \/>\n<meta property=\"og:url\" content=\"https:\/\/www.purejewels.com\/tr\/urun\/22-ayar-altindan-om-kolye-23020\/\" \/>\n<meta property=\"og:site_name\" content=\"PureJewels UK\" \/>\n<meta property=\"article:modified_time\" content=\"2026-01-06T07:58:07+00:00\" \/>\n<meta property=\"og:image\" content=\"https:\/\/www.purejewels.com\/wp-content\/uploads\/2018\/12\/23020_1.png\" \/>\n\t<meta property=\"og:image:width\" content=\"1000\" \/>\n\t<meta property=\"og:image:height\" content=\"1000\" \/>\n\t<meta property=\"og:image:type\" content=\"image\/png\" \/>\n<meta name=\"twitter:card\" content=\"summary_large_image\" \/>\n<meta name=\"twitter:label1\" content=\"Tahmini okuma s\u00fcresi\" \/>\n\t<meta name=\"twitter:data1\" content=\"1 dakika\" \/>\n<script type=\"application\/ld+json\" class=\"yoast-schema-graph\">{\"@context\":\"https:\\\/\\\/schema.org\",\"@graph\":[{\"@type\":[\"WebPage\",\"ItemPage\"],\"@id\":\"https:\\\/\\\/www.purejewels.com\\\/product\\\/om-pendant-in-22ct-gold-23020\\\/\",\"url\":\"https:\\\/\\\/www.purejewels.com\\\/product\\\/om-pendant-in-22ct-gold-23020\\\/\",\"name\":\"Krishna Om Enamel Pendant in 22ct Gold | PureJewels\",\"isPartOf\":{\"@id\":\"https:\\\/\\\/www.purejewels.com\\\/#website\"},\"primaryImageOfPage\":{\"@id\":\"https:\\\/\\\/www.purejewels.com\\\/product\\\/om-pendant-in-22ct-gold-23020\\\/#primaryimage\"},\"image\":{\"@id\":\"https:\\\/\\\/www.purejewels.com\\\/product\\\/om-pendant-in-22ct-gold-23020\\\/#primaryimage\"},\"thumbnailUrl\":\"https:\\\/\\\/static.purejewels.com\\\/wp-content\\\/uploads\\\/2018\\\/12\\\/23020_1.png\",\"datePublished\":\"2018-12-10T11:21:05+00:00\",\"dateModified\":\"2026-01-06T07:58:07+00:00\",\"description\":\"Krishna Om enamel pendant in 22ct gold, featuring flute and peacock feather detailing with sparkling stones \u2013 a meaningful piece for daily wear and gifting.\",\"breadcrumb\":{\"@id\":\"https:\\\/\\\/www.purejewels.com\\\/product\\\/om-pendant-in-22ct-gold-23020\\\/#breadcrumb\"},\"inLanguage\":\"tr\",\"potentialAction\":[{\"@type\":\"ReadAction\",\"target\":[\"https:\\\/\\\/www.purejewels.com\\\/product\\\/om-pendant-in-22ct-gold-23020\\\/\"]}]},{\"@type\":\"ImageObject\",\"inLanguage\":\"tr\",\"@id\":\"https:\\\/\\\/www.purejewels.com\\\/product\\\/om-pendant-in-22ct-gold-23020\\\/#primaryimage\",\"url\":\"https:\\\/\\\/static.purejewels.com\\\/wp-content\\\/uploads\\\/2018\\\/12\\\/23020_1.png\",\"contentUrl\":\"https:\\\/\\\/static.purejewels.com\\\/wp-content\\\/uploads\\\/2018\\\/12\\\/23020_1.png\",\"width\":1000,\"height\":1000,\"caption\":\"23020_1\"},{\"@type\":\"BreadcrumbList\",\"@id\":\"https:\\\/\\\/www.purejewels.com\\\/product\\\/om-pendant-in-22ct-gold-23020\\\/#breadcrumb\",\"itemListElement\":[{\"@type\":\"ListItem\",\"position\":1,\"name\":\"Home\",\"item\":\"https:\\\/\\\/www.purejewels.com\\\/\"},{\"@type\":\"ListItem\",\"position\":2,\"name\":\"Shop\",\"item\":\"https:\\\/\\\/www.purejewels.com\\\/shop\\\/\"},{\"@type\":\"ListItem\",\"position\":3,\"name\":\"Krishna Om Enamel Pendant in 22ct Gold\"}]},{\"@type\":\"WebSite\",\"@id\":\"https:\\\/\\\/www.purejewels.com\\\/#website\",\"url\":\"https:\\\/\\\/www.purejewels.com\\\/\",\"name\":\"PureJewels UK\",\"description\":\"Share the Love\",\"publisher\":{\"@id\":\"https:\\\/\\\/www.purejewels.com\\\/#organization\"},\"potentialAction\":[{\"@type\":\"SearchAction\",\"target\":{\"@type\":\"EntryPoint\",\"urlTemplate\":\"https:\\\/\\\/www.purejewels.com\\\/?s={search_term_string}\"},\"query-input\":{\"@type\":\"PropertyValueSpecification\",\"valueRequired\":true,\"valueName\":\"search_term_string\"}}],\"inLanguage\":\"tr\"},{\"@type\":\"Organization\",\"@id\":\"https:\\\/\\\/www.purejewels.com\\\/#organization\",\"name\":\"PureJewels UK\",\"url\":\"https:\\\/\\\/www.purejewels.com\\\/\",\"logo\":{\"@type\":\"ImageObject\",\"inLanguage\":\"tr\",\"@id\":\"https:\\\/\\\/www.purejewels.com\\\/#\\\/schema\\\/logo\\\/image\\\/\",\"url\":\"https:\\\/\\\/static.purejewels.com\\\/wp-content\\\/uploads\\\/2020\\\/11\\\/Logo-PJ-New-1.png\",\"contentUrl\":\"https:\\\/\\\/static.purejewels.com\\\/wp-content\\\/uploads\\\/2020\\\/11\\\/Logo-PJ-New-1.png\",\"width\":150,\"height\":80,\"caption\":\"PureJewels UK\"},\"image\":{\"@id\":\"https:\\\/\\\/www.purejewels.com\\\/#\\\/schema\\\/logo\\\/image\\\/\"}}]}<\/script>\n<!-- \/ Yoast SEO plugin. -->","yoast_head_json":{"title":"Krishna Om Emaye Kolye 22 Ayar Alt\u0131n | PureJewels","description":"22 ayar alt\u0131n Krishna Om mineli kolye ucu, fl\u00fct ve tavus ku\u015fu t\u00fcy\u00fc detaylar\u0131na ve \u0131\u015f\u0131lt\u0131l\u0131 ta\u015flara sahiptir - g\u00fcnl\u00fck kullan\u0131m ve hediye i\u00e7in anlaml\u0131 bir par\u00e7a.","robots":{"index":"index","follow":"follow","max-snippet":"max-snippet:-1","max-image-preview":"max-image-preview:large","max-video-preview":"max-video-preview:-1"},"canonical":"https:\/\/www.purejewels.com\/tr\/urun\/22-ayar-altindan-om-kolye-23020\/","og_locale":"tr_TR","og_type":"article","og_title":"Krishna Om Enamel Pendant in 22ct Gold | PureJewels","og_description":"Krishna Om enamel pendant in 22ct gold, featuring flute and peacock feather detailing with sparkling stones \u2013 a meaningful piece for daily wear and gifting.","og_url":"https:\/\/www.purejewels.com\/tr\/urun\/22-ayar-altindan-om-kolye-23020\/","og_site_name":"PureJewels UK","article_modified_time":"2026-01-06T07:58:07+00:00","og_image":[{"width":1000,"height":1000,"url":"https:\/\/www.purejewels.com\/wp-content\/uploads\/2018\/12\/23020_1.png","type":"image\/png"}],"twitter_card":"summary_large_image","twitter_misc":{"Tahmini okuma s\u00fcresi":"1 dakika"},"schema":{"@context":"https:\/\/schema.org","@graph":[{"@type":["WebPage","ItemPage"],"@id":"https:\/\/www.purejewels.com\/product\/om-pendant-in-22ct-gold-23020\/","url":"https:\/\/www.purejewels.com\/product\/om-pendant-in-22ct-gold-23020\/","name":"Krishna Om Emaye Kolye 22 Ayar Alt\u0131n | PureJewels","isPartOf":{"@id":"https:\/\/www.purejewels.com\/#website"},"primaryImageOfPage":{"@id":"https:\/\/www.purejewels.com\/product\/om-pendant-in-22ct-gold-23020\/#primaryimage"},"image":{"@id":"https:\/\/www.purejewels.com\/product\/om-pendant-in-22ct-gold-23020\/#primaryimage"},"thumbnailUrl":"https:\/\/static.purejewels.com\/wp-content\/uploads\/2018\/12\/23020_1.png","datePublished":"2018-12-10T11:21:05+00:00","dateModified":"2026-01-06T07:58:07+00:00","description":"22 ayar alt\u0131n Krishna Om mineli kolye ucu, fl\u00fct ve tavus ku\u015fu t\u00fcy\u00fc detaylar\u0131na ve \u0131\u015f\u0131lt\u0131l\u0131 ta\u015flara sahiptir - g\u00fcnl\u00fck kullan\u0131m ve hediye i\u00e7in anlaml\u0131 bir par\u00e7a.","breadcrumb":{"@id":"https:\/\/www.purejewels.com\/product\/om-pendant-in-22ct-gold-23020\/#breadcrumb"},"inLanguage":"tr","potentialAction":[{"@type":"ReadAction","target":["https:\/\/www.purejewels.com\/product\/om-pendant-in-22ct-gold-23020\/"]}]},{"@type":"ImageObject","inLanguage":"tr","@id":"https:\/\/www.purejewels.com\/product\/om-pendant-in-22ct-gold-23020\/#primaryimage","url":"https:\/\/static.purejewels.com\/wp-content\/uploads\/2018\/12\/23020_1.png","contentUrl":"https:\/\/static.purejewels.com\/wp-content\/uploads\/2018\/12\/23020_1.png","width":1000,"height":1000,"caption":"23020_1"},{"@type":"BreadcrumbList","@id":"https:\/\/www.purejewels.com\/product\/om-pendant-in-22ct-gold-23020\/#breadcrumb","itemListElement":[{"@type":"ListItem","position":1,"name":"Home","item":"https:\/\/www.purejewels.com\/"},{"@type":"ListItem","position":2,"name":"Shop","item":"https:\/\/www.purejewels.com\/shop\/"},{"@type":"ListItem","position":3,"name":"Krishna Om Enamel Pendant in 22ct Gold"}]},{"@type":"WebSite","@id":"https:\/\/www.purejewels.com\/#website","url":"https:\/\/www.purejewels.com\/","name":"PureJewels \u0130ngiltere","description":"Sevgiyi Payla\u015f\u0131n","publisher":{"@id":"https:\/\/www.purejewels.com\/#organization"},"potentialAction":[{"@type":"SearchAction","target":{"@type":"EntryPoint","urlTemplate":"https:\/\/www.purejewels.com\/?s={search_term_string}"},"query-input":{"@type":"PropertyValueSpecification","valueRequired":true,"valueName":"search_term_string"}}],"inLanguage":"tr"},{"@type":"Organization","@id":"https:\/\/www.purejewels.com\/#organization","name":"PureJewels \u0130ngiltere","url":"https:\/\/www.purejewels.com\/","logo":{"@type":"ImageObject","inLanguage":"tr","@id":"https:\/\/www.purejewels.com\/#\/schema\/logo\/image\/","url":"https:\/\/static.purejewels.com\/wp-content\/uploads\/2020\/11\/Logo-PJ-New-1.png","contentUrl":"https:\/\/static.purejewels.com\/wp-content\/uploads\/2020\/11\/Logo-PJ-New-1.png","width":150,"height":80,"caption":"PureJewels UK"},"image":{"@id":"https:\/\/www.purejewels.com\/#\/schema\/logo\/image\/"}}]}},"_links":{"self":[{"href":"https:\/\/www.purejewels.com\/tr\/wp-json\/wp\/v2\/product\/307065","targetHints":{"allow":["GET"]}}],"collection":[{"href":"https:\/\/www.purejewels.com\/tr\/wp-json\/wp\/v2\/product"}],"about":[{"href":"https:\/\/www.purejewels.com\/tr\/wp-json\/wp\/v2\/types\/product"}],"replies":[{"embeddable":true,"href":"https:\/\/www.purejewels.com\/tr\/wp-json\/wp\/v2\/comments?post=307065"}],"version-history":[{"count":3,"href":"https:\/\/www.purejewels.com\/tr\/wp-json\/wp\/v2\/product\/307065\/revisions"}],"predecessor-version":[{"id":421236,"href":"https:\/\/www.purejewels.com\/tr\/wp-json\/wp\/v2\/product\/307065\/revisions\/421236"}],"wp:featuredmedia":[{"embeddable":true,"href":"https:\/\/www.purejewels.com\/tr\/wp-json\/wp\/v2\/media\/307066"}],"wp:attachment":[{"href":"https:\/\/www.purejewels.com\/tr\/wp-json\/wp\/v2\/media?parent=307065"}],"wp:term":[{"taxonomy":"product_brand","embeddable":true,"href":"https:\/\/www.purejewels.com\/tr\/wp-json\/wp\/v2\/product_brand?post=307065"},{"taxonomy":"product_cat","embeddable":true,"href":"https:\/\/www.purejewels.com\/tr\/wp-json\/wp\/v2\/product_cat?post=307065"},{"taxonomy":"product_tag","embeddable":true,"href":"https:\/\/www.purejewels.com\/tr\/wp-json\/wp\/v2\/product_tag?post=307065"}],"curies":[{"name":"wp","href":"https:\/\/api.w.org\/{rel}","templated":true}]}}