{"id":307067,"date":"2018-12-10T11:13:57","date_gmt":"2018-12-10T11:13:57","guid":{"rendered":"https:\/\/www.purejewels.com\/?post_type=product&#038;p=307067"},"modified":"2026-01-06T07:29:41","modified_gmt":"2026-01-06T07:29:41","slug":"22-ayar-altin-om-kolye-ucu-3","status":"publish","type":"product","link":"https:\/\/www.purejewels.com\/tr\/product\/22-carat-gold-om-pendant\/","title":{"rendered":"CZ Ta\u015flarla \u0130\u015flenmi\u015f 22 Ayar Alt\u0131n Om Kolye"},"content":{"rendered":"<h3>Tasar\u0131m<\/h3>\n<p>Bu e\u015fsiz 22 ayar alt\u0131n ile g\u00f6r\u00fcn\u00fcm\u00fcn\u00fcze \u015f\u0131kl\u0131k kat\u0131n <a href=\"https:\/\/www.purejewels.com\/tr\/product\/22-carat-gold-om-pendant-48433\/\">Om kolye ucu<\/a>. Hindistan'da \u00f6zenle \u00fcretilmi\u015ftir. <a href=\"https:\/\/www.purejewels.com\/tr\/product\/22ct-gold-divine-om-pendant-unisex\/\">Alt\u0131n Om kolye ucu<\/a> Purejewels taraf\u0131ndan tasarlanan bu \u00fcr\u00fcn, do\u011fal elmaslarla neredeyse ayn\u0131 parlakl\u0131\u011fa ve cazibeye sahip, ince ve hassas kesilmi\u015f k\u00fcbik zirkonlarla s\u00fcslenmi\u015ftir.<\/p>\n<h3>\u0130lham kayna\u011f\u0131<\/h3>\n<p>G\u00fc\u00e7lendi\u011finizi hissedin! Om, evrenin sesi oldu\u011funa inan\u0131lan ve Hinduizm, Jainizm ve Budizm takip\u00e7ileri taraf\u0131ndan kutsal kabul edilen \"Ohm\" sesinin metinsel bir yorumudur. Sembol, insan\u0131n nihai ger\u00e7ekli\u011fe ve bilince ula\u015fma durumunu veya ba\u015fka bir deyi\u015fle Aatma'n\u0131n (ki\u015finin ruhu) Paramatma (Tanr\u0131) ile tam bir birle\u015fme durumuna ula\u015fmas\u0131n\u0131 ifade eder.<\/p>\n<h3>Stil<\/h3>\n<p>Sesin yayd\u0131\u011f\u0131 titre\u015fimleri i\u00e7inize \u00e7ekin, bedeninizdeki \u00e7akralara, \u00f6zellikle de \u00fc\u00e7\u00fcnc\u00fc g\u00f6z ve ta\u00e7 \u00e7akraya enerji verin ve b\u00f6ylece \u0130lahi benli\u011finizle ba\u011flant\u0131 kurun. Bu par\u00e7a g\u00fcn boyunca size e\u015flik etmek ve sizi inanc\u0131n\u0131za yak\u0131n tutmak i\u00e7in m\u00fckemmeldir.<\/p>","protected":false},"excerpt":{"rendered":"<ul>\n<li>22 Ayar Alt\u0131n Om Kolye<\/li>\n<li>CZ Ta\u015flarla \u0130\u015flenmi\u015f<\/li>\n<li>A\u011f\u0131rl\u0131k. 1.3 g<\/li>\n<li>SKU. 24848<\/li>\n<li>Zincir dahil de\u011fildir<\/li>\n<li>Londra Tahlil Ofisi Taraf\u0131ndan Damgalanm\u0131\u015f 22 Ayar Alt\u0131n<\/li>\n<li>Sunum Kutusu ile Birlikte Gelir<\/li>\n<li>Teslimat Dahil<\/li>\n<li>T\u00fcm fiyatlara KDV dahildir<\/li>\n<li>Om Pendant koleksiyonunun tamam\u0131n\u0131 g\u00f6rmek i\u00e7in canl\u0131 sohbet veya whats app bize ula\u015f\u0131n.<\/li>\n<\/ul>","protected":false},"featured_media":307068,"comment_status":"closed","ping_status":"closed","template":"","meta":{"_eb_attr":"","_crsspst_to_jayantr4sg-hostcom":false},"product_brand":[],"product_cat":[1576,1255,1701,1574],"product_tag":[],"class_list":{"0":"post-307067","1":"product","2":"type-product","3":"status-publish","4":"has-post-thumbnail","6":"product_cat-childrens-jewellery","7":"product_cat-gold-pendants","8":"product_cat-religious-pendants","9":"product_cat-womens-jewellery","11":"first","12":"outofstock","13":"featured","14":"taxable","15":"shipping-taxable","16":"product-type-simple","17":"add-to-wishlist-before_image"},"yoast_head":"<!-- This site is optimized with the Yoast SEO plugin v27.5 - https:\/\/yoast.com\/product\/yoast-seo-wordpress\/ -->\n<title>22ct Gold Om Pendant Studded with CZ Stones | PureJewels UK<\/title>\n<meta name=\"description\" content=\"Add elegance to your appearance with this unique 22K gold Om pendant. Delicately crafted in India. Buy this Pendant online today!\" \/>\n<meta name=\"robots\" content=\"index, follow, max-snippet:-1, max-image-preview:large, max-video-preview:-1\" \/>\n<link rel=\"canonical\" href=\"https:\/\/www.purejewels.com\/tr\/urun\/22-ayar-altin-om-kolye-ucu-3\/\" \/>\n<meta property=\"og:locale\" content=\"tr_TR\" \/>\n<meta property=\"og:type\" content=\"article\" \/>\n<meta property=\"og:title\" content=\"22ct Gold Om Pendant Studded with CZ Stones | PureJewels UK\" \/>\n<meta property=\"og:description\" content=\"Add elegance to your appearance with this unique 22K gold Om pendant. Delicately crafted in India. Buy this Pendant online today!\" \/>\n<meta property=\"og:url\" content=\"https:\/\/www.purejewels.com\/tr\/urun\/22-ayar-altin-om-kolye-ucu-3\/\" \/>\n<meta property=\"og:site_name\" content=\"PureJewels UK\" \/>\n<meta property=\"article:modified_time\" content=\"2026-01-06T07:29:41+00:00\" \/>\n<meta property=\"og:image\" content=\"https:\/\/www.purejewels.com\/wp-content\/uploads\/2018\/12\/24848_1.png\" \/>\n\t<meta property=\"og:image:width\" content=\"1000\" \/>\n\t<meta property=\"og:image:height\" content=\"1000\" \/>\n\t<meta property=\"og:image:type\" content=\"image\/png\" \/>\n<meta name=\"twitter:card\" content=\"summary_large_image\" \/>\n<meta name=\"twitter:label1\" content=\"Tahmini okuma s\u00fcresi\" \/>\n\t<meta name=\"twitter:data1\" content=\"1 dakika\" \/>\n<script type=\"application\/ld+json\" class=\"yoast-schema-graph\">{\"@context\":\"https:\\\/\\\/schema.org\",\"@graph\":[{\"@type\":[\"WebPage\",\"ItemPage\"],\"@id\":\"https:\\\/\\\/www.purejewels.com\\\/product\\\/22-carat-gold-om-pendant\\\/\",\"url\":\"https:\\\/\\\/www.purejewels.com\\\/product\\\/22-carat-gold-om-pendant\\\/\",\"name\":\"22ct Gold Om Pendant Studded with CZ Stones | PureJewels UK\",\"isPartOf\":{\"@id\":\"https:\\\/\\\/www.purejewels.com\\\/#website\"},\"primaryImageOfPage\":{\"@id\":\"https:\\\/\\\/www.purejewels.com\\\/product\\\/22-carat-gold-om-pendant\\\/#primaryimage\"},\"image\":{\"@id\":\"https:\\\/\\\/www.purejewels.com\\\/product\\\/22-carat-gold-om-pendant\\\/#primaryimage\"},\"thumbnailUrl\":\"https:\\\/\\\/static.purejewels.com\\\/wp-content\\\/uploads\\\/2018\\\/12\\\/24848_1.png\",\"datePublished\":\"2018-12-10T11:13:57+00:00\",\"dateModified\":\"2026-01-06T07:29:41+00:00\",\"description\":\"Add elegance to your appearance with this unique 22K gold Om pendant. Delicately crafted in India. Buy this Pendant online today!\",\"breadcrumb\":{\"@id\":\"https:\\\/\\\/www.purejewels.com\\\/product\\\/22-carat-gold-om-pendant\\\/#breadcrumb\"},\"inLanguage\":\"tr\",\"potentialAction\":[{\"@type\":\"ReadAction\",\"target\":[\"https:\\\/\\\/www.purejewels.com\\\/product\\\/22-carat-gold-om-pendant\\\/\"]}]},{\"@type\":\"ImageObject\",\"inLanguage\":\"tr\",\"@id\":\"https:\\\/\\\/www.purejewels.com\\\/product\\\/22-carat-gold-om-pendant\\\/#primaryimage\",\"url\":\"https:\\\/\\\/static.purejewels.com\\\/wp-content\\\/uploads\\\/2018\\\/12\\\/24848_1.png\",\"contentUrl\":\"https:\\\/\\\/static.purejewels.com\\\/wp-content\\\/uploads\\\/2018\\\/12\\\/24848_1.png\",\"width\":1000,\"height\":1000,\"caption\":\"24848_1\"},{\"@type\":\"BreadcrumbList\",\"@id\":\"https:\\\/\\\/www.purejewels.com\\\/product\\\/22-carat-gold-om-pendant\\\/#breadcrumb\",\"itemListElement\":[{\"@type\":\"ListItem\",\"position\":1,\"name\":\"Home\",\"item\":\"https:\\\/\\\/www.purejewels.com\\\/\"},{\"@type\":\"ListItem\",\"position\":2,\"name\":\"Shop\",\"item\":\"https:\\\/\\\/www.purejewels.com\\\/shop\\\/\"},{\"@type\":\"ListItem\",\"position\":3,\"name\":\"22ct Gold Om Pendant Studded with CZ Stones\"}]},{\"@type\":\"WebSite\",\"@id\":\"https:\\\/\\\/www.purejewels.com\\\/#website\",\"url\":\"https:\\\/\\\/www.purejewels.com\\\/\",\"name\":\"PureJewels UK\",\"description\":\"Share the Love\",\"publisher\":{\"@id\":\"https:\\\/\\\/www.purejewels.com\\\/#organization\"},\"potentialAction\":[{\"@type\":\"SearchAction\",\"target\":{\"@type\":\"EntryPoint\",\"urlTemplate\":\"https:\\\/\\\/www.purejewels.com\\\/?s={search_term_string}\"},\"query-input\":{\"@type\":\"PropertyValueSpecification\",\"valueRequired\":true,\"valueName\":\"search_term_string\"}}],\"inLanguage\":\"tr\"},{\"@type\":\"Organization\",\"@id\":\"https:\\\/\\\/www.purejewels.com\\\/#organization\",\"name\":\"PureJewels UK\",\"url\":\"https:\\\/\\\/www.purejewels.com\\\/\",\"logo\":{\"@type\":\"ImageObject\",\"inLanguage\":\"tr\",\"@id\":\"https:\\\/\\\/www.purejewels.com\\\/#\\\/schema\\\/logo\\\/image\\\/\",\"url\":\"https:\\\/\\\/static.purejewels.com\\\/wp-content\\\/uploads\\\/2020\\\/11\\\/Logo-PJ-New-1.png\",\"contentUrl\":\"https:\\\/\\\/static.purejewels.com\\\/wp-content\\\/uploads\\\/2020\\\/11\\\/Logo-PJ-New-1.png\",\"width\":150,\"height\":80,\"caption\":\"PureJewels UK\"},\"image\":{\"@id\":\"https:\\\/\\\/www.purejewels.com\\\/#\\\/schema\\\/logo\\\/image\\\/\"}}]}<\/script>\n<!-- \/ Yoast SEO plugin. -->","yoast_head_json":{"title":"CZ Ta\u015flarla \u0130\u015flenmi\u015f 22 Ayar Alt\u0131n Om Kolye | PureJewels UK","description":"Bu e\u015fsiz 22 ayar alt\u0131n Om kolye ile g\u00f6r\u00fcn\u00fcm\u00fcn\u00fcze \u015f\u0131kl\u0131k kat\u0131n. Hindistan'da \u00f6zenle i\u015flenmi\u015ftir. Bu kolyeyi bug\u00fcn online sat\u0131n al\u0131n!","robots":{"index":"index","follow":"follow","max-snippet":"max-snippet:-1","max-image-preview":"max-image-preview:large","max-video-preview":"max-video-preview:-1"},"canonical":"https:\/\/www.purejewels.com\/tr\/urun\/22-ayar-altin-om-kolye-ucu-3\/","og_locale":"tr_TR","og_type":"article","og_title":"22ct Gold Om Pendant Studded with CZ Stones | PureJewels UK","og_description":"Add elegance to your appearance with this unique 22K gold Om pendant. Delicately crafted in India. Buy this Pendant online today!","og_url":"https:\/\/www.purejewels.com\/tr\/urun\/22-ayar-altin-om-kolye-ucu-3\/","og_site_name":"PureJewels UK","article_modified_time":"2026-01-06T07:29:41+00:00","og_image":[{"width":1000,"height":1000,"url":"https:\/\/www.purejewels.com\/wp-content\/uploads\/2018\/12\/24848_1.png","type":"image\/png"}],"twitter_card":"summary_large_image","twitter_misc":{"Tahmini okuma s\u00fcresi":"1 dakika"},"schema":{"@context":"https:\/\/schema.org","@graph":[{"@type":["WebPage","ItemPage"],"@id":"https:\/\/www.purejewels.com\/product\/22-carat-gold-om-pendant\/","url":"https:\/\/www.purejewels.com\/product\/22-carat-gold-om-pendant\/","name":"CZ Ta\u015flarla \u0130\u015flenmi\u015f 22 Ayar Alt\u0131n Om Kolye | PureJewels UK","isPartOf":{"@id":"https:\/\/www.purejewels.com\/#website"},"primaryImageOfPage":{"@id":"https:\/\/www.purejewels.com\/product\/22-carat-gold-om-pendant\/#primaryimage"},"image":{"@id":"https:\/\/www.purejewels.com\/product\/22-carat-gold-om-pendant\/#primaryimage"},"thumbnailUrl":"https:\/\/static.purejewels.com\/wp-content\/uploads\/2018\/12\/24848_1.png","datePublished":"2018-12-10T11:13:57+00:00","dateModified":"2026-01-06T07:29:41+00:00","description":"Bu e\u015fsiz 22 ayar alt\u0131n Om kolye ile g\u00f6r\u00fcn\u00fcm\u00fcn\u00fcze \u015f\u0131kl\u0131k kat\u0131n. Hindistan'da \u00f6zenle i\u015flenmi\u015ftir. Bu kolyeyi bug\u00fcn online sat\u0131n al\u0131n!","breadcrumb":{"@id":"https:\/\/www.purejewels.com\/product\/22-carat-gold-om-pendant\/#breadcrumb"},"inLanguage":"tr","potentialAction":[{"@type":"ReadAction","target":["https:\/\/www.purejewels.com\/product\/22-carat-gold-om-pendant\/"]}]},{"@type":"ImageObject","inLanguage":"tr","@id":"https:\/\/www.purejewels.com\/product\/22-carat-gold-om-pendant\/#primaryimage","url":"https:\/\/static.purejewels.com\/wp-content\/uploads\/2018\/12\/24848_1.png","contentUrl":"https:\/\/static.purejewels.com\/wp-content\/uploads\/2018\/12\/24848_1.png","width":1000,"height":1000,"caption":"24848_1"},{"@type":"BreadcrumbList","@id":"https:\/\/www.purejewels.com\/product\/22-carat-gold-om-pendant\/#breadcrumb","itemListElement":[{"@type":"ListItem","position":1,"name":"Home","item":"https:\/\/www.purejewels.com\/"},{"@type":"ListItem","position":2,"name":"Shop","item":"https:\/\/www.purejewels.com\/shop\/"},{"@type":"ListItem","position":3,"name":"22ct Gold Om Pendant Studded with CZ Stones"}]},{"@type":"WebSite","@id":"https:\/\/www.purejewels.com\/#website","url":"https:\/\/www.purejewels.com\/","name":"PureJewels \u0130ngiltere","description":"Sevgiyi Payla\u015f\u0131n","publisher":{"@id":"https:\/\/www.purejewels.com\/#organization"},"potentialAction":[{"@type":"SearchAction","target":{"@type":"EntryPoint","urlTemplate":"https:\/\/www.purejewels.com\/?s={search_term_string}"},"query-input":{"@type":"PropertyValueSpecification","valueRequired":true,"valueName":"search_term_string"}}],"inLanguage":"tr"},{"@type":"Organization","@id":"https:\/\/www.purejewels.com\/#organization","name":"PureJewels \u0130ngiltere","url":"https:\/\/www.purejewels.com\/","logo":{"@type":"ImageObject","inLanguage":"tr","@id":"https:\/\/www.purejewels.com\/#\/schema\/logo\/image\/","url":"https:\/\/static.purejewels.com\/wp-content\/uploads\/2020\/11\/Logo-PJ-New-1.png","contentUrl":"https:\/\/static.purejewels.com\/wp-content\/uploads\/2020\/11\/Logo-PJ-New-1.png","width":150,"height":80,"caption":"PureJewels UK"},"image":{"@id":"https:\/\/www.purejewels.com\/#\/schema\/logo\/image\/"}}]}},"_links":{"self":[{"href":"https:\/\/www.purejewels.com\/tr\/wp-json\/wp\/v2\/product\/307067","targetHints":{"allow":["GET"]}}],"collection":[{"href":"https:\/\/www.purejewels.com\/tr\/wp-json\/wp\/v2\/product"}],"about":[{"href":"https:\/\/www.purejewels.com\/tr\/wp-json\/wp\/v2\/types\/product"}],"replies":[{"embeddable":true,"href":"https:\/\/www.purejewels.com\/tr\/wp-json\/wp\/v2\/comments?post=307067"}],"version-history":[{"count":0,"href":"https:\/\/www.purejewels.com\/tr\/wp-json\/wp\/v2\/product\/307067\/revisions"}],"wp:featuredmedia":[{"embeddable":true,"href":"https:\/\/www.purejewels.com\/tr\/wp-json\/wp\/v2\/media\/307068"}],"wp:attachment":[{"href":"https:\/\/www.purejewels.com\/tr\/wp-json\/wp\/v2\/media?parent=307067"}],"wp:term":[{"taxonomy":"product_brand","embeddable":true,"href":"https:\/\/www.purejewels.com\/tr\/wp-json\/wp\/v2\/product_brand?post=307067"},{"taxonomy":"product_cat","embeddable":true,"href":"https:\/\/www.purejewels.com\/tr\/wp-json\/wp\/v2\/product_cat?post=307067"},{"taxonomy":"product_tag","embeddable":true,"href":"https:\/\/www.purejewels.com\/tr\/wp-json\/wp\/v2\/product_tag?post=307067"}],"curies":[{"name":"wp","href":"https:\/\/api.w.org\/{rel}","templated":true}]}}