{"id":307073,"date":"2018-12-10T11:15:21","date_gmt":"2018-12-10T11:15:21","guid":{"rendered":"https:\/\/www.purejewels.com\/?post_type=product&#038;p=307073"},"modified":"2026-01-06T07:29:42","modified_gmt":"2026-01-06T07:29:42","slug":"22-ayar-altin-khanda-sikh-dini-kolye-ucu","status":"publish","type":"product","link":"https:\/\/www.purejewels.com\/tr\/product\/22ct-gold-khanda-sikh-religious-pendant\/","title":{"rendered":"22 Ayar Alt\u0131n Khanda Sih Dini Kolye"},"content":{"rendered":"<h3>Tasar\u0131m<\/h3>\n<p>Tek kelimeyle paha bi\u00e7ilemez! Bu 22 Ayar Alt\u0131n <a href=\"https:\/\/www.purejewels.com\/tr\/product\/18ct-white-gold-khanda-sikh-religious-pendant-6226\/\">Khanda kolye ucu<\/a> Purejewels'ten \u00f6zenle tasarlanm\u0131\u015f, dairesel bir yap\u0131 i\u00e7ine yerle\u015ftirilmi\u015f iki kesi\u015fen Kirpan. Y\u00fczeyine \u00f6zenle kaz\u0131nm\u0131\u015f, benzersizlik ve \u00f6zg\u00fcnl\u00fck sa\u011flar.<\/p>\n<h3>\u0130lham kayna\u011f\u0131<\/h3>\n<p>Dini Sih monogram\u0131ndan esinlenen bu sembol, Tanr\u0131'n\u0131n ilahi g\u00fcc\u00fcn\u00fc, adaleti, e\u015fitli\u011fi ve \u00f6zg\u00fcrl\u00fc\u011f\u00fc tasvir eder. Sembol\u00fcn ayn\u0131 zamanda g\u00fcc\u00fcne inanan ve iman edenlerin koruyucusu oldu\u011funa inan\u0131l\u0131r.<\/p>\n<h3>Stil<\/h3>\n<p>Dokuzuncu nesil kuyumcular olarak, k\u00f6klerinize derinden ba\u011fl\u0131 ve modernli\u011fin hafif \u00f6z\u00fcn\u00fc ta\u015f\u0131yan m\u00fccevherler yaratmay\u0131 hedefliyoruz. \u0130nanc\u0131n\u0131z\u0131 bir m\u00fccevher \u015feklinde her g\u00fcn yan\u0131n\u0131zda ta\u015f\u0131y\u0131n.<\/p>","protected":false},"excerpt":{"rendered":"<ul>\n<li style=\"list-style-type: none;\">\n<ul>\n<li>22 Ayar Alt\u0131n Khanda Kolye<\/li>\n<li>A\u011f\u0131rl\u0131k 1,4 gms<\/li>\n<li>SKU. 6100<\/li>\n<li>Zincir dahil de\u011fildir<\/li>\n<li>Londra Tahlil Ofisi Taraf\u0131ndan Damgalanm\u0131\u015f 22 Ayar Alt\u0131n<\/li>\n<li>Sunum Kutusu ile Birlikte Gelir<\/li>\n<li>Teslimat Dahil<\/li>\n<li>T\u00fcm fiyatlara KDV dahildir<\/li>\n<li>Sikh Khanda Pendant koleksiyonunun tamam\u0131n\u0131 g\u00f6rmek i\u00e7in canl\u0131 sohbet veya whats app bize ula\u015f\u0131n.<\/li>\n<\/ul>\n<\/li>\n<\/ul>\n<p>&nbsp;<\/p>\n<p>&nbsp;<\/p>","protected":false},"featured_media":313254,"comment_status":"closed","ping_status":"closed","template":"","meta":{"_eb_attr":"","_crsspst_to_jayantr4sg-hostcom":false},"product_brand":[],"product_cat":[1576,1701,1574],"product_tag":[],"class_list":{"0":"post-307073","1":"product","2":"type-product","3":"status-publish","4":"has-post-thumbnail","6":"product_cat-childrens-jewellery","7":"product_cat-religious-pendants","8":"product_cat-womens-jewellery","10":"first","11":"outofstock","12":"taxable","13":"shipping-taxable","14":"product-type-simple","15":"add-to-wishlist-before_image"},"yoast_head":"<!-- This site is optimized with the Yoast SEO plugin v27.5 - https:\/\/yoast.com\/product\/yoast-seo-wordpress\/ -->\n<title>Buy 22K Gold Khanda pendant from PureJewels UK<\/title>\n<meta name=\"description\" content=\"Inspired by the religious Sikh monogram, it portrays the divine power of God, justice, equality, and freedom. Buy this pendant online!\" \/>\n<meta name=\"robots\" content=\"index, follow, max-snippet:-1, max-image-preview:large, max-video-preview:-1\" \/>\n<link rel=\"canonical\" href=\"https:\/\/www.purejewels.com\/tr\/urun\/22-ayar-altin-khanda-sikh-dini-kolye-ucu\/\" \/>\n<meta property=\"og:locale\" content=\"tr_TR\" \/>\n<meta property=\"og:type\" content=\"article\" \/>\n<meta property=\"og:title\" content=\"Buy 22K Gold Khanda pendant from PureJewels UK\" \/>\n<meta property=\"og:description\" content=\"Inspired by the religious Sikh monogram, it portrays the divine power of God, justice, equality, and freedom. Buy this pendant online!\" \/>\n<meta property=\"og:url\" content=\"https:\/\/www.purejewels.com\/tr\/urun\/22-ayar-altin-khanda-sikh-dini-kolye-ucu\/\" \/>\n<meta property=\"og:site_name\" content=\"PureJewels UK\" \/>\n<meta property=\"article:modified_time\" content=\"2026-01-06T07:29:42+00:00\" \/>\n<meta property=\"og:image\" content=\"https:\/\/www.purejewels.com\/wp-content\/uploads\/2020\/04\/136794792.png\" \/>\n\t<meta property=\"og:image:width\" content=\"1000\" \/>\n\t<meta property=\"og:image:height\" content=\"1000\" \/>\n\t<meta property=\"og:image:type\" content=\"image\/png\" \/>\n<meta name=\"twitter:card\" content=\"summary_large_image\" \/>\n<meta name=\"twitter:label1\" content=\"Tahmini okuma s\u00fcresi\" \/>\n\t<meta name=\"twitter:data1\" content=\"1 dakika\" \/>\n<script type=\"application\/ld+json\" class=\"yoast-schema-graph\">{\"@context\":\"https:\\\/\\\/schema.org\",\"@graph\":[{\"@type\":[\"WebPage\",\"ItemPage\"],\"@id\":\"https:\\\/\\\/www.purejewels.com\\\/product\\\/22ct-gold-khanda-sikh-religious-pendant\\\/\",\"url\":\"https:\\\/\\\/www.purejewels.com\\\/product\\\/22ct-gold-khanda-sikh-religious-pendant\\\/\",\"name\":\"Buy 22K Gold Khanda pendant from PureJewels UK\",\"isPartOf\":{\"@id\":\"https:\\\/\\\/www.purejewels.com\\\/#website\"},\"primaryImageOfPage\":{\"@id\":\"https:\\\/\\\/www.purejewels.com\\\/product\\\/22ct-gold-khanda-sikh-religious-pendant\\\/#primaryimage\"},\"image\":{\"@id\":\"https:\\\/\\\/www.purejewels.com\\\/product\\\/22ct-gold-khanda-sikh-religious-pendant\\\/#primaryimage\"},\"thumbnailUrl\":\"https:\\\/\\\/static.purejewels.com\\\/wp-content\\\/uploads\\\/2020\\\/04\\\/136794792.png\",\"datePublished\":\"2018-12-10T11:15:21+00:00\",\"dateModified\":\"2026-01-06T07:29:42+00:00\",\"description\":\"Inspired by the religious Sikh monogram, it portrays the divine power of God, justice, equality, and freedom. Buy this pendant online!\",\"breadcrumb\":{\"@id\":\"https:\\\/\\\/www.purejewels.com\\\/product\\\/22ct-gold-khanda-sikh-religious-pendant\\\/#breadcrumb\"},\"inLanguage\":\"tr\",\"potentialAction\":[{\"@type\":\"ReadAction\",\"target\":[\"https:\\\/\\\/www.purejewels.com\\\/product\\\/22ct-gold-khanda-sikh-religious-pendant\\\/\"]}]},{\"@type\":\"ImageObject\",\"inLanguage\":\"tr\",\"@id\":\"https:\\\/\\\/www.purejewels.com\\\/product\\\/22ct-gold-khanda-sikh-religious-pendant\\\/#primaryimage\",\"url\":\"https:\\\/\\\/static.purejewels.com\\\/wp-content\\\/uploads\\\/2020\\\/04\\\/136794792.png\",\"contentUrl\":\"https:\\\/\\\/static.purejewels.com\\\/wp-content\\\/uploads\\\/2020\\\/04\\\/136794792.png\",\"width\":1000,\"height\":1000,\"caption\":\"136794792\"},{\"@type\":\"BreadcrumbList\",\"@id\":\"https:\\\/\\\/www.purejewels.com\\\/product\\\/22ct-gold-khanda-sikh-religious-pendant\\\/#breadcrumb\",\"itemListElement\":[{\"@type\":\"ListItem\",\"position\":1,\"name\":\"Home\",\"item\":\"https:\\\/\\\/www.purejewels.com\\\/\"},{\"@type\":\"ListItem\",\"position\":2,\"name\":\"Shop\",\"item\":\"https:\\\/\\\/www.purejewels.com\\\/shop\\\/\"},{\"@type\":\"ListItem\",\"position\":3,\"name\":\"22ct Gold Khanda Sikh Religious Pendant\"}]},{\"@type\":\"WebSite\",\"@id\":\"https:\\\/\\\/www.purejewels.com\\\/#website\",\"url\":\"https:\\\/\\\/www.purejewels.com\\\/\",\"name\":\"PureJewels UK\",\"description\":\"Share the Love\",\"publisher\":{\"@id\":\"https:\\\/\\\/www.purejewels.com\\\/#organization\"},\"potentialAction\":[{\"@type\":\"SearchAction\",\"target\":{\"@type\":\"EntryPoint\",\"urlTemplate\":\"https:\\\/\\\/www.purejewels.com\\\/?s={search_term_string}\"},\"query-input\":{\"@type\":\"PropertyValueSpecification\",\"valueRequired\":true,\"valueName\":\"search_term_string\"}}],\"inLanguage\":\"tr\"},{\"@type\":\"Organization\",\"@id\":\"https:\\\/\\\/www.purejewels.com\\\/#organization\",\"name\":\"PureJewels UK\",\"url\":\"https:\\\/\\\/www.purejewels.com\\\/\",\"logo\":{\"@type\":\"ImageObject\",\"inLanguage\":\"tr\",\"@id\":\"https:\\\/\\\/www.purejewels.com\\\/#\\\/schema\\\/logo\\\/image\\\/\",\"url\":\"https:\\\/\\\/static.purejewels.com\\\/wp-content\\\/uploads\\\/2020\\\/11\\\/Logo-PJ-New-1.png\",\"contentUrl\":\"https:\\\/\\\/static.purejewels.com\\\/wp-content\\\/uploads\\\/2020\\\/11\\\/Logo-PJ-New-1.png\",\"width\":150,\"height\":80,\"caption\":\"PureJewels UK\"},\"image\":{\"@id\":\"https:\\\/\\\/www.purejewels.com\\\/#\\\/schema\\\/logo\\\/image\\\/\"}}]}<\/script>\n<!-- \/ Yoast SEO plugin. -->","yoast_head_json":{"title":"PureJewels UK'den 22K Alt\u0131n Khanda kolye ucu sat\u0131n al\u0131n","description":"Dini Sih monogram\u0131ndan esinlenen bu kolye, Tanr\u0131'n\u0131n ilahi g\u00fcc\u00fcn\u00fc, adaleti, e\u015fitli\u011fi ve \u00f6zg\u00fcrl\u00fc\u011f\u00fc tasvir ediyor. Bu kolyeyi online sat\u0131n al\u0131n!","robots":{"index":"index","follow":"follow","max-snippet":"max-snippet:-1","max-image-preview":"max-image-preview:large","max-video-preview":"max-video-preview:-1"},"canonical":"https:\/\/www.purejewels.com\/tr\/urun\/22-ayar-altin-khanda-sikh-dini-kolye-ucu\/","og_locale":"tr_TR","og_type":"article","og_title":"Buy 22K Gold Khanda pendant from PureJewels UK","og_description":"Inspired by the religious Sikh monogram, it portrays the divine power of God, justice, equality, and freedom. Buy this pendant online!","og_url":"https:\/\/www.purejewels.com\/tr\/urun\/22-ayar-altin-khanda-sikh-dini-kolye-ucu\/","og_site_name":"PureJewels UK","article_modified_time":"2026-01-06T07:29:42+00:00","og_image":[{"width":1000,"height":1000,"url":"https:\/\/www.purejewels.com\/wp-content\/uploads\/2020\/04\/136794792.png","type":"image\/png"}],"twitter_card":"summary_large_image","twitter_misc":{"Tahmini okuma s\u00fcresi":"1 dakika"},"schema":{"@context":"https:\/\/schema.org","@graph":[{"@type":["WebPage","ItemPage"],"@id":"https:\/\/www.purejewels.com\/product\/22ct-gold-khanda-sikh-religious-pendant\/","url":"https:\/\/www.purejewels.com\/product\/22ct-gold-khanda-sikh-religious-pendant\/","name":"PureJewels UK'den 22K Alt\u0131n Khanda kolye ucu sat\u0131n al\u0131n","isPartOf":{"@id":"https:\/\/www.purejewels.com\/#website"},"primaryImageOfPage":{"@id":"https:\/\/www.purejewels.com\/product\/22ct-gold-khanda-sikh-religious-pendant\/#primaryimage"},"image":{"@id":"https:\/\/www.purejewels.com\/product\/22ct-gold-khanda-sikh-religious-pendant\/#primaryimage"},"thumbnailUrl":"https:\/\/static.purejewels.com\/wp-content\/uploads\/2020\/04\/136794792.png","datePublished":"2018-12-10T11:15:21+00:00","dateModified":"2026-01-06T07:29:42+00:00","description":"Dini Sih monogram\u0131ndan esinlenen bu kolye, Tanr\u0131'n\u0131n ilahi g\u00fcc\u00fcn\u00fc, adaleti, e\u015fitli\u011fi ve \u00f6zg\u00fcrl\u00fc\u011f\u00fc tasvir ediyor. Bu kolyeyi online sat\u0131n al\u0131n!","breadcrumb":{"@id":"https:\/\/www.purejewels.com\/product\/22ct-gold-khanda-sikh-religious-pendant\/#breadcrumb"},"inLanguage":"tr","potentialAction":[{"@type":"ReadAction","target":["https:\/\/www.purejewels.com\/product\/22ct-gold-khanda-sikh-religious-pendant\/"]}]},{"@type":"ImageObject","inLanguage":"tr","@id":"https:\/\/www.purejewels.com\/product\/22ct-gold-khanda-sikh-religious-pendant\/#primaryimage","url":"https:\/\/static.purejewels.com\/wp-content\/uploads\/2020\/04\/136794792.png","contentUrl":"https:\/\/static.purejewels.com\/wp-content\/uploads\/2020\/04\/136794792.png","width":1000,"height":1000,"caption":"136794792"},{"@type":"BreadcrumbList","@id":"https:\/\/www.purejewels.com\/product\/22ct-gold-khanda-sikh-religious-pendant\/#breadcrumb","itemListElement":[{"@type":"ListItem","position":1,"name":"Home","item":"https:\/\/www.purejewels.com\/"},{"@type":"ListItem","position":2,"name":"Shop","item":"https:\/\/www.purejewels.com\/shop\/"},{"@type":"ListItem","position":3,"name":"22ct Gold Khanda Sikh Religious Pendant"}]},{"@type":"WebSite","@id":"https:\/\/www.purejewels.com\/#website","url":"https:\/\/www.purejewels.com\/","name":"PureJewels \u0130ngiltere","description":"Sevgiyi Payla\u015f\u0131n","publisher":{"@id":"https:\/\/www.purejewels.com\/#organization"},"potentialAction":[{"@type":"SearchAction","target":{"@type":"EntryPoint","urlTemplate":"https:\/\/www.purejewels.com\/?s={search_term_string}"},"query-input":{"@type":"PropertyValueSpecification","valueRequired":true,"valueName":"search_term_string"}}],"inLanguage":"tr"},{"@type":"Organization","@id":"https:\/\/www.purejewels.com\/#organization","name":"PureJewels \u0130ngiltere","url":"https:\/\/www.purejewels.com\/","logo":{"@type":"ImageObject","inLanguage":"tr","@id":"https:\/\/www.purejewels.com\/#\/schema\/logo\/image\/","url":"https:\/\/static.purejewels.com\/wp-content\/uploads\/2020\/11\/Logo-PJ-New-1.png","contentUrl":"https:\/\/static.purejewels.com\/wp-content\/uploads\/2020\/11\/Logo-PJ-New-1.png","width":150,"height":80,"caption":"PureJewels UK"},"image":{"@id":"https:\/\/www.purejewels.com\/#\/schema\/logo\/image\/"}}]}},"_links":{"self":[{"href":"https:\/\/www.purejewels.com\/tr\/wp-json\/wp\/v2\/product\/307073","targetHints":{"allow":["GET"]}}],"collection":[{"href":"https:\/\/www.purejewels.com\/tr\/wp-json\/wp\/v2\/product"}],"about":[{"href":"https:\/\/www.purejewels.com\/tr\/wp-json\/wp\/v2\/types\/product"}],"replies":[{"embeddable":true,"href":"https:\/\/www.purejewels.com\/tr\/wp-json\/wp\/v2\/comments?post=307073"}],"version-history":[{"count":0,"href":"https:\/\/www.purejewels.com\/tr\/wp-json\/wp\/v2\/product\/307073\/revisions"}],"wp:featuredmedia":[{"embeddable":true,"href":"https:\/\/www.purejewels.com\/tr\/wp-json\/wp\/v2\/media\/313254"}],"wp:attachment":[{"href":"https:\/\/www.purejewels.com\/tr\/wp-json\/wp\/v2\/media?parent=307073"}],"wp:term":[{"taxonomy":"product_brand","embeddable":true,"href":"https:\/\/www.purejewels.com\/tr\/wp-json\/wp\/v2\/product_brand?post=307073"},{"taxonomy":"product_cat","embeddable":true,"href":"https:\/\/www.purejewels.com\/tr\/wp-json\/wp\/v2\/product_cat?post=307073"},{"taxonomy":"product_tag","embeddable":true,"href":"https:\/\/www.purejewels.com\/tr\/wp-json\/wp\/v2\/product_tag?post=307073"}],"curies":[{"name":"wp","href":"https:\/\/api.w.org\/{rel}","templated":true}]}}