{"id":307075,"date":"2024-10-30T11:17:26","date_gmt":"2024-10-30T11:17:26","guid":{"rendered":"https:\/\/www.purejewels.com\/?post_type=product&#038;p=307075"},"modified":"2026-01-06T07:29:42","modified_gmt":"2026-01-06T07:29:42","slug":"22-ayar-altin-allah-kolyesi","status":"publish","type":"product","link":"https:\/\/www.purejewels.com\/tr\/product\/22k-gold-allah-pendant\/","title":{"rendered":"22 Ayar Alt\u0131n Allah Kolyesi"},"content":{"rendered":"<h3>Tasar\u0131m<\/h3>\n<p>Giyilebilir parlakl\u0131k - bu 22 ayar alt\u0131na bir g\u00f6z at\u0131n <a href=\"https:\/\/www.purejewels.com\/tr\/product\/gold-allah-pendant\/\">Allah kolyesi<\/a>Purejewels'ten, sembol\u00fcn sahip oldu\u011fu inan\u00e7lar\u0131n ger\u00e7ek bir tasviridir. Kolyenin arabesk yap\u0131s\u0131 elle \u00f6zenle i\u015flenmi\u015f, ince cilalanm\u0131\u015f ve kenarlar\u0131 g\u00fczelce dokuland\u0131r\u0131lm\u0131\u015ft\u0131r.<\/p>\n<h3>\u0130lham kayna\u011f\u0131<\/h3>\n<p>Kutsal \u0130slam k\u00fclt\u00fcr\u00fcnden etkilenmi\u015ftir. Bu <a href=\"https:\/\/www.purejewels.com\/tr\/product\/22-carat-gold-ek-onkar-pendant-52062\/\">dini kolye<\/a> Allah kelimesinin Arap\u00e7a bir tasviri ve onunla ili\u015fkili t\u00fcm inan\u00e7lar\u0131n bir sembol\u00fcd\u00fcr. Farkl\u0131 din ve geleneklere sahip bu topraklarda, \u0130slamiyet'in takip\u00e7ileri i\u00e7in Allah'\u0131n her \u015feye g\u00fcc\u00fc yeten ve evrenin yarat\u0131l\u0131\u015f\u0131ndan sorumlu en y\u00fcce ilahi g\u00fc\u00e7 oldu\u011funa inan\u0131l\u0131r.<\/p>\n<h3>Stil<\/h3>\n<p>\u00d6z\u00fcn\u00fc, hikayesini ve dini inan\u00e7lar\u0131n\u0131 koruyarak kolayca tak\u0131labilir ve modern olan Purejewels'in zarif bir \u015fekilde haz\u0131rlanm\u0131\u015f ve m\u00fckemmel bir \u015fekilde tasarlanm\u0131\u015f kolyesi 'sahip olunmas\u0131 gereken' bir \u015fey!<\/p>","protected":false},"excerpt":{"rendered":"<ul>\n<li>22 Ayar Alt\u0131n Allah Kolyesi<\/li>\n<li>A\u011f\u0131rl\u0131k 3,6 gms<\/li>\n<li>SKU. 47558<\/li>\n<li>Zincir dahil de\u011fildir<\/li>\n<li>Londra Tahlil Ofisi Taraf\u0131ndan Damgalanm\u0131\u015f 22 Ayar Alt\u0131n<\/li>\n<li>Sunum Kutusu ile Birlikte Gelir<\/li>\n<li>Teslimat Dahil<\/li>\n<li>T\u00fcm fiyatlara KDV dahildir<\/li>\n<li>22k Alt\u0131n Allah Kolyesi \u0130ngiltere koleksiyonunun tamam\u0131n\u0131 g\u00f6rmek i\u00e7in canl\u0131 sohbet edin veya bize whatsapp g\u00f6nderin<\/li>\n<\/ul>","protected":false},"featured_media":358467,"comment_status":"closed","ping_status":"closed","template":"","meta":{"_eb_attr":"","_crsspst_to_jayantr4sg-hostcom":true},"product_brand":[],"product_cat":[5602,5701,1571,1792,1572,1701],"product_tag":[],"class_list":{"0":"post-307075","1":"product","2":"type-product","3":"status-publish","4":"has-post-thumbnail","6":"product_cat-allah-pendants","7":"product_cat-eid-jewellery","8":"product_cat-fathers-day-gifts","9":"product_cat-festival-gifts","10":"product_cat-mens-jewellery","11":"product_cat-religious-pendants","13":"first","14":"outofstock","15":"taxable","16":"shipping-taxable","17":"product-type-simple","18":"add-to-wishlist-before_image"},"yoast_head":"<!-- This site is optimized with the Yoast SEO plugin v27.5 - https:\/\/yoast.com\/product\/yoast-seo-wordpress\/ -->\n<title>Wearable brilliance -22K gold Allah pendant from PureJewels<\/title>\n<meta name=\"description\" content=\"Easily wearable and modern while keeping its essence, story, and religious beliefs intact, Elegantly crafted and perfectly designed pendant by Purejewels is a &#039;must have&#039;!\" \/>\n<meta name=\"robots\" content=\"index, follow, max-snippet:-1, max-image-preview:large, max-video-preview:-1\" \/>\n<link rel=\"canonical\" href=\"https:\/\/www.purejewels.com\/tr\/urun\/22-ayar-altin-allah-kolyesi\/\" \/>\n<meta property=\"og:locale\" content=\"tr_TR\" \/>\n<meta property=\"og:type\" content=\"article\" \/>\n<meta property=\"og:title\" content=\"Wearable brilliance -22K gold Allah pendant from PureJewels\" \/>\n<meta property=\"og:description\" content=\"Easily wearable and modern while keeping its essence, story, and religious beliefs intact, Elegantly crafted and perfectly designed pendant by Purejewels is a &#039;must have&#039;!\" \/>\n<meta property=\"og:url\" content=\"https:\/\/www.purejewels.com\/tr\/urun\/22-ayar-altin-allah-kolyesi\/\" \/>\n<meta property=\"og:site_name\" content=\"PureJewels UK\" \/>\n<meta property=\"article:modified_time\" content=\"2026-01-06T07:29:42+00:00\" \/>\n<meta property=\"og:image\" content=\"https:\/\/www.purejewels.com\/wp-content\/uploads\/2018\/12\/47558.png\" \/>\n\t<meta property=\"og:image:width\" content=\"1000\" \/>\n\t<meta property=\"og:image:height\" content=\"1000\" \/>\n\t<meta property=\"og:image:type\" content=\"image\/png\" \/>\n<meta name=\"twitter:card\" content=\"summary_large_image\" \/>\n<meta name=\"twitter:label1\" content=\"Tahmini okuma s\u00fcresi\" \/>\n\t<meta name=\"twitter:data1\" content=\"1 dakika\" \/>\n<script type=\"application\/ld+json\" class=\"yoast-schema-graph\">{\"@context\":\"https:\\\/\\\/schema.org\",\"@graph\":[{\"@type\":[\"WebPage\",\"ItemPage\"],\"@id\":\"https:\\\/\\\/www.purejewels.com\\\/product\\\/22k-gold-allah-pendant\\\/\",\"url\":\"https:\\\/\\\/www.purejewels.com\\\/product\\\/22k-gold-allah-pendant\\\/\",\"name\":\"Wearable brilliance -22K gold Allah pendant from PureJewels\",\"isPartOf\":{\"@id\":\"https:\\\/\\\/www.purejewels.com\\\/#website\"},\"primaryImageOfPage\":{\"@id\":\"https:\\\/\\\/www.purejewels.com\\\/product\\\/22k-gold-allah-pendant\\\/#primaryimage\"},\"image\":{\"@id\":\"https:\\\/\\\/www.purejewels.com\\\/product\\\/22k-gold-allah-pendant\\\/#primaryimage\"},\"thumbnailUrl\":\"https:\\\/\\\/static.purejewels.com\\\/wp-content\\\/uploads\\\/2018\\\/12\\\/47558.png\",\"datePublished\":\"2024-10-30T11:17:26+00:00\",\"dateModified\":\"2026-01-06T07:29:42+00:00\",\"description\":\"Easily wearable and modern while keeping its essence, story, and religious beliefs intact, Elegantly crafted and perfectly designed pendant by Purejewels is a 'must have'!\",\"breadcrumb\":{\"@id\":\"https:\\\/\\\/www.purejewels.com\\\/product\\\/22k-gold-allah-pendant\\\/#breadcrumb\"},\"inLanguage\":\"tr\",\"potentialAction\":[{\"@type\":\"ReadAction\",\"target\":[\"https:\\\/\\\/www.purejewels.com\\\/product\\\/22k-gold-allah-pendant\\\/\"]}]},{\"@type\":\"ImageObject\",\"inLanguage\":\"tr\",\"@id\":\"https:\\\/\\\/www.purejewels.com\\\/product\\\/22k-gold-allah-pendant\\\/#primaryimage\",\"url\":\"https:\\\/\\\/static.purejewels.com\\\/wp-content\\\/uploads\\\/2018\\\/12\\\/47558.png\",\"contentUrl\":\"https:\\\/\\\/static.purejewels.com\\\/wp-content\\\/uploads\\\/2018\\\/12\\\/47558.png\",\"width\":1000,\"height\":1000,\"caption\":\"22ct Gold Allah Pendant\"},{\"@type\":\"BreadcrumbList\",\"@id\":\"https:\\\/\\\/www.purejewels.com\\\/product\\\/22k-gold-allah-pendant\\\/#breadcrumb\",\"itemListElement\":[{\"@type\":\"ListItem\",\"position\":1,\"name\":\"Home\",\"item\":\"https:\\\/\\\/www.purejewels.com\\\/\"},{\"@type\":\"ListItem\",\"position\":2,\"name\":\"Shop\",\"item\":\"https:\\\/\\\/www.purejewels.com\\\/shop\\\/\"},{\"@type\":\"ListItem\",\"position\":3,\"name\":\"22k Gold Allah Pendant\"}]},{\"@type\":\"WebSite\",\"@id\":\"https:\\\/\\\/www.purejewels.com\\\/#website\",\"url\":\"https:\\\/\\\/www.purejewels.com\\\/\",\"name\":\"PureJewels UK\",\"description\":\"Share the Love\",\"publisher\":{\"@id\":\"https:\\\/\\\/www.purejewels.com\\\/#organization\"},\"potentialAction\":[{\"@type\":\"SearchAction\",\"target\":{\"@type\":\"EntryPoint\",\"urlTemplate\":\"https:\\\/\\\/www.purejewels.com\\\/?s={search_term_string}\"},\"query-input\":{\"@type\":\"PropertyValueSpecification\",\"valueRequired\":true,\"valueName\":\"search_term_string\"}}],\"inLanguage\":\"tr\"},{\"@type\":\"Organization\",\"@id\":\"https:\\\/\\\/www.purejewels.com\\\/#organization\",\"name\":\"PureJewels UK\",\"url\":\"https:\\\/\\\/www.purejewels.com\\\/\",\"logo\":{\"@type\":\"ImageObject\",\"inLanguage\":\"tr\",\"@id\":\"https:\\\/\\\/www.purejewels.com\\\/#\\\/schema\\\/logo\\\/image\\\/\",\"url\":\"https:\\\/\\\/static.purejewels.com\\\/wp-content\\\/uploads\\\/2020\\\/11\\\/Logo-PJ-New-1.png\",\"contentUrl\":\"https:\\\/\\\/static.purejewels.com\\\/wp-content\\\/uploads\\\/2020\\\/11\\\/Logo-PJ-New-1.png\",\"width\":150,\"height\":80,\"caption\":\"PureJewels UK\"},\"image\":{\"@id\":\"https:\\\/\\\/www.purejewels.com\\\/#\\\/schema\\\/logo\\\/image\\\/\"}}]}<\/script>\n<!-- \/ Yoast SEO plugin. -->","yoast_head_json":{"title":"Giyilebilir parlakl\u0131k - PureJewels'ten 22 ayar alt\u0131n Allah kolyesi","description":"\u00d6z\u00fcn\u00fc, hikayesini ve dini inan\u00e7lar\u0131n\u0131 koruyarak kolayca tak\u0131labilir ve modern olan Purejewels'in zarif bir \u015fekilde haz\u0131rlanm\u0131\u015f ve m\u00fckemmel bir \u015fekilde tasarlanm\u0131\u015f kolyesi 'sahip olunmas\u0131 gereken' bir \u015fey!","robots":{"index":"index","follow":"follow","max-snippet":"max-snippet:-1","max-image-preview":"max-image-preview:large","max-video-preview":"max-video-preview:-1"},"canonical":"https:\/\/www.purejewels.com\/tr\/urun\/22-ayar-altin-allah-kolyesi\/","og_locale":"tr_TR","og_type":"article","og_title":"Wearable brilliance -22K gold Allah pendant from PureJewels","og_description":"Easily wearable and modern while keeping its essence, story, and religious beliefs intact, Elegantly crafted and perfectly designed pendant by Purejewels is a 'must have'!","og_url":"https:\/\/www.purejewels.com\/tr\/urun\/22-ayar-altin-allah-kolyesi\/","og_site_name":"PureJewels UK","article_modified_time":"2026-01-06T07:29:42+00:00","og_image":[{"width":1000,"height":1000,"url":"https:\/\/www.purejewels.com\/wp-content\/uploads\/2018\/12\/47558.png","type":"image\/png"}],"twitter_card":"summary_large_image","twitter_misc":{"Tahmini okuma s\u00fcresi":"1 dakika"},"schema":{"@context":"https:\/\/schema.org","@graph":[{"@type":["WebPage","ItemPage"],"@id":"https:\/\/www.purejewels.com\/product\/22k-gold-allah-pendant\/","url":"https:\/\/www.purejewels.com\/product\/22k-gold-allah-pendant\/","name":"Giyilebilir parlakl\u0131k - PureJewels'ten 22 ayar alt\u0131n Allah kolyesi","isPartOf":{"@id":"https:\/\/www.purejewels.com\/#website"},"primaryImageOfPage":{"@id":"https:\/\/www.purejewels.com\/product\/22k-gold-allah-pendant\/#primaryimage"},"image":{"@id":"https:\/\/www.purejewels.com\/product\/22k-gold-allah-pendant\/#primaryimage"},"thumbnailUrl":"https:\/\/static.purejewels.com\/wp-content\/uploads\/2018\/12\/47558.png","datePublished":"2024-10-30T11:17:26+00:00","dateModified":"2026-01-06T07:29:42+00:00","description":"\u00d6z\u00fcn\u00fc, hikayesini ve dini inan\u00e7lar\u0131n\u0131 koruyarak kolayca tak\u0131labilir ve modern olan Purejewels'in zarif bir \u015fekilde haz\u0131rlanm\u0131\u015f ve m\u00fckemmel bir \u015fekilde tasarlanm\u0131\u015f kolyesi 'sahip olunmas\u0131 gereken' bir \u015fey!","breadcrumb":{"@id":"https:\/\/www.purejewels.com\/product\/22k-gold-allah-pendant\/#breadcrumb"},"inLanguage":"tr","potentialAction":[{"@type":"ReadAction","target":["https:\/\/www.purejewels.com\/product\/22k-gold-allah-pendant\/"]}]},{"@type":"ImageObject","inLanguage":"tr","@id":"https:\/\/www.purejewels.com\/product\/22k-gold-allah-pendant\/#primaryimage","url":"https:\/\/static.purejewels.com\/wp-content\/uploads\/2018\/12\/47558.png","contentUrl":"https:\/\/static.purejewels.com\/wp-content\/uploads\/2018\/12\/47558.png","width":1000,"height":1000,"caption":"22ct Gold Allah Pendant"},{"@type":"BreadcrumbList","@id":"https:\/\/www.purejewels.com\/product\/22k-gold-allah-pendant\/#breadcrumb","itemListElement":[{"@type":"ListItem","position":1,"name":"Home","item":"https:\/\/www.purejewels.com\/"},{"@type":"ListItem","position":2,"name":"Shop","item":"https:\/\/www.purejewels.com\/shop\/"},{"@type":"ListItem","position":3,"name":"22k Gold Allah Pendant"}]},{"@type":"WebSite","@id":"https:\/\/www.purejewels.com\/#website","url":"https:\/\/www.purejewels.com\/","name":"PureJewels \u0130ngiltere","description":"Sevgiyi Payla\u015f\u0131n","publisher":{"@id":"https:\/\/www.purejewels.com\/#organization"},"potentialAction":[{"@type":"SearchAction","target":{"@type":"EntryPoint","urlTemplate":"https:\/\/www.purejewels.com\/?s={search_term_string}"},"query-input":{"@type":"PropertyValueSpecification","valueRequired":true,"valueName":"search_term_string"}}],"inLanguage":"tr"},{"@type":"Organization","@id":"https:\/\/www.purejewels.com\/#organization","name":"PureJewels \u0130ngiltere","url":"https:\/\/www.purejewels.com\/","logo":{"@type":"ImageObject","inLanguage":"tr","@id":"https:\/\/www.purejewels.com\/#\/schema\/logo\/image\/","url":"https:\/\/static.purejewels.com\/wp-content\/uploads\/2020\/11\/Logo-PJ-New-1.png","contentUrl":"https:\/\/static.purejewels.com\/wp-content\/uploads\/2020\/11\/Logo-PJ-New-1.png","width":150,"height":80,"caption":"PureJewels UK"},"image":{"@id":"https:\/\/www.purejewels.com\/#\/schema\/logo\/image\/"}}]}},"_links":{"self":[{"href":"https:\/\/www.purejewels.com\/tr\/wp-json\/wp\/v2\/product\/307075","targetHints":{"allow":["GET"]}}],"collection":[{"href":"https:\/\/www.purejewels.com\/tr\/wp-json\/wp\/v2\/product"}],"about":[{"href":"https:\/\/www.purejewels.com\/tr\/wp-json\/wp\/v2\/types\/product"}],"replies":[{"embeddable":true,"href":"https:\/\/www.purejewels.com\/tr\/wp-json\/wp\/v2\/comments?post=307075"}],"version-history":[{"count":1,"href":"https:\/\/www.purejewels.com\/tr\/wp-json\/wp\/v2\/product\/307075\/revisions"}],"predecessor-version":[{"id":362788,"href":"https:\/\/www.purejewels.com\/tr\/wp-json\/wp\/v2\/product\/307075\/revisions\/362788"}],"wp:featuredmedia":[{"embeddable":true,"href":"https:\/\/www.purejewels.com\/tr\/wp-json\/wp\/v2\/media\/358467"}],"wp:attachment":[{"href":"https:\/\/www.purejewels.com\/tr\/wp-json\/wp\/v2\/media?parent=307075"}],"wp:term":[{"taxonomy":"product_brand","embeddable":true,"href":"https:\/\/www.purejewels.com\/tr\/wp-json\/wp\/v2\/product_brand?post=307075"},{"taxonomy":"product_cat","embeddable":true,"href":"https:\/\/www.purejewels.com\/tr\/wp-json\/wp\/v2\/product_cat?post=307075"},{"taxonomy":"product_tag","embeddable":true,"href":"https:\/\/www.purejewels.com\/tr\/wp-json\/wp\/v2\/product_tag?post=307075"}],"curies":[{"name":"wp","href":"https:\/\/api.w.org\/{rel}","templated":true}]}}