{"id":307261,"date":"2018-12-13T08:49:09","date_gmt":"2018-12-13T08:49:09","guid":{"rendered":"https:\/\/www.purejewels.com\/?post_type=product&#038;p=307261"},"modified":"2020-12-21T17:52:08","modified_gmt":"2020-12-21T17:52:08","slug":"22-ayar-sari-altin-halat-zincir-20-inc","status":"publish","type":"product","link":"https:\/\/www.purejewels.com\/tr\/product\/22kt-yellow-gold-rope-chain-20-inches\/","title":{"rendered":"22 Ayar Sar\u0131 Alt\u0131n Halat Zincir 20 \u0130n\u00e7"},"content":{"rendered":"<p>22kt Sar\u0131 <a href=\"https:\/\/www.purejewels.com\/tr\/product\/22-carat-yellow-gold-rope-chain-in-16-inches\/\">Halat zincir<\/a> 20 \u0130n\u00e7<\/p>\n<ul>\n<li><span style=\"font-family: georgia, palatino, serif;\">A\u011f\u0131rl\u0131k 2.6 g<\/span><\/li>\n<li><span style=\"font-family: georgia, palatino, serif;\">Uzunluk. 20\u2033 \u0130n\u00e7<\/span><\/li>\n<li><span style=\"font-family: georgia, palatino, serif;\">SKU. 30917<\/span><\/li>\n<li>\u0130\u00e7i bo\u015f zincir<\/li>\n<li>G\u00fcnl\u00fck kullan\u0131m i\u00e7in uygun de\u011fildir<\/li>\n<li><span style=\"font-family: georgia, palatino, serif;\">T\u00fcm fiyatlara KDV dahildir<\/span><\/li>\n<li><span style=\"font-family: georgia, palatino, serif;\">T\u00fcm \u00fcr\u00fcnlerimiz London Assay Office taraf\u0131ndan damgalanm\u0131\u015ft\u0131r<\/span><\/li>\n<li><span style=\"font-family: georgia, palatino, serif;\">Sunum kutusu ile birlikte gelir<\/span><\/li>\n<li><span style=\"font-family: georgia,palatino,serif; font-size: 12pt;\">Teslimat Dahil<\/span><\/li>\n<li>Farkl\u0131 20 \u0130n\u00e7 zincir \u00e7e\u015fitlerimizi ke\u015ffetmek i\u00e7in bize ula\u015f\u0131n \/ bizimle sohbet edin<\/li>\n<\/ul>","protected":false},"excerpt":{"rendered":"<ul>\n<li>22 Ayar Sar\u0131 Halat Zincir 20 \u0130n\u00e7\n<ul>\n<li><span style=\"font-family: georgia, palatino, serif;\">A\u011f\u0131rl\u0131k 2.6 g<\/span><\/li>\n<li><span style=\"font-family: georgia, palatino, serif;\">Uzunluk. 20\u2033 \u0130n\u00e7<\/span><\/li>\n<li><span style=\"font-family: georgia, palatino, serif;\">SKU. 30917<\/span><\/li>\n<li>\u0130\u00e7i bo\u015f zincir<\/li>\n<li>G\u00fcnl\u00fck kullan\u0131m i\u00e7in uygun de\u011fildir<\/li>\n<li><span style=\"font-family: georgia, palatino, serif;\">T\u00fcm fiyatlara KDV dahildir<\/span><\/li>\n<li><span style=\"font-family: georgia, palatino, serif;\">T\u00fcm \u00fcr\u00fcnlerimiz London Assay Office taraf\u0131ndan damgalanm\u0131\u015ft\u0131r<\/span><\/li>\n<li><span style=\"font-family: georgia, palatino, serif;\">Sunum kutusu ile birlikte gelir<\/span><\/li>\n<li><span style=\"font-family: georgia,palatino,serif; font-size: 12pt;\">Teslimat Dahil<\/span><\/li>\n<li>Farkl\u0131 20 \u0130n\u00e7 zincir \u00e7e\u015fitlerimizi ke\u015ffetmek i\u00e7in bize ula\u015f\u0131n \/ bizimle sohbet edin<\/li>\n<\/ul>\n<\/li>\n<\/ul>","protected":false},"featured_media":300018,"comment_status":"closed","ping_status":"closed","template":"","meta":{"_eb_attr":"","_crsspst_to_jayantr4sg-hostcom":false},"product_brand":[],"product_cat":[1774],"product_tag":[],"class_list":{"0":"post-307261","1":"product","2":"type-product","3":"status-publish","4":"has-post-thumbnail","6":"product_cat-mens-chains","8":"first","9":"outofstock","10":"taxable","11":"shipping-taxable","12":"product-type-simple","13":"add-to-wishlist-before_image"},"yoast_head":"<!-- This site is optimized with the Yoast SEO plugin v27.6 - https:\/\/yoast.com\/product\/yoast-seo-wordpress\/ -->\n<title>22Kt Yellow Gold Rope Chain 20 Inches - PureJewels UK<\/title>\n<meta name=\"robots\" content=\"index, follow, max-snippet:-1, max-image-preview:large, max-video-preview:-1\" \/>\n<link rel=\"canonical\" href=\"https:\/\/www.purejewels.com\/tr\/urun\/22-ayar-sari-altin-halat-zincir-20-inc\/\" \/>\n<meta property=\"og:locale\" content=\"tr_TR\" \/>\n<meta property=\"og:type\" content=\"article\" \/>\n<meta property=\"og:title\" content=\"22Kt Yellow Gold Rope Chain 20 Inches - PureJewels UK\" \/>\n<meta property=\"og:description\" content=\"22kt Yellow Rope chain 20 Inches   Wt. 2.6 g  Length. 20&quot; Inches  SKU. 30917  Hollow chain  Not suitable for daily wear  All prices include VAT  All our products are hallmarked by London Assay Office  Comes with presentation Box  Delivery Included  Contact us \/ chat with us to explore our different types of 20 Inches chain\" \/>\n<meta property=\"og:url\" content=\"https:\/\/www.purejewels.com\/tr\/urun\/22-ayar-sari-altin-halat-zincir-20-inc\/\" \/>\n<meta property=\"og:site_name\" content=\"PureJewels UK\" \/>\n<meta property=\"article:modified_time\" content=\"2020-12-21T17:52:08+00:00\" \/>\n<meta property=\"og:image\" content=\"https:\/\/www.purejewels.com\/wp-content\/uploads\/2018\/03\/25956-1-copy.png\" \/>\n\t<meta property=\"og:image:width\" content=\"1000\" \/>\n\t<meta property=\"og:image:height\" content=\"1000\" \/>\n\t<meta property=\"og:image:type\" content=\"image\/png\" \/>\n<meta name=\"twitter:card\" content=\"summary_large_image\" \/>\n<script type=\"application\/ld+json\" class=\"yoast-schema-graph\">{\"@context\":\"https:\\\/\\\/schema.org\",\"@graph\":[{\"@type\":[\"WebPage\",\"ItemPage\"],\"@id\":\"https:\\\/\\\/www.purejewels.com\\\/product\\\/22kt-yellow-gold-rope-chain-20-inches\\\/\",\"url\":\"https:\\\/\\\/www.purejewels.com\\\/product\\\/22kt-yellow-gold-rope-chain-20-inches\\\/\",\"name\":\"22Kt Yellow Gold Rope Chain 20 Inches - PureJewels UK\",\"isPartOf\":{\"@id\":\"https:\\\/\\\/www.purejewels.com\\\/#website\"},\"primaryImageOfPage\":{\"@id\":\"https:\\\/\\\/www.purejewels.com\\\/product\\\/22kt-yellow-gold-rope-chain-20-inches\\\/#primaryimage\"},\"image\":{\"@id\":\"https:\\\/\\\/www.purejewels.com\\\/product\\\/22kt-yellow-gold-rope-chain-20-inches\\\/#primaryimage\"},\"thumbnailUrl\":\"https:\\\/\\\/static.purejewels.com\\\/wp-content\\\/uploads\\\/2018\\\/03\\\/25956-1-copy.png\",\"datePublished\":\"2018-12-13T08:49:09+00:00\",\"dateModified\":\"2020-12-21T17:52:08+00:00\",\"breadcrumb\":{\"@id\":\"https:\\\/\\\/www.purejewels.com\\\/product\\\/22kt-yellow-gold-rope-chain-20-inches\\\/#breadcrumb\"},\"inLanguage\":\"tr\",\"potentialAction\":[{\"@type\":\"ReadAction\",\"target\":[\"https:\\\/\\\/www.purejewels.com\\\/product\\\/22kt-yellow-gold-rope-chain-20-inches\\\/\"]}]},{\"@type\":\"ImageObject\",\"inLanguage\":\"tr\",\"@id\":\"https:\\\/\\\/www.purejewels.com\\\/product\\\/22kt-yellow-gold-rope-chain-20-inches\\\/#primaryimage\",\"url\":\"https:\\\/\\\/static.purejewels.com\\\/wp-content\\\/uploads\\\/2018\\\/03\\\/25956-1-copy.png\",\"contentUrl\":\"https:\\\/\\\/static.purejewels.com\\\/wp-content\\\/uploads\\\/2018\\\/03\\\/25956-1-copy.png\",\"width\":1000,\"height\":1000,\"caption\":\"25956-1 copy\"},{\"@type\":\"BreadcrumbList\",\"@id\":\"https:\\\/\\\/www.purejewels.com\\\/product\\\/22kt-yellow-gold-rope-chain-20-inches\\\/#breadcrumb\",\"itemListElement\":[{\"@type\":\"ListItem\",\"position\":1,\"name\":\"Home\",\"item\":\"https:\\\/\\\/www.purejewels.com\\\/\"},{\"@type\":\"ListItem\",\"position\":2,\"name\":\"Shop\",\"item\":\"https:\\\/\\\/www.purejewels.com\\\/shop\\\/\"},{\"@type\":\"ListItem\",\"position\":3,\"name\":\"22Kt Yellow Gold Rope Chain 20 Inches\"}]},{\"@type\":\"WebSite\",\"@id\":\"https:\\\/\\\/www.purejewels.com\\\/#website\",\"url\":\"https:\\\/\\\/www.purejewels.com\\\/\",\"name\":\"PureJewels UK\",\"description\":\"Share the Love\",\"publisher\":{\"@id\":\"https:\\\/\\\/www.purejewels.com\\\/#organization\"},\"potentialAction\":[{\"@type\":\"SearchAction\",\"target\":{\"@type\":\"EntryPoint\",\"urlTemplate\":\"https:\\\/\\\/www.purejewels.com\\\/?s={search_term_string}\"},\"query-input\":{\"@type\":\"PropertyValueSpecification\",\"valueRequired\":true,\"valueName\":\"search_term_string\"}}],\"inLanguage\":\"tr\"},{\"@type\":\"Organization\",\"@id\":\"https:\\\/\\\/www.purejewels.com\\\/#organization\",\"name\":\"PureJewels UK\",\"url\":\"https:\\\/\\\/www.purejewels.com\\\/\",\"logo\":{\"@type\":\"ImageObject\",\"inLanguage\":\"tr\",\"@id\":\"https:\\\/\\\/www.purejewels.com\\\/#\\\/schema\\\/logo\\\/image\\\/\",\"url\":\"https:\\\/\\\/static.purejewels.com\\\/wp-content\\\/uploads\\\/2020\\\/11\\\/Logo-PJ-New-1.png\",\"contentUrl\":\"https:\\\/\\\/static.purejewels.com\\\/wp-content\\\/uploads\\\/2020\\\/11\\\/Logo-PJ-New-1.png\",\"width\":150,\"height\":80,\"caption\":\"PureJewels UK\"},\"image\":{\"@id\":\"https:\\\/\\\/www.purejewels.com\\\/#\\\/schema\\\/logo\\\/image\\\/\"}}]}<\/script>\n<!-- \/ Yoast SEO plugin. -->","yoast_head_json":{"title":"22Kt Sar\u0131 Alt\u0131n Halat Zincir 20 \u0130n\u00e7 - PureJewels UK","robots":{"index":"index","follow":"follow","max-snippet":"max-snippet:-1","max-image-preview":"max-image-preview:large","max-video-preview":"max-video-preview:-1"},"canonical":"https:\/\/www.purejewels.com\/tr\/urun\/22-ayar-sari-altin-halat-zincir-20-inc\/","og_locale":"tr_TR","og_type":"article","og_title":"22Kt Yellow Gold Rope Chain 20 Inches - PureJewels UK","og_description":"22kt Yellow Rope chain 20 Inches   Wt. 2.6 g  Length. 20\" Inches  SKU. 30917  Hollow chain  Not suitable for daily wear  All prices include VAT  All our products are hallmarked by London Assay Office  Comes with presentation Box  Delivery Included  Contact us \/ chat with us to explore our different types of 20 Inches chain","og_url":"https:\/\/www.purejewels.com\/tr\/urun\/22-ayar-sari-altin-halat-zincir-20-inc\/","og_site_name":"PureJewels UK","article_modified_time":"2020-12-21T17:52:08+00:00","og_image":[{"width":1000,"height":1000,"url":"https:\/\/www.purejewels.com\/wp-content\/uploads\/2018\/03\/25956-1-copy.png","type":"image\/png"}],"twitter_card":"summary_large_image","schema":{"@context":"https:\/\/schema.org","@graph":[{"@type":["WebPage","ItemPage"],"@id":"https:\/\/www.purejewels.com\/product\/22kt-yellow-gold-rope-chain-20-inches\/","url":"https:\/\/www.purejewels.com\/product\/22kt-yellow-gold-rope-chain-20-inches\/","name":"22Kt Sar\u0131 Alt\u0131n Halat Zincir 20 \u0130n\u00e7 - PureJewels UK","isPartOf":{"@id":"https:\/\/www.purejewels.com\/#website"},"primaryImageOfPage":{"@id":"https:\/\/www.purejewels.com\/product\/22kt-yellow-gold-rope-chain-20-inches\/#primaryimage"},"image":{"@id":"https:\/\/www.purejewels.com\/product\/22kt-yellow-gold-rope-chain-20-inches\/#primaryimage"},"thumbnailUrl":"https:\/\/static.purejewels.com\/wp-content\/uploads\/2018\/03\/25956-1-copy.png","datePublished":"2018-12-13T08:49:09+00:00","dateModified":"2020-12-21T17:52:08+00:00","breadcrumb":{"@id":"https:\/\/www.purejewels.com\/product\/22kt-yellow-gold-rope-chain-20-inches\/#breadcrumb"},"inLanguage":"tr","potentialAction":[{"@type":"ReadAction","target":["https:\/\/www.purejewels.com\/product\/22kt-yellow-gold-rope-chain-20-inches\/"]}]},{"@type":"ImageObject","inLanguage":"tr","@id":"https:\/\/www.purejewels.com\/product\/22kt-yellow-gold-rope-chain-20-inches\/#primaryimage","url":"https:\/\/static.purejewels.com\/wp-content\/uploads\/2018\/03\/25956-1-copy.png","contentUrl":"https:\/\/static.purejewels.com\/wp-content\/uploads\/2018\/03\/25956-1-copy.png","width":1000,"height":1000,"caption":"25956-1 copy"},{"@type":"BreadcrumbList","@id":"https:\/\/www.purejewels.com\/product\/22kt-yellow-gold-rope-chain-20-inches\/#breadcrumb","itemListElement":[{"@type":"ListItem","position":1,"name":"Home","item":"https:\/\/www.purejewels.com\/"},{"@type":"ListItem","position":2,"name":"Shop","item":"https:\/\/www.purejewels.com\/shop\/"},{"@type":"ListItem","position":3,"name":"22Kt Yellow Gold Rope Chain 20 Inches"}]},{"@type":"WebSite","@id":"https:\/\/www.purejewels.com\/#website","url":"https:\/\/www.purejewels.com\/","name":"PureJewels \u0130ngiltere","description":"Sevgiyi Payla\u015f\u0131n","publisher":{"@id":"https:\/\/www.purejewels.com\/#organization"},"potentialAction":[{"@type":"SearchAction","target":{"@type":"EntryPoint","urlTemplate":"https:\/\/www.purejewels.com\/?s={search_term_string}"},"query-input":{"@type":"PropertyValueSpecification","valueRequired":true,"valueName":"search_term_string"}}],"inLanguage":"tr"},{"@type":"Organization","@id":"https:\/\/www.purejewels.com\/#organization","name":"PureJewels \u0130ngiltere","url":"https:\/\/www.purejewels.com\/","logo":{"@type":"ImageObject","inLanguage":"tr","@id":"https:\/\/www.purejewels.com\/#\/schema\/logo\/image\/","url":"https:\/\/static.purejewels.com\/wp-content\/uploads\/2020\/11\/Logo-PJ-New-1.png","contentUrl":"https:\/\/static.purejewels.com\/wp-content\/uploads\/2020\/11\/Logo-PJ-New-1.png","width":150,"height":80,"caption":"PureJewels UK"},"image":{"@id":"https:\/\/www.purejewels.com\/#\/schema\/logo\/image\/"}}]}},"_links":{"self":[{"href":"https:\/\/www.purejewels.com\/tr\/wp-json\/wp\/v2\/product\/307261","targetHints":{"allow":["GET"]}}],"collection":[{"href":"https:\/\/www.purejewels.com\/tr\/wp-json\/wp\/v2\/product"}],"about":[{"href":"https:\/\/www.purejewels.com\/tr\/wp-json\/wp\/v2\/types\/product"}],"replies":[{"embeddable":true,"href":"https:\/\/www.purejewels.com\/tr\/wp-json\/wp\/v2\/comments?post=307261"}],"version-history":[{"count":0,"href":"https:\/\/www.purejewels.com\/tr\/wp-json\/wp\/v2\/product\/307261\/revisions"}],"wp:featuredmedia":[{"embeddable":true,"href":"https:\/\/www.purejewels.com\/tr\/wp-json\/wp\/v2\/media\/300018"}],"wp:attachment":[{"href":"https:\/\/www.purejewels.com\/tr\/wp-json\/wp\/v2\/media?parent=307261"}],"wp:term":[{"taxonomy":"product_brand","embeddable":true,"href":"https:\/\/www.purejewels.com\/tr\/wp-json\/wp\/v2\/product_brand?post=307261"},{"taxonomy":"product_cat","embeddable":true,"href":"https:\/\/www.purejewels.com\/tr\/wp-json\/wp\/v2\/product_cat?post=307261"},{"taxonomy":"product_tag","embeddable":true,"href":"https:\/\/www.purejewels.com\/tr\/wp-json\/wp\/v2\/product_tag?post=307261"}],"curies":[{"name":"wp","href":"https:\/\/api.w.org\/{rel}","templated":true}]}}