{"id":307268,"date":"2018-12-13T09:38:58","date_gmt":"2018-12-13T09:38:58","guid":{"rendered":"https:\/\/www.purejewels.com\/?post_type=product&#038;p=307268"},"modified":"2025-09-16T12:45:00","modified_gmt":"2025-09-16T11:45:00","slug":"22-ayar-altin-kutu-zincir-16-inc","status":"publish","type":"product","link":"https:\/\/www.purejewels.com\/tr\/product\/22kt-gold-box-chain-in-16-inches\/","title":{"rendered":"22 Ayar Alt\u0131n Kutu Zincir 16 in\u00e7"},"content":{"rendered":"<p data-start=\"181\" data-end=\"451\">Zarif ve \u00e7ok y\u00f6nl\u00fc olan bu <strong data-start=\"209\" data-end=\"232\"><a href=\"https:\/\/www.purejewels.com\/tr\/product-category\/22ct-gold-jewellery\/\">22 ayar alt\u0131n<\/a> <a href=\"https:\/\/www.purejewels.com\/tr\/product\/22ct-gold-box-chain-2\/\">Kutu Zincir<\/a><\/strong> rafine ve modern bir g\u00f6r\u00fcn\u00fcm yaratan hassas kare ba\u011flant\u0131larla \u00fcretilmi\u015ftir. At <strong data-start=\"311\" data-end=\"324\">16 in\u00e7<\/strong>K\u00f6pr\u00fcc\u00fck kemi\u011fine m\u00fckemmel bir \u015fekilde oturur, kolyelerle katmanlamak veya minimalist bir ifade i\u00e7in tek ba\u015f\u0131na giymek i\u00e7in idealdir.<\/p>\n<p data-start=\"453\" data-end=\"735\">P\u00fcr\u00fczs\u00fcz, cilal\u0131 y\u00fczey do\u011fal parlakl\u0131\u011f\u0131n\u0131 art\u0131r\u0131rken, kutu ba\u011flant\u0131 tasar\u0131m\u0131n\u0131n g\u00fcc\u00fc g\u00fcnl\u00fck kullan\u0131m i\u00e7in dayan\u0131kl\u0131l\u0131k sa\u011flar. Orijinallik damgas\u0131 ta\u015f\u0131yan bu zincir, m\u00fccevher koleksiyonunuz i\u00e7in zamans\u0131z bir eklentidir - sade, klasik ve zahmetsizce \u015f\u0131k.<\/p>","protected":false},"excerpt":{"rendered":"<ul>\n<li>22 Ayar Alt\u0131n Kutu Zincir 16 in\u00e7<\/li>\n<li>A\u011f\u0131rl\u0131k: 2,4 g<\/li>\n<li>SKU . 25130<\/li>\n<li>T\u00fcm fiyatlara KDV dahildir<\/li>\n<li>Londra Tahlil Ofisi Taraf\u0131ndan Damgalanm\u0131\u015f 22 Ayar Alt\u0131n<\/li>\n<li>Sunum Kutusu ile Birlikte Gelir<\/li>\n<li>Teslimat Dahil<\/li>\n<li>Stok durumu ve stokta bulunan benzer tasar\u0131mlar\u0131n daha fazla g\u00f6r\u00fcnt\u00fcs\u00fc i\u00e7in bizimle canl\u0131 sohbet edin<\/li>\n<\/ul>","protected":false},"featured_media":306874,"comment_status":"closed","ping_status":"closed","template":"","meta":{"_eb_attr":"","_crsspst_to_jayantr4sg-hostcom":false},"product_brand":[],"product_cat":[1576,1574],"product_tag":[],"class_list":{"0":"post-307268","1":"product","2":"type-product","3":"status-publish","4":"has-post-thumbnail","6":"product_cat-childrens-jewellery","7":"product_cat-womens-jewellery","9":"first","10":"outofstock","11":"featured","12":"taxable","13":"shipping-taxable","14":"product-type-simple","15":"add-to-wishlist-before_image"},"yoast_head":"<!-- This site is optimized with the Yoast SEO plugin v27.5 - https:\/\/yoast.com\/product\/yoast-seo-wordpress\/ -->\n<title>22kt Gold Box Chain in 16 inches - PureJewels UK<\/title>\n<meta name=\"robots\" content=\"index, follow, max-snippet:-1, max-image-preview:large, max-video-preview:-1\" \/>\n<link rel=\"canonical\" href=\"https:\/\/www.purejewels.com\/tr\/urun\/22-ayar-altin-kutu-zincir-16-inc\/\" \/>\n<meta property=\"og:locale\" content=\"tr_TR\" \/>\n<meta property=\"og:type\" content=\"article\" \/>\n<meta property=\"og:title\" content=\"22kt Gold Box Chain in 16 inches - PureJewels UK\" \/>\n<meta property=\"og:description\" content=\"22kt Gold Box Chain in 16 inches  Wt : 2.4 g  SKU . 25130  All prices include VAT  22ct Gold\u00a0Hallmarked by London Assay Office  Comes With Presentation Box  Delivery Included  Live chat with us for availability and more images of similar designs currently in stock\" \/>\n<meta property=\"og:url\" content=\"https:\/\/www.purejewels.com\/tr\/urun\/22-ayar-altin-kutu-zincir-16-inc\/\" \/>\n<meta property=\"og:site_name\" content=\"PureJewels UK\" \/>\n<meta property=\"article:modified_time\" content=\"2025-09-16T11:45:00+00:00\" \/>\n<meta property=\"og:image\" content=\"https:\/\/www.purejewels.com\/wp-content\/uploads\/2018\/12\/23950_1-1.png\" \/>\n\t<meta property=\"og:image:width\" content=\"1000\" \/>\n\t<meta property=\"og:image:height\" content=\"1000\" \/>\n\t<meta property=\"og:image:type\" content=\"image\/png\" \/>\n<meta name=\"twitter:card\" content=\"summary_large_image\" \/>\n<script type=\"application\/ld+json\" class=\"yoast-schema-graph\">{\"@context\":\"https:\\\/\\\/schema.org\",\"@graph\":[{\"@type\":[\"WebPage\",\"ItemPage\"],\"@id\":\"https:\\\/\\\/www.purejewels.com\\\/product\\\/22kt-gold-box-chain-in-16-inches\\\/\",\"url\":\"https:\\\/\\\/www.purejewels.com\\\/product\\\/22kt-gold-box-chain-in-16-inches\\\/\",\"name\":\"22kt Gold Box Chain in 16 inches - PureJewels UK\",\"isPartOf\":{\"@id\":\"https:\\\/\\\/www.purejewels.com\\\/#website\"},\"primaryImageOfPage\":{\"@id\":\"https:\\\/\\\/www.purejewels.com\\\/product\\\/22kt-gold-box-chain-in-16-inches\\\/#primaryimage\"},\"image\":{\"@id\":\"https:\\\/\\\/www.purejewels.com\\\/product\\\/22kt-gold-box-chain-in-16-inches\\\/#primaryimage\"},\"thumbnailUrl\":\"https:\\\/\\\/static.purejewels.com\\\/wp-content\\\/uploads\\\/2018\\\/12\\\/23950_1-1.png\",\"datePublished\":\"2018-12-13T09:38:58+00:00\",\"dateModified\":\"2025-09-16T11:45:00+00:00\",\"breadcrumb\":{\"@id\":\"https:\\\/\\\/www.purejewels.com\\\/product\\\/22kt-gold-box-chain-in-16-inches\\\/#breadcrumb\"},\"inLanguage\":\"tr\",\"potentialAction\":[{\"@type\":\"ReadAction\",\"target\":[\"https:\\\/\\\/www.purejewels.com\\\/product\\\/22kt-gold-box-chain-in-16-inches\\\/\"]}]},{\"@type\":\"ImageObject\",\"inLanguage\":\"tr\",\"@id\":\"https:\\\/\\\/www.purejewels.com\\\/product\\\/22kt-gold-box-chain-in-16-inches\\\/#primaryimage\",\"url\":\"https:\\\/\\\/static.purejewels.com\\\/wp-content\\\/uploads\\\/2018\\\/12\\\/23950_1-1.png\",\"contentUrl\":\"https:\\\/\\\/static.purejewels.com\\\/wp-content\\\/uploads\\\/2018\\\/12\\\/23950_1-1.png\",\"width\":1000,\"height\":1000,\"caption\":\"box chain light weight 33529\"},{\"@type\":\"BreadcrumbList\",\"@id\":\"https:\\\/\\\/www.purejewels.com\\\/product\\\/22kt-gold-box-chain-in-16-inches\\\/#breadcrumb\",\"itemListElement\":[{\"@type\":\"ListItem\",\"position\":1,\"name\":\"Home\",\"item\":\"https:\\\/\\\/www.purejewels.com\\\/\"},{\"@type\":\"ListItem\",\"position\":2,\"name\":\"Shop\",\"item\":\"https:\\\/\\\/www.purejewels.com\\\/shop\\\/\"},{\"@type\":\"ListItem\",\"position\":3,\"name\":\"22kt Gold Box Chain in 16 inches\"}]},{\"@type\":\"WebSite\",\"@id\":\"https:\\\/\\\/www.purejewels.com\\\/#website\",\"url\":\"https:\\\/\\\/www.purejewels.com\\\/\",\"name\":\"PureJewels UK\",\"description\":\"Share the Love\",\"publisher\":{\"@id\":\"https:\\\/\\\/www.purejewels.com\\\/#organization\"},\"potentialAction\":[{\"@type\":\"SearchAction\",\"target\":{\"@type\":\"EntryPoint\",\"urlTemplate\":\"https:\\\/\\\/www.purejewels.com\\\/?s={search_term_string}\"},\"query-input\":{\"@type\":\"PropertyValueSpecification\",\"valueRequired\":true,\"valueName\":\"search_term_string\"}}],\"inLanguage\":\"tr\"},{\"@type\":\"Organization\",\"@id\":\"https:\\\/\\\/www.purejewels.com\\\/#organization\",\"name\":\"PureJewels UK\",\"url\":\"https:\\\/\\\/www.purejewels.com\\\/\",\"logo\":{\"@type\":\"ImageObject\",\"inLanguage\":\"tr\",\"@id\":\"https:\\\/\\\/www.purejewels.com\\\/#\\\/schema\\\/logo\\\/image\\\/\",\"url\":\"https:\\\/\\\/static.purejewels.com\\\/wp-content\\\/uploads\\\/2020\\\/11\\\/Logo-PJ-New-1.png\",\"contentUrl\":\"https:\\\/\\\/static.purejewels.com\\\/wp-content\\\/uploads\\\/2020\\\/11\\\/Logo-PJ-New-1.png\",\"width\":150,\"height\":80,\"caption\":\"PureJewels UK\"},\"image\":{\"@id\":\"https:\\\/\\\/www.purejewels.com\\\/#\\\/schema\\\/logo\\\/image\\\/\"}}]}<\/script>\n<!-- \/ Yoast SEO plugin. -->","yoast_head_json":{"title":"16 in\u00e7 22 Ayar Alt\u0131n Kutu Zincir - PureJewels UK","robots":{"index":"index","follow":"follow","max-snippet":"max-snippet:-1","max-image-preview":"max-image-preview:large","max-video-preview":"max-video-preview:-1"},"canonical":"https:\/\/www.purejewels.com\/tr\/urun\/22-ayar-altin-kutu-zincir-16-inc\/","og_locale":"tr_TR","og_type":"article","og_title":"22kt Gold Box Chain in 16 inches - PureJewels UK","og_description":"22kt Gold Box Chain in 16 inches  Wt : 2.4 g  SKU . 25130  All prices include VAT  22ct Gold\u00a0Hallmarked by London Assay Office  Comes With Presentation Box  Delivery Included  Live chat with us for availability and more images of similar designs currently in stock","og_url":"https:\/\/www.purejewels.com\/tr\/urun\/22-ayar-altin-kutu-zincir-16-inc\/","og_site_name":"PureJewels UK","article_modified_time":"2025-09-16T11:45:00+00:00","og_image":[{"width":1000,"height":1000,"url":"https:\/\/www.purejewels.com\/wp-content\/uploads\/2018\/12\/23950_1-1.png","type":"image\/png"}],"twitter_card":"summary_large_image","schema":{"@context":"https:\/\/schema.org","@graph":[{"@type":["WebPage","ItemPage"],"@id":"https:\/\/www.purejewels.com\/product\/22kt-gold-box-chain-in-16-inches\/","url":"https:\/\/www.purejewels.com\/product\/22kt-gold-box-chain-in-16-inches\/","name":"16 in\u00e7 22 Ayar Alt\u0131n Kutu Zincir - PureJewels UK","isPartOf":{"@id":"https:\/\/www.purejewels.com\/#website"},"primaryImageOfPage":{"@id":"https:\/\/www.purejewels.com\/product\/22kt-gold-box-chain-in-16-inches\/#primaryimage"},"image":{"@id":"https:\/\/www.purejewels.com\/product\/22kt-gold-box-chain-in-16-inches\/#primaryimage"},"thumbnailUrl":"https:\/\/static.purejewels.com\/wp-content\/uploads\/2018\/12\/23950_1-1.png","datePublished":"2018-12-13T09:38:58+00:00","dateModified":"2025-09-16T11:45:00+00:00","breadcrumb":{"@id":"https:\/\/www.purejewels.com\/product\/22kt-gold-box-chain-in-16-inches\/#breadcrumb"},"inLanguage":"tr","potentialAction":[{"@type":"ReadAction","target":["https:\/\/www.purejewels.com\/product\/22kt-gold-box-chain-in-16-inches\/"]}]},{"@type":"ImageObject","inLanguage":"tr","@id":"https:\/\/www.purejewels.com\/product\/22kt-gold-box-chain-in-16-inches\/#primaryimage","url":"https:\/\/static.purejewels.com\/wp-content\/uploads\/2018\/12\/23950_1-1.png","contentUrl":"https:\/\/static.purejewels.com\/wp-content\/uploads\/2018\/12\/23950_1-1.png","width":1000,"height":1000,"caption":"box chain light weight 33529"},{"@type":"BreadcrumbList","@id":"https:\/\/www.purejewels.com\/product\/22kt-gold-box-chain-in-16-inches\/#breadcrumb","itemListElement":[{"@type":"ListItem","position":1,"name":"Home","item":"https:\/\/www.purejewels.com\/"},{"@type":"ListItem","position":2,"name":"Shop","item":"https:\/\/www.purejewels.com\/shop\/"},{"@type":"ListItem","position":3,"name":"22kt Gold Box Chain in 16 inches"}]},{"@type":"WebSite","@id":"https:\/\/www.purejewels.com\/#website","url":"https:\/\/www.purejewels.com\/","name":"PureJewels \u0130ngiltere","description":"Sevgiyi Payla\u015f\u0131n","publisher":{"@id":"https:\/\/www.purejewels.com\/#organization"},"potentialAction":[{"@type":"SearchAction","target":{"@type":"EntryPoint","urlTemplate":"https:\/\/www.purejewels.com\/?s={search_term_string}"},"query-input":{"@type":"PropertyValueSpecification","valueRequired":true,"valueName":"search_term_string"}}],"inLanguage":"tr"},{"@type":"Organization","@id":"https:\/\/www.purejewels.com\/#organization","name":"PureJewels \u0130ngiltere","url":"https:\/\/www.purejewels.com\/","logo":{"@type":"ImageObject","inLanguage":"tr","@id":"https:\/\/www.purejewels.com\/#\/schema\/logo\/image\/","url":"https:\/\/static.purejewels.com\/wp-content\/uploads\/2020\/11\/Logo-PJ-New-1.png","contentUrl":"https:\/\/static.purejewels.com\/wp-content\/uploads\/2020\/11\/Logo-PJ-New-1.png","width":150,"height":80,"caption":"PureJewels UK"},"image":{"@id":"https:\/\/www.purejewels.com\/#\/schema\/logo\/image\/"}}]}},"_links":{"self":[{"href":"https:\/\/www.purejewels.com\/tr\/wp-json\/wp\/v2\/product\/307268","targetHints":{"allow":["GET"]}}],"collection":[{"href":"https:\/\/www.purejewels.com\/tr\/wp-json\/wp\/v2\/product"}],"about":[{"href":"https:\/\/www.purejewels.com\/tr\/wp-json\/wp\/v2\/types\/product"}],"replies":[{"embeddable":true,"href":"https:\/\/www.purejewels.com\/tr\/wp-json\/wp\/v2\/comments?post=307268"}],"version-history":[{"count":2,"href":"https:\/\/www.purejewels.com\/tr\/wp-json\/wp\/v2\/product\/307268\/revisions"}],"predecessor-version":[{"id":415473,"href":"https:\/\/www.purejewels.com\/tr\/wp-json\/wp\/v2\/product\/307268\/revisions\/415473"}],"wp:featuredmedia":[{"embeddable":true,"href":"https:\/\/www.purejewels.com\/tr\/wp-json\/wp\/v2\/media\/306874"}],"wp:attachment":[{"href":"https:\/\/www.purejewels.com\/tr\/wp-json\/wp\/v2\/media?parent=307268"}],"wp:term":[{"taxonomy":"product_brand","embeddable":true,"href":"https:\/\/www.purejewels.com\/tr\/wp-json\/wp\/v2\/product_brand?post=307268"},{"taxonomy":"product_cat","embeddable":true,"href":"https:\/\/www.purejewels.com\/tr\/wp-json\/wp\/v2\/product_cat?post=307268"},{"taxonomy":"product_tag","embeddable":true,"href":"https:\/\/www.purejewels.com\/tr\/wp-json\/wp\/v2\/product_tag?post=307268"}],"curies":[{"name":"wp","href":"https:\/\/api.w.org\/{rel}","templated":true}]}}