{"id":307287,"date":"2018-12-14T07:34:27","date_gmt":"2018-12-14T07:34:27","guid":{"rendered":"https:\/\/www.purejewels.com\/?post_type=product&#038;p=307287"},"modified":"2026-03-13T05:21:21","modified_gmt":"2026-03-13T05:21:21","slug":"22-ayar-altin-fitil-zinciri-22-inc","status":"publish","type":"product","link":"https:\/\/www.purejewels.com\/tr\/product\/22ct-gold-wick-chain-22-inches\/","title":{"rendered":"22 Ayar Alt\u0131n Fitil Zinciri 22 \u0130n\u00e7"},"content":{"rendered":"<p><strong>Tasar\u0131m Konsepti<\/strong><br \/>\nBu\u011fday veya spiga zinciri olarak da bilinen fitil zinciri, dokuma saplar\u0131n\u0131n zarif yap\u0131s\u0131ndan ilham al\u0131yor. Birbirine kenetlenen halkalar\u0131 yumu\u015fak \u00f6rg\u00fcl\u00fc bir desen olu\u015fturarak ak\u0131c\u0131, heykelsi bir siluet yarat\u0131r. 1,7 mm kal\u0131nl\u0131\u011f\u0131ndaki tasar\u0131m, rafine ve hafif bir his verirken belirgin dokusunu da koruyor. 22 in\u00e7lik uzunluk, zincirin boyun \u00e7izgisi boyunca do\u011fal bir \u015fekilde d\u00fc\u015fmesini sa\u011flayarak hem \u00e7a\u011fda\u015f hem de geleneksel stili tamamlayan klasik bir profil yarat\u0131r.<\/p>\n<p><strong>Zanaatkarl\u0131k<\/strong><br \/>\n22 ayar som alt\u0131ndan \u00fcretilen bu zincir, y\u00fcksek safl\u0131ktaki alt\u0131n\u0131n zenginli\u011fini ve s\u0131cakl\u0131\u011f\u0131n\u0131 yans\u0131tmaktad\u0131r. Her bir bakla, \u00f6zel fitil desenini olu\u015fturmak i\u00e7in yetenekli kuyumcular taraf\u0131ndan \u00f6zenle \u015fekillendirilmi\u015f ve i\u00e7 i\u00e7e ge\u00e7irilmi\u015ftir. Hizalamadaki hassasiyet, zincirin sorunsuz hareket etmesini ve tene rahat\u00e7a oturmas\u0131n\u0131 sa\u011flar. Son cilalama alt\u0131n\u0131n do\u011fal parlakl\u0131\u011f\u0131n\u0131 art\u0131r\u0131r, karma\u015f\u0131k dokuma yap\u0131s\u0131n\u0131 vurgularken g\u00fcnl\u00fck kullan\u0131m i\u00e7in sa\u011flaml\u0131\u011f\u0131n\u0131 korur.<\/p>\n<p><strong>Stil Fikirleri<\/strong><br \/>\n1,7 mm fitil zinciri son derece \u00e7ok y\u00f6nl\u00fc bir par\u00e7ad\u0131r ve her m\u00fccevher koleksiyonunda temel olarak idealdir. Tek ba\u015f\u0131na tak\u0131ld\u0131\u011f\u0131nda, g\u00fcnl\u00fck kullan\u0131m i\u00e7in uygun, ince ama zarif bir alt\u0131n ifade sunar. Dokuma yap\u0131s\u0131, ba\u015f harfler, sembolik tak\u0131lar veya ruhani motifler gibi k\u00fc\u00e7\u00fck kolyelerle e\u015fle\u015ftirmek i\u00e7in de m\u00fckemmeldir. Daha \u00e7a\u011fda\u015f bir g\u00f6r\u00fcn\u00fcm i\u00e7in, daha k\u0131sa veya daha uzun alt\u0131n zincirlerle katmanland\u0131r\u0131larak ki\u015fiselle\u015ftirilmi\u015f bir \u00fcst \u00fcste stil olu\u015fturulabilir. \u0130ster g\u00fcndelik ister \u00f6zel g\u00fcnlerde tak\u0131ls\u0131n, bu fitil zincir zamans\u0131z alt\u0131n zarafetine zarif bir dokunu\u015f katar.<\/p>","protected":false},"excerpt":{"rendered":"<p>Bu 22 ayar alt\u0131n fitil zincir, zarif 1,7 mm kal\u0131nl\u0131\u011f\u0131 ve 22 in\u00e7 uzunlu\u011fuyla \u0131\u015f\u0131\u011f\u0131 ince bir parlakl\u0131kla yans\u0131tan g\u00fczel dokunmu\u015f bir doku sunar. Som 22 ayar alt\u0131ndan \u00fcretilen karma\u015f\u0131k bu\u011fday tarz\u0131 baklalar hem zarif hem de dayan\u0131kl\u0131 bir zincir olu\u015fturur. G\u00fcnl\u00fck kullan\u0131m veya anlaml\u0131 kolyelerle e\u015fle\u015ftirmek i\u00e7in m\u00fckemmel olan bu zincir, zamans\u0131z i\u015f\u00e7ili\u011fi ve abart\u0131s\u0131z sofistikeli\u011fi temsil eder.<\/p>\n<p><strong>SKU:<\/strong> 55156<br \/>\n<strong>Metal:<\/strong>\u00a022 Ayar Alt\u0131n<br \/>\n<strong>Safl\u0131k:<\/strong>\u00a091.6% saf<br \/>\n<strong>A\u011f\u0131rl\u0131k<\/strong>: 11 gram<br \/>\n<strong>Kal\u0131nl\u0131k:<\/strong> 1,7 mm<br \/>\n<strong>Uzunluk:<\/strong>\u00a022 in\u00e7<br \/>\n<strong>Hallmark:<\/strong>\u00a0\u0130ngiltere Tahlil Ofisi Taraf\u0131ndan Damgalanm\u0131\u015f 22 Ayar Alt\u0131n<br \/>\n<strong>Su\u00e7lamalar:<\/strong>\u00a0Teslimat ve KDV Dahil<br \/>\n<strong>Daha fazla bilgi:<\/strong>\u00a0M\u00fcsaitlik durumu ve ek g\u00f6rseller i\u00e7in bizimle canl\u0131 sohbet edin<\/p>","protected":false},"featured_media":306880,"comment_status":"closed","ping_status":"closed","template":"","meta":{"_eb_attr":"","_crsspst_to_jayantr4sg-hostcom":true},"product_brand":[],"product_cat":[5016,5019,1475,1773,1774,5349],"product_tag":[],"class_list":{"0":"post-307287","1":"product","2":"type-product","3":"status-publish","4":"has-post-thumbnail","6":"product_cat-22-inch-ladies-chain","7":"product_cat-22-inch-mens-chain","8":"product_cat-gold-chains","9":"product_cat-ladies-chains","10":"product_cat-mens-chains","11":"product_cat-yellow-gold-jewellery","13":"first","14":"instock","15":"taxable","16":"shipping-taxable","17":"purchasable","18":"product-type-simple","19":"add-to-wishlist-before_image"},"yoast_head":"<!-- This site is optimized with the Yoast SEO plugin v27.5 - https:\/\/yoast.com\/product\/yoast-seo-wordpress\/ -->\n<title>22ct Gold Wick Chain 22 Inches | 1.7mm Wick Chain | PureJewels<\/title>\n<meta name=\"description\" content=\"Elegant 22ct gold wick chain crafted in a refined 1.7mm thickness and 22-inch length. A beautifully woven chain design offering strength.\" \/>\n<meta name=\"robots\" content=\"index, follow, max-snippet:-1, max-image-preview:large, max-video-preview:-1\" \/>\n<link rel=\"canonical\" href=\"https:\/\/www.purejewels.com\/tr\/urun\/22-ayar-altin-fitil-zinciri-22-inc\/\" \/>\n<meta property=\"og:locale\" content=\"tr_TR\" \/>\n<meta property=\"og:type\" content=\"article\" \/>\n<meta property=\"og:title\" content=\"22ct Gold Wick Chain 22 Inches | 1.7mm Wick Chain | PureJewels\" \/>\n<meta property=\"og:description\" content=\"Elegant 22ct gold wick chain crafted in a refined 1.7mm thickness and 22-inch length. A beautifully woven chain design offering strength.\" \/>\n<meta property=\"og:url\" content=\"https:\/\/www.purejewels.com\/tr\/urun\/22-ayar-altin-fitil-zinciri-22-inc\/\" \/>\n<meta property=\"og:site_name\" content=\"PureJewels UK\" \/>\n<meta property=\"article:modified_time\" content=\"2026-03-13T05:21:21+00:00\" \/>\n<meta property=\"og:image\" content=\"https:\/\/static.purejewels.com\/wp-content\/uploads\/2018\/12\/25914_1.png\" \/>\n\t<meta property=\"og:image:width\" content=\"1000\" \/>\n\t<meta property=\"og:image:height\" content=\"1000\" \/>\n\t<meta property=\"og:image:type\" content=\"image\/png\" \/>\n<meta name=\"twitter:card\" content=\"summary_large_image\" \/>\n<meta name=\"twitter:label1\" content=\"Tahmini okuma s\u00fcresi\" \/>\n\t<meta name=\"twitter:data1\" content=\"2 dakika\" \/>\n<script type=\"application\/ld+json\" class=\"yoast-schema-graph\">{\"@context\":\"https:\\\/\\\/schema.org\",\"@graph\":[{\"@type\":[\"WebPage\",\"ItemPage\"],\"@id\":\"https:\\\/\\\/www.purejewels.com\\\/product\\\/22ct-gold-wick-chain-22-inches\\\/\",\"url\":\"https:\\\/\\\/www.purejewels.com\\\/product\\\/22ct-gold-wick-chain-22-inches\\\/\",\"name\":\"22ct Gold Wick Chain 22 Inches | 1.7mm Wick Chain | PureJewels\",\"isPartOf\":{\"@id\":\"https:\\\/\\\/www.purejewels.com\\\/#website\"},\"primaryImageOfPage\":{\"@id\":\"https:\\\/\\\/www.purejewels.com\\\/product\\\/22ct-gold-wick-chain-22-inches\\\/#primaryimage\"},\"image\":{\"@id\":\"https:\\\/\\\/www.purejewels.com\\\/product\\\/22ct-gold-wick-chain-22-inches\\\/#primaryimage\"},\"thumbnailUrl\":\"https:\\\/\\\/static.purejewels.com\\\/wp-content\\\/uploads\\\/2018\\\/12\\\/25914_1.png\",\"datePublished\":\"2018-12-14T07:34:27+00:00\",\"dateModified\":\"2026-03-13T05:21:21+00:00\",\"description\":\"Elegant 22ct gold wick chain crafted in a refined 1.7mm thickness and 22-inch length. A beautifully woven chain design offering strength.\",\"breadcrumb\":{\"@id\":\"https:\\\/\\\/www.purejewels.com\\\/product\\\/22ct-gold-wick-chain-22-inches\\\/#breadcrumb\"},\"inLanguage\":\"tr\",\"potentialAction\":[{\"@type\":\"ReadAction\",\"target\":[\"https:\\\/\\\/www.purejewels.com\\\/product\\\/22ct-gold-wick-chain-22-inches\\\/\"]}]},{\"@type\":\"ImageObject\",\"inLanguage\":\"tr\",\"@id\":\"https:\\\/\\\/www.purejewels.com\\\/product\\\/22ct-gold-wick-chain-22-inches\\\/#primaryimage\",\"url\":\"https:\\\/\\\/static.purejewels.com\\\/wp-content\\\/uploads\\\/2018\\\/12\\\/25914_1.png\",\"contentUrl\":\"https:\\\/\\\/static.purejewels.com\\\/wp-content\\\/uploads\\\/2018\\\/12\\\/25914_1.png\",\"width\":1000,\"height\":1000,\"caption\":\"25914_1\"},{\"@type\":\"BreadcrumbList\",\"@id\":\"https:\\\/\\\/www.purejewels.com\\\/product\\\/22ct-gold-wick-chain-22-inches\\\/#breadcrumb\",\"itemListElement\":[{\"@type\":\"ListItem\",\"position\":1,\"name\":\"Home\",\"item\":\"https:\\\/\\\/www.purejewels.com\\\/\"},{\"@type\":\"ListItem\",\"position\":2,\"name\":\"Shop\",\"item\":\"https:\\\/\\\/www.purejewels.com\\\/shop\\\/\"},{\"@type\":\"ListItem\",\"position\":3,\"name\":\"22ct Gold Wick Chain 22 Inches\"}]},{\"@type\":\"WebSite\",\"@id\":\"https:\\\/\\\/www.purejewels.com\\\/#website\",\"url\":\"https:\\\/\\\/www.purejewels.com\\\/\",\"name\":\"PureJewels UK\",\"description\":\"Share the Love\",\"publisher\":{\"@id\":\"https:\\\/\\\/www.purejewels.com\\\/#organization\"},\"potentialAction\":[{\"@type\":\"SearchAction\",\"target\":{\"@type\":\"EntryPoint\",\"urlTemplate\":\"https:\\\/\\\/www.purejewels.com\\\/?s={search_term_string}\"},\"query-input\":{\"@type\":\"PropertyValueSpecification\",\"valueRequired\":true,\"valueName\":\"search_term_string\"}}],\"inLanguage\":\"tr\"},{\"@type\":\"Organization\",\"@id\":\"https:\\\/\\\/www.purejewels.com\\\/#organization\",\"name\":\"PureJewels UK\",\"url\":\"https:\\\/\\\/www.purejewels.com\\\/\",\"logo\":{\"@type\":\"ImageObject\",\"inLanguage\":\"tr\",\"@id\":\"https:\\\/\\\/www.purejewels.com\\\/#\\\/schema\\\/logo\\\/image\\\/\",\"url\":\"https:\\\/\\\/static.purejewels.com\\\/wp-content\\\/uploads\\\/2020\\\/11\\\/Logo-PJ-New-1.png\",\"contentUrl\":\"https:\\\/\\\/static.purejewels.com\\\/wp-content\\\/uploads\\\/2020\\\/11\\\/Logo-PJ-New-1.png\",\"width\":150,\"height\":80,\"caption\":\"PureJewels UK\"},\"image\":{\"@id\":\"https:\\\/\\\/www.purejewels.com\\\/#\\\/schema\\\/logo\\\/image\\\/\"}}]}<\/script>\n<!-- \/ Yoast SEO plugin. -->","yoast_head_json":{"title":"22 Ayar Alt\u0131n Fitil Zinciri 22 \u0130n\u00e7 | 1,7mm Fitil Zinciri | PureJewels","description":"Zarif 22 ayar alt\u0131n fitil zinciri 1,7 mm kal\u0131nl\u0131\u011f\u0131nda ve 22 in\u00e7 uzunlu\u011funda \u00fcretilmi\u015ftir. G\u00fc\u00e7 sunan g\u00fczel dokunmu\u015f bir zincir tasar\u0131m\u0131.","robots":{"index":"index","follow":"follow","max-snippet":"max-snippet:-1","max-image-preview":"max-image-preview:large","max-video-preview":"max-video-preview:-1"},"canonical":"https:\/\/www.purejewels.com\/tr\/urun\/22-ayar-altin-fitil-zinciri-22-inc\/","og_locale":"tr_TR","og_type":"article","og_title":"22ct Gold Wick Chain 22 Inches | 1.7mm Wick Chain | PureJewels","og_description":"Elegant 22ct gold wick chain crafted in a refined 1.7mm thickness and 22-inch length. A beautifully woven chain design offering strength.","og_url":"https:\/\/www.purejewels.com\/tr\/urun\/22-ayar-altin-fitil-zinciri-22-inc\/","og_site_name":"PureJewels UK","article_modified_time":"2026-03-13T05:21:21+00:00","og_image":[{"width":1000,"height":1000,"url":"https:\/\/static.purejewels.com\/wp-content\/uploads\/2018\/12\/25914_1.png","type":"image\/png"}],"twitter_card":"summary_large_image","twitter_misc":{"Tahmini okuma s\u00fcresi":"2 dakika"},"schema":{"@context":"https:\/\/schema.org","@graph":[{"@type":["WebPage","ItemPage"],"@id":"https:\/\/www.purejewels.com\/product\/22ct-gold-wick-chain-22-inches\/","url":"https:\/\/www.purejewels.com\/product\/22ct-gold-wick-chain-22-inches\/","name":"22 Ayar Alt\u0131n Fitil Zinciri 22 \u0130n\u00e7 | 1,7mm Fitil Zinciri | PureJewels","isPartOf":{"@id":"https:\/\/www.purejewels.com\/#website"},"primaryImageOfPage":{"@id":"https:\/\/www.purejewels.com\/product\/22ct-gold-wick-chain-22-inches\/#primaryimage"},"image":{"@id":"https:\/\/www.purejewels.com\/product\/22ct-gold-wick-chain-22-inches\/#primaryimage"},"thumbnailUrl":"https:\/\/static.purejewels.com\/wp-content\/uploads\/2018\/12\/25914_1.png","datePublished":"2018-12-14T07:34:27+00:00","dateModified":"2026-03-13T05:21:21+00:00","description":"Zarif 22 ayar alt\u0131n fitil zinciri 1,7 mm kal\u0131nl\u0131\u011f\u0131nda ve 22 in\u00e7 uzunlu\u011funda \u00fcretilmi\u015ftir. G\u00fc\u00e7 sunan g\u00fczel dokunmu\u015f bir zincir tasar\u0131m\u0131.","breadcrumb":{"@id":"https:\/\/www.purejewels.com\/product\/22ct-gold-wick-chain-22-inches\/#breadcrumb"},"inLanguage":"tr","potentialAction":[{"@type":"ReadAction","target":["https:\/\/www.purejewels.com\/product\/22ct-gold-wick-chain-22-inches\/"]}]},{"@type":"ImageObject","inLanguage":"tr","@id":"https:\/\/www.purejewels.com\/product\/22ct-gold-wick-chain-22-inches\/#primaryimage","url":"https:\/\/static.purejewels.com\/wp-content\/uploads\/2018\/12\/25914_1.png","contentUrl":"https:\/\/static.purejewels.com\/wp-content\/uploads\/2018\/12\/25914_1.png","width":1000,"height":1000,"caption":"25914_1"},{"@type":"BreadcrumbList","@id":"https:\/\/www.purejewels.com\/product\/22ct-gold-wick-chain-22-inches\/#breadcrumb","itemListElement":[{"@type":"ListItem","position":1,"name":"Home","item":"https:\/\/www.purejewels.com\/"},{"@type":"ListItem","position":2,"name":"Shop","item":"https:\/\/www.purejewels.com\/shop\/"},{"@type":"ListItem","position":3,"name":"22ct Gold Wick Chain 22 Inches"}]},{"@type":"WebSite","@id":"https:\/\/www.purejewels.com\/#website","url":"https:\/\/www.purejewels.com\/","name":"PureJewels \u0130ngiltere","description":"Sevgiyi Payla\u015f\u0131n","publisher":{"@id":"https:\/\/www.purejewels.com\/#organization"},"potentialAction":[{"@type":"SearchAction","target":{"@type":"EntryPoint","urlTemplate":"https:\/\/www.purejewels.com\/?s={search_term_string}"},"query-input":{"@type":"PropertyValueSpecification","valueRequired":true,"valueName":"search_term_string"}}],"inLanguage":"tr"},{"@type":"Organization","@id":"https:\/\/www.purejewels.com\/#organization","name":"PureJewels \u0130ngiltere","url":"https:\/\/www.purejewels.com\/","logo":{"@type":"ImageObject","inLanguage":"tr","@id":"https:\/\/www.purejewels.com\/#\/schema\/logo\/image\/","url":"https:\/\/static.purejewels.com\/wp-content\/uploads\/2020\/11\/Logo-PJ-New-1.png","contentUrl":"https:\/\/static.purejewels.com\/wp-content\/uploads\/2020\/11\/Logo-PJ-New-1.png","width":150,"height":80,"caption":"PureJewels UK"},"image":{"@id":"https:\/\/www.purejewels.com\/#\/schema\/logo\/image\/"}}]}},"_links":{"self":[{"href":"https:\/\/www.purejewels.com\/tr\/wp-json\/wp\/v2\/product\/307287","targetHints":{"allow":["GET"]}}],"collection":[{"href":"https:\/\/www.purejewels.com\/tr\/wp-json\/wp\/v2\/product"}],"about":[{"href":"https:\/\/www.purejewels.com\/tr\/wp-json\/wp\/v2\/types\/product"}],"replies":[{"embeddable":true,"href":"https:\/\/www.purejewels.com\/tr\/wp-json\/wp\/v2\/comments?post=307287"}],"version-history":[{"count":3,"href":"https:\/\/www.purejewels.com\/tr\/wp-json\/wp\/v2\/product\/307287\/revisions"}],"predecessor-version":[{"id":427016,"href":"https:\/\/www.purejewels.com\/tr\/wp-json\/wp\/v2\/product\/307287\/revisions\/427016"}],"wp:featuredmedia":[{"embeddable":true,"href":"https:\/\/www.purejewels.com\/tr\/wp-json\/wp\/v2\/media\/306880"}],"wp:attachment":[{"href":"https:\/\/www.purejewels.com\/tr\/wp-json\/wp\/v2\/media?parent=307287"}],"wp:term":[{"taxonomy":"product_brand","embeddable":true,"href":"https:\/\/www.purejewels.com\/tr\/wp-json\/wp\/v2\/product_brand?post=307287"},{"taxonomy":"product_cat","embeddable":true,"href":"https:\/\/www.purejewels.com\/tr\/wp-json\/wp\/v2\/product_cat?post=307287"},{"taxonomy":"product_tag","embeddable":true,"href":"https:\/\/www.purejewels.com\/tr\/wp-json\/wp\/v2\/product_tag?post=307287"}],"curies":[{"name":"wp","href":"https:\/\/api.w.org\/{rel}","templated":true}]}}