{"id":308003,"date":"2018-12-22T11:47:35","date_gmt":"2018-12-22T11:47:35","guid":{"rendered":"https:\/\/www.purejewels.com\/?post_type=product&#038;p=308003"},"modified":"2025-11-05T08:26:57","modified_gmt":"2025-11-05T08:26:57","slug":"22-ayar-altindan-hint-kupeleri","status":"publish","type":"product","link":"https:\/\/www.purejewels.com\/tr\/product\/indian-earrings-in-22ct-gold\/","title":{"rendered":"22 Ayar Bebek Alt\u0131n Saplama K\u00fcpe"},"content":{"rendered":"<p>K\u00fc\u00e7\u00fck \u00e7ocu\u011funuz i\u00e7in m\u00fckemmel bir aksesuar olan zarif 22 ayar Bebek Alt\u0131n Saplama K\u00fcpelerimizle tan\u0131\u015f\u0131n. \u00d6zenle ve hassasiyetle \u00fcretilen bu alt\u0131n k\u00fcpeler, y\u0131llarca de\u011fer verilecek zamans\u0131z bir par\u00e7ad\u0131r. Her bir k\u00fcpe 1,2 gram a\u011f\u0131rl\u0131\u011f\u0131ndad\u0131r ve Londra Tahlil Ofisi taraf\u0131ndan damgalanarak en y\u00fcksek kaliteyi garanti eder.<\/p>\n<p>Bebek alt\u0131n k\u00fcpelerimiz bir sunum kutusunda gelir ve onlar\u0131 do\u011fum g\u00fcnleri, vaftizler veya herhangi bir \u00f6zel g\u00fcn i\u00e7in ideal bir hediye haline getirir. \u00dccretsiz takipli teslimat ve g\u00fcvenli \u00e7evrimi\u00e7i \u00f6demelerle, bizimle al\u0131\u015fveri\u015f yapmak rahat ve endi\u015fesizdir. Ayr\u0131ca, g\u00fcvenle al\u0131\u015fveri\u015f yapabilmeniz i\u00e7in 30 g\u00fcnl\u00fck para iade garantisi sunuyoruz.<\/p>\n<p>Bebek k\u00fcpeleri koleksiyonumuza g\u00f6z at\u0131n ve daha \u00e7arp\u0131c\u0131 tasar\u0131mlar\u0131 ke\u015ffedin. Herhangi bir sorunuz varsa veya daha h\u0131zl\u0131 teslimata ihtiyac\u0131n\u0131z varsa, g\u00fcler y\u00fczl\u00fc m\u00fc\u015fteri hizmetleri ekibimiz size yard\u0131mc\u0131 olmak i\u00e7in burada. K\u00fc\u00e7\u00fck \u00e7ocu\u011funuz i\u00e7in bu g\u00fczel alt\u0131n k\u00fcpeleri ka\u00e7\u0131rmay\u0131n. Hemen sipari\u015f verin ve bebe\u011finizin k\u0131yafetlerine \u015f\u0131k bir dokunu\u015f kat\u0131n.<\/p>","protected":false},"excerpt":{"rendered":"<ul>\n<li>22 Ayar Bebek Alt\u0131n Saplama K\u00fcpe<\/li>\n<li>A\u011f\u0131rl\u0131k 1,2 gms<\/li>\n<li>SKU. 42771<\/li>\n<li>T\u00fcm fiyatlara KDV dahildir<\/li>\n<li>T\u00fcm \u00fcr\u00fcnlerimiz London Assay Office taraf\u0131ndan damgalanm\u0131\u015ft\u0131r<\/li>\n<li>Sunum Kutusu ile Birlikte Gelir<\/li>\n<li>Teslimat Dahil<\/li>\n<li>Koleksiyonumuzu ke\u015ffedin <strong>bebek k\u00fcpesi<\/strong><\/li>\n<li>Stok durumu ve stokta bulunan benzer tasar\u0131mlar\u0131n daha fazla g\u00f6r\u00fcnt\u00fcs\u00fc i\u00e7in bizimle canl\u0131 sohbet edin<\/li>\n<\/ul>","protected":false},"featured_media":308004,"comment_status":"closed","ping_status":"closed","template":"","meta":{"_eb_attr":"","_crsspst_to_jayantr4sg-hostcom":false},"product_brand":[],"product_cat":[1559,1576,1254,1229,5343,1577,5349],"product_tag":[],"class_list":{"0":"post-308003","1":"product","2":"type-product","3":"status-publish","4":"has-post-thumbnail","6":"product_cat-birthday-gifts","7":"product_cat-childrens-jewellery","8":"product_cat-gold-earrings","9":"product_cat-22ct-gold-jewellery","10":"product_cat-jewellery-under-550","11":"product_cat-stud-earrings","12":"product_cat-yellow-gold-jewellery","14":"first","15":"outofstock","16":"featured","17":"taxable","18":"shipping-taxable","19":"product-type-simple","20":"add-to-wishlist-before_image"},"yoast_head":"<!-- This site is optimized with the Yoast SEO plugin v27.3 - https:\/\/yoast.com\/product\/yoast-seo-wordpress\/ -->\n<title>Stud Earrings for Baby | Gold Earrings | PureJewels<\/title>\n<meta name=\"description\" content=\"Make your young one&#039;s day with these Stud Earrings crafted in 22 Carat Yellow Gold. Buy Gold Earrings from PureJewels Online.\" \/>\n<meta name=\"robots\" content=\"index, follow, max-snippet:-1, max-image-preview:large, max-video-preview:-1\" \/>\n<link rel=\"canonical\" href=\"https:\/\/www.purejewels.com\/tr\/urun\/22-ayar-altindan-hint-kupeleri\/\" \/>\n<meta property=\"og:locale\" content=\"tr_TR\" \/>\n<meta property=\"og:type\" content=\"article\" \/>\n<meta property=\"og:title\" content=\"Stud Earrings for Baby | Gold Earrings | PureJewels\" \/>\n<meta property=\"og:description\" content=\"Make your young one&#039;s day with these Stud Earrings crafted in 22 Carat Yellow Gold. Buy Gold Earrings from PureJewels Online.\" \/>\n<meta property=\"og:url\" content=\"https:\/\/www.purejewels.com\/tr\/urun\/22-ayar-altindan-hint-kupeleri\/\" \/>\n<meta property=\"og:site_name\" content=\"PureJewels UK\" \/>\n<meta property=\"article:modified_time\" content=\"2025-11-05T08:26:57+00:00\" \/>\n<meta property=\"og:image\" content=\"https:\/\/www.purejewels.com\/wp-content\/uploads\/2018\/12\/28620_1.png\" \/>\n\t<meta property=\"og:image:width\" content=\"1000\" \/>\n\t<meta property=\"og:image:height\" content=\"1000\" \/>\n\t<meta property=\"og:image:type\" content=\"image\/png\" \/>\n<meta name=\"twitter:card\" content=\"summary_large_image\" \/>\n<meta name=\"twitter:label1\" content=\"Tahmini okuma s\u00fcresi\" \/>\n\t<meta name=\"twitter:data1\" content=\"1 dakika\" \/>\n<script type=\"application\/ld+json\" class=\"yoast-schema-graph\">{\"@context\":\"https:\\\/\\\/schema.org\",\"@graph\":[{\"@type\":[\"WebPage\",\"ItemPage\"],\"@id\":\"https:\\\/\\\/www.purejewels.com\\\/product\\\/indian-earrings-in-22ct-gold\\\/\",\"url\":\"https:\\\/\\\/www.purejewels.com\\\/product\\\/indian-earrings-in-22ct-gold\\\/\",\"name\":\"Stud Earrings for Baby | Gold Earrings | PureJewels\",\"isPartOf\":{\"@id\":\"https:\\\/\\\/www.purejewels.com\\\/#website\"},\"primaryImageOfPage\":{\"@id\":\"https:\\\/\\\/www.purejewels.com\\\/product\\\/indian-earrings-in-22ct-gold\\\/#primaryimage\"},\"image\":{\"@id\":\"https:\\\/\\\/www.purejewels.com\\\/product\\\/indian-earrings-in-22ct-gold\\\/#primaryimage\"},\"thumbnailUrl\":\"https:\\\/\\\/static.purejewels.com\\\/wp-content\\\/uploads\\\/2018\\\/12\\\/28620_1.png\",\"datePublished\":\"2018-12-22T11:47:35+00:00\",\"dateModified\":\"2025-11-05T08:26:57+00:00\",\"description\":\"Make your young one's day with these Stud Earrings crafted in 22 Carat Yellow Gold. Buy Gold Earrings from PureJewels Online.\",\"breadcrumb\":{\"@id\":\"https:\\\/\\\/www.purejewels.com\\\/product\\\/indian-earrings-in-22ct-gold\\\/#breadcrumb\"},\"inLanguage\":\"tr\",\"potentialAction\":[{\"@type\":\"ReadAction\",\"target\":[\"https:\\\/\\\/www.purejewels.com\\\/product\\\/indian-earrings-in-22ct-gold\\\/\"]}]},{\"@type\":\"ImageObject\",\"inLanguage\":\"tr\",\"@id\":\"https:\\\/\\\/www.purejewels.com\\\/product\\\/indian-earrings-in-22ct-gold\\\/#primaryimage\",\"url\":\"https:\\\/\\\/static.purejewels.com\\\/wp-content\\\/uploads\\\/2018\\\/12\\\/28620_1.png\",\"contentUrl\":\"https:\\\/\\\/static.purejewels.com\\\/wp-content\\\/uploads\\\/2018\\\/12\\\/28620_1.png\",\"width\":1000,\"height\":1000,\"caption\":\"28620_1\"},{\"@type\":\"BreadcrumbList\",\"@id\":\"https:\\\/\\\/www.purejewels.com\\\/product\\\/indian-earrings-in-22ct-gold\\\/#breadcrumb\",\"itemListElement\":[{\"@type\":\"ListItem\",\"position\":1,\"name\":\"Home\",\"item\":\"https:\\\/\\\/www.purejewels.com\\\/\"},{\"@type\":\"ListItem\",\"position\":2,\"name\":\"Shop\",\"item\":\"https:\\\/\\\/www.purejewels.com\\\/shop\\\/\"},{\"@type\":\"ListItem\",\"position\":3,\"name\":\"22ct Baby Gold Stud Earring\"}]},{\"@type\":\"WebSite\",\"@id\":\"https:\\\/\\\/www.purejewels.com\\\/#website\",\"url\":\"https:\\\/\\\/www.purejewels.com\\\/\",\"name\":\"PureJewels UK\",\"description\":\"Share the Love\",\"publisher\":{\"@id\":\"https:\\\/\\\/www.purejewels.com\\\/#organization\"},\"potentialAction\":[{\"@type\":\"SearchAction\",\"target\":{\"@type\":\"EntryPoint\",\"urlTemplate\":\"https:\\\/\\\/www.purejewels.com\\\/?s={search_term_string}\"},\"query-input\":{\"@type\":\"PropertyValueSpecification\",\"valueRequired\":true,\"valueName\":\"search_term_string\"}}],\"inLanguage\":\"tr\"},{\"@type\":\"Organization\",\"@id\":\"https:\\\/\\\/www.purejewels.com\\\/#organization\",\"name\":\"PureJewels UK\",\"url\":\"https:\\\/\\\/www.purejewels.com\\\/\",\"logo\":{\"@type\":\"ImageObject\",\"inLanguage\":\"tr\",\"@id\":\"https:\\\/\\\/www.purejewels.com\\\/#\\\/schema\\\/logo\\\/image\\\/\",\"url\":\"https:\\\/\\\/static.purejewels.com\\\/wp-content\\\/uploads\\\/2020\\\/11\\\/Logo-PJ-New-1.png\",\"contentUrl\":\"https:\\\/\\\/static.purejewels.com\\\/wp-content\\\/uploads\\\/2020\\\/11\\\/Logo-PJ-New-1.png\",\"width\":150,\"height\":80,\"caption\":\"PureJewels UK\"},\"image\":{\"@id\":\"https:\\\/\\\/www.purejewels.com\\\/#\\\/schema\\\/logo\\\/image\\\/\"}}]}<\/script>\n<!-- \/ Yoast SEO plugin. -->","yoast_head_json":{"title":"Bebek i\u00e7in \u00c7\u0131t\u00e7\u0131t K\u00fcpe | Alt\u0131n K\u00fcpe | PureJewels","description":"K\u00fc\u00e7\u00fck \u00e7ocu\u011funuzun g\u00fcn\u00fcn\u00fc 22 Ayar Sar\u0131 Alt\u0131ndan haz\u0131rlanm\u0131\u015f bu Saplama K\u00fcpelerle g\u00fczelle\u015ftirin. PureJewels'ten Alt\u0131n K\u00fcpeleri Online Sat\u0131n Al\u0131n.","robots":{"index":"index","follow":"follow","max-snippet":"max-snippet:-1","max-image-preview":"max-image-preview:large","max-video-preview":"max-video-preview:-1"},"canonical":"https:\/\/www.purejewels.com\/tr\/urun\/22-ayar-altindan-hint-kupeleri\/","og_locale":"tr_TR","og_type":"article","og_title":"Stud Earrings for Baby | Gold Earrings | PureJewels","og_description":"Make your young one's day with these Stud Earrings crafted in 22 Carat Yellow Gold. Buy Gold Earrings from PureJewels Online.","og_url":"https:\/\/www.purejewels.com\/tr\/urun\/22-ayar-altindan-hint-kupeleri\/","og_site_name":"PureJewels UK","article_modified_time":"2025-11-05T08:26:57+00:00","og_image":[{"width":1000,"height":1000,"url":"https:\/\/www.purejewels.com\/wp-content\/uploads\/2018\/12\/28620_1.png","type":"image\/png"}],"twitter_card":"summary_large_image","twitter_misc":{"Tahmini okuma s\u00fcresi":"1 dakika"},"schema":{"@context":"https:\/\/schema.org","@graph":[{"@type":["WebPage","ItemPage"],"@id":"https:\/\/www.purejewels.com\/product\/indian-earrings-in-22ct-gold\/","url":"https:\/\/www.purejewels.com\/product\/indian-earrings-in-22ct-gold\/","name":"Bebek i\u00e7in \u00c7\u0131t\u00e7\u0131t K\u00fcpe | Alt\u0131n K\u00fcpe | PureJewels","isPartOf":{"@id":"https:\/\/www.purejewels.com\/#website"},"primaryImageOfPage":{"@id":"https:\/\/www.purejewels.com\/product\/indian-earrings-in-22ct-gold\/#primaryimage"},"image":{"@id":"https:\/\/www.purejewels.com\/product\/indian-earrings-in-22ct-gold\/#primaryimage"},"thumbnailUrl":"https:\/\/static.purejewels.com\/wp-content\/uploads\/2018\/12\/28620_1.png","datePublished":"2018-12-22T11:47:35+00:00","dateModified":"2025-11-05T08:26:57+00:00","description":"K\u00fc\u00e7\u00fck \u00e7ocu\u011funuzun g\u00fcn\u00fcn\u00fc 22 Ayar Sar\u0131 Alt\u0131ndan haz\u0131rlanm\u0131\u015f bu Saplama K\u00fcpelerle g\u00fczelle\u015ftirin. PureJewels'ten Alt\u0131n K\u00fcpeleri Online Sat\u0131n Al\u0131n.","breadcrumb":{"@id":"https:\/\/www.purejewels.com\/product\/indian-earrings-in-22ct-gold\/#breadcrumb"},"inLanguage":"tr","potentialAction":[{"@type":"ReadAction","target":["https:\/\/www.purejewels.com\/product\/indian-earrings-in-22ct-gold\/"]}]},{"@type":"ImageObject","inLanguage":"tr","@id":"https:\/\/www.purejewels.com\/product\/indian-earrings-in-22ct-gold\/#primaryimage","url":"https:\/\/static.purejewels.com\/wp-content\/uploads\/2018\/12\/28620_1.png","contentUrl":"https:\/\/static.purejewels.com\/wp-content\/uploads\/2018\/12\/28620_1.png","width":1000,"height":1000,"caption":"28620_1"},{"@type":"BreadcrumbList","@id":"https:\/\/www.purejewels.com\/product\/indian-earrings-in-22ct-gold\/#breadcrumb","itemListElement":[{"@type":"ListItem","position":1,"name":"Home","item":"https:\/\/www.purejewels.com\/"},{"@type":"ListItem","position":2,"name":"Shop","item":"https:\/\/www.purejewels.com\/shop\/"},{"@type":"ListItem","position":3,"name":"22ct Baby Gold Stud Earring"}]},{"@type":"WebSite","@id":"https:\/\/www.purejewels.com\/#website","url":"https:\/\/www.purejewels.com\/","name":"PureJewels \u0130ngiltere","description":"Sevgiyi Payla\u015f\u0131n","publisher":{"@id":"https:\/\/www.purejewels.com\/#organization"},"potentialAction":[{"@type":"SearchAction","target":{"@type":"EntryPoint","urlTemplate":"https:\/\/www.purejewels.com\/?s={search_term_string}"},"query-input":{"@type":"PropertyValueSpecification","valueRequired":true,"valueName":"search_term_string"}}],"inLanguage":"tr"},{"@type":"Organization","@id":"https:\/\/www.purejewels.com\/#organization","name":"PureJewels \u0130ngiltere","url":"https:\/\/www.purejewels.com\/","logo":{"@type":"ImageObject","inLanguage":"tr","@id":"https:\/\/www.purejewels.com\/#\/schema\/logo\/image\/","url":"https:\/\/static.purejewels.com\/wp-content\/uploads\/2020\/11\/Logo-PJ-New-1.png","contentUrl":"https:\/\/static.purejewels.com\/wp-content\/uploads\/2020\/11\/Logo-PJ-New-1.png","width":150,"height":80,"caption":"PureJewels UK"},"image":{"@id":"https:\/\/www.purejewels.com\/#\/schema\/logo\/image\/"}}]}},"_links":{"self":[{"href":"https:\/\/www.purejewels.com\/tr\/wp-json\/wp\/v2\/product\/308003","targetHints":{"allow":["GET"]}}],"collection":[{"href":"https:\/\/www.purejewels.com\/tr\/wp-json\/wp\/v2\/product"}],"about":[{"href":"https:\/\/www.purejewels.com\/tr\/wp-json\/wp\/v2\/types\/product"}],"replies":[{"embeddable":true,"href":"https:\/\/www.purejewels.com\/tr\/wp-json\/wp\/v2\/comments?post=308003"}],"version-history":[{"count":3,"href":"https:\/\/www.purejewels.com\/tr\/wp-json\/wp\/v2\/product\/308003\/revisions"}],"predecessor-version":[{"id":420191,"href":"https:\/\/www.purejewels.com\/tr\/wp-json\/wp\/v2\/product\/308003\/revisions\/420191"}],"wp:featuredmedia":[{"embeddable":true,"href":"https:\/\/www.purejewels.com\/tr\/wp-json\/wp\/v2\/media\/308004"}],"wp:attachment":[{"href":"https:\/\/www.purejewels.com\/tr\/wp-json\/wp\/v2\/media?parent=308003"}],"wp:term":[{"taxonomy":"product_brand","embeddable":true,"href":"https:\/\/www.purejewels.com\/tr\/wp-json\/wp\/v2\/product_brand?post=308003"},{"taxonomy":"product_cat","embeddable":true,"href":"https:\/\/www.purejewels.com\/tr\/wp-json\/wp\/v2\/product_cat?post=308003"},{"taxonomy":"product_tag","embeddable":true,"href":"https:\/\/www.purejewels.com\/tr\/wp-json\/wp\/v2\/product_tag?post=308003"}],"curies":[{"name":"wp","href":"https:\/\/api.w.org\/{rel}","templated":true}]}}