{"id":308568,"date":"2019-01-07T08:18:31","date_gmt":"2019-01-07T08:18:31","guid":{"rendered":"https:\/\/www.purejewels.com\/?post_type=product&#038;p=308568"},"modified":"2026-01-06T09:51:05","modified_gmt":"2026-01-06T09:51:05","slug":"yeni-dogan-icin-bebek-bilekligi","status":"publish","type":"product","link":"https:\/\/www.purejewels.com\/tr\/product\/baby-bracelet-for-new-born\/","title":{"rendered":"Yeni Do\u011fan Bebek Bilekli\u011fi"},"content":{"rendered":"<h3>\u0130lham kayna\u011f\u0131<\/h3>\n<p>Bir \u00e7ocu\u011fun do\u011fumu hay\u0131rl\u0131 bir olay olarak kabul edilir ve bu olay\u0131 anmak i\u00e7in bebe\u011fe \u00f6m\u00fcr boyu sevilebilecek baz\u0131 sevimli alt\u0131n aksesuarlar sa\u011flamaktan daha iyi bir \u015fey olmad\u0131\u011f\u0131na inan\u0131yoruz.<\/p>\n<h3>Stil<\/h3>\n<p>Purejewels'in \u0131smarlama <a href=\"https:\/\/www.purejewels.com\/tr\/product-category\/22ct-gold-jewellery\/gold-bracelet\/\">Bilezik<\/a> yeni bir bebek i\u00e7in zengin ama nazik ve uygun bir m\u00fccevher haline getirerek elle \u00f6zenle haz\u0131rlanm\u0131\u015ft\u0131r. Bu 22 ayar bilezik, sevimli mini\u011finiz i\u00e7in do\u011fru miktarda \u0131\u015f\u0131lt\u0131ya sahiptir.<\/p>\n<h3>Tasar\u0131m<\/h3>\n<p>Elle i\u015flenmi\u015f siyah boncuklar ve oyulmu\u015f alt\u0131n k\u00fc\u00e7\u00fck k\u00fcreler azami \u00f6zen ve dikkatle bir araya getirilerek zahmetsizce dikilmi\u015ftir. Ayr\u0131ca bilezi\u011fi S \u015feklinde bir kilitle tamamlad\u0131k, b\u00f6ylece bebe\u011fin bile\u011finden ge\u00e7irme zahmetine katlanmak zorunda kalmazs\u0131n\u0131z.<\/p>","protected":false},"excerpt":{"rendered":"<ul>\n<li>Yeni do\u011fan bebek i\u00e7in tak\u0131 bileklik.<\/li>\n<li>\u00c7ocuklar, \u00c7ocuklar, \u00c7ocuk, Bebek, Yeni Do\u011fan i\u00e7in uygundur.<\/li>\n<li>22 ayar damgal\u0131 \u00e7ocuk alt\u0131n tak\u0131lar\u0131.<\/li>\n<li>Yakla\u015f\u0131k Uzunluk: 6 \u0130n\u00e7 veya 14cm.<\/li>\n<li>A\u011f\u0131rl\u0131k: 3.2gm<\/li>\n<li>T\u00fcm fiyatlara KDV dahildir<\/li>\n<li>Londra Tahlil Ofisi Taraf\u0131ndan Damgalanm\u0131\u015f 22 Ayar Alt\u0131n<\/li>\n<li>Sunum Kutusu ile Birlikte Gelir<\/li>\n<li>Teslimat Dahil<\/li>\n<li>Stok durumu ve stokta bulunan benzer tasar\u0131mlar\u0131n daha fazla g\u00f6r\u00fcnt\u00fcs\u00fc i\u00e7in bizimle canl\u0131 sohbet edin<\/li>\n<\/ul>","protected":false},"featured_media":308569,"comment_status":"closed","ping_status":"closed","template":"","meta":{"_eb_attr":"","_crsspst_to_jayantr4sg-hostcom":true},"product_brand":[],"product_cat":[1576,1436],"product_tag":[],"class_list":{"0":"post-308568","1":"product","2":"type-product","3":"status-publish","4":"has-post-thumbnail","6":"product_cat-childrens-jewellery","7":"product_cat-kids-bracelet-kada","9":"first","10":"outofstock","11":"taxable","12":"shipping-taxable","13":"product-type-simple","14":"add-to-wishlist-before_image"},"yoast_head":"<!-- This site is optimized with the Yoast SEO plugin v27.3 - https:\/\/yoast.com\/product\/yoast-seo-wordpress\/ -->\n<title>Baby Bracelet for New Born | PureJewels UK<\/title>\n<meta name=\"robots\" content=\"index, follow, max-snippet:-1, max-image-preview:large, max-video-preview:-1\" \/>\n<link rel=\"canonical\" href=\"https:\/\/www.purejewels.com\/tr\/urun\/yeni-dogan-icin-bebek-bilekligi\/\" \/>\n<meta property=\"og:locale\" content=\"tr_TR\" \/>\n<meta property=\"og:type\" content=\"article\" \/>\n<meta property=\"og:title\" content=\"Baby Bracelet for New Born | PureJewels UK\" \/>\n<meta property=\"og:description\" content=\"Jewellery bracelet for new born baby.  Suitable for kids, Children, Child, Infant, New Born.  22ct Hallmarked Kids gold jewellery.  Approximate Length : 6 Inches or 14cm.  Wt : 3.2gm  All prices include VAT  22ct Gold\u00a0Hallmarked by London Assay Office  Comes With Presentation Box  Delivery Included  Live chat with us for availability and more images of similar designs currently in stock\" \/>\n<meta property=\"og:url\" content=\"https:\/\/www.purejewels.com\/tr\/urun\/yeni-dogan-icin-bebek-bilekligi\/\" \/>\n<meta property=\"og:site_name\" content=\"PureJewels UK\" \/>\n<meta property=\"article:modified_time\" content=\"2026-01-06T09:51:05+00:00\" \/>\n<meta property=\"og:image\" content=\"https:\/\/www.purejewels.com\/wp-content\/uploads\/2019\/01\/27173_1.png\" \/>\n\t<meta property=\"og:image:width\" content=\"1000\" \/>\n\t<meta property=\"og:image:height\" content=\"1000\" \/>\n\t<meta property=\"og:image:type\" content=\"image\/png\" \/>\n<meta name=\"twitter:card\" content=\"summary_large_image\" \/>\n<meta name=\"twitter:label1\" content=\"Tahmini okuma s\u00fcresi\" \/>\n\t<meta name=\"twitter:data1\" content=\"1 dakika\" \/>\n<script type=\"application\/ld+json\" class=\"yoast-schema-graph\">{\"@context\":\"https:\\\/\\\/schema.org\",\"@graph\":[{\"@type\":[\"WebPage\",\"ItemPage\"],\"@id\":\"https:\\\/\\\/www.purejewels.com\\\/product\\\/baby-bracelet-for-new-born\\\/\",\"url\":\"https:\\\/\\\/www.purejewels.com\\\/product\\\/baby-bracelet-for-new-born\\\/\",\"name\":\"Baby Bracelet for New Born | PureJewels UK\",\"isPartOf\":{\"@id\":\"https:\\\/\\\/www.purejewels.com\\\/#website\"},\"primaryImageOfPage\":{\"@id\":\"https:\\\/\\\/www.purejewels.com\\\/product\\\/baby-bracelet-for-new-born\\\/#primaryimage\"},\"image\":{\"@id\":\"https:\\\/\\\/www.purejewels.com\\\/product\\\/baby-bracelet-for-new-born\\\/#primaryimage\"},\"thumbnailUrl\":\"https:\\\/\\\/static.purejewels.com\\\/wp-content\\\/uploads\\\/2019\\\/01\\\/27173_1.png\",\"datePublished\":\"2019-01-07T08:18:31+00:00\",\"dateModified\":\"2026-01-06T09:51:05+00:00\",\"breadcrumb\":{\"@id\":\"https:\\\/\\\/www.purejewels.com\\\/product\\\/baby-bracelet-for-new-born\\\/#breadcrumb\"},\"inLanguage\":\"tr\",\"potentialAction\":[{\"@type\":\"ReadAction\",\"target\":[\"https:\\\/\\\/www.purejewels.com\\\/product\\\/baby-bracelet-for-new-born\\\/\"]}]},{\"@type\":\"ImageObject\",\"inLanguage\":\"tr\",\"@id\":\"https:\\\/\\\/www.purejewels.com\\\/product\\\/baby-bracelet-for-new-born\\\/#primaryimage\",\"url\":\"https:\\\/\\\/static.purejewels.com\\\/wp-content\\\/uploads\\\/2019\\\/01\\\/27173_1.png\",\"contentUrl\":\"https:\\\/\\\/static.purejewels.com\\\/wp-content\\\/uploads\\\/2019\\\/01\\\/27173_1.png\",\"width\":1000,\"height\":1000,\"caption\":\"27173_1\"},{\"@type\":\"BreadcrumbList\",\"@id\":\"https:\\\/\\\/www.purejewels.com\\\/product\\\/baby-bracelet-for-new-born\\\/#breadcrumb\",\"itemListElement\":[{\"@type\":\"ListItem\",\"position\":1,\"name\":\"Home\",\"item\":\"https:\\\/\\\/www.purejewels.com\\\/\"},{\"@type\":\"ListItem\",\"position\":2,\"name\":\"Shop\",\"item\":\"https:\\\/\\\/www.purejewels.com\\\/shop\\\/\"},{\"@type\":\"ListItem\",\"position\":3,\"name\":\"Baby Bracelet for New Born\"}]},{\"@type\":\"WebSite\",\"@id\":\"https:\\\/\\\/www.purejewels.com\\\/#website\",\"url\":\"https:\\\/\\\/www.purejewels.com\\\/\",\"name\":\"PureJewels UK\",\"description\":\"Share the Love\",\"publisher\":{\"@id\":\"https:\\\/\\\/www.purejewels.com\\\/#organization\"},\"potentialAction\":[{\"@type\":\"SearchAction\",\"target\":{\"@type\":\"EntryPoint\",\"urlTemplate\":\"https:\\\/\\\/www.purejewels.com\\\/?s={search_term_string}\"},\"query-input\":{\"@type\":\"PropertyValueSpecification\",\"valueRequired\":true,\"valueName\":\"search_term_string\"}}],\"inLanguage\":\"tr\"},{\"@type\":\"Organization\",\"@id\":\"https:\\\/\\\/www.purejewels.com\\\/#organization\",\"name\":\"PureJewels UK\",\"url\":\"https:\\\/\\\/www.purejewels.com\\\/\",\"logo\":{\"@type\":\"ImageObject\",\"inLanguage\":\"tr\",\"@id\":\"https:\\\/\\\/www.purejewels.com\\\/#\\\/schema\\\/logo\\\/image\\\/\",\"url\":\"https:\\\/\\\/static.purejewels.com\\\/wp-content\\\/uploads\\\/2020\\\/11\\\/Logo-PJ-New-1.png\",\"contentUrl\":\"https:\\\/\\\/static.purejewels.com\\\/wp-content\\\/uploads\\\/2020\\\/11\\\/Logo-PJ-New-1.png\",\"width\":150,\"height\":80,\"caption\":\"PureJewels UK\"},\"image\":{\"@id\":\"https:\\\/\\\/www.purejewels.com\\\/#\\\/schema\\\/logo\\\/image\\\/\"}}]}<\/script>\n<!-- \/ Yoast SEO plugin. -->","yoast_head_json":{"title":"Yeni Do\u011fan Bebek Bilekli\u011fi | PureJewels UK","robots":{"index":"index","follow":"follow","max-snippet":"max-snippet:-1","max-image-preview":"max-image-preview:large","max-video-preview":"max-video-preview:-1"},"canonical":"https:\/\/www.purejewels.com\/tr\/urun\/yeni-dogan-icin-bebek-bilekligi\/","og_locale":"tr_TR","og_type":"article","og_title":"Baby Bracelet for New Born | PureJewels UK","og_description":"Jewellery bracelet for new born baby.  Suitable for kids, Children, Child, Infant, New Born.  22ct Hallmarked Kids gold jewellery.  Approximate Length : 6 Inches or 14cm.  Wt : 3.2gm  All prices include VAT  22ct Gold\u00a0Hallmarked by London Assay Office  Comes With Presentation Box  Delivery Included  Live chat with us for availability and more images of similar designs currently in stock","og_url":"https:\/\/www.purejewels.com\/tr\/urun\/yeni-dogan-icin-bebek-bilekligi\/","og_site_name":"PureJewels UK","article_modified_time":"2026-01-06T09:51:05+00:00","og_image":[{"width":1000,"height":1000,"url":"https:\/\/www.purejewels.com\/wp-content\/uploads\/2019\/01\/27173_1.png","type":"image\/png"}],"twitter_card":"summary_large_image","twitter_misc":{"Tahmini okuma s\u00fcresi":"1 dakika"},"schema":{"@context":"https:\/\/schema.org","@graph":[{"@type":["WebPage","ItemPage"],"@id":"https:\/\/www.purejewels.com\/product\/baby-bracelet-for-new-born\/","url":"https:\/\/www.purejewels.com\/product\/baby-bracelet-for-new-born\/","name":"Yeni Do\u011fan Bebek Bilekli\u011fi | PureJewels UK","isPartOf":{"@id":"https:\/\/www.purejewels.com\/#website"},"primaryImageOfPage":{"@id":"https:\/\/www.purejewels.com\/product\/baby-bracelet-for-new-born\/#primaryimage"},"image":{"@id":"https:\/\/www.purejewels.com\/product\/baby-bracelet-for-new-born\/#primaryimage"},"thumbnailUrl":"https:\/\/static.purejewels.com\/wp-content\/uploads\/2019\/01\/27173_1.png","datePublished":"2019-01-07T08:18:31+00:00","dateModified":"2026-01-06T09:51:05+00:00","breadcrumb":{"@id":"https:\/\/www.purejewels.com\/product\/baby-bracelet-for-new-born\/#breadcrumb"},"inLanguage":"tr","potentialAction":[{"@type":"ReadAction","target":["https:\/\/www.purejewels.com\/product\/baby-bracelet-for-new-born\/"]}]},{"@type":"ImageObject","inLanguage":"tr","@id":"https:\/\/www.purejewels.com\/product\/baby-bracelet-for-new-born\/#primaryimage","url":"https:\/\/static.purejewels.com\/wp-content\/uploads\/2019\/01\/27173_1.png","contentUrl":"https:\/\/static.purejewels.com\/wp-content\/uploads\/2019\/01\/27173_1.png","width":1000,"height":1000,"caption":"27173_1"},{"@type":"BreadcrumbList","@id":"https:\/\/www.purejewels.com\/product\/baby-bracelet-for-new-born\/#breadcrumb","itemListElement":[{"@type":"ListItem","position":1,"name":"Home","item":"https:\/\/www.purejewels.com\/"},{"@type":"ListItem","position":2,"name":"Shop","item":"https:\/\/www.purejewels.com\/shop\/"},{"@type":"ListItem","position":3,"name":"Baby Bracelet for New Born"}]},{"@type":"WebSite","@id":"https:\/\/www.purejewels.com\/#website","url":"https:\/\/www.purejewels.com\/","name":"PureJewels \u0130ngiltere","description":"Sevgiyi Payla\u015f\u0131n","publisher":{"@id":"https:\/\/www.purejewels.com\/#organization"},"potentialAction":[{"@type":"SearchAction","target":{"@type":"EntryPoint","urlTemplate":"https:\/\/www.purejewels.com\/?s={search_term_string}"},"query-input":{"@type":"PropertyValueSpecification","valueRequired":true,"valueName":"search_term_string"}}],"inLanguage":"tr"},{"@type":"Organization","@id":"https:\/\/www.purejewels.com\/#organization","name":"PureJewels \u0130ngiltere","url":"https:\/\/www.purejewels.com\/","logo":{"@type":"ImageObject","inLanguage":"tr","@id":"https:\/\/www.purejewels.com\/#\/schema\/logo\/image\/","url":"https:\/\/static.purejewels.com\/wp-content\/uploads\/2020\/11\/Logo-PJ-New-1.png","contentUrl":"https:\/\/static.purejewels.com\/wp-content\/uploads\/2020\/11\/Logo-PJ-New-1.png","width":150,"height":80,"caption":"PureJewels UK"},"image":{"@id":"https:\/\/www.purejewels.com\/#\/schema\/logo\/image\/"}}]}},"_links":{"self":[{"href":"https:\/\/www.purejewels.com\/tr\/wp-json\/wp\/v2\/product\/308568","targetHints":{"allow":["GET"]}}],"collection":[{"href":"https:\/\/www.purejewels.com\/tr\/wp-json\/wp\/v2\/product"}],"about":[{"href":"https:\/\/www.purejewels.com\/tr\/wp-json\/wp\/v2\/types\/product"}],"replies":[{"embeddable":true,"href":"https:\/\/www.purejewels.com\/tr\/wp-json\/wp\/v2\/comments?post=308568"}],"version-history":[{"count":3,"href":"https:\/\/www.purejewels.com\/tr\/wp-json\/wp\/v2\/product\/308568\/revisions"}],"predecessor-version":[{"id":420843,"href":"https:\/\/www.purejewels.com\/tr\/wp-json\/wp\/v2\/product\/308568\/revisions\/420843"}],"wp:featuredmedia":[{"embeddable":true,"href":"https:\/\/www.purejewels.com\/tr\/wp-json\/wp\/v2\/media\/308569"}],"wp:attachment":[{"href":"https:\/\/www.purejewels.com\/tr\/wp-json\/wp\/v2\/media?parent=308568"}],"wp:term":[{"taxonomy":"product_brand","embeddable":true,"href":"https:\/\/www.purejewels.com\/tr\/wp-json\/wp\/v2\/product_brand?post=308568"},{"taxonomy":"product_cat","embeddable":true,"href":"https:\/\/www.purejewels.com\/tr\/wp-json\/wp\/v2\/product_cat?post=308568"},{"taxonomy":"product_tag","embeddable":true,"href":"https:\/\/www.purejewels.com\/tr\/wp-json\/wp\/v2\/product_tag?post=308568"}],"curies":[{"name":"wp","href":"https:\/\/api.w.org\/{rel}","templated":true}]}}