{"id":308610,"date":"2019-01-09T07:31:06","date_gmt":"2019-01-09T07:31:06","guid":{"rendered":"https:\/\/www.purejewels.com\/?post_type=product&#038;p=308610"},"modified":"2026-03-16T10:05:13","modified_gmt":"2026-03-16T10:05:13","slug":"elmas-citcitlar","status":"publish","type":"product","link":"https:\/\/www.purejewels.com\/tr\/product\/diamond-studs\/","title":{"rendered":"18 Ayar Beyaz Alt\u0131n P\u0131rlanta \u00c7i\u00e7ekli Saplama K\u00fcpe"},"content":{"rendered":"<ul>\n<li><a href=\"https:\/\/www.purejewels.com\/tr\/product\/18-carat-white-gold-chain-20-inches\/\">18 ayar Beyaz Alt\u0131n<\/a> elmas \u00e7ivili <a href=\"https:\/\/www.purejewels.com\/tr\/product-category\/22ct-gold-jewellery\/gold-earrings\/\">K\u00fcpeler<\/a><\/li>\n<li>P\u0131rlanta. 0,31 ct<\/li>\n<li>Renk  F-G<\/li>\n<li>Berrakl\u0131k. VS<\/li>\n<li>SKU. 396<\/li>\n<li>Sertifikal\u0131 : Sertifika no. SGLJL56924E<\/li>\n<li>T\u00fcm fiyatlara KDV dahildir<\/li>\n<li>London Assay Office taraf\u0131ndan damgalanm\u0131\u015f alt\u0131n<\/li>\n<li>Sunum Kutusu ile Birlikte Gelir<\/li>\n<li>Teslimat Dahil<\/li>\n<li>Stok durumu ve stokta bulunan benzer tasar\u0131mlar\u0131n daha fazla g\u00f6r\u00fcnt\u00fcs\u00fc i\u00e7in bizimle canl\u0131 sohbet edin<\/li>\n<\/ul>","protected":false},"excerpt":{"rendered":"<p>Tasar\u0131m<\/p>\n<p>Bu p\u0131rlanta k\u00fcpeler, parlak kesim p\u0131rlantalar\u0131n yontulmu\u015f ta\u00e7 yapra\u011f\u0131 benzeri alt\u0131n formlar\u0131n merkezinde yer ald\u0131\u011f\u0131, \u00e7i\u00e7eklerden ilham alan zarif bir siluet sunuyor. P\u0131rlantay\u0131 \u00e7evreleyen hafif k\u0131vr\u0131mlar yumu\u015fak bir \u00e7i\u00e7eklenme etkisi yaratarak ta\u015f\u0131n odak noktas\u0131 olarak kalmas\u0131n\u0131 sa\u011flarken tasar\u0131ma boyut ve karakter kat\u0131yor. Sonu\u00e7, klasik p\u0131rlanta parlakl\u0131\u011f\u0131n\u0131 ince heykelsi detaylarla dengeleyen zamans\u0131z bir k\u00fcpedir.<\/p>\n<p>Zanaatkarl\u0131k<\/p>\n<p>18 ayar beyaz alt\u0131ndan \u00fcretilen her bir k\u00fcpede, \u0131\u015f\u0131k yans\u0131mas\u0131n\u0131 ve parlakl\u0131\u011f\u0131 art\u0131ran yap\u0131land\u0131r\u0131lm\u0131\u015f \u00e7i\u00e7ek tarz\u0131 bir ayar i\u00e7inde sabitlenmi\u015f, \u00f6zenle yerle\u015ftirilmi\u015f parlak kesim bir p\u0131rlanta bulunur. Cilal\u0131 metal i\u015f\u00e7ili\u011fi p\u0131rlantay\u0131 \u00e7er\u00e7evelerken temiz ve zarif bir profil sunar. K\u00fcpeler rahatl\u0131k ve g\u00fcvenlik i\u00e7in g\u00fcvenli vidal\u0131 arka ba\u011flant\u0131 par\u00e7alar\u0131yla tamamlanm\u0131\u015ft\u0131r ve her par\u00e7a alt\u0131n\u0131n safl\u0131\u011f\u0131n\u0131 belgeleyen \u0130ngiltere damgal\u0131d\u0131r.<\/p>\n<p>\u015eekillendirme &amp; Hediyele\u015fme<\/p>\n<p>G\u00fcnl\u00fck sofistike kullan\u0131m i\u00e7in tasarlanan bu p\u0131rlanta k\u00fcpeler hem g\u00fcndelik hem de resmi k\u0131yafetlerle zahmetsizce e\u015fle\u015fir. \u00c7ok y\u00f6nl\u00fc boyutlar\u0131 ve zamans\u0131z tasar\u0131mlar\u0131 onlar\u0131 g\u00fcnl\u00fck kullan\u0131m i\u00e7in ideal hale getirirken, ak\u015fam etkinlikleri i\u00e7in de yeterli parlakl\u0131k sunar. Bir hediye olarak kal\u0131c\u0131 zarafeti temsil eden bu \u00fcr\u00fcnler do\u011fum g\u00fcnleri, y\u0131l d\u00f6n\u00fcmleri, mezuniyetler ve d\u00f6n\u00fcm noktas\u0131 kutlamalar\u0131 i\u00e7in \u00f6zenli bir se\u00e7imdir.<\/p>","protected":false},"featured_media":308611,"comment_status":"closed","ping_status":"closed","template":"","meta":{"_eb_attr":"","_crsspst_to_jayantr4sg-hostcom":false},"product_brand":[],"product_cat":[1229,1577],"product_tag":[],"class_list":{"0":"post-308610","1":"product","2":"type-product","3":"status-publish","4":"has-post-thumbnail","6":"product_cat-22ct-gold-jewellery","7":"product_cat-stud-earrings","9":"first","10":"outofstock","11":"taxable","12":"shipping-taxable","13":"product-type-simple","14":"add-to-wishlist-before_image"},"yoast_head":"<!-- This site is optimized with the Yoast SEO plugin v27.5 - https:\/\/yoast.com\/product\/yoast-seo-wordpress\/ -->\n<title>Brilliant Diamond Stud Earrings in 18ct White Gold | PureJewels<\/title>\n<meta name=\"description\" content=\"Shop the 18ct White Gold Diamond Floral Stud Earrings from PureJewels. Featuring brilliant cut diamonds in a delicate floral setting with secure screw backs.\" \/>\n<meta name=\"robots\" content=\"index, follow, max-snippet:-1, max-image-preview:large, max-video-preview:-1\" \/>\n<link rel=\"canonical\" href=\"https:\/\/www.purejewels.com\/tr\/urun\/elmas-citcitlar\/\" \/>\n<meta property=\"og:locale\" content=\"tr_TR\" \/>\n<meta property=\"og:type\" content=\"article\" \/>\n<meta property=\"og:title\" content=\"Brilliant Diamond Stud Earrings in 18ct White Gold | PureJewels\" \/>\n<meta property=\"og:description\" content=\"Shop the 18ct White Gold Diamond Floral Stud Earrings from PureJewels. Featuring brilliant cut diamonds in a delicate floral setting with secure screw backs.\" \/>\n<meta property=\"og:url\" content=\"https:\/\/www.purejewels.com\/tr\/urun\/elmas-citcitlar\/\" \/>\n<meta property=\"og:site_name\" content=\"PureJewels UK\" \/>\n<meta property=\"article:modified_time\" content=\"2026-03-16T10:05:13+00:00\" \/>\n<meta property=\"og:image\" content=\"https:\/\/static.purejewels.com\/wp-content\/uploads\/2019\/01\/396_1.png\" \/>\n\t<meta property=\"og:image:width\" content=\"1000\" \/>\n\t<meta property=\"og:image:height\" content=\"1000\" \/>\n\t<meta property=\"og:image:type\" content=\"image\/png\" \/>\n<meta name=\"twitter:card\" content=\"summary_large_image\" \/>\n<meta name=\"twitter:label1\" content=\"Tahmini okuma s\u00fcresi\" \/>\n\t<meta name=\"twitter:data1\" content=\"1 dakika\" \/>\n<script type=\"application\/ld+json\" class=\"yoast-schema-graph\">{\"@context\":\"https:\\\/\\\/schema.org\",\"@graph\":[{\"@type\":[\"WebPage\",\"ItemPage\"],\"@id\":\"https:\\\/\\\/www.purejewels.com\\\/product\\\/diamond-studs\\\/\",\"url\":\"https:\\\/\\\/www.purejewels.com\\\/product\\\/diamond-studs\\\/\",\"name\":\"Brilliant Diamond Stud Earrings in 18ct White Gold | PureJewels\",\"isPartOf\":{\"@id\":\"https:\\\/\\\/www.purejewels.com\\\/#website\"},\"primaryImageOfPage\":{\"@id\":\"https:\\\/\\\/www.purejewels.com\\\/product\\\/diamond-studs\\\/#primaryimage\"},\"image\":{\"@id\":\"https:\\\/\\\/www.purejewels.com\\\/product\\\/diamond-studs\\\/#primaryimage\"},\"thumbnailUrl\":\"https:\\\/\\\/static.purejewels.com\\\/wp-content\\\/uploads\\\/2019\\\/01\\\/396_1.png\",\"datePublished\":\"2019-01-09T07:31:06+00:00\",\"dateModified\":\"2026-03-16T10:05:13+00:00\",\"description\":\"Shop the 18ct White Gold Diamond Floral Stud Earrings from PureJewels. Featuring brilliant cut diamonds in a delicate floral setting with secure screw backs.\",\"breadcrumb\":{\"@id\":\"https:\\\/\\\/www.purejewels.com\\\/product\\\/diamond-studs\\\/#breadcrumb\"},\"inLanguage\":\"tr\",\"potentialAction\":[{\"@type\":\"ReadAction\",\"target\":[\"https:\\\/\\\/www.purejewels.com\\\/product\\\/diamond-studs\\\/\"]}]},{\"@type\":\"ImageObject\",\"inLanguage\":\"tr\",\"@id\":\"https:\\\/\\\/www.purejewels.com\\\/product\\\/diamond-studs\\\/#primaryimage\",\"url\":\"https:\\\/\\\/static.purejewels.com\\\/wp-content\\\/uploads\\\/2019\\\/01\\\/396_1.png\",\"contentUrl\":\"https:\\\/\\\/static.purejewels.com\\\/wp-content\\\/uploads\\\/2019\\\/01\\\/396_1.png\",\"width\":1000,\"height\":1000,\"caption\":\"396_1\"},{\"@type\":\"BreadcrumbList\",\"@id\":\"https:\\\/\\\/www.purejewels.com\\\/product\\\/diamond-studs\\\/#breadcrumb\",\"itemListElement\":[{\"@type\":\"ListItem\",\"position\":1,\"name\":\"Home\",\"item\":\"https:\\\/\\\/www.purejewels.com\\\/\"},{\"@type\":\"ListItem\",\"position\":2,\"name\":\"Shop\",\"item\":\"https:\\\/\\\/www.purejewels.com\\\/shop\\\/\"},{\"@type\":\"ListItem\",\"position\":3,\"name\":\"18ct White Gold Diamond Floral Stud Earrings\"}]},{\"@type\":\"WebSite\",\"@id\":\"https:\\\/\\\/www.purejewels.com\\\/#website\",\"url\":\"https:\\\/\\\/www.purejewels.com\\\/\",\"name\":\"PureJewels UK\",\"description\":\"Share the Love\",\"publisher\":{\"@id\":\"https:\\\/\\\/www.purejewels.com\\\/#organization\"},\"potentialAction\":[{\"@type\":\"SearchAction\",\"target\":{\"@type\":\"EntryPoint\",\"urlTemplate\":\"https:\\\/\\\/www.purejewels.com\\\/?s={search_term_string}\"},\"query-input\":{\"@type\":\"PropertyValueSpecification\",\"valueRequired\":true,\"valueName\":\"search_term_string\"}}],\"inLanguage\":\"tr\"},{\"@type\":\"Organization\",\"@id\":\"https:\\\/\\\/www.purejewels.com\\\/#organization\",\"name\":\"PureJewels UK\",\"url\":\"https:\\\/\\\/www.purejewels.com\\\/\",\"logo\":{\"@type\":\"ImageObject\",\"inLanguage\":\"tr\",\"@id\":\"https:\\\/\\\/www.purejewels.com\\\/#\\\/schema\\\/logo\\\/image\\\/\",\"url\":\"https:\\\/\\\/static.purejewels.com\\\/wp-content\\\/uploads\\\/2020\\\/11\\\/Logo-PJ-New-1.png\",\"contentUrl\":\"https:\\\/\\\/static.purejewels.com\\\/wp-content\\\/uploads\\\/2020\\\/11\\\/Logo-PJ-New-1.png\",\"width\":150,\"height\":80,\"caption\":\"PureJewels UK\"},\"image\":{\"@id\":\"https:\\\/\\\/www.purejewels.com\\\/#\\\/schema\\\/logo\\\/image\\\/\"}}]}<\/script>\n<!-- \/ Yoast SEO plugin. -->","yoast_head_json":{"title":"18 Ayar Beyaz Alt\u0131n P\u0131rlanta Saplama K\u00fcpe | PureJewels","description":"PureJewels'ten 18 Ayar Beyaz Alt\u0131n P\u0131rlanta \u00c7i\u00e7ekli Saplama K\u00fcpe sat\u0131n al\u0131n. G\u00fcvenli vidal\u0131 arkal\u0131klar\u0131 ile narin bir \u00e7i\u00e7ek ayar\u0131nda parlak kesim p\u0131rlantalara sahiptir.","robots":{"index":"index","follow":"follow","max-snippet":"max-snippet:-1","max-image-preview":"max-image-preview:large","max-video-preview":"max-video-preview:-1"},"canonical":"https:\/\/www.purejewels.com\/tr\/urun\/elmas-citcitlar\/","og_locale":"tr_TR","og_type":"article","og_title":"Brilliant Diamond Stud Earrings in 18ct White Gold | PureJewels","og_description":"Shop the 18ct White Gold Diamond Floral Stud Earrings from PureJewels. Featuring brilliant cut diamonds in a delicate floral setting with secure screw backs.","og_url":"https:\/\/www.purejewels.com\/tr\/urun\/elmas-citcitlar\/","og_site_name":"PureJewels UK","article_modified_time":"2026-03-16T10:05:13+00:00","og_image":[{"width":1000,"height":1000,"url":"https:\/\/static.purejewels.com\/wp-content\/uploads\/2019\/01\/396_1.png","type":"image\/png"}],"twitter_card":"summary_large_image","twitter_misc":{"Tahmini okuma s\u00fcresi":"1 dakika"},"schema":{"@context":"https:\/\/schema.org","@graph":[{"@type":["WebPage","ItemPage"],"@id":"https:\/\/www.purejewels.com\/product\/diamond-studs\/","url":"https:\/\/www.purejewels.com\/product\/diamond-studs\/","name":"18 Ayar Beyaz Alt\u0131n P\u0131rlanta Saplama K\u00fcpe | PureJewels","isPartOf":{"@id":"https:\/\/www.purejewels.com\/#website"},"primaryImageOfPage":{"@id":"https:\/\/www.purejewels.com\/product\/diamond-studs\/#primaryimage"},"image":{"@id":"https:\/\/www.purejewels.com\/product\/diamond-studs\/#primaryimage"},"thumbnailUrl":"https:\/\/static.purejewels.com\/wp-content\/uploads\/2019\/01\/396_1.png","datePublished":"2019-01-09T07:31:06+00:00","dateModified":"2026-03-16T10:05:13+00:00","description":"PureJewels'ten 18 Ayar Beyaz Alt\u0131n P\u0131rlanta \u00c7i\u00e7ekli Saplama K\u00fcpe sat\u0131n al\u0131n. G\u00fcvenli vidal\u0131 arkal\u0131klar\u0131 ile narin bir \u00e7i\u00e7ek ayar\u0131nda parlak kesim p\u0131rlantalara sahiptir.","breadcrumb":{"@id":"https:\/\/www.purejewels.com\/product\/diamond-studs\/#breadcrumb"},"inLanguage":"tr","potentialAction":[{"@type":"ReadAction","target":["https:\/\/www.purejewels.com\/product\/diamond-studs\/"]}]},{"@type":"ImageObject","inLanguage":"tr","@id":"https:\/\/www.purejewels.com\/product\/diamond-studs\/#primaryimage","url":"https:\/\/static.purejewels.com\/wp-content\/uploads\/2019\/01\/396_1.png","contentUrl":"https:\/\/static.purejewels.com\/wp-content\/uploads\/2019\/01\/396_1.png","width":1000,"height":1000,"caption":"396_1"},{"@type":"BreadcrumbList","@id":"https:\/\/www.purejewels.com\/product\/diamond-studs\/#breadcrumb","itemListElement":[{"@type":"ListItem","position":1,"name":"Home","item":"https:\/\/www.purejewels.com\/"},{"@type":"ListItem","position":2,"name":"Shop","item":"https:\/\/www.purejewels.com\/shop\/"},{"@type":"ListItem","position":3,"name":"18ct White Gold Diamond Floral Stud Earrings"}]},{"@type":"WebSite","@id":"https:\/\/www.purejewels.com\/#website","url":"https:\/\/www.purejewels.com\/","name":"PureJewels \u0130ngiltere","description":"Sevgiyi Payla\u015f\u0131n","publisher":{"@id":"https:\/\/www.purejewels.com\/#organization"},"potentialAction":[{"@type":"SearchAction","target":{"@type":"EntryPoint","urlTemplate":"https:\/\/www.purejewels.com\/?s={search_term_string}"},"query-input":{"@type":"PropertyValueSpecification","valueRequired":true,"valueName":"search_term_string"}}],"inLanguage":"tr"},{"@type":"Organization","@id":"https:\/\/www.purejewels.com\/#organization","name":"PureJewels \u0130ngiltere","url":"https:\/\/www.purejewels.com\/","logo":{"@type":"ImageObject","inLanguage":"tr","@id":"https:\/\/www.purejewels.com\/#\/schema\/logo\/image\/","url":"https:\/\/static.purejewels.com\/wp-content\/uploads\/2020\/11\/Logo-PJ-New-1.png","contentUrl":"https:\/\/static.purejewels.com\/wp-content\/uploads\/2020\/11\/Logo-PJ-New-1.png","width":150,"height":80,"caption":"PureJewels UK"},"image":{"@id":"https:\/\/www.purejewels.com\/#\/schema\/logo\/image\/"}}]}},"_links":{"self":[{"href":"https:\/\/www.purejewels.com\/tr\/wp-json\/wp\/v2\/product\/308610","targetHints":{"allow":["GET"]}}],"collection":[{"href":"https:\/\/www.purejewels.com\/tr\/wp-json\/wp\/v2\/product"}],"about":[{"href":"https:\/\/www.purejewels.com\/tr\/wp-json\/wp\/v2\/types\/product"}],"replies":[{"embeddable":true,"href":"https:\/\/www.purejewels.com\/tr\/wp-json\/wp\/v2\/comments?post=308610"}],"version-history":[{"count":2,"href":"https:\/\/www.purejewels.com\/tr\/wp-json\/wp\/v2\/product\/308610\/revisions"}],"predecessor-version":[{"id":427152,"href":"https:\/\/www.purejewels.com\/tr\/wp-json\/wp\/v2\/product\/308610\/revisions\/427152"}],"wp:featuredmedia":[{"embeddable":true,"href":"https:\/\/www.purejewels.com\/tr\/wp-json\/wp\/v2\/media\/308611"}],"wp:attachment":[{"href":"https:\/\/www.purejewels.com\/tr\/wp-json\/wp\/v2\/media?parent=308610"}],"wp:term":[{"taxonomy":"product_brand","embeddable":true,"href":"https:\/\/www.purejewels.com\/tr\/wp-json\/wp\/v2\/product_brand?post=308610"},{"taxonomy":"product_cat","embeddable":true,"href":"https:\/\/www.purejewels.com\/tr\/wp-json\/wp\/v2\/product_cat?post=308610"},{"taxonomy":"product_tag","embeddable":true,"href":"https:\/\/www.purejewels.com\/tr\/wp-json\/wp\/v2\/product_tag?post=308610"}],"curies":[{"name":"wp","href":"https:\/\/api.w.org\/{rel}","templated":true}]}}