{"id":308628,"date":"2025-01-12T08:16:44","date_gmt":"2025-01-12T08:16:44","guid":{"rendered":"https:\/\/www.purejewels.com\/?post_type=product&#038;p=308628"},"modified":"2026-01-06T11:06:36","modified_gmt":"2026-01-06T11:06:36","slug":"18-ayar-beyaz-altin-safir-pirlanta-yuzuk-27675","status":"publish","type":"product","link":"https:\/\/www.purejewels.com\/tr\/product\/18ct-white-gold-sapphire-diamonds-ring-27675\/","title":{"rendered":"P\u0131rlanta ve Safirli 18 Ayar Alt\u0131n Y\u00fcz\u00fck"},"content":{"rendered":"<p class=\"first-token\" data-sourcepos=\"1:1-1:289\">Bu \u00e7arp\u0131c\u0131 <a href=\"https:\/\/www.purejewels.com\/tr\/product\/18ct-white-gold-khanda-sikh-religious-pendant-6226\/\">18ct<\/a> alt\u0131n y\u00fcz\u00fck, p\u0131rlanta ve safirin g\u00f6z kama\u015ft\u0131r\u0131c\u0131 bir kombinasyonuna sahiptir. Y\u00fcz\u00fck, 0,50 ct'lik g\u00fczel bir safir ile tamamlanan 0,15 ct'lik \u0131\u015f\u0131lt\u0131l\u0131 bir p\u0131rlanta ile ayarlanm\u0131\u015ft\u0131r. Zengin 18 ayar alt\u0131n kordon l\u00fcks bir dokunu\u015f katarak bu y\u00fcz\u00fc\u011f\u00fc her t\u00fcrl\u00fc \u00f6zel g\u00fcn i\u00e7in m\u00fckemmel bir se\u00e7im haline getiriyor.<\/p>\n<p data-sourcepos=\"3:1-3:13\"><strong>\u00d6zellikler:<\/strong><\/p>\n<ul data-sourcepos=\"5:1-8:0\">\n<li data-sourcepos=\"5:1-5:21\">Malzeme: 18 Ayar Alt\u0131n<\/li>\n<li data-sourcepos=\"6:1-6:44\">De\u011ferli ta\u015flar: 0.15ct P\u0131rlanta, 0.50ct Safir<\/li>\n<li data-sourcepos=\"7:1-8:0\">Beden: M<\/li>\n<\/ul>","protected":false},"excerpt":{"rendered":"<div class=\"woocommerce-product-details__short-description\">\n<table>\n<tbody>\n<tr>\n<td>Y\u00fcz\u00fck Tipi<\/td>\n<td>P\u0131rlanta ve Safirli 18 Ayar Alt\u0131n Y\u00fcz\u00fck<\/td>\n<\/tr>\n<tr>\n<td>SKU<\/td>\n<td>27675<\/td>\n<\/tr>\n<tr>\n<td>Y\u00fcz\u00fck \u00d6l\u00e7\u00fcs\u00fc<\/td>\n<td>M<\/td>\n<\/tr>\n<tr>\n<td>Metal<\/td>\n<td>18 Ayar Beyaz Alt\u0131n<\/td>\n<\/tr>\n<tr>\n<td>Elmas A\u011f\u0131rl\u0131\u011f\u0131.<\/td>\n<td>0.15ct<\/td>\n<\/tr>\n<tr>\n<td>Safir A\u011f\u0131rl\u0131k<\/td>\n<td>0.50ct<\/td>\n<\/tr>\n<tr>\n<td>\u00dccretler<\/td>\n<td>Teslimat ve KDV Dahil<\/td>\n<\/tr>\n<tr>\n<td>Paketleme<\/td>\n<td>Sunum Kutusu ile Birlikte Gelir<\/td>\n<\/tr>\n<tr>\n<td>Daha Fazla Bilgi<\/td>\n<td>M\u00fcsaitlik durumu ve daha fazla resim i\u00e7in bizimle canl\u0131 sohbet edin<\/td>\n<\/tr>\n<\/tbody>\n<\/table>\n<\/div>","protected":false},"featured_media":365165,"comment_status":"closed","ping_status":"closed","template":"","meta":{"_eb_attr":"","_crsspst_to_jayantr4sg-hostcom":true},"product_brand":[],"product_cat":[5679,6085,1559,5699,5457,5460,231,5752,6042,1573,226,1574],"product_tag":[],"class_list":{"0":"post-308628","1":"product","2":"type-product","3":"status-publish","4":"has-post-thumbnail","6":"product_cat-18ct-gold-jewellery","7":"product_cat-18ct-gold-ring","8":"product_cat-birthday-gifts","9":"product_cat-coloured-gemstone-jewellery","10":"product_cat-diamond-jewellery","11":"product_cat-diamond-ring","12":"product_cat-engagement-rings","13":"product_cat-gold-sapphire-jewellery","14":"product_cat-solitaire-ring","15":"product_cat-wedding-gifts","16":"product_cat-wedding-rings-bands","17":"product_cat-womens-jewellery","19":"first","20":"instock","21":"taxable","22":"shipping-taxable","23":"purchasable","24":"product-type-simple","25":"add-to-wishlist-before_image"},"yoast_head":"<!-- This site is optimized with the Yoast SEO plugin v27.5 - https:\/\/yoast.com\/product\/yoast-seo-wordpress\/ -->\n<title>18ct White Gold Sapphire Diamonds Ring at PureJewels UK<\/title>\n<meta name=\"description\" content=\"Indulge in luxury with our 18ct White Gold Sapphire Diamonds Ring available online at PureJewels UK. Experience the allure of fine craftsmanship.\" \/>\n<meta name=\"robots\" content=\"index, follow, max-snippet:-1, max-image-preview:large, max-video-preview:-1\" \/>\n<link rel=\"canonical\" href=\"https:\/\/www.purejewels.com\/tr\/urun\/18-ayar-beyaz-altin-safir-pirlanta-yuzuk-27675\/\" \/>\n<meta property=\"og:locale\" content=\"tr_TR\" \/>\n<meta property=\"og:type\" content=\"article\" \/>\n<meta property=\"og:title\" content=\"18ct White Gold Sapphire Diamonds Ring at PureJewels UK\" \/>\n<meta property=\"og:description\" content=\"Indulge in luxury with our 18ct White Gold Sapphire Diamonds Ring available online at PureJewels UK. Experience the allure of fine craftsmanship.\" \/>\n<meta property=\"og:url\" content=\"https:\/\/www.purejewels.com\/tr\/urun\/18-ayar-beyaz-altin-safir-pirlanta-yuzuk-27675\/\" \/>\n<meta property=\"og:site_name\" content=\"PureJewels UK\" \/>\n<meta property=\"article:modified_time\" content=\"2026-01-06T11:06:36+00:00\" \/>\n<meta property=\"og:image\" content=\"https:\/\/www.purejewels.com\/wp-content\/uploads\/2024\/06\/27675.png\" \/>\n\t<meta property=\"og:image:width\" content=\"1000\" \/>\n\t<meta property=\"og:image:height\" content=\"1000\" \/>\n\t<meta property=\"og:image:type\" content=\"image\/png\" \/>\n<meta name=\"twitter:card\" content=\"summary_large_image\" \/>\n<script type=\"application\/ld+json\" class=\"yoast-schema-graph\">{\"@context\":\"https:\\\/\\\/schema.org\",\"@graph\":[{\"@type\":[\"WebPage\",\"ItemPage\"],\"@id\":\"https:\\\/\\\/www.purejewels.com\\\/product\\\/18ct-white-gold-sapphire-diamonds-ring-27675\\\/\",\"url\":\"https:\\\/\\\/www.purejewels.com\\\/product\\\/18ct-white-gold-sapphire-diamonds-ring-27675\\\/\",\"name\":\"18ct White Gold Sapphire Diamonds Ring at PureJewels UK\",\"isPartOf\":{\"@id\":\"https:\\\/\\\/www.purejewels.com\\\/#website\"},\"primaryImageOfPage\":{\"@id\":\"https:\\\/\\\/www.purejewels.com\\\/product\\\/18ct-white-gold-sapphire-diamonds-ring-27675\\\/#primaryimage\"},\"image\":{\"@id\":\"https:\\\/\\\/www.purejewels.com\\\/product\\\/18ct-white-gold-sapphire-diamonds-ring-27675\\\/#primaryimage\"},\"thumbnailUrl\":\"https:\\\/\\\/static.purejewels.com\\\/wp-content\\\/uploads\\\/2024\\\/06\\\/27675.png\",\"datePublished\":\"2025-01-12T08:16:44+00:00\",\"dateModified\":\"2026-01-06T11:06:36+00:00\",\"description\":\"Indulge in luxury with our 18ct White Gold Sapphire Diamonds Ring available online at PureJewels UK. Experience the allure of fine craftsmanship.\",\"breadcrumb\":{\"@id\":\"https:\\\/\\\/www.purejewels.com\\\/product\\\/18ct-white-gold-sapphire-diamonds-ring-27675\\\/#breadcrumb\"},\"inLanguage\":\"tr\",\"potentialAction\":[{\"@type\":\"ReadAction\",\"target\":[\"https:\\\/\\\/www.purejewels.com\\\/product\\\/18ct-white-gold-sapphire-diamonds-ring-27675\\\/\"]}]},{\"@type\":\"ImageObject\",\"inLanguage\":\"tr\",\"@id\":\"https:\\\/\\\/www.purejewels.com\\\/product\\\/18ct-white-gold-sapphire-diamonds-ring-27675\\\/#primaryimage\",\"url\":\"https:\\\/\\\/static.purejewels.com\\\/wp-content\\\/uploads\\\/2024\\\/06\\\/27675.png\",\"contentUrl\":\"https:\\\/\\\/static.purejewels.com\\\/wp-content\\\/uploads\\\/2024\\\/06\\\/27675.png\",\"width\":1000,\"height\":1000,\"caption\":\"18ct Gold Ring\"},{\"@type\":\"BreadcrumbList\",\"@id\":\"https:\\\/\\\/www.purejewels.com\\\/product\\\/18ct-white-gold-sapphire-diamonds-ring-27675\\\/#breadcrumb\",\"itemListElement\":[{\"@type\":\"ListItem\",\"position\":1,\"name\":\"Home\",\"item\":\"https:\\\/\\\/www.purejewels.com\\\/\"},{\"@type\":\"ListItem\",\"position\":2,\"name\":\"Shop\",\"item\":\"https:\\\/\\\/www.purejewels.com\\\/shop\\\/\"},{\"@type\":\"ListItem\",\"position\":3,\"name\":\"18ct Gold Ring with Diamond and Sapphire\"}]},{\"@type\":\"WebSite\",\"@id\":\"https:\\\/\\\/www.purejewels.com\\\/#website\",\"url\":\"https:\\\/\\\/www.purejewels.com\\\/\",\"name\":\"PureJewels UK\",\"description\":\"Share the Love\",\"publisher\":{\"@id\":\"https:\\\/\\\/www.purejewels.com\\\/#organization\"},\"potentialAction\":[{\"@type\":\"SearchAction\",\"target\":{\"@type\":\"EntryPoint\",\"urlTemplate\":\"https:\\\/\\\/www.purejewels.com\\\/?s={search_term_string}\"},\"query-input\":{\"@type\":\"PropertyValueSpecification\",\"valueRequired\":true,\"valueName\":\"search_term_string\"}}],\"inLanguage\":\"tr\"},{\"@type\":\"Organization\",\"@id\":\"https:\\\/\\\/www.purejewels.com\\\/#organization\",\"name\":\"PureJewels UK\",\"url\":\"https:\\\/\\\/www.purejewels.com\\\/\",\"logo\":{\"@type\":\"ImageObject\",\"inLanguage\":\"tr\",\"@id\":\"https:\\\/\\\/www.purejewels.com\\\/#\\\/schema\\\/logo\\\/image\\\/\",\"url\":\"https:\\\/\\\/static.purejewels.com\\\/wp-content\\\/uploads\\\/2020\\\/11\\\/Logo-PJ-New-1.png\",\"contentUrl\":\"https:\\\/\\\/static.purejewels.com\\\/wp-content\\\/uploads\\\/2020\\\/11\\\/Logo-PJ-New-1.png\",\"width\":150,\"height\":80,\"caption\":\"PureJewels UK\"},\"image\":{\"@id\":\"https:\\\/\\\/www.purejewels.com\\\/#\\\/schema\\\/logo\\\/image\\\/\"}}]}<\/script>\n<!-- \/ Yoast SEO plugin. -->","yoast_head_json":{"title":"PureJewels UK'de 18 Ayar Beyaz Alt\u0131n Safir P\u0131rlanta Y\u00fcz\u00fck","description":"PureJewels UK'de online olarak sunulan 18 Ayar Beyaz Alt\u0131n Safir P\u0131rlanta Y\u00fcz\u00fck ile l\u00fcks\u00fcn tad\u0131n\u0131 \u00e7\u0131kar\u0131n. \u0130nce i\u015f\u00e7ili\u011fin cazibesini ya\u015fay\u0131n.","robots":{"index":"index","follow":"follow","max-snippet":"max-snippet:-1","max-image-preview":"max-image-preview:large","max-video-preview":"max-video-preview:-1"},"canonical":"https:\/\/www.purejewels.com\/tr\/urun\/18-ayar-beyaz-altin-safir-pirlanta-yuzuk-27675\/","og_locale":"tr_TR","og_type":"article","og_title":"18ct White Gold Sapphire Diamonds Ring at PureJewels UK","og_description":"Indulge in luxury with our 18ct White Gold Sapphire Diamonds Ring available online at PureJewels UK. Experience the allure of fine craftsmanship.","og_url":"https:\/\/www.purejewels.com\/tr\/urun\/18-ayar-beyaz-altin-safir-pirlanta-yuzuk-27675\/","og_site_name":"PureJewels UK","article_modified_time":"2026-01-06T11:06:36+00:00","og_image":[{"width":1000,"height":1000,"url":"https:\/\/www.purejewels.com\/wp-content\/uploads\/2024\/06\/27675.png","type":"image\/png"}],"twitter_card":"summary_large_image","schema":{"@context":"https:\/\/schema.org","@graph":[{"@type":["WebPage","ItemPage"],"@id":"https:\/\/www.purejewels.com\/product\/18ct-white-gold-sapphire-diamonds-ring-27675\/","url":"https:\/\/www.purejewels.com\/product\/18ct-white-gold-sapphire-diamonds-ring-27675\/","name":"PureJewels UK'de 18 Ayar Beyaz Alt\u0131n Safir P\u0131rlanta Y\u00fcz\u00fck","isPartOf":{"@id":"https:\/\/www.purejewels.com\/#website"},"primaryImageOfPage":{"@id":"https:\/\/www.purejewels.com\/product\/18ct-white-gold-sapphire-diamonds-ring-27675\/#primaryimage"},"image":{"@id":"https:\/\/www.purejewels.com\/product\/18ct-white-gold-sapphire-diamonds-ring-27675\/#primaryimage"},"thumbnailUrl":"https:\/\/static.purejewels.com\/wp-content\/uploads\/2024\/06\/27675.png","datePublished":"2025-01-12T08:16:44+00:00","dateModified":"2026-01-06T11:06:36+00:00","description":"PureJewels UK'de online olarak sunulan 18 Ayar Beyaz Alt\u0131n Safir P\u0131rlanta Y\u00fcz\u00fck ile l\u00fcks\u00fcn tad\u0131n\u0131 \u00e7\u0131kar\u0131n. \u0130nce i\u015f\u00e7ili\u011fin cazibesini ya\u015fay\u0131n.","breadcrumb":{"@id":"https:\/\/www.purejewels.com\/product\/18ct-white-gold-sapphire-diamonds-ring-27675\/#breadcrumb"},"inLanguage":"tr","potentialAction":[{"@type":"ReadAction","target":["https:\/\/www.purejewels.com\/product\/18ct-white-gold-sapphire-diamonds-ring-27675\/"]}]},{"@type":"ImageObject","inLanguage":"tr","@id":"https:\/\/www.purejewels.com\/product\/18ct-white-gold-sapphire-diamonds-ring-27675\/#primaryimage","url":"https:\/\/static.purejewels.com\/wp-content\/uploads\/2024\/06\/27675.png","contentUrl":"https:\/\/static.purejewels.com\/wp-content\/uploads\/2024\/06\/27675.png","width":1000,"height":1000,"caption":"18ct Gold Ring"},{"@type":"BreadcrumbList","@id":"https:\/\/www.purejewels.com\/product\/18ct-white-gold-sapphire-diamonds-ring-27675\/#breadcrumb","itemListElement":[{"@type":"ListItem","position":1,"name":"Home","item":"https:\/\/www.purejewels.com\/"},{"@type":"ListItem","position":2,"name":"Shop","item":"https:\/\/www.purejewels.com\/shop\/"},{"@type":"ListItem","position":3,"name":"18ct Gold Ring with Diamond and Sapphire"}]},{"@type":"WebSite","@id":"https:\/\/www.purejewels.com\/#website","url":"https:\/\/www.purejewels.com\/","name":"PureJewels \u0130ngiltere","description":"Sevgiyi Payla\u015f\u0131n","publisher":{"@id":"https:\/\/www.purejewels.com\/#organization"},"potentialAction":[{"@type":"SearchAction","target":{"@type":"EntryPoint","urlTemplate":"https:\/\/www.purejewels.com\/?s={search_term_string}"},"query-input":{"@type":"PropertyValueSpecification","valueRequired":true,"valueName":"search_term_string"}}],"inLanguage":"tr"},{"@type":"Organization","@id":"https:\/\/www.purejewels.com\/#organization","name":"PureJewels \u0130ngiltere","url":"https:\/\/www.purejewels.com\/","logo":{"@type":"ImageObject","inLanguage":"tr","@id":"https:\/\/www.purejewels.com\/#\/schema\/logo\/image\/","url":"https:\/\/static.purejewels.com\/wp-content\/uploads\/2020\/11\/Logo-PJ-New-1.png","contentUrl":"https:\/\/static.purejewels.com\/wp-content\/uploads\/2020\/11\/Logo-PJ-New-1.png","width":150,"height":80,"caption":"PureJewels UK"},"image":{"@id":"https:\/\/www.purejewels.com\/#\/schema\/logo\/image\/"}}]}},"_links":{"self":[{"href":"https:\/\/www.purejewels.com\/tr\/wp-json\/wp\/v2\/product\/308628","targetHints":{"allow":["GET"]}}],"collection":[{"href":"https:\/\/www.purejewels.com\/tr\/wp-json\/wp\/v2\/product"}],"about":[{"href":"https:\/\/www.purejewels.com\/tr\/wp-json\/wp\/v2\/types\/product"}],"replies":[{"embeddable":true,"href":"https:\/\/www.purejewels.com\/tr\/wp-json\/wp\/v2\/comments?post=308628"}],"version-history":[{"count":4,"href":"https:\/\/www.purejewels.com\/tr\/wp-json\/wp\/v2\/product\/308628\/revisions"}],"predecessor-version":[{"id":365170,"href":"https:\/\/www.purejewels.com\/tr\/wp-json\/wp\/v2\/product\/308628\/revisions\/365170"}],"wp:featuredmedia":[{"embeddable":true,"href":"https:\/\/www.purejewels.com\/tr\/wp-json\/wp\/v2\/media\/365165"}],"wp:attachment":[{"href":"https:\/\/www.purejewels.com\/tr\/wp-json\/wp\/v2\/media?parent=308628"}],"wp:term":[{"taxonomy":"product_brand","embeddable":true,"href":"https:\/\/www.purejewels.com\/tr\/wp-json\/wp\/v2\/product_brand?post=308628"},{"taxonomy":"product_cat","embeddable":true,"href":"https:\/\/www.purejewels.com\/tr\/wp-json\/wp\/v2\/product_cat?post=308628"},{"taxonomy":"product_tag","embeddable":true,"href":"https:\/\/www.purejewels.com\/tr\/wp-json\/wp\/v2\/product_tag?post=308628"}],"curies":[{"name":"wp","href":"https:\/\/api.w.org\/{rel}","templated":true}]}}