{"id":308677,"date":"2019-01-16T11:52:07","date_gmt":"2019-01-16T11:52:07","guid":{"rendered":"https:\/\/www.purejewels.com\/?post_type=product&#038;p=308677"},"modified":"2024-09-12T14:04:19","modified_gmt":"2024-09-12T13:04:19","slug":"18-ayar-pembe-altin-zincir-18-inc","status":"publish","type":"product","link":"https:\/\/www.purejewels.com\/tr\/product\/18ct-rose-gold-chain-18-inches\/","title":{"rendered":"18 Ayar Pembe Alt\u0131n Zincir 18\u2033 \u0130n\u00e7"},"content":{"rendered":"<p><span style=\"font-weight: 400;\">Pembe alt\u0131n zincirler tek ba\u015flar\u0131na veya di\u011fer alt\u0131n zincirlerle birlikte kullan\u0131ld\u0131klar\u0131nda hayal edilemeyecek kadar g\u00fczel g\u00f6r\u00fcn\u00fcrler. Sadece 18 ayar pembe alt\u0131n\u0131n g\u00f6z al\u0131c\u0131 parlakl\u0131\u011f\u0131 de\u011fil, ayn\u0131 zamanda bu dramatik pembe alt\u0131n baklal\u0131 zincirin detaylar\u0131 da b\u00fcy\u00fcleyicidir ve i\u015f\u00e7ili\u011finin cazibesiyle herkesin dikkatini \u00e7ekme g\u00fcc\u00fcne sahiptir. \u00c7ok abart\u0131l\u0131 olmayan sade genel g\u00f6r\u00fcn\u00fcm\u00fc, detayl\u0131 ve karma\u015f\u0131k tasar\u0131m\u0131yla birlikte hem resmi hem de g\u00fcndelik k\u0131yafetlerde kendini g\u00f6sterme g\u00fcc\u00fcne sahiptir. Bu 18 ayar pembe alt\u0131n zincirin her bir halkas\u0131 elle kesilmi\u015f ve \u015fekillendirilmi\u015ftir, ayr\u0131ca bu halkalar sahip olduklar\u0131 parlakl\u0131\u011f\u0131 elde etmek i\u00e7in g\u00fczelce parlat\u0131lm\u0131\u015f ve size sevgiyle teslim edilmi\u015ftir. Y\u00f6netim kurulu toplant\u0131s\u0131na gitmeden \u00f6nce resmi k\u0131yafetlerinizle bu zinciri katmanlay\u0131n, \u00fcst \u00fcste koyun ve sade bir \u015fekilde bir a\u00e7\u0131klama yap\u0131n.<\/span><\/p>","protected":false},"excerpt":{"rendered":"<ul>\n<li>18 Ayar Pembe Alt\u0131n Link Zincir<\/li>\n<li>Kal\u0131nl\u0131k 1.0 mm<\/li>\n<li>Uzunluk. 18 in\u00e7<\/li>\n<li>SKU. 27447<\/li>\n<li>T\u00fcm fiyatlara KDV dahildir<\/li>\n<li>T\u00fcm \u00dcr\u00fcnlerimiz Londra Tahlil Ofisi Taraf\u0131ndan Damgalanm\u0131\u015ft\u0131r<\/li>\n<li>Sunum Kutusu ile Birlikte Gelir<\/li>\n<li>Teslimat Dahil<\/li>\n<li>\u00dcr\u00fcn videosu i\u00e7in bizimle ileti\u015fime ge\u00e7in \/ bizimle canl\u0131 sohbet edin.<\/li>\n<li>Zincirle uyumlu g\u00fczel bir kolye koleksiyonumuz var<\/li>\n<\/ul>","protected":false},"featured_media":314131,"comment_status":"closed","ping_status":"closed","template":"","meta":{"_eb_attr":"","_crsspst_to_jayantr4sg-hostcom":false},"product_brand":[],"product_cat":[5014,1559,1794,1475,1773,1572,1569,1574],"product_tag":[],"class_list":{"0":"post-308677","1":"product","2":"type-product","3":"status-publish","4":"has-post-thumbnail","6":"product_cat-18-inch-ladies-chain","7":"product_cat-birthday-gifts","8":"product_cat-christmas-gifts","9":"product_cat-gold-chains","10":"product_cat-ladies-chains","11":"product_cat-mens-jewellery","12":"product_cat-valentine-day-gifts","13":"product_cat-womens-jewellery","15":"first","16":"outofstock","17":"taxable","18":"shipping-taxable","19":"product-type-simple","20":"add-to-wishlist-before_image"},"yoast_head":"<!-- This site is optimized with the Yoast SEO plugin v27.3 - https:\/\/yoast.com\/product\/yoast-seo-wordpress\/ -->\n<title>18ct Rose Gold Link Chain in 18 inches for everyday wear<\/title>\n<meta name=\"description\" content=\"This 18ct Rose gold chains look unimaginably beautiful individually or when layered along with other gold chains at Pure Jewels UK\" \/>\n<meta name=\"robots\" content=\"index, follow, max-snippet:-1, max-image-preview:large, max-video-preview:-1\" \/>\n<link rel=\"canonical\" href=\"https:\/\/www.purejewels.com\/tr\/urun\/18-ayar-pembe-altin-zincir-18-inc\/\" \/>\n<meta property=\"og:locale\" content=\"tr_TR\" \/>\n<meta property=\"og:type\" content=\"article\" \/>\n<meta property=\"og:title\" content=\"18ct Rose Gold Link Chain in 18 inches for everyday wear\" \/>\n<meta property=\"og:description\" content=\"This 18ct Rose gold chains look unimaginably beautiful individually or when layered along with other gold chains at Pure Jewels UK\" \/>\n<meta property=\"og:url\" content=\"https:\/\/www.purejewels.com\/tr\/urun\/18-ayar-pembe-altin-zincir-18-inc\/\" \/>\n<meta property=\"og:site_name\" content=\"PureJewels UK\" \/>\n<meta property=\"article:modified_time\" content=\"2024-09-12T13:04:19+00:00\" \/>\n<meta property=\"og:image\" content=\"https:\/\/www.purejewels.com\/wp-content\/uploads\/2020\/05\/135871651.png\" \/>\n\t<meta property=\"og:image:width\" content=\"1000\" \/>\n\t<meta property=\"og:image:height\" content=\"1000\" \/>\n\t<meta property=\"og:image:type\" content=\"image\/png\" \/>\n<meta name=\"twitter:card\" content=\"summary_large_image\" \/>\n<meta name=\"twitter:label1\" content=\"Tahmini okuma s\u00fcresi\" \/>\n\t<meta name=\"twitter:data1\" content=\"1 dakika\" \/>\n<script type=\"application\/ld+json\" class=\"yoast-schema-graph\">{\"@context\":\"https:\\\/\\\/schema.org\",\"@graph\":[{\"@type\":[\"WebPage\",\"ItemPage\"],\"@id\":\"https:\\\/\\\/www.purejewels.com\\\/product\\\/18ct-rose-gold-chain-18-inches\\\/\",\"url\":\"https:\\\/\\\/www.purejewels.com\\\/product\\\/18ct-rose-gold-chain-18-inches\\\/\",\"name\":\"18ct Rose Gold Link Chain in 18 inches for everyday wear\",\"isPartOf\":{\"@id\":\"https:\\\/\\\/www.purejewels.com\\\/#website\"},\"primaryImageOfPage\":{\"@id\":\"https:\\\/\\\/www.purejewels.com\\\/product\\\/18ct-rose-gold-chain-18-inches\\\/#primaryimage\"},\"image\":{\"@id\":\"https:\\\/\\\/www.purejewels.com\\\/product\\\/18ct-rose-gold-chain-18-inches\\\/#primaryimage\"},\"thumbnailUrl\":\"https:\\\/\\\/static.purejewels.com\\\/wp-content\\\/uploads\\\/2020\\\/05\\\/135871651.png\",\"datePublished\":\"2019-01-16T11:52:07+00:00\",\"dateModified\":\"2024-09-12T13:04:19+00:00\",\"description\":\"This 18ct Rose gold chains look unimaginably beautiful individually or when layered along with other gold chains at Pure Jewels UK\",\"breadcrumb\":{\"@id\":\"https:\\\/\\\/www.purejewels.com\\\/product\\\/18ct-rose-gold-chain-18-inches\\\/#breadcrumb\"},\"inLanguage\":\"tr\",\"potentialAction\":[{\"@type\":\"ReadAction\",\"target\":[\"https:\\\/\\\/www.purejewels.com\\\/product\\\/18ct-rose-gold-chain-18-inches\\\/\"]}]},{\"@type\":\"ImageObject\",\"inLanguage\":\"tr\",\"@id\":\"https:\\\/\\\/www.purejewels.com\\\/product\\\/18ct-rose-gold-chain-18-inches\\\/#primaryimage\",\"url\":\"https:\\\/\\\/static.purejewels.com\\\/wp-content\\\/uploads\\\/2020\\\/05\\\/135871651.png\",\"contentUrl\":\"https:\\\/\\\/static.purejewels.com\\\/wp-content\\\/uploads\\\/2020\\\/05\\\/135871651.png\",\"width\":1000,\"height\":1000,\"caption\":\"18ct Rose Gold ChainWt. 3.9 gLength. 18? inchesSKU. 27447All prices include VATAll Our Products are Hallmarked by London Assay OfficeComes With Presentation BoxDelivery IncludedContact us\\\/live chat with us for video of product.We carry a lovely collection of pendants to go with the chain\"},{\"@type\":\"BreadcrumbList\",\"@id\":\"https:\\\/\\\/www.purejewels.com\\\/product\\\/18ct-rose-gold-chain-18-inches\\\/#breadcrumb\",\"itemListElement\":[{\"@type\":\"ListItem\",\"position\":1,\"name\":\"Home\",\"item\":\"https:\\\/\\\/www.purejewels.com\\\/\"},{\"@type\":\"ListItem\",\"position\":2,\"name\":\"Shop\",\"item\":\"https:\\\/\\\/www.purejewels.com\\\/shop\\\/\"},{\"@type\":\"ListItem\",\"position\":3,\"name\":\"18ct Rose Gold Chain 18&#8243; Inches\"}]},{\"@type\":\"WebSite\",\"@id\":\"https:\\\/\\\/www.purejewels.com\\\/#website\",\"url\":\"https:\\\/\\\/www.purejewels.com\\\/\",\"name\":\"PureJewels UK\",\"description\":\"Share the Love\",\"publisher\":{\"@id\":\"https:\\\/\\\/www.purejewels.com\\\/#organization\"},\"potentialAction\":[{\"@type\":\"SearchAction\",\"target\":{\"@type\":\"EntryPoint\",\"urlTemplate\":\"https:\\\/\\\/www.purejewels.com\\\/?s={search_term_string}\"},\"query-input\":{\"@type\":\"PropertyValueSpecification\",\"valueRequired\":true,\"valueName\":\"search_term_string\"}}],\"inLanguage\":\"tr\"},{\"@type\":\"Organization\",\"@id\":\"https:\\\/\\\/www.purejewels.com\\\/#organization\",\"name\":\"PureJewels UK\",\"url\":\"https:\\\/\\\/www.purejewels.com\\\/\",\"logo\":{\"@type\":\"ImageObject\",\"inLanguage\":\"tr\",\"@id\":\"https:\\\/\\\/www.purejewels.com\\\/#\\\/schema\\\/logo\\\/image\\\/\",\"url\":\"https:\\\/\\\/static.purejewels.com\\\/wp-content\\\/uploads\\\/2020\\\/11\\\/Logo-PJ-New-1.png\",\"contentUrl\":\"https:\\\/\\\/static.purejewels.com\\\/wp-content\\\/uploads\\\/2020\\\/11\\\/Logo-PJ-New-1.png\",\"width\":150,\"height\":80,\"caption\":\"PureJewels UK\"},\"image\":{\"@id\":\"https:\\\/\\\/www.purejewels.com\\\/#\\\/schema\\\/logo\\\/image\\\/\"}}]}<\/script>\n<!-- \/ Yoast SEO plugin. -->","yoast_head_json":{"title":"G\u00fcnl\u00fck kullan\u0131m i\u00e7in 18 in\u00e7 18 ayar Pembe Alt\u0131n Link Zincir","description":"Bu 18 ayar Rose alt\u0131n zincir, tek ba\u015f\u0131na veya Pure Jewels UK'deki di\u011fer alt\u0131n zincirlerle birlikte katmanland\u0131\u011f\u0131nda hayal edilemeyecek kadar g\u00fczel g\u00f6r\u00fcn\u00fcr","robots":{"index":"index","follow":"follow","max-snippet":"max-snippet:-1","max-image-preview":"max-image-preview:large","max-video-preview":"max-video-preview:-1"},"canonical":"https:\/\/www.purejewels.com\/tr\/urun\/18-ayar-pembe-altin-zincir-18-inc\/","og_locale":"tr_TR","og_type":"article","og_title":"18ct Rose Gold Link Chain in 18 inches for everyday wear","og_description":"This 18ct Rose gold chains look unimaginably beautiful individually or when layered along with other gold chains at Pure Jewels UK","og_url":"https:\/\/www.purejewels.com\/tr\/urun\/18-ayar-pembe-altin-zincir-18-inc\/","og_site_name":"PureJewels UK","article_modified_time":"2024-09-12T13:04:19+00:00","og_image":[{"width":1000,"height":1000,"url":"https:\/\/www.purejewels.com\/wp-content\/uploads\/2020\/05\/135871651.png","type":"image\/png"}],"twitter_card":"summary_large_image","twitter_misc":{"Tahmini okuma s\u00fcresi":"1 dakika"},"schema":{"@context":"https:\/\/schema.org","@graph":[{"@type":["WebPage","ItemPage"],"@id":"https:\/\/www.purejewels.com\/product\/18ct-rose-gold-chain-18-inches\/","url":"https:\/\/www.purejewels.com\/product\/18ct-rose-gold-chain-18-inches\/","name":"G\u00fcnl\u00fck kullan\u0131m i\u00e7in 18 in\u00e7 18 ayar Pembe Alt\u0131n Link Zincir","isPartOf":{"@id":"https:\/\/www.purejewels.com\/#website"},"primaryImageOfPage":{"@id":"https:\/\/www.purejewels.com\/product\/18ct-rose-gold-chain-18-inches\/#primaryimage"},"image":{"@id":"https:\/\/www.purejewels.com\/product\/18ct-rose-gold-chain-18-inches\/#primaryimage"},"thumbnailUrl":"https:\/\/static.purejewels.com\/wp-content\/uploads\/2020\/05\/135871651.png","datePublished":"2019-01-16T11:52:07+00:00","dateModified":"2024-09-12T13:04:19+00:00","description":"Bu 18 ayar Rose alt\u0131n zincir, tek ba\u015f\u0131na veya Pure Jewels UK'deki di\u011fer alt\u0131n zincirlerle birlikte katmanland\u0131\u011f\u0131nda hayal edilemeyecek kadar g\u00fczel g\u00f6r\u00fcn\u00fcr","breadcrumb":{"@id":"https:\/\/www.purejewels.com\/product\/18ct-rose-gold-chain-18-inches\/#breadcrumb"},"inLanguage":"tr","potentialAction":[{"@type":"ReadAction","target":["https:\/\/www.purejewels.com\/product\/18ct-rose-gold-chain-18-inches\/"]}]},{"@type":"ImageObject","inLanguage":"tr","@id":"https:\/\/www.purejewels.com\/product\/18ct-rose-gold-chain-18-inches\/#primaryimage","url":"https:\/\/static.purejewels.com\/wp-content\/uploads\/2020\/05\/135871651.png","contentUrl":"https:\/\/static.purejewels.com\/wp-content\/uploads\/2020\/05\/135871651.png","width":1000,"height":1000,"caption":"18ct Rose Gold ChainWt. 3.9 gLength. 18? inchesSKU. 27447All prices include VATAll Our Products are Hallmarked by London Assay OfficeComes With Presentation BoxDelivery IncludedContact us\/live chat with us for video of product.We carry a lovely collection of pendants to go with the chain"},{"@type":"BreadcrumbList","@id":"https:\/\/www.purejewels.com\/product\/18ct-rose-gold-chain-18-inches\/#breadcrumb","itemListElement":[{"@type":"ListItem","position":1,"name":"Home","item":"https:\/\/www.purejewels.com\/"},{"@type":"ListItem","position":2,"name":"Shop","item":"https:\/\/www.purejewels.com\/shop\/"},{"@type":"ListItem","position":3,"name":"18ct Rose Gold Chain 18&#8243; Inches"}]},{"@type":"WebSite","@id":"https:\/\/www.purejewels.com\/#website","url":"https:\/\/www.purejewels.com\/","name":"PureJewels \u0130ngiltere","description":"Sevgiyi Payla\u015f\u0131n","publisher":{"@id":"https:\/\/www.purejewels.com\/#organization"},"potentialAction":[{"@type":"SearchAction","target":{"@type":"EntryPoint","urlTemplate":"https:\/\/www.purejewels.com\/?s={search_term_string}"},"query-input":{"@type":"PropertyValueSpecification","valueRequired":true,"valueName":"search_term_string"}}],"inLanguage":"tr"},{"@type":"Organization","@id":"https:\/\/www.purejewels.com\/#organization","name":"PureJewels \u0130ngiltere","url":"https:\/\/www.purejewels.com\/","logo":{"@type":"ImageObject","inLanguage":"tr","@id":"https:\/\/www.purejewels.com\/#\/schema\/logo\/image\/","url":"https:\/\/static.purejewels.com\/wp-content\/uploads\/2020\/11\/Logo-PJ-New-1.png","contentUrl":"https:\/\/static.purejewels.com\/wp-content\/uploads\/2020\/11\/Logo-PJ-New-1.png","width":150,"height":80,"caption":"PureJewels UK"},"image":{"@id":"https:\/\/www.purejewels.com\/#\/schema\/logo\/image\/"}}]}},"_links":{"self":[{"href":"https:\/\/www.purejewels.com\/tr\/wp-json\/wp\/v2\/product\/308677","targetHints":{"allow":["GET"]}}],"collection":[{"href":"https:\/\/www.purejewels.com\/tr\/wp-json\/wp\/v2\/product"}],"about":[{"href":"https:\/\/www.purejewels.com\/tr\/wp-json\/wp\/v2\/types\/product"}],"replies":[{"embeddable":true,"href":"https:\/\/www.purejewels.com\/tr\/wp-json\/wp\/v2\/comments?post=308677"}],"version-history":[{"count":1,"href":"https:\/\/www.purejewels.com\/tr\/wp-json\/wp\/v2\/product\/308677\/revisions"}],"predecessor-version":[{"id":371444,"href":"https:\/\/www.purejewels.com\/tr\/wp-json\/wp\/v2\/product\/308677\/revisions\/371444"}],"wp:featuredmedia":[{"embeddable":true,"href":"https:\/\/www.purejewels.com\/tr\/wp-json\/wp\/v2\/media\/314131"}],"wp:attachment":[{"href":"https:\/\/www.purejewels.com\/tr\/wp-json\/wp\/v2\/media?parent=308677"}],"wp:term":[{"taxonomy":"product_brand","embeddable":true,"href":"https:\/\/www.purejewels.com\/tr\/wp-json\/wp\/v2\/product_brand?post=308677"},{"taxonomy":"product_cat","embeddable":true,"href":"https:\/\/www.purejewels.com\/tr\/wp-json\/wp\/v2\/product_cat?post=308677"},{"taxonomy":"product_tag","embeddable":true,"href":"https:\/\/www.purejewels.com\/tr\/wp-json\/wp\/v2\/product_tag?post=308677"}],"curies":[{"name":"wp","href":"https:\/\/api.w.org\/{rel}","templated":true}]}}