{"id":308679,"date":"2019-01-17T08:46:34","date_gmt":"2019-01-17T08:46:34","guid":{"rendered":"https:\/\/www.purejewels.com\/?post_type=product&#038;p=308679"},"modified":"2024-09-12T12:36:47","modified_gmt":"2024-09-12T11:36:47","slug":"18-ayar-altin-zincir-20-inc","status":"publish","type":"product","link":"https:\/\/www.purejewels.com\/tr\/product\/18-carat-gold-chain-20-inches\/","title":{"rendered":"18 Ayar Beyaz Alt\u0131n Spiga Zincir 20 \u0130n\u00e7"},"content":{"rendered":"<p>Kolay ve kullan\u0131\u015fl\u0131, hi\u00e7bir \u015fey bir klasikten daha iyi olamaz <a href=\"https:\/\/www.purejewels.com\/tr\/product\/18ct-white-gold-khanda-sikh-religious-pendant-6226\/\">18ct<\/a> alt\u0131n <a href=\"https:\/\/www.purejewels.com\/tr\/product\/22ct-gold-premium-spiga-chain-20-inches-1-2mm-thick-41359\/\">spiga zinciri<\/a>. Kusursuz bir ayna cilas\u0131yla tamamlanan ve en ince ayr\u0131nt\u0131s\u0131na kadar tasarlanan bu geleneksel m\u00fccevher par\u00e7as\u0131na getirdi\u011fimiz sonsuz yorum, sizin kadar \u00e7ok y\u00f6nl\u00fcd\u00fcr. Di\u011fer tak\u0131lar\u0131n\u0131zla birlikte <a href=\"https:\/\/www.purejewels.com\/tr\/product-category\/22ct-gold-jewellery\/gold-chains\/\">Zincirler<\/a> ya da sonsuz se\u00e7enekler i\u00e7in tek ba\u015f\u0131na tak\u0131n! Ba\u015fka hi\u00e7bir \u015feye benzemeyen bir berrakl\u0131k ve sa\u011flaml\u0131\u011fa sahip olan bu \u00e7arp\u0131c\u0131 18ct <a href=\"https:\/\/www.purejewels.com\/tr\/product\/22ct-gold-spiga-chain-41721\/\">alt\u0131n spiga zincir<\/a> 20 in\u00e7lik etkileyici uzunlu\u011fuyla her g\u00fcn takmak i\u00e7in m\u00fckemmel bir kolye.<\/p>","protected":false},"excerpt":{"rendered":"<ul>\n<li>18ct <span id=\"urn:enhancement-43a6b08f\" class=\"textannotation\">Beyaz<\/span> <span id=\"urn:enhancement-9ac80dba\" class=\"textannotation\">Alt\u0131n<\/span> Spiga Ayarlanabilir <span id=\"urn:enhancement-cdb79899\" class=\"textannotation\">Zincir<\/span><\/li>\n<li><span id=\"urn:enhancement-b1dee5b3\" class=\"textannotation\">A\u011f\u0131rl\u0131k<\/span>. 6.3 gms<\/li>\n<li><span id=\"urn:enhancement-80696330\" class=\"textannotation\">Uzunluk<\/span>. 20\u2033 in\u00e7<\/li>\n<li><span id=\"urn:enhancement-7cdca449\" class=\"textannotation\">SKU<\/span>. 28451<\/li>\n<li>T\u00fcm\u00fc <span id=\"urn:enhancement-fe972dd3\" class=\"textannotation\">fiyatlar<\/span> \u015funlar\u0131 i\u00e7erir <span id=\"urn:enhancement-85b76e08\" class=\"textannotation\">KDV<\/span><\/li>\n<li>18ct <span id=\"urn:enhancement-63bb5e3c\" class=\"textannotation\">Alt\u0131n<\/span>\u00a0Taraf\u0131ndan damgalanm\u0131\u015ft\u0131r <span id=\"urn:enhancement-59066807\" class=\"textannotation\">Londra<\/span> <span id=\"urn:enhancement-d09f3eac\" class=\"textannotation\">Tahlil Ofisi<\/span><\/li>\n<li>Sunum Kutusu ile Birlikte Gelir<\/li>\n<li><span id=\"urn:enhancement-6159d4b3\" class=\"textannotation\">Teslimat<\/span> Dahil<\/li>\n<li>Canl\u0131 <span id=\"urn:enhancement-166926c1\" class=\"textannotation\">sohbet<\/span> kullan\u0131labilirlik ve \u015fu anda mevcut olan benzer tasar\u0131mlar\u0131n daha fazla g\u00f6r\u00fcnt\u00fcs\u00fc i\u00e7in bizimle <span id=\"urn:enhancement-973de413\" class=\"textannotation\">stok<\/span><\/li>\n<\/ul>","protected":false},"featured_media":314129,"comment_status":"closed","ping_status":"closed","template":"","meta":{"_eb_attr":"","_crsspst_to_jayantr4sg-hostcom":false},"product_brand":[],"product_cat":[5015,1559,1794,1571,1475,1773,1572,1774,1569,1574],"product_tag":[],"class_list":{"0":"post-308679","1":"product","2":"type-product","3":"status-publish","4":"has-post-thumbnail","6":"product_cat-20-inch-ladies-chain","7":"product_cat-birthday-gifts","8":"product_cat-christmas-gifts","9":"product_cat-fathers-day-gifts","10":"product_cat-gold-chains","11":"product_cat-ladies-chains","12":"product_cat-mens-jewellery","13":"product_cat-mens-chains","14":"product_cat-valentine-day-gifts","15":"product_cat-womens-jewellery","17":"first","18":"outofstock","19":"taxable","20":"shipping-taxable","21":"product-type-simple","22":"add-to-wishlist-before_image"},"yoast_head":"<!-- This site is optimized with the Yoast SEO plugin v27.6 - https:\/\/yoast.com\/product\/yoast-seo-wordpress\/ -->\n<title>Spiga Chain | Shop 18ct White Gold Spiga Chain 20 Inches<\/title>\n<meta name=\"description\" content=\"Browse our collection of real gold chains. Shop 18ct White Gold Spiga Chain 20 Inches. It Comes With Presentation Box shipping free in UK.\" \/>\n<meta name=\"robots\" content=\"index, follow, max-snippet:-1, max-image-preview:large, max-video-preview:-1\" \/>\n<link rel=\"canonical\" href=\"https:\/\/www.purejewels.com\/tr\/urun\/18-ayar-altin-zincir-20-inc\/\" \/>\n<meta property=\"og:locale\" content=\"tr_TR\" \/>\n<meta property=\"og:type\" content=\"article\" \/>\n<meta property=\"og:title\" content=\"Spiga Chain | Shop 18ct White Gold Spiga Chain 20 Inches\" \/>\n<meta property=\"og:description\" content=\"Browse our collection of real gold chains. Shop 18ct White Gold Spiga Chain 20 Inches. It Comes With Presentation Box shipping free in UK.\" \/>\n<meta property=\"og:url\" content=\"https:\/\/www.purejewels.com\/tr\/urun\/18-ayar-altin-zincir-20-inc\/\" \/>\n<meta property=\"og:site_name\" content=\"PureJewels UK\" \/>\n<meta property=\"article:modified_time\" content=\"2024-09-12T11:36:47+00:00\" \/>\n<meta property=\"og:image\" content=\"https:\/\/www.purejewels.com\/wp-content\/uploads\/2020\/05\/135871735.png\" \/>\n\t<meta property=\"og:image:width\" content=\"1000\" \/>\n\t<meta property=\"og:image:height\" content=\"1000\" \/>\n\t<meta property=\"og:image:type\" content=\"image\/png\" \/>\n<meta name=\"twitter:card\" content=\"summary_large_image\" \/>\n<meta name=\"twitter:label1\" content=\"Tahmini okuma s\u00fcresi\" \/>\n\t<meta name=\"twitter:data1\" content=\"1 dakika\" \/>\n<script type=\"application\/ld+json\" class=\"yoast-schema-graph\">{\"@context\":\"https:\\\/\\\/schema.org\",\"@graph\":[{\"@type\":[\"WebPage\",\"ItemPage\"],\"@id\":\"https:\\\/\\\/www.purejewels.com\\\/product\\\/18-carat-gold-chain-20-inches\\\/\",\"url\":\"https:\\\/\\\/www.purejewels.com\\\/product\\\/18-carat-gold-chain-20-inches\\\/\",\"name\":\"Spiga Chain | Shop 18ct White Gold Spiga Chain 20 Inches\",\"isPartOf\":{\"@id\":\"https:\\\/\\\/www.purejewels.com\\\/#website\"},\"primaryImageOfPage\":{\"@id\":\"https:\\\/\\\/www.purejewels.com\\\/product\\\/18-carat-gold-chain-20-inches\\\/#primaryimage\"},\"image\":{\"@id\":\"https:\\\/\\\/www.purejewels.com\\\/product\\\/18-carat-gold-chain-20-inches\\\/#primaryimage\"},\"thumbnailUrl\":\"https:\\\/\\\/static.purejewels.com\\\/wp-content\\\/uploads\\\/2020\\\/05\\\/135871735.png\",\"datePublished\":\"2019-01-17T08:46:34+00:00\",\"dateModified\":\"2024-09-12T11:36:47+00:00\",\"description\":\"Browse our collection of real gold chains. Shop 18ct White Gold Spiga Chain 20 Inches. It Comes With Presentation Box shipping free in UK.\",\"breadcrumb\":{\"@id\":\"https:\\\/\\\/www.purejewels.com\\\/product\\\/18-carat-gold-chain-20-inches\\\/#breadcrumb\"},\"inLanguage\":\"tr\",\"potentialAction\":[{\"@type\":\"ReadAction\",\"target\":[\"https:\\\/\\\/www.purejewels.com\\\/product\\\/18-carat-gold-chain-20-inches\\\/\"]}]},{\"@type\":\"ImageObject\",\"inLanguage\":\"tr\",\"@id\":\"https:\\\/\\\/www.purejewels.com\\\/product\\\/18-carat-gold-chain-20-inches\\\/#primaryimage\",\"url\":\"https:\\\/\\\/static.purejewels.com\\\/wp-content\\\/uploads\\\/2020\\\/05\\\/135871735.png\",\"contentUrl\":\"https:\\\/\\\/static.purejewels.com\\\/wp-content\\\/uploads\\\/2020\\\/05\\\/135871735.png\",\"width\":1000,\"height\":1000,\"caption\":\"18ct\u00a0White Gold Foxtail Adjustable ChainWt. 4.6 gLength. 20? inchesSKU. 28451All prices include VAT18ct Gold\u00a0Hallmarked by London Assay OfficeComes With Presentation BoxDelivery IncludedLive chat with us for availability and more images of similar designs currently in stock\"},{\"@type\":\"BreadcrumbList\",\"@id\":\"https:\\\/\\\/www.purejewels.com\\\/product\\\/18-carat-gold-chain-20-inches\\\/#breadcrumb\",\"itemListElement\":[{\"@type\":\"ListItem\",\"position\":1,\"name\":\"Home\",\"item\":\"https:\\\/\\\/www.purejewels.com\\\/\"},{\"@type\":\"ListItem\",\"position\":2,\"name\":\"Shop\",\"item\":\"https:\\\/\\\/www.purejewels.com\\\/shop\\\/\"},{\"@type\":\"ListItem\",\"position\":3,\"name\":\"18ct White Gold Spiga Chain 20 Inches\"}]},{\"@type\":\"WebSite\",\"@id\":\"https:\\\/\\\/www.purejewels.com\\\/#website\",\"url\":\"https:\\\/\\\/www.purejewels.com\\\/\",\"name\":\"PureJewels UK\",\"description\":\"Share the Love\",\"publisher\":{\"@id\":\"https:\\\/\\\/www.purejewels.com\\\/#organization\"},\"potentialAction\":[{\"@type\":\"SearchAction\",\"target\":{\"@type\":\"EntryPoint\",\"urlTemplate\":\"https:\\\/\\\/www.purejewels.com\\\/?s={search_term_string}\"},\"query-input\":{\"@type\":\"PropertyValueSpecification\",\"valueRequired\":true,\"valueName\":\"search_term_string\"}}],\"inLanguage\":\"tr\"},{\"@type\":\"Organization\",\"@id\":\"https:\\\/\\\/www.purejewels.com\\\/#organization\",\"name\":\"PureJewels UK\",\"url\":\"https:\\\/\\\/www.purejewels.com\\\/\",\"logo\":{\"@type\":\"ImageObject\",\"inLanguage\":\"tr\",\"@id\":\"https:\\\/\\\/www.purejewels.com\\\/#\\\/schema\\\/logo\\\/image\\\/\",\"url\":\"https:\\\/\\\/static.purejewels.com\\\/wp-content\\\/uploads\\\/2020\\\/11\\\/Logo-PJ-New-1.png\",\"contentUrl\":\"https:\\\/\\\/static.purejewels.com\\\/wp-content\\\/uploads\\\/2020\\\/11\\\/Logo-PJ-New-1.png\",\"width\":150,\"height\":80,\"caption\":\"PureJewels UK\"},\"image\":{\"@id\":\"https:\\\/\\\/www.purejewels.com\\\/#\\\/schema\\\/logo\\\/image\\\/\"}}]}<\/script>\n<!-- \/ Yoast SEO plugin. -->","yoast_head_json":{"title":"Spiga Zincir | Ma\u011faza 18 Ayar Beyaz Alt\u0131n Spiga Zincir 20 \u0130n\u00e7","description":"Ger\u00e7ek alt\u0131n zincir koleksiyonumuza g\u00f6z at\u0131n. 18 Ayar Beyaz Alt\u0131n Spiga Zincir 20 \u0130n\u00e7 sat\u0131n al\u0131n. Sunum Kutusu ile Birlikte Gelir \u0130ngiltere'de \u00fccretsiz g\u00f6nderim.","robots":{"index":"index","follow":"follow","max-snippet":"max-snippet:-1","max-image-preview":"max-image-preview:large","max-video-preview":"max-video-preview:-1"},"canonical":"https:\/\/www.purejewels.com\/tr\/urun\/18-ayar-altin-zincir-20-inc\/","og_locale":"tr_TR","og_type":"article","og_title":"Spiga Chain | Shop 18ct White Gold Spiga Chain 20 Inches","og_description":"Browse our collection of real gold chains. Shop 18ct White Gold Spiga Chain 20 Inches. It Comes With Presentation Box shipping free in UK.","og_url":"https:\/\/www.purejewels.com\/tr\/urun\/18-ayar-altin-zincir-20-inc\/","og_site_name":"PureJewels UK","article_modified_time":"2024-09-12T11:36:47+00:00","og_image":[{"width":1000,"height":1000,"url":"https:\/\/www.purejewels.com\/wp-content\/uploads\/2020\/05\/135871735.png","type":"image\/png"}],"twitter_card":"summary_large_image","twitter_misc":{"Tahmini okuma s\u00fcresi":"1 dakika"},"schema":{"@context":"https:\/\/schema.org","@graph":[{"@type":["WebPage","ItemPage"],"@id":"https:\/\/www.purejewels.com\/product\/18-carat-gold-chain-20-inches\/","url":"https:\/\/www.purejewels.com\/product\/18-carat-gold-chain-20-inches\/","name":"Spiga Zincir | Ma\u011faza 18 Ayar Beyaz Alt\u0131n Spiga Zincir 20 \u0130n\u00e7","isPartOf":{"@id":"https:\/\/www.purejewels.com\/#website"},"primaryImageOfPage":{"@id":"https:\/\/www.purejewels.com\/product\/18-carat-gold-chain-20-inches\/#primaryimage"},"image":{"@id":"https:\/\/www.purejewels.com\/product\/18-carat-gold-chain-20-inches\/#primaryimage"},"thumbnailUrl":"https:\/\/static.purejewels.com\/wp-content\/uploads\/2020\/05\/135871735.png","datePublished":"2019-01-17T08:46:34+00:00","dateModified":"2024-09-12T11:36:47+00:00","description":"Ger\u00e7ek alt\u0131n zincir koleksiyonumuza g\u00f6z at\u0131n. 18 Ayar Beyaz Alt\u0131n Spiga Zincir 20 \u0130n\u00e7 sat\u0131n al\u0131n. Sunum Kutusu ile Birlikte Gelir \u0130ngiltere'de \u00fccretsiz g\u00f6nderim.","breadcrumb":{"@id":"https:\/\/www.purejewels.com\/product\/18-carat-gold-chain-20-inches\/#breadcrumb"},"inLanguage":"tr","potentialAction":[{"@type":"ReadAction","target":["https:\/\/www.purejewels.com\/product\/18-carat-gold-chain-20-inches\/"]}]},{"@type":"ImageObject","inLanguage":"tr","@id":"https:\/\/www.purejewels.com\/product\/18-carat-gold-chain-20-inches\/#primaryimage","url":"https:\/\/static.purejewels.com\/wp-content\/uploads\/2020\/05\/135871735.png","contentUrl":"https:\/\/static.purejewels.com\/wp-content\/uploads\/2020\/05\/135871735.png","width":1000,"height":1000,"caption":"18ct\u00a0White Gold Foxtail Adjustable ChainWt. 4.6 gLength. 20? inchesSKU. 28451All prices include VAT18ct Gold\u00a0Hallmarked by London Assay OfficeComes With Presentation BoxDelivery IncludedLive chat with us for availability and more images of similar designs currently in stock"},{"@type":"BreadcrumbList","@id":"https:\/\/www.purejewels.com\/product\/18-carat-gold-chain-20-inches\/#breadcrumb","itemListElement":[{"@type":"ListItem","position":1,"name":"Home","item":"https:\/\/www.purejewels.com\/"},{"@type":"ListItem","position":2,"name":"Shop","item":"https:\/\/www.purejewels.com\/shop\/"},{"@type":"ListItem","position":3,"name":"18ct White Gold Spiga Chain 20 Inches"}]},{"@type":"WebSite","@id":"https:\/\/www.purejewels.com\/#website","url":"https:\/\/www.purejewels.com\/","name":"PureJewels \u0130ngiltere","description":"Sevgiyi Payla\u015f\u0131n","publisher":{"@id":"https:\/\/www.purejewels.com\/#organization"},"potentialAction":[{"@type":"SearchAction","target":{"@type":"EntryPoint","urlTemplate":"https:\/\/www.purejewels.com\/?s={search_term_string}"},"query-input":{"@type":"PropertyValueSpecification","valueRequired":true,"valueName":"search_term_string"}}],"inLanguage":"tr"},{"@type":"Organization","@id":"https:\/\/www.purejewels.com\/#organization","name":"PureJewels \u0130ngiltere","url":"https:\/\/www.purejewels.com\/","logo":{"@type":"ImageObject","inLanguage":"tr","@id":"https:\/\/www.purejewels.com\/#\/schema\/logo\/image\/","url":"https:\/\/static.purejewels.com\/wp-content\/uploads\/2020\/11\/Logo-PJ-New-1.png","contentUrl":"https:\/\/static.purejewels.com\/wp-content\/uploads\/2020\/11\/Logo-PJ-New-1.png","width":150,"height":80,"caption":"PureJewels UK"},"image":{"@id":"https:\/\/www.purejewels.com\/#\/schema\/logo\/image\/"}}]}},"_links":{"self":[{"href":"https:\/\/www.purejewels.com\/tr\/wp-json\/wp\/v2\/product\/308679","targetHints":{"allow":["GET"]}}],"collection":[{"href":"https:\/\/www.purejewels.com\/tr\/wp-json\/wp\/v2\/product"}],"about":[{"href":"https:\/\/www.purejewels.com\/tr\/wp-json\/wp\/v2\/types\/product"}],"replies":[{"embeddable":true,"href":"https:\/\/www.purejewels.com\/tr\/wp-json\/wp\/v2\/comments?post=308679"}],"version-history":[{"count":1,"href":"https:\/\/www.purejewels.com\/tr\/wp-json\/wp\/v2\/product\/308679\/revisions"}],"predecessor-version":[{"id":371782,"href":"https:\/\/www.purejewels.com\/tr\/wp-json\/wp\/v2\/product\/308679\/revisions\/371782"}],"wp:featuredmedia":[{"embeddable":true,"href":"https:\/\/www.purejewels.com\/tr\/wp-json\/wp\/v2\/media\/314129"}],"wp:attachment":[{"href":"https:\/\/www.purejewels.com\/tr\/wp-json\/wp\/v2\/media?parent=308679"}],"wp:term":[{"taxonomy":"product_brand","embeddable":true,"href":"https:\/\/www.purejewels.com\/tr\/wp-json\/wp\/v2\/product_brand?post=308679"},{"taxonomy":"product_cat","embeddable":true,"href":"https:\/\/www.purejewels.com\/tr\/wp-json\/wp\/v2\/product_cat?post=308679"},{"taxonomy":"product_tag","embeddable":true,"href":"https:\/\/www.purejewels.com\/tr\/wp-json\/wp\/v2\/product_tag?post=308679"}],"curies":[{"name":"wp","href":"https:\/\/api.w.org\/{rel}","templated":true}]}}