{"id":308685,"date":"2019-01-17T09:12:43","date_gmt":"2019-01-17T09:12:43","guid":{"rendered":"https:\/\/www.purejewels.com\/?post_type=product&#038;p=308685"},"modified":"2024-11-14T06:30:00","modified_gmt":"2024-11-14T06:30:00","slug":"18-ayar-sari-altin-fantezi-zincir-18-inc","status":"publish","type":"product","link":"https:\/\/www.purejewels.com\/tr\/product\/18ct-yellow-gold-fancy-chain-18-inches\/","title":{"rendered":"18 Ayar Sar\u0131 Alt\u0131n Zincir | 16 \u0130n\u00e7 | 2,6mm Kal\u0131nl\u0131k"},"content":{"rendered":"<p><span style=\"font-weight: 400;\">Dikkat \u00e7ekmek i\u00e7in her zaman \u00e7ok fazla m\u00fccevher takmak zorunda de\u011filsiniz. Bazen m\u00fccevherler ve aksesuarlarla hafif minimal bir stil harikalar yarat\u0131r, sizce de \u00f6yle de\u011fil mi?<\/span><\/p>\n<p><span style=\"font-weight: 400;\">Purejewels'in bu s\u00fcsl\u00fc alt\u0131n zinciri ince g\u00f6r\u00fcn\u00fcyor ve her tak\u0131ld\u0131\u011f\u0131nda bir a\u00e7\u0131klama yapt\u0131\u011f\u0131n\u0131 kan\u0131tl\u0131yor. Bu s\u00fcsl\u00fc zincirin tasar\u0131m\u0131, uzman tasar\u0131mc\u0131 ve karigar ekibimiz taraf\u0131ndan \u00e7ok d\u00fc\u015f\u00fcnceli bir \u015fekilde hayata ge\u00e7irilmi\u015ftir. 18 ayar sar\u0131 alt\u0131n boyun zincirimiz, vintage ve tribal tonlar\u0131n m\u00fckemmel bir kar\u0131\u015f\u0131m\u0131 olup, k\u00fc\u00e7\u00fck boncuklu bile\u015fenler m\u00fckemmel bir uyum yakalamak i\u00e7in g\u00fczel bir \u015fekilde bir araya getirilmi\u015ftir.\u00a0\u00a0<\/span><\/p>\n<p><span style=\"font-weight: 400;\">Bu alt\u0131n fantezi zincir, tek ba\u015f\u0131na durabilen ve ba\u015fka hi\u00e7bir \u015feye ihtiya\u00e7 duymayan cesur ama zarif tasar\u0131m\u0131 nedeniyle bir kolye ucuna veya hatta di\u011fer zincirlere ihtiya\u00e7 duymaz. Kaplumba\u011fa yaka \u00fcstleriniz, blazer ceketleriniz, y\u00fcksek yakal\u0131 y\u00fcnl\u00fcleriniz, kaftanlar\u0131n\u0131z ve hatta sare ve kurta gibi Hint k\u0131yafetlerinizle birlikte kullanmak i\u00e7in m\u00fckemmeldir, \u00e7ok y\u00f6nl\u00fcd\u00fcr ve \u015fekillendirmesi kolayd\u0131r.\u00a0<\/span><\/p>","protected":false},"excerpt":{"rendered":"<ul>\n<li>18ct <span id=\"urn:enhancement-6df3bfbb\" class=\"textannotation\">Sar\u0131<\/span> <span id=\"urn:enhancement-36518792\" class=\"textannotation\">Alt\u0131n<\/span> S\u00fcsl\u00fc <span id=\"urn:enhancement-925502de\" class=\"textannotation\">Zincir<\/span><\/li>\n<li><span id=\"urn:enhancement-3dd49214\" class=\"textannotation\">Uzunluk<\/span>. 16\u2033 <span id=\"urn:enhancement-3065221\" class=\"textannotation\">in\u00e7<\/span><\/li>\n<li><span id=\"urn:enhancement-62a30c05\" class=\"textannotation\">SKU<\/span>. 9157<\/li>\n<li>Kal\u0131nl\u0131k 2.6mm<\/li>\n<li>T\u00fcm\u00fc <span id=\"urn:enhancement-e5c5172a\" class=\"textannotation\">fiyatlar<\/span> KDV dahil<\/li>\n<li>B\u00fct\u00fcn <span id=\"urn:enhancement-e1ee394e\" class=\"textannotation\">\u00fcr\u00fcnler<\/span> Londra taraf\u0131ndan damgalanm\u0131\u015ft\u0131r <span id=\"urn:enhancement-f1a6555f\" class=\"textannotation\">Tahlil Ofisi<\/span><\/li>\n<li>Sunum Kutusu ile Birlikte Gelir<\/li>\n<li><span id=\"urn:enhancement-1c5fd941\" class=\"textannotation\">Teslimat<\/span> Dahil<\/li>\n<li>Bizimle whatsapp \u00fczerinden Canl\u0131 Sohbet <span id=\"urn:enhancement-ca95bfca\" class=\"textannotation\">bkz.<\/span> t\u00fcm <span id=\"urn:enhancement-7823fc58\" class=\"textannotation\">koleksiyon<\/span> 18ct \u00fczerinde <span id=\"urn:enhancement-7c60db25\" class=\"textannotation\">Alt\u0131n<\/span> <span id=\"urn:enhancement-40e036a2\" class=\"textannotation\">Zincir<\/span>.<\/li>\n<li>Erkek Zincirimizi Ke\u015ffedin<\/li>\n<\/ul>","protected":false},"featured_media":314128,"comment_status":"closed","ping_status":"closed","template":"","meta":{"_eb_attr":"","_crsspst_to_jayantr4sg-hostcom":false},"product_brand":[],"product_cat":[5013,1559,1571,1475,1773,1572,1574],"product_tag":[],"class_list":{"0":"post-308685","1":"product","2":"type-product","3":"status-publish","4":"has-post-thumbnail","6":"product_cat-16-inch-ladies-chain","7":"product_cat-birthday-gifts","8":"product_cat-fathers-day-gifts","9":"product_cat-gold-chains","10":"product_cat-ladies-chains","11":"product_cat-mens-jewellery","12":"product_cat-womens-jewellery","14":"first","15":"outofstock","16":"taxable","17":"shipping-taxable","18":"product-type-simple","19":"add-to-wishlist-before_image"},"yoast_head":"<!-- This site is optimized with the Yoast SEO plugin v27.5 - https:\/\/yoast.com\/product\/yoast-seo-wordpress\/ -->\n<title>18ct Yellow Gold Fancy Chain for daily wear<\/title>\n<meta name=\"description\" content=\"Our 18K gold chain is a blend of vintage &amp; tribal tones as small beaded components are beautifully woven to strike the perfect harmony.\" \/>\n<meta name=\"robots\" content=\"index, follow, max-snippet:-1, max-image-preview:large, max-video-preview:-1\" \/>\n<link rel=\"canonical\" href=\"https:\/\/www.purejewels.com\/tr\/urun\/18-ayar-sari-altin-fantezi-zincir-18-inc\/\" \/>\n<meta property=\"og:locale\" content=\"tr_TR\" \/>\n<meta property=\"og:type\" content=\"article\" \/>\n<meta property=\"og:title\" content=\"18ct Yellow Gold Fancy Chain for daily wear\" \/>\n<meta property=\"og:description\" content=\"Our 18K gold chain is a blend of vintage &amp; tribal tones as small beaded components are beautifully woven to strike the perfect harmony.\" \/>\n<meta property=\"og:url\" content=\"https:\/\/www.purejewels.com\/tr\/urun\/18-ayar-sari-altin-fantezi-zincir-18-inc\/\" \/>\n<meta property=\"og:site_name\" content=\"PureJewels UK\" \/>\n<meta property=\"article:modified_time\" content=\"2024-11-14T06:30:00+00:00\" \/>\n<meta property=\"og:image\" content=\"https:\/\/www.purejewels.com\/wp-content\/uploads\/2020\/05\/135872153.png\" \/>\n\t<meta property=\"og:image:width\" content=\"1000\" \/>\n\t<meta property=\"og:image:height\" content=\"1000\" \/>\n\t<meta property=\"og:image:type\" content=\"image\/png\" \/>\n<meta name=\"twitter:card\" content=\"summary_large_image\" \/>\n<meta name=\"twitter:label1\" content=\"Tahmini okuma s\u00fcresi\" \/>\n\t<meta name=\"twitter:data1\" content=\"1 dakika\" \/>\n<script type=\"application\/ld+json\" class=\"yoast-schema-graph\">{\"@context\":\"https:\\\/\\\/schema.org\",\"@graph\":[{\"@type\":[\"WebPage\",\"ItemPage\"],\"@id\":\"https:\\\/\\\/www.purejewels.com\\\/product\\\/18ct-yellow-gold-fancy-chain-18-inches\\\/\",\"url\":\"https:\\\/\\\/www.purejewels.com\\\/product\\\/18ct-yellow-gold-fancy-chain-18-inches\\\/\",\"name\":\"18ct Yellow Gold Fancy Chain for daily wear\",\"isPartOf\":{\"@id\":\"https:\\\/\\\/www.purejewels.com\\\/#website\"},\"primaryImageOfPage\":{\"@id\":\"https:\\\/\\\/www.purejewels.com\\\/product\\\/18ct-yellow-gold-fancy-chain-18-inches\\\/#primaryimage\"},\"image\":{\"@id\":\"https:\\\/\\\/www.purejewels.com\\\/product\\\/18ct-yellow-gold-fancy-chain-18-inches\\\/#primaryimage\"},\"thumbnailUrl\":\"https:\\\/\\\/static.purejewels.com\\\/wp-content\\\/uploads\\\/2020\\\/05\\\/135872153.png\",\"datePublished\":\"2019-01-17T09:12:43+00:00\",\"dateModified\":\"2024-11-14T06:30:00+00:00\",\"description\":\"Our 18K gold chain is a blend of vintage & tribal tones as small beaded components are beautifully woven to strike the perfect harmony.\",\"breadcrumb\":{\"@id\":\"https:\\\/\\\/www.purejewels.com\\\/product\\\/18ct-yellow-gold-fancy-chain-18-inches\\\/#breadcrumb\"},\"inLanguage\":\"tr\",\"potentialAction\":[{\"@type\":\"ReadAction\",\"target\":[\"https:\\\/\\\/www.purejewels.com\\\/product\\\/18ct-yellow-gold-fancy-chain-18-inches\\\/\"]}]},{\"@type\":\"ImageObject\",\"inLanguage\":\"tr\",\"@id\":\"https:\\\/\\\/www.purejewels.com\\\/product\\\/18ct-yellow-gold-fancy-chain-18-inches\\\/#primaryimage\",\"url\":\"https:\\\/\\\/static.purejewels.com\\\/wp-content\\\/uploads\\\/2020\\\/05\\\/135872153.png\",\"contentUrl\":\"https:\\\/\\\/static.purejewels.com\\\/wp-content\\\/uploads\\\/2020\\\/05\\\/135872153.png\",\"width\":1000,\"height\":1000,\"caption\":\"18ct Yellow Gold Fancy ChainWt. 11 gLength. 18? inchesSKU. 9157All prices include VATAll our products are hallmarked by London Assay OfficeComes With Presentation BoxDelivery IncludedLive Chat with us on whatsapp to see entire collection on 18ct Gold Chain.\"},{\"@type\":\"BreadcrumbList\",\"@id\":\"https:\\\/\\\/www.purejewels.com\\\/product\\\/18ct-yellow-gold-fancy-chain-18-inches\\\/#breadcrumb\",\"itemListElement\":[{\"@type\":\"ListItem\",\"position\":1,\"name\":\"Home\",\"item\":\"https:\\\/\\\/www.purejewels.com\\\/\"},{\"@type\":\"ListItem\",\"position\":2,\"name\":\"Shop\",\"item\":\"https:\\\/\\\/www.purejewels.com\\\/shop\\\/\"},{\"@type\":\"ListItem\",\"position\":3,\"name\":\"18ct Yellow Gold Chain | 16 Inches | 2.6mm Thick\"}]},{\"@type\":\"WebSite\",\"@id\":\"https:\\\/\\\/www.purejewels.com\\\/#website\",\"url\":\"https:\\\/\\\/www.purejewels.com\\\/\",\"name\":\"PureJewels UK\",\"description\":\"Share the Love\",\"publisher\":{\"@id\":\"https:\\\/\\\/www.purejewels.com\\\/#organization\"},\"potentialAction\":[{\"@type\":\"SearchAction\",\"target\":{\"@type\":\"EntryPoint\",\"urlTemplate\":\"https:\\\/\\\/www.purejewels.com\\\/?s={search_term_string}\"},\"query-input\":{\"@type\":\"PropertyValueSpecification\",\"valueRequired\":true,\"valueName\":\"search_term_string\"}}],\"inLanguage\":\"tr\"},{\"@type\":\"Organization\",\"@id\":\"https:\\\/\\\/www.purejewels.com\\\/#organization\",\"name\":\"PureJewels UK\",\"url\":\"https:\\\/\\\/www.purejewels.com\\\/\",\"logo\":{\"@type\":\"ImageObject\",\"inLanguage\":\"tr\",\"@id\":\"https:\\\/\\\/www.purejewels.com\\\/#\\\/schema\\\/logo\\\/image\\\/\",\"url\":\"https:\\\/\\\/static.purejewels.com\\\/wp-content\\\/uploads\\\/2020\\\/11\\\/Logo-PJ-New-1.png\",\"contentUrl\":\"https:\\\/\\\/static.purejewels.com\\\/wp-content\\\/uploads\\\/2020\\\/11\\\/Logo-PJ-New-1.png\",\"width\":150,\"height\":80,\"caption\":\"PureJewels UK\"},\"image\":{\"@id\":\"https:\\\/\\\/www.purejewels.com\\\/#\\\/schema\\\/logo\\\/image\\\/\"}}]}<\/script>\n<!-- \/ Yoast SEO plugin. -->","yoast_head_json":{"title":"G\u00fcnl\u00fck kullan\u0131m i\u00e7in 18 Ayar Sar\u0131 Alt\u0131n Fantezi Zincir","description":"18 ayar alt\u0131n zincirimiz, m\u00fckemmel uyumu yakalamak i\u00e7in k\u00fc\u00e7\u00fck boncuklu bile\u015fenlerin g\u00fczelce \u00f6r\u00fclmesiyle vintage ve tribal tonlar\u0131n bir kar\u0131\u015f\u0131m\u0131d\u0131r.","robots":{"index":"index","follow":"follow","max-snippet":"max-snippet:-1","max-image-preview":"max-image-preview:large","max-video-preview":"max-video-preview:-1"},"canonical":"https:\/\/www.purejewels.com\/tr\/urun\/18-ayar-sari-altin-fantezi-zincir-18-inc\/","og_locale":"tr_TR","og_type":"article","og_title":"18ct Yellow Gold Fancy Chain for daily wear","og_description":"Our 18K gold chain is a blend of vintage & tribal tones as small beaded components are beautifully woven to strike the perfect harmony.","og_url":"https:\/\/www.purejewels.com\/tr\/urun\/18-ayar-sari-altin-fantezi-zincir-18-inc\/","og_site_name":"PureJewels UK","article_modified_time":"2024-11-14T06:30:00+00:00","og_image":[{"width":1000,"height":1000,"url":"https:\/\/www.purejewels.com\/wp-content\/uploads\/2020\/05\/135872153.png","type":"image\/png"}],"twitter_card":"summary_large_image","twitter_misc":{"Tahmini okuma s\u00fcresi":"1 dakika"},"schema":{"@context":"https:\/\/schema.org","@graph":[{"@type":["WebPage","ItemPage"],"@id":"https:\/\/www.purejewels.com\/product\/18ct-yellow-gold-fancy-chain-18-inches\/","url":"https:\/\/www.purejewels.com\/product\/18ct-yellow-gold-fancy-chain-18-inches\/","name":"G\u00fcnl\u00fck kullan\u0131m i\u00e7in 18 Ayar Sar\u0131 Alt\u0131n Fantezi Zincir","isPartOf":{"@id":"https:\/\/www.purejewels.com\/#website"},"primaryImageOfPage":{"@id":"https:\/\/www.purejewels.com\/product\/18ct-yellow-gold-fancy-chain-18-inches\/#primaryimage"},"image":{"@id":"https:\/\/www.purejewels.com\/product\/18ct-yellow-gold-fancy-chain-18-inches\/#primaryimage"},"thumbnailUrl":"https:\/\/static.purejewels.com\/wp-content\/uploads\/2020\/05\/135872153.png","datePublished":"2019-01-17T09:12:43+00:00","dateModified":"2024-11-14T06:30:00+00:00","description":"18 ayar alt\u0131n zincirimiz, m\u00fckemmel uyumu yakalamak i\u00e7in k\u00fc\u00e7\u00fck boncuklu bile\u015fenlerin g\u00fczelce \u00f6r\u00fclmesiyle vintage ve tribal tonlar\u0131n bir kar\u0131\u015f\u0131m\u0131d\u0131r.","breadcrumb":{"@id":"https:\/\/www.purejewels.com\/product\/18ct-yellow-gold-fancy-chain-18-inches\/#breadcrumb"},"inLanguage":"tr","potentialAction":[{"@type":"ReadAction","target":["https:\/\/www.purejewels.com\/product\/18ct-yellow-gold-fancy-chain-18-inches\/"]}]},{"@type":"ImageObject","inLanguage":"tr","@id":"https:\/\/www.purejewels.com\/product\/18ct-yellow-gold-fancy-chain-18-inches\/#primaryimage","url":"https:\/\/static.purejewels.com\/wp-content\/uploads\/2020\/05\/135872153.png","contentUrl":"https:\/\/static.purejewels.com\/wp-content\/uploads\/2020\/05\/135872153.png","width":1000,"height":1000,"caption":"18ct Yellow Gold Fancy ChainWt. 11 gLength. 18? inchesSKU. 9157All prices include VATAll our products are hallmarked by London Assay OfficeComes With Presentation BoxDelivery IncludedLive Chat with us on whatsapp to see entire collection on 18ct Gold Chain."},{"@type":"BreadcrumbList","@id":"https:\/\/www.purejewels.com\/product\/18ct-yellow-gold-fancy-chain-18-inches\/#breadcrumb","itemListElement":[{"@type":"ListItem","position":1,"name":"Home","item":"https:\/\/www.purejewels.com\/"},{"@type":"ListItem","position":2,"name":"Shop","item":"https:\/\/www.purejewels.com\/shop\/"},{"@type":"ListItem","position":3,"name":"18ct Yellow Gold Chain | 16 Inches | 2.6mm Thick"}]},{"@type":"WebSite","@id":"https:\/\/www.purejewels.com\/#website","url":"https:\/\/www.purejewels.com\/","name":"PureJewels \u0130ngiltere","description":"Sevgiyi Payla\u015f\u0131n","publisher":{"@id":"https:\/\/www.purejewels.com\/#organization"},"potentialAction":[{"@type":"SearchAction","target":{"@type":"EntryPoint","urlTemplate":"https:\/\/www.purejewels.com\/?s={search_term_string}"},"query-input":{"@type":"PropertyValueSpecification","valueRequired":true,"valueName":"search_term_string"}}],"inLanguage":"tr"},{"@type":"Organization","@id":"https:\/\/www.purejewels.com\/#organization","name":"PureJewels \u0130ngiltere","url":"https:\/\/www.purejewels.com\/","logo":{"@type":"ImageObject","inLanguage":"tr","@id":"https:\/\/www.purejewels.com\/#\/schema\/logo\/image\/","url":"https:\/\/static.purejewels.com\/wp-content\/uploads\/2020\/11\/Logo-PJ-New-1.png","contentUrl":"https:\/\/static.purejewels.com\/wp-content\/uploads\/2020\/11\/Logo-PJ-New-1.png","width":150,"height":80,"caption":"PureJewels UK"},"image":{"@id":"https:\/\/www.purejewels.com\/#\/schema\/logo\/image\/"}}]}},"_links":{"self":[{"href":"https:\/\/www.purejewels.com\/tr\/wp-json\/wp\/v2\/product\/308685","targetHints":{"allow":["GET"]}}],"collection":[{"href":"https:\/\/www.purejewels.com\/tr\/wp-json\/wp\/v2\/product"}],"about":[{"href":"https:\/\/www.purejewels.com\/tr\/wp-json\/wp\/v2\/types\/product"}],"replies":[{"embeddable":true,"href":"https:\/\/www.purejewels.com\/tr\/wp-json\/wp\/v2\/comments?post=308685"}],"version-history":[{"count":2,"href":"https:\/\/www.purejewels.com\/tr\/wp-json\/wp\/v2\/product\/308685\/revisions"}],"predecessor-version":[{"id":367974,"href":"https:\/\/www.purejewels.com\/tr\/wp-json\/wp\/v2\/product\/308685\/revisions\/367974"}],"wp:featuredmedia":[{"embeddable":true,"href":"https:\/\/www.purejewels.com\/tr\/wp-json\/wp\/v2\/media\/314128"}],"wp:attachment":[{"href":"https:\/\/www.purejewels.com\/tr\/wp-json\/wp\/v2\/media?parent=308685"}],"wp:term":[{"taxonomy":"product_brand","embeddable":true,"href":"https:\/\/www.purejewels.com\/tr\/wp-json\/wp\/v2\/product_brand?post=308685"},{"taxonomy":"product_cat","embeddable":true,"href":"https:\/\/www.purejewels.com\/tr\/wp-json\/wp\/v2\/product_cat?post=308685"},{"taxonomy":"product_tag","embeddable":true,"href":"https:\/\/www.purejewels.com\/tr\/wp-json\/wp\/v2\/product_tag?post=308685"}],"curies":[{"name":"wp","href":"https:\/\/api.w.org\/{rel}","templated":true}]}}