{"id":308687,"date":"2019-01-17T09:47:26","date_gmt":"2019-01-17T09:47:26","guid":{"rendered":"https:\/\/www.purejewels.com\/?post_type=product&#038;p=308687"},"modified":"2025-08-05T08:58:58","modified_gmt":"2025-08-05T07:58:58","slug":"22-ayar-sari-altin-halat-zincir-16-inc","status":"publish","type":"product","link":"https:\/\/www.purejewels.com\/tr\/product\/22-carat-yellow-gold-rope-chain-in-16-inches\/","title":{"rendered":"18 Ayar Alt\u0131n | Halat Zincir | 16 \u0130n\u00e7 | 2,5 mm Kal\u0131nl\u0131k"},"content":{"rendered":"<h3>Zarif 18 Ayar Alt\u0131n Halat Zincir - Zamans\u0131z Sofistike<\/h3>\n<p>Zarif \u00fcr\u00fcnlerimizle tarz\u0131n\u0131z\u0131 y\u00fckseltin <strong>alt\u0131n halat zincir<\/strong>, l\u00fcks 18ct'den titizlikle \u00fcretilmi\u015ftir <strong>sar\u0131 alt\u0131n<\/strong>. Bu zamans\u0131z par\u00e7a, klasik tasar\u0131m\u0131n karma\u015f\u0131k tasar\u0131m\u0131n\u0131 g\u00fczel bir \u015fekilde sergiliyor <strong>Halat <a href=\"https:\/\/www.purejewels.com\/tr\/product-category\/22ct-gold-jewellery\/gold-chains\/\">Zincirler<\/a><\/strong>Her k\u0131yafeti tamamlayan sofistike ama cesur bir ifade sa\u011flar.<\/p>\n<p>Dayan\u0131kl\u0131 ama zarif <strong>alt\u0131n halat<\/strong> tasar\u0131m\u0131, \u00e7arp\u0131c\u0131 ve parlak \u00e7ekicili\u011fini korurken uzun \u00f6m\u00fcrl\u00fc kullan\u0131m sa\u011flar. \u0130ster tek ba\u015f\u0131na ister bir kolye ucuyla birlikte tak\u0131ls\u0131n, bu <strong>18 ayar alt\u0131n halat zincir<\/strong> \u00e7ok y\u00f6nl\u00fc bir eklentidir. <strong>m\u00fccevher koleksiyonu<\/strong>Her kullan\u0131mda hem zarafet hem de g\u00fc\u00e7 yayar.<\/p>\n<p><span style=\"font-weight: 400;\">\u0130lham bazen do\u011fadan, sanattan ve \u00e7evremizden, bazen de beklenmedik kaynaklardan gelir. Bu ba\u011flamda zincirler, siluetleri s\u00f6z konusu oldu\u011funda ak\u0131\u015fkan ve serbesttir, ancak i\u015f detaylara ve ilgi \u00e7ekici unsurlara geldi\u011finde <a href=\"https:\/\/www.purejewels.com\/tr\/a-guide-to-die-stamping\/\">zanaatkarl\u0131k<\/a> tasar\u0131mlar\u0131n\u0131 geli\u015ftirirken do\u011fal ve antik unsurlardan ilham al\u0131yor. Bu 18 ayar alt\u0131n zincir, yap\u0131s\u0131n\u0131 vermek i\u00e7in bir araya gelen dokuma halat tellerinden esinlenmi\u015ftir. Bizim <strong>18 karat <a href=\"https:\/\/www.purejewels.com\/tr\/product-category\/22ct-gold-jewellery\/gold-necklaces\/\">alt\u0131n kolye<\/a><\/strong> i\u00e7 i\u00e7e ge\u00e7mi\u015f ip tellerinin bir araya gelerek olu\u015fturdu\u011fu ham dokuyu, rengi ve \u00f6z\u00fc temsil etmek \u00fczere tasarlanm\u0131\u015ft\u0131r.\u00a0<\/span><\/p>\n<p><span style=\"font-weight: 400;\">Bu <strong>alt\u0131n halat zincir<\/strong> Purejewels taraf\u0131ndan tasarlanan bu \u00fcr\u00fcn, sahip oldu\u011fu \u00e7ift ton nedeniyle benzersizdir ve iki farkl\u0131 halat tasar\u0131m\u0131n\u0131 daha kal\u0131n bir birim olu\u015fturmak \u00fczere g\u00fczel bir \u015fekilde birle\u015ftirdi\u011fi i\u00e7in t\u00fcr\u00fcn\u00fcn tek \u00f6rne\u011fidir. Bu iki tonlu<strong> halat zinciri<\/strong> i\u00e7inde <strong>18 ayar sar\u0131 alt\u0131n<\/strong> muhte\u015fem g\u00f6r\u00fcn\u00fcyor ve 16 in\u00e7lik standart uzunlu\u011fu ile boynunuza m\u00fckemmel bir \u015fekilde otururken g\u00fczel g\u00f6r\u00fcn\u00fcyor. Tasar\u0131m l\u00fcks, cesur ve \u015f\u0131kt\u0131r. Bu bir ifade <strong>alt\u0131n kolye<\/strong> Boynunuzun etraf\u0131ndaki katman\u0131 veya bir kolyeyi \u015fekillendirme \u015feklinizi de\u011fi\u015ftirebilir veya hatta ba\u011f\u0131ms\u0131z olarak \u015fekillendirebilirsiniz.\u00a0<\/span><\/p>","protected":false},"excerpt":{"rendered":"<table class=\"sh_desc\">\n<tbody>\n<tr>\n<td>Zincir Tipi<\/td>\n<td>Halat Zincir<\/td>\n<\/tr>\n<tr>\n<td>SKU<\/td>\n<td>26053<\/td>\n<\/tr>\n<tr>\n<td>A\u011f\u0131rl\u0131k<\/td>\n<td>8.9 Gms<\/td>\n<\/tr>\n<tr>\n<td>Metal<\/td>\n<td>18 Ayar Sar\u0131 Alt\u0131n<\/td>\n<\/tr>\n<tr>\n<td>Kal\u0131nl\u0131k<\/td>\n<td>2,5 mm<\/td>\n<\/tr>\n<tr>\n<td>Uzunluk<\/td>\n<td>16 in\u00e7<\/td>\n<\/tr>\n<tr>\n<td>Hallmark<\/td>\n<td>Londra Tahlil Ofisi Taraf\u0131ndan Damgalanm\u0131\u015f 18 Ayar Alt\u0131n<\/td>\n<\/tr>\n<tr>\n<td>\u00dccretler<\/td>\n<td>Teslimat ve KDV Dahil<\/td>\n<\/tr>\n<tr>\n<td>Paketleme<\/td>\n<td>Sunum Kutusu ile Birlikte Gelir<\/td>\n<\/tr>\n<tr>\n<td>Daha Fazla Bilgi<\/td>\n<td>M\u00fcsaitlik durumu ve daha fazla resim i\u00e7in bizimle canl\u0131 sohbet edin<\/td>\n<\/tr>\n<\/tbody>\n<\/table>","protected":false},"featured_media":314126,"comment_status":"closed","ping_status":"closed","template":"","meta":{"_eb_attr":"","_crsspst_to_jayantr4sg-hostcom":false},"product_brand":[],"product_cat":[5013,5264,1559,1571,1475,1773,5268,1569,1573,1574],"product_tag":[4121],"class_list":{"0":"post-308687","1":"product","2":"type-product","3":"status-publish","4":"has-post-thumbnail","6":"product_cat-16-inch-ladies-chain","7":"product_cat-22ct-gold-chain","8":"product_cat-birthday-gifts","9":"product_cat-fathers-day-gifts","10":"product_cat-gold-chains","11":"product_cat-ladies-chains","12":"product_cat-rope-chain","13":"product_cat-valentine-day-gifts","14":"product_cat-wedding-gifts","15":"product_cat-womens-jewellery","16":"product_tag-chains-for-sale","18":"first","19":"onbackorder","20":"taxable","21":"shipping-taxable","22":"product-type-simple","23":"add-to-wishlist-before_image"},"yoast_head":"<!-- This site is optimized with the Yoast SEO plugin v27.5 - https:\/\/yoast.com\/product\/yoast-seo-wordpress\/ -->\n<title>Rope Chain | 18 Carat Yellow Gold Rope Chain in 16 inches<\/title>\n<meta name=\"description\" content=\"Explore our Collection of Real Gold Chains. Shop 18ct Yellow Gold Two Tone Chain. Gold\u00a0Jewellery Hallmarked by London Assay Office\" \/>\n<meta name=\"robots\" content=\"index, follow, max-snippet:-1, max-image-preview:large, max-video-preview:-1\" \/>\n<link rel=\"canonical\" href=\"https:\/\/www.purejewels.com\/tr\/urun\/22-ayar-sari-altin-halat-zincir-16-inc\/\" \/>\n<meta property=\"og:locale\" content=\"tr_TR\" \/>\n<meta property=\"og:type\" content=\"article\" \/>\n<meta property=\"og:title\" content=\"Rope Chain | 18 Carat Yellow Gold Rope Chain in 16 inches\" \/>\n<meta property=\"og:description\" content=\"Explore our Collection of Real Gold Chains. Shop 18ct Yellow Gold Two Tone Chain. Gold\u00a0Jewellery Hallmarked by London Assay Office\" \/>\n<meta property=\"og:url\" content=\"https:\/\/www.purejewels.com\/tr\/urun\/22-ayar-sari-altin-halat-zincir-16-inc\/\" \/>\n<meta property=\"og:site_name\" content=\"PureJewels UK\" \/>\n<meta property=\"article:modified_time\" content=\"2025-08-05T07:58:58+00:00\" \/>\n<meta property=\"og:image\" content=\"https:\/\/www.purejewels.com\/wp-content\/uploads\/2020\/05\/135871338.png\" \/>\n\t<meta property=\"og:image:width\" content=\"1000\" \/>\n\t<meta property=\"og:image:height\" content=\"1000\" \/>\n\t<meta property=\"og:image:type\" content=\"image\/png\" \/>\n<meta name=\"twitter:card\" content=\"summary_large_image\" \/>\n<meta name=\"twitter:label1\" content=\"Tahmini okuma s\u00fcresi\" \/>\n\t<meta name=\"twitter:data1\" content=\"1 dakika\" \/>\n<script type=\"application\/ld+json\" class=\"yoast-schema-graph\">{\"@context\":\"https:\\\/\\\/schema.org\",\"@graph\":[{\"@type\":[\"WebPage\",\"ItemPage\"],\"@id\":\"https:\\\/\\\/www.purejewels.com\\\/product\\\/22-carat-yellow-gold-rope-chain-in-16-inches\\\/\",\"url\":\"https:\\\/\\\/www.purejewels.com\\\/product\\\/22-carat-yellow-gold-rope-chain-in-16-inches\\\/\",\"name\":\"Rope Chain | 18 Carat Yellow Gold Rope Chain in 16 inches\",\"isPartOf\":{\"@id\":\"https:\\\/\\\/www.purejewels.com\\\/#website\"},\"primaryImageOfPage\":{\"@id\":\"https:\\\/\\\/www.purejewels.com\\\/product\\\/22-carat-yellow-gold-rope-chain-in-16-inches\\\/#primaryimage\"},\"image\":{\"@id\":\"https:\\\/\\\/www.purejewels.com\\\/product\\\/22-carat-yellow-gold-rope-chain-in-16-inches\\\/#primaryimage\"},\"thumbnailUrl\":\"https:\\\/\\\/static.purejewels.com\\\/wp-content\\\/uploads\\\/2020\\\/05\\\/135871338.png\",\"datePublished\":\"2019-01-17T09:47:26+00:00\",\"dateModified\":\"2025-08-05T07:58:58+00:00\",\"description\":\"Explore our Collection of Real Gold Chains. Shop 18ct Yellow Gold Two Tone Chain. Gold\u00a0Jewellery Hallmarked by London Assay Office\",\"breadcrumb\":{\"@id\":\"https:\\\/\\\/www.purejewels.com\\\/product\\\/22-carat-yellow-gold-rope-chain-in-16-inches\\\/#breadcrumb\"},\"inLanguage\":\"tr\",\"potentialAction\":[{\"@type\":\"ReadAction\",\"target\":[\"https:\\\/\\\/www.purejewels.com\\\/product\\\/22-carat-yellow-gold-rope-chain-in-16-inches\\\/\"]}]},{\"@type\":\"ImageObject\",\"inLanguage\":\"tr\",\"@id\":\"https:\\\/\\\/www.purejewels.com\\\/product\\\/22-carat-yellow-gold-rope-chain-in-16-inches\\\/#primaryimage\",\"url\":\"https:\\\/\\\/static.purejewels.com\\\/wp-content\\\/uploads\\\/2020\\\/05\\\/135871338.png\",\"contentUrl\":\"https:\\\/\\\/static.purejewels.com\\\/wp-content\\\/uploads\\\/2020\\\/05\\\/135871338.png\",\"width\":1000,\"height\":1000,\"caption\":\"18 Carat Yellow Gold Rope Chain in 16 inchesWt. 8.9\u00a0gLength. 16? inchesSKU. 26053All prices include VATAll our products are hallmarked by London Assay OfficeComes With Presentation BoxDelivery IncludedContact us \\\/ chat with us on to see video of product\"},{\"@type\":\"BreadcrumbList\",\"@id\":\"https:\\\/\\\/www.purejewels.com\\\/product\\\/22-carat-yellow-gold-rope-chain-in-16-inches\\\/#breadcrumb\",\"itemListElement\":[{\"@type\":\"ListItem\",\"position\":1,\"name\":\"Home\",\"item\":\"https:\\\/\\\/www.purejewels.com\\\/\"},{\"@type\":\"ListItem\",\"position\":2,\"name\":\"Shop\",\"item\":\"https:\\\/\\\/www.purejewels.com\\\/shop\\\/\"},{\"@type\":\"ListItem\",\"position\":3,\"name\":\"18ct Gold | Rope Chain | 16 Inches | 2.5mm Thick\"}]},{\"@type\":\"WebSite\",\"@id\":\"https:\\\/\\\/www.purejewels.com\\\/#website\",\"url\":\"https:\\\/\\\/www.purejewels.com\\\/\",\"name\":\"PureJewels UK\",\"description\":\"Share the Love\",\"publisher\":{\"@id\":\"https:\\\/\\\/www.purejewels.com\\\/#organization\"},\"potentialAction\":[{\"@type\":\"SearchAction\",\"target\":{\"@type\":\"EntryPoint\",\"urlTemplate\":\"https:\\\/\\\/www.purejewels.com\\\/?s={search_term_string}\"},\"query-input\":{\"@type\":\"PropertyValueSpecification\",\"valueRequired\":true,\"valueName\":\"search_term_string\"}}],\"inLanguage\":\"tr\"},{\"@type\":\"Organization\",\"@id\":\"https:\\\/\\\/www.purejewels.com\\\/#organization\",\"name\":\"PureJewels UK\",\"url\":\"https:\\\/\\\/www.purejewels.com\\\/\",\"logo\":{\"@type\":\"ImageObject\",\"inLanguage\":\"tr\",\"@id\":\"https:\\\/\\\/www.purejewels.com\\\/#\\\/schema\\\/logo\\\/image\\\/\",\"url\":\"https:\\\/\\\/static.purejewels.com\\\/wp-content\\\/uploads\\\/2020\\\/11\\\/Logo-PJ-New-1.png\",\"contentUrl\":\"https:\\\/\\\/static.purejewels.com\\\/wp-content\\\/uploads\\\/2020\\\/11\\\/Logo-PJ-New-1.png\",\"width\":150,\"height\":80,\"caption\":\"PureJewels UK\"},\"image\":{\"@id\":\"https:\\\/\\\/www.purejewels.com\\\/#\\\/schema\\\/logo\\\/image\\\/\"}}]}<\/script>\n<!-- \/ Yoast SEO plugin. -->","yoast_head_json":{"title":"Halat Zincir | 18 Ayar Sar\u0131 Alt\u0131n Halat Zincir 16 in\u00e7","description":"Ger\u00e7ek Alt\u0131n Zincir Koleksiyonumuzu ke\u015ffedin. 18 Ayar Sar\u0131 Alt\u0131n \u0130ki Tonlu Zincir sat\u0131n al\u0131n. Londra Tahlil Ofisi Taraf\u0131ndan Damgalanm\u0131\u015f Alt\u0131n Tak\u0131lar","robots":{"index":"index","follow":"follow","max-snippet":"max-snippet:-1","max-image-preview":"max-image-preview:large","max-video-preview":"max-video-preview:-1"},"canonical":"https:\/\/www.purejewels.com\/tr\/urun\/22-ayar-sari-altin-halat-zincir-16-inc\/","og_locale":"tr_TR","og_type":"article","og_title":"Rope Chain | 18 Carat Yellow Gold Rope Chain in 16 inches","og_description":"Explore our Collection of Real Gold Chains. Shop 18ct Yellow Gold Two Tone Chain. Gold\u00a0Jewellery Hallmarked by London Assay Office","og_url":"https:\/\/www.purejewels.com\/tr\/urun\/22-ayar-sari-altin-halat-zincir-16-inc\/","og_site_name":"PureJewels UK","article_modified_time":"2025-08-05T07:58:58+00:00","og_image":[{"width":1000,"height":1000,"url":"https:\/\/www.purejewels.com\/wp-content\/uploads\/2020\/05\/135871338.png","type":"image\/png"}],"twitter_card":"summary_large_image","twitter_misc":{"Tahmini okuma s\u00fcresi":"1 dakika"},"schema":{"@context":"https:\/\/schema.org","@graph":[{"@type":["WebPage","ItemPage"],"@id":"https:\/\/www.purejewels.com\/product\/22-carat-yellow-gold-rope-chain-in-16-inches\/","url":"https:\/\/www.purejewels.com\/product\/22-carat-yellow-gold-rope-chain-in-16-inches\/","name":"Halat Zincir | 18 Ayar Sar\u0131 Alt\u0131n Halat Zincir 16 in\u00e7","isPartOf":{"@id":"https:\/\/www.purejewels.com\/#website"},"primaryImageOfPage":{"@id":"https:\/\/www.purejewels.com\/product\/22-carat-yellow-gold-rope-chain-in-16-inches\/#primaryimage"},"image":{"@id":"https:\/\/www.purejewels.com\/product\/22-carat-yellow-gold-rope-chain-in-16-inches\/#primaryimage"},"thumbnailUrl":"https:\/\/static.purejewels.com\/wp-content\/uploads\/2020\/05\/135871338.png","datePublished":"2019-01-17T09:47:26+00:00","dateModified":"2025-08-05T07:58:58+00:00","description":"Ger\u00e7ek Alt\u0131n Zincir Koleksiyonumuzu ke\u015ffedin. 18 Ayar Sar\u0131 Alt\u0131n \u0130ki Tonlu Zincir sat\u0131n al\u0131n. Londra Tahlil Ofisi Taraf\u0131ndan Damgalanm\u0131\u015f Alt\u0131n Tak\u0131lar","breadcrumb":{"@id":"https:\/\/www.purejewels.com\/product\/22-carat-yellow-gold-rope-chain-in-16-inches\/#breadcrumb"},"inLanguage":"tr","potentialAction":[{"@type":"ReadAction","target":["https:\/\/www.purejewels.com\/product\/22-carat-yellow-gold-rope-chain-in-16-inches\/"]}]},{"@type":"ImageObject","inLanguage":"tr","@id":"https:\/\/www.purejewels.com\/product\/22-carat-yellow-gold-rope-chain-in-16-inches\/#primaryimage","url":"https:\/\/static.purejewels.com\/wp-content\/uploads\/2020\/05\/135871338.png","contentUrl":"https:\/\/static.purejewels.com\/wp-content\/uploads\/2020\/05\/135871338.png","width":1000,"height":1000,"caption":"18 Carat Yellow Gold Rope Chain in 16 inchesWt. 8.9\u00a0gLength. 16? inchesSKU. 26053All prices include VATAll our products are hallmarked by London Assay OfficeComes With Presentation BoxDelivery IncludedContact us \/ chat with us on to see video of product"},{"@type":"BreadcrumbList","@id":"https:\/\/www.purejewels.com\/product\/22-carat-yellow-gold-rope-chain-in-16-inches\/#breadcrumb","itemListElement":[{"@type":"ListItem","position":1,"name":"Home","item":"https:\/\/www.purejewels.com\/"},{"@type":"ListItem","position":2,"name":"Shop","item":"https:\/\/www.purejewels.com\/shop\/"},{"@type":"ListItem","position":3,"name":"18ct Gold | Rope Chain | 16 Inches | 2.5mm Thick"}]},{"@type":"WebSite","@id":"https:\/\/www.purejewels.com\/#website","url":"https:\/\/www.purejewels.com\/","name":"PureJewels \u0130ngiltere","description":"Sevgiyi Payla\u015f\u0131n","publisher":{"@id":"https:\/\/www.purejewels.com\/#organization"},"potentialAction":[{"@type":"SearchAction","target":{"@type":"EntryPoint","urlTemplate":"https:\/\/www.purejewels.com\/?s={search_term_string}"},"query-input":{"@type":"PropertyValueSpecification","valueRequired":true,"valueName":"search_term_string"}}],"inLanguage":"tr"},{"@type":"Organization","@id":"https:\/\/www.purejewels.com\/#organization","name":"PureJewels \u0130ngiltere","url":"https:\/\/www.purejewels.com\/","logo":{"@type":"ImageObject","inLanguage":"tr","@id":"https:\/\/www.purejewels.com\/#\/schema\/logo\/image\/","url":"https:\/\/static.purejewels.com\/wp-content\/uploads\/2020\/11\/Logo-PJ-New-1.png","contentUrl":"https:\/\/static.purejewels.com\/wp-content\/uploads\/2020\/11\/Logo-PJ-New-1.png","width":150,"height":80,"caption":"PureJewels UK"},"image":{"@id":"https:\/\/www.purejewels.com\/#\/schema\/logo\/image\/"}}]}},"_links":{"self":[{"href":"https:\/\/www.purejewels.com\/tr\/wp-json\/wp\/v2\/product\/308687","targetHints":{"allow":["GET"]}}],"collection":[{"href":"https:\/\/www.purejewels.com\/tr\/wp-json\/wp\/v2\/product"}],"about":[{"href":"https:\/\/www.purejewels.com\/tr\/wp-json\/wp\/v2\/types\/product"}],"replies":[{"embeddable":true,"href":"https:\/\/www.purejewels.com\/tr\/wp-json\/wp\/v2\/comments?post=308687"}],"version-history":[{"count":3,"href":"https:\/\/www.purejewels.com\/tr\/wp-json\/wp\/v2\/product\/308687\/revisions"}],"predecessor-version":[{"id":403416,"href":"https:\/\/www.purejewels.com\/tr\/wp-json\/wp\/v2\/product\/308687\/revisions\/403416"}],"wp:featuredmedia":[{"embeddable":true,"href":"https:\/\/www.purejewels.com\/tr\/wp-json\/wp\/v2\/media\/314126"}],"wp:attachment":[{"href":"https:\/\/www.purejewels.com\/tr\/wp-json\/wp\/v2\/media?parent=308687"}],"wp:term":[{"taxonomy":"product_brand","embeddable":true,"href":"https:\/\/www.purejewels.com\/tr\/wp-json\/wp\/v2\/product_brand?post=308687"},{"taxonomy":"product_cat","embeddable":true,"href":"https:\/\/www.purejewels.com\/tr\/wp-json\/wp\/v2\/product_cat?post=308687"},{"taxonomy":"product_tag","embeddable":true,"href":"https:\/\/www.purejewels.com\/tr\/wp-json\/wp\/v2\/product_tag?post=308687"}],"curies":[{"name":"wp","href":"https:\/\/api.w.org\/{rel}","templated":true}]}}