{"id":308764,"date":"2019-02-08T08:49:14","date_gmt":"2019-02-08T08:49:14","guid":{"rendered":"https:\/\/www.purejewels.com\/?post_type=product&#038;p=308764"},"modified":"2025-11-25T11:29:46","modified_gmt":"2025-11-25T11:29:46","slug":"geli%cc%87n-kolye-seti%cc%87","status":"publish","type":"product","link":"https:\/\/www.purejewels.com\/tr\/product\/bridal-necklace-set\/","title":{"rendered":"22 ayar alt\u0131n paisley gelin kolyesi"},"content":{"rendered":"<p>Gelinlerin ihti\u015fam\u0131n\u0131 \u00e7arp\u0131c\u0131 bir \u015fekilde yans\u0131tan<em data-start=\"265\" data-end=\"309\">\u00a022 ayar alt\u0131n Paisley <a href=\"https:\/\/www.purejewels.com\/tr\/product\/22ct-gold-bridal-necklace-46262\/\">Gelin Kolyesi<\/a><\/em> zengin miras zanaatkarl\u0131\u011f\u0131n\u0131n sanat\u0131n\u0131 yans\u0131t\u0131yor. Karma\u015f\u0131k oyma alt\u0131n paneller, kolyenin asil k\u0131vr\u0131mlar\u0131n\u0131 olu\u015fturuyor ve her par\u00e7a, narin tohum benzeri dokular ve incilerle vurgulan\u0131yor. Merkezinde, refah ve sonsuzlu\u011fu simgeleyen paisley motifi, \u0131\u015f\u0131lt\u0131l\u0131 ta\u015flar ve zarif bir damla kolye ucu ile hayat buluyor. Tasar\u0131m, boyun \u00e7izgisinde simetrik olarak ak\u0131yor ve dengeli bir incelikle zenginlik yay\u0131yor. Bu miras de\u011feri olan par\u00e7a, hem gelene\u011fi hem de farkl\u0131l\u0131\u011f\u0131 \u00f6nemseyen se\u00e7ici gelinler i\u00e7in idealdir.<\/p>","protected":false},"excerpt":{"rendered":"<ul>\n<li>Asya Alt\u0131n Gelin Tak\u0131lar\u0131 uk<\/li>\n<li>Anusha Koleksiyonumuzdan gelin kolyesi.<\/li>\n<li>A\u011f\u0131rl\u0131k 39.90g<\/li>\n<li>SKU. 28877<\/li>\n<li>T\u00fcm fiyatlara KDV dahildir<\/li>\n<li>T\u00fcm \u00fcr\u00fcnlerimiz Londra Tahlil Ofisi taraf\u0131ndan damgalanm\u0131\u015ft\u0131r<\/li>\n<li>Sunum Kutusu ile Birlikte Gelir<\/li>\n<li>Teslimat Dahil<\/li>\n<li>Forest Gate, Londra, \u0130ngiltere'deki ma\u011fazam\u0131zda bulunan t\u00fcm yeni Asya Gelin alt\u0131n kolye ve k\u00fcpe seti \u0130ngiltere yelpazesini g\u00f6rmek i\u00e7in bizimle sohbet edin<\/li>\n<li><\/li>\n<\/ul>","protected":false},"featured_media":309140,"comment_status":"closed","ping_status":"closed","template":"","meta":{"_eb_attr":"","_crsspst_to_jayantr4sg-hostcom":false},"product_brand":[],"product_cat":[256,1625,1574],"product_tag":[],"class_list":{"0":"post-308764","1":"product","2":"type-product","3":"status-publish","4":"has-post-thumbnail","6":"product_cat-anusha-collections","7":"product_cat-bridal-set","8":"product_cat-womens-jewellery","10":"first","11":"outofstock","12":"taxable","13":"shipping-taxable","14":"product-type-simple","15":"add-to-wishlist-before_image"},"yoast_head":"<!-- This site is optimized with the Yoast SEO plugin v27.3 - https:\/\/yoast.com\/product\/yoast-seo-wordpress\/ -->\n<title>Paisley Motif 22ct Gold Bridal Necklace | PureJewels London<\/title>\n<meta name=\"description\" content=\"Intricately crafted 22ct gold bridal necklace with paisley motifs and pearl accents\u2014designed for regal bridal elegance and timeless heritage charm.\" \/>\n<meta name=\"robots\" content=\"index, follow, max-snippet:-1, max-image-preview:large, max-video-preview:-1\" \/>\n<link rel=\"canonical\" href=\"https:\/\/www.purejewels.com\/tr\/urun\/geli\u0307n-kolye-seti\u0307\/\" \/>\n<meta property=\"og:locale\" content=\"tr_TR\" \/>\n<meta property=\"og:type\" content=\"article\" \/>\n<meta property=\"og:title\" content=\"Paisley Motif 22ct Gold Bridal Necklace | PureJewels London\" \/>\n<meta property=\"og:description\" content=\"Intricately crafted 22ct gold bridal necklace with paisley motifs and pearl accents\u2014designed for regal bridal elegance and timeless heritage charm.\" \/>\n<meta property=\"og:url\" content=\"https:\/\/www.purejewels.com\/tr\/urun\/geli\u0307n-kolye-seti\u0307\/\" \/>\n<meta property=\"og:site_name\" content=\"PureJewels UK\" \/>\n<meta property=\"article:modified_time\" content=\"2025-11-25T11:29:46+00:00\" \/>\n<meta property=\"og:image\" content=\"https:\/\/www.purejewels.com\/wp-content\/uploads\/2019\/01\/28877.png\" \/>\n\t<meta property=\"og:image:width\" content=\"1000\" \/>\n\t<meta property=\"og:image:height\" content=\"1000\" \/>\n\t<meta property=\"og:image:type\" content=\"image\/png\" \/>\n<meta name=\"twitter:card\" content=\"summary_large_image\" \/>\n<meta name=\"twitter:label1\" content=\"Tahmini okuma s\u00fcresi\" \/>\n\t<meta name=\"twitter:data1\" content=\"1 dakika\" \/>\n<script type=\"application\/ld+json\" class=\"yoast-schema-graph\">{\"@context\":\"https:\\\/\\\/schema.org\",\"@graph\":[{\"@type\":[\"WebPage\",\"ItemPage\"],\"@id\":\"https:\\\/\\\/www.purejewels.com\\\/product\\\/bridal-necklace-set\\\/\",\"url\":\"https:\\\/\\\/www.purejewels.com\\\/product\\\/bridal-necklace-set\\\/\",\"name\":\"Paisley Motif 22ct Gold Bridal Necklace | PureJewels London\",\"isPartOf\":{\"@id\":\"https:\\\/\\\/www.purejewels.com\\\/#website\"},\"primaryImageOfPage\":{\"@id\":\"https:\\\/\\\/www.purejewels.com\\\/product\\\/bridal-necklace-set\\\/#primaryimage\"},\"image\":{\"@id\":\"https:\\\/\\\/www.purejewels.com\\\/product\\\/bridal-necklace-set\\\/#primaryimage\"},\"thumbnailUrl\":\"https:\\\/\\\/static.purejewels.com\\\/wp-content\\\/uploads\\\/2019\\\/01\\\/28877.png\",\"datePublished\":\"2019-02-08T08:49:14+00:00\",\"dateModified\":\"2025-11-25T11:29:46+00:00\",\"description\":\"Intricately crafted 22ct gold bridal necklace with paisley motifs and pearl accents\u2014designed for regal bridal elegance and timeless heritage charm.\",\"breadcrumb\":{\"@id\":\"https:\\\/\\\/www.purejewels.com\\\/product\\\/bridal-necklace-set\\\/#breadcrumb\"},\"inLanguage\":\"tr\",\"potentialAction\":[{\"@type\":\"ReadAction\",\"target\":[\"https:\\\/\\\/www.purejewels.com\\\/product\\\/bridal-necklace-set\\\/\"]}]},{\"@type\":\"ImageObject\",\"inLanguage\":\"tr\",\"@id\":\"https:\\\/\\\/www.purejewels.com\\\/product\\\/bridal-necklace-set\\\/#primaryimage\",\"url\":\"https:\\\/\\\/static.purejewels.com\\\/wp-content\\\/uploads\\\/2019\\\/01\\\/28877.png\",\"contentUrl\":\"https:\\\/\\\/static.purejewels.com\\\/wp-content\\\/uploads\\\/2019\\\/01\\\/28877.png\",\"width\":1000,\"height\":1000,\"caption\":\"28877\"},{\"@type\":\"BreadcrumbList\",\"@id\":\"https:\\\/\\\/www.purejewels.com\\\/product\\\/bridal-necklace-set\\\/#breadcrumb\",\"itemListElement\":[{\"@type\":\"ListItem\",\"position\":1,\"name\":\"Home\",\"item\":\"https:\\\/\\\/www.purejewels.com\\\/\"},{\"@type\":\"ListItem\",\"position\":2,\"name\":\"Shop\",\"item\":\"https:\\\/\\\/www.purejewels.com\\\/shop\\\/\"},{\"@type\":\"ListItem\",\"position\":3,\"name\":\"22ct Gold Paisley Bridal Necklace\"}]},{\"@type\":\"WebSite\",\"@id\":\"https:\\\/\\\/www.purejewels.com\\\/#website\",\"url\":\"https:\\\/\\\/www.purejewels.com\\\/\",\"name\":\"PureJewels UK\",\"description\":\"Share the Love\",\"publisher\":{\"@id\":\"https:\\\/\\\/www.purejewels.com\\\/#organization\"},\"potentialAction\":[{\"@type\":\"SearchAction\",\"target\":{\"@type\":\"EntryPoint\",\"urlTemplate\":\"https:\\\/\\\/www.purejewels.com\\\/?s={search_term_string}\"},\"query-input\":{\"@type\":\"PropertyValueSpecification\",\"valueRequired\":true,\"valueName\":\"search_term_string\"}}],\"inLanguage\":\"tr\"},{\"@type\":\"Organization\",\"@id\":\"https:\\\/\\\/www.purejewels.com\\\/#organization\",\"name\":\"PureJewels UK\",\"url\":\"https:\\\/\\\/www.purejewels.com\\\/\",\"logo\":{\"@type\":\"ImageObject\",\"inLanguage\":\"tr\",\"@id\":\"https:\\\/\\\/www.purejewels.com\\\/#\\\/schema\\\/logo\\\/image\\\/\",\"url\":\"https:\\\/\\\/static.purejewels.com\\\/wp-content\\\/uploads\\\/2020\\\/11\\\/Logo-PJ-New-1.png\",\"contentUrl\":\"https:\\\/\\\/static.purejewels.com\\\/wp-content\\\/uploads\\\/2020\\\/11\\\/Logo-PJ-New-1.png\",\"width\":150,\"height\":80,\"caption\":\"PureJewels UK\"},\"image\":{\"@id\":\"https:\\\/\\\/www.purejewels.com\\\/#\\\/schema\\\/logo\\\/image\\\/\"}}]}<\/script>\n<!-- \/ Yoast SEO plugin. -->","yoast_head_json":{"title":"Paisley Motifli 22 Ayar Alt\u0131n Gelin Kolyesi | PureJewels Londra","description":"Paisley motifleri ve inci detaylar\u0131yla \u00f6zenle i\u015flenmi\u015f 22 ayar alt\u0131n gelin kolyesi, kraliyet gelinlerinin zarafeti ve zamans\u0131z miras\u0131n cazibesi i\u00e7in tasarlanm\u0131\u015ft\u0131r.","robots":{"index":"index","follow":"follow","max-snippet":"max-snippet:-1","max-image-preview":"max-image-preview:large","max-video-preview":"max-video-preview:-1"},"canonical":"https:\/\/www.purejewels.com\/tr\/urun\/geli\u0307n-kolye-seti\u0307\/","og_locale":"tr_TR","og_type":"article","og_title":"Paisley Motif 22ct Gold Bridal Necklace | PureJewels London","og_description":"Intricately crafted 22ct gold bridal necklace with paisley motifs and pearl accents\u2014designed for regal bridal elegance and timeless heritage charm.","og_url":"https:\/\/www.purejewels.com\/tr\/urun\/geli\u0307n-kolye-seti\u0307\/","og_site_name":"PureJewels UK","article_modified_time":"2025-11-25T11:29:46+00:00","og_image":[{"width":1000,"height":1000,"url":"https:\/\/www.purejewels.com\/wp-content\/uploads\/2019\/01\/28877.png","type":"image\/png"}],"twitter_card":"summary_large_image","twitter_misc":{"Tahmini okuma s\u00fcresi":"1 dakika"},"schema":{"@context":"https:\/\/schema.org","@graph":[{"@type":["WebPage","ItemPage"],"@id":"https:\/\/www.purejewels.com\/product\/bridal-necklace-set\/","url":"https:\/\/www.purejewels.com\/product\/bridal-necklace-set\/","name":"Paisley Motifli 22 Ayar Alt\u0131n Gelin Kolyesi | PureJewels Londra","isPartOf":{"@id":"https:\/\/www.purejewels.com\/#website"},"primaryImageOfPage":{"@id":"https:\/\/www.purejewels.com\/product\/bridal-necklace-set\/#primaryimage"},"image":{"@id":"https:\/\/www.purejewels.com\/product\/bridal-necklace-set\/#primaryimage"},"thumbnailUrl":"https:\/\/static.purejewels.com\/wp-content\/uploads\/2019\/01\/28877.png","datePublished":"2019-02-08T08:49:14+00:00","dateModified":"2025-11-25T11:29:46+00:00","description":"Paisley motifleri ve inci detaylar\u0131yla \u00f6zenle i\u015flenmi\u015f 22 ayar alt\u0131n gelin kolyesi, kraliyet gelinlerinin zarafeti ve zamans\u0131z miras\u0131n cazibesi i\u00e7in tasarlanm\u0131\u015ft\u0131r.","breadcrumb":{"@id":"https:\/\/www.purejewels.com\/product\/bridal-necklace-set\/#breadcrumb"},"inLanguage":"tr","potentialAction":[{"@type":"ReadAction","target":["https:\/\/www.purejewels.com\/product\/bridal-necklace-set\/"]}]},{"@type":"ImageObject","inLanguage":"tr","@id":"https:\/\/www.purejewels.com\/product\/bridal-necklace-set\/#primaryimage","url":"https:\/\/static.purejewels.com\/wp-content\/uploads\/2019\/01\/28877.png","contentUrl":"https:\/\/static.purejewels.com\/wp-content\/uploads\/2019\/01\/28877.png","width":1000,"height":1000,"caption":"28877"},{"@type":"BreadcrumbList","@id":"https:\/\/www.purejewels.com\/product\/bridal-necklace-set\/#breadcrumb","itemListElement":[{"@type":"ListItem","position":1,"name":"Home","item":"https:\/\/www.purejewels.com\/"},{"@type":"ListItem","position":2,"name":"Shop","item":"https:\/\/www.purejewels.com\/shop\/"},{"@type":"ListItem","position":3,"name":"22ct Gold Paisley Bridal Necklace"}]},{"@type":"WebSite","@id":"https:\/\/www.purejewels.com\/#website","url":"https:\/\/www.purejewels.com\/","name":"PureJewels \u0130ngiltere","description":"Sevgiyi Payla\u015f\u0131n","publisher":{"@id":"https:\/\/www.purejewels.com\/#organization"},"potentialAction":[{"@type":"SearchAction","target":{"@type":"EntryPoint","urlTemplate":"https:\/\/www.purejewels.com\/?s={search_term_string}"},"query-input":{"@type":"PropertyValueSpecification","valueRequired":true,"valueName":"search_term_string"}}],"inLanguage":"tr"},{"@type":"Organization","@id":"https:\/\/www.purejewels.com\/#organization","name":"PureJewels \u0130ngiltere","url":"https:\/\/www.purejewels.com\/","logo":{"@type":"ImageObject","inLanguage":"tr","@id":"https:\/\/www.purejewels.com\/#\/schema\/logo\/image\/","url":"https:\/\/static.purejewels.com\/wp-content\/uploads\/2020\/11\/Logo-PJ-New-1.png","contentUrl":"https:\/\/static.purejewels.com\/wp-content\/uploads\/2020\/11\/Logo-PJ-New-1.png","width":150,"height":80,"caption":"PureJewels UK"},"image":{"@id":"https:\/\/www.purejewels.com\/#\/schema\/logo\/image\/"}}]}},"_links":{"self":[{"href":"https:\/\/www.purejewels.com\/tr\/wp-json\/wp\/v2\/product\/308764","targetHints":{"allow":["GET"]}}],"collection":[{"href":"https:\/\/www.purejewels.com\/tr\/wp-json\/wp\/v2\/product"}],"about":[{"href":"https:\/\/www.purejewels.com\/tr\/wp-json\/wp\/v2\/types\/product"}],"replies":[{"embeddable":true,"href":"https:\/\/www.purejewels.com\/tr\/wp-json\/wp\/v2\/comments?post=308764"}],"version-history":[{"count":2,"href":"https:\/\/www.purejewels.com\/tr\/wp-json\/wp\/v2\/product\/308764\/revisions"}],"predecessor-version":[{"id":421840,"href":"https:\/\/www.purejewels.com\/tr\/wp-json\/wp\/v2\/product\/308764\/revisions\/421840"}],"wp:featuredmedia":[{"embeddable":true,"href":"https:\/\/www.purejewels.com\/tr\/wp-json\/wp\/v2\/media\/309140"}],"wp:attachment":[{"href":"https:\/\/www.purejewels.com\/tr\/wp-json\/wp\/v2\/media?parent=308764"}],"wp:term":[{"taxonomy":"product_brand","embeddable":true,"href":"https:\/\/www.purejewels.com\/tr\/wp-json\/wp\/v2\/product_brand?post=308764"},{"taxonomy":"product_cat","embeddable":true,"href":"https:\/\/www.purejewels.com\/tr\/wp-json\/wp\/v2\/product_cat?post=308764"},{"taxonomy":"product_tag","embeddable":true,"href":"https:\/\/www.purejewels.com\/tr\/wp-json\/wp\/v2\/product_tag?post=308764"}],"curies":[{"name":"wp","href":"https:\/\/api.w.org\/{rel}","templated":true}]}}