{"id":308766,"date":"2019-02-08T08:55:54","date_gmt":"2019-02-08T08:55:54","guid":{"rendered":"https:\/\/www.purejewels.com\/?post_type=product&#038;p=308766"},"modified":"2026-01-06T06:58:37","modified_gmt":"2026-01-06T06:58:37","slug":"22-ayar-altin-hint-kupeleri-2","status":"publish","type":"product","link":"https:\/\/www.purejewels.com\/tr\/product\/22-carat-gold-indian-earrings-2\/","title":{"rendered":"\u00c7i\u00e7ek Desenli Paisley 22 Ayar Alt\u0131n Polki K\u00fcpeler"},"content":{"rendered":"<p data-start=\"607\" data-end=\"953\"><strong data-start=\"607\" data-end=\"625\">Tasar\u0131m Konsepti<\/strong><br data-start=\"625\" data-end=\"628\" \/>Hint miras\u0131n\u0131n zamans\u0131z zarafetinden esinlenerek, Floral Paisley <a href=\"https:\/\/www.purejewels.com\/tr\/product-category\/22ct-gold-jewellery\/gold-earrings\/\">K\u00fcpeler<\/a> Hayat\u0131 ve bereketi simgeleyen paisley deseniyle narin \u00e7i\u00e7ek motifini bir araya getiren bu tasar\u0131m, do\u011fal k\u0131vr\u0131mlar ve damla \u015feklindeki Polki ta\u015flarla vurgulanarak klasik Bab\u00fcr m\u00fccevher gelene\u011fine sayg\u0131 duru\u015funda bulunuyor.<\/p>\n<p data-start=\"955\" data-end=\"1339\"><strong data-start=\"955\" data-end=\"972\">Zanaatkarl\u0131k<\/strong><br data-start=\"972\" data-end=\"975\" \/>22 ayar sar\u0131 alt\u0131ndan ustaca el i\u015f\u00e7ili\u011fi ile \u00fcretilen k\u00fcpeler, kesilmemi\u015f Polki ta\u015flar\u0131 ile s\u00fcslenmi\u015f olup, ge\u00e7mi\u015f d\u00f6nemlerin ihti\u015fam\u0131n\u0131 yans\u0131tmaktad\u0131r. <a href=\"https:\/\/www.purejewels.com\/tr\/armari-collection\/\">antika kaplama<\/a> vintage cazibesini art\u0131r\u0131rken, karma\u015f\u0131k grav\u00fcrler usta zanaatkarlar\u0131n becerisini yans\u0131t\u0131yor. Hafif ancak s\u00fcsl\u00fc olan bu \u00fcr\u00fcnler, en y\u00fcksek \u00f6zg\u00fcnl\u00fck ve konfor standartlar\u0131na g\u00f6re damgalanm\u0131\u015f ve \u00fcretilmi\u015ftir.<\/p>\n<p data-start=\"1341\" data-end=\"1615\"><strong data-start=\"1341\" data-end=\"1358\">Stil Fikirleri<\/strong><br data-start=\"1358\" data-end=\"1361\" \/>\u0130pek sari veya lehenga ile dikkat \u00e7ekici bir aksesuar olarak tak\u0131n ya da minimalist bir kurta ile kombinleyerek k\u0131yafetinizi bir \u00fcst seviyeye ta\u015f\u0131y\u0131n. D\u00fc\u011f\u00fcnler, Diwali veya k\u00fclt\u00fcrel kutlamalar i\u00e7in m\u00fckemmel olan bu tak\u0131lar, hayat\u0131n en de\u011ferli d\u00f6n\u00fcm noktalar\u0131 i\u00e7in anlaml\u0131 bir miras hediyesi olarak da idealdir.<\/p>","protected":false},"excerpt":{"rendered":"<p>Bu 22 ayar alt\u0131n k\u00fcpeler, kesilmemi\u015f Polki ta\u015flar\u0131 ve antika \u00e7i\u00e7ek detaylar\u0131yla s\u00fcslenmi\u015f klasik paisley siluetine sahiptir. Geleneksel Hint sanat\u0131n\u0131n bir kutlamas\u0131 olan bu k\u00fcpeler, d\u00fc\u011f\u00fcnler, kutlamalar veya aile yadigar\u0131 hediyeler i\u00e7in m\u00fckemmeldir.<\/p>\n<ul>\n<li>22 Ayar Alt\u0131n Hint K\u00fcpeleri<\/li>\n<li>Polki ta\u015fl\u0131 ve Antik Kaplama<\/li>\n<li>A\u011f\u0131rl\u0131k 7.7 g<\/li>\n<li>SKU. 28878<\/li>\n<li>T\u00fcm fiyatlara KDV dahildir<\/li>\n<li>T\u00fcm \u00dcr\u00fcnlerimiz Londra Tahlil Ofisi Taraf\u0131ndan Damgalanm\u0131\u015ft\u0131r<\/li>\n<li>Sunum Kutusu ile Birlikte Gelir<\/li>\n<li>Teslimat Dahil<\/li>\n<li>Londra, Forest Gate'teki ma\u011fazam\u0131zda bulunan yeni Asya gelin alt\u0131n kolye ve k\u00fcpe seti koleksiyonunun tamam\u0131n\u0131 g\u00f6rmek i\u00e7in bizimle sohbet edin.<\/li>\n<\/ul>","protected":false},"featured_media":309421,"comment_status":"closed","ping_status":"closed","template":"","meta":{"_eb_attr":"","_crsspst_to_jayantr4sg-hostcom":false},"product_brand":[],"product_cat":[256,236,1685,1229,1574],"product_tag":[],"class_list":{"0":"post-308766","1":"product","2":"type-product","3":"status-publish","4":"has-post-thumbnail","6":"product_cat-anusha-collections","7":"product_cat-collections","8":"product_cat-drop-earrings","9":"product_cat-22ct-gold-jewellery","10":"product_cat-womens-jewellery","12":"first","13":"outofstock","14":"taxable","15":"shipping-taxable","16":"product-type-simple","17":"add-to-wishlist-before_image"},"yoast_head":"<!-- This site is optimized with the Yoast SEO plugin v27.3 - https:\/\/yoast.com\/product\/yoast-seo-wordpress\/ -->\n<title>22ct Gold Indian Polki Earrings | Antique Finish Jewellery<\/title>\n<meta name=\"description\" content=\"Discover exquisite 22ct gold Indian earrings adorned with radiant Polki stones and completed with a graceful antique finish.\" \/>\n<meta name=\"robots\" content=\"index, follow, max-snippet:-1, max-image-preview:large, max-video-preview:-1\" \/>\n<link rel=\"canonical\" href=\"https:\/\/www.purejewels.com\/tr\/urun\/22-ayar-altin-hint-kupeleri-2\/\" \/>\n<meta property=\"og:locale\" content=\"tr_TR\" \/>\n<meta property=\"og:type\" content=\"article\" \/>\n<meta property=\"og:title\" content=\"22ct Gold Indian Polki Earrings | Antique Finish Jewellery\" \/>\n<meta property=\"og:description\" content=\"Discover exquisite 22ct gold Indian earrings adorned with radiant Polki stones and completed with a graceful antique finish.\" \/>\n<meta property=\"og:url\" content=\"https:\/\/www.purejewels.com\/tr\/urun\/22-ayar-altin-hint-kupeleri-2\/\" \/>\n<meta property=\"og:site_name\" content=\"PureJewels UK\" \/>\n<meta property=\"article:modified_time\" content=\"2026-01-06T06:58:37+00:00\" \/>\n<meta property=\"og:image\" content=\"https:\/\/static.purejewels.com\/wp-content\/uploads\/2019\/02\/28878_1.png\" \/>\n\t<meta property=\"og:image:width\" content=\"1000\" \/>\n\t<meta property=\"og:image:height\" content=\"1000\" \/>\n\t<meta property=\"og:image:type\" content=\"image\/png\" \/>\n<meta name=\"twitter:card\" content=\"summary_large_image\" \/>\n<meta name=\"twitter:label1\" content=\"Tahmini okuma s\u00fcresi\" \/>\n\t<meta name=\"twitter:data1\" content=\"1 dakika\" \/>\n<script type=\"application\/ld+json\" class=\"yoast-schema-graph\">{\"@context\":\"https:\\\/\\\/schema.org\",\"@graph\":[{\"@type\":[\"WebPage\",\"ItemPage\"],\"@id\":\"https:\\\/\\\/www.purejewels.com\\\/product\\\/22-carat-gold-indian-earrings-2\\\/\",\"url\":\"https:\\\/\\\/www.purejewels.com\\\/product\\\/22-carat-gold-indian-earrings-2\\\/\",\"name\":\"22ct Gold Indian Polki Earrings | Antique Finish Jewellery\",\"isPartOf\":{\"@id\":\"https:\\\/\\\/www.purejewels.com\\\/#website\"},\"primaryImageOfPage\":{\"@id\":\"https:\\\/\\\/www.purejewels.com\\\/product\\\/22-carat-gold-indian-earrings-2\\\/#primaryimage\"},\"image\":{\"@id\":\"https:\\\/\\\/www.purejewels.com\\\/product\\\/22-carat-gold-indian-earrings-2\\\/#primaryimage\"},\"thumbnailUrl\":\"https:\\\/\\\/static.purejewels.com\\\/wp-content\\\/uploads\\\/2019\\\/02\\\/28878_1.png\",\"datePublished\":\"2019-02-08T08:55:54+00:00\",\"dateModified\":\"2026-01-06T06:58:37+00:00\",\"description\":\"Discover exquisite 22ct gold Indian earrings adorned with radiant Polki stones and completed with a graceful antique finish.\",\"breadcrumb\":{\"@id\":\"https:\\\/\\\/www.purejewels.com\\\/product\\\/22-carat-gold-indian-earrings-2\\\/#breadcrumb\"},\"inLanguage\":\"tr\",\"potentialAction\":[{\"@type\":\"ReadAction\",\"target\":[\"https:\\\/\\\/www.purejewels.com\\\/product\\\/22-carat-gold-indian-earrings-2\\\/\"]}]},{\"@type\":\"ImageObject\",\"inLanguage\":\"tr\",\"@id\":\"https:\\\/\\\/www.purejewels.com\\\/product\\\/22-carat-gold-indian-earrings-2\\\/#primaryimage\",\"url\":\"https:\\\/\\\/static.purejewels.com\\\/wp-content\\\/uploads\\\/2019\\\/02\\\/28878_1.png\",\"contentUrl\":\"https:\\\/\\\/static.purejewels.com\\\/wp-content\\\/uploads\\\/2019\\\/02\\\/28878_1.png\",\"width\":1000,\"height\":1000,\"caption\":\"28878_1\"},{\"@type\":\"BreadcrumbList\",\"@id\":\"https:\\\/\\\/www.purejewels.com\\\/product\\\/22-carat-gold-indian-earrings-2\\\/#breadcrumb\",\"itemListElement\":[{\"@type\":\"ListItem\",\"position\":1,\"name\":\"Home\",\"item\":\"https:\\\/\\\/www.purejewels.com\\\/\"},{\"@type\":\"ListItem\",\"position\":2,\"name\":\"Shop\",\"item\":\"https:\\\/\\\/www.purejewels.com\\\/shop\\\/\"},{\"@type\":\"ListItem\",\"position\":3,\"name\":\"Floral Paisley 22ct Gold Polki Earrings\"}]},{\"@type\":\"WebSite\",\"@id\":\"https:\\\/\\\/www.purejewels.com\\\/#website\",\"url\":\"https:\\\/\\\/www.purejewels.com\\\/\",\"name\":\"PureJewels UK\",\"description\":\"Share the Love\",\"publisher\":{\"@id\":\"https:\\\/\\\/www.purejewels.com\\\/#organization\"},\"potentialAction\":[{\"@type\":\"SearchAction\",\"target\":{\"@type\":\"EntryPoint\",\"urlTemplate\":\"https:\\\/\\\/www.purejewels.com\\\/?s={search_term_string}\"},\"query-input\":{\"@type\":\"PropertyValueSpecification\",\"valueRequired\":true,\"valueName\":\"search_term_string\"}}],\"inLanguage\":\"tr\"},{\"@type\":\"Organization\",\"@id\":\"https:\\\/\\\/www.purejewels.com\\\/#organization\",\"name\":\"PureJewels UK\",\"url\":\"https:\\\/\\\/www.purejewels.com\\\/\",\"logo\":{\"@type\":\"ImageObject\",\"inLanguage\":\"tr\",\"@id\":\"https:\\\/\\\/www.purejewels.com\\\/#\\\/schema\\\/logo\\\/image\\\/\",\"url\":\"https:\\\/\\\/static.purejewels.com\\\/wp-content\\\/uploads\\\/2020\\\/11\\\/Logo-PJ-New-1.png\",\"contentUrl\":\"https:\\\/\\\/static.purejewels.com\\\/wp-content\\\/uploads\\\/2020\\\/11\\\/Logo-PJ-New-1.png\",\"width\":150,\"height\":80,\"caption\":\"PureJewels UK\"},\"image\":{\"@id\":\"https:\\\/\\\/www.purejewels.com\\\/#\\\/schema\\\/logo\\\/image\\\/\"}}]}<\/script>\n<!-- \/ Yoast SEO plugin. -->","yoast_head_json":{"title":"22 ayar alt\u0131n Hint Polki k\u00fcpeler | Antik kaplama tak\u0131lar","description":"Parlak Polki ta\u015flarla s\u00fcslenmi\u015f ve zarif antika kaplamayla tamamlanm\u0131\u015f, enfes 22 ayar alt\u0131n Hint k\u00fcpeleri ke\u015ffedin.","robots":{"index":"index","follow":"follow","max-snippet":"max-snippet:-1","max-image-preview":"max-image-preview:large","max-video-preview":"max-video-preview:-1"},"canonical":"https:\/\/www.purejewels.com\/tr\/urun\/22-ayar-altin-hint-kupeleri-2\/","og_locale":"tr_TR","og_type":"article","og_title":"22ct Gold Indian Polki Earrings | Antique Finish Jewellery","og_description":"Discover exquisite 22ct gold Indian earrings adorned with radiant Polki stones and completed with a graceful antique finish.","og_url":"https:\/\/www.purejewels.com\/tr\/urun\/22-ayar-altin-hint-kupeleri-2\/","og_site_name":"PureJewels UK","article_modified_time":"2026-01-06T06:58:37+00:00","og_image":[{"width":1000,"height":1000,"url":"https:\/\/static.purejewels.com\/wp-content\/uploads\/2019\/02\/28878_1.png","type":"image\/png"}],"twitter_card":"summary_large_image","twitter_misc":{"Tahmini okuma s\u00fcresi":"1 dakika"},"schema":{"@context":"https:\/\/schema.org","@graph":[{"@type":["WebPage","ItemPage"],"@id":"https:\/\/www.purejewels.com\/product\/22-carat-gold-indian-earrings-2\/","url":"https:\/\/www.purejewels.com\/product\/22-carat-gold-indian-earrings-2\/","name":"22 ayar alt\u0131n Hint Polki k\u00fcpeler | Antik kaplama tak\u0131lar","isPartOf":{"@id":"https:\/\/www.purejewels.com\/#website"},"primaryImageOfPage":{"@id":"https:\/\/www.purejewels.com\/product\/22-carat-gold-indian-earrings-2\/#primaryimage"},"image":{"@id":"https:\/\/www.purejewels.com\/product\/22-carat-gold-indian-earrings-2\/#primaryimage"},"thumbnailUrl":"https:\/\/static.purejewels.com\/wp-content\/uploads\/2019\/02\/28878_1.png","datePublished":"2019-02-08T08:55:54+00:00","dateModified":"2026-01-06T06:58:37+00:00","description":"Parlak Polki ta\u015flarla s\u00fcslenmi\u015f ve zarif antika kaplamayla tamamlanm\u0131\u015f, enfes 22 ayar alt\u0131n Hint k\u00fcpeleri ke\u015ffedin.","breadcrumb":{"@id":"https:\/\/www.purejewels.com\/product\/22-carat-gold-indian-earrings-2\/#breadcrumb"},"inLanguage":"tr","potentialAction":[{"@type":"ReadAction","target":["https:\/\/www.purejewels.com\/product\/22-carat-gold-indian-earrings-2\/"]}]},{"@type":"ImageObject","inLanguage":"tr","@id":"https:\/\/www.purejewels.com\/product\/22-carat-gold-indian-earrings-2\/#primaryimage","url":"https:\/\/static.purejewels.com\/wp-content\/uploads\/2019\/02\/28878_1.png","contentUrl":"https:\/\/static.purejewels.com\/wp-content\/uploads\/2019\/02\/28878_1.png","width":1000,"height":1000,"caption":"28878_1"},{"@type":"BreadcrumbList","@id":"https:\/\/www.purejewels.com\/product\/22-carat-gold-indian-earrings-2\/#breadcrumb","itemListElement":[{"@type":"ListItem","position":1,"name":"Home","item":"https:\/\/www.purejewels.com\/"},{"@type":"ListItem","position":2,"name":"Shop","item":"https:\/\/www.purejewels.com\/shop\/"},{"@type":"ListItem","position":3,"name":"Floral Paisley 22ct Gold Polki Earrings"}]},{"@type":"WebSite","@id":"https:\/\/www.purejewels.com\/#website","url":"https:\/\/www.purejewels.com\/","name":"PureJewels \u0130ngiltere","description":"Sevgiyi Payla\u015f\u0131n","publisher":{"@id":"https:\/\/www.purejewels.com\/#organization"},"potentialAction":[{"@type":"SearchAction","target":{"@type":"EntryPoint","urlTemplate":"https:\/\/www.purejewels.com\/?s={search_term_string}"},"query-input":{"@type":"PropertyValueSpecification","valueRequired":true,"valueName":"search_term_string"}}],"inLanguage":"tr"},{"@type":"Organization","@id":"https:\/\/www.purejewels.com\/#organization","name":"PureJewels \u0130ngiltere","url":"https:\/\/www.purejewels.com\/","logo":{"@type":"ImageObject","inLanguage":"tr","@id":"https:\/\/www.purejewels.com\/#\/schema\/logo\/image\/","url":"https:\/\/static.purejewels.com\/wp-content\/uploads\/2020\/11\/Logo-PJ-New-1.png","contentUrl":"https:\/\/static.purejewels.com\/wp-content\/uploads\/2020\/11\/Logo-PJ-New-1.png","width":150,"height":80,"caption":"PureJewels UK"},"image":{"@id":"https:\/\/www.purejewels.com\/#\/schema\/logo\/image\/"}}]}},"_links":{"self":[{"href":"https:\/\/www.purejewels.com\/tr\/wp-json\/wp\/v2\/product\/308766","targetHints":{"allow":["GET"]}}],"collection":[{"href":"https:\/\/www.purejewels.com\/tr\/wp-json\/wp\/v2\/product"}],"about":[{"href":"https:\/\/www.purejewels.com\/tr\/wp-json\/wp\/v2\/types\/product"}],"replies":[{"embeddable":true,"href":"https:\/\/www.purejewels.com\/tr\/wp-json\/wp\/v2\/comments?post=308766"}],"version-history":[{"count":3,"href":"https:\/\/www.purejewels.com\/tr\/wp-json\/wp\/v2\/product\/308766\/revisions"}],"predecessor-version":[{"id":422818,"href":"https:\/\/www.purejewels.com\/tr\/wp-json\/wp\/v2\/product\/308766\/revisions\/422818"}],"wp:featuredmedia":[{"embeddable":true,"href":"https:\/\/www.purejewels.com\/tr\/wp-json\/wp\/v2\/media\/309421"}],"wp:attachment":[{"href":"https:\/\/www.purejewels.com\/tr\/wp-json\/wp\/v2\/media?parent=308766"}],"wp:term":[{"taxonomy":"product_brand","embeddable":true,"href":"https:\/\/www.purejewels.com\/tr\/wp-json\/wp\/v2\/product_brand?post=308766"},{"taxonomy":"product_cat","embeddable":true,"href":"https:\/\/www.purejewels.com\/tr\/wp-json\/wp\/v2\/product_cat?post=308766"},{"taxonomy":"product_tag","embeddable":true,"href":"https:\/\/www.purejewels.com\/tr\/wp-json\/wp\/v2\/product_tag?post=308766"}],"curies":[{"name":"wp","href":"https:\/\/api.w.org\/{rel}","templated":true}]}}