{"id":308860,"date":"2019-02-08T09:55:23","date_gmt":"2019-02-08T09:55:23","guid":{"rendered":"https:\/\/www.purejewels.com\/?post_type=product&#038;p=308860"},"modified":"2026-01-06T06:58:38","modified_gmt":"2026-01-06T06:58:38","slug":"hint-altin-kupeleri-28775","status":"publish","type":"product","link":"https:\/\/www.purejewels.com\/tr\/product\/indian-gold-earrings-28775\/","title":{"rendered":"22 ayar alt\u0131n Roselle sallant\u0131l\u0131 k\u00fcpeler | Hint geleneksel tasar\u0131m\u0131"},"content":{"rendered":"<p>Zamans\u0131z zarafeti bunlarla kutlay\u0131n <strong data-start=\"592\" data-end=\"621\">22 Ayar Alt\u0131n Sallant\u0131l\u0131 K\u00fcpe<\/strong>, geleneksel Hint tasar\u0131m\u0131ndan esinlenerek tasarlanm\u0131\u015ft\u0131r. Narin \u00e7i\u00e7ek deseninde \u00f6zenle d\u00fczenlenmi\u015f \u0131\u015f\u0131lt\u0131l\u0131 ta\u015flarla s\u00fcslenmi\u015f her bir k\u00fcpe, her hareketle \u0131\u015f\u0131\u011f\u0131 yakalayan ortada as\u0131l\u0131 bir ta\u015fa sahiptir. Zarif damla silueti, d\u00fc\u011f\u00fcnler, bayramlar veya aile yadigar\u0131 hediyeler i\u00e7in ideal olan asil bir dokunu\u015f sunar. Gelenekleri g\u00f6z \u00f6n\u00fcnde bulundurarak el i\u015f\u00e7ili\u011fi ile \u00fcretilen bu par\u00e7a, zarafet, miras ve kutlamay\u0131 b\u00fcnyesinde bar\u0131nd\u0131r\u0131r.<\/p>","protected":false},"excerpt":{"rendered":"<ul>\n<li>22kt Sar\u0131 Alt\u0131ndan Hint Alt\u0131n K\u00fcpeler<\/li>\n<li>Polki Ta\u015fl\u0131 ve G\u00fcl Kaplamal\u0131 K\u00fcpe<\/li>\n<li>A\u011f\u0131rl\u0131k 8,8 gms<\/li>\n<li>SKU. 28775<\/li>\n<li>T\u00fcm \u00dcr\u00fcnlerimiz Londra Tahlil Ofisi Taraf\u0131ndan Damgalanm\u0131\u015ft\u0131r<\/li>\n<li>Sunum Kutusu ile Birlikte Gelir<\/li>\n<li>Teslimat Dahil<\/li>\n<li>T\u00fcm fiyatlara KDV dahildir<\/li>\n<li>Foresat gate, Londra, \u0130ngiltere'deki ma\u011fazam\u0131zda bulunan t\u00fcm yeni Asya Gelin alt\u0131n k\u00fcpe uk serisini g\u00f6rmek i\u00e7in bizimle sohbet edin<\/li>\n<\/ul>","protected":false},"featured_media":309146,"comment_status":"closed","ping_status":"closed","template":"","meta":{"_eb_attr":"","_crsspst_to_jayantr4sg-hostcom":false},"product_brand":[],"product_cat":[256,1685,1254],"product_tag":[],"class_list":{"0":"post-308860","1":"product","2":"type-product","3":"status-publish","4":"has-post-thumbnail","6":"product_cat-anusha-collections","7":"product_cat-drop-earrings","8":"product_cat-gold-earrings","10":"first","11":"outofstock","12":"taxable","13":"shipping-taxable","14":"product-type-simple","15":"add-to-wishlist-before_image"},"yoast_head":"<!-- This site is optimized with the Yoast SEO plugin v27.3 - https:\/\/yoast.com\/product\/yoast-seo-wordpress\/ -->\n<title>Indian Gold Earrings | 22ct Gold Jewellery by PureJewels London<\/title>\n<meta name=\"description\" content=\"Explore exquisite Indian gold earrings at PureJewels London. Crafted in 22ct gold, these timeless earrings celebrate Indian artistry.\" \/>\n<meta name=\"robots\" content=\"index, follow, max-snippet:-1, max-image-preview:large, max-video-preview:-1\" \/>\n<link rel=\"canonical\" href=\"https:\/\/www.purejewels.com\/tr\/urun\/hint-altin-kupeleri-28775\/\" \/>\n<meta property=\"og:locale\" content=\"tr_TR\" \/>\n<meta property=\"og:type\" content=\"article\" \/>\n<meta property=\"og:title\" content=\"Indian Gold Earrings | 22ct Gold Jewellery by PureJewels London\" \/>\n<meta property=\"og:description\" content=\"Explore exquisite Indian gold earrings at PureJewels London. Crafted in 22ct gold, these timeless earrings celebrate Indian artistry.\" \/>\n<meta property=\"og:url\" content=\"https:\/\/www.purejewels.com\/tr\/urun\/hint-altin-kupeleri-28775\/\" \/>\n<meta property=\"og:site_name\" content=\"PureJewels UK\" \/>\n<meta property=\"article:modified_time\" content=\"2026-01-06T06:58:38+00:00\" \/>\n<meta property=\"og:image\" content=\"https:\/\/www.purejewels.com\/wp-content\/uploads\/2019\/01\/28775.png\" \/>\n\t<meta property=\"og:image:width\" content=\"1000\" \/>\n\t<meta property=\"og:image:height\" content=\"1000\" \/>\n\t<meta property=\"og:image:type\" content=\"image\/png\" \/>\n<meta name=\"twitter:card\" content=\"summary_large_image\" \/>\n<meta name=\"twitter:label1\" content=\"Tahmini okuma s\u00fcresi\" \/>\n\t<meta name=\"twitter:data1\" content=\"1 dakika\" \/>\n<script type=\"application\/ld+json\" class=\"yoast-schema-graph\">{\"@context\":\"https:\\\/\\\/schema.org\",\"@graph\":[{\"@type\":[\"WebPage\",\"ItemPage\"],\"@id\":\"https:\\\/\\\/www.purejewels.com\\\/product\\\/indian-gold-earrings-28775\\\/\",\"url\":\"https:\\\/\\\/www.purejewels.com\\\/product\\\/indian-gold-earrings-28775\\\/\",\"name\":\"Indian Gold Earrings | 22ct Gold Jewellery by PureJewels London\",\"isPartOf\":{\"@id\":\"https:\\\/\\\/www.purejewels.com\\\/#website\"},\"primaryImageOfPage\":{\"@id\":\"https:\\\/\\\/www.purejewels.com\\\/product\\\/indian-gold-earrings-28775\\\/#primaryimage\"},\"image\":{\"@id\":\"https:\\\/\\\/www.purejewels.com\\\/product\\\/indian-gold-earrings-28775\\\/#primaryimage\"},\"thumbnailUrl\":\"https:\\\/\\\/static.purejewels.com\\\/wp-content\\\/uploads\\\/2019\\\/01\\\/28775.png\",\"datePublished\":\"2019-02-08T09:55:23+00:00\",\"dateModified\":\"2026-01-06T06:58:38+00:00\",\"description\":\"Explore exquisite Indian gold earrings at PureJewels London. Crafted in 22ct gold, these timeless earrings celebrate Indian artistry.\",\"breadcrumb\":{\"@id\":\"https:\\\/\\\/www.purejewels.com\\\/product\\\/indian-gold-earrings-28775\\\/#breadcrumb\"},\"inLanguage\":\"tr\",\"potentialAction\":[{\"@type\":\"ReadAction\",\"target\":[\"https:\\\/\\\/www.purejewels.com\\\/product\\\/indian-gold-earrings-28775\\\/\"]}]},{\"@type\":\"ImageObject\",\"inLanguage\":\"tr\",\"@id\":\"https:\\\/\\\/www.purejewels.com\\\/product\\\/indian-gold-earrings-28775\\\/#primaryimage\",\"url\":\"https:\\\/\\\/static.purejewels.com\\\/wp-content\\\/uploads\\\/2019\\\/01\\\/28775.png\",\"contentUrl\":\"https:\\\/\\\/static.purejewels.com\\\/wp-content\\\/uploads\\\/2019\\\/01\\\/28775.png\",\"width\":1000,\"height\":1000,\"caption\":\"28775\"},{\"@type\":\"BreadcrumbList\",\"@id\":\"https:\\\/\\\/www.purejewels.com\\\/product\\\/indian-gold-earrings-28775\\\/#breadcrumb\",\"itemListElement\":[{\"@type\":\"ListItem\",\"position\":1,\"name\":\"Home\",\"item\":\"https:\\\/\\\/www.purejewels.com\\\/\"},{\"@type\":\"ListItem\",\"position\":2,\"name\":\"Shop\",\"item\":\"https:\\\/\\\/www.purejewels.com\\\/shop\\\/\"},{\"@type\":\"ListItem\",\"position\":3,\"name\":\"22ct Gold Roselle Dangle Earrings | Indian Traditional Design\"}]},{\"@type\":\"WebSite\",\"@id\":\"https:\\\/\\\/www.purejewels.com\\\/#website\",\"url\":\"https:\\\/\\\/www.purejewels.com\\\/\",\"name\":\"PureJewels UK\",\"description\":\"Share the Love\",\"publisher\":{\"@id\":\"https:\\\/\\\/www.purejewels.com\\\/#organization\"},\"potentialAction\":[{\"@type\":\"SearchAction\",\"target\":{\"@type\":\"EntryPoint\",\"urlTemplate\":\"https:\\\/\\\/www.purejewels.com\\\/?s={search_term_string}\"},\"query-input\":{\"@type\":\"PropertyValueSpecification\",\"valueRequired\":true,\"valueName\":\"search_term_string\"}}],\"inLanguage\":\"tr\"},{\"@type\":\"Organization\",\"@id\":\"https:\\\/\\\/www.purejewels.com\\\/#organization\",\"name\":\"PureJewels UK\",\"url\":\"https:\\\/\\\/www.purejewels.com\\\/\",\"logo\":{\"@type\":\"ImageObject\",\"inLanguage\":\"tr\",\"@id\":\"https:\\\/\\\/www.purejewels.com\\\/#\\\/schema\\\/logo\\\/image\\\/\",\"url\":\"https:\\\/\\\/static.purejewels.com\\\/wp-content\\\/uploads\\\/2020\\\/11\\\/Logo-PJ-New-1.png\",\"contentUrl\":\"https:\\\/\\\/static.purejewels.com\\\/wp-content\\\/uploads\\\/2020\\\/11\\\/Logo-PJ-New-1.png\",\"width\":150,\"height\":80,\"caption\":\"PureJewels UK\"},\"image\":{\"@id\":\"https:\\\/\\\/www.purejewels.com\\\/#\\\/schema\\\/logo\\\/image\\\/\"}}]}<\/script>\n<!-- \/ Yoast SEO plugin. -->","yoast_head_json":{"title":"Hint Alt\u0131n K\u00fcpeleri | PureJewels London'dan 22 Ayar Alt\u0131n Tak\u0131lar","description":"PureJewels Londra'daki zarif Hint alt\u0131n k\u00fcpelerini ke\u015ffedin. 22 ayar alt\u0131ndan \u00fcretilen bu zamans\u0131z k\u00fcpeler Hint sanat\u0131n\u0131 kutluyor.","robots":{"index":"index","follow":"follow","max-snippet":"max-snippet:-1","max-image-preview":"max-image-preview:large","max-video-preview":"max-video-preview:-1"},"canonical":"https:\/\/www.purejewels.com\/tr\/urun\/hint-altin-kupeleri-28775\/","og_locale":"tr_TR","og_type":"article","og_title":"Indian Gold Earrings | 22ct Gold Jewellery by PureJewels London","og_description":"Explore exquisite Indian gold earrings at PureJewels London. Crafted in 22ct gold, these timeless earrings celebrate Indian artistry.","og_url":"https:\/\/www.purejewels.com\/tr\/urun\/hint-altin-kupeleri-28775\/","og_site_name":"PureJewels UK","article_modified_time":"2026-01-06T06:58:38+00:00","og_image":[{"width":1000,"height":1000,"url":"https:\/\/www.purejewels.com\/wp-content\/uploads\/2019\/01\/28775.png","type":"image\/png"}],"twitter_card":"summary_large_image","twitter_misc":{"Tahmini okuma s\u00fcresi":"1 dakika"},"schema":{"@context":"https:\/\/schema.org","@graph":[{"@type":["WebPage","ItemPage"],"@id":"https:\/\/www.purejewels.com\/product\/indian-gold-earrings-28775\/","url":"https:\/\/www.purejewels.com\/product\/indian-gold-earrings-28775\/","name":"Hint Alt\u0131n K\u00fcpeleri | PureJewels London'dan 22 Ayar Alt\u0131n Tak\u0131lar","isPartOf":{"@id":"https:\/\/www.purejewels.com\/#website"},"primaryImageOfPage":{"@id":"https:\/\/www.purejewels.com\/product\/indian-gold-earrings-28775\/#primaryimage"},"image":{"@id":"https:\/\/www.purejewels.com\/product\/indian-gold-earrings-28775\/#primaryimage"},"thumbnailUrl":"https:\/\/static.purejewels.com\/wp-content\/uploads\/2019\/01\/28775.png","datePublished":"2019-02-08T09:55:23+00:00","dateModified":"2026-01-06T06:58:38+00:00","description":"PureJewels Londra'daki zarif Hint alt\u0131n k\u00fcpelerini ke\u015ffedin. 22 ayar alt\u0131ndan \u00fcretilen bu zamans\u0131z k\u00fcpeler Hint sanat\u0131n\u0131 kutluyor.","breadcrumb":{"@id":"https:\/\/www.purejewels.com\/product\/indian-gold-earrings-28775\/#breadcrumb"},"inLanguage":"tr","potentialAction":[{"@type":"ReadAction","target":["https:\/\/www.purejewels.com\/product\/indian-gold-earrings-28775\/"]}]},{"@type":"ImageObject","inLanguage":"tr","@id":"https:\/\/www.purejewels.com\/product\/indian-gold-earrings-28775\/#primaryimage","url":"https:\/\/static.purejewels.com\/wp-content\/uploads\/2019\/01\/28775.png","contentUrl":"https:\/\/static.purejewels.com\/wp-content\/uploads\/2019\/01\/28775.png","width":1000,"height":1000,"caption":"28775"},{"@type":"BreadcrumbList","@id":"https:\/\/www.purejewels.com\/product\/indian-gold-earrings-28775\/#breadcrumb","itemListElement":[{"@type":"ListItem","position":1,"name":"Home","item":"https:\/\/www.purejewels.com\/"},{"@type":"ListItem","position":2,"name":"Shop","item":"https:\/\/www.purejewels.com\/shop\/"},{"@type":"ListItem","position":3,"name":"22ct Gold Roselle Dangle Earrings | Indian Traditional Design"}]},{"@type":"WebSite","@id":"https:\/\/www.purejewels.com\/#website","url":"https:\/\/www.purejewels.com\/","name":"PureJewels \u0130ngiltere","description":"Sevgiyi Payla\u015f\u0131n","publisher":{"@id":"https:\/\/www.purejewels.com\/#organization"},"potentialAction":[{"@type":"SearchAction","target":{"@type":"EntryPoint","urlTemplate":"https:\/\/www.purejewels.com\/?s={search_term_string}"},"query-input":{"@type":"PropertyValueSpecification","valueRequired":true,"valueName":"search_term_string"}}],"inLanguage":"tr"},{"@type":"Organization","@id":"https:\/\/www.purejewels.com\/#organization","name":"PureJewels \u0130ngiltere","url":"https:\/\/www.purejewels.com\/","logo":{"@type":"ImageObject","inLanguage":"tr","@id":"https:\/\/www.purejewels.com\/#\/schema\/logo\/image\/","url":"https:\/\/static.purejewels.com\/wp-content\/uploads\/2020\/11\/Logo-PJ-New-1.png","contentUrl":"https:\/\/static.purejewels.com\/wp-content\/uploads\/2020\/11\/Logo-PJ-New-1.png","width":150,"height":80,"caption":"PureJewels UK"},"image":{"@id":"https:\/\/www.purejewels.com\/#\/schema\/logo\/image\/"}}]}},"_links":{"self":[{"href":"https:\/\/www.purejewels.com\/tr\/wp-json\/wp\/v2\/product\/308860","targetHints":{"allow":["GET"]}}],"collection":[{"href":"https:\/\/www.purejewels.com\/tr\/wp-json\/wp\/v2\/product"}],"about":[{"href":"https:\/\/www.purejewels.com\/tr\/wp-json\/wp\/v2\/types\/product"}],"replies":[{"embeddable":true,"href":"https:\/\/www.purejewels.com\/tr\/wp-json\/wp\/v2\/comments?post=308860"}],"version-history":[{"count":3,"href":"https:\/\/www.purejewels.com\/tr\/wp-json\/wp\/v2\/product\/308860\/revisions"}],"predecessor-version":[{"id":421473,"href":"https:\/\/www.purejewels.com\/tr\/wp-json\/wp\/v2\/product\/308860\/revisions\/421473"}],"wp:featuredmedia":[{"embeddable":true,"href":"https:\/\/www.purejewels.com\/tr\/wp-json\/wp\/v2\/media\/309146"}],"wp:attachment":[{"href":"https:\/\/www.purejewels.com\/tr\/wp-json\/wp\/v2\/media?parent=308860"}],"wp:term":[{"taxonomy":"product_brand","embeddable":true,"href":"https:\/\/www.purejewels.com\/tr\/wp-json\/wp\/v2\/product_brand?post=308860"},{"taxonomy":"product_cat","embeddable":true,"href":"https:\/\/www.purejewels.com\/tr\/wp-json\/wp\/v2\/product_cat?post=308860"},{"taxonomy":"product_tag","embeddable":true,"href":"https:\/\/www.purejewels.com\/tr\/wp-json\/wp\/v2\/product_tag?post=308860"}],"curies":[{"name":"wp","href":"https:\/\/api.w.org\/{rel}","templated":true}]}}